{"id":428,"date":"2014-10-24T16:03:14","date_gmt":"2014-10-24T16:03:14","guid":{"rendered":"https:\/\/departamento.us.es\/filologiaclasica\/?page_id=428"},"modified":"2023-06-04T17:53:18","modified_gmt":"2023-06-04T17:53:18","slug":"revista-habis","status":"publish","type":"page","link":"https:\/\/departamento.us.es\/filologiaclasica\/?page_id=428","title":{"rendered":"Revista Habis"},"content":{"rendered":"<h4 style=\"text-align: center;\"><\/h4>\n<p style=\"text-align: justify;\"><strong>Habis<\/strong> es una revista cient\u00edfica que publica trabajos originales de investigaci\u00f3n relacionados con el mundo antiguo en general y grecolatino en particular en sus aspectos hist\u00f3ricos, textuales, ling\u00fc\u00edsticos, literarios, filos\u00f3ficos y arqueol\u00f3gicos; incluye una secci\u00f3n de rese\u00f1as de libros. Su periodicidad es anual, y su copyright corresponde a la Universidad de Sevilla (Secretariado de Publicaciones).<\/p>\n<p style=\"text-align: justify;\">Desde sus or\u00edgenes fue concebida como una revista al servicio de las Ciencias de la Antig\u00fcedad, vocaci\u00f3n que justifica que hoy se trate de una publicaci\u00f3n adscrita a tres departamentos: Historia Antigua, Prehistoria y Arqueolog\u00eda y Filolog\u00eda Griega y Latina. Durante d\u00e9cadas ha sido el veh\u00edculo de difusi\u00f3n de las investigaciones y proyectos realizados desde la Universidad de Sevilla en torno al estudio de la Antig\u00fcedad Cl\u00e1sica, a la que se han sumado los trabajos de numerosos investigadores espa\u00f1oles y extranjeros ajenos a la Instituci\u00f3n; todo ello ha propiciando que se encuentre entre las publicaciones mejor valoradas en nuestro pa\u00eds en este \u00e1mbito de estudio.<\/p>\n<p style=\"text-align: justify;\">La revista est\u00e1 presente en las siguientes bases de datos y repertorios: L\u2019Ann\u00e9e Philologique (APH); Periodical Index Online (PIO), Instituto de Informaci\u00f3n en Ciencias Sociales y Humanidades (ISOC); Internationale Bibliographie der Geistes-und Sozialwissenschaftlichen Zeitschriftenliteratur (IBZ); Regesta Imperii; International Serials Data System (ISSN); Dyabola; Biblioteca Classica Selecta (TOCS-IN); Dialnet; Cat\u00e1logo Latindex.<\/p>\n<ul>\n<li><a href=\"http:\/\/institucional.us.es\/habis\/\" target=\"_blank\" rel=\"noopener\">Enlace a la web oficial de la revista Habis<\/a><\/li>\n<\/ul>\n","protected":false},"excerpt":{"rendered":"<p>Habis es una revista cient\u00edfica que publica trabajos originales de investigaci\u00f3n relacionados con el mundo antiguo en general y grecolatino en particular en sus aspectos hist\u00f3ricos, textuales, ling\u00fc\u00edsticos, literarios, filos\u00f3ficos y arqueol\u00f3gicos; incluye una secci\u00f3n de rese\u00f1as de libros. Su<\/p>\n","protected":false},"author":1,"featured_media":936,"parent":0,"menu_order":0,"comment_status":"closed","ping_status":"closed","template":"","meta":[],"_links":{"self":[{"href":"https:\/\/departamento.us.es\/filologiaclasica\/index.php?rest_route=\/wp\/v2\/pages\/428"}],"collection":[{"href":"https:\/\/departamento.us.es\/filologiaclasica\/index.php?rest_route=\/wp\/v2\/pages"}],"about":[{"href":"https:\/\/departamento.us.es\/filologiaclasica\/index.php?rest_route=\/wp\/v2\/types\/page"}],"author":[{"embeddable":true,"href":"https:\/\/departamento.us.es\/filologiaclasica\/index.php?rest_route=\/wp\/v2\/users\/1"}],"replies":[{"embeddable":true,"href":"https:\/\/departamento.us.es\/filologiaclasica\/index.php?rest_route=%2Fwp%2Fv2%2Fcomments&post=428"}],"version-history":[{"count":2,"href":"https:\/\/departamento.us.es\/filologiaclasica\/index.php?rest_route=\/wp\/v2\/pages\/428\/revisions"}],"predecessor-version":[{"id":945,"href":"https:\/\/departamento.us.es\/filologiaclasica\/index.php?rest_route=\/wp\/v2\/pages\/428\/revisions\/945"}],"wp:featuredmedia":[{"embeddable":true,"href":"https:\/\/departamento.us.es\/filologiaclasica\/index.php?rest_route=\/wp\/v2\/media\/936"}],"wp:attachment":[{"href":"https:\/\/departamento.us.es\/filologiaclasica\/index.php?rest_route=%2Fwp%2Fv2%2Fmedia&parent=428"}],"curies":[{"name":"wp","href":"https:\/\/api.w.org\/{rel}","templated":true}]}}