{"id":681,"date":"2015-05-25T08:56:07","date_gmt":"2015-05-25T08:56:07","guid":{"rendered":"https:\/\/departamento.us.es\/filologiaclasica\/?page_id=681"},"modified":"2015-05-25T08:57:10","modified_gmt":"2015-05-25T08:57:10","slug":"verificacion-del-titulo-2015","status":"publish","type":"page","link":"https:\/\/departamento.us.es\/filologiaclasica\/?page_id=681","title":{"rendered":"Verificaci\u00f3n del T\u00edtulo 2015"},"content":{"rendered":"<p style=\"text-align: justify;\">La\u00a0Agencia Andaluza del Conocimiento ha procedido a verificar los t\u00edtulos universitarios vigentes una vez transcurridos seis a\u00f1os de su implantaci\u00f3n y la Facultad recibe a la comisi\u00f3n encargada de ello. Se adjunta calendario de actuaciones.<\/p>\n<p style=\"text-align: justify;\"><a href=\"https:\/\/departamento.us.es\/filologiaclasica\/wp-content\/uploads\/2015\/05\/NUEVO-PROGR.-VISIT.-2728y29-05-15-Comis.-Arte-y-Human-Filolog\u00eda-Modif.pdf\">PROGRAMA VISITA EXTERNA -RENOVACI\u00d3N DE LA ACREDITACI\u00d3N<\/a><\/p>\n","protected":false},"excerpt":{"rendered":"<p>La\u00a0Agencia Andaluza del Conocimiento ha procedido a verificar los t\u00edtulos universitarios vigentes una vez transcurridos seis a\u00f1os de su implantaci\u00f3n y la Facultad recibe a la comisi\u00f3n encargada de ello. Se adjunta calendario de actuaciones. PROGRAMA VISITA EXTERNA -RENOVACI\u00d3N DE<\/p>\n","protected":false},"author":1,"featured_media":0,"parent":28,"menu_order":0,"comment_status":"closed","ping_status":"closed","template":"","meta":[],"_links":{"self":[{"href":"https:\/\/departamento.us.es\/filologiaclasica\/index.php?rest_route=\/wp\/v2\/pages\/681"}],"collection":[{"href":"https:\/\/departamento.us.es\/filologiaclasica\/index.php?rest_route=\/wp\/v2\/pages"}],"about":[{"href":"https:\/\/departamento.us.es\/filologiaclasica\/index.php?rest_route=\/wp\/v2\/types\/page"}],"author":[{"embeddable":true,"href":"https:\/\/departamento.us.es\/filologiaclasica\/index.php?rest_route=\/wp\/v2\/users\/1"}],"replies":[{"embeddable":true,"href":"https:\/\/departamento.us.es\/filologiaclasica\/index.php?rest_route=%2Fwp%2Fv2%2Fcomments&post=681"}],"version-history":[{"count":0,"href":"https:\/\/departamento.us.es\/filologiaclasica\/index.php?rest_route=\/wp\/v2\/pages\/681\/revisions"}],"up":[{"embeddable":true,"href":"https:\/\/departamento.us.es\/filologiaclasica\/index.php?rest_route=\/wp\/v2\/pages\/28"}],"wp:attachment":[{"href":"https:\/\/departamento.us.es\/filologiaclasica\/index.php?rest_route=%2Fwp%2Fv2%2Fmedia&parent=681"}],"curies":[{"name":"wp","href":"https:\/\/api.w.org\/{rel}","templated":true}]}}