{"id":94,"date":"2014-04-02T08:53:08","date_gmt":"2014-04-02T08:53:08","guid":{"rendered":"https:\/\/departamento.us.es\/filologiaclasica\/?page_id=94"},"modified":"2024-09-05T17:05:06","modified_gmt":"2024-09-05T17:05:06","slug":"horariosexamenes","status":"publish","type":"page","link":"https:\/\/departamento.us.es\/filologiaclasica\/?page_id=94","title":{"rendered":"Horarios Clase \/ Ex\u00e1menes"},"content":{"rendered":"<h3 style=\"text-align: center;\">Grado en Filolog\u00eda Cl\u00e1sica 2024-2025<\/h3>\n<ul>\n<li><a href=\"https:\/\/filologia.us.es\/wp-content\/uploads\/horarios-clase\/CLASICA.htm\"><span style=\"color: #008080;\"><strong><span style=\"color: #008080;\">HORARIOS DE CLASE<\/span><\/strong><\/span><\/a><\/li>\n<li><a href=\"https:\/\/filologia.us.es\/calendario-de-examenes\/#gsc.tab=0\"><span style=\"color: #008080;\"><strong><span style=\"color: #008080;\">CALENDARIO DE EX\u00c1MENES<\/span><\/strong><\/span><\/a><\/li>\n<\/ul>\n<hr \/>\n<h3 style=\"text-align: center;\">\u00a0Doble Grado en Filolog\u00eda Cl\u00e1sica e Hisp\u00e1nica 2024-2025<\/h3>\n<ul>\n<li><span style=\"color: #008080;\"><strong><span style=\"color: #008080;\">HORARIOS DE CLASE<\/span><\/strong><\/span><\/li>\n<li><span style=\"color: #008080;\"><strong><a style=\"color: #008080;\" href=\"https:\/\/filologia.us.es\/calendario-de-examenes\/#gsc.tab=0\">CALENDARIO DE EX\u00c1MENES<\/a><\/strong><\/span><\/li>\n<\/ul>\n","protected":false},"excerpt":{"rendered":"<p>Grado en Filolog\u00eda Cl\u00e1sica 2024-2025 HORARIOS DE CLASE CALENDARIO DE EX\u00c1MENES \u00a0Doble Grado en Filolog\u00eda Cl\u00e1sica e Hisp\u00e1nica 2024-2025 HORARIOS DE CLASE CALENDARIO DE EX\u00c1MENES<\/p>\n","protected":false},"author":1,"featured_media":0,"parent":42,"menu_order":0,"comment_status":"closed","ping_status":"closed","template":"","meta":[],"_links":{"self":[{"href":"https:\/\/departamento.us.es\/filologiaclasica\/index.php?rest_route=\/wp\/v2\/pages\/94"}],"collection":[{"href":"https:\/\/departamento.us.es\/filologiaclasica\/index.php?rest_route=\/wp\/v2\/pages"}],"about":[{"href":"https:\/\/departamento.us.es\/filologiaclasica\/index.php?rest_route=\/wp\/v2\/types\/page"}],"author":[{"embeddable":true,"href":"https:\/\/departamento.us.es\/filologiaclasica\/index.php?rest_route=\/wp\/v2\/users\/1"}],"replies":[{"embeddable":true,"href":"https:\/\/departamento.us.es\/filologiaclasica\/index.php?rest_route=%2Fwp%2Fv2%2Fcomments&post=94"}],"version-history":[{"count":5,"href":"https:\/\/departamento.us.es\/filologiaclasica\/index.php?rest_route=\/wp\/v2\/pages\/94\/revisions"}],"predecessor-version":[{"id":990,"href":"https:\/\/departamento.us.es\/filologiaclasica\/index.php?rest_route=\/wp\/v2\/pages\/94\/revisions\/990"}],"up":[{"embeddable":true,"href":"https:\/\/departamento.us.es\/filologiaclasica\/index.php?rest_route=\/wp\/v2\/pages\/42"}],"wp:attachment":[{"href":"https:\/\/departamento.us.es\/filologiaclasica\/index.php?rest_route=%2Fwp%2Fv2%2Fmedia&parent=94"}],"curies":[{"name":"wp","href":"https:\/\/api.w.org\/{rel}","templated":true}]}}