{"id":544,"date":"2025-05-15T12:56:41","date_gmt":"2025-05-15T10:56:41","guid":{"rendered":"https:\/\/departamento.us.es\/fimebiof\/?page_id=544"},"modified":"2026-02-05T09:11:47","modified_gmt":"2026-02-05T08:11:47","slug":"personal","status":"publish","type":"page","link":"https:\/\/departamento.us.es\/fimebiof\/personal\/","title":{"rendered":"Personal"},"content":{"rendered":"\t\t<div data-elementor-type=\"wp-page\" data-elementor-id=\"544\" class=\"elementor elementor-544\" data-elementor-post-type=\"page\">\n\t\t\t\t<div class=\"elementor-element elementor-element-6843d492 e-flex e-con-boxed e-con e-parent\" data-id=\"6843d492\" data-element_type=\"container\">\n\t\t\t\t\t<div class=\"e-con-inner\">\n\t\t\t\t<div class=\"elementor-element elementor-element-58a45863 elementor-widget elementor-widget-heading\" data-id=\"58a45863\" data-element_type=\"widget\" data-widget_type=\"heading.default\">\n\t\t\t\t<div class=\"elementor-widget-container\">\n\t\t\t\t\t<h3 class=\"elementor-heading-title elementor-size-default\">CATEDR\u00c1TICO\/A<\/h3>\t\t\t\t<\/div>\n\t\t\t\t<\/div>\n\t\t\t\t<div class=\"elementor-element elementor-element-ce36f50 elementor-widget elementor-widget-text-editor\" data-id=\"ce36f50\" data-element_type=\"widget\" data-widget_type=\"text-editor.default\">\n\t\t\t\t<div class=\"elementor-widget-container\">\n\t\t\t\t\t\t\t\t\t<p><a href=\"https:\/\/www.us.es\/trabaja-en-la-us\/directorio\/guillermo-alvarez-de-toledo-naranjo\" target=\"_blank\" rel=\"noopener\">Prof. Guillermo \u00c1lvarez de Toledo Naranjo<\/a><\/p><p><a href=\"https:\/\/www.us.es\/trabaja-en-la-us\/directorio\/antonio-gonzalo-castellano-orozco\" target=\"_blank\" rel=\"noopener\">Prof. Antonio G. Castellano Orozco<\/a> (Director Depto.)<\/p><p><a href=\"https:\/\/www.us.es\/trabaja-en-la-us\/directorio\/miriam-echevarria-irusta\" target=\"_blank\" rel=\"noopener\">Profa. Miriam Echevarr\u00eda Irusta<\/a><\/p><p><a href=\"https:\/\/www.us.es\/trabaja-en-la-us\/directorio\/rafael-fernandez-chacon\" target=\"_blank\" rel=\"noopener\">Prof. Rafael Fern\u00e1ndez Chac\u00f3n<\/a><br \/><a href=\"https:\/\/www.us.es\/trabaja-en-la-us\/directorio\/antonio-leal-plaza\" target=\"_blank\" rel=\"noopener\">Prof. Antonio Leal Plaza<\/a>\u00a0<br \/><a href=\"https:\/\/www.us.es\/trabaja-en-la-us\/directorio\/gracia-patricia-ortega-saenz\" target=\"_blank\" rel=\"noopener\">Profa. Gracia Patricia Ortega S\u00e1enz<\/a><br \/><a href=\"https:\/\/www.us.es\/trabaja-en-la-us\/directorio\/ricardo-pardal-redondo\" target=\"_blank\" rel=\"noopener\">Prof. Ricardo Pardal Redondo<\/a><br \/><a href=\"https:\/\/www.us.es\/trabaja-en-la-us\/directorio\/francisco-sanchez-doblado\" target=\"_blank\" rel=\"noopener\">Prof. Francisco S\u00e1nchez Doblado<\/a>\u00a0 (Em\u00e9rito)<br \/><a href=\"https:\/\/www.us.es\/trabaja-en-la-us\/directorio\/tarik-smani-hajami\" target=\"_blank\" rel=\"noopener\">Prof. Tarik Smani Hajami<\/a><br \/><a href=\"https:\/\/www.us.es\/trabaja-en-la-us\/directorio\/lucia-tabares-dominguez\" target=\"_blank\" rel=\"noopener\">Profa. Luc\u00eda Tabares Dom\u00ednguez<\/a><br \/><a href=\"https:\/\/www.us.es\/trabaja-en-la-us\/directorio\/juan-jose-toledo-aral\" target=\"_blank\" rel=\"noopener\">Prof. Juan Jos\u00e9 Toledo Aral<\/a><\/p>\t\t\t\t\t\t\t\t<\/div>\n\t\t\t\t<\/div>\n\t\t\t\t<div class=\"elementor-element elementor-element-4e11370 elementor-widget elementor-widget-heading\" data-id=\"4e11370\" data-element_type=\"widget\" data-widget_type=\"heading.default\">\n\t\t\t\t<div class=\"elementor-widget-container\">\n\t\t\t\t\t<h3 class=\"elementor-heading-title elementor-size-default\">PROFESOR\/A TITULAR<\/h3>\t\t\t\t<\/div>\n\t\t\t\t<\/div>\n\t\t\t\t<div class=\"elementor-element elementor-element-bf484e5 elementor-widget elementor-widget-text-editor\" data-id=\"bf484e5\" data-element_type=\"widget\" data-widget_type=\"text-editor.default\">\n\t\t\t\t<div class=\"elementor-widget-container\">\n\t\t\t\t\t\t\t\t\t<p><a href=\"https:\/\/www.us.es\/trabaja-en-la-us\/directorio\/eva-ales-gonzalez-de-la-higuera\" target=\"_blank\" rel=\"noopener\">Profa. Eva Al\u00e9s Gonz\u00e1lez de la Higuera<\/a><\/p><p><a href=\"https:\/\/www.us.es\/trabaja-en-la-us\/directorio\/fernando-calvo-baltanas\" target=\"_blank\" rel=\"noopener\">Dr. Fernando Calvo Baltan\u00e1s<\/a><br \/><a href=\"https:\/\/www.us.es\/trabaja-en-la-us\/directorio\/raquel-del-toro-estevez\" target=\"_blank\" rel=\"noopener\">Profa. Raquel del Toro Est\u00e9vez<\/a><br \/><a href=\"https:\/\/www.us.es\/trabaja-en-la-us\/directorio\/xavier-danglemont-de-tassigny-0\" target=\"_blank\" rel=\"noopener\">Prof. Xavier D\u2019Anglemont de Tassigny<\/a><br \/><a href=\"https:\/\/www.us.es\/trabaja-en-la-us\/directorio\/lin-gao-chen\" target=\"_blank\" rel=\"noopener\">Profa. Lin Gao Chen<\/a><br \/><a href=\"https:\/\/www.us.es\/trabaja-en-la-us\/directorio\/francisco-manuel-gomez-scholl\" target=\"_blank\" rel=\"noopener\">Prof. Francisco Manuel G\u00f3mez Scholl<\/a><\/p><p><a href=\"https:\/\/www.us.es\/trabaja-en-la-us\/directorio\/patricia-gonzalez-rodriguez\">Profa. Patricia Gonz\u00e1lez Rodr\u00edguez<\/a><br \/><a href=\"https:\/\/www.us.es\/trabaja-en-la-us\/directorio\/david-macias-gutierrez\" target=\"_blank\" rel=\"noopener\">Prof. David Mac\u00edas Guti\u00e9rrez<\/a><br \/><a href=\"https:\/\/www.us.es\/trabaja-en-la-us\/directorio\/maria-luz-montesinos-gutierrez\" target=\"_blank\" rel=\"noopener\">Profa. Mar\u00eda de la Luz Montesinos Guti\u00e9rrez<\/a><\/p><p><a href=\"https:\/\/www.us.es\/trabaja-en-la-us\/directorio\/alejandro-moreno-dominguez\">Prof. Alejandro Moreno Dom\u00ednguez<\/a><br \/><a href=\"https:\/\/www.us.es\/trabaja-en-la-us\/directorio\/jordi-muntane-relat\" target=\"_blank\" rel=\"noopener\">Prof. Jordi Muntan\u00e9 Relat<\/a><br \/><a href=\"https:\/\/www.us.es\/trabaja-en-la-us\/directorio\/jose-luis-nieto-gonzalez\">Prof. Jos\u00e9 Luis Nieto Gonz\u00e1lez<\/a><\/p><p><a href=\"https:\/\/www.us.es\/trabaja-en-la-us\/directorio\/maria-reposo-ramirez-lorca\" target=\"_blank\" rel=\"noopener\">Profa. Mar\u00eda del Reposo Ram\u00edrez Lorca<\/a><\/p><p><a href=\"https:\/\/www.us.es\/trabaja-en-la-us\/directorio\/rafael-romero-garcia\">Prof. Rafael Romero Garc\u00eda<\/a><br \/><a href=\"https:\/\/www.us.es\/trabaja-en-la-us\/directorio\/francisco-javier-villadiego-luque\" target=\"_blank\" rel=\"noopener\">Prof. Francisco Javier Villadiego Luque<\/a><\/p>\t\t\t\t\t\t\t\t<\/div>\n\t\t\t\t<\/div>\n\t\t\t\t<div class=\"elementor-element elementor-element-459c259 elementor-widget elementor-widget-heading\" data-id=\"459c259\" data-element_type=\"widget\" data-widget_type=\"heading.default\">\n\t\t\t\t<div class=\"elementor-widget-container\">\n\t\t\t\t\t<h3 class=\"elementor-heading-title elementor-size-default\">PROFESOR\/A CONTRATADO\/A DOCTOR\/A Y PROFESOR\/A PERMANENTE LABORAL<\/h3>\t\t\t\t<\/div>\n\t\t\t\t<\/div>\n\t\t\t\t<div class=\"elementor-element elementor-element-5af152d elementor-widget elementor-widget-text-editor\" data-id=\"5af152d\" data-element_type=\"widget\" data-widget_type=\"text-editor.default\">\n\t\t\t\t<div class=\"elementor-widget-container\">\n\t\t\t\t\t\t\t\t\t<p><a href=\"https:\/\/www.us.es\/trabaja-en-la-us\/directorio\/diana-aguilar-morante\" target=\"_blank\" rel=\"noopener\">Dra. Diana Aguilar Morante<\/a><br \/><a href=\"https:\/\/www.us.es\/trabaja-en-la-us\/directorio\/pablo-garcia-junco-clemente\" target=\"_blank\" rel=\"noopener\">Dr. Pablo Luis Garc\u00eda-Junco Clemente<\/a><br \/><a href=\"https:\/\/www.us.es\/trabaja-en-la-us\/directorio\/rafael-jesus-montoro-laseca-0\" target=\"_blank\" rel=\"noopener\">Dr. Rafael J. Montoro Laseca<\/a><br \/><a href=\"https:\/\/www.us.es\/trabaja-en-la-us\/directorio\/ana-maria-munoz-cabello\" target=\"_blank\" rel=\"noopener\">Dra. Ana Mar\u00eda Mu\u00f1oz Cabello<\/a><br \/><a href=\"https:\/\/www.us.es\/trabaja-en-la-us\/directorio\/aida-platero-luengo\" target=\"_blank\" rel=\"noopener\">Dra. Aida Platero Luengo<\/a><br \/><a href=\"https:\/\/www.us.es\/trabaja-en-la-us\/directorio\/alfonso-rodriguez-gil\" target=\"_blank\" rel=\"noopener\">Dr. Alfonso Rodr\u00edguez Gil<\/a><br \/><a href=\"https:\/\/www.us.es\/trabaja-en-la-us\/directorio\/ana-maria-ureba-sanchez\" target=\"_blank\" rel=\"noopener\">Dra. Ana Mar\u00eda Ureba S\u00e1nchez<\/a><\/p>\t\t\t\t\t\t\t\t<\/div>\n\t\t\t\t<\/div>\n\t\t\t\t<div class=\"elementor-element elementor-element-3bd34f8 elementor-widget elementor-widget-heading\" data-id=\"3bd34f8\" data-element_type=\"widget\" data-widget_type=\"heading.default\">\n\t\t\t\t<div class=\"elementor-widget-container\">\n\t\t\t\t\t<h3 class=\"elementor-heading-title elementor-size-default\">PROFESOR\/A AYUDANTE DOCTOR\/A<\/h3>\t\t\t\t<\/div>\n\t\t\t\t<\/div>\n\t\t\t\t<div class=\"elementor-element elementor-element-c8b4654 elementor-widget elementor-widget-text-editor\" data-id=\"c8b4654\" data-element_type=\"widget\" data-widget_type=\"text-editor.default\">\n\t\t\t\t<div class=\"elementor-widget-container\">\n\t\t\t\t\t\t\t\t\t<p><a href=\"https:\/\/www.us.es\/trabaja-en-la-us\/directorio\/olalla-colinas-miranda\" target=\"_blank\" rel=\"noopener\">Dra. Olalla Colinas Miranda<\/a><\/p>\t\t\t\t\t\t\t\t<\/div>\n\t\t\t\t<\/div>\n\t\t\t\t<div class=\"elementor-element elementor-element-aa8226d elementor-widget elementor-widget-heading\" data-id=\"aa8226d\" data-element_type=\"widget\" data-widget_type=\"heading.default\">\n\t\t\t\t<div class=\"elementor-widget-container\">\n\t\t\t\t\t<h3 class=\"elementor-heading-title elementor-size-default\">OTROS\/AS INVESTIGADORES\/AS DOCTORES\/AS<\/h3>\t\t\t\t<\/div>\n\t\t\t\t<\/div>\n\t\t\t\t<div class=\"elementor-element elementor-element-69a2d71 elementor-widget elementor-widget-heading\" data-id=\"69a2d71\" data-element_type=\"widget\" data-widget_type=\"heading.default\">\n\t\t\t\t<div class=\"elementor-widget-container\">\n\t\t\t\t\t<h3 class=\"elementor-heading-title elementor-size-default\">OTROS\/AS INVESTIGADORES\/AS NO DOCTORES\/AS<\/h3>\t\t\t\t<\/div>\n\t\t\t\t<\/div>\n\t\t\t\t<div class=\"elementor-element elementor-element-529ab27 elementor-widget elementor-widget-text-editor\" data-id=\"529ab27\" data-element_type=\"widget\" data-widget_type=\"text-editor.default\">\n\t\t\t\t<div class=\"elementor-widget-container\">\n\t\t\t\t\t\t\t\t\t<p>Dr. Yuniesky Andrade Talavera<\/p><p>Dr. Saravanan Arumugam<\/p><p>Dra. Nozha Borjini<br \/>Dr. Jos\u00e9 Mar\u00eda Cabeza Fern\u00e1ndez<br \/>Dra. Eva Mar\u00eda Calder\u00f3n S\u00e1nchez<br \/>Dra. Celia Cordero S\u00e1nchez<br \/>Dra. Isabel Espadas Villanueva<br \/>Dra. D\u00e9bora Falc\u00f3n Boyano<br \/>Dra. Claudia Garc\u00eda Rodr\u00edguez<br \/>Dra. Chloe G\u00f3mez<\/p><p>Dr. Mario L\u00f3pez Manzaneda<br \/>Dr. Sim\u00f3n M\u00e9ndez Ferrer<br \/>Dra. Rosario Yerbes Cadenas<\/p>\t\t\t\t\t\t\t\t<\/div>\n\t\t\t\t<\/div>\n\t\t\t\t<div class=\"elementor-element elementor-element-035339e elementor-widget elementor-widget-text-editor\" data-id=\"035339e\" data-element_type=\"widget\" data-widget_type=\"text-editor.default\">\n\t\t\t\t<div class=\"elementor-widget-container\">\n\t\t\t\t\t\t\t\t\t<p>D\u00f1a. Mar\u00eda Jes\u00fas Acosta Silva<br \/>D. Claudio Alem\u00e1n Morillo<br \/>D\u00f1a. Candela Arribas Parejas<br \/>D. Carlos Aspr\u00f3n Mart\u00edn<br \/>D. Ibrahim Benzoura Benzoura<br \/>D\u00f1a. Carmen Conde Naranjo<br \/>D\u00f1a. Beltzane Dom\u00ednguez Liste<br \/>D\u00f1a. Andrea Fuentes Moliz<br \/>D\u00f1a. Esther Garc\u00eda Benitez<br \/>D\u00f1a. Gloria Paula Garc\u00eda Flores<br \/>D\u00f1a. Natalia Garc\u00eda San Mart\u00edn<br \/>D. Pablo Gonz\u00e1lez Carrasco<br \/>D\u00f1a. Marta de Jes\u00fas Guti\u00e9rrez Barranco<br \/>D. Alejandro Jim\u00e9nez Medina<br \/>D. Emilio Mart\u00ednez M\u00e1rquez<br \/>D. Agatino Giuliano Mirabella Galv\u00edn<br \/>D\u00f1a. Laura Mor\u00f3n M\u00e1rquez<br \/>D\u00f1a. \u00c1ngela Moya Morales<br \/>D\u00f1a. Carmen Ortiz Salguero<br \/>D\u00f1a. Innas Ouled Chaara<br \/>D\u00f1a. Carmen Paradela Leal<br \/>D\u00f1a. Alessia Pasquini<br \/>D\u00f1a. Patricia Pombo Segura<br \/>D. Santiago Reyes Le\u00f3n<br \/>D. Eduardo Rodr\u00edguez Almagro<br \/>D. Pablo Rodr\u00edguez Cumbreras<br \/>D\u00f1a. Alicia S\u00e1nchez Roncero<br \/>D\u00f1a. Mar\u00eda Torres L\u00f3pez<\/p>\t\t\t\t\t\t\t\t<\/div>\n\t\t\t\t<\/div>\n\t\t\t\t<div class=\"elementor-element elementor-element-a292696 elementor-widget elementor-widget-heading\" data-id=\"a292696\" data-element_type=\"widget\" data-widget_type=\"heading.default\">\n\t\t\t\t<div class=\"elementor-widget-container\">\n\t\t\t\t\t<h3 class=\"elementor-heading-title elementor-size-default\">ALUMNOS\/AS<\/h3>\t\t\t\t<\/div>\n\t\t\t\t<\/div>\n\t\t\t\t<div class=\"elementor-element elementor-element-e93b16b elementor-widget elementor-widget-text-editor\" data-id=\"e93b16b\" data-element_type=\"widget\" data-widget_type=\"text-editor.default\">\n\t\t\t\t<div class=\"elementor-widget-container\">\n\t\t\t\t\t\t\t\t\t<p>D\u00f1a. Valeria Mel\u00e9ndez Navas<\/p>\t\t\t\t\t\t\t\t<\/div>\n\t\t\t\t<\/div>\n\t\t\t\t<div class=\"elementor-element elementor-element-19febc6 elementor-widget elementor-widget-heading\" data-id=\"19febc6\" data-element_type=\"widget\" data-widget_type=\"heading.default\">\n\t\t\t\t<div class=\"elementor-widget-container\">\n\t\t\t\t\t<h3 class=\"elementor-heading-title elementor-size-default\">PERSONAL DE ADMINISTRACI\u00d3N Y SERVICIOS<\/h3>\t\t\t\t<\/div>\n\t\t\t\t<\/div>\n\t\t\t\t<div class=\"elementor-element elementor-element-10f39ad elementor-widget elementor-widget-text-editor\" data-id=\"10f39ad\" data-element_type=\"widget\" data-widget_type=\"text-editor.default\">\n\t\t\t\t<div class=\"elementor-widget-container\">\n\t\t\t\t\t\t\t\t\t<p>D. Francisco Manuel Fern\u00e1ndez Matute (T\u00e9cnico Especialista de Laboratorio)<br \/>D. Fernando L\u00f3pez Carrasco (Auxiliar Administrativo)<br \/>D. J. Carlos N\u00fa\u00f1ez Dom\u00ednguez (Gestor de Departamento) (Secretario Departamento)<br \/>D. Ismael Rodr\u00edguez Prieto (T\u00e9cnico Especialista de Laboratorio)<\/p>\t\t\t\t\t\t\t\t<\/div>\n\t\t\t\t<\/div>\n\t\t\t\t\t<\/div>\n\t\t\t\t<\/div>\n\t\t<div class=\"elementor-element elementor-element-7dbe0710 e-flex e-con-boxed e-con e-parent\" data-id=\"7dbe0710\" data-element_type=\"container\">\n\t\t\t\t\t<div class=\"e-con-inner\">\n\t\t<div class=\"elementor-element elementor-element-4c068c9 e-con-full e-flex e-con e-child\" data-id=\"4c068c9\" data-element_type=\"container\" data-settings=\"{&quot;background_background&quot;:&quot;classic&quot;}\">\n\t\t\t\t<div class=\"elementor-element elementor-element-45ddef18 elementor-widget elementor-widget-heading\" data-id=\"45ddef18\" data-element_type=\"widget\" data-widget_type=\"heading.default\">\n\t\t\t\t<div class=\"elementor-widget-container\">\n\t\t\t\t\t<h3 class=\"elementor-heading-title elementor-size-default\">Informaci\u00f3n<\/h3>\t\t\t\t<\/div>\n\t\t\t\t<\/div>\n\t\t\t\t<div class=\"elementor-element elementor-element-3011077d elementor-widget elementor-widget-text-editor\" data-id=\"3011077d\" data-element_type=\"widget\" data-widget_type=\"text-editor.default\">\n\t\t\t\t<div class=\"elementor-widget-container\">\n\t\t\t\t\t\t\t\t\t<div class=\"textospie\">Departamento de Fisiolog\u00eda M\u00e9dica y Biof\u00edsica.<\/div><div class=\"textospie\">Facultad de Medicina de la Universidad de Sevilla.<\/div><div>fimebiof@us.es<\/div>\t\t\t\t\t\t\t\t<\/div>\n\t\t\t\t<\/div>\n\t\t\t\t<\/div>\n\t\t<div class=\"elementor-element elementor-element-3d0531a8 e-con-full e-flex e-con e-child\" data-id=\"3d0531a8\" data-element_type=\"container\" data-settings=\"{&quot;background_background&quot;:&quot;classic&quot;}\">\n\t\t\t\t<div class=\"elementor-element elementor-element-53ab7562 elementor-widget elementor-widget-heading\" data-id=\"53ab7562\" data-element_type=\"widget\" data-widget_type=\"heading.default\">\n\t\t\t\t<div class=\"elementor-widget-container\">\n\t\t\t\t\t<h3 class=\"elementor-heading-title elementor-size-default\">Enlaces r\u00e1pidos<\/h3>\t\t\t\t<\/div>\n\t\t\t\t<\/div>\n\t\t\t\t<div class=\"elementor-element elementor-element-f01325a elementor-widget elementor-widget-text-editor\" data-id=\"f01325a\" data-element_type=\"widget\" data-widget_type=\"text-editor.default\">\n\t\t\t\t<div class=\"elementor-widget-container\">\n\t\t\t\t\t\t\t\t\t<div class=\"textospie\"><div class=\"textospie\"><a class=\"link\" title=\"Ense\u00f1anza Virtual\" href=\"https:\/\/ev.us.es\/\" target=\"_blank\" rel=\"noopener\">Ense\u00f1anza Virtual<\/a><\/div><div class=\"textospie\"><a class=\"link\" title=\"Secretar\u00eda Virtual\" href=\"https:\/\/sevius.us.es\/\" target=\"_blank\" rel=\"noopener\">Secretar\u00eda Virtual<\/a><\/div><div class=\"textospie\"><a class=\"link\" title=\"Facultad de Medicina\" href=\"https:\/\/medicina.us.es\/\" target=\"_blank\" rel=\"noopener\">Facultad de Medicina<\/a><\/div><div class=\"textospie\"><a class=\"link\" title=\"Universidad de Sevilla\" href=\"https:\/\/www.us.es\/\" target=\"_blank\" rel=\"noopener\">Universidad de Sevilla<\/a><\/div><div><a href=\"https:\/\/www.ibis-sevilla.es\/es\/\" target=\"_blank\" rel=\"noopener\">Ibis (Instituto de Biomedicina de Sevilla)<\/a><\/div><\/div>\t\t\t\t\t\t\t\t<\/div>\n\t\t\t\t<\/div>\n\t\t\t\t<\/div>\n\t\t\t\t\t<\/div>\n\t\t\t\t<\/div>\n\t\t<div class=\"elementor-element elementor-element-65c77fd3 e-flex e-con-boxed e-con e-parent\" data-id=\"65c77fd3\" data-element_type=\"container\">\n\t\t\t\t\t<div class=\"e-con-inner\">\n\t\t<div class=\"elementor-element elementor-element-16dcc14d e-flex e-con-boxed e-con e-child\" data-id=\"16dcc14d\" data-element_type=\"container\">\n\t\t\t\t\t<div class=\"e-con-inner\">\n\t\t<div class=\"elementor-element elementor-element-5c720d41 e-flex e-con-boxed e-con e-child\" data-id=\"5c720d41\" data-element_type=\"container\">\n\t\t\t\t\t<div class=\"e-con-inner\">\n\t\t\t\t\t<\/div>\n\t\t\t\t<\/div>\n\t\t\t\t<div class=\"elementor-element elementor-element-1b35648b elementor-widget elementor-widget-text-editor\" data-id=\"1b35648b\" data-element_type=\"widget\" data-widget_type=\"text-editor.default\">\n\t\t\t\t<div class=\"elementor-widget-container\">\n\t\t\t\t\t\t\t\t\t<div class=\"izquierdapie\"><div id=\"marcapie\"><a class=\"textospie code\" href=\"https:\/\/www.us.es\/aviso-legal\" target=\"_blank\" rel=\"noopener\">Cookies<\/a><\/div><\/div>\t\t\t\t\t\t\t\t<\/div>\n\t\t\t\t<\/div>\n\t\t\t\t\t<\/div>\n\t\t\t\t<\/div>\n\t\t\t\t\t<\/div>\n\t\t\t\t<\/div>\n\t\t\t\t<\/div>\n\t\t","protected":false},"excerpt":{"rendered":"<p>CATEDR\u00c1TICO\/A Prof. Guillermo \u00c1lvarez de Toledo Naranjo Prof. Antonio G. Castellano Orozco (Director Depto.) Profa. Miriam Echevarr\u00eda Irusta Prof. Rafael Fern\u00e1ndez Chac\u00f3nProf. Antonio Leal Plaza\u00a0Profa. Gracia Patricia Ortega S\u00e1enzProf. Ricardo&hellip;&nbsp;<a href=\"https:\/\/departamento.us.es\/fimebiof\/personal\/\" class=\"\" rel=\"bookmark\">Leer m\u00e1s &raquo;<span class=\"screen-reader-text\">Personal<\/span><\/a><\/p>\n","protected":false},"author":1,"featured_media":0,"parent":0,"menu_order":0,"comment_status":"closed","ping_status":"closed","template":"","meta":{"neve_meta_sidebar":"","neve_meta_container":"","neve_meta_enable_content_width":"","neve_meta_content_width":0,"neve_meta_title_alignment":"","neve_meta_author_avatar":"","neve_post_elements_order":"","neve_meta_disable_header":"","neve_meta_disable_footer":"","neve_meta_disable_title":"","footnotes":""},"class_list":["post-544","page","type-page","status-publish","hentry"],"_links":{"self":[{"href":"https:\/\/departamento.us.es\/fimebiof\/wp-json\/wp\/v2\/pages\/544","targetHints":{"allow":["GET"]}}],"collection":[{"href":"https:\/\/departamento.us.es\/fimebiof\/wp-json\/wp\/v2\/pages"}],"about":[{"href":"https:\/\/departamento.us.es\/fimebiof\/wp-json\/wp\/v2\/types\/page"}],"author":[{"embeddable":true,"href":"https:\/\/departamento.us.es\/fimebiof\/wp-json\/wp\/v2\/users\/1"}],"replies":[{"embeddable":true,"href":"https:\/\/departamento.us.es\/fimebiof\/wp-json\/wp\/v2\/comments?post=544"}],"version-history":[{"count":53,"href":"https:\/\/departamento.us.es\/fimebiof\/wp-json\/wp\/v2\/pages\/544\/revisions"}],"predecessor-version":[{"id":711,"href":"https:\/\/departamento.us.es\/fimebiof\/wp-json\/wp\/v2\/pages\/544\/revisions\/711"}],"wp:attachment":[{"href":"https:\/\/departamento.us.es\/fimebiof\/wp-json\/wp\/v2\/media?parent=544"}],"curies":[{"name":"wp","href":"https:\/\/api.w.org\/{rel}","templated":true}]}}