{"id":2042,"date":"2022-06-10T08:53:50","date_gmt":"2022-06-10T08:53:50","guid":{"rendered":"https:\/\/departamento.us.es\/fisamyn\/?page_id=2042"},"modified":"2025-08-26T07:23:35","modified_gmt":"2025-08-26T07:23:35","slug":"direccion","status":"publish","type":"page","link":"https:\/\/departamento.us.es\/fisamyn\/direccion\/","title":{"rendered":"Contacto"},"content":{"rendered":"\t\t<div data-elementor-type=\"wp-page\" data-elementor-id=\"2042\" class=\"elementor elementor-2042\" data-elementor-post-type=\"page\">\n\t\t\t\t<div class=\"elementor-element elementor-element-02903b3 e-flex e-con-boxed e-con e-parent\" data-id=\"02903b3\" data-element_type=\"container\" data-e-type=\"container\">\n\t\t\t\t\t<div class=\"e-con-inner\">\n\t\t<div class=\"elementor-element elementor-element-0c2bfbf e-con-full e-flex e-con e-child\" data-id=\"0c2bfbf\" data-element_type=\"container\" data-e-type=\"container\">\n\t\t\t\t<div class=\"elementor-element elementor-element-dde079e elementor-widget elementor-widget-image\" data-id=\"dde079e\" data-element_type=\"widget\" data-e-type=\"widget\" data-widget_type=\"image.default\">\n\t\t\t\t<div class=\"elementor-widget-container\">\n\t\t\t\t\t\t\t\t\t\t\t\t\t\t\t<img fetchpriority=\"high\" decoding=\"async\" width=\"545\" height=\"252\" src=\"https:\/\/departamento.us.es\/fisamyn\/wp-content\/uploads\/2024\/07\/Logo-FAMN.png\" class=\"attachment-large size-large wp-image-3841\" alt=\"\" srcset=\"https:\/\/departamento.us.es\/fisamyn\/wp-content\/uploads\/2024\/07\/Logo-FAMN.png 545w, https:\/\/departamento.us.es\/fisamyn\/wp-content\/uploads\/2024\/07\/Logo-FAMN-300x139.png 300w\" sizes=\"(max-width: 545px) 100vw, 545px\" \/>\t\t\t\t\t\t\t\t\t\t\t\t\t\t\t<\/div>\n\t\t\t\t<\/div>\n\t\t\t\t<\/div>\n\t\t\t\t\t<\/div>\n\t\t\t\t<\/div>\n\t\t<div class=\"elementor-element elementor-element-8f96243 e-con-full e-flex e-con e-parent\" data-id=\"8f96243\" data-element_type=\"container\" data-e-type=\"container\" data-settings=\"{&quot;background_background&quot;:&quot;classic&quot;}\">\n\t\t<div class=\"elementor-element elementor-element-2e5c736 e-con-full e-flex e-con e-child\" data-id=\"2e5c736\" data-element_type=\"container\" data-e-type=\"container\" data-settings=\"{&quot;background_background&quot;:&quot;classic&quot;}\">\n\t\t\t\t<div class=\"elementor-element elementor-element-f5b36ea elementor-widget elementor-widget-heading\" data-id=\"f5b36ea\" data-element_type=\"widget\" data-e-type=\"widget\" data-widget_type=\"heading.default\">\n\t\t\t\t<div class=\"elementor-widget-container\">\n\t\t\t\t\t<h2 class=\"elementor-heading-title elementor-size-default\">Gesti\u00f3n Administrativa<\/h2>\t\t\t\t<\/div>\n\t\t\t\t<\/div>\n\t\t\t\t<div class=\"elementor-element elementor-element-1b1b72f elementor-widget elementor-widget-text-editor\" data-id=\"1b1b72f\" data-element_type=\"widget\" data-e-type=\"widget\" data-widget_type=\"text-editor.default\">\n\t\t\t\t<div class=\"elementor-widget-container\">\n\t\t\t\t\t\t\t\t\t<p>Esperanza G\u00f3mez-\u00c1lvarez Calle<\/p>\t\t\t\t\t\t\t\t<\/div>\n\t\t\t\t<\/div>\n\t\t\t\t<div class=\"elementor-element elementor-element-f1fac88 elementor-icon-list--layout-traditional elementor-list-item-link-full_width elementor-widget elementor-widget-icon-list\" data-id=\"f1fac88\" data-element_type=\"widget\" data-e-type=\"widget\" data-widget_type=\"icon-list.default\">\n\t\t\t\t<div class=\"elementor-widget-container\">\n\t\t\t\t\t\t\t<ul class=\"elementor-icon-list-items\">\n\t\t\t\t\t\t\t<li class=\"elementor-icon-list-item\">\n\t\t\t\t\t\t\t\t\t\t\t<a href=\"mailto:%20secrefamn@us.es\">\n\n\t\t\t\t\t\t\t\t\t\t\t\t<span class=\"elementor-icon-list-icon\">\n\t\t\t\t\t\t\t<i aria-hidden=\"true\" class=\"fas fa-envelope\"><\/i>\t\t\t\t\t\t<\/span>\n\t\t\t\t\t\t\t\t\t\t<span class=\"elementor-icon-list-text\">secrefamn@us.es<\/span>\n\t\t\t\t\t\t\t\t\t\t\t<\/a>\n\t\t\t\t\t\t\t\t\t<\/li>\n\t\t\t\t\t\t\t\t<li class=\"elementor-icon-list-item\">\n\t\t\t\t\t\t\t\t\t\t\t<a href=\"tel:954552890\">\n\n\t\t\t\t\t\t\t\t\t\t\t\t<span class=\"elementor-icon-list-icon\">\n\t\t\t\t\t\t\t<i aria-hidden=\"true\" class=\"fas fa-phone-alt\"><\/i>\t\t\t\t\t\t<\/span>\n\t\t\t\t\t\t\t\t\t\t<span class=\"elementor-icon-list-text\">+34 954552890<\/span>\n\t\t\t\t\t\t\t\t\t\t\t<\/a>\n\t\t\t\t\t\t\t\t\t<\/li>\n\t\t\t\t\t\t<\/ul>\n\t\t\t\t\t\t<\/div>\n\t\t\t\t<\/div>\n\t\t\t\t<div class=\"elementor-element elementor-element-1cd45d4 elementor-widget elementor-widget-text-editor\" data-id=\"1cd45d4\" data-element_type=\"widget\" data-e-type=\"widget\" data-widget_type=\"text-editor.default\">\n\t\t\t\t<div class=\"elementor-widget-container\">\n\t\t\t\t\t\t\t\t\t<p>Jos\u00e9 Lorenzo Yruela Manuel<\/p>\t\t\t\t\t\t\t\t<\/div>\n\t\t\t\t<\/div>\n\t\t\t\t<div class=\"elementor-element elementor-element-3b33798 elementor-icon-list--layout-traditional elementor-list-item-link-full_width elementor-widget elementor-widget-icon-list\" data-id=\"3b33798\" data-element_type=\"widget\" data-e-type=\"widget\" data-widget_type=\"icon-list.default\">\n\t\t\t\t<div class=\"elementor-widget-container\">\n\t\t\t\t\t\t\t<ul class=\"elementor-icon-list-items\">\n\t\t\t\t\t\t\t<li class=\"elementor-icon-list-item\">\n\t\t\t\t\t\t\t\t\t\t\t<a href=\"mailto:%20secrefamn-2@us.es\">\n\n\t\t\t\t\t\t\t\t\t\t\t\t<span class=\"elementor-icon-list-icon\">\n\t\t\t\t\t\t\t<i aria-hidden=\"true\" class=\"fas fa-envelope\"><\/i>\t\t\t\t\t\t<\/span>\n\t\t\t\t\t\t\t\t\t\t<span class=\"elementor-icon-list-text\">secrefamn-2@us.es<\/span>\n\t\t\t\t\t\t\t\t\t\t\t<\/a>\n\t\t\t\t\t\t\t\t\t<\/li>\n\t\t\t\t\t\t\t\t<li class=\"elementor-icon-list-item\">\n\t\t\t\t\t\t\t\t\t\t\t<a href=\"tel:954552890\">\n\n\t\t\t\t\t\t\t\t\t\t\t\t<span class=\"elementor-icon-list-icon\">\n\t\t\t\t\t\t\t<i aria-hidden=\"true\" class=\"fas fa-phone-alt\"><\/i>\t\t\t\t\t\t<\/span>\n\t\t\t\t\t\t\t\t\t\t<span class=\"elementor-icon-list-text\">+34 954552890<\/span>\n\t\t\t\t\t\t\t\t\t\t\t<\/a>\n\t\t\t\t\t\t\t\t\t<\/li>\n\t\t\t\t\t\t<\/ul>\n\t\t\t\t\t\t<\/div>\n\t\t\t\t<\/div>\n\t\t\t\t<\/div>\n\t\t<div class=\"elementor-element elementor-element-e44ae46 e-con-full e-flex e-con e-child\" data-id=\"e44ae46\" data-element_type=\"container\" data-e-type=\"container\" data-settings=\"{&quot;background_background&quot;:&quot;classic&quot;}\">\n\t\t\t\t<div class=\"elementor-element elementor-element-0dec03f elementor-widget elementor-widget-heading\" data-id=\"0dec03f\" data-element_type=\"widget\" data-e-type=\"widget\" data-widget_type=\"heading.default\">\n\t\t\t\t<div class=\"elementor-widget-container\">\n\t\t\t\t\t<h2 class=\"elementor-heading-title elementor-size-default\">Director<\/h2>\t\t\t\t<\/div>\n\t\t\t\t<\/div>\n\t\t\t\t<div class=\"elementor-element elementor-element-bdb04ca elementor-widget elementor-widget-text-editor\" data-id=\"bdb04ca\" data-element_type=\"widget\" data-e-type=\"widget\" data-widget_type=\"text-editor.default\">\n\t\t\t\t<div class=\"elementor-widget-container\">\n\t\t\t\t\t\t\t\t\t<p>Miguel Antonio Cort\u00e9s\u00a0 Giraldo<\/p>\t\t\t\t\t\t\t\t<\/div>\n\t\t\t\t<\/div>\n\t\t\t\t<div class=\"elementor-element elementor-element-98a90e5 elementor-icon-list--layout-traditional elementor-list-item-link-full_width elementor-widget elementor-widget-icon-list\" data-id=\"98a90e5\" data-element_type=\"widget\" data-e-type=\"widget\" data-widget_type=\"icon-list.default\">\n\t\t\t\t<div class=\"elementor-widget-container\">\n\t\t\t\t\t\t\t<ul class=\"elementor-icon-list-items\">\n\t\t\t\t\t\t\t<li class=\"elementor-icon-list-item\">\n\t\t\t\t\t\t\t\t\t\t\t<a href=\"mailto:%20dirfamn@us.es\">\n\n\t\t\t\t\t\t\t\t\t\t\t\t<span class=\"elementor-icon-list-icon\">\n\t\t\t\t\t\t\t<i aria-hidden=\"true\" class=\"fas fa-envelope\"><\/i>\t\t\t\t\t\t<\/span>\n\t\t\t\t\t\t\t\t\t\t<span class=\"elementor-icon-list-text\">dirfamn@us.es<\/span>\n\t\t\t\t\t\t\t\t\t\t\t<\/a>\n\t\t\t\t\t\t\t\t\t<\/li>\n\t\t\t\t\t\t<\/ul>\n\t\t\t\t\t\t<\/div>\n\t\t\t\t<\/div>\n\t\t\t\t<\/div>\n\t\t<div class=\"elementor-element elementor-element-abbdc32 e-con-full e-flex e-con e-child\" data-id=\"abbdc32\" data-element_type=\"container\" data-e-type=\"container\" data-settings=\"{&quot;background_background&quot;:&quot;classic&quot;}\">\n\t\t\t\t<div class=\"elementor-element elementor-element-8ea7084 elementor-widget elementor-widget-heading\" data-id=\"8ea7084\" data-element_type=\"widget\" data-e-type=\"widget\" data-widget_type=\"heading.default\">\n\t\t\t\t<div class=\"elementor-widget-container\">\n\t\t\t\t\t<h2 class=\"elementor-heading-title elementor-size-default\">Secretario<\/h2>\t\t\t\t<\/div>\n\t\t\t\t<\/div>\n\t\t\t\t<div class=\"elementor-element elementor-element-76a126a elementor-widget elementor-widget-text-editor\" data-id=\"76a126a\" data-element_type=\"widget\" data-e-type=\"widget\" data-widget_type=\"text-editor.default\">\n\t\t\t\t<div class=\"elementor-widget-container\">\n\t\t\t\t\t\t\t\t\t<p>Jes\u00fas Casal Berbel<\/p>\t\t\t\t\t\t\t\t<\/div>\n\t\t\t\t<\/div>\n\t\t\t\t<div class=\"elementor-element elementor-element-e9dccc2 elementor-icon-list--layout-traditional elementor-list-item-link-full_width elementor-widget elementor-widget-icon-list\" data-id=\"e9dccc2\" data-element_type=\"widget\" data-e-type=\"widget\" data-widget_type=\"icon-list.default\">\n\t\t\t\t<div class=\"elementor-widget-container\">\n\t\t\t\t\t\t\t<ul class=\"elementor-icon-list-items\">\n\t\t\t\t\t\t\t<li class=\"elementor-icon-list-item\">\n\t\t\t\t\t\t\t\t\t\t\t<a href=\"mailto:%20jcasal@us.es\">\n\n\t\t\t\t\t\t\t\t\t\t\t\t<span class=\"elementor-icon-list-icon\">\n\t\t\t\t\t\t\t<i aria-hidden=\"true\" class=\"fas fa-envelope\"><\/i>\t\t\t\t\t\t<\/span>\n\t\t\t\t\t\t\t\t\t\t<span class=\"elementor-icon-list-text\">jcasal@us.es<\/span>\n\t\t\t\t\t\t\t\t\t\t\t<\/a>\n\t\t\t\t\t\t\t\t\t<\/li>\n\t\t\t\t\t\t<\/ul>\n\t\t\t\t\t\t<\/div>\n\t\t\t\t<\/div>\n\t\t\t\t<\/div>\n\t\t\t\t<\/div>\n\t\t\t\t<\/div>\n\t\t","protected":false},"excerpt":{"rendered":"<p>Gesti\u00f3n Administrativa Esperanza G\u00f3mez-\u00c1lvarez Calle secrefamn@us.es +34 954552890 Jos\u00e9 Lorenzo Yruela Manuel secrefamn-2@us.es +34 954552890 Director Miguel Antonio Cort\u00e9s\u00a0 Giraldo dirfamn@us.es Secretario Jes\u00fas Casal Berbel jcasal@us.es<\/p>\n","protected":false},"author":12,"featured_media":0,"parent":0,"menu_order":0,"comment_status":"closed","ping_status":"closed","template":"","meta":{"footnotes":""},"class_list":["post-2042","page","type-page","status-publish","hentry"],"yoast_head":"<!-- This site is optimized with the Yoast SEO plugin v27.3 - https:\/\/yoast.com\/product\/yoast-seo-wordpress\/ -->\n<title>Contacto - Departamento de F\u00edsica At\u00f3mica, Molecular y Nuclear<\/title>\n<meta name=\"robots\" content=\"index, follow, max-snippet:-1, max-image-preview:large, max-video-preview:-1\" \/>\n<link rel=\"canonical\" href=\"https:\/\/departamento.us.es\/fisamyn\/direccion\/\" \/>\n<meta property=\"og:locale\" content=\"es_ES\" \/>\n<meta property=\"og:type\" content=\"article\" \/>\n<meta property=\"og:title\" content=\"Contacto - Departamento de F\u00edsica At\u00f3mica, Molecular y Nuclear\" \/>\n<meta property=\"og:description\" content=\"Gesti\u00f3n Administrativa Esperanza G\u00f3mez-\u00c1lvarez Calle secrefamn@us.es +34 954552890 Jos\u00e9 Lorenzo Yruela Manuel secrefamn-2@us.es +34 954552890 Director Miguel Antonio Cort\u00e9s\u00a0 Giraldo dirfamn@us.es Secretario Jes\u00fas Casal Berbel jcasal@us.es\" \/>\n<meta property=\"og:url\" content=\"https:\/\/departamento.us.es\/fisamyn\/direccion\/\" \/>\n<meta property=\"og:site_name\" content=\"Departamento de F\u00edsica At\u00f3mica, Molecular y Nuclear\" \/>\n<meta property=\"article:modified_time\" content=\"2025-08-26T07:23:35+00:00\" \/>\n<meta property=\"og:image\" content=\"https:\/\/departamento.us.es\/fisamyn\/wp-content\/uploads\/2024\/07\/Logo-FAMN.png\" \/>\n\t<meta property=\"og:image:width\" content=\"545\" \/>\n\t<meta property=\"og:image:height\" content=\"252\" \/>\n\t<meta property=\"og:image:type\" content=\"image\/png\" \/>\n<meta name=\"twitter:card\" content=\"summary_large_image\" \/>\n<meta name=\"twitter:label1\" content=\"Tiempo de lectura\" \/>\n\t<meta name=\"twitter:data1\" content=\"1 minuto\" \/>\n<script type=\"application\/ld+json\" class=\"yoast-schema-graph\">{\"@context\":\"https:\\\/\\\/schema.org\",\"@graph\":[{\"@type\":\"WebPage\",\"@id\":\"https:\\\/\\\/departamento.us.es\\\/fisamyn\\\/direccion\\\/\",\"url\":\"https:\\\/\\\/departamento.us.es\\\/fisamyn\\\/direccion\\\/\",\"name\":\"Contacto - Departamento de F\u00edsica At\u00f3mica, Molecular y Nuclear\",\"isPartOf\":{\"@id\":\"https:\\\/\\\/departamento.us.es\\\/fisamyn\\\/#website\"},\"primaryImageOfPage\":{\"@id\":\"https:\\\/\\\/departamento.us.es\\\/fisamyn\\\/direccion\\\/#primaryimage\"},\"image\":{\"@id\":\"https:\\\/\\\/departamento.us.es\\\/fisamyn\\\/direccion\\\/#primaryimage\"},\"thumbnailUrl\":\"https:\\\/\\\/departamento.us.es\\\/fisamyn\\\/wp-content\\\/uploads\\\/2024\\\/07\\\/Logo-FAMN.png\",\"datePublished\":\"2022-06-10T08:53:50+00:00\",\"dateModified\":\"2025-08-26T07:23:35+00:00\",\"inLanguage\":\"es\",\"potentialAction\":[{\"@type\":\"ReadAction\",\"target\":[\"https:\\\/\\\/departamento.us.es\\\/fisamyn\\\/direccion\\\/\"]}]},{\"@type\":\"ImageObject\",\"inLanguage\":\"es\",\"@id\":\"https:\\\/\\\/departamento.us.es\\\/fisamyn\\\/direccion\\\/#primaryimage\",\"url\":\"https:\\\/\\\/departamento.us.es\\\/fisamyn\\\/wp-content\\\/uploads\\\/2024\\\/07\\\/Logo-FAMN.png\",\"contentUrl\":\"https:\\\/\\\/departamento.us.es\\\/fisamyn\\\/wp-content\\\/uploads\\\/2024\\\/07\\\/Logo-FAMN.png\",\"width\":545,\"height\":252},{\"@type\":\"WebSite\",\"@id\":\"https:\\\/\\\/departamento.us.es\\\/fisamyn\\\/#website\",\"url\":\"https:\\\/\\\/departamento.us.es\\\/fisamyn\\\/\",\"name\":\"Departamento de F\u00edsica At\u00f3mica, Molecular y Nuclear\",\"description\":\"Universidad de Sevilla\",\"publisher\":{\"@id\":\"https:\\\/\\\/departamento.us.es\\\/fisamyn\\\/#organization\"},\"potentialAction\":[{\"@type\":\"SearchAction\",\"target\":{\"@type\":\"EntryPoint\",\"urlTemplate\":\"https:\\\/\\\/departamento.us.es\\\/fisamyn\\\/?s={search_term_string}\"},\"query-input\":{\"@type\":\"PropertyValueSpecification\",\"valueRequired\":true,\"valueName\":\"search_term_string\"}}],\"inLanguage\":\"es\"},{\"@type\":\"Organization\",\"@id\":\"https:\\\/\\\/departamento.us.es\\\/fisamyn\\\/#organization\",\"name\":\"Departamento de F\u00edsica At\u00f3mica, Molecular y Nuclear\",\"url\":\"https:\\\/\\\/departamento.us.es\\\/fisamyn\\\/\",\"logo\":{\"@type\":\"ImageObject\",\"inLanguage\":\"es\",\"@id\":\"https:\\\/\\\/departamento.us.es\\\/fisamyn\\\/#\\\/schema\\\/logo\\\/image\\\/\",\"url\":\"https:\\\/\\\/departamento.us.es\\\/fisamyn\\\/wp-content\\\/uploads\\\/2024\\\/07\\\/famn-favicon.png\",\"contentUrl\":\"https:\\\/\\\/departamento.us.es\\\/fisamyn\\\/wp-content\\\/uploads\\\/2024\\\/07\\\/famn-favicon.png\",\"width\":150,\"height\":150,\"caption\":\"Departamento de F\u00edsica At\u00f3mica, Molecular y Nuclear\"},\"image\":{\"@id\":\"https:\\\/\\\/departamento.us.es\\\/fisamyn\\\/#\\\/schema\\\/logo\\\/image\\\/\"}}]}<\/script>\n<!-- \/ Yoast SEO plugin. -->","yoast_head_json":{"title":"Contacto - Departamento de F\u00edsica At\u00f3mica, Molecular y Nuclear","robots":{"index":"index","follow":"follow","max-snippet":"max-snippet:-1","max-image-preview":"max-image-preview:large","max-video-preview":"max-video-preview:-1"},"canonical":"https:\/\/departamento.us.es\/fisamyn\/direccion\/","og_locale":"es_ES","og_type":"article","og_title":"Contacto - Departamento de F\u00edsica At\u00f3mica, Molecular y Nuclear","og_description":"Gesti\u00f3n Administrativa Esperanza G\u00f3mez-\u00c1lvarez Calle secrefamn@us.es +34 954552890 Jos\u00e9 Lorenzo Yruela Manuel secrefamn-2@us.es +34 954552890 Director Miguel Antonio Cort\u00e9s\u00a0 Giraldo dirfamn@us.es Secretario Jes\u00fas Casal Berbel jcasal@us.es","og_url":"https:\/\/departamento.us.es\/fisamyn\/direccion\/","og_site_name":"Departamento de F\u00edsica At\u00f3mica, Molecular y Nuclear","article_modified_time":"2025-08-26T07:23:35+00:00","og_image":[{"width":545,"height":252,"url":"https:\/\/departamento.us.es\/fisamyn\/wp-content\/uploads\/2024\/07\/Logo-FAMN.png","type":"image\/png"}],"twitter_card":"summary_large_image","twitter_misc":{"Tiempo de lectura":"1 minuto"},"schema":{"@context":"https:\/\/schema.org","@graph":[{"@type":"WebPage","@id":"https:\/\/departamento.us.es\/fisamyn\/direccion\/","url":"https:\/\/departamento.us.es\/fisamyn\/direccion\/","name":"Contacto - Departamento de F\u00edsica At\u00f3mica, Molecular y Nuclear","isPartOf":{"@id":"https:\/\/departamento.us.es\/fisamyn\/#website"},"primaryImageOfPage":{"@id":"https:\/\/departamento.us.es\/fisamyn\/direccion\/#primaryimage"},"image":{"@id":"https:\/\/departamento.us.es\/fisamyn\/direccion\/#primaryimage"},"thumbnailUrl":"https:\/\/departamento.us.es\/fisamyn\/wp-content\/uploads\/2024\/07\/Logo-FAMN.png","datePublished":"2022-06-10T08:53:50+00:00","dateModified":"2025-08-26T07:23:35+00:00","inLanguage":"es","potentialAction":[{"@type":"ReadAction","target":["https:\/\/departamento.us.es\/fisamyn\/direccion\/"]}]},{"@type":"ImageObject","inLanguage":"es","@id":"https:\/\/departamento.us.es\/fisamyn\/direccion\/#primaryimage","url":"https:\/\/departamento.us.es\/fisamyn\/wp-content\/uploads\/2024\/07\/Logo-FAMN.png","contentUrl":"https:\/\/departamento.us.es\/fisamyn\/wp-content\/uploads\/2024\/07\/Logo-FAMN.png","width":545,"height":252},{"@type":"WebSite","@id":"https:\/\/departamento.us.es\/fisamyn\/#website","url":"https:\/\/departamento.us.es\/fisamyn\/","name":"Departamento de F\u00edsica At\u00f3mica, Molecular y Nuclear","description":"Universidad de Sevilla","publisher":{"@id":"https:\/\/departamento.us.es\/fisamyn\/#organization"},"potentialAction":[{"@type":"SearchAction","target":{"@type":"EntryPoint","urlTemplate":"https:\/\/departamento.us.es\/fisamyn\/?s={search_term_string}"},"query-input":{"@type":"PropertyValueSpecification","valueRequired":true,"valueName":"search_term_string"}}],"inLanguage":"es"},{"@type":"Organization","@id":"https:\/\/departamento.us.es\/fisamyn\/#organization","name":"Departamento de F\u00edsica At\u00f3mica, Molecular y Nuclear","url":"https:\/\/departamento.us.es\/fisamyn\/","logo":{"@type":"ImageObject","inLanguage":"es","@id":"https:\/\/departamento.us.es\/fisamyn\/#\/schema\/logo\/image\/","url":"https:\/\/departamento.us.es\/fisamyn\/wp-content\/uploads\/2024\/07\/famn-favicon.png","contentUrl":"https:\/\/departamento.us.es\/fisamyn\/wp-content\/uploads\/2024\/07\/famn-favicon.png","width":150,"height":150,"caption":"Departamento de F\u00edsica At\u00f3mica, Molecular y Nuclear"},"image":{"@id":"https:\/\/departamento.us.es\/fisamyn\/#\/schema\/logo\/image\/"}}]}},"_links":{"self":[{"href":"https:\/\/departamento.us.es\/fisamyn\/wp-json\/wp\/v2\/pages\/2042","targetHints":{"allow":["GET"]}}],"collection":[{"href":"https:\/\/departamento.us.es\/fisamyn\/wp-json\/wp\/v2\/pages"}],"about":[{"href":"https:\/\/departamento.us.es\/fisamyn\/wp-json\/wp\/v2\/types\/page"}],"author":[{"embeddable":true,"href":"https:\/\/departamento.us.es\/fisamyn\/wp-json\/wp\/v2\/users\/12"}],"replies":[{"embeddable":true,"href":"https:\/\/departamento.us.es\/fisamyn\/wp-json\/wp\/v2\/comments?post=2042"}],"version-history":[{"count":40,"href":"https:\/\/departamento.us.es\/fisamyn\/wp-json\/wp\/v2\/pages\/2042\/revisions"}],"predecessor-version":[{"id":4649,"href":"https:\/\/departamento.us.es\/fisamyn\/wp-json\/wp\/v2\/pages\/2042\/revisions\/4649"}],"wp:attachment":[{"href":"https:\/\/departamento.us.es\/fisamyn\/wp-json\/wp\/v2\/media?parent=2042"}],"curies":[{"name":"wp","href":"https:\/\/api.w.org\/{rel}","templated":true}]}}