{"id":2050,"date":"2022-06-10T08:57:43","date_gmt":"2022-06-10T08:57:43","guid":{"rendered":"https:\/\/departamento.us.es\/fisamyn\/?page_id=2050"},"modified":"2024-11-05T12:27:39","modified_gmt":"2024-11-05T12:27:39","slug":"contacto","status":"publish","type":"page","link":"https:\/\/departamento.us.es\/fisamyn\/contacto\/","title":{"rendered":"Localizaci\u00f3n"},"content":{"rendered":"\t\t<div data-elementor-type=\"wp-page\" data-elementor-id=\"2050\" class=\"elementor elementor-2050\" data-elementor-post-type=\"page\">\n\t\t\t\t<div class=\"elementor-element elementor-element-8d7a398 e-flex e-con-boxed elementor-invisible e-con e-parent\" data-id=\"8d7a398\" data-element_type=\"container\" data-e-type=\"container\" data-settings=\"{&quot;animation&quot;:&quot;fadeInRight&quot;}\">\n\t\t\t\t\t<div class=\"e-con-inner\">\n\t\t<div class=\"elementor-element elementor-element-2df786e e-con-full e-flex elementor-invisible e-con e-child\" data-id=\"2df786e\" data-element_type=\"container\" data-e-type=\"container\" data-settings=\"{&quot;animation&quot;:&quot;fadeIn&quot;}\">\n\t\t\t\t<div class=\"elementor-element elementor-element-25882f0 animated-slow elementor-widget elementor-widget-heading\" data-id=\"25882f0\" data-element_type=\"widget\" data-e-type=\"widget\" data-settings=\"{&quot;_animation&quot;:&quot;none&quot;,&quot;_animation_delay&quot;:500}\" data-widget_type=\"heading.default\">\n\t\t\t\t<div class=\"elementor-widget-container\">\n\t\t\t\t\t<h2 class=\"elementor-heading-title elementor-size-large\">Localizaci\u00f3n<\/h2>\t\t\t\t<\/div>\n\t\t\t\t<\/div>\n\t\t\t\t<div class=\"elementor-element elementor-element-036e981 elementor-align-start elementor-icon-list--layout-traditional elementor-list-item-link-full_width elementor-widget elementor-widget-icon-list\" data-id=\"036e981\" data-element_type=\"widget\" data-e-type=\"widget\" data-widget_type=\"icon-list.default\">\n\t\t\t\t<div class=\"elementor-widget-container\">\n\t\t\t\t\t\t\t<ul class=\"elementor-icon-list-items\">\n\t\t\t\t\t\t\t<li class=\"elementor-icon-list-item\">\n\t\t\t\t\t\t\t\t\t\t\t<span class=\"elementor-icon-list-icon\">\n\t\t\t\t\t\t\t<i aria-hidden=\"true\" class=\"fas fa-university\"><\/i>\t\t\t\t\t\t<\/span>\n\t\t\t\t\t\t\t\t\t\t<span class=\"elementor-icon-list-text\">Departamento de F\u00edsica At\u00f3mica, Molecular y Nuclear<\/span>\n\t\t\t\t\t\t\t\t\t<\/li>\n\t\t\t\t\t\t\t\t<li class=\"elementor-icon-list-item\">\n\t\t\t\t\t\t\t\t\t\t\t<span class=\"elementor-icon-list-icon\">\n\t\t\t\t\t\t\t<i aria-hidden=\"true\" class=\"fas fa-map-marked-alt\"><\/i>\t\t\t\t\t\t<\/span>\n\t\t\t\t\t\t\t\t\t\t<span class=\"elementor-icon-list-text\">Av. de la Reina Mercedes, S\/N, 41012 Sevilla<\/span>\n\t\t\t\t\t\t\t\t\t<\/li>\n\t\t\t\t\t\t<\/ul>\n\t\t\t\t\t\t<\/div>\n\t\t\t\t<\/div>\n\t\t\t\t<div class=\"elementor-element elementor-element-48a2d43 elementor-widget elementor-widget-google_maps\" data-id=\"48a2d43\" data-element_type=\"widget\" data-e-type=\"widget\" data-widget_type=\"google_maps.default\">\n\t\t\t\t<div class=\"elementor-widget-container\">\n\t\t\t\t\t\t\t<div class=\"elementor-custom-embed\">\n\t\t\t<iframe loading=\"lazy\"\n\t\t\t\t\tsrc=\"https:\/\/maps.google.com\/maps?q=Facultad%20de%20fisica%20sevilla&#038;t=m&#038;z=14&#038;output=embed&#038;iwloc=near\"\n\t\t\t\t\ttitle=\"Facultad de fisica sevilla\"\n\t\t\t\t\taria-label=\"Facultad de fisica sevilla\"\n\t\t\t><\/iframe>\n\t\t<\/div>\n\t\t\t\t\t\t<\/div>\n\t\t\t\t<\/div>\n\t\t\t\t<\/div>\n\t\t\t\t\t<\/div>\n\t\t\t\t<\/div>\n\t\t\t\t<\/div>\n\t\t","protected":false},"excerpt":{"rendered":"<p>Localizaci\u00f3n Departamento de F\u00edsica At\u00f3mica, Molecular y Nuclear Av. de la Reina Mercedes, S\/N, 41012 Sevilla<\/p>\n","protected":false},"author":12,"featured_media":0,"parent":0,"menu_order":0,"comment_status":"closed","ping_status":"closed","template":"","meta":{"footnotes":""},"class_list":["post-2050","page","type-page","status-publish","hentry"],"yoast_head":"<!-- This site is optimized with the Yoast SEO plugin v27.3 - https:\/\/yoast.com\/product\/yoast-seo-wordpress\/ -->\n<title>Localizaci\u00f3n - Departamento de F\u00edsica At\u00f3mica, Molecular y Nuclear<\/title>\n<meta name=\"robots\" content=\"index, follow, max-snippet:-1, max-image-preview:large, max-video-preview:-1\" \/>\n<link rel=\"canonical\" href=\"https:\/\/departamento.us.es\/fisamyn\/contacto\/\" \/>\n<meta property=\"og:locale\" content=\"es_ES\" \/>\n<meta property=\"og:type\" content=\"article\" \/>\n<meta property=\"og:title\" content=\"Localizaci\u00f3n - Departamento de F\u00edsica At\u00f3mica, Molecular y Nuclear\" \/>\n<meta property=\"og:description\" content=\"Localizaci\u00f3n Departamento de F\u00edsica At\u00f3mica, Molecular y Nuclear Av. de la Reina Mercedes, S\/N, 41012 Sevilla\" \/>\n<meta property=\"og:url\" content=\"https:\/\/departamento.us.es\/fisamyn\/contacto\/\" \/>\n<meta property=\"og:site_name\" content=\"Departamento de F\u00edsica At\u00f3mica, Molecular y Nuclear\" \/>\n<meta property=\"article:modified_time\" content=\"2024-11-05T12:27:39+00:00\" \/>\n<meta property=\"og:image\" content=\"https:\/\/departamento.us.es\/fisamyn\/wp-content\/uploads\/2024\/07\/famn-favicon.png\" \/>\n\t<meta property=\"og:image:width\" content=\"150\" \/>\n\t<meta property=\"og:image:height\" content=\"150\" \/>\n\t<meta property=\"og:image:type\" content=\"image\/png\" \/>\n<meta name=\"twitter:card\" content=\"summary_large_image\" \/>\n<meta name=\"twitter:label1\" content=\"Tiempo de lectura\" \/>\n\t<meta name=\"twitter:data1\" content=\"1 minuto\" \/>\n<script type=\"application\/ld+json\" class=\"yoast-schema-graph\">{\"@context\":\"https:\\\/\\\/schema.org\",\"@graph\":[{\"@type\":\"WebPage\",\"@id\":\"https:\\\/\\\/departamento.us.es\\\/fisamyn\\\/contacto\\\/\",\"url\":\"https:\\\/\\\/departamento.us.es\\\/fisamyn\\\/contacto\\\/\",\"name\":\"Localizaci\u00f3n - Departamento de F\u00edsica At\u00f3mica, Molecular y Nuclear\",\"isPartOf\":{\"@id\":\"https:\\\/\\\/departamento.us.es\\\/fisamyn\\\/#website\"},\"datePublished\":\"2022-06-10T08:57:43+00:00\",\"dateModified\":\"2024-11-05T12:27:39+00:00\",\"inLanguage\":\"es\",\"potentialAction\":[{\"@type\":\"ReadAction\",\"target\":[\"https:\\\/\\\/departamento.us.es\\\/fisamyn\\\/contacto\\\/\"]}]},{\"@type\":\"WebSite\",\"@id\":\"https:\\\/\\\/departamento.us.es\\\/fisamyn\\\/#website\",\"url\":\"https:\\\/\\\/departamento.us.es\\\/fisamyn\\\/\",\"name\":\"Departamento de F\u00edsica At\u00f3mica, Molecular y Nuclear\",\"description\":\"Universidad de Sevilla\",\"publisher\":{\"@id\":\"https:\\\/\\\/departamento.us.es\\\/fisamyn\\\/#organization\"},\"potentialAction\":[{\"@type\":\"SearchAction\",\"target\":{\"@type\":\"EntryPoint\",\"urlTemplate\":\"https:\\\/\\\/departamento.us.es\\\/fisamyn\\\/?s={search_term_string}\"},\"query-input\":{\"@type\":\"PropertyValueSpecification\",\"valueRequired\":true,\"valueName\":\"search_term_string\"}}],\"inLanguage\":\"es\"},{\"@type\":\"Organization\",\"@id\":\"https:\\\/\\\/departamento.us.es\\\/fisamyn\\\/#organization\",\"name\":\"Departamento de F\u00edsica At\u00f3mica, Molecular y Nuclear\",\"url\":\"https:\\\/\\\/departamento.us.es\\\/fisamyn\\\/\",\"logo\":{\"@type\":\"ImageObject\",\"inLanguage\":\"es\",\"@id\":\"https:\\\/\\\/departamento.us.es\\\/fisamyn\\\/#\\\/schema\\\/logo\\\/image\\\/\",\"url\":\"https:\\\/\\\/departamento.us.es\\\/fisamyn\\\/wp-content\\\/uploads\\\/2024\\\/07\\\/famn-favicon.png\",\"contentUrl\":\"https:\\\/\\\/departamento.us.es\\\/fisamyn\\\/wp-content\\\/uploads\\\/2024\\\/07\\\/famn-favicon.png\",\"width\":150,\"height\":150,\"caption\":\"Departamento de F\u00edsica At\u00f3mica, Molecular y Nuclear\"},\"image\":{\"@id\":\"https:\\\/\\\/departamento.us.es\\\/fisamyn\\\/#\\\/schema\\\/logo\\\/image\\\/\"}}]}<\/script>\n<!-- \/ Yoast SEO plugin. -->","yoast_head_json":{"title":"Localizaci\u00f3n - Departamento de F\u00edsica At\u00f3mica, Molecular y Nuclear","robots":{"index":"index","follow":"follow","max-snippet":"max-snippet:-1","max-image-preview":"max-image-preview:large","max-video-preview":"max-video-preview:-1"},"canonical":"https:\/\/departamento.us.es\/fisamyn\/contacto\/","og_locale":"es_ES","og_type":"article","og_title":"Localizaci\u00f3n - Departamento de F\u00edsica At\u00f3mica, Molecular y Nuclear","og_description":"Localizaci\u00f3n Departamento de F\u00edsica At\u00f3mica, Molecular y Nuclear Av. de la Reina Mercedes, S\/N, 41012 Sevilla","og_url":"https:\/\/departamento.us.es\/fisamyn\/contacto\/","og_site_name":"Departamento de F\u00edsica At\u00f3mica, Molecular y Nuclear","article_modified_time":"2024-11-05T12:27:39+00:00","og_image":[{"width":150,"height":150,"url":"https:\/\/departamento.us.es\/fisamyn\/wp-content\/uploads\/2024\/07\/famn-favicon.png","type":"image\/png"}],"twitter_card":"summary_large_image","twitter_misc":{"Tiempo de lectura":"1 minuto"},"schema":{"@context":"https:\/\/schema.org","@graph":[{"@type":"WebPage","@id":"https:\/\/departamento.us.es\/fisamyn\/contacto\/","url":"https:\/\/departamento.us.es\/fisamyn\/contacto\/","name":"Localizaci\u00f3n - Departamento de F\u00edsica At\u00f3mica, Molecular y Nuclear","isPartOf":{"@id":"https:\/\/departamento.us.es\/fisamyn\/#website"},"datePublished":"2022-06-10T08:57:43+00:00","dateModified":"2024-11-05T12:27:39+00:00","inLanguage":"es","potentialAction":[{"@type":"ReadAction","target":["https:\/\/departamento.us.es\/fisamyn\/contacto\/"]}]},{"@type":"WebSite","@id":"https:\/\/departamento.us.es\/fisamyn\/#website","url":"https:\/\/departamento.us.es\/fisamyn\/","name":"Departamento de F\u00edsica At\u00f3mica, Molecular y Nuclear","description":"Universidad de Sevilla","publisher":{"@id":"https:\/\/departamento.us.es\/fisamyn\/#organization"},"potentialAction":[{"@type":"SearchAction","target":{"@type":"EntryPoint","urlTemplate":"https:\/\/departamento.us.es\/fisamyn\/?s={search_term_string}"},"query-input":{"@type":"PropertyValueSpecification","valueRequired":true,"valueName":"search_term_string"}}],"inLanguage":"es"},{"@type":"Organization","@id":"https:\/\/departamento.us.es\/fisamyn\/#organization","name":"Departamento de F\u00edsica At\u00f3mica, Molecular y Nuclear","url":"https:\/\/departamento.us.es\/fisamyn\/","logo":{"@type":"ImageObject","inLanguage":"es","@id":"https:\/\/departamento.us.es\/fisamyn\/#\/schema\/logo\/image\/","url":"https:\/\/departamento.us.es\/fisamyn\/wp-content\/uploads\/2024\/07\/famn-favicon.png","contentUrl":"https:\/\/departamento.us.es\/fisamyn\/wp-content\/uploads\/2024\/07\/famn-favicon.png","width":150,"height":150,"caption":"Departamento de F\u00edsica At\u00f3mica, Molecular y Nuclear"},"image":{"@id":"https:\/\/departamento.us.es\/fisamyn\/#\/schema\/logo\/image\/"}}]}},"_links":{"self":[{"href":"https:\/\/departamento.us.es\/fisamyn\/wp-json\/wp\/v2\/pages\/2050","targetHints":{"allow":["GET"]}}],"collection":[{"href":"https:\/\/departamento.us.es\/fisamyn\/wp-json\/wp\/v2\/pages"}],"about":[{"href":"https:\/\/departamento.us.es\/fisamyn\/wp-json\/wp\/v2\/types\/page"}],"author":[{"embeddable":true,"href":"https:\/\/departamento.us.es\/fisamyn\/wp-json\/wp\/v2\/users\/12"}],"replies":[{"embeddable":true,"href":"https:\/\/departamento.us.es\/fisamyn\/wp-json\/wp\/v2\/comments?post=2050"}],"version-history":[{"count":9,"href":"https:\/\/departamento.us.es\/fisamyn\/wp-json\/wp\/v2\/pages\/2050\/revisions"}],"predecessor-version":[{"id":4173,"href":"https:\/\/departamento.us.es\/fisamyn\/wp-json\/wp\/v2\/pages\/2050\/revisions\/4173"}],"wp:attachment":[{"href":"https:\/\/departamento.us.es\/fisamyn\/wp-json\/wp\/v2\/media?parent=2050"}],"curies":[{"name":"wp","href":"https:\/\/api.w.org\/{rel}","templated":true}]}}