{"id":3863,"date":"2024-07-08T11:11:15","date_gmt":"2024-07-08T11:11:15","guid":{"rendered":"https:\/\/departamento.us.es\/fisamyn\/?page_id=3863"},"modified":"2026-02-13T11:05:04","modified_gmt":"2026-02-13T11:05:04","slug":"comisiones-delegadas","status":"publish","type":"page","link":"https:\/\/departamento.us.es\/fisamyn\/comisiones-delegadas\/","title":{"rendered":"Comisiones Delegadas"},"content":{"rendered":"\t\t<div data-elementor-type=\"wp-page\" data-elementor-id=\"3863\" class=\"elementor elementor-3863\" data-elementor-post-type=\"page\">\n\t\t\t\t<div class=\"elementor-element elementor-element-f079c07 e-flex e-con-boxed e-con e-parent\" data-id=\"f079c07\" data-element_type=\"container\" data-e-type=\"container\">\n\t\t\t\t\t<div class=\"e-con-inner\">\n\t\t\t\t<div class=\"elementor-element elementor-element-dcc137c elementor-position-inline-start elementor-view-default elementor-mobile-position-block-start elementor-widget elementor-widget-icon-box\" data-id=\"dcc137c\" data-element_type=\"widget\" data-e-type=\"widget\" data-widget_type=\"icon-box.default\">\n\t\t\t\t<div class=\"elementor-widget-container\">\n\t\t\t\t\t\t\t<div class=\"elementor-icon-box-wrapper\">\n\n\t\t\t\t\t\t<div class=\"elementor-icon-box-icon\">\n\t\t\t\t<a href=\"https:\/\/departamento.us.es\/fisamyn\/regdpto\/\" target=\"_blank\" class=\"elementor-icon elementor-animation-grow\" tabindex=\"-1\" aria-label=\"Reglamento del departamento\">\n\t\t\t\t<i aria-hidden=\"true\" class=\"far fa-file-pdf\"><\/i>\t\t\t\t<\/a>\n\t\t\t<\/div>\n\t\t\t\n\t\t\t\t\t\t<div class=\"elementor-icon-box-content\">\n\n\t\t\t\t\t\t\t\t\t<h4 class=\"elementor-icon-box-title\">\n\t\t\t\t\t\t<a href=\"https:\/\/departamento.us.es\/fisamyn\/regdpto\/\" target=\"_blank\" >\n\t\t\t\t\t\t\tReglamento del departamento\t\t\t\t\t\t<\/a>\n\t\t\t\t\t<\/h4>\n\t\t\t\t\n\t\t\t\t\n\t\t\t<\/div>\n\t\t\t\n\t\t<\/div>\n\t\t\t\t\t\t<\/div>\n\t\t\t\t<\/div>\n\t\t\t\t<div class=\"elementor-element elementor-element-13a7296 elementor-position-inline-start elementor-view-default elementor-mobile-position-block-start elementor-widget elementor-widget-icon-box\" data-id=\"13a7296\" data-element_type=\"widget\" data-e-type=\"widget\" data-widget_type=\"icon-box.default\">\n\t\t\t\t<div class=\"elementor-widget-container\">\n\t\t\t\t\t\t\t<div class=\"elementor-icon-box-wrapper\">\n\n\t\t\t\t\t\t<div class=\"elementor-icon-box-icon\">\n\t\t\t\t<a href=\"https:\/\/departamento.us.es\/fisamyn\/acuerdo-4-3-15-cg-05-11-25-reglamento-famn\/\" target=\"_blank\" class=\"elementor-icon elementor-animation-grow\" tabindex=\"-1\" aria-label=\"Modificaci\u00f3n parcial del Reglamento de Funcionamiento del Consejo de Departamento (Acuerdo 4.3.15\/CG 05-11-25, BOUS n\u00fam. 2\/2026, de 10 de febrero).\">\n\t\t\t\t<i aria-hidden=\"true\" class=\"far fa-file-pdf\"><\/i>\t\t\t\t<\/a>\n\t\t\t<\/div>\n\t\t\t\n\t\t\t\t\t\t<div class=\"elementor-icon-box-content\">\n\n\t\t\t\t\t\t\t\t\t<h4 class=\"elementor-icon-box-title\">\n\t\t\t\t\t\t<a href=\"https:\/\/departamento.us.es\/fisamyn\/acuerdo-4-3-15-cg-05-11-25-reglamento-famn\/\" target=\"_blank\" >\n\t\t\t\t\t\t\tModificaci\u00f3n parcial del Reglamento de Funcionamiento del Consejo de Departamento (Acuerdo 4.3.15\/CG 05-11-25, BOUS n\u00fam. 2\/2026, de 10 de febrero).\t\t\t\t\t\t<\/a>\n\t\t\t\t\t<\/h4>\n\t\t\t\t\n\t\t\t\t\n\t\t\t<\/div>\n\t\t\t\n\t\t<\/div>\n\t\t\t\t\t\t<\/div>\n\t\t\t\t<\/div>\n\t\t\t\t\t<\/div>\n\t\t\t\t<\/div>\n\t\t<div class=\"elementor-element elementor-element-b073d9a e-flex e-con-boxed e-con e-parent\" data-id=\"b073d9a\" data-element_type=\"container\" data-e-type=\"container\">\n\t\t\t\t\t<div class=\"e-con-inner\">\n\t\t\t\t<div class=\"elementor-element elementor-element-2e3c226 elementor-widget elementor-widget-heading\" data-id=\"2e3c226\" data-element_type=\"widget\" data-e-type=\"widget\" data-widget_type=\"heading.default\">\n\t\t\t\t<div class=\"elementor-widget-container\">\n\t\t\t\t\t<h4 class=\"elementor-heading-title elementor-size-default\">Comisi\u00f3n electoral<\/h4>\t\t\t\t<\/div>\n\t\t\t\t<\/div>\n\t\t\t\t<div class=\"elementor-element elementor-element-51bd6d9 elementor-widget elementor-widget-text-editor\" data-id=\"51bd6d9\" data-element_type=\"widget\" data-e-type=\"widget\" data-widget_type=\"text-editor.default\">\n\t\t\t\t<div class=\"elementor-widget-container\">\n\t\t\t\t\t\t\t\t\t<p><strong>Titulares:<\/strong>\u00a0 Jes\u00fas Casado (A), Jes\u00fas Casal (PDI no A), Jos\u00e9 Lorenzo Yruela (PAS), Fernando Aranda Rivero (alumnos).<\/p><p><strong>Suplentes:<\/strong> Jos\u00e9 Manuel Espino (A), Carlos Plata (PDI no A), \u00a0Esperanza G\u00f3mez-\u00c1lvarez (PAS), Jos\u00e9 Enrique Garc\u00eda Rodr\u00edguez (alumnos).<\/p>\t\t\t\t\t\t\t\t<\/div>\n\t\t\t\t<\/div>\n\t\t\t\t\t<\/div>\n\t\t\t\t<\/div>\n\t\t<div class=\"elementor-element elementor-element-c9e08d0 e-flex e-con-boxed e-con e-parent\" data-id=\"c9e08d0\" data-element_type=\"container\" data-e-type=\"container\">\n\t\t\t\t\t<div class=\"e-con-inner\">\n\t\t\t\t<div class=\"elementor-element elementor-element-b7dd677 elementor-widget elementor-widget-heading\" data-id=\"b7dd677\" data-element_type=\"widget\" data-e-type=\"widget\" data-widget_type=\"heading.default\">\n\t\t\t\t<div class=\"elementor-widget-container\">\n\t\t\t\t\t<h4 class=\"elementor-heading-title elementor-size-default\">Comisi\u00f3n de docencia<\/h4>\t\t\t\t<\/div>\n\t\t\t\t<\/div>\n\t\t\t\t<div class=\"elementor-element elementor-element-997255c elementor-widget elementor-widget-text-editor\" data-id=\"997255c\" data-element_type=\"widget\" data-e-type=\"widget\" data-widget_type=\"text-editor.default\">\n\t\t\t\t<div class=\"elementor-widget-container\">\n\t\t\t\t\t\t\t\t\t<p><strong>Titulares:<\/strong> Miguel Cort\u00e9s, Antonio Prados, \u00c1lvaro Dom\u00ednguez.<\/p><p><strong>Suplentes:<\/strong> Antonio Moro, Manuel Oliva, Jes\u00fas Casal.<\/p><p><strong>Tres estudiantes:<\/strong> Fernando Aranda Rivero, Pablo Gonz\u00e1lez Ruiz, <span data-olk-copy-source=\"MessageBody\">Lina Sevillano Rodr\u00edguez.<\/span><\/p><p><strong>Tres estudiantes suplentes:<\/strong> <span data-olk-copy-source=\"MessageBody\">Marina Gonz\u00e1lez M\u00e1rquez<\/span>, <span data-olk-copy-source=\"MessageBody\">Juan Verdejo Quemada<\/span>, V\u00edctor Retamino Herce.<\/p>\t\t\t\t\t\t\t\t<\/div>\n\t\t\t\t<\/div>\n\t\t\t\t\t<\/div>\n\t\t\t\t<\/div>\n\t\t<div class=\"elementor-element elementor-element-494bb39 e-flex e-con-boxed e-con e-parent\" data-id=\"494bb39\" data-element_type=\"container\" data-e-type=\"container\">\n\t\t\t\t\t<div class=\"e-con-inner\">\n\t\t\t\t<div class=\"elementor-element elementor-element-318f000 elementor-widget elementor-widget-heading\" data-id=\"318f000\" data-element_type=\"widget\" data-e-type=\"widget\" data-widget_type=\"heading.default\">\n\t\t\t\t<div class=\"elementor-widget-container\">\n\t\t\t\t\t<h4 class=\"elementor-heading-title elementor-size-default\">Comisi\u00f3n de asuntos econ\u00f3micos:<\/h4>\t\t\t\t<\/div>\n\t\t\t\t<\/div>\n\t\t\t\t<div class=\"elementor-element elementor-element-4ed9686 elementor-widget elementor-widget-text-editor\" data-id=\"4ed9686\" data-element_type=\"widget\" data-e-type=\"widget\" data-widget_type=\"text-editor.default\">\n\t\t\t\t<div class=\"elementor-widget-container\">\n\t\t\t\t\t\t\t\t\t<p><strong>Presidente:<\/strong> <span data-olk-copy-source=\"MessageBody\">Director del Departamento o persona en quien delegue.<\/span><\/p><p><strong>Miembros PDI:\u00a0<\/strong> Manuela Rodr\u00edguez, Ana Mar\u00eda G\u00f3mez, Juan Pablo Fern\u00e1ndez, Jos\u00e9 O\u00f1orbe.<\/p><p><strong>Representante de alumnos:<\/strong> <span data-olk-copy-source=\"MessageBody\">Marina Gonz\u00e1lez M\u00e1rquez<\/span>.<\/p>\t\t\t\t\t\t\t\t<\/div>\n\t\t\t\t<\/div>\n\t\t\t\t\t<\/div>\n\t\t\t\t<\/div>\n\t\t<div class=\"elementor-element elementor-element-8945be7 e-flex e-con-boxed e-con e-parent\" data-id=\"8945be7\" data-element_type=\"container\" data-e-type=\"container\">\n\t\t\t\t\t<div class=\"e-con-inner\">\n\t\t\t\t<div class=\"elementor-element elementor-element-732e4db elementor-widget elementor-widget-heading\" data-id=\"732e4db\" data-element_type=\"widget\" data-e-type=\"widget\" data-widget_type=\"heading.default\">\n\t\t\t\t<div class=\"elementor-widget-container\">\n\t\t\t\t\t<h4 class=\"elementor-heading-title elementor-size-default\">Comisi\u00f3n de investigaci\u00f3n:<\/h4>\t\t\t\t<\/div>\n\t\t\t\t<\/div>\n\t\t\t\t<div class=\"elementor-element elementor-element-ca51c46 elementor-widget elementor-widget-text-editor\" data-id=\"ca51c46\" data-element_type=\"widget\" data-e-type=\"widget\" data-widget_type=\"text-editor.default\">\n\t\t\t\t<div class=\"elementor-widget-container\">\n\t\t\t\t\t\t\t\t\t<p><strong>Presidente:<\/strong> Director del Departamento (miembro nato).<\/p><p><strong>Titulares:<\/strong> Joaqu\u00edn G\u00f3mez, Pablo Maynar, Lucas Lamata, Guillermo Meg\u00edas.<\/p><p><strong>Representante estudiantes doctorado:<\/strong> Pedro Punta de la Herr\u00e1n.<\/p>\t\t\t\t\t\t\t\t<\/div>\n\t\t\t\t<\/div>\n\t\t\t\t\t<\/div>\n\t\t\t\t<\/div>\n\t\t<div class=\"elementor-element elementor-element-e4a7aa4 e-flex e-con-boxed e-con e-parent\" data-id=\"e4a7aa4\" data-element_type=\"container\" data-e-type=\"container\">\n\t\t\t\t\t<div class=\"e-con-inner\">\n\t\t\t\t<div class=\"elementor-element elementor-element-db00c7a elementor-widget elementor-widget-heading\" data-id=\"db00c7a\" data-element_type=\"widget\" data-e-type=\"widget\" data-widget_type=\"heading.default\">\n\t\t\t\t<div class=\"elementor-widget-container\">\n\t\t\t\t\t<h4 class=\"elementor-heading-title elementor-size-default\">Comisi\u00f3n delegada Facultad de Matem\u00e1ticas<\/h4>\t\t\t\t<\/div>\n\t\t\t\t<\/div>\n\t\t\t\t<div class=\"elementor-element elementor-element-3092e61 elementor-widget elementor-widget-text-editor\" data-id=\"3092e61\" data-element_type=\"widget\" data-e-type=\"widget\" data-widget_type=\"text-editor.default\">\n\t\t\t\t<div class=\"elementor-widget-container\">\n\t\t\t\t\t\t\t\t\t<p><strong>C. de Ordenaci\u00f3n Acad\u00e9mica (COA):<\/strong> D\u00aa M. Isabel Garc\u00eda de Soria.<\/p><p><strong>C. de Relaciones Internacionales:<\/strong> D. Pablo Maynar Blanco.<\/p><p><strong>C. de Garant\u00edas de Calidad:<\/strong> D. Jes\u00fas Casado Pascual.<\/p><p><strong>C. de seguimiento de los Planes de Estudio:<\/strong> D. Manuel Oliva Ram\u00edrez.<\/p><p><strong>C. de Pr\u00e1cticas de Empresas:<\/strong> D\u00aa Ana Mar\u00eda G\u00f3mez.<\/p>\t\t\t\t\t\t\t\t<\/div>\n\t\t\t\t<\/div>\n\t\t\t\t\t<\/div>\n\t\t\t\t<\/div>\n\t\t<div class=\"elementor-element elementor-element-121a711 e-flex e-con-boxed e-con e-parent\" data-id=\"121a711\" data-element_type=\"container\" data-e-type=\"container\">\n\t\t\t\t\t<div class=\"e-con-inner\">\n\t\t\t\t<div class=\"elementor-element elementor-element-b486c58 elementor-widget elementor-widget-heading\" data-id=\"b486c58\" data-element_type=\"widget\" data-e-type=\"widget\" data-widget_type=\"heading.default\">\n\t\t\t\t<div class=\"elementor-widget-container\">\n\t\t\t\t\t<h4 class=\"elementor-heading-title elementor-size-default\">Representante Junta de Facultad de F\u00edsica: <\/h4>\t\t\t\t<\/div>\n\t\t\t\t<\/div>\n\t\t\t\t<div class=\"elementor-element elementor-element-cdc4ecd elementor-widget elementor-widget-text-editor\" data-id=\"cdc4ecd\" data-element_type=\"widget\" data-e-type=\"widget\" data-widget_type=\"text-editor.default\">\n\t\t\t\t<div class=\"elementor-widget-container\">\n\t\t\t\t\t\t\t\t\t<p>Antonio Moro Mu\u00f1oz.<\/p>\t\t\t\t\t\t\t\t<\/div>\n\t\t\t\t<\/div>\n\t\t\t\t\t<\/div>\n\t\t\t\t<\/div>\n\t\t<div class=\"elementor-element elementor-element-6362025 e-flex e-con-boxed e-con e-parent\" data-id=\"6362025\" data-element_type=\"container\" data-e-type=\"container\">\n\t\t\t\t\t<div class=\"e-con-inner\">\n\t\t\t\t<div class=\"elementor-element elementor-element-0857f03 elementor-widget elementor-widget-heading\" data-id=\"0857f03\" data-element_type=\"widget\" data-e-type=\"widget\" data-widget_type=\"heading.default\">\n\t\t\t\t<div class=\"elementor-widget-container\">\n\t\t\t\t\t<h4 class=\"elementor-heading-title elementor-size-default\">Representante Junta de Facultad de Matem\u00e1ticas: <\/h4>\t\t\t\t<\/div>\n\t\t\t\t<\/div>\n\t\t\t\t<div class=\"elementor-element elementor-element-53469e7 elementor-widget elementor-widget-text-editor\" data-id=\"53469e7\" data-element_type=\"widget\" data-e-type=\"widget\" data-widget_type=\"text-editor.default\">\n\t\t\t\t<div class=\"elementor-widget-container\">\n\t\t\t\t\t\t\t\t\t<p>M\u00aa Isabel Garc\u00eda de Soria.<\/p>\t\t\t\t\t\t\t\t<\/div>\n\t\t\t\t<\/div>\n\t\t\t\t\t<\/div>\n\t\t\t\t<\/div>\n\t\t<div class=\"elementor-element elementor-element-e66dbec e-flex e-con-boxed e-con e-parent\" data-id=\"e66dbec\" data-element_type=\"container\" data-e-type=\"container\">\n\t\t\t\t\t<div class=\"e-con-inner\">\n\t\t\t\t<div class=\"elementor-element elementor-element-29597d5 elementor-widget elementor-widget-heading\" data-id=\"29597d5\" data-element_type=\"widget\" data-e-type=\"widget\" data-widget_type=\"heading.default\">\n\t\t\t\t<div class=\"elementor-widget-container\">\n\t\t\t\t\t<h4 class=\"elementor-heading-title elementor-size-default\">Representante Junta de Facultad de Farmacia: <\/h4>\t\t\t\t<\/div>\n\t\t\t\t<\/div>\n\t\t\t\t<div class=\"elementor-element elementor-element-ecbf704 elementor-widget elementor-widget-text-editor\" data-id=\"ecbf704\" data-element_type=\"widget\" data-e-type=\"widget\" data-widget_type=\"text-editor.default\">\n\t\t\t\t<div class=\"elementor-widget-container\">\n\t\t\t\t\t\t\t\t\t<p><span data-olk-copy-source=\"MessageBody\">Juan Pablo Fern\u00e1ndez Garc\u00eda.<\/span><\/p>\t\t\t\t\t\t\t\t<\/div>\n\t\t\t\t<\/div>\n\t\t\t\t\t<\/div>\n\t\t\t\t<\/div>\n\t\t\t\t<\/div>\n\t\t","protected":false},"excerpt":{"rendered":"<p>Reglamento del departamento Modificaci\u00f3n parcial del Reglamento de Funcionamiento del Consejo de Departamento (Acuerdo 4.3.15\/CG 05-11-25, BOUS n\u00fam. 2\/2026, de 10 de febrero). Comisi\u00f3n electoral Titulares:\u00a0 Jes\u00fas Casado (A), Jes\u00fas Casal (PDI no A), Jos\u00e9 Lorenzo Yruela (PAS), Fernando Aranda Rivero (alumnos). Suplentes: Jos\u00e9 Manuel Espino (A), Carlos Plata (PDI no A), \u00a0Esperanza G\u00f3mez-\u00c1lvarez (PAS), [&hellip;]<\/p>\n","protected":false},"author":12,"featured_media":0,"parent":0,"menu_order":0,"comment_status":"closed","ping_status":"closed","template":"","meta":{"footnotes":""},"class_list":["post-3863","page","type-page","status-publish","hentry"],"yoast_head":"<!-- This site is optimized with the Yoast SEO plugin v27.3 - https:\/\/yoast.com\/product\/yoast-seo-wordpress\/ -->\n<title>Comisiones Delegadas - Departamento de F\u00edsica At\u00f3mica, Molecular y Nuclear<\/title>\n<meta name=\"robots\" content=\"index, follow, max-snippet:-1, max-image-preview:large, max-video-preview:-1\" \/>\n<link rel=\"canonical\" href=\"https:\/\/departamento.us.es\/fisamyn\/comisiones-delegadas\/\" \/>\n<meta property=\"og:locale\" content=\"es_ES\" \/>\n<meta property=\"og:type\" content=\"article\" \/>\n<meta property=\"og:title\" content=\"Comisiones Delegadas - Departamento de F\u00edsica At\u00f3mica, Molecular y Nuclear\" \/>\n<meta property=\"og:description\" content=\"Reglamento del departamento Modificaci\u00f3n parcial del Reglamento de Funcionamiento del Consejo de Departamento (Acuerdo 4.3.15\/CG 05-11-25, BOUS n\u00fam. 2\/2026, de 10 de febrero). Comisi\u00f3n electoral Titulares:\u00a0 Jes\u00fas Casado (A), Jes\u00fas Casal (PDI no A), Jos\u00e9 Lorenzo Yruela (PAS), Fernando Aranda Rivero (alumnos). Suplentes: Jos\u00e9 Manuel Espino (A), Carlos Plata (PDI no A), \u00a0Esperanza G\u00f3mez-\u00c1lvarez (PAS), [&hellip;]\" \/>\n<meta property=\"og:url\" content=\"https:\/\/departamento.us.es\/fisamyn\/comisiones-delegadas\/\" \/>\n<meta property=\"og:site_name\" content=\"Departamento de F\u00edsica At\u00f3mica, Molecular y Nuclear\" \/>\n<meta property=\"article:modified_time\" content=\"2026-02-13T11:05:04+00:00\" \/>\n<meta property=\"og:image\" content=\"https:\/\/departamento.us.es\/fisamyn\/wp-content\/uploads\/2024\/07\/famn-favicon.png\" \/>\n\t<meta property=\"og:image:width\" content=\"150\" \/>\n\t<meta property=\"og:image:height\" content=\"150\" \/>\n\t<meta property=\"og:image:type\" content=\"image\/png\" \/>\n<meta name=\"twitter:card\" content=\"summary_large_image\" \/>\n<meta name=\"twitter:label1\" content=\"Tiempo de lectura\" \/>\n\t<meta name=\"twitter:data1\" content=\"1 minuto\" \/>\n<script type=\"application\/ld+json\" class=\"yoast-schema-graph\">{\"@context\":\"https:\\\/\\\/schema.org\",\"@graph\":[{\"@type\":\"WebPage\",\"@id\":\"https:\\\/\\\/departamento.us.es\\\/fisamyn\\\/comisiones-delegadas\\\/\",\"url\":\"https:\\\/\\\/departamento.us.es\\\/fisamyn\\\/comisiones-delegadas\\\/\",\"name\":\"Comisiones Delegadas - Departamento de F\u00edsica At\u00f3mica, Molecular y Nuclear\",\"isPartOf\":{\"@id\":\"https:\\\/\\\/departamento.us.es\\\/fisamyn\\\/#website\"},\"datePublished\":\"2024-07-08T11:11:15+00:00\",\"dateModified\":\"2026-02-13T11:05:04+00:00\",\"inLanguage\":\"es\",\"potentialAction\":[{\"@type\":\"ReadAction\",\"target\":[\"https:\\\/\\\/departamento.us.es\\\/fisamyn\\\/comisiones-delegadas\\\/\"]}]},{\"@type\":\"WebSite\",\"@id\":\"https:\\\/\\\/departamento.us.es\\\/fisamyn\\\/#website\",\"url\":\"https:\\\/\\\/departamento.us.es\\\/fisamyn\\\/\",\"name\":\"Departamento de F\u00edsica At\u00f3mica, Molecular y Nuclear\",\"description\":\"Universidad de Sevilla\",\"publisher\":{\"@id\":\"https:\\\/\\\/departamento.us.es\\\/fisamyn\\\/#organization\"},\"potentialAction\":[{\"@type\":\"SearchAction\",\"target\":{\"@type\":\"EntryPoint\",\"urlTemplate\":\"https:\\\/\\\/departamento.us.es\\\/fisamyn\\\/?s={search_term_string}\"},\"query-input\":{\"@type\":\"PropertyValueSpecification\",\"valueRequired\":true,\"valueName\":\"search_term_string\"}}],\"inLanguage\":\"es\"},{\"@type\":\"Organization\",\"@id\":\"https:\\\/\\\/departamento.us.es\\\/fisamyn\\\/#organization\",\"name\":\"Departamento de F\u00edsica At\u00f3mica, Molecular y Nuclear\",\"url\":\"https:\\\/\\\/departamento.us.es\\\/fisamyn\\\/\",\"logo\":{\"@type\":\"ImageObject\",\"inLanguage\":\"es\",\"@id\":\"https:\\\/\\\/departamento.us.es\\\/fisamyn\\\/#\\\/schema\\\/logo\\\/image\\\/\",\"url\":\"https:\\\/\\\/departamento.us.es\\\/fisamyn\\\/wp-content\\\/uploads\\\/2024\\\/07\\\/famn-favicon.png\",\"contentUrl\":\"https:\\\/\\\/departamento.us.es\\\/fisamyn\\\/wp-content\\\/uploads\\\/2024\\\/07\\\/famn-favicon.png\",\"width\":150,\"height\":150,\"caption\":\"Departamento de F\u00edsica At\u00f3mica, Molecular y Nuclear\"},\"image\":{\"@id\":\"https:\\\/\\\/departamento.us.es\\\/fisamyn\\\/#\\\/schema\\\/logo\\\/image\\\/\"}}]}<\/script>\n<!-- \/ Yoast SEO plugin. -->","yoast_head_json":{"title":"Comisiones Delegadas - Departamento de F\u00edsica At\u00f3mica, Molecular y Nuclear","robots":{"index":"index","follow":"follow","max-snippet":"max-snippet:-1","max-image-preview":"max-image-preview:large","max-video-preview":"max-video-preview:-1"},"canonical":"https:\/\/departamento.us.es\/fisamyn\/comisiones-delegadas\/","og_locale":"es_ES","og_type":"article","og_title":"Comisiones Delegadas - Departamento de F\u00edsica At\u00f3mica, Molecular y Nuclear","og_description":"Reglamento del departamento Modificaci\u00f3n parcial del Reglamento de Funcionamiento del Consejo de Departamento (Acuerdo 4.3.15\/CG 05-11-25, BOUS n\u00fam. 2\/2026, de 10 de febrero). Comisi\u00f3n electoral Titulares:\u00a0 Jes\u00fas Casado (A), Jes\u00fas Casal (PDI no A), Jos\u00e9 Lorenzo Yruela (PAS), Fernando Aranda Rivero (alumnos). Suplentes: Jos\u00e9 Manuel Espino (A), Carlos Plata (PDI no A), \u00a0Esperanza G\u00f3mez-\u00c1lvarez (PAS), [&hellip;]","og_url":"https:\/\/departamento.us.es\/fisamyn\/comisiones-delegadas\/","og_site_name":"Departamento de F\u00edsica At\u00f3mica, Molecular y Nuclear","article_modified_time":"2026-02-13T11:05:04+00:00","og_image":[{"width":150,"height":150,"url":"https:\/\/departamento.us.es\/fisamyn\/wp-content\/uploads\/2024\/07\/famn-favicon.png","type":"image\/png"}],"twitter_card":"summary_large_image","twitter_misc":{"Tiempo de lectura":"1 minuto"},"schema":{"@context":"https:\/\/schema.org","@graph":[{"@type":"WebPage","@id":"https:\/\/departamento.us.es\/fisamyn\/comisiones-delegadas\/","url":"https:\/\/departamento.us.es\/fisamyn\/comisiones-delegadas\/","name":"Comisiones Delegadas - Departamento de F\u00edsica At\u00f3mica, Molecular y Nuclear","isPartOf":{"@id":"https:\/\/departamento.us.es\/fisamyn\/#website"},"datePublished":"2024-07-08T11:11:15+00:00","dateModified":"2026-02-13T11:05:04+00:00","inLanguage":"es","potentialAction":[{"@type":"ReadAction","target":["https:\/\/departamento.us.es\/fisamyn\/comisiones-delegadas\/"]}]},{"@type":"WebSite","@id":"https:\/\/departamento.us.es\/fisamyn\/#website","url":"https:\/\/departamento.us.es\/fisamyn\/","name":"Departamento de F\u00edsica At\u00f3mica, Molecular y Nuclear","description":"Universidad de Sevilla","publisher":{"@id":"https:\/\/departamento.us.es\/fisamyn\/#organization"},"potentialAction":[{"@type":"SearchAction","target":{"@type":"EntryPoint","urlTemplate":"https:\/\/departamento.us.es\/fisamyn\/?s={search_term_string}"},"query-input":{"@type":"PropertyValueSpecification","valueRequired":true,"valueName":"search_term_string"}}],"inLanguage":"es"},{"@type":"Organization","@id":"https:\/\/departamento.us.es\/fisamyn\/#organization","name":"Departamento de F\u00edsica At\u00f3mica, Molecular y Nuclear","url":"https:\/\/departamento.us.es\/fisamyn\/","logo":{"@type":"ImageObject","inLanguage":"es","@id":"https:\/\/departamento.us.es\/fisamyn\/#\/schema\/logo\/image\/","url":"https:\/\/departamento.us.es\/fisamyn\/wp-content\/uploads\/2024\/07\/famn-favicon.png","contentUrl":"https:\/\/departamento.us.es\/fisamyn\/wp-content\/uploads\/2024\/07\/famn-favicon.png","width":150,"height":150,"caption":"Departamento de F\u00edsica At\u00f3mica, Molecular y Nuclear"},"image":{"@id":"https:\/\/departamento.us.es\/fisamyn\/#\/schema\/logo\/image\/"}}]}},"_links":{"self":[{"href":"https:\/\/departamento.us.es\/fisamyn\/wp-json\/wp\/v2\/pages\/3863","targetHints":{"allow":["GET"]}}],"collection":[{"href":"https:\/\/departamento.us.es\/fisamyn\/wp-json\/wp\/v2\/pages"}],"about":[{"href":"https:\/\/departamento.us.es\/fisamyn\/wp-json\/wp\/v2\/types\/page"}],"author":[{"embeddable":true,"href":"https:\/\/departamento.us.es\/fisamyn\/wp-json\/wp\/v2\/users\/12"}],"replies":[{"embeddable":true,"href":"https:\/\/departamento.us.es\/fisamyn\/wp-json\/wp\/v2\/comments?post=3863"}],"version-history":[{"count":28,"href":"https:\/\/departamento.us.es\/fisamyn\/wp-json\/wp\/v2\/pages\/3863\/revisions"}],"predecessor-version":[{"id":4885,"href":"https:\/\/departamento.us.es\/fisamyn\/wp-json\/wp\/v2\/pages\/3863\/revisions\/4885"}],"wp:attachment":[{"href":"https:\/\/departamento.us.es\/fisamyn\/wp-json\/wp\/v2\/media?parent=3863"}],"curies":[{"name":"wp","href":"https:\/\/api.w.org\/{rel}","templated":true}]}}