{"id":4050,"date":"2024-09-25T11:47:12","date_gmt":"2024-09-25T11:47:12","guid":{"rendered":"https:\/\/departamento.us.es\/fisamyn\/?page_id=4050"},"modified":"2025-11-03T10:35:25","modified_gmt":"2025-11-03T10:35:25","slug":"estudiantes-internos","status":"publish","type":"page","link":"https:\/\/departamento.us.es\/fisamyn\/estudiantes-internos\/","title":{"rendered":"Estudiantes Internos"},"content":{"rendered":"\t\t<div data-elementor-type=\"wp-page\" data-elementor-id=\"4050\" class=\"elementor elementor-4050\" data-elementor-post-type=\"page\">\n\t\t\t\t<div class=\"elementor-element elementor-element-c31e8e3 e-flex e-con-boxed e-con e-parent\" data-id=\"c31e8e3\" data-element_type=\"container\" data-e-type=\"container\">\n\t\t\t\t\t<div class=\"e-con-inner\">\n\t\t\t\t<div class=\"elementor-element elementor-element-e849b99 elementor-widget elementor-widget-n-accordion\" data-id=\"e849b99\" data-element_type=\"widget\" data-e-type=\"widget\" data-settings=\"{&quot;default_state&quot;:&quot;all_collapsed&quot;,&quot;max_items_expended&quot;:&quot;one&quot;,&quot;n_accordion_animation_duration&quot;:{&quot;unit&quot;:&quot;ms&quot;,&quot;size&quot;:400,&quot;sizes&quot;:[]}}\" data-widget_type=\"nested-accordion.default\">\n\t\t\t\t<div class=\"elementor-widget-container\">\n\t\t\t\t\t\t\t<div class=\"e-n-accordion\" aria-label=\"Accordion. Open links with Enter or Space, close with Escape, and navigate with Arrow Keys\">\n\t\t\t\t\t\t<details id=\"e-n-accordion-item-2430\" class=\"e-n-accordion-item\" >\n\t\t\t\t<summary class=\"e-n-accordion-item-title\" data-accordion-index=\"1\" tabindex=\"0\" aria-expanded=\"false\" aria-controls=\"e-n-accordion-item-2430\" >\n\t\t\t\t\t<span class='e-n-accordion-item-title-header'><div class=\"e-n-accordion-item-title-text\"> Normativa General de la Universidad de Sevilla <\/div><\/span>\n\t\t\t\t\t\t\t<span class='e-n-accordion-item-title-icon'>\n\t\t\t<span class='e-opened' ><i aria-hidden=\"true\" class=\"fas fa-caret-down\"><\/i><\/span>\n\t\t\t<span class='e-closed'><i aria-hidden=\"true\" class=\"fas fa-caret-right\"><\/i><\/span>\n\t\t<\/span>\n\n\t\t\t\t\t\t<\/summary>\n\t\t\t\t<div role=\"region\" aria-labelledby=\"e-n-accordion-item-2430\" class=\"elementor-element elementor-element-e301356 e-con-full e-flex e-con e-child\" data-id=\"e301356\" data-element_type=\"container\" data-e-type=\"container\">\n\t\t\t\t<div class=\"elementor-element elementor-element-9e13110 elementor-widget elementor-widget-text-editor\" data-id=\"9e13110\" data-element_type=\"widget\" data-e-type=\"widget\" data-widget_type=\"text-editor.default\">\n\t\t\t\t<div class=\"elementor-widget-container\">\n\t\t\t\t\t\t\t\t\t<p style=\"text-align: justify;\"><strong>PROCEDIMIENTO REGULADOR DE SELECCI\u00d3N Y RENOVACI\u00d3N DE ESTUDIANTES INTERNOS<\/strong><\/p><p style=\"text-align: justify;\"><br \/>De conformidad con lo establecido en el T\u00edtulo V del Reglamento General de Estudiantes de la Universidad de Sevilla (Acuerdo 3\/CU 19-03-09), sobre Estudiantes Internos, los criterios de selecci\u00f3n y renovaci\u00f3n de los mismos se ajustar\u00e1n a las siguientes bases:<\/p><p style=\"text-align: justify;\">1.- Objeto: El fin de la convocatoria de plazas de estudiantes internos es el de mejorar su formaci\u00f3n y prestar colaboraci\u00f3n en tareas acad\u00e9micas en el seno del Departamento.<\/p><p style=\"text-align: justify;\">2.- \u00c1mbito de aplicaci\u00f3n: Podr\u00e1n participar en las convocatorias los estudiantes matriculados en titulaciones oficiales de la Universidad de Sevilla en las que haya materias o asignaturas impartidas por el Departamento de F\u00edsica At\u00f3mica, Molecular y Nuclear, y que cumplan los siguientes requisitos:<\/p><p style=\"text-align: justify;\">a) En el caso de estudiantes de Grado, deben haber aprobado, al menos, todas las asignaturas de los dos primeros cursos de su titulaci\u00f3n o, en su defecto, haber superado al menos el 75% de los cr\u00e9ditos de la titulaci\u00f3n. Adem\u00e1s, deben estar matriculados en el curso acad\u00e9mico vigente de, al menos, una asignatura impartida por este Departamento, o bien haberla superado en cursos previos.<\/p><p style=\"text-align: justify;\"><br \/>b) En el caso de estudiantes de M\u00e1ster, deben estar matriculados en el curso acad\u00e9mico vigente de, al menos, una asignatura impartida por este Departamento, o bien haberla superado en cursos previos.<\/p><p style=\"text-align: justify;\"><br \/>3.- Solicitud: Los interesados deber\u00e1n presentar una solicitud dirigida al Director del Departamento de F\u00edsica At\u00f3mica, Molecular y Nuclear, seg\u00fan modelo (Anexo), acompa\u00f1ada de una certificaci\u00f3n de notas de las asignaturas cursadas hasta la fecha. Dicha solicitud debe ir refrendada por un profesor de este Departamento que actuar\u00eda como tutor del alumno.<\/p><p style=\"text-align: justify;\"><br \/>4.- N\u00famero de plazas: El n\u00famero de plazas a ofertar en cada curso acad\u00e9mico, ser\u00e1 decidido en Consejo de Departamento. Un profesor de este Departamento puede actuar como tutor de un m\u00e1ximo de dos estudiantes internos de Grado y de uno de M\u00e1ster por curso acad\u00e9mico.<\/p><p style=\"text-align: justify;\"><br \/>5.- Plazo y lugar de presentaci\u00f3n de solicitudes: Las solicitudes se presentar\u00e1n en la Secretar\u00eda del Departamento en el plazo de 15 d\u00edas h\u00e1biles a partir del d\u00eda siguiente a la publicaci\u00f3n de la convocatoria en el tabl\u00f3n de anuncios, f\u00edsico y\/o virtual, del Departamento. En todo caso, tanto la convocatoria como su resoluci\u00f3n se realizar\u00e1n dentro del periodo establecido por el Reglamento General de Estudiantes. La convocatoria se comunicar\u00e1 a la Secretar\u00eda de los Centros en los que este Departamento imparta docencia.<\/p><p style=\"text-align: justify;\"><br \/>6.- Selecci\u00f3n: Si el Director del Departamento lo considerara necesario, o el n\u00famero de plazas ofertadas fuera inferior a la demanda, se efectuar\u00e1 un proceso de selecci\u00f3n. Dicho proceso constar\u00e1 de dos fases. En la primera se valorar\u00e1 el expediente acad\u00e9mico. La segunda consistir\u00e1 en la realizaci\u00f3n de una entrevista. Todo ello ajustado a los principios de publicidad, igualdad, m\u00e9rito y capacidad. La Comisi\u00f3n de Investigaci\u00f3n del Departamento ser\u00e1 la responsable de dicha selecci\u00f3n.<\/p><p style=\"text-align: justify;\"><br \/>7.- Resoluci\u00f3n: Antes del 15 de diciembre de cada a\u00f1o, se publicar\u00e1 en el tabl\u00f3n de anuncios del Departamento la relaci\u00f3n de estudiantes seleccionados. Contra la misma se podr\u00e1 efectuar reclamaci\u00f3n, en los t\u00e9rminos y plazos previstos en la legislaci\u00f3n vigente.<\/p><p style=\"text-align: justify;\"><br \/>8.- Nombramientos: Los nombramientos tendr\u00e1n una duraci\u00f3n de un curso acad\u00e9mico y se informar\u00e1 de ello a las Secretar\u00edas de los Centros donde los estudiantes internos est\u00e9n matriculados para que se puedan incorporar a sus expedientes acad\u00e9micos. Antes de la finalizaci\u00f3n de dicho curso el alumno deber\u00e1 presentar un informe detallado de la actividad realizada. Dicho informe debe ser avalado por el tutor. Si dicho informe no se presentase, o existiese un informe negativo del tutor, esta informaci\u00f3n se trasladar\u00e1 a las Secretar\u00edas de los Centros para que se pueda incorporar a sus expedientes acad\u00e9micos.<\/p>\t\t\t\t\t\t\t\t<\/div>\n\t\t\t\t<\/div>\n\t\t\t\t<\/div>\n\t\t\t\t\t<\/details>\n\t\t\t\t\t\t<details id=\"e-n-accordion-item-2431\" class=\"e-n-accordion-item\" >\n\t\t\t\t<summary class=\"e-n-accordion-item-title\" data-accordion-index=\"2\" tabindex=\"-1\" aria-expanded=\"false\" aria-controls=\"e-n-accordion-item-2431\" >\n\t\t\t\t\t<span class='e-n-accordion-item-title-header'><div class=\"e-n-accordion-item-title-text\"> Normativa del departamento <\/div><\/span>\n\t\t\t\t\t\t\t<span class='e-n-accordion-item-title-icon'>\n\t\t\t<span class='e-opened' ><i aria-hidden=\"true\" class=\"fas fa-caret-down\"><\/i><\/span>\n\t\t\t<span class='e-closed'><i aria-hidden=\"true\" class=\"fas fa-caret-right\"><\/i><\/span>\n\t\t<\/span>\n\n\t\t\t\t\t\t<\/summary>\n\t\t\t\t<div role=\"region\" aria-labelledby=\"e-n-accordion-item-2431\" class=\"elementor-element elementor-element-138c903 e-con-full e-flex e-con e-child\" data-id=\"138c903\" data-element_type=\"container\" data-e-type=\"container\">\n\t\t\t\t<div class=\"elementor-element elementor-element-2ee3dc6 elementor-widget elementor-widget-text-editor\" data-id=\"2ee3dc6\" data-element_type=\"widget\" data-e-type=\"widget\" data-widget_type=\"text-editor.default\">\n\t\t\t\t<div class=\"elementor-widget-container\">\n\t\t\t\t\t\t\t\t\t<p style=\"text-align: justify;\"><strong>PROCEDIMIENTO REGULADOR DE SELECCI\u00d3N Y RENOVACI\u00d3N DE ESTUDIANTES INTERNOS<\/strong><\/p><p style=\"text-align: justify;\"><br \/>De conformidad con lo establecido en el T\u00edtulo V del Reglamento General de Estudiantes de la Universidad de Sevilla (Acuerdo 3\/CU 19-03-09), sobre Estudiantes Internos, los criterios de selecci\u00f3n y renovaci\u00f3n de los mismos se ajustar\u00e1n a las siguientes bases:<\/p><p style=\"text-align: justify;\">1.- Objeto: El fin de la convocatoria de plazas de estudiantes internos es el de mejorar su formaci\u00f3n y prestar colaboraci\u00f3n en tareas acad\u00e9micas en el seno del Departamento.<\/p><p style=\"text-align: justify;\">2.- \u00c1mbito de aplicaci\u00f3n: Podr\u00e1n participar en las convocatorias los estudiantes matriculados en titulaciones oficiales de la Universidad de Sevilla en las que haya materias o asignaturas impartidas por el Departamento de F\u00edsica At\u00f3mica, Molecular y Nuclear, y que cumplan los siguientes requisitos:<\/p><p style=\"text-align: justify;\">a) En el caso de estudiantes de Grado, deben haber aprobado, al menos, todas las asignaturas de los dos primeros cursos de su titulaci\u00f3n o, en su defecto, haber superado al menos el 75% de los cr\u00e9ditos de la titulaci\u00f3n. Adem\u00e1s, deben estar matriculados en el curso acad\u00e9mico vigente de, al menos, una asignatura impartida por este Departamento, o bien haberla superado en cursos previos.<\/p><p style=\"text-align: justify;\"><br \/>b) En el caso de estudiantes de M\u00e1ster, deben estar matriculados en el curso acad\u00e9mico vigente de, al menos, una asignatura impartida por este Departamento, o bien haberla superado en cursos previos.<\/p><p style=\"text-align: justify;\"><br \/>3.- Solicitud: Los interesados deber\u00e1n presentar una solicitud dirigida al Director del Departamento de F\u00edsica At\u00f3mica, Molecular y Nuclear, seg\u00fan modelo (Anexo), acompa\u00f1ada de una certificaci\u00f3n de notas de las asignaturas cursadas hasta la fecha. Dicha solicitud debe ir refrendada por un profesor de este Departamento que actuar\u00eda como tutor del alumno.<\/p><p style=\"text-align: justify;\"><br \/>4.- N\u00famero de plazas: El n\u00famero de plazas a ofertar en cada curso acad\u00e9mico, ser\u00e1 decidido en Consejo de Departamento. Un profesor de este Departamento puede actuar como tutor de un m\u00e1ximo de dos estudiantes internos de Grado y de uno de M\u00e1ster por curso acad\u00e9mico.<\/p><p style=\"text-align: justify;\"><br \/>5.- Plazo y lugar de presentaci\u00f3n de solicitudes: Las solicitudes se presentar\u00e1n en la Secretar\u00eda del Departamento en el plazo de 15 d\u00edas h\u00e1biles a partir del d\u00eda siguiente a la publicaci\u00f3n de la convocatoria en el tabl\u00f3n de anuncios, f\u00edsico y\/o virtual, del Departamento. En todo caso, tanto la convocatoria como su resoluci\u00f3n se realizar\u00e1n dentro del periodo establecido por el Reglamento General de Estudiantes. La convocatoria se comunicar\u00e1 a la Secretar\u00eda de los Centros en los que este Departamento imparta docencia.<\/p><p style=\"text-align: justify;\"><br \/>6.- Selecci\u00f3n: Si el Director del Departamento lo considerara necesario, o el n\u00famero de plazas ofertadas fuera inferior a la demanda, se efectuar\u00e1 un proceso de selecci\u00f3n. Dicho proceso constar\u00e1 de dos fases. En la primera se valorar\u00e1 el expediente acad\u00e9mico. La segunda consistir\u00e1 en la realizaci\u00f3n de una entrevista. Todo ello ajustado a los principios de publicidad, igualdad, m\u00e9rito y capacidad. La Comisi\u00f3n de Investigaci\u00f3n del Departamento ser\u00e1 la responsable de dicha selecci\u00f3n.<\/p><p style=\"text-align: justify;\"><br \/>7.- Resoluci\u00f3n: Antes del 15 de diciembre de cada a\u00f1o, se publicar\u00e1 en el tabl\u00f3n de anuncios del Departamento la relaci\u00f3n de estudiantes seleccionados. Contra la misma se podr\u00e1 efectuar reclamaci\u00f3n, en los t\u00e9rminos y plazos previstos en la legislaci\u00f3n vigente.<\/p><p style=\"text-align: justify;\"><br \/>8.- Nombramientos: Los nombramientos tendr\u00e1n una duraci\u00f3n de un curso acad\u00e9mico y se informar\u00e1 de ello a las Secretar\u00edas de los Centros donde los estudiantes internos est\u00e9n matriculados para que se puedan incorporar a sus expedientes acad\u00e9micos. Antes de la finalizaci\u00f3n de dicho curso el alumno deber\u00e1 presentar un informe detallado de la actividad realizada. Dicho informe debe ser avalado por el tutor. Si dicho informe no se presentase, o existiese un informe negativo del tutor, esta informaci\u00f3n se trasladar\u00e1 a las Secretar\u00edas de los Centros para que se pueda incorporar a sus expedientes acad\u00e9micos.<\/p>\t\t\t\t\t\t\t\t<\/div>\n\t\t\t\t<\/div>\n\t\t\t\t<\/div>\n\t\t\t\t\t<\/details>\n\t\t\t\t\t<\/div>\n\t\t\t\t\t\t<\/div>\n\t\t\t\t<\/div>\n\t\t\t\t\t<\/div>\n\t\t\t\t<\/div>\n\t\t<div class=\"elementor-element elementor-element-6703057 e-flex e-con-boxed e-con e-parent\" data-id=\"6703057\" data-element_type=\"container\" data-e-type=\"container\">\n\t\t\t\t\t<div class=\"e-con-inner\">\n\t\t\t\t<div class=\"elementor-element elementor-element-05a8759 elementor-widget elementor-widget-heading\" data-id=\"05a8759\" data-element_type=\"widget\" data-e-type=\"widget\" data-widget_type=\"heading.default\">\n\t\t\t\t<div class=\"elementor-widget-container\">\n\t\t\t\t\t<h5 class=\"elementor-heading-title elementor-size-default\">Convocatoria curso 2025\/26<\/h5>\t\t\t\t<\/div>\n\t\t\t\t<\/div>\n\t\t\t\t<div class=\"elementor-element elementor-element-3056f3a elementor-list-item-link-inline elementor-icon-list--layout-traditional elementor-widget elementor-widget-icon-list\" data-id=\"3056f3a\" data-element_type=\"widget\" data-e-type=\"widget\" data-widget_type=\"icon-list.default\">\n\t\t\t\t<div class=\"elementor-widget-container\">\n\t\t\t\t\t\t\t<ul class=\"elementor-icon-list-items\">\n\t\t\t\t\t\t\t<li class=\"elementor-icon-list-item\">\n\t\t\t\t\t\t\t\t\t\t\t<a href=\"https:\/\/departamento.us.es\/fisamyn\/wp-content\/uploads\/2025\/10\/convocatoria-25-26.report.pdf\" target=\"_blank\" rel=\"nofollow\">\n\n\t\t\t\t\t\t\t\t\t\t\t\t<span class=\"elementor-icon-list-icon\">\n\t\t\t\t\t\t\t<i aria-hidden=\"true\" class=\"fas fa-file-download\"><\/i>\t\t\t\t\t\t<\/span>\n\t\t\t\t\t\t\t\t\t\t<span class=\"elementor-icon-list-text\">Convocatoria de alumnos internos 2025\/26<\/span>\n\t\t\t\t\t\t\t\t\t\t\t<\/a>\n\t\t\t\t\t\t\t\t\t<\/li>\n\t\t\t\t\t\t\t\t<li class=\"elementor-icon-list-item\">\n\t\t\t\t\t\t\t\t\t\t\t<a href=\"https:\/\/departamento.us.es\/fisamyn\/wp-content\/uploads\/2024\/10\/Solicitud-alumno-interno1.docx\" target=\"_blank\" rel=\"nofollow\">\n\n\t\t\t\t\t\t\t\t\t\t\t\t<span class=\"elementor-icon-list-icon\">\n\t\t\t\t\t\t\t<i aria-hidden=\"true\" class=\"fas fa-file-download\"><\/i>\t\t\t\t\t\t<\/span>\n\t\t\t\t\t\t\t\t\t\t<span class=\"elementor-icon-list-text\">Solicitud alumno interno<\/span>\n\t\t\t\t\t\t\t\t\t\t\t<\/a>\n\t\t\t\t\t\t\t\t\t<\/li>\n\t\t\t\t\t\t\t\t<li class=\"elementor-icon-list-item\">\n\t\t\t\t\t\t\t\t\t\t\t<a href=\"https:\/\/departamento.us.es\/fisamyn\/wp-content\/uploads\/2025\/11\/Listado_Estudiantes_Internos_FAMN_2025-26_Grado.pdf\" target=\"_blank\" rel=\"nofollow\">\n\n\t\t\t\t\t\t\t\t\t\t\t\t<span class=\"elementor-icon-list-icon\">\n\t\t\t\t\t\t\t<i aria-hidden=\"true\" class=\"fas fa-file-download\"><\/i>\t\t\t\t\t\t<\/span>\n\t\t\t\t\t\t\t\t\t\t<span class=\"elementor-icon-list-text\">Listado Estudiantes Internos FAMN 2025\/26 Grado<\/span>\n\t\t\t\t\t\t\t\t\t\t\t<\/a>\n\t\t\t\t\t\t\t\t\t<\/li>\n\t\t\t\t\t\t\t\t<li class=\"elementor-icon-list-item\">\n\t\t\t\t\t\t\t\t\t\t\t<a href=\"https:\/\/departamento.us.es\/fisamyn\/wp-content\/uploads\/2025\/11\/Listado_Estudiantes_Internos_FAMN_2025-26_Master.pdf\" target=\"_blank\" rel=\"nofollow\">\n\n\t\t\t\t\t\t\t\t\t\t\t\t<span class=\"elementor-icon-list-icon\">\n\t\t\t\t\t\t\t<i aria-hidden=\"true\" class=\"fas fa-file-download\"><\/i>\t\t\t\t\t\t<\/span>\n\t\t\t\t\t\t\t\t\t\t<span class=\"elementor-icon-list-text\">Listado Estudiantes Internos FAMN 2025\/26 Master<\/span>\n\t\t\t\t\t\t\t\t\t\t\t<\/a>\n\t\t\t\t\t\t\t\t\t<\/li>\n\t\t\t\t\t\t<\/ul>\n\t\t\t\t\t\t<\/div>\n\t\t\t\t<\/div>\n\t\t\t\t\t<\/div>\n\t\t\t\t<\/div>\n\t\t\t\t<\/div>\n\t\t","protected":false},"excerpt":{"rendered":"<p>Normativa General de la Universidad de Sevilla PROCEDIMIENTO REGULADOR DE SELECCI\u00d3N Y RENOVACI\u00d3N DE ESTUDIANTES INTERNOS De conformidad con lo establecido en el T\u00edtulo V del Reglamento General de Estudiantes de la Universidad de Sevilla (Acuerdo 3\/CU 19-03-09), sobre Estudiantes Internos, los criterios de selecci\u00f3n y renovaci\u00f3n de los mismos se ajustar\u00e1n a las siguientes [&hellip;]<\/p>\n","protected":false},"author":12,"featured_media":0,"parent":0,"menu_order":0,"comment_status":"closed","ping_status":"closed","template":"","meta":{"footnotes":""},"class_list":["post-4050","page","type-page","status-publish","hentry"],"yoast_head":"<!-- This site is optimized with the Yoast SEO plugin v27.3 - https:\/\/yoast.com\/product\/yoast-seo-wordpress\/ -->\n<title>Estudiantes Internos - Departamento de F\u00edsica At\u00f3mica, Molecular y Nuclear<\/title>\n<meta name=\"robots\" content=\"index, follow, max-snippet:-1, max-image-preview:large, max-video-preview:-1\" \/>\n<link rel=\"canonical\" href=\"https:\/\/departamento.us.es\/fisamyn\/estudiantes-internos\/\" \/>\n<meta property=\"og:locale\" content=\"es_ES\" \/>\n<meta property=\"og:type\" content=\"article\" \/>\n<meta property=\"og:title\" content=\"Estudiantes Internos - Departamento de F\u00edsica At\u00f3mica, Molecular y Nuclear\" \/>\n<meta property=\"og:description\" content=\"Normativa General de la Universidad de Sevilla PROCEDIMIENTO REGULADOR DE SELECCI\u00d3N Y RENOVACI\u00d3N DE ESTUDIANTES INTERNOS De conformidad con lo establecido en el T\u00edtulo V del Reglamento General de Estudiantes de la Universidad de Sevilla (Acuerdo 3\/CU 19-03-09), sobre Estudiantes Internos, los criterios de selecci\u00f3n y renovaci\u00f3n de los mismos se ajustar\u00e1n a las siguientes [&hellip;]\" \/>\n<meta property=\"og:url\" content=\"https:\/\/departamento.us.es\/fisamyn\/estudiantes-internos\/\" \/>\n<meta property=\"og:site_name\" content=\"Departamento de F\u00edsica At\u00f3mica, Molecular y Nuclear\" \/>\n<meta property=\"article:modified_time\" content=\"2025-11-03T10:35:25+00:00\" \/>\n<meta property=\"og:image\" content=\"https:\/\/departamento.us.es\/fisamyn\/wp-content\/uploads\/2024\/07\/famn-favicon.png\" \/>\n\t<meta property=\"og:image:width\" content=\"150\" \/>\n\t<meta property=\"og:image:height\" content=\"150\" \/>\n\t<meta property=\"og:image:type\" content=\"image\/png\" \/>\n<meta name=\"twitter:card\" content=\"summary_large_image\" \/>\n<meta name=\"twitter:label1\" content=\"Tiempo de lectura\" \/>\n\t<meta name=\"twitter:data1\" content=\"12 minutos\" \/>\n<script type=\"application\/ld+json\" class=\"yoast-schema-graph\">{\"@context\":\"https:\\\/\\\/schema.org\",\"@graph\":[{\"@type\":\"WebPage\",\"@id\":\"https:\\\/\\\/departamento.us.es\\\/fisamyn\\\/estudiantes-internos\\\/\",\"url\":\"https:\\\/\\\/departamento.us.es\\\/fisamyn\\\/estudiantes-internos\\\/\",\"name\":\"Estudiantes Internos - Departamento de F\u00edsica At\u00f3mica, Molecular y Nuclear\",\"isPartOf\":{\"@id\":\"https:\\\/\\\/departamento.us.es\\\/fisamyn\\\/#website\"},\"datePublished\":\"2024-09-25T11:47:12+00:00\",\"dateModified\":\"2025-11-03T10:35:25+00:00\",\"inLanguage\":\"es\",\"potentialAction\":[{\"@type\":\"ReadAction\",\"target\":[\"https:\\\/\\\/departamento.us.es\\\/fisamyn\\\/estudiantes-internos\\\/\"]}]},{\"@type\":\"WebSite\",\"@id\":\"https:\\\/\\\/departamento.us.es\\\/fisamyn\\\/#website\",\"url\":\"https:\\\/\\\/departamento.us.es\\\/fisamyn\\\/\",\"name\":\"Departamento de F\u00edsica At\u00f3mica, Molecular y Nuclear\",\"description\":\"Universidad de Sevilla\",\"publisher\":{\"@id\":\"https:\\\/\\\/departamento.us.es\\\/fisamyn\\\/#organization\"},\"potentialAction\":[{\"@type\":\"SearchAction\",\"target\":{\"@type\":\"EntryPoint\",\"urlTemplate\":\"https:\\\/\\\/departamento.us.es\\\/fisamyn\\\/?s={search_term_string}\"},\"query-input\":{\"@type\":\"PropertyValueSpecification\",\"valueRequired\":true,\"valueName\":\"search_term_string\"}}],\"inLanguage\":\"es\"},{\"@type\":\"Organization\",\"@id\":\"https:\\\/\\\/departamento.us.es\\\/fisamyn\\\/#organization\",\"name\":\"Departamento de F\u00edsica At\u00f3mica, Molecular y Nuclear\",\"url\":\"https:\\\/\\\/departamento.us.es\\\/fisamyn\\\/\",\"logo\":{\"@type\":\"ImageObject\",\"inLanguage\":\"es\",\"@id\":\"https:\\\/\\\/departamento.us.es\\\/fisamyn\\\/#\\\/schema\\\/logo\\\/image\\\/\",\"url\":\"https:\\\/\\\/departamento.us.es\\\/fisamyn\\\/wp-content\\\/uploads\\\/2024\\\/07\\\/famn-favicon.png\",\"contentUrl\":\"https:\\\/\\\/departamento.us.es\\\/fisamyn\\\/wp-content\\\/uploads\\\/2024\\\/07\\\/famn-favicon.png\",\"width\":150,\"height\":150,\"caption\":\"Departamento de F\u00edsica At\u00f3mica, Molecular y Nuclear\"},\"image\":{\"@id\":\"https:\\\/\\\/departamento.us.es\\\/fisamyn\\\/#\\\/schema\\\/logo\\\/image\\\/\"}}]}<\/script>\n<!-- \/ Yoast SEO plugin. -->","yoast_head_json":{"title":"Estudiantes Internos - Departamento de F\u00edsica At\u00f3mica, Molecular y Nuclear","robots":{"index":"index","follow":"follow","max-snippet":"max-snippet:-1","max-image-preview":"max-image-preview:large","max-video-preview":"max-video-preview:-1"},"canonical":"https:\/\/departamento.us.es\/fisamyn\/estudiantes-internos\/","og_locale":"es_ES","og_type":"article","og_title":"Estudiantes Internos - Departamento de F\u00edsica At\u00f3mica, Molecular y Nuclear","og_description":"Normativa General de la Universidad de Sevilla PROCEDIMIENTO REGULADOR DE SELECCI\u00d3N Y RENOVACI\u00d3N DE ESTUDIANTES INTERNOS De conformidad con lo establecido en el T\u00edtulo V del Reglamento General de Estudiantes de la Universidad de Sevilla (Acuerdo 3\/CU 19-03-09), sobre Estudiantes Internos, los criterios de selecci\u00f3n y renovaci\u00f3n de los mismos se ajustar\u00e1n a las siguientes [&hellip;]","og_url":"https:\/\/departamento.us.es\/fisamyn\/estudiantes-internos\/","og_site_name":"Departamento de F\u00edsica At\u00f3mica, Molecular y Nuclear","article_modified_time":"2025-11-03T10:35:25+00:00","og_image":[{"width":150,"height":150,"url":"https:\/\/departamento.us.es\/fisamyn\/wp-content\/uploads\/2024\/07\/famn-favicon.png","type":"image\/png"}],"twitter_card":"summary_large_image","twitter_misc":{"Tiempo de lectura":"12 minutos"},"schema":{"@context":"https:\/\/schema.org","@graph":[{"@type":"WebPage","@id":"https:\/\/departamento.us.es\/fisamyn\/estudiantes-internos\/","url":"https:\/\/departamento.us.es\/fisamyn\/estudiantes-internos\/","name":"Estudiantes Internos - Departamento de F\u00edsica At\u00f3mica, Molecular y Nuclear","isPartOf":{"@id":"https:\/\/departamento.us.es\/fisamyn\/#website"},"datePublished":"2024-09-25T11:47:12+00:00","dateModified":"2025-11-03T10:35:25+00:00","inLanguage":"es","potentialAction":[{"@type":"ReadAction","target":["https:\/\/departamento.us.es\/fisamyn\/estudiantes-internos\/"]}]},{"@type":"WebSite","@id":"https:\/\/departamento.us.es\/fisamyn\/#website","url":"https:\/\/departamento.us.es\/fisamyn\/","name":"Departamento de F\u00edsica At\u00f3mica, Molecular y Nuclear","description":"Universidad de Sevilla","publisher":{"@id":"https:\/\/departamento.us.es\/fisamyn\/#organization"},"potentialAction":[{"@type":"SearchAction","target":{"@type":"EntryPoint","urlTemplate":"https:\/\/departamento.us.es\/fisamyn\/?s={search_term_string}"},"query-input":{"@type":"PropertyValueSpecification","valueRequired":true,"valueName":"search_term_string"}}],"inLanguage":"es"},{"@type":"Organization","@id":"https:\/\/departamento.us.es\/fisamyn\/#organization","name":"Departamento de F\u00edsica At\u00f3mica, Molecular y Nuclear","url":"https:\/\/departamento.us.es\/fisamyn\/","logo":{"@type":"ImageObject","inLanguage":"es","@id":"https:\/\/departamento.us.es\/fisamyn\/#\/schema\/logo\/image\/","url":"https:\/\/departamento.us.es\/fisamyn\/wp-content\/uploads\/2024\/07\/famn-favicon.png","contentUrl":"https:\/\/departamento.us.es\/fisamyn\/wp-content\/uploads\/2024\/07\/famn-favicon.png","width":150,"height":150,"caption":"Departamento de F\u00edsica At\u00f3mica, Molecular y Nuclear"},"image":{"@id":"https:\/\/departamento.us.es\/fisamyn\/#\/schema\/logo\/image\/"}}]}},"_links":{"self":[{"href":"https:\/\/departamento.us.es\/fisamyn\/wp-json\/wp\/v2\/pages\/4050","targetHints":{"allow":["GET"]}}],"collection":[{"href":"https:\/\/departamento.us.es\/fisamyn\/wp-json\/wp\/v2\/pages"}],"about":[{"href":"https:\/\/departamento.us.es\/fisamyn\/wp-json\/wp\/v2\/types\/page"}],"author":[{"embeddable":true,"href":"https:\/\/departamento.us.es\/fisamyn\/wp-json\/wp\/v2\/users\/12"}],"replies":[{"embeddable":true,"href":"https:\/\/departamento.us.es\/fisamyn\/wp-json\/wp\/v2\/comments?post=4050"}],"version-history":[{"count":40,"href":"https:\/\/departamento.us.es\/fisamyn\/wp-json\/wp\/v2\/pages\/4050\/revisions"}],"predecessor-version":[{"id":4707,"href":"https:\/\/departamento.us.es\/fisamyn\/wp-json\/wp\/v2\/pages\/4050\/revisions\/4707"}],"wp:attachment":[{"href":"https:\/\/departamento.us.es\/fisamyn\/wp-json\/wp\/v2\/media?parent=4050"}],"curies":[{"name":"wp","href":"https:\/\/api.w.org\/{rel}","templated":true}]}}