{"id":2681,"date":"2025-02-04T08:36:46","date_gmt":"2025-02-04T08:36:46","guid":{"rendered":"https:\/\/departamento.us.es\/fisiologia\/?page_id=2681"},"modified":"2025-05-02T11:15:49","modified_gmt":"2025-05-02T11:15:49","slug":"secretaria","status":"publish","type":"page","link":"https:\/\/departamento.us.es\/fisiologia\/el-departamento\/secretaria\/","title":{"rendered":"Secretar\u00eda"},"content":{"rendered":"\t\t<div data-elementor-type=\"wp-page\" data-elementor-id=\"2681\" class=\"elementor elementor-2681\" data-elementor-post-type=\"page\">\n\t\t\t\t<div class=\"elementor-element elementor-element-1250aea e-flex e-con-boxed e-con e-parent\" data-id=\"1250aea\" data-element_type=\"container\">\n\t\t\t\t\t<div class=\"e-con-inner\">\n\t\t\t\t<div class=\"elementor-element elementor-element-5fe8d15 elementor-widget-mobile__width-inherit elementor-widget elementor-widget-image\" data-id=\"5fe8d15\" data-element_type=\"widget\" data-widget_type=\"image.default\">\n\t\t\t\t<div class=\"elementor-widget-container\">\n\t\t\t\t\t\t\t\t\t\t\t\t\t\t\t<img fetchpriority=\"high\" decoding=\"async\" width=\"375\" height=\"500\" src=\"https:\/\/departamento.us.es\/fisiologia\/wp-content\/uploads\/2025\/02\/facultad-biologia.jpg\" class=\"attachment-large size-large wp-image-2717\" alt=\"\" \/>\t\t\t\t\t\t\t\t\t\t\t\t\t\t\t<\/div>\n\t\t\t\t<\/div>\n\t\t<div class=\"elementor-element elementor-element-9c4b667 e-con-full e-flex e-con e-child\" data-id=\"9c4b667\" data-element_type=\"container\">\n\t\t\t\t<div class=\"elementor-element elementor-element-640074a elementor-widget elementor-widget-text-editor\" data-id=\"640074a\" data-element_type=\"widget\" data-widget_type=\"text-editor.default\">\n\t\t\t\t<div class=\"elementor-widget-container\">\n\t\t\t\t\t\t\t\t\t<p>La sede de la secretar\u00eda del departamento se encuentra en:<\/p>\t\t\t\t\t\t\t\t<\/div>\n\t\t\t\t<\/div>\n\t\t\t\t<div class=\"elementor-element elementor-element-052de12 elementor-list-item-link-inline elementor-icon-list--layout-traditional elementor-widget elementor-widget-icon-list\" data-id=\"052de12\" data-element_type=\"widget\" data-widget_type=\"icon-list.default\">\n\t\t\t\t<div class=\"elementor-widget-container\">\n\t\t\t\t\t\t\t<ul class=\"elementor-icon-list-items\">\n\t\t\t\t\t\t\t<li class=\"elementor-icon-list-item\">\n\t\t\t\t\t\t\t\t\t\t\t<span class=\"elementor-icon-list-icon\">\n\t\t\t\t\t\t\t<i aria-hidden=\"true\" class=\"fas fa-door-closed\"><\/i>\t\t\t\t\t\t<\/span>\n\t\t\t\t\t\t\t\t\t\t<span class=\"elementor-icon-list-text\">Departamento de Fisiolog\u00eda Secretar\u00eda (4\u00aa planta)<\/span>\n\t\t\t\t\t\t\t\t\t<\/li>\n\t\t\t\t\t\t\t\t<li class=\"elementor-icon-list-item\">\n\t\t\t\t\t\t\t\t\t\t\t<span class=\"elementor-icon-list-icon\">\n\t\t\t\t\t\t\t<i aria-hidden=\"true\" class=\"fas fa-building\"><\/i>\t\t\t\t\t\t<\/span>\n\t\t\t\t\t\t\t\t\t\t<span class=\"elementor-icon-list-text\">Facultad de Biolog\u00eda<\/span>\n\t\t\t\t\t\t\t\t\t<\/li>\n\t\t\t\t\t\t\t\t<li class=\"elementor-icon-list-item\">\n\t\t\t\t\t\t\t\t\t\t\t<span class=\"elementor-icon-list-icon\">\n\t\t\t\t\t\t\t<i aria-hidden=\"true\" class=\"fas fa-map-marker-alt\"><\/i>\t\t\t\t\t\t<\/span>\n\t\t\t\t\t\t\t\t\t\t<span class=\"elementor-icon-list-text\">Av. Reina Mercedes, 6   41012 Sevilla<\/span>\n\t\t\t\t\t\t\t\t\t<\/li>\n\t\t\t\t\t\t<\/ul>\n\t\t\t\t\t\t<\/div>\n\t\t\t\t<\/div>\n\t\t\t\t<div class=\"elementor-element elementor-element-da59007 elementor-widget elementor-widget-text-editor\" data-id=\"da59007\" data-element_type=\"widget\" data-widget_type=\"text-editor.default\">\n\t\t\t\t<div class=\"elementor-widget-container\">\n\t\t\t\t\t\t\t\t\t<p>Contacto:<\/p>\t\t\t\t\t\t\t\t<\/div>\n\t\t\t\t<\/div>\n\t\t\t\t<div class=\"elementor-element elementor-element-b2e4501 elementor-list-item-link-inline elementor-icon-list--layout-traditional elementor-widget elementor-widget-icon-list\" data-id=\"b2e4501\" data-element_type=\"widget\" data-widget_type=\"icon-list.default\">\n\t\t\t\t<div class=\"elementor-widget-container\">\n\t\t\t\t\t\t\t<ul class=\"elementor-icon-list-items\">\n\t\t\t\t\t\t\t<li class=\"elementor-icon-list-item\">\n\t\t\t\t\t\t\t\t\t\t\t<a href=\"tel:%20954557096\">\n\n\t\t\t\t\t\t\t\t\t\t\t\t<span class=\"elementor-icon-list-icon\">\n\t\t\t\t\t\t\t<i aria-hidden=\"true\" class=\"fas fa-phone-alt\"><\/i>\t\t\t\t\t\t<\/span>\n\t\t\t\t\t\t\t\t\t\t<span class=\"elementor-icon-list-text\">954557096<\/span>\n\t\t\t\t\t\t\t\t\t\t\t<\/a>\n\t\t\t\t\t\t\t\t\t<\/li>\n\t\t\t\t\t\t\t\t<li class=\"elementor-icon-list-item\">\n\t\t\t\t\t\t\t\t\t\t\t<a href=\"mailto:%20fisiologia@us.es\">\n\n\t\t\t\t\t\t\t\t\t\t\t\t<span class=\"elementor-icon-list-icon\">\n\t\t\t\t\t\t\t<i aria-hidden=\"true\" class=\"fas fa-envelope\"><\/i>\t\t\t\t\t\t<\/span>\n\t\t\t\t\t\t\t\t\t\t<span class=\"elementor-icon-list-text\">fisiologia@us.es<\/span>\n\t\t\t\t\t\t\t\t\t\t\t<\/a>\n\t\t\t\t\t\t\t\t\t<\/li>\n\t\t\t\t\t\t<\/ul>\n\t\t\t\t\t\t<\/div>\n\t\t\t\t<\/div>\n\t\t\t\t<div class=\"elementor-element elementor-element-3a1ed2b elementor-widget elementor-widget-text-editor\" data-id=\"3a1ed2b\" data-element_type=\"widget\" data-widget_type=\"text-editor.default\">\n\t\t\t\t<div class=\"elementor-widget-container\">\n\t\t\t\t\t\t\t\t\t<p>Personal de secretar\u00eda:<\/p>\t\t\t\t\t\t\t\t<\/div>\n\t\t\t\t<\/div>\n\t\t\t\t<div class=\"elementor-element elementor-element-5f4e84e elementor-list-item-link-inline elementor-icon-list--layout-traditional elementor-widget elementor-widget-icon-list\" data-id=\"5f4e84e\" data-element_type=\"widget\" data-widget_type=\"icon-list.default\">\n\t\t\t\t<div class=\"elementor-widget-container\">\n\t\t\t\t\t\t\t<ul class=\"elementor-icon-list-items\">\n\t\t\t\t\t\t\t<li class=\"elementor-icon-list-item\">\n\t\t\t\t\t\t\t\t\t\t\t<span class=\"elementor-icon-list-icon\">\n\t\t\t\t\t\t\t<i aria-hidden=\"true\" class=\"fas fa-user\"><\/i>\t\t\t\t\t\t<\/span>\n\t\t\t\t\t\t\t\t\t\t<span class=\"elementor-icon-list-text\">Cristina P\u00e9rez Gal\u00e1n <\/span>\n\t\t\t\t\t\t\t\t\t<\/li>\n\t\t\t\t\t\t\t\t<li class=\"elementor-icon-list-item\">\n\t\t\t\t\t\t\t\t\t\t\t<span class=\"elementor-icon-list-icon\">\n\t\t\t\t\t\t\t<i aria-hidden=\"true\" class=\"fas fa-user\"><\/i>\t\t\t\t\t\t<\/span>\n\t\t\t\t\t\t\t\t\t\t<span class=\"elementor-icon-list-text\">Mar\u00eda Esther Murillo Pajuelo<\/span>\n\t\t\t\t\t\t\t\t\t<\/li>\n\t\t\t\t\t\t<\/ul>\n\t\t\t\t\t\t<\/div>\n\t\t\t\t<\/div>\n\t\t\t\t<\/div>\n\t\t\t\t\t<\/div>\n\t\t\t\t<\/div>\n\t\t\t\t<\/div>\n\t\t","protected":false},"excerpt":{"rendered":"<p>La sede de la secretar\u00eda del departamento se encuentra en: Departamento de Fisiolog\u00eda Secretar\u00eda (4\u00aa planta) Facultad de Biolog\u00eda Av. Reina Mercedes, 6 41012 Sevilla Contacto: 954557096 fisiologia@us.es Personal de secretar\u00eda: Cristina P\u00e9rez Gal\u00e1n Mar\u00eda Esther Murillo Pajuelo<\/p>\n","protected":false},"author":7,"featured_media":0,"parent":2675,"menu_order":0,"comment_status":"closed","ping_status":"closed","template":"","meta":{"_acf_changed":false,"footnotes":""},"class_list":["post-2681","page","type-page","status-publish","hentry"],"acf":[],"yoast_head":"<!-- This site is optimized with the Yoast SEO plugin v26.8 - https:\/\/yoast.com\/product\/yoast-seo-wordpress\/ -->\n<title>Secretar\u00eda - Fisiolog\u00eda<\/title>\n<meta name=\"robots\" content=\"index, follow, max-snippet:-1, max-image-preview:large, max-video-preview:-1\" \/>\n<link rel=\"canonical\" href=\"https:\/\/departamento.us.es\/fisiologia\/el-departamento\/secretaria\/\" \/>\n<meta property=\"og:locale\" content=\"es_ES\" \/>\n<meta property=\"og:type\" content=\"article\" \/>\n<meta property=\"og:title\" content=\"Secretar\u00eda - Fisiolog\u00eda\" \/>\n<meta property=\"og:description\" content=\"La sede de la secretar\u00eda del departamento se encuentra en: Departamento de Fisiolog\u00eda Secretar\u00eda (4\u00aa planta) Facultad de Biolog\u00eda Av. Reina Mercedes, 6 41012 Sevilla Contacto: 954557096 fisiologia@us.es Personal de secretar\u00eda: Cristina P\u00e9rez Gal\u00e1n Mar\u00eda Esther Murillo Pajuelo\" \/>\n<meta property=\"og:url\" content=\"https:\/\/departamento.us.es\/fisiologia\/el-departamento\/secretaria\/\" \/>\n<meta property=\"og:site_name\" content=\"Fisiolog\u00eda\" \/>\n<meta property=\"article:modified_time\" content=\"2025-05-02T11:15:49+00:00\" \/>\n<meta property=\"og:image\" content=\"https:\/\/departamento.us.es\/fisiologia\/wp-content\/uploads\/2025\/02\/facultad-biologia.jpg\" \/>\n<meta name=\"twitter:card\" content=\"summary_large_image\" \/>\n<meta name=\"twitter:label1\" content=\"Tiempo de lectura\" \/>\n\t<meta name=\"twitter:data1\" content=\"1 minuto\" \/>\n<script type=\"application\/ld+json\" class=\"yoast-schema-graph\">{\"@context\":\"https:\/\/schema.org\",\"@graph\":[{\"@type\":\"WebPage\",\"@id\":\"https:\/\/departamento.us.es\/fisiologia\/el-departamento\/secretaria\/\",\"url\":\"https:\/\/departamento.us.es\/fisiologia\/el-departamento\/secretaria\/\",\"name\":\"Secretar\u00eda - Fisiolog\u00eda\",\"isPartOf\":{\"@id\":\"https:\/\/departamento.us.es\/fisiologia\/#website\"},\"primaryImageOfPage\":{\"@id\":\"https:\/\/departamento.us.es\/fisiologia\/el-departamento\/secretaria\/#primaryimage\"},\"image\":{\"@id\":\"https:\/\/departamento.us.es\/fisiologia\/el-departamento\/secretaria\/#primaryimage\"},\"thumbnailUrl\":\"https:\/\/departamento.us.es\/fisiologia\/wp-content\/uploads\/2025\/02\/facultad-biologia.jpg\",\"datePublished\":\"2025-02-04T08:36:46+00:00\",\"dateModified\":\"2025-05-02T11:15:49+00:00\",\"breadcrumb\":{\"@id\":\"https:\/\/departamento.us.es\/fisiologia\/el-departamento\/secretaria\/#breadcrumb\"},\"inLanguage\":\"es\",\"potentialAction\":[{\"@type\":\"ReadAction\",\"target\":[\"https:\/\/departamento.us.es\/fisiologia\/el-departamento\/secretaria\/\"]}]},{\"@type\":\"ImageObject\",\"inLanguage\":\"es\",\"@id\":\"https:\/\/departamento.us.es\/fisiologia\/el-departamento\/secretaria\/#primaryimage\",\"url\":\"https:\/\/departamento.us.es\/fisiologia\/wp-content\/uploads\/2025\/02\/facultad-biologia.jpg\",\"contentUrl\":\"https:\/\/departamento.us.es\/fisiologia\/wp-content\/uploads\/2025\/02\/facultad-biologia.jpg\",\"width\":375,\"height\":500},{\"@type\":\"BreadcrumbList\",\"@id\":\"https:\/\/departamento.us.es\/fisiologia\/el-departamento\/secretaria\/#breadcrumb\",\"itemListElement\":[{\"@type\":\"ListItem\",\"position\":1,\"name\":\"El Departamento\",\"item\":\"https:\/\/departamento.us.es\/fisiologia\/el-departamento\/\"},{\"@type\":\"ListItem\",\"position\":2,\"name\":\"Secretar\u00eda\"}]},{\"@type\":\"WebSite\",\"@id\":\"https:\/\/departamento.us.es\/fisiologia\/#website\",\"url\":\"https:\/\/departamento.us.es\/fisiologia\/\",\"name\":\"Fisiolog\u00eda\",\"description\":\"Departamento de Fisiolog\u00eda\",\"publisher\":{\"@id\":\"https:\/\/departamento.us.es\/fisiologia\/#organization\"},\"potentialAction\":[{\"@type\":\"SearchAction\",\"target\":{\"@type\":\"EntryPoint\",\"urlTemplate\":\"https:\/\/departamento.us.es\/fisiologia\/?s={search_term_string}\"},\"query-input\":{\"@type\":\"PropertyValueSpecification\",\"valueRequired\":true,\"valueName\":\"search_term_string\"}}],\"inLanguage\":\"es\"},{\"@type\":\"Organization\",\"@id\":\"https:\/\/departamento.us.es\/fisiologia\/#organization\",\"name\":\"Fisiolog\u00eda\",\"url\":\"https:\/\/departamento.us.es\/fisiologia\/\",\"logo\":{\"@type\":\"ImageObject\",\"inLanguage\":\"es\",\"@id\":\"https:\/\/departamento.us.es\/fisiologia\/#\/schema\/logo\/image\/\",\"url\":\"https:\/\/departamento.us.es\/fisiologia\/wp-content\/uploads\/2022\/02\/LogoUScuadrado-blanco.png\",\"contentUrl\":\"https:\/\/departamento.us.es\/fisiologia\/wp-content\/uploads\/2022\/02\/LogoUScuadrado-blanco.png\",\"width\":147,\"height\":150,\"caption\":\"Fisiolog\u00eda\"},\"image\":{\"@id\":\"https:\/\/departamento.us.es\/fisiologia\/#\/schema\/logo\/image\/\"}}]}<\/script>\n<!-- \/ Yoast SEO plugin. -->","yoast_head_json":{"title":"Secretar\u00eda - Fisiolog\u00eda","robots":{"index":"index","follow":"follow","max-snippet":"max-snippet:-1","max-image-preview":"max-image-preview:large","max-video-preview":"max-video-preview:-1"},"canonical":"https:\/\/departamento.us.es\/fisiologia\/el-departamento\/secretaria\/","og_locale":"es_ES","og_type":"article","og_title":"Secretar\u00eda - Fisiolog\u00eda","og_description":"La sede de la secretar\u00eda del departamento se encuentra en: Departamento de Fisiolog\u00eda Secretar\u00eda (4\u00aa planta) Facultad de Biolog\u00eda Av. Reina Mercedes, 6 41012 Sevilla Contacto: 954557096 fisiologia@us.es Personal de secretar\u00eda: Cristina P\u00e9rez Gal\u00e1n Mar\u00eda Esther Murillo Pajuelo","og_url":"https:\/\/departamento.us.es\/fisiologia\/el-departamento\/secretaria\/","og_site_name":"Fisiolog\u00eda","article_modified_time":"2025-05-02T11:15:49+00:00","og_image":[{"url":"https:\/\/departamento.us.es\/fisiologia\/wp-content\/uploads\/2025\/02\/facultad-biologia.jpg","type":"","width":"","height":""}],"twitter_card":"summary_large_image","twitter_misc":{"Tiempo de lectura":"1 minuto"},"schema":{"@context":"https:\/\/schema.org","@graph":[{"@type":"WebPage","@id":"https:\/\/departamento.us.es\/fisiologia\/el-departamento\/secretaria\/","url":"https:\/\/departamento.us.es\/fisiologia\/el-departamento\/secretaria\/","name":"Secretar\u00eda - Fisiolog\u00eda","isPartOf":{"@id":"https:\/\/departamento.us.es\/fisiologia\/#website"},"primaryImageOfPage":{"@id":"https:\/\/departamento.us.es\/fisiologia\/el-departamento\/secretaria\/#primaryimage"},"image":{"@id":"https:\/\/departamento.us.es\/fisiologia\/el-departamento\/secretaria\/#primaryimage"},"thumbnailUrl":"https:\/\/departamento.us.es\/fisiologia\/wp-content\/uploads\/2025\/02\/facultad-biologia.jpg","datePublished":"2025-02-04T08:36:46+00:00","dateModified":"2025-05-02T11:15:49+00:00","breadcrumb":{"@id":"https:\/\/departamento.us.es\/fisiologia\/el-departamento\/secretaria\/#breadcrumb"},"inLanguage":"es","potentialAction":[{"@type":"ReadAction","target":["https:\/\/departamento.us.es\/fisiologia\/el-departamento\/secretaria\/"]}]},{"@type":"ImageObject","inLanguage":"es","@id":"https:\/\/departamento.us.es\/fisiologia\/el-departamento\/secretaria\/#primaryimage","url":"https:\/\/departamento.us.es\/fisiologia\/wp-content\/uploads\/2025\/02\/facultad-biologia.jpg","contentUrl":"https:\/\/departamento.us.es\/fisiologia\/wp-content\/uploads\/2025\/02\/facultad-biologia.jpg","width":375,"height":500},{"@type":"BreadcrumbList","@id":"https:\/\/departamento.us.es\/fisiologia\/el-departamento\/secretaria\/#breadcrumb","itemListElement":[{"@type":"ListItem","position":1,"name":"El Departamento","item":"https:\/\/departamento.us.es\/fisiologia\/el-departamento\/"},{"@type":"ListItem","position":2,"name":"Secretar\u00eda"}]},{"@type":"WebSite","@id":"https:\/\/departamento.us.es\/fisiologia\/#website","url":"https:\/\/departamento.us.es\/fisiologia\/","name":"Fisiolog\u00eda","description":"Departamento de Fisiolog\u00eda","publisher":{"@id":"https:\/\/departamento.us.es\/fisiologia\/#organization"},"potentialAction":[{"@type":"SearchAction","target":{"@type":"EntryPoint","urlTemplate":"https:\/\/departamento.us.es\/fisiologia\/?s={search_term_string}"},"query-input":{"@type":"PropertyValueSpecification","valueRequired":true,"valueName":"search_term_string"}}],"inLanguage":"es"},{"@type":"Organization","@id":"https:\/\/departamento.us.es\/fisiologia\/#organization","name":"Fisiolog\u00eda","url":"https:\/\/departamento.us.es\/fisiologia\/","logo":{"@type":"ImageObject","inLanguage":"es","@id":"https:\/\/departamento.us.es\/fisiologia\/#\/schema\/logo\/image\/","url":"https:\/\/departamento.us.es\/fisiologia\/wp-content\/uploads\/2022\/02\/LogoUScuadrado-blanco.png","contentUrl":"https:\/\/departamento.us.es\/fisiologia\/wp-content\/uploads\/2022\/02\/LogoUScuadrado-blanco.png","width":147,"height":150,"caption":"Fisiolog\u00eda"},"image":{"@id":"https:\/\/departamento.us.es\/fisiologia\/#\/schema\/logo\/image\/"}}]}},"_links":{"self":[{"href":"https:\/\/departamento.us.es\/fisiologia\/wp-json\/wp\/v2\/pages\/2681","targetHints":{"allow":["GET"]}}],"collection":[{"href":"https:\/\/departamento.us.es\/fisiologia\/wp-json\/wp\/v2\/pages"}],"about":[{"href":"https:\/\/departamento.us.es\/fisiologia\/wp-json\/wp\/v2\/types\/page"}],"author":[{"embeddable":true,"href":"https:\/\/departamento.us.es\/fisiologia\/wp-json\/wp\/v2\/users\/7"}],"replies":[{"embeddable":true,"href":"https:\/\/departamento.us.es\/fisiologia\/wp-json\/wp\/v2\/comments?post=2681"}],"version-history":[{"count":0,"href":"https:\/\/departamento.us.es\/fisiologia\/wp-json\/wp\/v2\/pages\/2681\/revisions"}],"up":[{"embeddable":true,"href":"https:\/\/departamento.us.es\/fisiologia\/wp-json\/wp\/v2\/pages\/2675"}],"wp:attachment":[{"href":"https:\/\/departamento.us.es\/fisiologia\/wp-json\/wp\/v2\/media?parent=2681"}],"curies":[{"name":"wp","href":"https:\/\/api.w.org\/{rel}","templated":true}]}}