{"id":2686,"date":"2025-02-04T08:38:08","date_gmt":"2025-02-04T08:38:08","guid":{"rendered":"https:\/\/departamento.us.es\/fisiologia\/?page_id=2686"},"modified":"2025-05-02T11:14:14","modified_gmt":"2025-05-02T11:14:14","slug":"programa-de-doctorado","status":"publish","type":"page","link":"https:\/\/departamento.us.es\/fisiologia\/docencia\/programa-de-doctorado\/","title":{"rendered":"Programa de Doctorado"},"content":{"rendered":"\t\t<div data-elementor-type=\"wp-page\" data-elementor-id=\"2686\" class=\"elementor elementor-2686\" data-elementor-post-type=\"page\">\n\t\t\t\t<div class=\"elementor-element elementor-element-e66cc97 e-flex e-con-boxed e-con e-parent\" data-id=\"e66cc97\" data-element_type=\"container\">\n\t\t\t\t\t<div class=\"e-con-inner\">\n\t\t\t\t<div class=\"elementor-element elementor-element-024a8d5 elementor-widget elementor-widget-n-accordion\" data-id=\"024a8d5\" data-element_type=\"widget\" data-settings=\"{&quot;default_state&quot;:&quot;all_collapsed&quot;,&quot;max_items_expended&quot;:&quot;one&quot;,&quot;n_accordion_animation_duration&quot;:{&quot;unit&quot;:&quot;ms&quot;,&quot;size&quot;:400,&quot;sizes&quot;:[]}}\" data-widget_type=\"nested-accordion.default\">\n\t\t\t\t<div class=\"elementor-widget-container\">\n\t\t\t\t\t\t\t<div class=\"e-n-accordion\" aria-label=\"Accordion. Open links with Enter or Space, close with Escape, and navigate with Arrow Keys\">\n\t\t\t\t\t\t<details id=\"e-n-accordion-item-2400\" class=\"e-n-accordion-item\" >\n\t\t\t\t<summary class=\"e-n-accordion-item-title\" data-accordion-index=\"1\" tabindex=\"0\" aria-expanded=\"false\" aria-controls=\"e-n-accordion-item-2400\" >\n\t\t\t\t\t<span class='e-n-accordion-item-title-header'><div class=\"e-n-accordion-item-title-text\"> Programa de Doctorado en Biolog\u00eda Integrada <\/div><\/span>\n\t\t\t\t\t\t\t<span class='e-n-accordion-item-title-icon'>\n\t\t\t<span class='e-opened' ><i aria-hidden=\"true\" class=\"fas fa-angle-down\"><\/i><\/span>\n\t\t\t<span class='e-closed'><i aria-hidden=\"true\" class=\"fas fa-angle-right\"><\/i><\/span>\n\t\t<\/span>\n\n\t\t\t\t\t\t<\/summary>\n\t\t\t\t<div role=\"region\" aria-labelledby=\"e-n-accordion-item-2400\" class=\"elementor-element elementor-element-c3ea204 e-con-full e-flex e-con e-child\" data-id=\"c3ea204\" data-element_type=\"container\">\n\t\t\t\t<div class=\"elementor-element elementor-element-4ffccf1 elementor-list-item-link-inline elementor-icon-list--layout-traditional elementor-widget elementor-widget-icon-list\" data-id=\"4ffccf1\" data-element_type=\"widget\" data-widget_type=\"icon-list.default\">\n\t\t\t\t<div class=\"elementor-widget-container\">\n\t\t\t\t\t\t\t<ul class=\"elementor-icon-list-items\">\n\t\t\t\t\t\t\t<li class=\"elementor-icon-list-item\">\n\t\t\t\t\t\t\t\t\t\t\t<a href=\"https:\/\/doctorado.us.es\/estudios\/programas-de-doctorado\/biologia-integrada\" target=\"_blank\" rel=\"nofollow\">\n\n\t\t\t\t\t\t\t\t\t\t\t\t<span class=\"elementor-icon-list-icon\">\n\t\t\t\t\t\t\t<i aria-hidden=\"true\" class=\"fas fa-external-link-alt\"><\/i>\t\t\t\t\t\t<\/span>\n\t\t\t\t\t\t\t\t\t\t<span class=\"elementor-icon-list-text\">Informaci\u00f3n del doctorado<\/span>\n\t\t\t\t\t\t\t\t\t\t\t<\/a>\n\t\t\t\t\t\t\t\t\t<\/li>\n\t\t\t\t\t\t\t\t<li class=\"elementor-icon-list-item\">\n\t\t\t\t\t\t\t\t\t\t\t<a href=\"https:\/\/biologia.us.es\/es\/estudios\/programa-de-doctorado-en-biologia-integrada\" target=\"_blank\" rel=\"nofollow\">\n\n\t\t\t\t\t\t\t\t\t\t\t\t<span class=\"elementor-icon-list-icon\">\n\t\t\t\t\t\t\t<i aria-hidden=\"true\" class=\"fas fa-external-link-alt\"><\/i>\t\t\t\t\t\t<\/span>\n\t\t\t\t\t\t\t\t\t\t<span class=\"elementor-icon-list-text\">Web del doctorado<\/span>\n\t\t\t\t\t\t\t\t\t\t\t<\/a>\n\t\t\t\t\t\t\t\t\t<\/li>\n\t\t\t\t\t\t<\/ul>\n\t\t\t\t\t\t<\/div>\n\t\t\t\t<\/div>\n\t\t\t\t<\/div>\n\t\t\t\t\t<\/details>\n\t\t\t\t\t\t<details id=\"e-n-accordion-item-2401\" class=\"e-n-accordion-item\" >\n\t\t\t\t<summary class=\"e-n-accordion-item-title\" data-accordion-index=\"2\" tabindex=\"-1\" aria-expanded=\"false\" aria-controls=\"e-n-accordion-item-2401\" >\n\t\t\t\t\t<span class='e-n-accordion-item-title-header'><div class=\"e-n-accordion-item-title-text\"> Programa de Doctorado en Farmacia <\/div><\/span>\n\t\t\t\t\t\t\t<span class='e-n-accordion-item-title-icon'>\n\t\t\t<span class='e-opened' ><i aria-hidden=\"true\" class=\"fas fa-angle-down\"><\/i><\/span>\n\t\t\t<span class='e-closed'><i aria-hidden=\"true\" class=\"fas fa-angle-right\"><\/i><\/span>\n\t\t<\/span>\n\n\t\t\t\t\t\t<\/summary>\n\t\t\t\t<div role=\"region\" aria-labelledby=\"e-n-accordion-item-2401\" class=\"elementor-element elementor-element-e6d5b6d e-con-full e-flex e-con e-child\" data-id=\"e6d5b6d\" data-element_type=\"container\">\n\t\t\t\t<div class=\"elementor-element elementor-element-abf8cc4 elementor-list-item-link-inline elementor-icon-list--layout-traditional elementor-widget elementor-widget-icon-list\" data-id=\"abf8cc4\" data-element_type=\"widget\" data-widget_type=\"icon-list.default\">\n\t\t\t\t<div class=\"elementor-widget-container\">\n\t\t\t\t\t\t\t<ul class=\"elementor-icon-list-items\">\n\t\t\t\t\t\t\t<li class=\"elementor-icon-list-item\">\n\t\t\t\t\t\t\t\t\t\t\t<a href=\"https:\/\/doctorado.us.es\/estudios\/programas-de-doctorado\/farmacia\" target=\"_blank\" rel=\"nofollow\">\n\n\t\t\t\t\t\t\t\t\t\t\t\t<span class=\"elementor-icon-list-icon\">\n\t\t\t\t\t\t\t<i aria-hidden=\"true\" class=\"fas fa-external-link-alt\"><\/i>\t\t\t\t\t\t<\/span>\n\t\t\t\t\t\t\t\t\t\t<span class=\"elementor-icon-list-text\">Informaci\u00f3n del doctorado<\/span>\n\t\t\t\t\t\t\t\t\t\t\t<\/a>\n\t\t\t\t\t\t\t\t\t<\/li>\n\t\t\t\t\t\t\t\t<li class=\"elementor-icon-list-item\">\n\t\t\t\t\t\t\t\t\t\t\t<a href=\"https:\/\/farmacia.us.es\/doctorado\/\" target=\"_blank\" rel=\"nofollow\">\n\n\t\t\t\t\t\t\t\t\t\t\t\t<span class=\"elementor-icon-list-icon\">\n\t\t\t\t\t\t\t<i aria-hidden=\"true\" class=\"fas fa-external-link-alt\"><\/i>\t\t\t\t\t\t<\/span>\n\t\t\t\t\t\t\t\t\t\t<span class=\"elementor-icon-list-text\">Web del doctorado<\/span>\n\t\t\t\t\t\t\t\t\t\t\t<\/a>\n\t\t\t\t\t\t\t\t\t<\/li>\n\t\t\t\t\t\t<\/ul>\n\t\t\t\t\t\t<\/div>\n\t\t\t\t<\/div>\n\t\t\t\t<\/div>\n\t\t\t\t\t<\/details>\n\t\t\t\t\t\t<details id=\"e-n-accordion-item-2402\" class=\"e-n-accordion-item\" >\n\t\t\t\t<summary class=\"e-n-accordion-item-title\" data-accordion-index=\"3\" tabindex=\"-1\" aria-expanded=\"false\" aria-controls=\"e-n-accordion-item-2402\" >\n\t\t\t\t\t<span class='e-n-accordion-item-title-header'><div class=\"e-n-accordion-item-title-text\"> Programa de doctorado en Biolog\u00eda Molecular, Biomedicina e Investigaci\u00f3n Cl\u00ednica <\/div><\/span>\n\t\t\t\t\t\t\t<span class='e-n-accordion-item-title-icon'>\n\t\t\t<span class='e-opened' ><i aria-hidden=\"true\" class=\"fas fa-angle-down\"><\/i><\/span>\n\t\t\t<span class='e-closed'><i aria-hidden=\"true\" class=\"fas fa-angle-right\"><\/i><\/span>\n\t\t<\/span>\n\n\t\t\t\t\t\t<\/summary>\n\t\t\t\t<div role=\"region\" aria-labelledby=\"e-n-accordion-item-2402\" class=\"elementor-element elementor-element-d33644f e-con-full e-flex e-con e-child\" data-id=\"d33644f\" data-element_type=\"container\">\n\t\t\t\t<div class=\"elementor-element elementor-element-75077e7 elementor-list-item-link-inline elementor-icon-list--layout-traditional elementor-widget elementor-widget-icon-list\" data-id=\"75077e7\" data-element_type=\"widget\" data-widget_type=\"icon-list.default\">\n\t\t\t\t<div class=\"elementor-widget-container\">\n\t\t\t\t\t\t\t<ul class=\"elementor-icon-list-items\">\n\t\t\t\t\t\t\t<li class=\"elementor-icon-list-item\">\n\t\t\t\t\t\t\t\t\t\t\t<a href=\"https:\/\/doctorado.us.es\/estudios\/programas-de-doctorado\/biologia-molecular-biomedicina-e-investigacion-clinica\" target=\"_blank\" rel=\"nofollow\">\n\n\t\t\t\t\t\t\t\t\t\t\t\t<span class=\"elementor-icon-list-icon\">\n\t\t\t\t\t\t\t<i aria-hidden=\"true\" class=\"fas fa-external-link-alt\"><\/i>\t\t\t\t\t\t<\/span>\n\t\t\t\t\t\t\t\t\t\t<span class=\"elementor-icon-list-text\">Informaci\u00f3n del doctorado<\/span>\n\t\t\t\t\t\t\t\t\t\t\t<\/a>\n\t\t\t\t\t\t\t\t\t<\/li>\n\t\t\t\t\t\t\t\t<li class=\"elementor-icon-list-item\">\n\t\t\t\t\t\t\t\t\t\t\t<a href=\"https:\/\/institucional.us.es\/bmbic\/es\/\" target=\"_blank\" rel=\"nofollow\">\n\n\t\t\t\t\t\t\t\t\t\t\t\t<span class=\"elementor-icon-list-icon\">\n\t\t\t\t\t\t\t<i aria-hidden=\"true\" class=\"fas fa-external-link-alt\"><\/i>\t\t\t\t\t\t<\/span>\n\t\t\t\t\t\t\t\t\t\t<span class=\"elementor-icon-list-text\">Web del doctorado<\/span>\n\t\t\t\t\t\t\t\t\t\t\t<\/a>\n\t\t\t\t\t\t\t\t\t<\/li>\n\t\t\t\t\t\t<\/ul>\n\t\t\t\t\t\t<\/div>\n\t\t\t\t<\/div>\n\t\t\t\t<\/div>\n\t\t\t\t\t<\/details>\n\t\t\t\t\t<\/div>\n\t\t\t\t\t\t<\/div>\n\t\t\t\t<\/div>\n\t\t\t\t\t<\/div>\n\t\t\t\t<\/div>\n\t\t\t\t<\/div>\n\t\t","protected":false},"excerpt":{"rendered":"<p>Programa de Doctorado en Biolog\u00eda Integrada Informaci\u00f3n del doctorado Web del doctorado Programa de Doctorado en Farmacia Informaci\u00f3n del doctorado Web del doctorado Programa de doctorado en Biolog\u00eda Molecular, Biomedicina e Investigaci\u00f3n Cl\u00ednica Informaci\u00f3n del doctorado Web del doctorado Informaci\u00f3n del doctorado Web del doctorado Informaci\u00f3n del doctorado Web del doctorado Informaci\u00f3n del doctorado Web [&hellip;]<\/p>\n","protected":false},"author":7,"featured_media":0,"parent":2677,"menu_order":0,"comment_status":"closed","ping_status":"closed","template":"","meta":{"_acf_changed":false,"footnotes":""},"class_list":["post-2686","page","type-page","status-publish","hentry"],"acf":[],"yoast_head":"<!-- This site is optimized with the Yoast SEO plugin v26.8 - https:\/\/yoast.com\/product\/yoast-seo-wordpress\/ -->\n<title>Programa de Doctorado - Fisiolog\u00eda<\/title>\n<meta name=\"robots\" content=\"index, follow, max-snippet:-1, max-image-preview:large, max-video-preview:-1\" \/>\n<link rel=\"canonical\" href=\"https:\/\/departamento.us.es\/fisiologia\/docencia\/programa-de-doctorado\/\" \/>\n<meta property=\"og:locale\" content=\"es_ES\" \/>\n<meta property=\"og:type\" content=\"article\" \/>\n<meta property=\"og:title\" content=\"Programa de Doctorado - Fisiolog\u00eda\" \/>\n<meta property=\"og:description\" content=\"Programa de Doctorado en Biolog\u00eda Integrada Informaci\u00f3n del doctorado Web del doctorado Programa de Doctorado en Farmacia Informaci\u00f3n del doctorado Web del doctorado Programa de doctorado en Biolog\u00eda Molecular, Biomedicina e Investigaci\u00f3n Cl\u00ednica Informaci\u00f3n del doctorado Web del doctorado Informaci\u00f3n del doctorado Web del doctorado Informaci\u00f3n del doctorado Web del doctorado Informaci\u00f3n del doctorado Web [&hellip;]\" \/>\n<meta property=\"og:url\" content=\"https:\/\/departamento.us.es\/fisiologia\/docencia\/programa-de-doctorado\/\" \/>\n<meta property=\"og:site_name\" content=\"Fisiolog\u00eda\" \/>\n<meta property=\"article:modified_time\" content=\"2025-05-02T11:14:14+00:00\" \/>\n<meta name=\"twitter:card\" content=\"summary_large_image\" \/>\n<meta name=\"twitter:label1\" content=\"Tiempo de lectura\" \/>\n\t<meta name=\"twitter:data1\" content=\"1 minuto\" \/>\n<script type=\"application\/ld+json\" class=\"yoast-schema-graph\">{\"@context\":\"https:\/\/schema.org\",\"@graph\":[{\"@type\":\"WebPage\",\"@id\":\"https:\/\/departamento.us.es\/fisiologia\/docencia\/programa-de-doctorado\/\",\"url\":\"https:\/\/departamento.us.es\/fisiologia\/docencia\/programa-de-doctorado\/\",\"name\":\"Programa de Doctorado - Fisiolog\u00eda\",\"isPartOf\":{\"@id\":\"https:\/\/departamento.us.es\/fisiologia\/#website\"},\"datePublished\":\"2025-02-04T08:38:08+00:00\",\"dateModified\":\"2025-05-02T11:14:14+00:00\",\"breadcrumb\":{\"@id\":\"https:\/\/departamento.us.es\/fisiologia\/docencia\/programa-de-doctorado\/#breadcrumb\"},\"inLanguage\":\"es\",\"potentialAction\":[{\"@type\":\"ReadAction\",\"target\":[\"https:\/\/departamento.us.es\/fisiologia\/docencia\/programa-de-doctorado\/\"]}]},{\"@type\":\"BreadcrumbList\",\"@id\":\"https:\/\/departamento.us.es\/fisiologia\/docencia\/programa-de-doctorado\/#breadcrumb\",\"itemListElement\":[{\"@type\":\"ListItem\",\"position\":1,\"name\":\"Docencia\",\"item\":\"https:\/\/departamento.us.es\/fisiologia\/docencia\/\"},{\"@type\":\"ListItem\",\"position\":2,\"name\":\"Programa de Doctorado\"}]},{\"@type\":\"WebSite\",\"@id\":\"https:\/\/departamento.us.es\/fisiologia\/#website\",\"url\":\"https:\/\/departamento.us.es\/fisiologia\/\",\"name\":\"Fisiolog\u00eda\",\"description\":\"Departamento de Fisiolog\u00eda\",\"publisher\":{\"@id\":\"https:\/\/departamento.us.es\/fisiologia\/#organization\"},\"potentialAction\":[{\"@type\":\"SearchAction\",\"target\":{\"@type\":\"EntryPoint\",\"urlTemplate\":\"https:\/\/departamento.us.es\/fisiologia\/?s={search_term_string}\"},\"query-input\":{\"@type\":\"PropertyValueSpecification\",\"valueRequired\":true,\"valueName\":\"search_term_string\"}}],\"inLanguage\":\"es\"},{\"@type\":\"Organization\",\"@id\":\"https:\/\/departamento.us.es\/fisiologia\/#organization\",\"name\":\"Fisiolog\u00eda\",\"url\":\"https:\/\/departamento.us.es\/fisiologia\/\",\"logo\":{\"@type\":\"ImageObject\",\"inLanguage\":\"es\",\"@id\":\"https:\/\/departamento.us.es\/fisiologia\/#\/schema\/logo\/image\/\",\"url\":\"https:\/\/departamento.us.es\/fisiologia\/wp-content\/uploads\/2022\/02\/LogoUScuadrado-blanco.png\",\"contentUrl\":\"https:\/\/departamento.us.es\/fisiologia\/wp-content\/uploads\/2022\/02\/LogoUScuadrado-blanco.png\",\"width\":147,\"height\":150,\"caption\":\"Fisiolog\u00eda\"},\"image\":{\"@id\":\"https:\/\/departamento.us.es\/fisiologia\/#\/schema\/logo\/image\/\"}}]}<\/script>\n<!-- \/ Yoast SEO plugin. -->","yoast_head_json":{"title":"Programa de Doctorado - Fisiolog\u00eda","robots":{"index":"index","follow":"follow","max-snippet":"max-snippet:-1","max-image-preview":"max-image-preview:large","max-video-preview":"max-video-preview:-1"},"canonical":"https:\/\/departamento.us.es\/fisiologia\/docencia\/programa-de-doctorado\/","og_locale":"es_ES","og_type":"article","og_title":"Programa de Doctorado - Fisiolog\u00eda","og_description":"Programa de Doctorado en Biolog\u00eda Integrada Informaci\u00f3n del doctorado Web del doctorado Programa de Doctorado en Farmacia Informaci\u00f3n del doctorado Web del doctorado Programa de doctorado en Biolog\u00eda Molecular, Biomedicina e Investigaci\u00f3n Cl\u00ednica Informaci\u00f3n del doctorado Web del doctorado Informaci\u00f3n del doctorado Web del doctorado Informaci\u00f3n del doctorado Web del doctorado Informaci\u00f3n del doctorado Web [&hellip;]","og_url":"https:\/\/departamento.us.es\/fisiologia\/docencia\/programa-de-doctorado\/","og_site_name":"Fisiolog\u00eda","article_modified_time":"2025-05-02T11:14:14+00:00","twitter_card":"summary_large_image","twitter_misc":{"Tiempo de lectura":"1 minuto"},"schema":{"@context":"https:\/\/schema.org","@graph":[{"@type":"WebPage","@id":"https:\/\/departamento.us.es\/fisiologia\/docencia\/programa-de-doctorado\/","url":"https:\/\/departamento.us.es\/fisiologia\/docencia\/programa-de-doctorado\/","name":"Programa de Doctorado - Fisiolog\u00eda","isPartOf":{"@id":"https:\/\/departamento.us.es\/fisiologia\/#website"},"datePublished":"2025-02-04T08:38:08+00:00","dateModified":"2025-05-02T11:14:14+00:00","breadcrumb":{"@id":"https:\/\/departamento.us.es\/fisiologia\/docencia\/programa-de-doctorado\/#breadcrumb"},"inLanguage":"es","potentialAction":[{"@type":"ReadAction","target":["https:\/\/departamento.us.es\/fisiologia\/docencia\/programa-de-doctorado\/"]}]},{"@type":"BreadcrumbList","@id":"https:\/\/departamento.us.es\/fisiologia\/docencia\/programa-de-doctorado\/#breadcrumb","itemListElement":[{"@type":"ListItem","position":1,"name":"Docencia","item":"https:\/\/departamento.us.es\/fisiologia\/docencia\/"},{"@type":"ListItem","position":2,"name":"Programa de Doctorado"}]},{"@type":"WebSite","@id":"https:\/\/departamento.us.es\/fisiologia\/#website","url":"https:\/\/departamento.us.es\/fisiologia\/","name":"Fisiolog\u00eda","description":"Departamento de Fisiolog\u00eda","publisher":{"@id":"https:\/\/departamento.us.es\/fisiologia\/#organization"},"potentialAction":[{"@type":"SearchAction","target":{"@type":"EntryPoint","urlTemplate":"https:\/\/departamento.us.es\/fisiologia\/?s={search_term_string}"},"query-input":{"@type":"PropertyValueSpecification","valueRequired":true,"valueName":"search_term_string"}}],"inLanguage":"es"},{"@type":"Organization","@id":"https:\/\/departamento.us.es\/fisiologia\/#organization","name":"Fisiolog\u00eda","url":"https:\/\/departamento.us.es\/fisiologia\/","logo":{"@type":"ImageObject","inLanguage":"es","@id":"https:\/\/departamento.us.es\/fisiologia\/#\/schema\/logo\/image\/","url":"https:\/\/departamento.us.es\/fisiologia\/wp-content\/uploads\/2022\/02\/LogoUScuadrado-blanco.png","contentUrl":"https:\/\/departamento.us.es\/fisiologia\/wp-content\/uploads\/2022\/02\/LogoUScuadrado-blanco.png","width":147,"height":150,"caption":"Fisiolog\u00eda"},"image":{"@id":"https:\/\/departamento.us.es\/fisiologia\/#\/schema\/logo\/image\/"}}]}},"_links":{"self":[{"href":"https:\/\/departamento.us.es\/fisiologia\/wp-json\/wp\/v2\/pages\/2686","targetHints":{"allow":["GET"]}}],"collection":[{"href":"https:\/\/departamento.us.es\/fisiologia\/wp-json\/wp\/v2\/pages"}],"about":[{"href":"https:\/\/departamento.us.es\/fisiologia\/wp-json\/wp\/v2\/types\/page"}],"author":[{"embeddable":true,"href":"https:\/\/departamento.us.es\/fisiologia\/wp-json\/wp\/v2\/users\/7"}],"replies":[{"embeddable":true,"href":"https:\/\/departamento.us.es\/fisiologia\/wp-json\/wp\/v2\/comments?post=2686"}],"version-history":[{"count":0,"href":"https:\/\/departamento.us.es\/fisiologia\/wp-json\/wp\/v2\/pages\/2686\/revisions"}],"up":[{"embeddable":true,"href":"https:\/\/departamento.us.es\/fisiologia\/wp-json\/wp\/v2\/pages\/2677"}],"wp:attachment":[{"href":"https:\/\/departamento.us.es\/fisiologia\/wp-json\/wp\/v2\/media?parent=2686"}],"curies":[{"name":"wp","href":"https:\/\/api.w.org\/{rel}","templated":true}]}}