{"id":36,"date":"2025-06-02T18:31:26","date_gmt":"2025-06-02T16:31:26","guid":{"rendered":"https:\/\/departamento.us.es\/newhistoriadelarte\/?page_id=36"},"modified":"2026-03-03T13:26:29","modified_gmt":"2026-03-03T12:26:29","slug":"investigacion","status":"publish","type":"page","link":"https:\/\/departamento.us.es\/historiadelarte\/investigacion\/","title":{"rendered":"Investigaci\u00f3n"},"content":{"rendered":"\n<p><strong>PARTICIPACI\u00d3N DE LOS MIEMBROS DEL DEPARTAMENTO EN GRUPOS Y PROYECTOS DE INVESTIGACI\u00d3N.<\/strong><\/p>\n\n\n\n<ol class=\"wp-block-list\">\n<li><strong>GRUPOS Y PROYECTOS DE INVESTIGACI\u00d3N DIRIGIDOS POR MIEMBROS DEL DEPARTAMENTO DE HISTORIA DEL ARTE DE LA UNIVERSIDAD DE SEVILLA:<\/strong><\/li>\n<\/ol>\n\n\n\n<ol class=\"wp-block-list\">\n<li>CENTRO DE ESTUDIOS DE ARTE CONTEMPOR\u00c1NEO (HUM-747).<\/li>\n\n\n\n<li>CENTRO DE INVESTIGACI\u00d3N DE LA HISTORIA DE LA ARQUITECTURA ANDALUZA (HUM-171).<\/li>\n\n\n\n<li>CENTRO DE INVESTIGACI\u00d3N DEL PATRIMONIO ART\u00cd\u008dSTICO ANDALUZ (HUM-213).<\/li>\n\n\n\n<li>FUENTES PARA LA HISTORIA DEL ARTE ANDALUZA (HUM-304).<\/li>\n\n\n\n<li>LABORATORIO DE ARTE (HUM-210).<\/li>\n\n\n\n<li>SEMINARIO CRIST\u00d3BAL DE MORALES (HUM-301).<\/li>\n<\/ol>\n\n\n\n<p>   <strong>2. PARTICIPACI\u00d3N DE LOS MIEMBROS DEL DEPARTAMENTO EN GRUPOS Y PROYECTOS DE INVESTIGACI\u00d3N DIRIGIDOS POR OTROS DEPARTAMENTOS DE LA UNIVERSIDAD DE SEVILLA:<\/strong><\/p>\n\n\n\n<ol class=\"wp-block-list\">\n<li>ESTRATEGIAS DE CONOCIMIENTO PATRIMONIAL: LA CATEDRAL DE SEVILLA (HUM-799).<\/li>\n\n\n\n<li>LARA\u00d1A (HUM-317).<\/li>\n<\/ol>\n\n\n\n<p>   <strong>3. PARTICIPACI\u00d3N DE LOS MIEMBROS DEL DEPARTAMENTO EN GRUPOS Y PROYECTOS DE INVESTIGACI\u00d3N DIRIGIDOS POR OTRAS INSTITUCIONES CIENT\u00cdFICAS<\/strong><\/p>\n\n\n\n<ol class=\"wp-block-list\">\n<li>ANDALUC\u00cdA-AM\u00c9RICA: RELACIONES, INFLUENCIAS E INTERCAMBIOS (HUM-220): CONSEJO SUPERIOR DE INVESTIGACIONES CIENT\u00cd\u008dFICAS.<\/li>\n\n\n\n<li>ISLAM MEDIEVAL. HISTORIA, ARQUEOLOG\u00cd\u008dA Y CONSERVACI\u00d3N DEL PATRIMONIO HIST\u00d3RICO (HUM-757): CONSEJO SUPERIOR DE INVESTIGACIONES CIENT\u00cdFICAS.<\/li>\n<\/ol>\n\n\n\n<p><\/p>\n","protected":false},"excerpt":{"rendered":"<p>PARTICIPACI\u00d3N DE LOS MIEMBROS DEL DEPARTAMENTO EN GRUPOS Y PROYECTOS DE INVESTIGACI\u00d3N. 2. PARTICIPACI\u00d3N DE LOS MIEMBROS DEL DEPARTAMENTO EN GRUPOS Y PROYECTOS DE INVESTIGACI\u00d3N DIRIGIDOS POR OTROS DEPARTAMENTOS DE LA UNIVERSIDAD DE SEVILLA: 3. PARTICIPACI\u00d3N DE LOS MIEMBROS DEL DEPARTAMENTO EN GRUPOS Y PROYECTOS DE INVESTIGACI\u00d3N DIRIGIDOS POR OTRAS INSTITUCIONES CIENT\u00cdFICAS<\/p>\n","protected":false},"author":1,"featured_media":0,"parent":0,"menu_order":0,"comment_status":"closed","ping_status":"closed","template":"","meta":{"footnotes":""},"class_list":["post-36","page","type-page","status-publish","hentry"],"_links":{"self":[{"href":"https:\/\/departamento.us.es\/historiadelarte\/wp-json\/wp\/v2\/pages\/36","targetHints":{"allow":["GET"]}}],"collection":[{"href":"https:\/\/departamento.us.es\/historiadelarte\/wp-json\/wp\/v2\/pages"}],"about":[{"href":"https:\/\/departamento.us.es\/historiadelarte\/wp-json\/wp\/v2\/types\/page"}],"author":[{"embeddable":true,"href":"https:\/\/departamento.us.es\/historiadelarte\/wp-json\/wp\/v2\/users\/1"}],"replies":[{"embeddable":true,"href":"https:\/\/departamento.us.es\/historiadelarte\/wp-json\/wp\/v2\/comments?post=36"}],"version-history":[{"count":6,"href":"https:\/\/departamento.us.es\/historiadelarte\/wp-json\/wp\/v2\/pages\/36\/revisions"}],"predecessor-version":[{"id":173,"href":"https:\/\/departamento.us.es\/historiadelarte\/wp-json\/wp\/v2\/pages\/36\/revisions\/173"}],"wp:attachment":[{"href":"https:\/\/departamento.us.es\/historiadelarte\/wp-json\/wp\/v2\/media?parent=36"}],"curies":[{"name":"wp","href":"https:\/\/api.w.org\/{rel}","templated":true}]}}