{"id":100,"date":"2025-07-18T08:30:00","date_gmt":"2025-07-18T08:30:00","guid":{"rendered":"https:\/\/departamento.us.es\/hmoderna\/?page_id=100"},"modified":"2026-02-18T09:48:17","modified_gmt":"2026-02-18T09:48:17","slug":"publicaciones","status":"publish","type":"page","link":"https:\/\/departamento.us.es\/hmoderna\/publicaciones\/","title":{"rendered":"Publicaciones"},"content":{"rendered":"<p>[et_pb_section fb_built=\u00bb1&#8243; fullwidth=\u00bbon\u00bb _builder_version=\u00bb4.27.4&#8243; _module_preset=\u00bbdefault\u00bb global_colors_info=\u00bb{}\u00bb][et_pb_fullwidth_image src=\u00bbhttps:\/\/departamento.us.es\/hmoderna\/wp-content\/uploads\/2025\/07\/slider-andatlan-2.jpg\u00bb title_text=\u00bbslider-andatlan-2&#8243; _builder_version=\u00bb4.27.4&#8243; _module_preset=\u00bbdefault\u00bb global_colors_info=\u00bb{}\u00bb][\/et_pb_fullwidth_image][\/et_pb_section][et_pb_section fb_built=\u00bb1&#8243; admin_label=\u00bbHeader\u00bb _builder_version=\u00bb4.23.1&#8243; _module_preset=\u00bbdefault\u00bb background_color=\u00bbgcid-d214ab81-0383-475f-b48e-2c27b44bd017&#8243; custom_padding=\u00bb||23px|||\u00bb collapsed=\u00bbon\u00bb global_colors_info=\u00bb{%22gcid-d214ab81-0383-475f-b48e-2c27b44bd017%22:%91%22background_color%22%93}\u00bb][et_pb_row _builder_version=\u00bb4.23.1&#8243; _module_preset=\u00bbdefault\u00bb custom_padding=\u00bb5px||4px|||\u00bb global_colors_info=\u00bb{}\u00bb][et_pb_column type=\u00bb4_4&#8243; _builder_version=\u00bb4.23.1&#8243; _module_preset=\u00bbdefault\u00bb global_colors_info=\u00bb{}\u00bb][et_pb_text _builder_version=\u00bb4.27.4&#8243; _module_preset=\u00bb082edbe3-28a5-4d85-bde9-5ff96ee791c7&#8243; header_2_font=\u00bbPoppins|200|||||||\u00bb custom_margin=\u00bb||10px||false|false\u00bb global_colors_info=\u00bb{}\u00bb]<\/p>\n<h2><span style=\"color: #deae36;\">Publicaciones<\/span><\/h2>\n<p>[\/et_pb_text][et_pb_text _builder_version=\u00bb4.23.1&#8243; _module_preset=\u00bbd7287142-8dce-4338-a440-851665491cdc\u00bb global_colors_info=\u00bb{}\u00bb]<\/p>\n<p data-start=\"248\" data-end=\"608\">Bienvenido a nuestra secci\u00f3n de <strong data-start=\"280\" data-end=\"297\">Publicaciones<\/strong>, un escaparate actualizado y din\u00e1mico que recoge las contribuciones m\u00e1s significativas realizadas por nuestro equipo docente e investigador. Seleccionadas por su valor acad\u00e9mico y su inter\u00e9s para la comunidad universitaria y el p\u00fablico especializado, aqu\u00ed encontrar\u00e1s monograf\u00edas, ediciones cr\u00edticas, coordinaciones y obras colectivas que reflejan la riqueza y el rigor de la historiograf\u00eda moderna.<\/p>\n<p data-start=\"610\" data-end=\"783\">\n<p data-start=\"610\" data-end=\"783\">\u00a1Explora y descubre el legado intelectual del Departamento de Historia Moderna de la Universidad de Sevilla!<\/p>\n<p>[\/et_pb_text][et_pb_blog fullwidth=\u00bboff\u00bb posts_number=\u00bb100&#8243; include_categories=\u00bb6&#8243; show_author=\u00bboff\u00bb show_categories=\u00bboff\u00bb show_pagination=\u00bboff\u00bb _builder_version=\u00bb4.27.4&#8243; _module_preset=\u00bbdefault\u00bb header_font=\u00bbPoppins||||||||\u00bb header_text_color=\u00bb#deae36&#8243; header_font_size=\u00bb19px\u00bb header_line_height=\u00bb1.3em\u00bb body_font=\u00bb||||||||\u00bb body_text_color=\u00bb#666666&#8243; body_font_size=\u00bb16px\u00bb meta_font=\u00bb|700|||||||\u00bb meta_text_color=\u00bbrgba(0,0,0,0.23)\u00bb meta_font_size=\u00bb13px\u00bb custom_margin=\u00bb32px|||||\u00bb border_color_all=\u00bb#deae36&#8243; border_style_top=\u00bbdashed\u00bb border_style_right=\u00bbdashed\u00bb border_style_bottom=\u00bbdashed\u00bb border_style_left=\u00bbdashed\u00bb border_width_top_image=\u00bb1px\u00bb border_color_top_image=\u00bb#deae36&#8243; border_style_top_image=\u00bbdashed\u00bb border_width_right_image=\u00bb1px\u00bb border_color_right_image=\u00bb#deae36&#8243; border_style_right_image=\u00bbdashed\u00bb border_width_left_image=\u00bb1px\u00bb border_color_left_image=\u00bb#deae36&#8243; border_style_left_image=\u00bbdashed\u00bb box_shadow_style=\u00bbpreset2&#8243; box_shadow_horizontal=\u00bb0px\u00bb box_shadow_vertical=\u00bb1px\u00bb global_colors_info=\u00bb{}\u00bb][\/et_pb_blog][\/et_pb_column][\/et_pb_row][\/et_pb_section][et_pb_section fb_built=\u00bb1&#8243; _builder_version=\u00bb4.27.4&#8243; _module_preset=\u00bbdefault\u00bb background_color=\u00bbrgba(221,178,68,0.25)\u00bb custom_padding=\u00bb52px||8px|||\u00bb global_colors_info=\u00bb{}\u00bb][et_pb_row _builder_version=\u00bb4.23.1&#8243; _module_preset=\u00bbdefault\u00bb custom_padding=\u00bb5px|||||\u00bb global_colors_info=\u00bb{}\u00bb][et_pb_column type=\u00bb4_4&#8243; _builder_version=\u00bb4.23.1&#8243; _module_preset=\u00bbdefault\u00bb global_colors_info=\u00bb{}\u00bb][et_pb_text _builder_version=\u00bb4.27.4&#8243; _module_preset=\u00bb082edbe3-28a5-4d85-bde9-5ff96ee791c7&#8243; header_2_font=\u00bbPoppins|200|||||||\u00bb custom_margin=\u00bb||10px||false|false\u00bb global_colors_info=\u00bb{}\u00bb]<\/p>\n<h2><span style=\"color: #deae36;\">\u00daltimos eventos<\/span><\/h2>\n<p>[\/et_pb_text][et_pb_blog fullwidth=\u00bboff\u00bb posts_number=\u00bb3&#8243; include_categories=\u00bball\u00bb show_author=\u00bboff\u00bb show_categories=\u00bboff\u00bb show_pagination=\u00bboff\u00bb _builder_version=\u00bb4.27.4&#8243; _module_preset=\u00bbdefault\u00bb header_font=\u00bbPoppins||||||||\u00bb header_text_color=\u00bb#deae36&#8243; header_font_size=\u00bb19px\u00bb header_line_height=\u00bb1.3em\u00bb body_font=\u00bb||||||||\u00bb body_text_color=\u00bb#666666&#8243; body_font_size=\u00bb16px\u00bb meta_font=\u00bb|700|||||||\u00bb meta_text_color=\u00bbrgba(0,0,0,0.23)\u00bb meta_font_size=\u00bb13px\u00bb custom_margin=\u00bb32px|||||\u00bb border_color_all=\u00bb#deae36&#8243; border_style_top=\u00bbdashed\u00bb border_style_right=\u00bbdashed\u00bb border_style_bottom=\u00bbdashed\u00bb border_style_left=\u00bbdashed\u00bb global_colors_info=\u00bb{}\u00bb][\/et_pb_blog][\/et_pb_column][\/et_pb_row][\/et_pb_section]<\/p>\n","protected":false},"excerpt":{"rendered":"<p>PublicacionesBienvenido a nuestra secci\u00f3n de Publicaciones, un escaparate actualizado y din\u00e1mico que recoge las contribuciones m\u00e1s significativas realizadas por nuestro equipo docente e investigador. Seleccionadas por su valor acad\u00e9mico y su inter\u00e9s para la comunidad universitaria y el p\u00fablico especializado, aqu\u00ed encontrar\u00e1s monograf\u00edas, ediciones cr\u00edticas, coordinaciones y obras colectivas que reflejan la riqueza y el [&hellip;]<\/p>\n","protected":false},"author":1,"featured_media":924,"parent":0,"menu_order":0,"comment_status":"closed","ping_status":"closed","template":"","meta":{"_et_pb_use_builder":"on","_et_pb_old_content":"","_et_gb_content_width":"","footnotes":""},"class_list":["post-100","page","type-page","status-publish","has-post-thumbnail","hentry"],"_links":{"self":[{"href":"https:\/\/departamento.us.es\/hmoderna\/wp-json\/wp\/v2\/pages\/100","targetHints":{"allow":["GET"]}}],"collection":[{"href":"https:\/\/departamento.us.es\/hmoderna\/wp-json\/wp\/v2\/pages"}],"about":[{"href":"https:\/\/departamento.us.es\/hmoderna\/wp-json\/wp\/v2\/types\/page"}],"author":[{"embeddable":true,"href":"https:\/\/departamento.us.es\/hmoderna\/wp-json\/wp\/v2\/users\/1"}],"replies":[{"embeddable":true,"href":"https:\/\/departamento.us.es\/hmoderna\/wp-json\/wp\/v2\/comments?post=100"}],"version-history":[{"count":7,"href":"https:\/\/departamento.us.es\/hmoderna\/wp-json\/wp\/v2\/pages\/100\/revisions"}],"predecessor-version":[{"id":775,"href":"https:\/\/departamento.us.es\/hmoderna\/wp-json\/wp\/v2\/pages\/100\/revisions\/775"}],"wp:featuredmedia":[{"embeddable":true,"href":"https:\/\/departamento.us.es\/hmoderna\/wp-json\/wp\/v2\/media\/924"}],"wp:attachment":[{"href":"https:\/\/departamento.us.es\/hmoderna\/wp-json\/wp\/v2\/media?parent=100"}],"curies":[{"name":"wp","href":"https:\/\/api.w.org\/{rel}","templated":true}]}}