{"id":120,"date":"2025-07-18T09:20:07","date_gmt":"2025-07-18T09:20:07","guid":{"rendered":"https:\/\/departamento.us.es\/hmoderna\/?page_id=120"},"modified":"2026-04-15T06:53:36","modified_gmt":"2026-04-15T06:53:36","slug":"departamento-de-historia-moderna-de-la-universidad-de-sevilla","status":"publish","type":"page","link":"https:\/\/departamento.us.es\/hmoderna\/","title":{"rendered":"Departamento de Historia Moderna de la Universidad de Sevilla"},"content":{"rendered":"<p>[et_pb_section fb_built=\u00bb1&#8243; fullwidth=\u00bbon\u00bb _builder_version=\u00bb4.27.4&#8243; _module_preset=\u00bbdefault\u00bb global_colors_info=\u00bb{}\u00bb][et_pb_fullwidth_image src=\u00bbhttps:\/\/departamento.us.es\/hmoderna\/wp-content\/uploads\/2025\/07\/slider-index.jpg\u00bb title_text=\u00bbslider-index\u00bb _builder_version=\u00bb4.27.4&#8243; _module_preset=\u00bbdefault\u00bb global_colors_info=\u00bb{}\u00bb][\/et_pb_fullwidth_image][\/et_pb_section][et_pb_section fb_built=\u00bb1&#8243; admin_label=\u00bbHeader\u00bb _builder_version=\u00bb4.23.1&#8243; _module_preset=\u00bbdefault\u00bb background_color=\u00bbgcid-d214ab81-0383-475f-b48e-2c27b44bd017&#8243; custom_padding=\u00bb||23px|||\u00bb collapsed=\u00bbon\u00bb global_colors_info=\u00bb{%22gcid-d214ab81-0383-475f-b48e-2c27b44bd017%22:%91%22background_color%22%93}\u00bb][et_pb_row _builder_version=\u00bb4.23.1&#8243; _module_preset=\u00bbdefault\u00bb custom_padding=\u00bb5px||17px|||\u00bb global_colors_info=\u00bb{}\u00bb][et_pb_column type=\u00bb4_4&#8243; _builder_version=\u00bb4.23.1&#8243; _module_preset=\u00bbdefault\u00bb global_colors_info=\u00bb{}\u00bb][et_pb_text _builder_version=\u00bb4.27.4&#8243; _module_preset=\u00bb342e7928-d541-43ea-a153-7ce0630d4c54&#8243; header_font=\u00bbPoppins|200|||||||\u00bb header_text_align=\u00bbleft\u00bb header_font_size=\u00bb52px\u00bb text_orientation=\u00bbcenter\u00bb global_colors_info=\u00bb{}\u00bb]<\/p>\n<h1><span style=\"color: #deae36;\"><strong>Departamento de Historia moderna<\/strong> de la Universidad de Sevilla<\/span><\/h1>\n<p>[\/et_pb_text][\/et_pb_column][\/et_pb_row][et_pb_row column_structure=\u00bb1_3,2_3&#8243; _builder_version=\u00bb4.23.1&#8243; _module_preset=\u00bbdefault\u00bb custom_padding=\u00bb7px||10px|||\u00bb global_colors_info=\u00bb{}\u00bb][et_pb_column type=\u00bb1_3&#8243; _builder_version=\u00bb4.23.1&#8243; _module_preset=\u00bbdefault\u00bb global_colors_info=\u00bb{}\u00bb][et_pb_image src=\u00bbhttps:\/\/departamento.us.es\/hmoderna\/wp-content\/uploads\/2025\/07\/azulejo.png\u00bb title_text=\u00bbazulejo\u00bb _builder_version=\u00bb4.27.4&#8243; _module_preset=\u00bbdefault\u00bb border_radii=\u00bbon|20px|20px|20px|20px\u00bb global_colors_info=\u00bb{}\u00bb][\/et_pb_image][\/et_pb_column][et_pb_column type=\u00bb2_3&#8243; _builder_version=\u00bb4.23.1&#8243; _module_preset=\u00bbdefault\u00bb global_colors_info=\u00bb{}\u00bb][et_pb_text _builder_version=\u00bb4.23.1&#8243; _module_preset=\u00bbd7287142-8dce-4338-a440-851665491cdc\u00bb global_colors_info=\u00bb{}\u00bb]El Departamento de Historia Moderna es la unidad de la Universidad de Sevilla responsable del \u00e1rea de conocimiento de Historia Moderna en la Facultad de Geograf\u00eda e Historia, desarrollando las correspondientes tareas de docencia, investigaci\u00f3n y transferencia.<\/p>\n<p>Su personal docente imparte clases actualmente el Grado de Historia, el Grado de Historia del Arte, el Doble Grado de Geograf\u00eda y Gesti\u00f3n del Territorio e Historia, el Grado en Estudios de Asia Oriental, el M\u00e1ster de Estudios Hist\u00f3ricos Avanzados (que cuenta con un itinerario espec\u00edfico de Historia Moderna) (MEAH), el M\u00e1ster Universitario en Formaci\u00f3n del Profesorado (MAES) y en el Programa de Doctorado en Historia de la Universidad de Sevilla. Gracias a ello se realiza una importante tarea de formaci\u00f3n cient\u00edfica de las nuevas generaciones de historiadores modernistas.<\/p>\n<p>El Departamento de Historia Moderna fue creado en 1992 y durante su primera etapa fue impulsado y dirigido por los catedr\u00e1ticos D. Le\u00f3n Carlos \u00c1lvarez Santal\u00f3 y D. Antonio Garc\u00eda-Baquero Gonz\u00e1lez, quienes definieron dos de las que han sido sus principales l\u00edneas de investigaci\u00f3n: la Historia Cultural y la relaci\u00f3n de Andaluc\u00eda con Am\u00e9rica mediante la Carrera de Indias. En la actualidad a estas l\u00edneas se han unido otras entre las que destaca la Historia Social, en especial dirigida al estudio de los diferentes grupos que compon\u00edan la sociedad de la Espa\u00f1a moderna (nobleza, clero, mercaderes, artesanado, conversos, moriscos, esclavos, etc.).<br \/>\n[\/et_pb_text][\/et_pb_column][\/et_pb_row][\/et_pb_section][et_pb_section fb_built=\u00bb1&#8243; _builder_version=\u00bb4.27.4&#8243; _module_preset=\u00bbdefault\u00bb background_color=\u00bbrgba(221,178,68,0.25)\u00bb custom_padding=\u00bb39px||4px|||\u00bb global_colors_info=\u00bb{}\u00bb][et_pb_row _builder_version=\u00bb4.23.1&#8243; _module_preset=\u00bbdefault\u00bb custom_padding=\u00bb5px||2px|||\u00bb global_colors_info=\u00bb{}\u00bb][et_pb_column type=\u00bb4_4&#8243; _builder_version=\u00bb4.23.1&#8243; _module_preset=\u00bbdefault\u00bb global_colors_info=\u00bb{}\u00bb][et_pb_text _builder_version=\u00bb4.27.4&#8243; _module_preset=\u00bb082edbe3-28a5-4d85-bde9-5ff96ee791c7&#8243; header_2_font=\u00bbPoppins|200|||||||\u00bb custom_margin=\u00bb||10px||false|false\u00bb global_colors_info=\u00bb{}\u00bb]<\/p>\n<h2><span style=\"color: #deae36;\">\u00daltimos eventos y noticias<\/span><\/h2>\n<p>[\/et_pb_text][et_pb_blog fullwidth=\u00bboff\u00bb posts_number=\u00bb3&#8243; include_categories=\u00bb5,22&#8243; show_author=\u00bboff\u00bb show_categories=\u00bboff\u00bb show_pagination=\u00bboff\u00bb _builder_version=\u00bb4.27.6&#8243; _module_preset=\u00bbdefault\u00bb header_font=\u00bbPoppins||||||||\u00bb header_text_color=\u00bb#deae36&#8243; header_font_size=\u00bb19px\u00bb header_line_height=\u00bb1.3em\u00bb body_font=\u00bb||||||||\u00bb body_text_color=\u00bb#666666&#8243; body_font_size=\u00bb16px\u00bb meta_font=\u00bb|700|||||||\u00bb meta_text_color=\u00bbrgba(0,0,0,0.23)\u00bb meta_font_size=\u00bb13px\u00bb custom_margin=\u00bb12px|||||\u00bb custom_padding=\u00bb||14px|||\u00bb hover_enabled=\u00bb0&#8243; border_color_all=\u00bb#deae36&#8243; border_style_top=\u00bbdashed\u00bb border_style_right=\u00bbdashed\u00bb border_style_bottom=\u00bbdashed\u00bb border_style_left=\u00bbdashed\u00bb border_width_top_image=\u00bb1px\u00bb border_color_top_image=\u00bb#deae36&#8243; border_style_top_image=\u00bbdashed\u00bb border_width_right_image=\u00bb1px\u00bb border_color_right_image=\u00bb#deae36&#8243; border_style_right_image=\u00bbdashed\u00bb border_width_left_image=\u00bb1px\u00bb border_color_left_image=\u00bb#deae36&#8243; border_style_left_image=\u00bbdashed\u00bb box_shadow_style=\u00bbpreset2&#8243; box_shadow_horizontal=\u00bb0px\u00bb box_shadow_vertical=\u00bb1px\u00bb locked=\u00bboff\u00bb global_colors_info=\u00bb{}\u00bb sticky_enabled=\u00bb0&#8243;][\/et_pb_blog][\/et_pb_column][\/et_pb_row][\/et_pb_section][et_pb_section fb_built=\u00bb1&#8243; admin_label=\u00bbHeader\u00bb _builder_version=\u00bb4.23.1&#8243; _module_preset=\u00bbdefault\u00bb background_color=\u00bbgcid-d214ab81-0383-475f-b48e-2c27b44bd017&#8243; custom_padding=\u00bb||23px|||\u00bb collapsed=\u00bbon\u00bb global_colors_info=\u00bb{%22gcid-d214ab81-0383-475f-b48e-2c27b44bd017%22:%91%22background_color%22%93}\u00bb][et_pb_row _builder_version=\u00bb4.23.1&#8243; _module_preset=\u00bbdefault\u00bb custom_padding=\u00bb5px||46px|||\u00bb global_colors_info=\u00bb{}\u00bb][et_pb_column type=\u00bb4_4&#8243; _builder_version=\u00bb4.23.1&#8243; _module_preset=\u00bbdefault\u00bb global_colors_info=\u00bb{}\u00bb][et_pb_text _builder_version=\u00bb4.23.1&#8243; _module_preset=\u00bb082edbe3-28a5-4d85-bde9-5ff96ee791c7&#8243; text_orientation=\u00bbcenter\u00bb custom_margin=\u00bb||10px||false|false\u00bb global_colors_info=\u00bb{}\u00bb]<\/p>\n<h2>Consulta nuestras <span style=\"color: #deae36;\">publicaciones m\u00e1s recientes<\/span><\/h2>\n<p>[\/et_pb_text][et_pb_text _builder_version=\u00bb4.23.1&#8243; _module_preset=\u00bbd7287142-8dce-4338-a440-851665491cdc\u00bb text_text_color=\u00bb#000000&#8243; text_orientation=\u00bbcenter\u00bb custom_margin=\u00bb||22px|||\u00bb global_colors_info=\u00bb{}\u00bb]Descubre las investigaciones m\u00e1s destacadas de nuestro departamento. Monograf\u00edas, ediciones cr\u00edticas y estudios colectivos que abordan los grandes temas de la Edad Moderna desde nuevas perspectivas.<br \/>\n[\/et_pb_text][et_pb_button button_url=\u00bbhttps:\/\/departamento.us.es\/hmoderna\/publicaciones\/\u00bb button_text=\u00bbVer publicaciones\u00bb button_alignment=\u00bbcenter\u00bb _builder_version=\u00bb4.27.4&#8243; _module_preset=\u00bbdefault\u00bb custom_button=\u00bbon\u00bb button_text_size=\u00bb17px\u00bb button_text_color=\u00bb#FFFFFF\u00bb button_bg_color=\u00bb#deae36&#8243; button_border_width=\u00bb0px\u00bb button_border_radius=\u00bb46px\u00bb button_letter_spacing=\u00bb1px\u00bb button_font=\u00bbPoppins|600||on|||||\u00bb button_use_icon=\u00bboff\u00bb custom_padding=\u00bb16px|24px|16px|24px|false|false\u00bb global_colors_info=\u00bb{}\u00bb][\/et_pb_button][\/et_pb_column][\/et_pb_row][\/et_pb_section]<\/p>\n","protected":false},"excerpt":{"rendered":"<p>Departamento de Historia moderna de la Universidad de Sevilla El Departamento de Historia Moderna es la unidad de la Universidad de Sevilla responsable del \u00e1rea de conocimiento de Historia Moderna en la Facultad de Geograf\u00eda e Historia, desarrollando las correspondientes tareas de docencia, investigaci\u00f3n y transferencia. Su personal docente imparte clases actualmente el Grado de [&hellip;]<\/p>\n","protected":false},"author":1,"featured_media":0,"parent":0,"menu_order":0,"comment_status":"closed","ping_status":"closed","template":"","meta":{"_et_pb_use_builder":"on","_et_pb_old_content":"","_et_gb_content_width":"","footnotes":""},"class_list":["post-120","page","type-page","status-publish","hentry"],"_links":{"self":[{"href":"https:\/\/departamento.us.es\/hmoderna\/wp-json\/wp\/v2\/pages\/120","targetHints":{"allow":["GET"]}}],"collection":[{"href":"https:\/\/departamento.us.es\/hmoderna\/wp-json\/wp\/v2\/pages"}],"about":[{"href":"https:\/\/departamento.us.es\/hmoderna\/wp-json\/wp\/v2\/types\/page"}],"author":[{"embeddable":true,"href":"https:\/\/departamento.us.es\/hmoderna\/wp-json\/wp\/v2\/users\/1"}],"replies":[{"embeddable":true,"href":"https:\/\/departamento.us.es\/hmoderna\/wp-json\/wp\/v2\/comments?post=120"}],"version-history":[{"count":15,"href":"https:\/\/departamento.us.es\/hmoderna\/wp-json\/wp\/v2\/pages\/120\/revisions"}],"predecessor-version":[{"id":1225,"href":"https:\/\/departamento.us.es\/hmoderna\/wp-json\/wp\/v2\/pages\/120\/revisions\/1225"}],"wp:attachment":[{"href":"https:\/\/departamento.us.es\/hmoderna\/wp-json\/wp\/v2\/media?parent=120"}],"curies":[{"name":"wp","href":"https:\/\/api.w.org\/{rel}","templated":true}]}}