{"id":167,"date":"2025-10-27T09:28:11","date_gmt":"2025-10-27T09:28:11","guid":{"rendered":"https:\/\/departamento.us.es\/hmoderna\/?page_id=167"},"modified":"2026-02-23T11:48:28","modified_gmt":"2026-02-23T11:48:28","slug":"personal-del-departamento-de-historia-moderna-de-la-us","status":"publish","type":"page","link":"https:\/\/departamento.us.es\/hmoderna\/personal-del-departamento-de-historia-moderna-de-la-us\/","title":{"rendered":"Personal del Departamento de Historia Moderna de la US"},"content":{"rendered":"<p>[et_pb_section fb_built=\u00bb1&#8243; fullwidth=\u00bbon\u00bb _builder_version=\u00bb4.27.4&#8243; _module_preset=\u00bbdefault\u00bb global_colors_info=\u00bb{}\u00bb][et_pb_fullwidth_image src=\u00bbhttps:\/\/departamento.us.es\/hmoderna\/wp-content\/uploads\/2025\/07\/slider-index.jpg\u00bb title_text=\u00bbslider-index\u00bb _builder_version=\u00bb4.27.4&#8243; _module_preset=\u00bbdefault\u00bb global_colors_info=\u00bb{}\u00bb][\/et_pb_fullwidth_image][\/et_pb_section][et_pb_section fb_built=\u00bb1&#8243; admin_label=\u00bbHeader\u00bb _builder_version=\u00bb4.23.1&#8243; _module_preset=\u00bbdefault\u00bb background_color=\u00bbgcid-d214ab81-0383-475f-b48e-2c27b44bd017&#8243; custom_padding=\u00bb||23px|||\u00bb collapsed=\u00bbon\u00bb global_colors_info=\u00bb{%22gcid-d214ab81-0383-475f-b48e-2c27b44bd017%22:%91%22background_color%22%93}\u00bb][et_pb_row _builder_version=\u00bb4.23.1&#8243; _module_preset=\u00bbdefault\u00bb custom_margin=\u00bb12px|auto||auto||\u00bb custom_padding=\u00bb5px||17px|||\u00bb global_colors_info=\u00bb{}\u00bb][et_pb_column type=\u00bb4_4&#8243; _builder_version=\u00bb4.23.1&#8243; _module_preset=\u00bbdefault\u00bb global_colors_info=\u00bb{}\u00bb][et_pb_text _builder_version=\u00bb4.27.4&#8243; _module_preset=\u00bb342e7928-d541-43ea-a153-7ce0630d4c54&#8243; header_font=\u00bbPoppins|200|||||||\u00bb header_text_align=\u00bbleft\u00bb header_font_size=\u00bb52px\u00bb header_2_font=\u00bbPoppins|200|||||||\u00bb header_2_text_align=\u00bbleft\u00bb header_2_font_size=\u00bb52px\u00bb header_2_line_height=\u00bb1.2em\u00bb text_orientation=\u00bbcenter\u00bb custom_margin=\u00bb25px||10px|||\u00bb global_colors_info=\u00bb{}\u00bb]<\/p>\n<h2><span style=\"color: #deae36;\"><strong>Personal <\/strong>del Departamento de Historia Moderna de la US<\/span><\/h2>\n<p>[\/et_pb_text][\/et_pb_column][\/et_pb_row][et_pb_row column_structure=\u00bb1_3,1_3,1_3&#8243; _builder_version=\u00bb4.27.4&#8243; _module_preset=\u00bbdefault\u00bb custom_padding=\u00bb||4px|||\u00bb global_colors_info=\u00bb{}\u00bb][et_pb_column type=\u00bb1_3&#8243; _builder_version=\u00bb4.27.4&#8243; _module_preset=\u00bbdefault\u00bb global_colors_info=\u00bb{}\u00bb][et_pb_text _builder_version=\u00bb4.27.4&#8243; _module_preset=\u00bbd7287142-8dce-4338-a440-851665491cdc\u00bb locked=\u00bboff\u00bb global_colors_info=\u00bb{}\u00bb]<\/p>\n<p><span><strong>Juan Jos\u00e9 Iglesias Rodr\u00edguez<\/strong><br \/>Catedr\u00e1tico de Universidad<br \/><a href=\"mailto:%6a%6a%69%67%6c%65%73%69%61%73%40%75%73%2e%65%73\">jjiglesias@us.es<\/a><br \/><a href=\"https:\/\/investigacion.us.es\/sisius\/sis_showpub.php?idpers=1442\">Sisius<\/a> \/ <a href=\"https:\/\/www.us.es\/acerca\/directorio\/ppdi\/personal_5415\">Directorio US<\/a><br \/><a href=\"https:\/\/us.academia.edu\/JuanJoseIglesiasRodriguez\">Academia.edu<\/a><\/p>\n<p><\/span><\/p>\n<p>[\/et_pb_text][\/et_pb_column][et_pb_column type=\u00bb1_3&#8243; _builder_version=\u00bb4.27.4&#8243; _module_preset=\u00bbdefault\u00bb global_colors_info=\u00bb{}\u00bb][et_pb_text _builder_version=\u00bb4.27.4&#8243; _module_preset=\u00bbd7287142-8dce-4338-a440-851665491cdc\u00bb locked=\u00bboff\u00bb global_colors_info=\u00bb{}\u00bb]<\/p>\n<p><span><strong>Rafael Mauricio P\u00e9rez Garc\u00eda<\/strong><br \/>Catedr\u00e1tico de Universidad<br \/><a href=\"mailto:%72%70%65%72%65%7a%34%40%75%73%2e%65%73\">rperez4@us.es<\/a><br \/><a href=\"https:\/\/investigacion.us.es\/sisius\/sis_showpub.php?idpers=7652\">Sisius<\/a> \/ <a href=\"https:\/\/www.us.es\/acerca\/directorio\/ppdi\/personal_8884\">Directorio US<\/a><br \/><a href=\"https:\/\/us.academia.edu\/RafaelMP\u00e9rezGarc\u00eda\">Academia.edu<\/a><\/span><\/p>\n<p>[\/et_pb_text][\/et_pb_column][et_pb_column type=\u00bb1_3&#8243; _builder_version=\u00bb4.27.4&#8243; _module_preset=\u00bbdefault\u00bb global_colors_info=\u00bb{}\u00bb][et_pb_text _builder_version=\u00bb4.27.4&#8243; _module_preset=\u00bbd7287142-8dce-4338-a440-851665491cdc\u00bb locked=\u00bboff\u00bb global_colors_info=\u00bb{}\u00bb]<\/p>\n<p><span><strong>Manuel Francisco Fern\u00e1ndez Chaves<\/strong><br \/>Catedr\u00e1tico de Universidad<br \/><a href=\"mailto:%6d%66%65%72%6e%61%6e%64%65%7a%36%40%75%73%2e%65%73\">mfernandez6@us.es<\/a><br \/><a href=\"https:\/\/investigacion.us.es\/sisius\/sis_showpub.php?idpers=8224\">Sisius<\/a> \/ <a href=\"https:\/\/www.us.es\/acerca\/directorio\/ppdi\/personal_10496\">Directorio US<\/a><br \/><a href=\"https:\/\/us.academia.edu\/ManuelFranciscoFern\u00e1ndezChaves\">Academia.edu<\/a><\/span><a href=\"https:\/\/independent.academia.edu\/JoseJaimeGarciaBernal\"><\/a><\/p>\n<p>[\/et_pb_text][\/et_pb_column][\/et_pb_row][et_pb_row column_structure=\u00bb1_3,1_3,1_3&#8243; _builder_version=\u00bb4.27.4&#8243; _module_preset=\u00bbdefault\u00bb custom_padding=\u00bb||4px|||\u00bb global_colors_info=\u00bb{}\u00bb][et_pb_column type=\u00bb1_3&#8243; _builder_version=\u00bb4.27.4&#8243; _module_preset=\u00bbdefault\u00bb global_colors_info=\u00bb{}\u00bb][et_pb_text _builder_version=\u00bb4.27.4&#8243; _module_preset=\u00bbd7287142-8dce-4338-a440-851665491cdc\u00bb locked=\u00bboff\u00bb global_colors_info=\u00bb{}\u00bb]<\/p>\n<p><span><strong>Jos\u00e9 Jaime Garc\u00eda Bernal<\/strong><br \/>Profesor Titular de Universidad<br \/><a href=\"mailto:%6a%61%69%6d%65%62%65%72%6e%61%6c%40%75%73%2e%65%73\">jaimebernal@us.es<\/a><br \/><a href=\"https:\/\/investigacion.us.es\/sisius\/sis_showpub.php?idpers=1439\">Sisius<\/a> \/ <a href=\"https:\/\/www.us.es\/acerca\/directorio\/ppdi\/personal_4203\">Directorio US<\/a><br \/><a href=\"https:\/\/independent.academia.edu\/JoseJaimeGarciaBernal\">Academia.edu<\/a><\/span><\/p>\n<p>[\/et_pb_text][\/et_pb_column][et_pb_column type=\u00bb1_3&#8243; _builder_version=\u00bb4.27.4&#8243; _module_preset=\u00bbdefault\u00bb global_colors_info=\u00bb{}\u00bb][et_pb_text _builder_version=\u00bb4.27.4&#8243; _module_preset=\u00bbd7287142-8dce-4338-a440-851665491cdc\u00bb locked=\u00bboff\u00bb global_colors_info=\u00bb{}\u00bb]<\/p>\n<p><span><strong>Antonio Gonz\u00e1lez Polvillo<\/strong><br \/>Profesor Titular de Universidad<br \/><a href=\"mailto:%61%70%6f%6c%76%69%6c%6c%6f%40%75%73%2e%65%73\">apolvillo@us.es<\/a><br \/><a href=\"https:\/\/investigacion.us.es\/sisius\/sis_showpub.php?idpers=10625\">Sisius<\/a> \/ <a href=\"https:\/\/www.us.es\/acerca\/directorio\/ppdi\/personal_8377\">Directorio US<\/a><\/span><\/p>\n<p>[\/et_pb_text][\/et_pb_column][et_pb_column type=\u00bb1_3&#8243; _builder_version=\u00bb4.27.4&#8243; _module_preset=\u00bbdefault\u00bb global_colors_info=\u00bb{}\u00bb][et_pb_text _builder_version=\u00bb4.27.4&#8243; _module_preset=\u00bbd7287142-8dce-4338-a440-851665491cdc\u00bb locked=\u00bboff\u00bb global_colors_info=\u00bb{}\u00bb]<\/p>\n<p><span><strong>Clara Bejarano Pellicer<\/strong><br \/>Profesora Titular de Universidad<br \/><a href=\"mailto:%63%62%65%6a%61%72%61%6e%6f%40%75%73%2e%65%73\">cbejarano@us.es<\/a><br \/><a href=\"https:\/\/investigacion.us.es\/sisius\/sis_showpub.php?idpers=12813\">Sisius<\/a> \/ <a href=\"https:\/\/www.us.es\/acerca\/directorio\/ppdi\/personal_8430\">Directorio US<\/a><br \/><a href=\"https:\/\/us.academia.edu\/ClaraBejarano\">Academia.edu<\/a><\/span><\/p>\n<p>[\/et_pb_text][\/et_pb_column][\/et_pb_row][et_pb_row column_structure=\u00bb1_3,1_3,1_3&#8243; _builder_version=\u00bb4.27.4&#8243; _module_preset=\u00bbdefault\u00bb custom_padding=\u00bb||4px|||\u00bb global_colors_info=\u00bb{}\u00bb][et_pb_column type=\u00bb1_3&#8243; _builder_version=\u00bb4.27.4&#8243; _module_preset=\u00bbdefault\u00bb global_colors_info=\u00bb{}\u00bb][et_pb_text _builder_version=\u00bb4.27.4&#8243; _module_preset=\u00bbd7287142-8dce-4338-a440-851665491cdc\u00bb locked=\u00bboff\u00bb global_colors_info=\u00bb{}\u00bb]<\/p>\n<p><span><strong>Jos\u00e9 Manuel D\u00edaz Blanco<\/strong><br \/>Profesor Titular de Universidad<br \/><a href=\"mailto:%64%69%61%7a%62%6c%61%6e%63%6f%40%75%73%2e%65%73\">diazblanco@us.es<\/a><br \/><a href=\"https:\/\/investigacion.us.es\/sisius\/sis_showpub.php?idpers=10843\">Sisius<\/a> \/ <a href=\"https:\/\/www.us.es\/acerca\/directorio\/ppdi\/personal_8494\">Directorio US<\/a><br \/><a href=\"https:\/\/uhu.academia.edu\/Jos\u00e9ManuelD\u00edazBlanco\">Academia.edu<\/a><\/span><\/p>\n<p>[\/et_pb_text][\/et_pb_column][et_pb_column type=\u00bb1_3&#8243; _builder_version=\u00bb4.27.4&#8243; _module_preset=\u00bbdefault\u00bb global_colors_info=\u00bb{}\u00bb][et_pb_text _builder_version=\u00bb4.27.4&#8243; _module_preset=\u00bbd7287142-8dce-4338-a440-851665491cdc\u00bb locked=\u00bboff\u00bb global_colors_info=\u00bb{}\u00bb]<\/p>\n<p><span><strong>Fernando Javier Campese Gallego<\/strong><br \/>Profesor Contratado Doctor<br \/><a href=\"mailto:%66%6a%63%61%6d%70%65%73%65%40%75%73%2e%65%73\">fjcampese@us.es<\/a><br \/><a href=\"https:\/\/investigacion.us.es\/sisius\/sis_showpub.php?idpers=1434\">Sisius<\/a> \/ <a href=\"https:\/\/www.us.es\/acerca\/directorio\/ppdi\/personal_6212\">Directorio US<\/a><\/span><a href=\"https:\/\/independent.academia.edu\/JoseJaimeGarciaBernal\"><\/a><\/p>\n<p>[\/et_pb_text][\/et_pb_column][et_pb_column type=\u00bb1_3&#8243; _builder_version=\u00bb4.27.4&#8243; _module_preset=\u00bbdefault\u00bb global_colors_info=\u00bb{}\u00bb][et_pb_text _builder_version=\u00bb4.27.4&#8243; _module_preset=\u00bbd7287142-8dce-4338-a440-851665491cdc\u00bb locked=\u00bboff\u00bb global_colors_info=\u00bb{}\u00bb]<\/p>\n<p><span><strong>Isabel Mar\u00eda Melero Mu\u00f1oz<\/strong><br \/>Profesora Ayudante Doctor<br \/><a href=\"mailto:%69%6d%65%6c%65%72%6f%31%40%75%73%2e%65%73\">imelero1@us.es<\/a><br \/><a href=\"https:\/\/investigacion.us.es\/sisius\/sis_showpub.php?idpers=24296\">Sisius<\/a><\/span><\/p>\n<p>[\/et_pb_text][\/et_pb_column][\/et_pb_row][et_pb_row column_structure=\u00bb1_3,1_3,1_3&#8243; _builder_version=\u00bb4.27.4&#8243; _module_preset=\u00bbdefault\u00bb custom_padding=\u00bb||4px|||\u00bb global_colors_info=\u00bb{}\u00bb][et_pb_column type=\u00bb1_3&#8243; _builder_version=\u00bb4.27.4&#8243; _module_preset=\u00bbdefault\u00bb global_colors_info=\u00bb{}\u00bb][et_pb_text _builder_version=\u00bb4.27.5&#8243; _module_preset=\u00bbd7287142-8dce-4338-a440-851665491cdc\u00bb locked=\u00bboff\u00bb global_colors_info=\u00bb{}\u00bb]<\/p>\n<p><span><strong>Eduardo Corona P\u00e9rez\u00a0<\/strong><br \/><\/span>Profesor Ayudante Doctor\u00a0<br \/><a href=\"mailto:ecorona@us.es\">ecorona@us.es<\/a><br \/><span><a href=\"mailto:mlopez57@us.es\"><\/a><\/span><a href=\"https:\/\/us.academia.edu\/AlejandroJVi\u00f1aGonz\u00e1lez\"><\/a><\/p>\n<p>[\/et_pb_text][\/et_pb_column][et_pb_column type=\u00bb1_3&#8243; _builder_version=\u00bb4.27.4&#8243; _module_preset=\u00bbdefault\u00bb global_colors_info=\u00bb{}\u00bb][et_pb_text _builder_version=\u00bb4.27.5&#8243; _module_preset=\u00bbd7287142-8dce-4338-a440-851665491cdc\u00bb locked=\u00bboff\u00bb global_colors_info=\u00bb{}\u00bb]<\/p>\n<p><span><strong>Luc\u00eda And\u00fajar Rodr\u00edguez<br \/><\/strong><a href=\"mailto:%6c%72%61%6d%6f%73%6c%40%75%73%2e%65%73\"><\/a><\/span>Profesora Sustituta Interina<br \/><a href=\"mailto:Contratado%20Predoctoral - Fundaci\u00f3n Areces\">landujar@us.es<\/a><br \/><span><a href=\"https:\/\/www.us.es\/trabaja-en-la-us\/directorio\/personal-de-administracion-y-servicios\"><\/a><\/span><a href=\"https:\/\/independent.academia.edu\/JoseJaimeGarciaBernal\"><\/a><\/p>\n<p>[\/et_pb_text][\/et_pb_column][et_pb_column type=\u00bb1_3&#8243; _builder_version=\u00bb4.27.4&#8243; _module_preset=\u00bbdefault\u00bb global_colors_info=\u00bb{}\u00bb][et_pb_text _builder_version=\u00bb4.27.4&#8243; _module_preset=\u00bbd7287142-8dce-4338-a440-851665491cdc\u00bb locked=\u00bboff\u00bb global_colors_info=\u00bb{}\u00bb]<\/p>\n<p><span><strong>Jos\u00e9 Mar\u00eda Garc\u00eda R\u00edos<br \/><\/strong>Contratado Juan de la Cierva <a href=\"mailto:%6a%6d%67%61%72%69%6f%73%40%75%73%2e%65%73\">jmgarios@us.es<\/a><br \/><a href=\"https:\/\/us.academia.edu\/Jos\u00e9Mar\u00edaGarc\u00edaR\u00edos\">Academia.edu<\/a><\/span><a href=\"https:\/\/independent.academia.edu\/JoseJaimeGarciaBernal\"><\/a><\/p>\n<p>[\/et_pb_text][\/et_pb_column][\/et_pb_row][et_pb_row column_structure=\u00bb1_3,1_3,1_3&#8243; _builder_version=\u00bb4.27.4&#8243; _module_preset=\u00bbdefault\u00bb custom_padding=\u00bb||4px|||\u00bb global_colors_info=\u00bb{}\u00bb][et_pb_column type=\u00bb1_3&#8243; _builder_version=\u00bb4.27.4&#8243; _module_preset=\u00bbdefault\u00bb global_colors_info=\u00bb{}\u00bb][et_pb_text _builder_version=\u00bb4.27.4&#8243; _module_preset=\u00bbd7287142-8dce-4338-a440-851665491cdc\u00bb locked=\u00bboff\u00bb global_colors_info=\u00bb{}\u00bb]<\/p>\n<p><span><strong>Sonia Gardu\u00f1o Chac\u00f3n<br \/><\/strong>Contratada Predoctoral del Plan Propio (PIF)<br \/><a href=\"mailto:%73%67%61%72%64%75%6e%6f%40%75%73%2e%65%73\">sgarduno@us.es<\/a><\/span><a href=\"https:\/\/independent.academia.edu\/JoseJaimeGarciaBernal\"><\/a><\/p>\n<p>[\/et_pb_text][\/et_pb_column][et_pb_column type=\u00bb1_3&#8243; _builder_version=\u00bb4.27.4&#8243; _module_preset=\u00bbdefault\u00bb global_colors_info=\u00bb{}\u00bb][et_pb_text _builder_version=\u00bb4.27.4&#8243; _module_preset=\u00bbd7287142-8dce-4338-a440-851665491cdc\u00bb locked=\u00bboff\u00bb global_colors_info=\u00bb{}\u00bb]<\/p>\n<p><span><strong>Alejandro J. Vi\u00f1a Gonz\u00e1lez\u00a0<\/strong><br \/>Personal Investigador en Formaci\u00f3n (Predoctoral) \/ Fundaci\u00f3n Ram\u00f3n Areces<br \/><a href=\"mailto:%61%76%69%6e%61%40%75%73%2e%65%73\">avina@us.es<\/a><br \/><a href=\"https:\/\/us.academia.edu\/AlejandroJVi\u00f1aGonz\u00e1lez\">Academia.edu<\/a><\/span><\/p>\n<p>[\/et_pb_text][\/et_pb_column][et_pb_column type=\u00bb1_3&#8243; _builder_version=\u00bb4.27.4&#8243; _module_preset=\u00bbdefault\u00bb global_colors_info=\u00bb{}\u00bb][et_pb_text _builder_version=\u00bb4.27.4&#8243; _module_preset=\u00bbd7287142-8dce-4338-a440-851665491cdc\u00bb locked=\u00bboff\u00bb global_colors_info=\u00bb{}\u00bb]<\/p>\n<p><span><strong>Eulalio de los Reyes L\u00f3pez<\/strong><br \/>Contratado Predoctoral FPU <a href=\"mailto:edelosreyes@us.es\">edelosreyes@us.es<\/a><\/span><\/p>\n<p>[\/et_pb_text][\/et_pb_column][\/et_pb_row][et_pb_row column_structure=\u00bb1_3,1_3,1_3&#8243; _builder_version=\u00bb4.27.4&#8243; _module_preset=\u00bbdefault\u00bb custom_padding=\u00bb||4px|||\u00bb global_colors_info=\u00bb{}\u00bb][et_pb_column type=\u00bb1_3&#8243; _builder_version=\u00bb4.27.4&#8243; _module_preset=\u00bbdefault\u00bb global_colors_info=\u00bb{}\u00bb][et_pb_text _builder_version=\u00bb4.27.4&#8243; _module_preset=\u00bbd7287142-8dce-4338-a440-851665491cdc\u00bb locked=\u00bboff\u00bb global_colors_info=\u00bb{}\u00bb]<\/p>\n<p><span><strong>Miguel L\u00f3pez Ortiz<\/strong><br \/>Contratado Predoctoral FPU <a href=\"mailto:mlopez57@us.es\">mlopez57@us.es<\/a><\/span><a href=\"https:\/\/us.academia.edu\/AlejandroJVi\u00f1aGonz\u00e1lez\"><\/a><\/p>\n<p>[\/et_pb_text][\/et_pb_column][et_pb_column type=\u00bb1_3&#8243; _builder_version=\u00bb4.27.4&#8243; _module_preset=\u00bbdefault\u00bb global_colors_info=\u00bb{}\u00bb][et_pb_text _builder_version=\u00bb4.27.5&#8243; _module_preset=\u00bbd7287142-8dce-4338-a440-851665491cdc\u00bb locked=\u00bboff\u00bb global_colors_info=\u00bb{}\u00bb]<\/p>\n<p><span><strong>Alejandro Soto Cabrita\u00a0<\/strong><br \/><\/span>Contratado Predoctoral FPU<br \/><a href=\"mailto:asoto1@us.es\">asoto1@us.es<\/a><br \/><span><a href=\"mailto:edelosreyes@us.es\"><\/a><\/span><\/p>\n<p>[\/et_pb_text][\/et_pb_column][et_pb_column type=\u00bb1_3&#8243; _builder_version=\u00bb4.27.4&#8243; _module_preset=\u00bbdefault\u00bb global_colors_info=\u00bb{}\u00bb][et_pb_text _builder_version=\u00bb4.27.5&#8243; _module_preset=\u00bbd7287142-8dce-4338-a440-851665491cdc\u00bb locked=\u00bboff\u00bb global_colors_info=\u00bb{}\u00bb]<\/p>\n<p><span><strong>Emilio Barbosa Parra<\/strong><br \/><\/span>Contratado Predoctoral FPU\u00a0<br \/><a href=\"mailto:ebarbosa@us.es\">ebarbosa@us.es<\/a><br \/><span><a href=\"mailto:mlopez57@us.es\"><\/a><\/span><a href=\"https:\/\/us.academia.edu\/AlejandroJVi\u00f1aGonz\u00e1lez\"><\/a><\/p>\n<p>[\/et_pb_text][\/et_pb_column][\/et_pb_row][et_pb_row column_structure=\u00bb1_3,1_3,1_3&#8243; _builder_version=\u00bb4.27.4&#8243; _module_preset=\u00bbdefault\u00bb custom_padding=\u00bb||4px|||\u00bb global_colors_info=\u00bb{}\u00bb][et_pb_column type=\u00bb1_3&#8243; _builder_version=\u00bb4.27.4&#8243; _module_preset=\u00bbdefault\u00bb global_colors_info=\u00bb{}\u00bb][et_pb_text _builder_version=\u00bb4.27.5&#8243; _module_preset=\u00bbd7287142-8dce-4338-a440-851665491cdc\u00bb locked=\u00bboff\u00bb global_colors_info=\u00bb{}\u00bb]<\/p>\n<p><span><strong>Marcos Gallego \u00c1lvarez<\/strong><br \/><\/span>Becario Pre-doctoral &#8211; Fundaci\u00f3n <br \/>\u201cOriol-Urquijo\u201d<br \/><span><a href=\"mailto:mlopez57@us.es\"><\/a><\/span><a href=\"https:\/\/us.academia.edu\/AlejandroJVi\u00f1aGonz\u00e1lez\"><\/a><\/p>\n<p>[\/et_pb_text][\/et_pb_column][et_pb_column type=\u00bb1_3&#8243; _builder_version=\u00bb4.27.4&#8243; _module_preset=\u00bbdefault\u00bb global_colors_info=\u00bb{}\u00bb][et_pb_text _builder_version=\u00bb4.27.5&#8243; _module_preset=\u00bbd7287142-8dce-4338-a440-851665491cdc\u00bb locked=\u00bboff\u00bb global_colors_info=\u00bb{}\u00bb]<\/p>\n<p><span><strong>Paola Molina Almarcha<\/strong><br \/><\/span>Contratado Predoctoral &#8211; Fundaci\u00f3n Areces<br \/><span><a href=\"mailto:mlopez57@us.es\"><\/a><\/span><a href=\"https:\/\/us.academia.edu\/AlejandroJVi\u00f1aGonz\u00e1lez\"><\/a><\/p>\n<p>[\/et_pb_text][\/et_pb_column][et_pb_column type=\u00bb1_3&#8243; _builder_version=\u00bb4.27.4&#8243; _module_preset=\u00bbdefault\u00bb global_colors_info=\u00bb{}\u00bb][et_pb_text _builder_version=\u00bb4.27.4&#8243; _module_preset=\u00bbd7287142-8dce-4338-a440-851665491cdc\u00bb locked=\u00bboff\u00bb global_colors_info=\u00bb{}\u00bb]<\/p>\n<p><span><strong>Loreto Ramos L\u00f3pez<br \/><\/strong>Personal de Administraci\u00f3n<br \/><a href=\"mailto:%6c%72%61%6d%6f%73%6c%40%75%73%2e%65%73\">lramosl@us.es<\/a><br \/><a href=\"https:\/\/www.us.es\/trabaja-en-la-us\/directorio\/personal-de-administracion-y-servicios\">Directorio US<\/a><\/span><a href=\"https:\/\/independent.academia.edu\/JoseJaimeGarciaBernal\"><\/a><\/p>\n<p>[\/et_pb_text][\/et_pb_column][\/et_pb_row][\/et_pb_section][et_pb_section fb_built=\u00bb1&#8243; _builder_version=\u00bb4.27.4&#8243; _module_preset=\u00bbdefault\u00bb background_color=\u00bbrgba(221,178,68,0.25)\u00bb custom_margin=\u00bb22px|||||\u00bb custom_padding=\u00bb39px||4px|||\u00bb global_colors_info=\u00bb{}\u00bb][et_pb_row _builder_version=\u00bb4.23.1&#8243; _module_preset=\u00bbdefault\u00bb custom_padding=\u00bb5px||2px|||\u00bb global_colors_info=\u00bb{}\u00bb][et_pb_column type=\u00bb4_4&#8243; _builder_version=\u00bb4.23.1&#8243; _module_preset=\u00bbdefault\u00bb global_colors_info=\u00bb{}\u00bb][et_pb_text _builder_version=\u00bb4.27.4&#8243; _module_preset=\u00bb082edbe3-28a5-4d85-bde9-5ff96ee791c7&#8243; header_2_font=\u00bbPoppins|200|||||||\u00bb custom_margin=\u00bb||10px||false|false\u00bb global_colors_info=\u00bb{}\u00bb]<\/p>\n<h2><span style=\"color: #deae36;\">\u00daltimos eventos<\/span><\/h2>\n<p>[\/et_pb_text][et_pb_blog fullwidth=\u00bboff\u00bb posts_number=\u00bb3&#8243; include_categories=\u00bball\u00bb show_author=\u00bboff\u00bb show_categories=\u00bboff\u00bb show_excerpt=\u00bboff\u00bb show_pagination=\u00bboff\u00bb _builder_version=\u00bb4.27.4&#8243; _module_preset=\u00bbdefault\u00bb header_font=\u00bbPoppins||||||||\u00bb header_text_color=\u00bb#deae36&#8243; header_font_size=\u00bb19px\u00bb header_line_height=\u00bb1.3em\u00bb body_font=\u00bb||||||||\u00bb body_text_color=\u00bb#666666&#8243; body_font_size=\u00bb16px\u00bb meta_font=\u00bb|700|||||||\u00bb meta_text_color=\u00bbrgba(0,0,0,0.23)\u00bb meta_font_size=\u00bb13px\u00bb custom_margin=\u00bb15px|||||\u00bb custom_padding=\u00bb||0px|||\u00bb border_color_all=\u00bb#deae36&#8243; border_style_top=\u00bbdashed\u00bb border_style_right=\u00bbdashed\u00bb border_style_bottom=\u00bbdashed\u00bb border_style_left=\u00bbdashed\u00bb locked=\u00bboff\u00bb global_colors_info=\u00bb{}\u00bb][\/et_pb_blog][\/et_pb_column][\/et_pb_row][\/et_pb_section][et_pb_section fb_built=\u00bb1&#8243; admin_label=\u00bbHeader\u00bb _builder_version=\u00bb4.23.1&#8243; _module_preset=\u00bbdefault\u00bb background_color=\u00bbgcid-d214ab81-0383-475f-b48e-2c27b44bd017&#8243; custom_padding=\u00bb||23px|||\u00bb collapsed=\u00bbon\u00bb global_colors_info=\u00bb{%22gcid-d214ab81-0383-475f-b48e-2c27b44bd017%22:%91%22background_color%22%93}\u00bb][et_pb_row _builder_version=\u00bb4.23.1&#8243; _module_preset=\u00bbdefault\u00bb custom_padding=\u00bb5px||46px|||\u00bb global_colors_info=\u00bb{}\u00bb][et_pb_column type=\u00bb4_4&#8243; _builder_version=\u00bb4.23.1&#8243; _module_preset=\u00bbdefault\u00bb global_colors_info=\u00bb{}\u00bb][et_pb_text _builder_version=\u00bb4.23.1&#8243; _module_preset=\u00bb082edbe3-28a5-4d85-bde9-5ff96ee791c7&#8243; text_orientation=\u00bbcenter\u00bb custom_margin=\u00bb||10px||false|false\u00bb global_colors_info=\u00bb{}\u00bb]<\/p>\n<h2>Consulta nuestras <span style=\"color: #deae36;\">publicaciones m\u00e1s recientes<\/span><\/h2>\n<p>[\/et_pb_text][et_pb_text _builder_version=\u00bb4.23.1&#8243; _module_preset=\u00bbd7287142-8dce-4338-a440-851665491cdc\u00bb text_text_color=\u00bb#000000&#8243; text_orientation=\u00bbcenter\u00bb custom_margin=\u00bb||22px|||\u00bb global_colors_info=\u00bb{}\u00bb]<\/p>\n<p>Descubre las investigaciones m\u00e1s destacadas de nuestro departamento. Monograf\u00edas, ediciones cr\u00edticas y estudios colectivos que abordan los grandes temas de la Edad Moderna desde nuevas perspectivas.<\/p>\n<p>[\/et_pb_text][et_pb_button button_url=\u00bbhttps:\/\/departamento.us.es\/hmoderna\/publicaciones\/\u00bb button_text=\u00bbVer publicaciones\u00bb button_alignment=\u00bbcenter\u00bb _builder_version=\u00bb4.27.4&#8243; _module_preset=\u00bbdefault\u00bb custom_button=\u00bbon\u00bb button_text_size=\u00bb17px\u00bb button_text_color=\u00bb#FFFFFF\u00bb button_bg_color=\u00bb#deae36&#8243; button_border_width=\u00bb0px\u00bb button_border_radius=\u00bb46px\u00bb button_letter_spacing=\u00bb1px\u00bb button_font=\u00bbPoppins|600||on|||||\u00bb button_use_icon=\u00bboff\u00bb custom_padding=\u00bb16px|24px|16px|24px|false|false\u00bb global_colors_info=\u00bb{}\u00bb][\/et_pb_button][\/et_pb_column][\/et_pb_row][\/et_pb_section]<\/p>\n","protected":false},"excerpt":{"rendered":"<p>Personal del Departamento de Historia Moderna de la USJuan Jos\u00e9 Iglesias Rodr\u00edguezCatedr\u00e1tico de Universidadjjiglesias@us.esSisius \/ Directorio USAcademia.edu Rafael Mauricio P\u00e9rez Garc\u00edaCatedr\u00e1tico de Universidadrperez4@us.esSisius \/ Directorio USAcademia.eduManuel Francisco Fern\u00e1ndez ChavesCatedr\u00e1tico de Universidadmfernandez6@us.esSisius \/ Directorio USAcademia.eduJos\u00e9 Jaime Garc\u00eda BernalProfesor Titular de Universidadjaimebernal@us.esSisius \/ Directorio USAcademia.eduAntonio Gonz\u00e1lez PolvilloProfesor Titular de Universidadapolvillo@us.esSisius \/ Directorio USClara Bejarano PellicerProfesora Titular de [&hellip;]<\/p>\n","protected":false},"author":1,"featured_media":0,"parent":0,"menu_order":0,"comment_status":"closed","ping_status":"closed","template":"","meta":{"_et_pb_use_builder":"on","_et_pb_old_content":"","_et_gb_content_width":"","footnotes":""},"class_list":["post-167","page","type-page","status-publish","hentry"],"_links":{"self":[{"href":"https:\/\/departamento.us.es\/hmoderna\/wp-json\/wp\/v2\/pages\/167","targetHints":{"allow":["GET"]}}],"collection":[{"href":"https:\/\/departamento.us.es\/hmoderna\/wp-json\/wp\/v2\/pages"}],"about":[{"href":"https:\/\/departamento.us.es\/hmoderna\/wp-json\/wp\/v2\/types\/page"}],"author":[{"embeddable":true,"href":"https:\/\/departamento.us.es\/hmoderna\/wp-json\/wp\/v2\/users\/1"}],"replies":[{"embeddable":true,"href":"https:\/\/departamento.us.es\/hmoderna\/wp-json\/wp\/v2\/comments?post=167"}],"version-history":[{"count":8,"href":"https:\/\/departamento.us.es\/hmoderna\/wp-json\/wp\/v2\/pages\/167\/revisions"}],"predecessor-version":[{"id":1043,"href":"https:\/\/departamento.us.es\/hmoderna\/wp-json\/wp\/v2\/pages\/167\/revisions\/1043"}],"wp:attachment":[{"href":"https:\/\/departamento.us.es\/hmoderna\/wp-json\/wp\/v2\/media?parent=167"}],"curies":[{"name":"wp","href":"https:\/\/api.w.org\/{rel}","templated":true}]}}