{"id":366,"date":"2025-10-27T22:15:21","date_gmt":"2025-10-27T22:15:21","guid":{"rendered":"https:\/\/departamento.us.es\/hmoderna\/?page_id=366"},"modified":"2026-01-21T07:31:48","modified_gmt":"2026-01-21T07:31:48","slug":"cursos-congresos-y-seminarios","status":"publish","type":"page","link":"https:\/\/departamento.us.es\/hmoderna\/cursos-congresos-y-seminarios\/","title":{"rendered":"Cursos, congresos y seminarios"},"content":{"rendered":"<p>[et_pb_section fb_built=\u00bb1&#8243; fullwidth=\u00bbon\u00bb _builder_version=\u00bb4.27.4&#8243; _module_preset=\u00bbdefault\u00bb global_colors_info=\u00bb{}\u00bb][et_pb_fullwidth_image src=\u00bbhttps:\/\/departamento.us.es\/hmoderna\/wp-content\/uploads\/2025\/10\/manuscrito.jpg\u00bb alt=\u00bbTesis defendidas en el Departamento de Historia moderna de la US\u00bb title_text=\u00bbTesis defendidas en el Departamento de Historia moderna de la US\u00bb _builder_version=\u00bb4.27.4&#8243; _module_preset=\u00bbdefault\u00bb global_colors_info=\u00bb{}\u00bb][\/et_pb_fullwidth_image][\/et_pb_section][et_pb_section fb_built=\u00bb1&#8243; admin_label=\u00bbHeader\u00bb _builder_version=\u00bb4.23.1&#8243; _module_preset=\u00bbdefault\u00bb background_color=\u00bbgcid-d214ab81-0383-475f-b48e-2c27b44bd017&#8243; custom_padding=\u00bb||23px|||\u00bb collapsed=\u00bbon\u00bb global_colors_info=\u00bb{%22gcid-d214ab81-0383-475f-b48e-2c27b44bd017%22:%91%22background_color%22%93}\u00bb][et_pb_row _builder_version=\u00bb4.23.1&#8243; _module_preset=\u00bbdefault\u00bb custom_padding=\u00bb5px||17px|||\u00bb global_colors_info=\u00bb{}\u00bb][et_pb_column type=\u00bb4_4&#8243; _builder_version=\u00bb4.23.1&#8243; _module_preset=\u00bbdefault\u00bb global_colors_info=\u00bb{}\u00bb][et_pb_text _builder_version=\u00bb4.27.4&#8243; _module_preset=\u00bb342e7928-d541-43ea-a153-7ce0630d4c54&#8243; header_font=\u00bbPoppins|200|||||||\u00bb header_text_align=\u00bbleft\u00bb header_font_size=\u00bb52px\u00bb text_orientation=\u00bbcenter\u00bb custom_margin=\u00bb||34px|||\u00bb global_colors_info=\u00bb{}\u00bb]<\/p>\n<h1><span style=\"color: #deae36;\"><strong>Cursos, congresos y seminarios <\/strong>del\u00a0 Departamento de Historia moderna de la Universidad de Sevilla<\/span><\/h1>\n<p>[\/et_pb_text][et_pb_blog fullwidth=\u00bboff\u00bb posts_number=\u00bb100&#8243; include_categories=\u00bb5&#8243; show_author=\u00bboff\u00bb show_categories=\u00bboff\u00bb show_pagination=\u00bboff\u00bb _builder_version=\u00bb4.27.5&#8243; _module_preset=\u00bbdefault\u00bb header_font=\u00bbPoppins||||||||\u00bb header_text_color=\u00bb#deae36&#8243; header_font_size=\u00bb19px\u00bb header_line_height=\u00bb1.3em\u00bb body_font=\u00bb||||||||\u00bb body_text_color=\u00bb#666666&#8243; body_font_size=\u00bb16px\u00bb meta_font=\u00bb|700|||||||\u00bb meta_text_color=\u00bbrgba(0,0,0,0.23)\u00bb meta_font_size=\u00bb13px\u00bb custom_margin=\u00bb32px|||||\u00bb hover_enabled=\u00bb0&#8243; border_color_all=\u00bb#deae36&#8243; border_style_top=\u00bbdashed\u00bb border_style_right=\u00bbdashed\u00bb border_style_bottom=\u00bbdashed\u00bb border_style_left=\u00bbdashed\u00bb border_width_top_image=\u00bb1px\u00bb border_color_top_image=\u00bb#deae36&#8243; border_style_top_image=\u00bbdashed\u00bb border_width_right_image=\u00bb1px\u00bb border_color_right_image=\u00bb#deae36&#8243; border_style_right_image=\u00bbdashed\u00bb border_width_left_image=\u00bb1px\u00bb border_color_left_image=\u00bb#deae36&#8243; border_style_left_image=\u00bbdashed\u00bb box_shadow_style=\u00bbpreset2&#8243; box_shadow_horizontal=\u00bb0px\u00bb box_shadow_vertical=\u00bb1px\u00bb locked=\u00bboff\u00bb global_colors_info=\u00bb{}\u00bb sticky_enabled=\u00bb0&#8243;][\/et_pb_blog][\/et_pb_column][\/et_pb_row][\/et_pb_section][et_pb_section fb_built=\u00bb1&#8243; _builder_version=\u00bb4.27.4&#8243; _module_preset=\u00bbdefault\u00bb background_color=\u00bbrgba(221,178,68,0.25)\u00bb custom_padding=\u00bb39px||4px|||\u00bb global_colors_info=\u00bb{}\u00bb][et_pb_row _builder_version=\u00bb4.23.1&#8243; _module_preset=\u00bbdefault\u00bb custom_padding=\u00bb5px||2px|||\u00bb global_colors_info=\u00bb{}\u00bb][et_pb_column type=\u00bb4_4&#8243; _builder_version=\u00bb4.23.1&#8243; _module_preset=\u00bbdefault\u00bb global_colors_info=\u00bb{}\u00bb][et_pb_text _builder_version=\u00bb4.27.4&#8243; _module_preset=\u00bb082edbe3-28a5-4d85-bde9-5ff96ee791c7&#8243; header_2_font=\u00bbPoppins|200|||||||\u00bb custom_margin=\u00bb||10px||false|false\u00bb global_colors_info=\u00bb{}\u00bb]<\/p>\n<h2><span style=\"color: #deae36;\">\u00daltimos eventos<\/span><\/h2>\n<p>[\/et_pb_text][et_pb_blog fullwidth=\u00bboff\u00bb posts_number=\u00bb3&#8243; include_categories=\u00bball\u00bb show_author=\u00bboff\u00bb show_categories=\u00bboff\u00bb show_excerpt=\u00bboff\u00bb show_pagination=\u00bboff\u00bb _builder_version=\u00bb4.27.4&#8243; _module_preset=\u00bbdefault\u00bb header_font=\u00bbPoppins||||||||\u00bb header_text_color=\u00bb#deae36&#8243; header_font_size=\u00bb19px\u00bb header_line_height=\u00bb1.3em\u00bb body_font=\u00bb||||||||\u00bb body_text_color=\u00bb#666666&#8243; body_font_size=\u00bb16px\u00bb meta_font=\u00bb|700|||||||\u00bb meta_text_color=\u00bbrgba(0,0,0,0.23)\u00bb meta_font_size=\u00bb13px\u00bb custom_margin=\u00bb15px|||||\u00bb custom_padding=\u00bb||0px|||\u00bb border_color_all=\u00bb#deae36&#8243; border_style_top=\u00bbdashed\u00bb border_style_right=\u00bbdashed\u00bb border_style_bottom=\u00bbdashed\u00bb border_style_left=\u00bbdashed\u00bb locked=\u00bboff\u00bb global_colors_info=\u00bb{}\u00bb][\/et_pb_blog][\/et_pb_column][\/et_pb_row][\/et_pb_section][et_pb_section fb_built=\u00bb1&#8243; admin_label=\u00bbHeader\u00bb _builder_version=\u00bb4.23.1&#8243; _module_preset=\u00bbdefault\u00bb background_color=\u00bbgcid-d214ab81-0383-475f-b48e-2c27b44bd017&#8243; custom_padding=\u00bb||23px|||\u00bb collapsed=\u00bbon\u00bb global_colors_info=\u00bb{%22gcid-d214ab81-0383-475f-b48e-2c27b44bd017%22:%91%22background_color%22%93}\u00bb][et_pb_row _builder_version=\u00bb4.23.1&#8243; _module_preset=\u00bbdefault\u00bb custom_padding=\u00bb5px||46px|||\u00bb global_colors_info=\u00bb{}\u00bb][et_pb_column type=\u00bb4_4&#8243; _builder_version=\u00bb4.23.1&#8243; _module_preset=\u00bbdefault\u00bb global_colors_info=\u00bb{}\u00bb][et_pb_text _builder_version=\u00bb4.23.1&#8243; _module_preset=\u00bb082edbe3-28a5-4d85-bde9-5ff96ee791c7&#8243; text_orientation=\u00bbcenter\u00bb custom_margin=\u00bb||10px||false|false\u00bb global_colors_info=\u00bb{}\u00bb]<\/p>\n<h2>Consulta nuestras <span style=\"color: #deae36;\">publicaciones m\u00e1s recientes<\/span><\/h2>\n<p>[\/et_pb_text][et_pb_text _builder_version=\u00bb4.23.1&#8243; _module_preset=\u00bbd7287142-8dce-4338-a440-851665491cdc\u00bb text_text_color=\u00bb#000000&#8243; text_orientation=\u00bbcenter\u00bb custom_margin=\u00bb||22px|||\u00bb global_colors_info=\u00bb{}\u00bb]<\/p>\n<p>Descubre las investigaciones m\u00e1s destacadas de nuestro departamento. Monograf\u00edas, ediciones cr\u00edticas y estudios colectivos que abordan los grandes temas de la Edad Moderna desde nuevas perspectivas.<\/p>\n<p>[\/et_pb_text][et_pb_button button_url=\u00bbhttps:\/\/departamento.us.es\/hmoderna\/publicaciones\/\u00bb button_text=\u00bbVer publicaciones\u00bb button_alignment=\u00bbcenter\u00bb _builder_version=\u00bb4.27.4&#8243; _module_preset=\u00bbdefault\u00bb custom_button=\u00bbon\u00bb button_text_size=\u00bb17px\u00bb button_text_color=\u00bb#FFFFFF\u00bb button_bg_color=\u00bb#deae36&#8243; button_border_width=\u00bb0px\u00bb button_border_radius=\u00bb46px\u00bb button_letter_spacing=\u00bb1px\u00bb button_font=\u00bbPoppins|600||on|||||\u00bb button_use_icon=\u00bboff\u00bb custom_padding=\u00bb16px|24px|16px|24px|false|false\u00bb global_colors_info=\u00bb{}\u00bb][\/et_pb_button][\/et_pb_column][\/et_pb_row][\/et_pb_section]<\/p>\n","protected":false},"excerpt":{"rendered":"<p>Cursos, congresos y seminarios del\u00a0 Departamento de Historia moderna de la Universidad de Sevilla\u00daltimos eventosConsulta nuestras publicaciones m\u00e1s recientesDescubre las investigaciones m\u00e1s destacadas de nuestro departamento. Monograf\u00edas, ediciones cr\u00edticas y estudios colectivos que abordan los grandes temas de la Edad Moderna desde nuevas perspectivas.<\/p>\n","protected":false},"author":1,"featured_media":0,"parent":0,"menu_order":0,"comment_status":"closed","ping_status":"closed","template":"","meta":{"_et_pb_use_builder":"on","_et_pb_old_content":"","_et_gb_content_width":"","footnotes":""},"class_list":["post-366","page","type-page","status-publish","hentry"],"_links":{"self":[{"href":"https:\/\/departamento.us.es\/hmoderna\/wp-json\/wp\/v2\/pages\/366","targetHints":{"allow":["GET"]}}],"collection":[{"href":"https:\/\/departamento.us.es\/hmoderna\/wp-json\/wp\/v2\/pages"}],"about":[{"href":"https:\/\/departamento.us.es\/hmoderna\/wp-json\/wp\/v2\/types\/page"}],"author":[{"embeddable":true,"href":"https:\/\/departamento.us.es\/hmoderna\/wp-json\/wp\/v2\/users\/1"}],"replies":[{"embeddable":true,"href":"https:\/\/departamento.us.es\/hmoderna\/wp-json\/wp\/v2\/comments?post=366"}],"version-history":[{"count":7,"href":"https:\/\/departamento.us.es\/hmoderna\/wp-json\/wp\/v2\/pages\/366\/revisions"}],"predecessor-version":[{"id":907,"href":"https:\/\/departamento.us.es\/hmoderna\/wp-json\/wp\/v2\/pages\/366\/revisions\/907"}],"wp:attachment":[{"href":"https:\/\/departamento.us.es\/hmoderna\/wp-json\/wp\/v2\/media?parent=366"}],"curies":[{"name":"wp","href":"https:\/\/api.w.org\/{rel}","templated":true}]}}