{"id":777,"date":"2026-01-14T12:47:44","date_gmt":"2026-01-14T12:47:44","guid":{"rendered":"https:\/\/departamento.us.es\/hmoderna\/?page_id=777"},"modified":"2026-01-16T12:51:44","modified_gmt":"2026-01-16T12:51:44","slug":"proyectos-vigentes-del-departamento-de-historia-moderna-de-la-us","status":"publish","type":"page","link":"https:\/\/departamento.us.es\/hmoderna\/proyectos-vigentes-del-departamento-de-historia-moderna-de-la-us\/","title":{"rendered":"Proyectos vigentes del Departamento de Historia Moderna de la US"},"content":{"rendered":"<p>[et_pb_section fb_built=\u00bb1&#8243; fullwidth=\u00bbon\u00bb _builder_version=\u00bb4.27.4&#8243; _module_preset=\u00bbdefault\u00bb locked=\u00bboff\u00bb global_colors_info=\u00bb{}\u00bb][et_pb_fullwidth_image src=\u00bbhttps:\/\/departamento.us.es\/hmoderna\/wp-content\/uploads\/2025\/07\/slider-andatlan-2.jpg\u00bb title_text=\u00bbslider-andatlan-2&#8243; _builder_version=\u00bb4.27.4&#8243; _module_preset=\u00bbdefault\u00bb global_colors_info=\u00bb{}\u00bb][\/et_pb_fullwidth_image][\/et_pb_section][et_pb_section fb_built=\u00bb1&#8243; admin_label=\u00bbHeader\u00bb _builder_version=\u00bb4.23.1&#8243; _module_preset=\u00bbdefault\u00bb background_color=\u00bbgcid-d214ab81-0383-475f-b48e-2c27b44bd017&#8243; custom_padding=\u00bb||23px|||\u00bb locked=\u00bboff\u00bb collapsed=\u00bbon\u00bb global_colors_info=\u00bb{%22gcid-d214ab81-0383-475f-b48e-2c27b44bd017%22:%91%22background_color%22%93}\u00bb][et_pb_row _builder_version=\u00bb4.23.1&#8243; _module_preset=\u00bbdefault\u00bb custom_padding=\u00bb5px||17px|||\u00bb global_colors_info=\u00bb{}\u00bb][et_pb_column type=\u00bb4_4&#8243; _builder_version=\u00bb4.23.1&#8243; _module_preset=\u00bbdefault\u00bb global_colors_info=\u00bb{}\u00bb][et_pb_text _builder_version=\u00bb4.27.4&#8243; _module_preset=\u00bb342e7928-d541-43ea-a153-7ce0630d4c54&#8243; header_font=\u00bbPoppins|200|||||||\u00bb header_text_align=\u00bbleft\u00bb header_font_size=\u00bb52px\u00bb text_orientation=\u00bbcenter\u00bb global_colors_info=\u00bb{}\u00bb]<\/p>\n<h1><span style=\"color: #deae36;\"><strong>Proyectos vigentes<br \/><\/strong>Departamento de Historia moderna de la US<\/span><\/h1>\n<p>[\/et_pb_text][\/et_pb_column][\/et_pb_row][et_pb_row _builder_version=\u00bb4.23.1&#8243; _module_preset=\u00bbdefault\u00bb custom_margin=\u00bb12px|auto|12px|auto||\u00bb custom_padding=\u00bb5px||17px|||\u00bb global_colors_info=\u00bb{}\u00bb][et_pb_column type=\u00bb4_4&#8243; _builder_version=\u00bb4.23.1&#8243; _module_preset=\u00bbdefault\u00bb global_colors_info=\u00bb{}\u00bb][et_pb_text _builder_version=\u00bb4.27.4&#8243; _module_preset=\u00bbd7287142-8dce-4338-a440-851665491cdc\u00bb custom_margin=\u00bb||||false|false\u00bb custom_padding=\u00bb10px|20px|10px|20px|false|false\u00bb border_width_all=\u00bb1px\u00bb border_color_all=\u00bb#deae36&#8243; border_style_all=\u00bbdashed\u00bb locked=\u00bboff\u00bb global_colors_info=\u00bb{}\u00bb]<\/p>\n<p><span style=\"color: #deae36;\"><strong>Grupo de Investigaci\u00f3n <em>Andaluc\u00eda y Am\u00e9rica latina: el impacto de la Carrera de Indias sobre las redes sociales y las actividades econ\u00f3micas regionales.<\/em><\/strong><\/span><\/p>\n<p>Financiado por la Junta de Andaluc\u00eda.<br \/>Referencia: HUM-202. <br \/>Investigador Principal: Dr. Juan Jos\u00e9 Iglesias Rodr\u00edguez. <br \/>Creado en 1991.<\/p>\n<p><a href=\"https:\/\/investigacion.us.es\/sisius\/sis_depgrupos.php?ct=&amp;cs=&amp;seltext=HUM-202&amp;selfield=CodPAI\">https:\/\/investigacion.us.es\/sisius\/sis_depgrupos.php?ct=&amp;cs=&amp;seltext=HUM-202&amp;selfield=CodPAI<\/a><\/p>\n<p>[\/et_pb_text][et_pb_text _builder_version=\u00bb4.27.4&#8243; _module_preset=\u00bbd7287142-8dce-4338-a440-851665491cdc\u00bb custom_margin=\u00bb||||false|false\u00bb custom_padding=\u00bb10px|20px|10px|20px|false|false\u00bb border_width_all=\u00bb1px\u00bb border_color_all=\u00bb#deae36&#8243; border_style_all=\u00bbdashed\u00bb locked=\u00bboff\u00bb global_colors_info=\u00bb{}\u00bb]<\/p>\n<p><span style=\"color: #deae36;\"><strong>Proyecto de Investigaci\u00f3n <em>Ciudades de mercaderes. La Andaluc\u00eda del Renacimiento y la construcci\u00f3n de la primera econom\u00eda global<\/em> (CIMERA).\u00a0<\/strong><\/span><\/p>\n<p>Financiado por la Fundaci\u00f3n P\u00fablica Andaluza Centro de Estudios Andaluces (CENTRA) de la Junta de Andaluc\u00eda.<br \/>Referencia: PRY023\/25. <br \/>Investigador Principal 1: Dr. Rafael M. P\u00e9rez Garc\u00eda. <br \/>Investigador Principal 2: Dr. Rafael M. Gir\u00f3n Pascual (Universidad de C\u00f3rdoba). <br \/>Periodo: 01\/01\/2026 a 31\/12\/2027. <br \/>Financiaci\u00f3n: 42.000 euros. <br \/>N\u00famero de investigadores: 37.<\/p>\n<p>[\/et_pb_text][et_pb_text _builder_version=\u00bb4.27.4&#8243; _module_preset=\u00bbd7287142-8dce-4338-a440-851665491cdc\u00bb custom_margin=\u00bb||||false|false\u00bb custom_padding=\u00bb10px|20px|10px|20px|false|false\u00bb border_width_all=\u00bb1px\u00bb border_color_all=\u00bb#deae36&#8243; border_style_all=\u00bbdashed\u00bb locked=\u00bboff\u00bb global_colors_info=\u00bb{}\u00bb]<\/p>\n<p><span style=\"color: #deae36;\"><strong>Proyecto de I+D <em>La esclavitud en la econom\u00eda y la sociedad de la Espa\u00f1a del siglo XVI<\/em> (MERCATRAT).\u00a0<\/strong><\/span><\/p>\n<p>Financiado por el Ministerio de Ciencia e Innovaci\u00f3n del Gobierno de Espa\u00f1a. <br \/>Referencia: PID2022-138444OB-I00. <br \/>Investigador Principal 1: Dr. Rafael M. P\u00e9rez Garc\u00eda. <br \/>Investigador Principal 2: Dr. Manuel F. Fern\u00e1ndez Chaves. <br \/>Periodo: 01\/09\/2023 a 31\/08\/2027. <br \/>Financiaci\u00f3n: 67.500 euros. <br \/>N\u00famero de investigadores: 26.<\/p>\n<p><a href=\"https:\/\/investigacion.us.es\/sisius\/sis_proyecto.php?idproy=37743\">https:\/\/investigacion.us.es\/sisius\/sis_proyecto.php?idproy=37743<\/a><\/p>\n<p>[\/et_pb_text][et_pb_text _builder_version=\u00bb4.27.4&#8243; _module_preset=\u00bbd7287142-8dce-4338-a440-851665491cdc\u00bb custom_margin=\u00bb||||false|false\u00bb custom_padding=\u00bb10px|20px|10px|20px|false|false\u00bb border_width_all=\u00bb1px\u00bb border_color_all=\u00bb#deae36&#8243; border_style_all=\u00bbdashed\u00bb locked=\u00bboff\u00bb global_colors_info=\u00bb{}\u00bb]<\/p>\n<p><span style=\"color: #deae36;\"><strong>Proyecto de I+D <em>El universo humano de la Carrera de Indias<\/em> (UNICIN). <\/strong><\/span><\/p>\n<p>Financiado por el Ministerio de Ciencia e Innovaci\u00f3n del Gobierno de Espa\u00f1a. <br \/>Referencia: PID2022-141165NB-I00. <br \/>Investigador Principal 1: Dr. Jos\u00e9 Jaime Garc\u00eda Bernal. <br \/>Investigador Principal 2: Dr. Jos\u00e9 Manuel D\u00edaz Blanco. <br \/>Periodo: 01\/09\/2023 a 31\/08\/2026. <br \/>Financiaci\u00f3n: 33.750 euros. <br \/>N\u00famero de investigadores: 22.<\/p>\n<p><a href=\"https:\/\/investigacion.us.es\/sisius\/sis_proyecto.php?idproy=37827\">https:\/\/investigacion.us.es\/sisius\/sis_proyecto.php?idproy=37827<\/a><\/p>\n<p>[\/et_pb_text][\/et_pb_column][\/et_pb_row][\/et_pb_section]<\/p>\n","protected":false},"excerpt":{"rendered":"<p>Proyectos vigentesDepartamento de Historia moderna de la USGrupo de Investigaci\u00f3n Andaluc\u00eda y Am\u00e9rica latina: el impacto de la Carrera de Indias sobre las redes sociales y las actividades econ\u00f3micas regionales. Financiado por la Junta de Andaluc\u00eda.Referencia: HUM-202. Investigador Principal: Dr. Juan Jos\u00e9 Iglesias Rodr\u00edguez. Creado en 1991. https:\/\/investigacion.us.es\/sisius\/sis_depgrupos.php?ct=&amp;cs=&amp;seltext=HUM-202&amp;selfield=CodPAIProyecto de Investigaci\u00f3n Ciudades de mercaderes. La Andaluc\u00eda [&hellip;]<\/p>\n","protected":false},"author":1,"featured_media":0,"parent":0,"menu_order":0,"comment_status":"closed","ping_status":"closed","template":"","meta":{"_et_pb_use_builder":"on","_et_pb_old_content":"","_et_gb_content_width":"","footnotes":""},"class_list":["post-777","page","type-page","status-publish","hentry"],"_links":{"self":[{"href":"https:\/\/departamento.us.es\/hmoderna\/wp-json\/wp\/v2\/pages\/777","targetHints":{"allow":["GET"]}}],"collection":[{"href":"https:\/\/departamento.us.es\/hmoderna\/wp-json\/wp\/v2\/pages"}],"about":[{"href":"https:\/\/departamento.us.es\/hmoderna\/wp-json\/wp\/v2\/types\/page"}],"author":[{"embeddable":true,"href":"https:\/\/departamento.us.es\/hmoderna\/wp-json\/wp\/v2\/users\/1"}],"replies":[{"embeddable":true,"href":"https:\/\/departamento.us.es\/hmoderna\/wp-json\/wp\/v2\/comments?post=777"}],"version-history":[{"count":8,"href":"https:\/\/departamento.us.es\/hmoderna\/wp-json\/wp\/v2\/pages\/777\/revisions"}],"predecessor-version":[{"id":862,"href":"https:\/\/departamento.us.es\/hmoderna\/wp-json\/wp\/v2\/pages\/777\/revisions\/862"}],"wp:attachment":[{"href":"https:\/\/departamento.us.es\/hmoderna\/wp-json\/wp\/v2\/media?parent=777"}],"curies":[{"name":"wp","href":"https:\/\/api.w.org\/{rel}","templated":true}]}}