{"id":1416,"date":"2023-01-10T11:28:47","date_gmt":"2023-01-10T11:28:47","guid":{"rendered":"https:\/\/departamento.us.es\/newhtcaetsa\/?page_id=1416"},"modified":"2024-09-03T10:28:39","modified_gmt":"2024-09-03T10:28:39","slug":"direccion-y-secretaria","status":"publish","type":"page","link":"https:\/\/departamento.us.es\/htcaetsa\/direccion-y-secretaria\/","title":{"rendered":"Direcci\u00f3n y Secretar\u00eda"},"content":{"rendered":"\t\t<div data-elementor-type=\"wp-page\" data-elementor-id=\"1416\" class=\"elementor elementor-1416\" data-elementor-post-type=\"page\">\n\t\t\t\t<div class=\"elementor-element elementor-element-e986d28 e-flex e-con-boxed e-con e-parent\" data-id=\"e986d28\" data-element_type=\"container\" data-e-type=\"container\">\n\t\t\t\t\t<div class=\"e-con-inner\">\n\t\t<div class=\"elementor-element elementor-element-7af0477 e-con-full e-flex elementor-invisible e-con e-child\" data-id=\"7af0477\" data-element_type=\"container\" data-e-type=\"container\" data-settings=\"{&quot;background_background&quot;:&quot;classic&quot;,&quot;animation&quot;:&quot;fadeInLeft&quot;}\">\n\t\t\t\t<div class=\"elementor-element elementor-element-3585554 elementor-widget elementor-widget-heading\" data-id=\"3585554\" data-element_type=\"widget\" data-e-type=\"widget\" data-widget_type=\"heading.default\">\n\t\t\t\t<div class=\"elementor-widget-container\">\n\t\t\t\t\t<h3 class=\"elementor-heading-title elementor-size-default\">Direcci\u00f3n del departamento<\/h3>\t\t\t\t<\/div>\n\t\t\t\t<\/div>\n\t\t<div class=\"elementor-element elementor-element-e74ef35 e-con-full e-flex e-con e-child\" data-id=\"e74ef35\" data-element_type=\"container\" data-e-type=\"container\">\n\t\t<div class=\"elementor-element elementor-element-9548ce8 e-con-full e-flex e-con e-child\" data-id=\"9548ce8\" data-element_type=\"container\" data-e-type=\"container\">\n\t\t\t\t<div class=\"elementor-element elementor-element-4c85247 elementor-widget elementor-widget-image\" data-id=\"4c85247\" data-element_type=\"widget\" data-e-type=\"widget\" data-widget_type=\"image.default\">\n\t\t\t\t<div class=\"elementor-widget-container\">\n\t\t\t\t\t\t\t\t\t\t\t\t\t\t\t<img decoding=\"async\" width=\"150\" height=\"150\" src=\"https:\/\/departamento.us.es\/htcaetsa\/wp-content\/uploads\/2023\/02\/Aladro-Prieto-copia-150x150.jpg\" class=\"attachment-thumbnail size-thumbnail wp-image-1547\" alt=\"\" \/>\t\t\t\t\t\t\t\t\t\t\t\t\t\t\t<\/div>\n\t\t\t\t<\/div>\n\t\t\t\t<div class=\"elementor-element elementor-element-c4ef423 elementor-widget elementor-widget-text-editor\" data-id=\"c4ef423\" data-element_type=\"widget\" data-e-type=\"widget\" data-widget_type=\"text-editor.default\">\n\t\t\t\t<div class=\"elementor-widget-container\">\n\t\t\t\t\t\t\t\t\t<p style=\"text-align: center;\"><strong>Director<\/strong>\u00a0 <br \/>Aladro Prieto, Jos\u00e9 Manuel<\/p>\t\t\t\t\t\t\t\t<\/div>\n\t\t\t\t<\/div>\n\t\t\t\t<\/div>\n\t\t<div class=\"elementor-element elementor-element-bb9dfe6 e-con-full e-flex e-con e-child\" data-id=\"bb9dfe6\" data-element_type=\"container\" data-e-type=\"container\">\n\t\t\t\t<div class=\"elementor-element elementor-element-310fd69 elementor-widget elementor-widget-image\" data-id=\"310fd69\" data-element_type=\"widget\" data-e-type=\"widget\" data-widget_type=\"image.default\">\n\t\t\t\t<div class=\"elementor-widget-container\">\n\t\t\t\t\t\t\t\t\t\t\t\t\t\t\t<img decoding=\"async\" width=\"150\" height=\"150\" src=\"https:\/\/departamento.us.es\/htcaetsa\/wp-content\/uploads\/2023\/05\/Peral-Lopez-150x150.jpg\" class=\"attachment-thumbnail size-thumbnail wp-image-1676\" alt=\"\" \/>\t\t\t\t\t\t\t\t\t\t\t\t\t\t\t<\/div>\n\t\t\t\t<\/div>\n\t\t\t\t<div class=\"elementor-element elementor-element-4952b18 elementor-widget elementor-widget-text-editor\" data-id=\"4952b18\" data-element_type=\"widget\" data-e-type=\"widget\" data-widget_type=\"text-editor.default\">\n\t\t\t\t<div class=\"elementor-widget-container\">\n\t\t\t\t\t\t\t\t\t<p style=\"text-align: center;\"><strong>Secretario\u00a0<\/strong> <br \/>Peral L\u00f3pez, Jos\u00e9<\/p>\t\t\t\t\t\t\t\t<\/div>\n\t\t\t\t<\/div>\n\t\t\t\t<\/div>\n\t\t\t\t<\/div>\n\t\t\t\t<\/div>\n\t\t<div class=\"elementor-element elementor-element-b42a0d9 e-con-full e-flex elementor-invisible e-con e-child\" data-id=\"b42a0d9\" data-element_type=\"container\" data-e-type=\"container\" data-settings=\"{&quot;background_background&quot;:&quot;classic&quot;,&quot;animation&quot;:&quot;fadeInLeft&quot;}\">\n\t\t\t\t<div class=\"elementor-element elementor-element-e028ea3 elementor-widget elementor-widget-heading\" data-id=\"e028ea3\" data-element_type=\"widget\" data-e-type=\"widget\" data-widget_type=\"heading.default\">\n\t\t\t\t<div class=\"elementor-widget-container\">\n\t\t\t\t\t<h3 class=\"elementor-heading-title elementor-size-default\">Gesti\u00f3n administrativa del departamento\n<\/h3>\t\t\t\t<\/div>\n\t\t\t\t<\/div>\n\t\t<div class=\"elementor-element elementor-element-5b9c881 e-con-full e-flex e-con e-child\" data-id=\"5b9c881\" data-element_type=\"container\" data-e-type=\"container\">\n\t\t<div class=\"elementor-element elementor-element-7a29798 e-con-full e-flex e-con e-child\" data-id=\"7a29798\" data-element_type=\"container\" data-e-type=\"container\">\n\t\t\t\t<div class=\"elementor-element elementor-element-ed069b9 elementor-widget elementor-widget-image\" data-id=\"ed069b9\" data-element_type=\"widget\" data-e-type=\"widget\" data-widget_type=\"image.default\">\n\t\t\t\t<div class=\"elementor-widget-container\">\n\t\t\t\t\t\t\t\t\t\t\t\t\t\t\t<img decoding=\"async\" width=\"150\" height=\"150\" src=\"https:\/\/departamento.us.es\/htcaetsa\/wp-content\/uploads\/2023\/05\/jimenez-diaz-benjumea-150x150.jpg\" class=\"attachment-thumbnail size-thumbnail wp-image-1677\" alt=\"\" \/>\t\t\t\t\t\t\t\t\t\t\t\t\t\t\t<\/div>\n\t\t\t\t<\/div>\n\t\t\t\t<div class=\"elementor-element elementor-element-795fabd elementor-widget elementor-widget-text-editor\" data-id=\"795fabd\" data-element_type=\"widget\" data-e-type=\"widget\" data-widget_type=\"text-editor.default\">\n\t\t\t\t<div class=\"elementor-widget-container\">\n\t\t\t\t\t\t\t\t\t<p style=\"text-align: center;\"><strong>Gestora<\/strong><br \/>Jim\u00e9nez D\u00edaz-Benjumea, Carmen\u00a0<\/p>\t\t\t\t\t\t\t\t<\/div>\n\t\t\t\t<\/div>\n\t\t\t\t<\/div>\n\t\t\t\t<\/div>\n\t\t\t\t<\/div>\n\t\t\t\t\t<\/div>\n\t\t\t\t<\/div>\n\t\t\t\t<\/div>\n\t\t","protected":false},"excerpt":{"rendered":"<p>Direcci\u00f3n del departamento Director\u00a0 Aladro Prieto, Jos\u00e9 Manuel Secretario\u00a0 Peral L\u00f3pez, Jos\u00e9 Gesti\u00f3n administrativa del departamento GestoraJim\u00e9nez D\u00edaz-Benjumea, Carmen\u00a0<\/p>\n","protected":false},"author":1,"featured_media":0,"parent":0,"menu_order":0,"comment_status":"closed","ping_status":"closed","template":"","meta":{"_acf_changed":false,"footnotes":""},"class_list":["post-1416","page","type-page","status-publish","hentry"],"acf":[],"yoast_head":"<!-- This site is optimized with the Yoast SEO plugin v27.2 - https:\/\/yoast.com\/product\/yoast-seo-wordpress\/ -->\n<title>Direcci\u00f3n y Secretar\u00eda - Departamento de Historia, Teor\u00eda y Composici\u00f3n Arquitect\u00f3nicas<\/title>\n<meta name=\"robots\" content=\"index, follow, max-snippet:-1, max-image-preview:large, max-video-preview:-1\" \/>\n<link rel=\"canonical\" href=\"https:\/\/departamento.us.es\/newhtcaetsa\/direccion-y-secretaria\/\" \/>\n<meta property=\"og:locale\" content=\"es_ES\" \/>\n<meta property=\"og:type\" content=\"article\" \/>\n<meta property=\"og:title\" content=\"Direcci\u00f3n y Secretar\u00eda - Departamento de Historia, Teor\u00eda y Composici\u00f3n Arquitect\u00f3nicas\" \/>\n<meta property=\"og:description\" content=\"Direcci\u00f3n del departamento Director\u00a0 Aladro Prieto, Jos\u00e9 Manuel Secretario\u00a0 Peral L\u00f3pez, Jos\u00e9 Gesti\u00f3n administrativa del departamento GestoraJim\u00e9nez D\u00edaz-Benjumea, Carmen\u00a0\" \/>\n<meta property=\"og:url\" content=\"https:\/\/departamento.us.es\/newhtcaetsa\/direccion-y-secretaria\/\" \/>\n<meta property=\"og:site_name\" content=\"Departamento de Historia, Teor\u00eda y Composici\u00f3n Arquitect\u00f3nicas\" \/>\n<meta property=\"article:modified_time\" content=\"2024-09-03T10:28:39+00:00\" \/>\n<meta property=\"og:image\" content=\"https:\/\/departamento.us.es\/newhtcaetsa\/wp-content\/uploads\/2023\/02\/Aladro-Prieto-copia-150x150.jpg\" \/>\n<meta name=\"twitter:card\" content=\"summary_large_image\" \/>\n<meta name=\"twitter:label1\" content=\"Tiempo de lectura\" \/>\n\t<meta name=\"twitter:data1\" content=\"1 minuto\" \/>\n<script type=\"application\/ld+json\" class=\"yoast-schema-graph\">{\"@context\":\"https:\/\/schema.org\",\"@graph\":[{\"@type\":\"WebPage\",\"@id\":\"https:\/\/departamento.us.es\/newhtcaetsa\/direccion-y-secretaria\/\",\"url\":\"https:\/\/departamento.us.es\/newhtcaetsa\/direccion-y-secretaria\/\",\"name\":\"Direcci\u00f3n y Secretar\u00eda - Departamento de Historia, Teor\u00eda y Composici\u00f3n Arquitect\u00f3nicas\",\"isPartOf\":{\"@id\":\"https:\/\/departamento.us.es\/newhtcaetsa\/#website\"},\"primaryImageOfPage\":{\"@id\":\"https:\/\/departamento.us.es\/newhtcaetsa\/direccion-y-secretaria\/#primaryimage\"},\"image\":{\"@id\":\"https:\/\/departamento.us.es\/newhtcaetsa\/direccion-y-secretaria\/#primaryimage\"},\"thumbnailUrl\":\"http:\/\/departamento.us.es\/htcaetsa\/wp-content\/uploads\/2023\/02\/Aladro-Prieto-copia-150x150.jpg\",\"datePublished\":\"2023-01-10T11:28:47+00:00\",\"dateModified\":\"2024-09-03T10:28:39+00:00\",\"inLanguage\":\"es\",\"potentialAction\":[{\"@type\":\"ReadAction\",\"target\":[\"https:\/\/departamento.us.es\/newhtcaetsa\/direccion-y-secretaria\/\"]}]},{\"@type\":\"ImageObject\",\"inLanguage\":\"es\",\"@id\":\"https:\/\/departamento.us.es\/newhtcaetsa\/direccion-y-secretaria\/#primaryimage\",\"url\":\"https:\/\/departamento.us.es\/htcaetsa\/wp-content\/uploads\/2023\/02\/Aladro-Prieto-copia.jpg\",\"contentUrl\":\"https:\/\/departamento.us.es\/htcaetsa\/wp-content\/uploads\/2023\/02\/Aladro-Prieto-copia.jpg\",\"width\":397,\"height\":506},{\"@type\":\"WebSite\",\"@id\":\"https:\/\/departamento.us.es\/newhtcaetsa\/#website\",\"url\":\"https:\/\/departamento.us.es\/newhtcaetsa\/\",\"name\":\"Departamento de Historia, Teor\u00eda y Composici\u00f3n Arquitect\u00f3nicas\",\"description\":\"Universidad de Sevilla\",\"publisher\":{\"@id\":\"https:\/\/departamento.us.es\/newhtcaetsa\/#organization\"},\"potentialAction\":[{\"@type\":\"SearchAction\",\"target\":{\"@type\":\"EntryPoint\",\"urlTemplate\":\"https:\/\/departamento.us.es\/newhtcaetsa\/?s={search_term_string}\"},\"query-input\":{\"@type\":\"PropertyValueSpecification\",\"valueRequired\":true,\"valueName\":\"search_term_string\"}}],\"inLanguage\":\"es\"},{\"@type\":\"Organization\",\"@id\":\"https:\/\/departamento.us.es\/newhtcaetsa\/#organization\",\"name\":\"Departamento de Historia, Teor\u00eda y Composici\u00f3n Arquitect\u00f3nicas\",\"url\":\"https:\/\/departamento.us.es\/newhtcaetsa\/\",\"logo\":{\"@type\":\"ImageObject\",\"inLanguage\":\"es\",\"@id\":\"https:\/\/departamento.us.es\/newhtcaetsa\/#\/schema\/logo\/image\/\",\"url\":\"https:\/\/departamento.us.es\/htcaetsa\/wp-content\/uploads\/2022\/03\/US-marca-digital-cuadrada-100.webp\",\"contentUrl\":\"https:\/\/departamento.us.es\/htcaetsa\/wp-content\/uploads\/2022\/03\/US-marca-digital-cuadrada-100.webp\",\"width\":100,\"height\":103,\"caption\":\"Departamento de Historia, Teor\u00eda y Composici\u00f3n Arquitect\u00f3nicas\"},\"image\":{\"@id\":\"https:\/\/departamento.us.es\/newhtcaetsa\/#\/schema\/logo\/image\/\"}}]}<\/script>\n<!-- \/ Yoast SEO plugin. -->","yoast_head_json":{"title":"Direcci\u00f3n y Secretar\u00eda - Departamento de Historia, Teor\u00eda y Composici\u00f3n Arquitect\u00f3nicas","robots":{"index":"index","follow":"follow","max-snippet":"max-snippet:-1","max-image-preview":"max-image-preview:large","max-video-preview":"max-video-preview:-1"},"canonical":"https:\/\/departamento.us.es\/newhtcaetsa\/direccion-y-secretaria\/","og_locale":"es_ES","og_type":"article","og_title":"Direcci\u00f3n y Secretar\u00eda - Departamento de Historia, Teor\u00eda y Composici\u00f3n Arquitect\u00f3nicas","og_description":"Direcci\u00f3n del departamento Director\u00a0 Aladro Prieto, Jos\u00e9 Manuel Secretario\u00a0 Peral L\u00f3pez, Jos\u00e9 Gesti\u00f3n administrativa del departamento GestoraJim\u00e9nez D\u00edaz-Benjumea, Carmen\u00a0","og_url":"https:\/\/departamento.us.es\/newhtcaetsa\/direccion-y-secretaria\/","og_site_name":"Departamento de Historia, Teor\u00eda y Composici\u00f3n Arquitect\u00f3nicas","article_modified_time":"2024-09-03T10:28:39+00:00","og_image":[{"url":"https:\/\/departamento.us.es\/newhtcaetsa\/wp-content\/uploads\/2023\/02\/Aladro-Prieto-copia-150x150.jpg","type":"","width":"","height":""}],"twitter_card":"summary_large_image","twitter_misc":{"Tiempo de lectura":"1 minuto"},"schema":{"@context":"https:\/\/schema.org","@graph":[{"@type":"WebPage","@id":"https:\/\/departamento.us.es\/newhtcaetsa\/direccion-y-secretaria\/","url":"https:\/\/departamento.us.es\/newhtcaetsa\/direccion-y-secretaria\/","name":"Direcci\u00f3n y Secretar\u00eda - Departamento de Historia, Teor\u00eda y Composici\u00f3n Arquitect\u00f3nicas","isPartOf":{"@id":"https:\/\/departamento.us.es\/newhtcaetsa\/#website"},"primaryImageOfPage":{"@id":"https:\/\/departamento.us.es\/newhtcaetsa\/direccion-y-secretaria\/#primaryimage"},"image":{"@id":"https:\/\/departamento.us.es\/newhtcaetsa\/direccion-y-secretaria\/#primaryimage"},"thumbnailUrl":"http:\/\/departamento.us.es\/htcaetsa\/wp-content\/uploads\/2023\/02\/Aladro-Prieto-copia-150x150.jpg","datePublished":"2023-01-10T11:28:47+00:00","dateModified":"2024-09-03T10:28:39+00:00","inLanguage":"es","potentialAction":[{"@type":"ReadAction","target":["https:\/\/departamento.us.es\/newhtcaetsa\/direccion-y-secretaria\/"]}]},{"@type":"ImageObject","inLanguage":"es","@id":"https:\/\/departamento.us.es\/newhtcaetsa\/direccion-y-secretaria\/#primaryimage","url":"https:\/\/departamento.us.es\/htcaetsa\/wp-content\/uploads\/2023\/02\/Aladro-Prieto-copia.jpg","contentUrl":"https:\/\/departamento.us.es\/htcaetsa\/wp-content\/uploads\/2023\/02\/Aladro-Prieto-copia.jpg","width":397,"height":506},{"@type":"WebSite","@id":"https:\/\/departamento.us.es\/newhtcaetsa\/#website","url":"https:\/\/departamento.us.es\/newhtcaetsa\/","name":"Departamento de Historia, Teor\u00eda y Composici\u00f3n Arquitect\u00f3nicas","description":"Universidad de Sevilla","publisher":{"@id":"https:\/\/departamento.us.es\/newhtcaetsa\/#organization"},"potentialAction":[{"@type":"SearchAction","target":{"@type":"EntryPoint","urlTemplate":"https:\/\/departamento.us.es\/newhtcaetsa\/?s={search_term_string}"},"query-input":{"@type":"PropertyValueSpecification","valueRequired":true,"valueName":"search_term_string"}}],"inLanguage":"es"},{"@type":"Organization","@id":"https:\/\/departamento.us.es\/newhtcaetsa\/#organization","name":"Departamento de Historia, Teor\u00eda y Composici\u00f3n Arquitect\u00f3nicas","url":"https:\/\/departamento.us.es\/newhtcaetsa\/","logo":{"@type":"ImageObject","inLanguage":"es","@id":"https:\/\/departamento.us.es\/newhtcaetsa\/#\/schema\/logo\/image\/","url":"https:\/\/departamento.us.es\/htcaetsa\/wp-content\/uploads\/2022\/03\/US-marca-digital-cuadrada-100.webp","contentUrl":"https:\/\/departamento.us.es\/htcaetsa\/wp-content\/uploads\/2022\/03\/US-marca-digital-cuadrada-100.webp","width":100,"height":103,"caption":"Departamento de Historia, Teor\u00eda y Composici\u00f3n Arquitect\u00f3nicas"},"image":{"@id":"https:\/\/departamento.us.es\/newhtcaetsa\/#\/schema\/logo\/image\/"}}]}},"_links":{"self":[{"href":"https:\/\/departamento.us.es\/htcaetsa\/wp-json\/wp\/v2\/pages\/1416","targetHints":{"allow":["GET"]}}],"collection":[{"href":"https:\/\/departamento.us.es\/htcaetsa\/wp-json\/wp\/v2\/pages"}],"about":[{"href":"https:\/\/departamento.us.es\/htcaetsa\/wp-json\/wp\/v2\/types\/page"}],"author":[{"embeddable":true,"href":"https:\/\/departamento.us.es\/htcaetsa\/wp-json\/wp\/v2\/users\/1"}],"replies":[{"embeddable":true,"href":"https:\/\/departamento.us.es\/htcaetsa\/wp-json\/wp\/v2\/comments?post=1416"}],"version-history":[{"count":0,"href":"https:\/\/departamento.us.es\/htcaetsa\/wp-json\/wp\/v2\/pages\/1416\/revisions"}],"wp:attachment":[{"href":"https:\/\/departamento.us.es\/htcaetsa\/wp-json\/wp\/v2\/media?parent=1416"}],"curies":[{"name":"wp","href":"https:\/\/api.w.org\/{rel}","templated":true}]}}