{"id":1442,"date":"2023-01-10T11:32:53","date_gmt":"2023-01-10T11:32:53","guid":{"rendered":"https:\/\/departamento.us.es\/newhtcaetsa\/?page_id=1442"},"modified":"2026-01-08T18:11:13","modified_gmt":"2026-01-08T18:11:13","slug":"mcas","status":"publish","type":"page","link":"https:\/\/departamento.us.es\/htcaetsa\/mcas\/","title":{"rendered":"Mcas. M\u00e1ster Universitario en Ciudad y Arquitectura Sostenibles"},"content":{"rendered":"\t\t<div data-elementor-type=\"wp-page\" data-elementor-id=\"1442\" class=\"elementor elementor-1442\" data-elementor-post-type=\"page\">\n\t\t\t\t<div class=\"elementor-element elementor-element-b2d9e51 e-flex e-con-boxed e-con e-parent\" data-id=\"b2d9e51\" data-element_type=\"container\" data-e-type=\"container\">\n\t\t\t\t\t<div class=\"e-con-inner\">\n\t\t<div class=\"elementor-element elementor-element-aa4273e e-con-full e-flex e-con e-child\" data-id=\"aa4273e\" data-element_type=\"container\" data-e-type=\"container\">\n\t\t\t\t<div class=\"elementor-element elementor-element-6c4336e elementor-icon-list--layout-traditional elementor-list-item-link-full_width elementor-widget elementor-widget-icon-list\" data-id=\"6c4336e\" data-element_type=\"widget\" data-e-type=\"widget\" data-widget_type=\"icon-list.default\">\n\t\t\t\t<div class=\"elementor-widget-container\">\n\t\t\t\t\t\t\t<ul class=\"elementor-icon-list-items\">\n\t\t\t\t\t\t\t<li class=\"elementor-icon-list-item\">\n\t\t\t\t\t\t\t\t\t\t\t<span class=\"elementor-icon-list-icon\">\n\t\t\t\t\t\t\t<i aria-hidden=\"true\" class=\"fas fa-user\"><\/i>\t\t\t\t\t\t<\/span>\n\t\t\t\t\t\t\t\t\t\t<span class=\"elementor-icon-list-text\"><b>Coordinador\/a:<\/b> Tapia Mart\u00edn, Carlos (Dpto. Historia, Teor\u00eda y Composici\u00f3n Arqutiect\u00f3nicas)<\/span>\n\t\t\t\t\t\t\t\t\t<\/li>\n\t\t\t\t\t\t\t\t<li class=\"elementor-icon-list-item\">\n\t\t\t\t\t\t\t\t\t\t\t<a href=\"https:\/\/mastercas.net\/\">\n\n\t\t\t\t\t\t\t\t\t\t\t\t<span class=\"elementor-icon-list-icon\">\n\t\t\t\t\t\t\t<i aria-hidden=\"true\" class=\"fas fa-link\"><\/i>\t\t\t\t\t\t<\/span>\n\t\t\t\t\t\t\t\t\t\t<span class=\"elementor-icon-list-text\">Web: https:\/\/mastercas.net\/<\/span>\n\t\t\t\t\t\t\t\t\t\t\t<\/a>\n\t\t\t\t\t\t\t\t\t<\/li>\n\t\t\t\t\t\t<\/ul>\n\t\t\t\t\t\t<\/div>\n\t\t\t\t<\/div>\n\t\t\t\t<div class=\"elementor-element elementor-element-46f3d69 elementor-widget elementor-widget-heading\" data-id=\"46f3d69\" data-element_type=\"widget\" data-e-type=\"widget\" data-widget_type=\"heading.default\">\n\t\t\t\t<div class=\"elementor-widget-container\">\n\t\t\t\t\t<h4 class=\"elementor-heading-title elementor-size-default\">Asignaturas<\/h4>\t\t\t\t<\/div>\n\t\t\t\t<\/div>\n\t\t\t\t<div class=\"elementor-element elementor-element-f57b26c elementor-posts--thumbnail-none animated-slow elementor-grid-3 elementor-grid-tablet-2 elementor-grid-mobile-1 elementor-card-shadow-yes elementor-posts__hover-gradient elementor-invisible elementor-widget elementor-widget-posts\" data-id=\"f57b26c\" data-element_type=\"widget\" data-e-type=\"widget\" data-settings=\"{&quot;_animation&quot;:&quot;fadeIn&quot;,&quot;cards_columns&quot;:&quot;3&quot;,&quot;cards_columns_tablet&quot;:&quot;2&quot;,&quot;cards_columns_mobile&quot;:&quot;1&quot;,&quot;cards_row_gap&quot;:{&quot;unit&quot;:&quot;px&quot;,&quot;size&quot;:35,&quot;sizes&quot;:[]},&quot;cards_row_gap_tablet&quot;:{&quot;unit&quot;:&quot;px&quot;,&quot;size&quot;:&quot;&quot;,&quot;sizes&quot;:[]},&quot;cards_row_gap_mobile&quot;:{&quot;unit&quot;:&quot;px&quot;,&quot;size&quot;:&quot;&quot;,&quot;sizes&quot;:[]}}\" data-widget_type=\"posts.cards\">\n\t\t\t\t<div class=\"elementor-widget-container\">\n\t\t\t\t\t\t\t<div class=\"elementor-posts-container elementor-posts elementor-posts--skin-cards elementor-grid\" role=\"list\">\n\t\t\t\t<article class=\"elementor-post elementor-grid-item post-1857 post type-post status-publish format-standard hentry category-mcas tag-profesorado-de-htca-2025-26\" role=\"listitem\">\n\t\t\t<div class=\"elementor-post__card\">\n\t\t\t\t<div class=\"elementor-post__text\">\n\t\t\t\t<h3 class=\"elementor-post__title\">\n\t\t\t<a href=\"https:\/\/departamento.us.es\/htcaetsa\/fundamentos-transdisciplinares-de-la-sostenibilidad\/\" target=&quot;_blank&quot;>\n\t\t\t\tFundamentos transdisciplinares de la sostenibilidad\t\t\t<\/a>\n\t\t<\/h3>\n\t\t\t\t<div class=\"elementor-post__excerpt\">\n\t\t\t<p>Obligatoria<\/p>\n\t\t<\/div>\n\t\t\t\t\t<div class=\"elementor-post__read-more-wrapper\">\n\t\t\n\t\t<a class=\"elementor-post__read-more\" href=\"https:\/\/departamento.us.es\/htcaetsa\/fundamentos-transdisciplinares-de-la-sostenibilidad\/\" aria-label=\"M\u00e1s informaci\u00f3n sobre Fundamentos transdisciplinares de la sostenibilidad\" tabindex=\"-1\" target=\"_blank\">\n\t\t\t(+)\t\t<\/a>\n\n\t\t\t\t\t<\/div>\n\t\t\t\t<\/div>\n\t\t\t\t\t<\/div>\n\t\t<\/article>\n\t\t\t\t<article class=\"elementor-post elementor-grid-item post-1858 post type-post status-publish format-standard hentry category-mcas tag-profesorado-de-htca-2025-26\" role=\"listitem\">\n\t\t\t<div class=\"elementor-post__card\">\n\t\t\t\t<div class=\"elementor-post__text\">\n\t\t\t\t<h3 class=\"elementor-post__title\">\n\t\t\t<a href=\"https:\/\/departamento.us.es\/htcaetsa\/bases-territoriales-urbanas-e-infraestructurales-para-la-regeneracion-social-y-material-del-habitat\/\" target=&quot;_blank&quot;>\n\t\t\t\tBases territoriales, urbanas e infraestructurales para la regeneraci\u00f3n social y material del h\u00e1bitat\t\t\t<\/a>\n\t\t<\/h3>\n\t\t\t\t<div class=\"elementor-post__excerpt\">\n\t\t\t<p>Obligatoria<\/p>\n\t\t<\/div>\n\t\t\t\t\t<div class=\"elementor-post__read-more-wrapper\">\n\t\t\n\t\t<a class=\"elementor-post__read-more\" href=\"https:\/\/departamento.us.es\/htcaetsa\/bases-territoriales-urbanas-e-infraestructurales-para-la-regeneracion-social-y-material-del-habitat\/\" aria-label=\"M\u00e1s informaci\u00f3n sobre Bases territoriales, urbanas e infraestructurales para la regeneraci\u00f3n social y material del h\u00e1bitat\" tabindex=\"-1\" target=\"_blank\">\n\t\t\t(+)\t\t<\/a>\n\n\t\t\t\t\t<\/div>\n\t\t\t\t<\/div>\n\t\t\t\t\t<\/div>\n\t\t<\/article>\n\t\t\t\t<article class=\"elementor-post elementor-grid-item post-1859 post type-post status-publish format-standard hentry category-mcas tag-profesorado-de-htca-2025-26\" role=\"listitem\">\n\t\t\t<div class=\"elementor-post__card\">\n\t\t\t\t<div class=\"elementor-post__text\">\n\t\t\t\t<h3 class=\"elementor-post__title\">\n\t\t\t<a href=\"https:\/\/departamento.us.es\/htcaetsa\/el-paisaje-como-interpretacion-social-de-la-realidad\/\" target=&quot;_blank&quot;>\n\t\t\t\tEl Paisaje como interpretaci\u00f3n social de la realidad\t\t\t<\/a>\n\t\t<\/h3>\n\t\t\t\t<div class=\"elementor-post__excerpt\">\n\t\t\t<p>Obligatoria<\/p>\n\t\t<\/div>\n\t\t\t\t\t<div class=\"elementor-post__read-more-wrapper\">\n\t\t\n\t\t<a class=\"elementor-post__read-more\" href=\"https:\/\/departamento.us.es\/htcaetsa\/el-paisaje-como-interpretacion-social-de-la-realidad\/\" aria-label=\"M\u00e1s informaci\u00f3n sobre El Paisaje como interpretaci\u00f3n social de la realidad\" tabindex=\"-1\" target=\"_blank\">\n\t\t\t(+)\t\t<\/a>\n\n\t\t\t\t\t<\/div>\n\t\t\t\t<\/div>\n\t\t\t\t\t<\/div>\n\t\t<\/article>\n\t\t\t\t<article class=\"elementor-post elementor-grid-item post-1860 post type-post status-publish format-standard hentry category-mcas tag-profesorado-de-htca-2025-26\" role=\"listitem\">\n\t\t\t<div class=\"elementor-post__card\">\n\t\t\t\t<div class=\"elementor-post__text\">\n\t\t\t\t<h3 class=\"elementor-post__title\">\n\t\t\t<a href=\"https:\/\/departamento.us.es\/htcaetsa\/politicas-y-estrategias-para-la-regeneracion-urbana-integrada\/\" target=&quot;_blank&quot;>\n\t\t\t\tPol\u00edticas y estrategias para la regeneraci\u00f3n urbana integrada\t\t\t<\/a>\n\t\t<\/h3>\n\t\t\t\t<div class=\"elementor-post__excerpt\">\n\t\t\t<p>Obligatoria<\/p>\n\t\t<\/div>\n\t\t\t\t\t<div class=\"elementor-post__read-more-wrapper\">\n\t\t\n\t\t<a class=\"elementor-post__read-more\" href=\"https:\/\/departamento.us.es\/htcaetsa\/politicas-y-estrategias-para-la-regeneracion-urbana-integrada\/\" aria-label=\"M\u00e1s informaci\u00f3n sobre Pol\u00edticas y estrategias para la regeneraci\u00f3n urbana integrada\" tabindex=\"-1\" target=\"_blank\">\n\t\t\t(+)\t\t<\/a>\n\n\t\t\t\t\t<\/div>\n\t\t\t\t<\/div>\n\t\t\t\t\t<\/div>\n\t\t<\/article>\n\t\t\t\t<article class=\"elementor-post elementor-grid-item post-1861 post type-post status-publish format-standard hentry category-mcas tag-profesorado-de-htca-2025-26\" role=\"listitem\">\n\t\t\t<div class=\"elementor-post__card\">\n\t\t\t\t<div class=\"elementor-post__text\">\n\t\t\t\t<h3 class=\"elementor-post__title\">\n\t\t\t<a href=\"https:\/\/departamento.us.es\/htcaetsa\/la-arquitectura-en-relacion-de-lo-vivo-con-lo-no-vivo\/\" target=&quot;_blank&quot;>\n\t\t\t\tLa arquitectura en la relaci\u00f3n de lo vivo con lo no vivo\t\t\t<\/a>\n\t\t<\/h3>\n\t\t\t\t<div class=\"elementor-post__excerpt\">\n\t\t\t<p>Optativa<\/p>\n\t\t<\/div>\n\t\t\t\t\t<div class=\"elementor-post__read-more-wrapper\">\n\t\t\n\t\t<a class=\"elementor-post__read-more\" href=\"https:\/\/departamento.us.es\/htcaetsa\/la-arquitectura-en-relacion-de-lo-vivo-con-lo-no-vivo\/\" aria-label=\"M\u00e1s informaci\u00f3n sobre La arquitectura en la relaci\u00f3n de lo vivo con lo no vivo\" tabindex=\"-1\" target=\"_blank\">\n\t\t\t(+)\t\t<\/a>\n\n\t\t\t\t\t<\/div>\n\t\t\t\t<\/div>\n\t\t\t\t\t<\/div>\n\t\t<\/article>\n\t\t\t\t<article class=\"elementor-post elementor-grid-item post-1862 post type-post status-publish format-standard hentry category-mcas tag-profesorado-de-htca-2025-26\" role=\"listitem\">\n\t\t\t<div class=\"elementor-post__card\">\n\t\t\t\t<div class=\"elementor-post__text\">\n\t\t\t\t<h3 class=\"elementor-post__title\">\n\t\t\t<a href=\"https:\/\/departamento.us.es\/htcaetsa\/confort-y-salud-en-el-habitat\/\" target=&quot;_blank&quot;>\n\t\t\t\tConfort y salud en el h\u00e1bitat\t\t\t<\/a>\n\t\t<\/h3>\n\t\t\t\t<div class=\"elementor-post__excerpt\">\n\t\t\t<p>Optativa <\/p>\n\t\t<\/div>\n\t\t\t\t\t<div class=\"elementor-post__read-more-wrapper\">\n\t\t\n\t\t<a class=\"elementor-post__read-more\" href=\"https:\/\/departamento.us.es\/htcaetsa\/confort-y-salud-en-el-habitat\/\" aria-label=\"M\u00e1s informaci\u00f3n sobre Confort y salud en el h\u00e1bitat\" tabindex=\"-1\" target=\"_blank\">\n\t\t\t(+)\t\t<\/a>\n\n\t\t\t\t\t<\/div>\n\t\t\t\t<\/div>\n\t\t\t\t\t<\/div>\n\t\t<\/article>\n\t\t\t\t<article class=\"elementor-post elementor-grid-item post-1863 post type-post status-publish format-standard hentry category-mcas tag-profesorado-de-htca-2025-26\" role=\"listitem\">\n\t\t\t<div class=\"elementor-post__card\">\n\t\t\t\t<div class=\"elementor-post__text\">\n\t\t\t\t<h3 class=\"elementor-post__title\">\n\t\t\t<a href=\"https:\/\/departamento.us.es\/htcaetsa\/flujos-y-vinculos-materiales-y-productos-para-el-siglo-xxi\/\" target=&quot;_blank&quot;>\n\t\t\t\tFlujos y v\u00ednculos: materiales y productos para el siglo XXI\t\t\t<\/a>\n\t\t<\/h3>\n\t\t\t\t<div class=\"elementor-post__excerpt\">\n\t\t\t<p>Optativa<\/p>\n\t\t<\/div>\n\t\t\t\t\t<div class=\"elementor-post__read-more-wrapper\">\n\t\t\n\t\t<a class=\"elementor-post__read-more\" href=\"https:\/\/departamento.us.es\/htcaetsa\/flujos-y-vinculos-materiales-y-productos-para-el-siglo-xxi\/\" aria-label=\"M\u00e1s informaci\u00f3n sobre Flujos y v\u00ednculos: materiales y productos para el siglo XXI\" tabindex=\"-1\" target=\"_blank\">\n\t\t\t(+)\t\t<\/a>\n\n\t\t\t\t\t<\/div>\n\t\t\t\t<\/div>\n\t\t\t\t\t<\/div>\n\t\t<\/article>\n\t\t\t\t<article class=\"elementor-post elementor-grid-item post-1864 post type-post status-publish format-standard hentry category-mcas tag-profesorado-de-htca-2025-26\" role=\"listitem\">\n\t\t\t<div class=\"elementor-post__card\">\n\t\t\t\t<div class=\"elementor-post__text\">\n\t\t\t\t<h3 class=\"elementor-post__title\">\n\t\t\t<a href=\"https:\/\/departamento.us.es\/htcaetsa\/proyectos-de-regeneracion-accion-y-materialidad\/\" target=&quot;_blank&quot;>\n\t\t\t\tProyectos de regeneraci\u00f3n: acci\u00f3n y materialidad\t\t\t<\/a>\n\t\t<\/h3>\n\t\t\t\t<div class=\"elementor-post__excerpt\">\n\t\t\t<p>Optativa<\/p>\n\t\t<\/div>\n\t\t\t\t\t<div class=\"elementor-post__read-more-wrapper\">\n\t\t\n\t\t<a class=\"elementor-post__read-more\" href=\"https:\/\/departamento.us.es\/htcaetsa\/proyectos-de-regeneracion-accion-y-materialidad\/\" aria-label=\"M\u00e1s informaci\u00f3n sobre Proyectos de regeneraci\u00f3n: acci\u00f3n y materialidad\" tabindex=\"-1\" target=\"_blank\">\n\t\t\t(+)\t\t<\/a>\n\n\t\t\t\t\t<\/div>\n\t\t\t\t<\/div>\n\t\t\t\t\t<\/div>\n\t\t<\/article>\n\t\t\t\t<article class=\"elementor-post elementor-grid-item post-1865 post type-post status-publish format-standard hentry category-mcas tag-profesorado-de-htca-2025-26\" role=\"listitem\">\n\t\t\t<div class=\"elementor-post__card\">\n\t\t\t\t<div class=\"elementor-post__text\">\n\t\t\t\t<h3 class=\"elementor-post__title\">\n\t\t\t<a href=\"https:\/\/departamento.us.es\/htcaetsa\/proyectos-de-regeneracion-experimentacion-diseno-avanzado-creatividad-y-etica\/\" target=&quot;_blank&quot;>\n\t\t\t\tProyectos de regeneraci\u00f3n: investigaci\u00f3n, dise\u00f1o avanzado, creatividad y \u00e9tica\t\t\t<\/a>\n\t\t<\/h3>\n\t\t\t\t<div class=\"elementor-post__excerpt\">\n\t\t\t<p>Optativa<\/p>\n\t\t<\/div>\n\t\t\t\t\t<div class=\"elementor-post__read-more-wrapper\">\n\t\t\n\t\t<a class=\"elementor-post__read-more\" href=\"https:\/\/departamento.us.es\/htcaetsa\/proyectos-de-regeneracion-experimentacion-diseno-avanzado-creatividad-y-etica\/\" aria-label=\"M\u00e1s informaci\u00f3n sobre Proyectos de regeneraci\u00f3n: investigaci\u00f3n, dise\u00f1o avanzado, creatividad y \u00e9tica\" tabindex=\"-1\" target=\"_blank\">\n\t\t\t(+)\t\t<\/a>\n\n\t\t\t\t\t<\/div>\n\t\t\t\t<\/div>\n\t\t\t\t\t<\/div>\n\t\t<\/article>\n\t\t\t\t<article class=\"elementor-post elementor-grid-item post-1866 post type-post status-publish format-standard hentry category-mcas tag-profesorado-de-htca-2025-26\" role=\"listitem\">\n\t\t\t<div class=\"elementor-post__card\">\n\t\t\t\t<div class=\"elementor-post__text\">\n\t\t\t\t<h3 class=\"elementor-post__title\">\n\t\t\t<a href=\"https:\/\/departamento.us.es\/htcaetsa\/metodologias-de-innovacion-para-el-pensamiento-y-la-accion\/\" target=&quot;_blank&quot;>\n\t\t\t\tMetodolog\u00edas de innovaci\u00f3n para el pensamiento y la acci\u00f3n\t\t\t<\/a>\n\t\t<\/h3>\n\t\t\t\t<div class=\"elementor-post__excerpt\">\n\t\t\t<p>Optativa<\/p>\n\t\t<\/div>\n\t\t\t\t\t<div class=\"elementor-post__read-more-wrapper\">\n\t\t\n\t\t<a class=\"elementor-post__read-more\" href=\"https:\/\/departamento.us.es\/htcaetsa\/metodologias-de-innovacion-para-el-pensamiento-y-la-accion\/\" aria-label=\"M\u00e1s informaci\u00f3n sobre Metodolog\u00edas de innovaci\u00f3n para el pensamiento y la acci\u00f3n\" tabindex=\"-1\" target=\"_blank\">\n\t\t\t(+)\t\t<\/a>\n\n\t\t\t\t\t<\/div>\n\t\t\t\t<\/div>\n\t\t\t\t\t<\/div>\n\t\t<\/article>\n\t\t\t\t<article class=\"elementor-post elementor-grid-item post-1867 post type-post status-publish format-standard hentry category-mcas\" role=\"listitem\">\n\t\t\t<div class=\"elementor-post__card\">\n\t\t\t\t<div class=\"elementor-post__text\">\n\t\t\t\t<h3 class=\"elementor-post__title\">\n\t\t\t<a href=\"https:\/\/departamento.us.es\/htcaetsa\/trabajo-fin-de-master-2\/\" target=&quot;_blank&quot;>\n\t\t\t\tTrabajo Fin de M\u00e1ster\t\t\t<\/a>\n\t\t<\/h3>\n\t\t\t\t<div class=\"elementor-post__excerpt\">\n\t\t\t<p>Trabajo Fin de M\u00e1ster<\/p>\n\t\t<\/div>\n\t\t\t\t\t<div class=\"elementor-post__read-more-wrapper\">\n\t\t\n\t\t<a class=\"elementor-post__read-more\" href=\"https:\/\/departamento.us.es\/htcaetsa\/trabajo-fin-de-master-2\/\" aria-label=\"M\u00e1s informaci\u00f3n sobre Trabajo Fin de M\u00e1ster\" tabindex=\"-1\" target=\"_blank\">\n\t\t\t(+)\t\t<\/a>\n\n\t\t\t\t\t<\/div>\n\t\t\t\t<\/div>\n\t\t\t\t\t<\/div>\n\t\t<\/article>\n\t\t\t\t<\/div>\n\t\t\n\t\t\t\t\t\t<\/div>\n\t\t\t\t<\/div>\n\t\t\t\t<\/div>\n\t\t\t\t\t<\/div>\n\t\t\t\t<\/div>\n\t\t\t\t<\/div>\n\t\t","protected":false},"excerpt":{"rendered":"<p>Coordinador\/a: Tapia Mart\u00edn, Carlos (Dpto. Historia, Teor\u00eda y Composici\u00f3n Arqutiect\u00f3nicas) Web: https:\/\/mastercas.net\/ Asignaturas<\/p>\n","protected":false},"author":1,"featured_media":0,"parent":0,"menu_order":0,"comment_status":"closed","ping_status":"closed","template":"","meta":{"_acf_changed":false,"footnotes":""},"class_list":["post-1442","page","type-page","status-publish","hentry"],"acf":[],"yoast_head":"<!-- This site is optimized with the Yoast SEO plugin v27.2 - https:\/\/yoast.com\/product\/yoast-seo-wordpress\/ -->\n<title>Mcas. M\u00e1ster Universitario en Ciudad y Arquitectura Sostenibles - Departamento de Historia, Teor\u00eda y Composici\u00f3n Arquitect\u00f3nicas<\/title>\n<meta name=\"robots\" content=\"index, follow, max-snippet:-1, max-image-preview:large, max-video-preview:-1\" \/>\n<link rel=\"canonical\" href=\"https:\/\/departamento.us.es\/htcaetsa\/mcas\/\" \/>\n<meta property=\"og:locale\" content=\"es_ES\" \/>\n<meta property=\"og:type\" content=\"article\" \/>\n<meta property=\"og:title\" content=\"Mcas. M\u00e1ster Universitario en Ciudad y Arquitectura Sostenibles - Departamento de Historia, Teor\u00eda y Composici\u00f3n Arquitect\u00f3nicas\" \/>\n<meta property=\"og:description\" content=\"Coordinador\/a: Tapia Mart\u00edn, Carlos (Dpto. Historia, Teor\u00eda y Composici\u00f3n Arqutiect\u00f3nicas) Web: https:\/\/mastercas.net\/ Asignaturas\" \/>\n<meta property=\"og:url\" content=\"https:\/\/departamento.us.es\/htcaetsa\/mcas\/\" \/>\n<meta property=\"og:site_name\" content=\"Departamento de Historia, Teor\u00eda y Composici\u00f3n Arquitect\u00f3nicas\" \/>\n<meta property=\"article:modified_time\" content=\"2026-01-08T18:11:13+00:00\" \/>\n<meta name=\"twitter:card\" content=\"summary_large_image\" \/>\n<meta name=\"twitter:label1\" content=\"Tiempo de lectura\" \/>\n\t<meta name=\"twitter:data1\" content=\"1 minuto\" \/>\n<script type=\"application\/ld+json\" class=\"yoast-schema-graph\">{\"@context\":\"https:\/\/schema.org\",\"@graph\":[{\"@type\":\"WebPage\",\"@id\":\"https:\/\/departamento.us.es\/htcaetsa\/mcas\/\",\"url\":\"https:\/\/departamento.us.es\/htcaetsa\/mcas\/\",\"name\":\"Mcas. M\u00e1ster Universitario en Ciudad y Arquitectura Sostenibles - Departamento de Historia, Teor\u00eda y Composici\u00f3n Arquitect\u00f3nicas\",\"isPartOf\":{\"@id\":\"https:\/\/departamento.us.es\/newhtcaetsa\/#website\"},\"datePublished\":\"2023-01-10T11:32:53+00:00\",\"dateModified\":\"2026-01-08T18:11:13+00:00\",\"inLanguage\":\"es\",\"potentialAction\":[{\"@type\":\"ReadAction\",\"target\":[\"https:\/\/departamento.us.es\/htcaetsa\/mcas\/\"]}]},{\"@type\":\"WebSite\",\"@id\":\"https:\/\/departamento.us.es\/newhtcaetsa\/#website\",\"url\":\"https:\/\/departamento.us.es\/newhtcaetsa\/\",\"name\":\"Departamento de Historia, Teor\u00eda y Composici\u00f3n Arquitect\u00f3nicas\",\"description\":\"Universidad de Sevilla\",\"publisher\":{\"@id\":\"https:\/\/departamento.us.es\/newhtcaetsa\/#organization\"},\"potentialAction\":[{\"@type\":\"SearchAction\",\"target\":{\"@type\":\"EntryPoint\",\"urlTemplate\":\"https:\/\/departamento.us.es\/newhtcaetsa\/?s={search_term_string}\"},\"query-input\":{\"@type\":\"PropertyValueSpecification\",\"valueRequired\":true,\"valueName\":\"search_term_string\"}}],\"inLanguage\":\"es\"},{\"@type\":\"Organization\",\"@id\":\"https:\/\/departamento.us.es\/newhtcaetsa\/#organization\",\"name\":\"Departamento de Historia, Teor\u00eda y Composici\u00f3n Arquitect\u00f3nicas\",\"url\":\"https:\/\/departamento.us.es\/newhtcaetsa\/\",\"logo\":{\"@type\":\"ImageObject\",\"inLanguage\":\"es\",\"@id\":\"https:\/\/departamento.us.es\/newhtcaetsa\/#\/schema\/logo\/image\/\",\"url\":\"https:\/\/departamento.us.es\/htcaetsa\/wp-content\/uploads\/2022\/03\/US-marca-digital-cuadrada-100.webp\",\"contentUrl\":\"https:\/\/departamento.us.es\/htcaetsa\/wp-content\/uploads\/2022\/03\/US-marca-digital-cuadrada-100.webp\",\"width\":100,\"height\":103,\"caption\":\"Departamento de Historia, Teor\u00eda y Composici\u00f3n Arquitect\u00f3nicas\"},\"image\":{\"@id\":\"https:\/\/departamento.us.es\/newhtcaetsa\/#\/schema\/logo\/image\/\"}}]}<\/script>\n<!-- \/ Yoast SEO plugin. -->","yoast_head_json":{"title":"Mcas. M\u00e1ster Universitario en Ciudad y Arquitectura Sostenibles - Departamento de Historia, Teor\u00eda y Composici\u00f3n Arquitect\u00f3nicas","robots":{"index":"index","follow":"follow","max-snippet":"max-snippet:-1","max-image-preview":"max-image-preview:large","max-video-preview":"max-video-preview:-1"},"canonical":"https:\/\/departamento.us.es\/htcaetsa\/mcas\/","og_locale":"es_ES","og_type":"article","og_title":"Mcas. M\u00e1ster Universitario en Ciudad y Arquitectura Sostenibles - Departamento de Historia, Teor\u00eda y Composici\u00f3n Arquitect\u00f3nicas","og_description":"Coordinador\/a: Tapia Mart\u00edn, Carlos (Dpto. Historia, Teor\u00eda y Composici\u00f3n Arqutiect\u00f3nicas) Web: https:\/\/mastercas.net\/ Asignaturas","og_url":"https:\/\/departamento.us.es\/htcaetsa\/mcas\/","og_site_name":"Departamento de Historia, Teor\u00eda y Composici\u00f3n Arquitect\u00f3nicas","article_modified_time":"2026-01-08T18:11:13+00:00","twitter_card":"summary_large_image","twitter_misc":{"Tiempo de lectura":"1 minuto"},"schema":{"@context":"https:\/\/schema.org","@graph":[{"@type":"WebPage","@id":"https:\/\/departamento.us.es\/htcaetsa\/mcas\/","url":"https:\/\/departamento.us.es\/htcaetsa\/mcas\/","name":"Mcas. M\u00e1ster Universitario en Ciudad y Arquitectura Sostenibles - Departamento de Historia, Teor\u00eda y Composici\u00f3n Arquitect\u00f3nicas","isPartOf":{"@id":"https:\/\/departamento.us.es\/newhtcaetsa\/#website"},"datePublished":"2023-01-10T11:32:53+00:00","dateModified":"2026-01-08T18:11:13+00:00","inLanguage":"es","potentialAction":[{"@type":"ReadAction","target":["https:\/\/departamento.us.es\/htcaetsa\/mcas\/"]}]},{"@type":"WebSite","@id":"https:\/\/departamento.us.es\/newhtcaetsa\/#website","url":"https:\/\/departamento.us.es\/newhtcaetsa\/","name":"Departamento de Historia, Teor\u00eda y Composici\u00f3n Arquitect\u00f3nicas","description":"Universidad de Sevilla","publisher":{"@id":"https:\/\/departamento.us.es\/newhtcaetsa\/#organization"},"potentialAction":[{"@type":"SearchAction","target":{"@type":"EntryPoint","urlTemplate":"https:\/\/departamento.us.es\/newhtcaetsa\/?s={search_term_string}"},"query-input":{"@type":"PropertyValueSpecification","valueRequired":true,"valueName":"search_term_string"}}],"inLanguage":"es"},{"@type":"Organization","@id":"https:\/\/departamento.us.es\/newhtcaetsa\/#organization","name":"Departamento de Historia, Teor\u00eda y Composici\u00f3n Arquitect\u00f3nicas","url":"https:\/\/departamento.us.es\/newhtcaetsa\/","logo":{"@type":"ImageObject","inLanguage":"es","@id":"https:\/\/departamento.us.es\/newhtcaetsa\/#\/schema\/logo\/image\/","url":"https:\/\/departamento.us.es\/htcaetsa\/wp-content\/uploads\/2022\/03\/US-marca-digital-cuadrada-100.webp","contentUrl":"https:\/\/departamento.us.es\/htcaetsa\/wp-content\/uploads\/2022\/03\/US-marca-digital-cuadrada-100.webp","width":100,"height":103,"caption":"Departamento de Historia, Teor\u00eda y Composici\u00f3n Arquitect\u00f3nicas"},"image":{"@id":"https:\/\/departamento.us.es\/newhtcaetsa\/#\/schema\/logo\/image\/"}}]}},"_links":{"self":[{"href":"https:\/\/departamento.us.es\/htcaetsa\/wp-json\/wp\/v2\/pages\/1442","targetHints":{"allow":["GET"]}}],"collection":[{"href":"https:\/\/departamento.us.es\/htcaetsa\/wp-json\/wp\/v2\/pages"}],"about":[{"href":"https:\/\/departamento.us.es\/htcaetsa\/wp-json\/wp\/v2\/types\/page"}],"author":[{"embeddable":true,"href":"https:\/\/departamento.us.es\/htcaetsa\/wp-json\/wp\/v2\/users\/1"}],"replies":[{"embeddable":true,"href":"https:\/\/departamento.us.es\/htcaetsa\/wp-json\/wp\/v2\/comments?post=1442"}],"version-history":[{"count":0,"href":"https:\/\/departamento.us.es\/htcaetsa\/wp-json\/wp\/v2\/pages\/1442\/revisions"}],"wp:attachment":[{"href":"https:\/\/departamento.us.es\/htcaetsa\/wp-json\/wp\/v2\/media?parent=1442"}],"curies":[{"name":"wp","href":"https:\/\/api.w.org\/{rel}","templated":true}]}}