{"id":1444,"date":"2023-01-10T11:33:12","date_gmt":"2023-01-10T11:33:12","guid":{"rendered":"https:\/\/departamento.us.es\/newhtcaetsa\/?page_id=1444"},"modified":"2026-01-08T19:46:42","modified_gmt":"2026-01-08T19:46:42","slug":"mupdu","status":"publish","type":"page","link":"https:\/\/departamento.us.es\/htcaetsa\/mupdu\/","title":{"rendered":"Mupdu. M\u00e1ster Universitario en Urbanismo, Planeamiento y Dise\u00f1o Urbano"},"content":{"rendered":"\t\t<div data-elementor-type=\"wp-page\" data-elementor-id=\"1444\" class=\"elementor elementor-1444\" data-elementor-post-type=\"page\">\n\t\t\t\t<div class=\"elementor-element elementor-element-32050d6 e-flex e-con-boxed e-con e-parent\" data-id=\"32050d6\" data-element_type=\"container\" data-e-type=\"container\">\n\t\t\t\t\t<div class=\"e-con-inner\">\n\t\t<div class=\"elementor-element elementor-element-b9945e7 e-con-full e-flex e-con e-child\" data-id=\"b9945e7\" data-element_type=\"container\" data-e-type=\"container\">\n\t\t\t\t<div class=\"elementor-element elementor-element-e0dcfcd elementor-icon-list--layout-traditional elementor-list-item-link-full_width elementor-widget elementor-widget-icon-list\" data-id=\"e0dcfcd\" data-element_type=\"widget\" data-e-type=\"widget\" data-widget_type=\"icon-list.default\">\n\t\t\t\t<div class=\"elementor-widget-container\">\n\t\t\t\t\t\t\t<ul class=\"elementor-icon-list-items\">\n\t\t\t\t\t\t\t<li class=\"elementor-icon-list-item\">\n\t\t\t\t\t\t\t\t\t\t\t<span class=\"elementor-icon-list-icon\">\n\t\t\t\t\t\t\t<i aria-hidden=\"true\" class=\"fas fa-user\"><\/i>\t\t\t\t\t\t<\/span>\n\t\t\t\t\t\t\t\t\t\t<span class=\"elementor-icon-list-text\"><b>Coordinador\/a:<\/b> Sainz Guti\u00e9rrez, Victoriano (Dpto. Urban\u00edstica y Ordenaci\u00f3n del Territorio)<\/span>\n\t\t\t\t\t\t\t\t\t<\/li>\n\t\t\t\t\t\t\t\t<li class=\"elementor-icon-list-item\">\n\t\t\t\t\t\t\t\t\t\t\t<a href=\"https:\/\/departamento.us.es\/duot\/informacion-general\/%20\">\n\n\t\t\t\t\t\t\t\t\t\t\t\t<span class=\"elementor-icon-list-icon\">\n\t\t\t\t\t\t\t<i aria-hidden=\"true\" class=\"fas fa-link\"><\/i>\t\t\t\t\t\t<\/span>\n\t\t\t\t\t\t\t\t\t\t<span class=\"elementor-icon-list-text\">Web: https:\/\/departamento.us.es\/duot\/informacion-general\/ <\/span>\n\t\t\t\t\t\t\t\t\t\t\t<\/a>\n\t\t\t\t\t\t\t\t\t<\/li>\n\t\t\t\t\t\t<\/ul>\n\t\t\t\t\t\t<\/div>\n\t\t\t\t<\/div>\n\t\t\t\t<div class=\"elementor-element elementor-element-1417de3 elementor-widget elementor-widget-heading\" data-id=\"1417de3\" data-element_type=\"widget\" data-e-type=\"widget\" data-widget_type=\"heading.default\">\n\t\t\t\t<div class=\"elementor-widget-container\">\n\t\t\t\t\t<h4 class=\"elementor-heading-title elementor-size-default\">Asignaturas<\/h4>\t\t\t\t<\/div>\n\t\t\t\t<\/div>\n\t\t\t\t<div class=\"elementor-element elementor-element-abbc1e8 elementor-posts--thumbnail-none animated-slow elementor-grid-3 elementor-grid-tablet-2 elementor-grid-mobile-1 elementor-card-shadow-yes elementor-posts__hover-gradient elementor-invisible elementor-widget elementor-widget-posts\" data-id=\"abbc1e8\" data-element_type=\"widget\" data-e-type=\"widget\" data-settings=\"{&quot;_animation&quot;:&quot;fadeIn&quot;,&quot;cards_columns&quot;:&quot;3&quot;,&quot;cards_columns_tablet&quot;:&quot;2&quot;,&quot;cards_columns_mobile&quot;:&quot;1&quot;,&quot;cards_row_gap&quot;:{&quot;unit&quot;:&quot;px&quot;,&quot;size&quot;:35,&quot;sizes&quot;:[]},&quot;cards_row_gap_tablet&quot;:{&quot;unit&quot;:&quot;px&quot;,&quot;size&quot;:&quot;&quot;,&quot;sizes&quot;:[]},&quot;cards_row_gap_mobile&quot;:{&quot;unit&quot;:&quot;px&quot;,&quot;size&quot;:&quot;&quot;,&quot;sizes&quot;:[]}}\" data-widget_type=\"posts.cards\">\n\t\t\t\t<div class=\"elementor-widget-container\">\n\t\t\t\t\t\t\t<div class=\"elementor-posts-container elementor-posts elementor-posts--skin-cards elementor-grid\" role=\"list\">\n\t\t\t\t<article class=\"elementor-post elementor-grid-item post-1888 post type-post status-publish format-standard hentry category-mupdu tag-profesorado-de-htca-2025-26\" role=\"listitem\">\n\t\t\t<div class=\"elementor-post__card\">\n\t\t\t\t<div class=\"elementor-post__text\">\n\t\t\t\t<h3 class=\"elementor-post__title\">\n\t\t\t<a href=\"https:\/\/departamento.us.es\/htcaetsa\/contexto-disciplinar-del-urbanismo\/\" target=&quot;_blank&quot;>\n\t\t\t\tContexto Disciplinar del Urbanismo\t\t\t<\/a>\n\t\t<\/h3>\n\t\t\t\t<div class=\"elementor-post__excerpt\">\n\t\t\t<p>Obligatoria <\/p>\n\t\t<\/div>\n\t\t\t\t\t<div class=\"elementor-post__read-more-wrapper\">\n\t\t\n\t\t<a class=\"elementor-post__read-more\" href=\"https:\/\/departamento.us.es\/htcaetsa\/contexto-disciplinar-del-urbanismo\/\" aria-label=\"M\u00e1s informaci\u00f3n sobre Contexto Disciplinar del Urbanismo\" tabindex=\"-1\" target=\"_blank\">\n\t\t\t(+)\t\t<\/a>\n\n\t\t\t\t\t<\/div>\n\t\t\t\t<\/div>\n\t\t\t\t\t<\/div>\n\t\t<\/article>\n\t\t\t\t<article class=\"elementor-post elementor-grid-item post-1889 post type-post status-publish format-standard hentry category-mupdu tag-profesorado-de-htca-2025-26\" role=\"listitem\">\n\t\t\t<div class=\"elementor-post__card\">\n\t\t\t\t<div class=\"elementor-post__text\">\n\t\t\t\t<h3 class=\"elementor-post__title\">\n\t\t\t<a href=\"https:\/\/departamento.us.es\/htcaetsa\/instrumentos-para-la-intervencion\/\" target=&quot;_blank&quot;>\n\t\t\t\tInstrumentos para la Intervenci\u00f3n\t\t\t<\/a>\n\t\t<\/h3>\n\t\t\t\t<div class=\"elementor-post__excerpt\">\n\t\t\t<p>Obligatoria <\/p>\n\t\t<\/div>\n\t\t\t\t\t<div class=\"elementor-post__read-more-wrapper\">\n\t\t\n\t\t<a class=\"elementor-post__read-more\" href=\"https:\/\/departamento.us.es\/htcaetsa\/instrumentos-para-la-intervencion\/\" aria-label=\"M\u00e1s informaci\u00f3n sobre Instrumentos para la Intervenci\u00f3n\" tabindex=\"-1\" target=\"_blank\">\n\t\t\t(+)\t\t<\/a>\n\n\t\t\t\t\t<\/div>\n\t\t\t\t<\/div>\n\t\t\t\t\t<\/div>\n\t\t<\/article>\n\t\t\t\t<article class=\"elementor-post elementor-grid-item post-1890 post type-post status-publish format-standard hentry category-mupdu tag-profesorado-de-htca-2025-26\" role=\"listitem\">\n\t\t\t<div class=\"elementor-post__card\">\n\t\t\t\t<div class=\"elementor-post__text\">\n\t\t\t\t<h3 class=\"elementor-post__title\">\n\t\t\t<a href=\"https:\/\/departamento.us.es\/htcaetsa\/territorio-y-turismo-planificacion-ecoeficiente\/\" target=&quot;_blank&quot;>\n\t\t\t\tTerritorio y Turismo: Planificaci\u00f3n Ecoeficiente\t\t\t<\/a>\n\t\t<\/h3>\n\t\t\t\t<div class=\"elementor-post__excerpt\">\n\t\t\t<p>Optativa<\/p>\n\t\t<\/div>\n\t\t\t\t\t<div class=\"elementor-post__read-more-wrapper\">\n\t\t\n\t\t<a class=\"elementor-post__read-more\" href=\"https:\/\/departamento.us.es\/htcaetsa\/territorio-y-turismo-planificacion-ecoeficiente\/\" aria-label=\"M\u00e1s informaci\u00f3n sobre Territorio y Turismo: Planificaci\u00f3n Ecoeficiente\" tabindex=\"-1\" target=\"_blank\">\n\t\t\t(+)\t\t<\/a>\n\n\t\t\t\t\t<\/div>\n\t\t\t\t<\/div>\n\t\t\t\t\t<\/div>\n\t\t<\/article>\n\t\t\t\t<\/div>\n\t\t\n\t\t\t\t\t\t<\/div>\n\t\t\t\t<\/div>\n\t\t\t\t<\/div>\n\t\t\t\t\t<\/div>\n\t\t\t\t<\/div>\n\t\t\t\t<\/div>\n\t\t","protected":false},"excerpt":{"rendered":"<p>Coordinador\/a: Sainz Guti\u00e9rrez, Victoriano (Dpto. Urban\u00edstica y Ordenaci\u00f3n del Territorio) Web: https:\/\/departamento.us.es\/duot\/informacion-general\/ Asignaturas<\/p>\n","protected":false},"author":1,"featured_media":0,"parent":0,"menu_order":0,"comment_status":"closed","ping_status":"closed","template":"","meta":{"_acf_changed":false,"footnotes":""},"class_list":["post-1444","page","type-page","status-publish","hentry"],"acf":[],"yoast_head":"<!-- This site is optimized with the Yoast SEO plugin v27.4 - https:\/\/yoast.com\/product\/yoast-seo-wordpress\/ -->\n<title>Mupdu. M\u00e1ster Universitario en Urbanismo, Planeamiento y Dise\u00f1o Urbano - Departamento de Historia, Teor\u00eda y Composici\u00f3n Arquitect\u00f3nicas<\/title>\n<meta name=\"robots\" content=\"index, follow, max-snippet:-1, max-image-preview:large, max-video-preview:-1\" \/>\n<link rel=\"canonical\" href=\"https:\/\/departamento.us.es\/htcaetsa\/mupdu\/\" \/>\n<meta property=\"og:locale\" content=\"es_ES\" \/>\n<meta property=\"og:type\" content=\"article\" \/>\n<meta property=\"og:title\" content=\"Mupdu. M\u00e1ster Universitario en Urbanismo, Planeamiento y Dise\u00f1o Urbano - Departamento de Historia, Teor\u00eda y Composici\u00f3n Arquitect\u00f3nicas\" \/>\n<meta property=\"og:description\" content=\"Coordinador\/a: Sainz Guti\u00e9rrez, Victoriano (Dpto. Urban\u00edstica y Ordenaci\u00f3n del Territorio) Web: https:\/\/departamento.us.es\/duot\/informacion-general\/ Asignaturas\" \/>\n<meta property=\"og:url\" content=\"https:\/\/departamento.us.es\/htcaetsa\/mupdu\/\" \/>\n<meta property=\"og:site_name\" content=\"Departamento de Historia, Teor\u00eda y Composici\u00f3n Arquitect\u00f3nicas\" \/>\n<meta property=\"article:modified_time\" content=\"2026-01-08T19:46:42+00:00\" \/>\n<meta name=\"twitter:card\" content=\"summary_large_image\" \/>\n<meta name=\"twitter:label1\" content=\"Tiempo de lectura\" \/>\n\t<meta name=\"twitter:data1\" content=\"1 minuto\" \/>\n<script type=\"application\/ld+json\" class=\"yoast-schema-graph\">{\"@context\":\"https:\\\/\\\/schema.org\",\"@graph\":[{\"@type\":\"WebPage\",\"@id\":\"https:\\\/\\\/departamento.us.es\\\/htcaetsa\\\/mupdu\\\/\",\"url\":\"https:\\\/\\\/departamento.us.es\\\/htcaetsa\\\/mupdu\\\/\",\"name\":\"Mupdu. M\u00e1ster Universitario en Urbanismo, Planeamiento y Dise\u00f1o Urbano - Departamento de Historia, Teor\u00eda y Composici\u00f3n Arquitect\u00f3nicas\",\"isPartOf\":{\"@id\":\"https:\\\/\\\/departamento.us.es\\\/newhtcaetsa\\\/#website\"},\"datePublished\":\"2023-01-10T11:33:12+00:00\",\"dateModified\":\"2026-01-08T19:46:42+00:00\",\"inLanguage\":\"es\",\"potentialAction\":[{\"@type\":\"ReadAction\",\"target\":[\"https:\\\/\\\/departamento.us.es\\\/htcaetsa\\\/mupdu\\\/\"]}]},{\"@type\":\"WebSite\",\"@id\":\"https:\\\/\\\/departamento.us.es\\\/newhtcaetsa\\\/#website\",\"url\":\"https:\\\/\\\/departamento.us.es\\\/newhtcaetsa\\\/\",\"name\":\"Departamento de Historia, Teor\u00eda y Composici\u00f3n Arquitect\u00f3nicas\",\"description\":\"Universidad de Sevilla\",\"publisher\":{\"@id\":\"https:\\\/\\\/departamento.us.es\\\/newhtcaetsa\\\/#organization\"},\"potentialAction\":[{\"@type\":\"SearchAction\",\"target\":{\"@type\":\"EntryPoint\",\"urlTemplate\":\"https:\\\/\\\/departamento.us.es\\\/newhtcaetsa\\\/?s={search_term_string}\"},\"query-input\":{\"@type\":\"PropertyValueSpecification\",\"valueRequired\":true,\"valueName\":\"search_term_string\"}}],\"inLanguage\":\"es\"},{\"@type\":\"Organization\",\"@id\":\"https:\\\/\\\/departamento.us.es\\\/newhtcaetsa\\\/#organization\",\"name\":\"Departamento de Historia, Teor\u00eda y Composici\u00f3n Arquitect\u00f3nicas\",\"url\":\"https:\\\/\\\/departamento.us.es\\\/newhtcaetsa\\\/\",\"logo\":{\"@type\":\"ImageObject\",\"inLanguage\":\"es\",\"@id\":\"https:\\\/\\\/departamento.us.es\\\/newhtcaetsa\\\/#\\\/schema\\\/logo\\\/image\\\/\",\"url\":\"https:\\\/\\\/departamento.us.es\\\/htcaetsa\\\/wp-content\\\/uploads\\\/2022\\\/03\\\/US-marca-digital-cuadrada-100.webp\",\"contentUrl\":\"https:\\\/\\\/departamento.us.es\\\/htcaetsa\\\/wp-content\\\/uploads\\\/2022\\\/03\\\/US-marca-digital-cuadrada-100.webp\",\"width\":100,\"height\":103,\"caption\":\"Departamento de Historia, Teor\u00eda y Composici\u00f3n Arquitect\u00f3nicas\"},\"image\":{\"@id\":\"https:\\\/\\\/departamento.us.es\\\/newhtcaetsa\\\/#\\\/schema\\\/logo\\\/image\\\/\"}}]}<\/script>\n<!-- \/ Yoast SEO plugin. -->","yoast_head_json":{"title":"Mupdu. M\u00e1ster Universitario en Urbanismo, Planeamiento y Dise\u00f1o Urbano - Departamento de Historia, Teor\u00eda y Composici\u00f3n Arquitect\u00f3nicas","robots":{"index":"index","follow":"follow","max-snippet":"max-snippet:-1","max-image-preview":"max-image-preview:large","max-video-preview":"max-video-preview:-1"},"canonical":"https:\/\/departamento.us.es\/htcaetsa\/mupdu\/","og_locale":"es_ES","og_type":"article","og_title":"Mupdu. M\u00e1ster Universitario en Urbanismo, Planeamiento y Dise\u00f1o Urbano - Departamento de Historia, Teor\u00eda y Composici\u00f3n Arquitect\u00f3nicas","og_description":"Coordinador\/a: Sainz Guti\u00e9rrez, Victoriano (Dpto. Urban\u00edstica y Ordenaci\u00f3n del Territorio) Web: https:\/\/departamento.us.es\/duot\/informacion-general\/ Asignaturas","og_url":"https:\/\/departamento.us.es\/htcaetsa\/mupdu\/","og_site_name":"Departamento de Historia, Teor\u00eda y Composici\u00f3n Arquitect\u00f3nicas","article_modified_time":"2026-01-08T19:46:42+00:00","twitter_card":"summary_large_image","twitter_misc":{"Tiempo de lectura":"1 minuto"},"schema":{"@context":"https:\/\/schema.org","@graph":[{"@type":"WebPage","@id":"https:\/\/departamento.us.es\/htcaetsa\/mupdu\/","url":"https:\/\/departamento.us.es\/htcaetsa\/mupdu\/","name":"Mupdu. M\u00e1ster Universitario en Urbanismo, Planeamiento y Dise\u00f1o Urbano - Departamento de Historia, Teor\u00eda y Composici\u00f3n Arquitect\u00f3nicas","isPartOf":{"@id":"https:\/\/departamento.us.es\/newhtcaetsa\/#website"},"datePublished":"2023-01-10T11:33:12+00:00","dateModified":"2026-01-08T19:46:42+00:00","inLanguage":"es","potentialAction":[{"@type":"ReadAction","target":["https:\/\/departamento.us.es\/htcaetsa\/mupdu\/"]}]},{"@type":"WebSite","@id":"https:\/\/departamento.us.es\/newhtcaetsa\/#website","url":"https:\/\/departamento.us.es\/newhtcaetsa\/","name":"Departamento de Historia, Teor\u00eda y Composici\u00f3n Arquitect\u00f3nicas","description":"Universidad de Sevilla","publisher":{"@id":"https:\/\/departamento.us.es\/newhtcaetsa\/#organization"},"potentialAction":[{"@type":"SearchAction","target":{"@type":"EntryPoint","urlTemplate":"https:\/\/departamento.us.es\/newhtcaetsa\/?s={search_term_string}"},"query-input":{"@type":"PropertyValueSpecification","valueRequired":true,"valueName":"search_term_string"}}],"inLanguage":"es"},{"@type":"Organization","@id":"https:\/\/departamento.us.es\/newhtcaetsa\/#organization","name":"Departamento de Historia, Teor\u00eda y Composici\u00f3n Arquitect\u00f3nicas","url":"https:\/\/departamento.us.es\/newhtcaetsa\/","logo":{"@type":"ImageObject","inLanguage":"es","@id":"https:\/\/departamento.us.es\/newhtcaetsa\/#\/schema\/logo\/image\/","url":"https:\/\/departamento.us.es\/htcaetsa\/wp-content\/uploads\/2022\/03\/US-marca-digital-cuadrada-100.webp","contentUrl":"https:\/\/departamento.us.es\/htcaetsa\/wp-content\/uploads\/2022\/03\/US-marca-digital-cuadrada-100.webp","width":100,"height":103,"caption":"Departamento de Historia, Teor\u00eda y Composici\u00f3n Arquitect\u00f3nicas"},"image":{"@id":"https:\/\/departamento.us.es\/newhtcaetsa\/#\/schema\/logo\/image\/"}}]}},"_links":{"self":[{"href":"https:\/\/departamento.us.es\/htcaetsa\/wp-json\/wp\/v2\/pages\/1444","targetHints":{"allow":["GET"]}}],"collection":[{"href":"https:\/\/departamento.us.es\/htcaetsa\/wp-json\/wp\/v2\/pages"}],"about":[{"href":"https:\/\/departamento.us.es\/htcaetsa\/wp-json\/wp\/v2\/types\/page"}],"author":[{"embeddable":true,"href":"https:\/\/departamento.us.es\/htcaetsa\/wp-json\/wp\/v2\/users\/1"}],"replies":[{"embeddable":true,"href":"https:\/\/departamento.us.es\/htcaetsa\/wp-json\/wp\/v2\/comments?post=1444"}],"version-history":[{"count":0,"href":"https:\/\/departamento.us.es\/htcaetsa\/wp-json\/wp\/v2\/pages\/1444\/revisions"}],"wp:attachment":[{"href":"https:\/\/departamento.us.es\/htcaetsa\/wp-json\/wp\/v2\/media?parent=1444"}],"curies":[{"name":"wp","href":"https:\/\/api.w.org\/{rel}","templated":true}]}}