{"id":84,"date":"2022-03-14T11:14:53","date_gmt":"2022-03-14T11:14:53","guid":{"rendered":"https:\/\/departamento.us.es\/newhtcaetsa\/?page_id=84"},"modified":"2026-01-09T10:37:18","modified_gmt":"2026-01-09T10:37:18","slug":"noticias","status":"publish","type":"page","link":"https:\/\/departamento.us.es\/htcaetsa\/noticias\/","title":{"rendered":"NOTICIAS"},"content":{"rendered":"\t\t<div data-elementor-type=\"wp-page\" data-elementor-id=\"84\" class=\"elementor elementor-84\" data-elementor-post-type=\"page\">\n\t\t\t\t<div class=\"elementor-element elementor-element-1363a2e e-flex e-con-boxed elementor-invisible e-con e-parent\" data-id=\"1363a2e\" data-element_type=\"container\" data-e-type=\"container\" data-settings=\"{&quot;shape_divider_bottom&quot;:&quot;waves&quot;,&quot;animation&quot;:&quot;fadeInUp&quot;}\">\n\t\t\t\t\t<div class=\"e-con-inner\">\n\t\t\t\t<div class=\"elementor-shape elementor-shape-bottom\" aria-hidden=\"true\" data-negative=\"false\">\n\t\t\t<svg xmlns=\"http:\/\/www.w3.org\/2000\/svg\" viewBox=\"0 0 1000 100\" preserveAspectRatio=\"none\">\n\t<path class=\"elementor-shape-fill\" d=\"M421.9,6.5c22.6-2.5,51.5,0.4,75.5,5.3c23.6,4.9,70.9,23.5,100.5,35.7c75.8,32.2,133.7,44.5,192.6,49.7\n\tc23.6,2.1,48.7,3.5,103.4-2.5c54.7-6,106.2-25.6,106.2-25.6V0H0v30.3c0,0,72,32.6,158.4,30.5c39.2-0.7,92.8-6.7,134-22.4\n\tc21.2-8.1,52.2-18.2,79.7-24.2C399.3,7.9,411.6,7.5,421.9,6.5z\"\/>\n<\/svg>\t\t<\/div>\n\t\t<div class=\"elementor-element elementor-element-f63727d e-con-full e-flex e-con e-child\" data-id=\"f63727d\" data-element_type=\"container\" data-e-type=\"container\">\n\t\t\t\t<div class=\"elementor-element elementor-element-1e6ad3f animated-slow elementor-posts--thumbnail-none elementor-grid-4 elementor-posts--align-left elementor-grid-tablet-2 elementor-grid-mobile-1 elementor-card-shadow-yes elementor-posts__hover-gradient elementor-invisible elementor-widget elementor-widget-posts\" data-id=\"1e6ad3f\" data-element_type=\"widget\" data-e-type=\"widget\" data-settings=\"{&quot;_animation&quot;:&quot;fadeIn&quot;,&quot;pagination_type&quot;:&quot;load_more_infinite_scroll&quot;,&quot;cards_columns&quot;:&quot;4&quot;,&quot;cards_columns_tablet&quot;:&quot;2&quot;,&quot;cards_columns_mobile&quot;:&quot;1&quot;,&quot;cards_row_gap&quot;:{&quot;unit&quot;:&quot;px&quot;,&quot;size&quot;:35,&quot;sizes&quot;:[]},&quot;cards_row_gap_tablet&quot;:{&quot;unit&quot;:&quot;px&quot;,&quot;size&quot;:&quot;&quot;,&quot;sizes&quot;:[]},&quot;cards_row_gap_mobile&quot;:{&quot;unit&quot;:&quot;px&quot;,&quot;size&quot;:&quot;&quot;,&quot;sizes&quot;:[]},&quot;load_more_spinner&quot;:{&quot;value&quot;:&quot;fas fa-spinner&quot;,&quot;library&quot;:&quot;fa-solid&quot;}}\" data-widget_type=\"posts.cards\">\n\t\t\t\t<div class=\"elementor-widget-container\">\n\t\t\t\t\t\t\t<div class=\"elementor-posts-container elementor-posts elementor-posts--skin-cards elementor-grid\" role=\"list\">\n\t\t\t\t<article class=\"elementor-post elementor-grid-item post-2686 post type-post status-publish format-standard hentry category-noticias\" role=\"listitem\">\n\t\t\t<div class=\"elementor-post__card\">\n\t\t\t\t<div class=\"elementor-post__text\">\n\t\t\t\t<h3 class=\"elementor-post__title\">\n\t\t\t<a href=\"https:\/\/departamento.us.es\/htcaetsa\/tesis-doctoral-el-patrimonio-arquitectonico-hotelero-del-siglo-xx-y-el-diseno-interior-un-paraiso-vacacional-como-propaganda-internacional-doctoranda-sharyan-dairys-torres-rosari\/\" >\n\t\t\t\tTESIS DOCTORAL: \u201cEL PATRIMONIO ARQUITECT\u00d3NICO HOTELERO DEL SIGLO XX Y EL DISE\u00d1O INTERIOR. UN PARA\u00cdSO VACACIONAL COMO PROPAGANDA INTERNACIONAL\u201d. DOCTORANDA: SHARYAN DAIRYS TORRES ROSARIO. 28 DE ABRIL DE 2026.\t\t\t<\/a>\n\t\t<\/h3>\n\t\t\t\t<div class=\"elementor-post__excerpt\">\n\t\t\t<p>Se convoca a todas las personas interesadas al acto de lectura y defensa de la Tesis Doctoral de la doctoranda SHARYAN DAIRYS TORRES ROSARIO,\u00a0&#8230; <\/p>\n\t\t<\/div>\n\t\t\t\t\t<div class=\"elementor-post__read-more-wrapper\">\n\t\t\n\t\t<a class=\"elementor-post__read-more\" href=\"https:\/\/departamento.us.es\/htcaetsa\/tesis-doctoral-el-patrimonio-arquitectonico-hotelero-del-siglo-xx-y-el-diseno-interior-un-paraiso-vacacional-como-propaganda-internacional-doctoranda-sharyan-dairys-torres-rosari\/\" aria-label=\"M\u00e1s informaci\u00f3n sobre TESIS DOCTORAL: \u201cEL PATRIMONIO ARQUITECT\u00d3NICO HOTELERO DEL SIGLO XX Y EL DISE\u00d1O INTERIOR. UN PARA\u00cdSO VACACIONAL COMO PROPAGANDA INTERNACIONAL\u201d. DOCTORANDA: SHARYAN DAIRYS TORRES ROSARIO. 28 DE ABRIL DE 2026.\" tabindex=\"-1\" >\n\t\t\tLeer m\u00e1s \u00bb\t\t<\/a>\n\n\t\t\t\t\t<\/div>\n\t\t\t\t<\/div>\n\t\t\t\t\t<\/div>\n\t\t<\/article>\n\t\t\t\t<article class=\"elementor-post elementor-grid-item post-2684 post type-post status-publish format-standard hentry category-noticias\" role=\"listitem\">\n\t\t\t<div class=\"elementor-post__card\">\n\t\t\t\t<div class=\"elementor-post__text\">\n\t\t\t\t<h3 class=\"elementor-post__title\">\n\t\t\t<a href=\"https:\/\/departamento.us.es\/htcaetsa\/la-revista-astragalo-cultura-de-la-arquitectura-y-la-ciudad-adscrita-a-htca-calificada-como-q1-en-su-evaluacion-anual-en-scimago-para-2025\/\" >\n\t\t\t\tLA REVISTA \u00abASTR\u00c1GALO, CULTURA DE LA ARQUITECTURA Y LA CIUDAD\u00bb, ADSCRITA A HTCA, CALIFICADA COMO Q1 EN SU EVALUACI\u00d3N ANUAL EN SCIMAGO PARA 2025\t\t\t<\/a>\n\t\t<\/h3>\n\t\t\t\t<div class=\"elementor-post__excerpt\">\n\t\t\t<p>La revista \u00abAstr\u00e1galo, Cultura de la Arquitectura y la Ciudad\u00bb, adscrita al Departamento de Historia, Teor\u00eda y Composici\u00f3n Arquitect\u00f3nicas y dentro del cat\u00e1logo de revistas de la Editorial Universidad de Sevilla, en su evaluaci\u00f3n anual en Scimago, ha alcanzado para 2025 la calificaci\u00f3n de Q1 como mejor cuartil de entre las tem\u00e1ticas en las que est\u00e1 recogida en ese cat\u00e1logo. <\/p>\n\t\t<\/div>\n\t\t\t\t\t<div class=\"elementor-post__read-more-wrapper\">\n\t\t\n\t\t<a class=\"elementor-post__read-more\" href=\"https:\/\/departamento.us.es\/htcaetsa\/la-revista-astragalo-cultura-de-la-arquitectura-y-la-ciudad-adscrita-a-htca-calificada-como-q1-en-su-evaluacion-anual-en-scimago-para-2025\/\" aria-label=\"M\u00e1s informaci\u00f3n sobre LA REVISTA \u00abASTR\u00c1GALO, CULTURA DE LA ARQUITECTURA Y LA CIUDAD\u00bb, ADSCRITA A HTCA, CALIFICADA COMO Q1 EN SU EVALUACI\u00d3N ANUAL EN SCIMAGO PARA 2025\" tabindex=\"-1\" >\n\t\t\tLeer m\u00e1s \u00bb\t\t<\/a>\n\n\t\t\t\t\t<\/div>\n\t\t\t\t<\/div>\n\t\t\t\t\t<\/div>\n\t\t<\/article>\n\t\t\t\t<article class=\"elementor-post elementor-grid-item post-2679 post type-post status-publish format-standard hentry category-noticias\" role=\"listitem\">\n\t\t\t<div class=\"elementor-post__card\">\n\t\t\t\t<div class=\"elementor-post__text\">\n\t\t\t\t<h3 class=\"elementor-post__title\">\n\t\t\t<a href=\"https:\/\/departamento.us.es\/htcaetsa\/toward-s4-architecture-smart-sustainable-regenerative-international-seminar-tuesday-17-march-2026-etsa\/\" >\n\t\t\t\t\u00abTOWARD S4 ARCHITECTURE: SMART, SUSTAINABLE, REGENERATIVE INTERNATIONAL SEMINAR\u00bb. Tuesday 17 March 2026, MCAS, ETSA.\t\t\t<\/a>\n\t\t<\/h3>\n\t\t\t\t<div class=\"elementor-post__excerpt\">\n\t\t\t<p>Master\u2019s Degree in Sustainable City and Architecture [MCAS] presents \u00abToward S4 Architecture: Smart, Sustainable, Regenerative International Seminar\u00bb.<br \/>\nDate: Tuesday 17 March 2026.<br \/>\nTime: 09:30\u201314:00 and 16:00\u201320:00.<br \/>\nVenue: ETSAS \u2014 University of Seville.<\/p>\n\t\t<\/div>\n\t\t\t\t\t<div class=\"elementor-post__read-more-wrapper\">\n\t\t\n\t\t<a class=\"elementor-post__read-more\" href=\"https:\/\/departamento.us.es\/htcaetsa\/toward-s4-architecture-smart-sustainable-regenerative-international-seminar-tuesday-17-march-2026-etsa\/\" aria-label=\"M\u00e1s informaci\u00f3n sobre \u00abTOWARD S4 ARCHITECTURE: SMART, SUSTAINABLE, REGENERATIVE INTERNATIONAL SEMINAR\u00bb. Tuesday 17 March 2026, MCAS, ETSA.\" tabindex=\"-1\" >\n\t\t\tLeer m\u00e1s \u00bb\t\t<\/a>\n\n\t\t\t\t\t<\/div>\n\t\t\t\t<\/div>\n\t\t\t\t\t<\/div>\n\t\t<\/article>\n\t\t\t\t<article class=\"elementor-post elementor-grid-item post-2669 post type-post status-publish format-standard hentry category-noticias\" role=\"listitem\">\n\t\t\t<div class=\"elementor-post__card\">\n\t\t\t\t<div class=\"elementor-post__text\">\n\t\t\t\t<h3 class=\"elementor-post__title\">\n\t\t\t<a href=\"https:\/\/departamento.us.es\/htcaetsa\/hermes-y-el-sueno-de-una-ciudad-moderna-casos-latinoamericanos-bajo-el-caduceo-fordiano-jose-javier-alayon-gonzalez-conferencia-de-clausura-de-la-asignatura-htca4-grupo-5-01-miercoles\/\" >\n\t\t\t\t\u00abHERMES Y EL SUE\u00d1O DE UNA CIUDAD MODERNA. CASOS LATINOAMERICANOS BAJO EL CADUCEO FORDIANO\u00bb, Jos\u00e9 Javier Alay\u00f3n Gonz\u00e1lez. Conferencia de clausura de la asignatura HTCA4, Grupo 5.01, mi\u00e9rcoles 17 de diciembre de 2025, 12.00 h, Aula A2011, ETSA.\t\t\t<\/a>\n\t\t<\/h3>\n\t\t\t\t<div class=\"elementor-post__excerpt\">\n\t\t\t<p>El mi\u00e9rcoles 17 de diciembre de 2025 tendr\u00e1 lugar la conferencia de clausura de la asignatura Historia, Teor\u00eda y Composici\u00f3n Arquitect\u00f3nicas 4, correspondiente al Grupo 5.01, del profesor Carlo Tapia, \u2026<\/p>\n\t\t<\/div>\n\t\t\t\t\t<div class=\"elementor-post__read-more-wrapper\">\n\t\t\n\t\t<a class=\"elementor-post__read-more\" href=\"https:\/\/departamento.us.es\/htcaetsa\/hermes-y-el-sueno-de-una-ciudad-moderna-casos-latinoamericanos-bajo-el-caduceo-fordiano-jose-javier-alayon-gonzalez-conferencia-de-clausura-de-la-asignatura-htca4-grupo-5-01-miercoles\/\" aria-label=\"M\u00e1s informaci\u00f3n sobre \u00abHERMES Y EL SUE\u00d1O DE UNA CIUDAD MODERNA. CASOS LATINOAMERICANOS BAJO EL CADUCEO FORDIANO\u00bb, Jos\u00e9 Javier Alay\u00f3n Gonz\u00e1lez. Conferencia de clausura de la asignatura HTCA4, Grupo 5.01, mi\u00e9rcoles 17 de diciembre de 2025, 12.00 h, Aula A2011, ETSA.\" tabindex=\"-1\" >\n\t\t\tLeer m\u00e1s \u00bb\t\t<\/a>\n\n\t\t\t\t\t<\/div>\n\t\t\t\t<\/div>\n\t\t\t\t\t<\/div>\n\t\t<\/article>\n\t\t\t\t<article class=\"elementor-post elementor-grid-item post-2666 post type-post status-publish format-standard hentry category-noticias\" role=\"listitem\">\n\t\t\t<div class=\"elementor-post__card\">\n\t\t\t\t<div class=\"elementor-post__text\">\n\t\t\t\t<h3 class=\"elementor-post__title\">\n\t\t\t<a href=\"https:\/\/departamento.us.es\/htcaetsa\/memorabilia-1975-victor-perez-escolano-conferencia-de-clausura-de-la-asignatura-htca4-grupos-5-04-y-5-05-martes-16-de-diciembre-de-2025-salon-de-grados-etsa-2\/\" >\n\t\t\t\t\u00abMEMORABILIA 1975\u00bb, V\u00edctor P\u00e9rez Escolano. Conferencia de clausura de la asignatura HTCA4, Grupos 5.04 y 5.05, martes 16 de diciembre de 2025, Sal\u00f3n de Grados, ETSA.\t\t\t<\/a>\n\t\t<\/h3>\n\t\t\t\t<div class=\"elementor-post__excerpt\">\n\t\t\t<p>Conferencia de clausura de la asignatura HTCA4 \u2013 Historia, Teor\u00eda y Composici\u00f3n Arquitect\u00f3nicas 4 \u2013 grupos 5.04 y 5.06, que impartir\u00e1 V\u00edctor P\u00e9rez Escolano titulada \u00abMEMORABILIA 1975\u00bb.<\/p>\n\t\t<\/div>\n\t\t\t\t\t<div class=\"elementor-post__read-more-wrapper\">\n\t\t\n\t\t<a class=\"elementor-post__read-more\" href=\"https:\/\/departamento.us.es\/htcaetsa\/memorabilia-1975-victor-perez-escolano-conferencia-de-clausura-de-la-asignatura-htca4-grupos-5-04-y-5-05-martes-16-de-diciembre-de-2025-salon-de-grados-etsa-2\/\" aria-label=\"M\u00e1s informaci\u00f3n sobre \u00abMEMORABILIA 1975\u00bb, V\u00edctor P\u00e9rez Escolano. Conferencia de clausura de la asignatura HTCA4, Grupos 5.04 y 5.05, martes 16 de diciembre de 2025, Sal\u00f3n de Grados, ETSA.\" tabindex=\"-1\" >\n\t\t\tLeer m\u00e1s \u00bb\t\t<\/a>\n\n\t\t\t\t\t<\/div>\n\t\t\t\t<\/div>\n\t\t\t\t\t<\/div>\n\t\t<\/article>\n\t\t\t\t<article class=\"elementor-post elementor-grid-item post-2663 post type-post status-publish format-standard hentry category-noticias\" role=\"listitem\">\n\t\t\t<div class=\"elementor-post__card\">\n\t\t\t\t<div class=\"elementor-post__text\">\n\t\t\t\t<h3 class=\"elementor-post__title\">\n\t\t\t<a href=\"https:\/\/departamento.us.es\/htcaetsa\/arquitectura-y-guerra-encuentro-con-luis-de-vega-miercoles-17-de-diciembre-12-30-h-salon-de-grados-etsa\/\" >\n\t\t\t\t\u201cARQUITECTURA Y GUERRA. ENCUENTRO CON LUIS DE VEGA\u00bb. Mi\u00e9rcoles, 17 de diciembre, 12.30 h, Sal\u00f3n de Grados, ETSA.\t\t\t<\/a>\n\t\t<\/h3>\n\t\t\t\t<div class=\"elementor-post__excerpt\">\n\t\t\t<p>En el marco de la exposici\u00f3n ARQUITECTURA Y GUERRA. UCRANIA Y PALESTINA, el mi\u00e9rcoles 17 de diciembre tendr\u00e1 lugar un encuentro con el autor, el fotoperiodista Luis de Vega, \u2026<\/p>\n\t\t<\/div>\n\t\t\t\t\t<div class=\"elementor-post__read-more-wrapper\">\n\t\t\n\t\t<a class=\"elementor-post__read-more\" href=\"https:\/\/departamento.us.es\/htcaetsa\/arquitectura-y-guerra-encuentro-con-luis-de-vega-miercoles-17-de-diciembre-12-30-h-salon-de-grados-etsa\/\" aria-label=\"M\u00e1s informaci\u00f3n sobre \u201cARQUITECTURA Y GUERRA. ENCUENTRO CON LUIS DE VEGA\u00bb. Mi\u00e9rcoles, 17 de diciembre, 12.30 h, Sal\u00f3n de Grados, ETSA.\" tabindex=\"-1\" >\n\t\t\tLeer m\u00e1s \u00bb\t\t<\/a>\n\n\t\t\t\t\t<\/div>\n\t\t\t\t<\/div>\n\t\t\t\t\t<\/div>\n\t\t<\/article>\n\t\t\t\t<\/div>\n\t\t\t\t\t<span class=\"e-load-more-spinner\">\n\t\t\t\t<i aria-hidden=\"true\" class=\"fas fa-spinner\"><\/i>\t\t\t<\/span>\n\t\t\n\t\t\t\t<div class=\"e-load-more-anchor\" data-page=\"1\" data-max-page=\"6\" data-next-page=\"https:\/\/departamento.us.es\/htcaetsa\/wp-json\/wp\/v2\/pages\/84\/page\/2\/\"><\/div>\n\t\t\t\t<div class=\"e-load-more-message\"><\/div>\n\t\t\t\t\t\t<\/div>\n\t\t\t\t<\/div>\n\t\t\t\t<\/div>\n\t\t\t\t\t<\/div>\n\t\t\t\t<\/div>\n\t\t<div class=\"elementor-element elementor-element-1acc520 e-con-full e-flex elementor-invisible e-con e-parent\" data-id=\"1acc520\" data-element_type=\"container\" data-e-type=\"container\" data-settings=\"{&quot;background_background&quot;:&quot;classic&quot;,&quot;animation&quot;:&quot;fadeInUp&quot;}\">\n\t\t<div class=\"elementor-element elementor-element-d866b40 e-con-full e-flex e-con e-child\" data-id=\"d866b40\" data-element_type=\"container\" data-e-type=\"container\">\n\t\t\t\t<div class=\"elementor-element elementor-element-a21dd2c elementor-view-stacked elementor-shape-circle elementor-position-block-start elementor-mobile-position-block-start elementor-widget elementor-widget-icon-box\" data-id=\"a21dd2c\" data-element_type=\"widget\" data-e-type=\"widget\" data-settings=\"{&quot;_animation&quot;:&quot;none&quot;}\" data-widget_type=\"icon-box.default\">\n\t\t\t\t<div class=\"elementor-widget-container\">\n\t\t\t\t\t\t\t<div class=\"elementor-icon-box-wrapper\">\n\n\t\t\t\t\t\t<div class=\"elementor-icon-box-icon\">\n\t\t\t\t<a href=\"https:\/\/www.us.es\/calendario-academico\" target=\"_blank\" class=\"elementor-icon elementor-animation-grow\" tabindex=\"-1\" aria-label=\"Calendario acad\u00e9mico\">\n\t\t\t\t<i aria-hidden=\"true\" class=\"far fa-calendar-alt\"><\/i>\t\t\t\t<\/a>\n\t\t\t<\/div>\n\t\t\t\n\t\t\t\t\t\t<div class=\"elementor-icon-box-content\">\n\n\t\t\t\t\t\t\t\t\t<h6 class=\"elementor-icon-box-title\">\n\t\t\t\t\t\t<a href=\"https:\/\/www.us.es\/calendario-academico\" target=\"_blank\" >\n\t\t\t\t\t\t\tCalendario acad\u00e9mico\t\t\t\t\t\t<\/a>\n\t\t\t\t\t<\/h6>\n\t\t\t\t\n\t\t\t\t\n\t\t\t<\/div>\n\t\t\t\n\t\t<\/div>\n\t\t\t\t\t\t<\/div>\n\t\t\t\t<\/div>\n\t\t\t\t<\/div>\n\t\t<div class=\"elementor-element elementor-element-2acedb4 e-con-full e-flex e-con e-child\" data-id=\"2acedb4\" data-element_type=\"container\" data-e-type=\"container\">\n\t\t\t\t<div class=\"elementor-element elementor-element-5f1d40b elementor-view-stacked elementor-shape-circle elementor-position-block-start elementor-mobile-position-block-start elementor-widget elementor-widget-icon-box\" data-id=\"5f1d40b\" data-element_type=\"widget\" data-e-type=\"widget\" data-settings=\"{&quot;_animation&quot;:&quot;none&quot;}\" data-widget_type=\"icon-box.default\">\n\t\t\t\t<div class=\"elementor-widget-container\">\n\t\t\t\t\t\t\t<div class=\"elementor-icon-box-wrapper\">\n\n\t\t\t\t\t\t<div class=\"elementor-icon-box-icon\">\n\t\t\t\t<a href=\"https:\/\/etsia.us.es\/docencia\/examenes\" target=\"_blank\" class=\"elementor-icon elementor-animation-grow\" tabindex=\"-1\" aria-label=\"Calendario de ex\u00e1menes\">\n\t\t\t\t<i aria-hidden=\"true\" class=\"far fa-calendar-check\"><\/i>\t\t\t\t<\/a>\n\t\t\t<\/div>\n\t\t\t\n\t\t\t\t\t\t<div class=\"elementor-icon-box-content\">\n\n\t\t\t\t\t\t\t\t\t<h6 class=\"elementor-icon-box-title\">\n\t\t\t\t\t\t<a href=\"https:\/\/etsia.us.es\/docencia\/examenes\" target=\"_blank\" >\n\t\t\t\t\t\t\tCalendario de ex\u00e1menes\t\t\t\t\t\t<\/a>\n\t\t\t\t\t<\/h6>\n\t\t\t\t\n\t\t\t\t\n\t\t\t<\/div>\n\t\t\t\n\t\t<\/div>\n\t\t\t\t\t\t<\/div>\n\t\t\t\t<\/div>\n\t\t\t\t<\/div>\n\t\t<div class=\"elementor-element elementor-element-a076bb1 e-con-full e-flex e-con e-child\" data-id=\"a076bb1\" data-element_type=\"container\" data-e-type=\"container\">\n\t\t\t\t<div class=\"elementor-element elementor-element-9f8e0c9 elementor-view-stacked elementor-shape-circle elementor-position-block-start elementor-mobile-position-block-start elementor-widget elementor-widget-icon-box\" data-id=\"9f8e0c9\" data-element_type=\"widget\" data-e-type=\"widget\" data-settings=\"{&quot;_animation&quot;:&quot;none&quot;}\" data-widget_type=\"icon-box.default\">\n\t\t\t\t<div class=\"elementor-widget-container\">\n\t\t\t\t\t\t\t<div class=\"elementor-icon-box-wrapper\">\n\n\t\t\t\t\t\t<div class=\"elementor-icon-box-icon\">\n\t\t\t\t<a href=\"https:\/\/etsia.us.es\/docencia\/horarios\" target=\"_blank\" class=\"elementor-icon elementor-animation-grow\" tabindex=\"-1\" aria-label=\"Horario curso acad\u00e9mico\">\n\t\t\t\t<i aria-hidden=\"true\" class=\"far fa-clock\"><\/i>\t\t\t\t<\/a>\n\t\t\t<\/div>\n\t\t\t\n\t\t\t\t\t\t<div class=\"elementor-icon-box-content\">\n\n\t\t\t\t\t\t\t\t\t<h6 class=\"elementor-icon-box-title\">\n\t\t\t\t\t\t<a href=\"https:\/\/etsia.us.es\/docencia\/horarios\" target=\"_blank\" >\n\t\t\t\t\t\t\tHorario curso acad\u00e9mico\t\t\t\t\t\t<\/a>\n\t\t\t\t\t<\/h6>\n\t\t\t\t\n\t\t\t\t\n\t\t\t<\/div>\n\t\t\t\n\t\t<\/div>\n\t\t\t\t\t\t<\/div>\n\t\t\t\t<\/div>\n\t\t\t\t<\/div>\n\t\t\t\t<\/div>\n\t\t\t\t<\/div>\n\t\t","protected":false},"excerpt":{"rendered":"<p>Calendario acad\u00e9mico Calendario de ex\u00e1menes Horario curso acad\u00e9mico<\/p>\n","protected":false},"author":1,"featured_media":0,"parent":0,"menu_order":0,"comment_status":"closed","ping_status":"closed","template":"","meta":{"_acf_changed":false,"footnotes":""},"class_list":["post-84","page","type-page","status-publish","hentry"],"acf":[],"yoast_head":"<!-- This site is optimized with the Yoast SEO plugin v27.4 - https:\/\/yoast.com\/product\/yoast-seo-wordpress\/ -->\n<title>NOTICIAS - Departamento de Historia, Teor\u00eda y Composici\u00f3n Arquitect\u00f3nicas<\/title>\n<meta name=\"robots\" content=\"index, follow, max-snippet:-1, max-image-preview:large, max-video-preview:-1\" \/>\n<link rel=\"canonical\" href=\"https:\/\/departamento.us.es\/htcaetsa\/noticias\/\" \/>\n<meta property=\"og:locale\" content=\"es_ES\" \/>\n<meta property=\"og:type\" content=\"article\" \/>\n<meta property=\"og:title\" content=\"NOTICIAS - Departamento de Historia, Teor\u00eda y Composici\u00f3n Arquitect\u00f3nicas\" \/>\n<meta property=\"og:description\" content=\"Calendario acad\u00e9mico Calendario de ex\u00e1menes Horario curso acad\u00e9mico\" \/>\n<meta property=\"og:url\" content=\"https:\/\/departamento.us.es\/htcaetsa\/noticias\/\" \/>\n<meta property=\"og:site_name\" content=\"Departamento de Historia, Teor\u00eda y Composici\u00f3n Arquitect\u00f3nicas\" \/>\n<meta property=\"article:modified_time\" content=\"2026-01-09T10:37:18+00:00\" \/>\n<meta name=\"twitter:card\" content=\"summary_large_image\" \/>\n<meta name=\"twitter:label1\" content=\"Tiempo de lectura\" \/>\n\t<meta name=\"twitter:data1\" content=\"2 minutos\" \/>\n<script type=\"application\/ld+json\" class=\"yoast-schema-graph\">{\"@context\":\"https:\\\/\\\/schema.org\",\"@graph\":[{\"@type\":\"WebPage\",\"@id\":\"https:\\\/\\\/departamento.us.es\\\/htcaetsa\\\/noticias\\\/\",\"url\":\"https:\\\/\\\/departamento.us.es\\\/htcaetsa\\\/noticias\\\/\",\"name\":\"NOTICIAS - Departamento de Historia, Teor\u00eda y Composici\u00f3n Arquitect\u00f3nicas\",\"isPartOf\":{\"@id\":\"https:\\\/\\\/departamento.us.es\\\/newhtcaetsa\\\/#website\"},\"datePublished\":\"2022-03-14T11:14:53+00:00\",\"dateModified\":\"2026-01-09T10:37:18+00:00\",\"inLanguage\":\"es\",\"potentialAction\":[{\"@type\":\"ReadAction\",\"target\":[\"https:\\\/\\\/departamento.us.es\\\/htcaetsa\\\/noticias\\\/\"]}]},{\"@type\":\"WebSite\",\"@id\":\"https:\\\/\\\/departamento.us.es\\\/newhtcaetsa\\\/#website\",\"url\":\"https:\\\/\\\/departamento.us.es\\\/newhtcaetsa\\\/\",\"name\":\"Departamento de Historia, Teor\u00eda y Composici\u00f3n Arquitect\u00f3nicas\",\"description\":\"Universidad de Sevilla\",\"publisher\":{\"@id\":\"https:\\\/\\\/departamento.us.es\\\/newhtcaetsa\\\/#organization\"},\"potentialAction\":[{\"@type\":\"SearchAction\",\"target\":{\"@type\":\"EntryPoint\",\"urlTemplate\":\"https:\\\/\\\/departamento.us.es\\\/newhtcaetsa\\\/?s={search_term_string}\"},\"query-input\":{\"@type\":\"PropertyValueSpecification\",\"valueRequired\":true,\"valueName\":\"search_term_string\"}}],\"inLanguage\":\"es\"},{\"@type\":\"Organization\",\"@id\":\"https:\\\/\\\/departamento.us.es\\\/newhtcaetsa\\\/#organization\",\"name\":\"Departamento de Historia, Teor\u00eda y Composici\u00f3n Arquitect\u00f3nicas\",\"url\":\"https:\\\/\\\/departamento.us.es\\\/newhtcaetsa\\\/\",\"logo\":{\"@type\":\"ImageObject\",\"inLanguage\":\"es\",\"@id\":\"https:\\\/\\\/departamento.us.es\\\/newhtcaetsa\\\/#\\\/schema\\\/logo\\\/image\\\/\",\"url\":\"https:\\\/\\\/departamento.us.es\\\/htcaetsa\\\/wp-content\\\/uploads\\\/2022\\\/03\\\/US-marca-digital-cuadrada-100.webp\",\"contentUrl\":\"https:\\\/\\\/departamento.us.es\\\/htcaetsa\\\/wp-content\\\/uploads\\\/2022\\\/03\\\/US-marca-digital-cuadrada-100.webp\",\"width\":100,\"height\":103,\"caption\":\"Departamento de Historia, Teor\u00eda y Composici\u00f3n Arquitect\u00f3nicas\"},\"image\":{\"@id\":\"https:\\\/\\\/departamento.us.es\\\/newhtcaetsa\\\/#\\\/schema\\\/logo\\\/image\\\/\"}}]}<\/script>\n<!-- \/ Yoast SEO plugin. -->","yoast_head_json":{"title":"NOTICIAS - Departamento de Historia, Teor\u00eda y Composici\u00f3n Arquitect\u00f3nicas","robots":{"index":"index","follow":"follow","max-snippet":"max-snippet:-1","max-image-preview":"max-image-preview:large","max-video-preview":"max-video-preview:-1"},"canonical":"https:\/\/departamento.us.es\/htcaetsa\/noticias\/","og_locale":"es_ES","og_type":"article","og_title":"NOTICIAS - Departamento de Historia, Teor\u00eda y Composici\u00f3n Arquitect\u00f3nicas","og_description":"Calendario acad\u00e9mico Calendario de ex\u00e1menes Horario curso acad\u00e9mico","og_url":"https:\/\/departamento.us.es\/htcaetsa\/noticias\/","og_site_name":"Departamento de Historia, Teor\u00eda y Composici\u00f3n Arquitect\u00f3nicas","article_modified_time":"2026-01-09T10:37:18+00:00","twitter_card":"summary_large_image","twitter_misc":{"Tiempo de lectura":"2 minutos"},"schema":{"@context":"https:\/\/schema.org","@graph":[{"@type":"WebPage","@id":"https:\/\/departamento.us.es\/htcaetsa\/noticias\/","url":"https:\/\/departamento.us.es\/htcaetsa\/noticias\/","name":"NOTICIAS - Departamento de Historia, Teor\u00eda y Composici\u00f3n Arquitect\u00f3nicas","isPartOf":{"@id":"https:\/\/departamento.us.es\/newhtcaetsa\/#website"},"datePublished":"2022-03-14T11:14:53+00:00","dateModified":"2026-01-09T10:37:18+00:00","inLanguage":"es","potentialAction":[{"@type":"ReadAction","target":["https:\/\/departamento.us.es\/htcaetsa\/noticias\/"]}]},{"@type":"WebSite","@id":"https:\/\/departamento.us.es\/newhtcaetsa\/#website","url":"https:\/\/departamento.us.es\/newhtcaetsa\/","name":"Departamento de Historia, Teor\u00eda y Composici\u00f3n Arquitect\u00f3nicas","description":"Universidad de Sevilla","publisher":{"@id":"https:\/\/departamento.us.es\/newhtcaetsa\/#organization"},"potentialAction":[{"@type":"SearchAction","target":{"@type":"EntryPoint","urlTemplate":"https:\/\/departamento.us.es\/newhtcaetsa\/?s={search_term_string}"},"query-input":{"@type":"PropertyValueSpecification","valueRequired":true,"valueName":"search_term_string"}}],"inLanguage":"es"},{"@type":"Organization","@id":"https:\/\/departamento.us.es\/newhtcaetsa\/#organization","name":"Departamento de Historia, Teor\u00eda y Composici\u00f3n Arquitect\u00f3nicas","url":"https:\/\/departamento.us.es\/newhtcaetsa\/","logo":{"@type":"ImageObject","inLanguage":"es","@id":"https:\/\/departamento.us.es\/newhtcaetsa\/#\/schema\/logo\/image\/","url":"https:\/\/departamento.us.es\/htcaetsa\/wp-content\/uploads\/2022\/03\/US-marca-digital-cuadrada-100.webp","contentUrl":"https:\/\/departamento.us.es\/htcaetsa\/wp-content\/uploads\/2022\/03\/US-marca-digital-cuadrada-100.webp","width":100,"height":103,"caption":"Departamento de Historia, Teor\u00eda y Composici\u00f3n Arquitect\u00f3nicas"},"image":{"@id":"https:\/\/departamento.us.es\/newhtcaetsa\/#\/schema\/logo\/image\/"}}]}},"_links":{"self":[{"href":"https:\/\/departamento.us.es\/htcaetsa\/wp-json\/wp\/v2\/pages\/84","targetHints":{"allow":["GET"]}}],"collection":[{"href":"https:\/\/departamento.us.es\/htcaetsa\/wp-json\/wp\/v2\/pages"}],"about":[{"href":"https:\/\/departamento.us.es\/htcaetsa\/wp-json\/wp\/v2\/types\/page"}],"author":[{"embeddable":true,"href":"https:\/\/departamento.us.es\/htcaetsa\/wp-json\/wp\/v2\/users\/1"}],"replies":[{"embeddable":true,"href":"https:\/\/departamento.us.es\/htcaetsa\/wp-json\/wp\/v2\/comments?post=84"}],"version-history":[{"count":0,"href":"https:\/\/departamento.us.es\/htcaetsa\/wp-json\/wp\/v2\/pages\/84\/revisions"}],"wp:attachment":[{"href":"https:\/\/departamento.us.es\/htcaetsa\/wp-json\/wp\/v2\/media?parent=84"}],"curies":[{"name":"wp","href":"https:\/\/api.w.org\/{rel}","templated":true}]}}