{"id":4266,"date":"2024-06-18T12:30:55","date_gmt":"2024-06-18T12:30:55","guid":{"rendered":"https:\/\/departamento.us.es\/iaymdf\/?page_id=4266"},"modified":"2024-06-19T10:53:40","modified_gmt":"2024-06-19T10:53:40","slug":"noticias","status":"publish","type":"page","link":"https:\/\/departamento.us.es\/iaymdf\/noticias\/","title":{"rendered":"Noticias"},"content":{"rendered":"\t\t<div data-elementor-type=\"wp-page\" data-elementor-id=\"4266\" class=\"elementor elementor-4266\" data-elementor-post-type=\"page\">\n\t\t\t\t<div class=\"elementor-element elementor-element-159feda e-flex e-con-boxed e-con e-parent\" data-id=\"159feda\" data-element_type=\"container\">\n\t\t\t\t\t<div class=\"e-con-inner\">\n\t\t\t\t<div class=\"elementor-element elementor-element-53fcf25 elementor-grid-1 elementor-grid-tablet-2 elementor-grid-mobile-1 elementor-widget elementor-widget-loop-grid\" data-id=\"53fcf25\" data-element_type=\"widget\" data-settings=\"{&quot;template_id&quot;:4318,&quot;columns&quot;:1,&quot;pagination_type&quot;:&quot;numbers_and_prev_next&quot;,&quot;_skin&quot;:&quot;post&quot;,&quot;columns_tablet&quot;:&quot;2&quot;,&quot;columns_mobile&quot;:&quot;1&quot;,&quot;edit_handle_selector&quot;:&quot;[data-elementor-type=\\&quot;loop-item\\&quot;]&quot;,&quot;pagination_load_type&quot;:&quot;page_reload&quot;,&quot;row_gap&quot;:{&quot;unit&quot;:&quot;px&quot;,&quot;size&quot;:&quot;&quot;,&quot;sizes&quot;:[]},&quot;row_gap_tablet&quot;:{&quot;unit&quot;:&quot;px&quot;,&quot;size&quot;:&quot;&quot;,&quot;sizes&quot;:[]},&quot;row_gap_mobile&quot;:{&quot;unit&quot;:&quot;px&quot;,&quot;size&quot;:&quot;&quot;,&quot;sizes&quot;:[]}}\" data-widget_type=\"loop-grid.post\">\n\t\t\t\t<div class=\"elementor-widget-container\">\n\t\t\t\t\t\t\t<div class=\"elementor-loop-container elementor-grid\" role=\"list\">\n\t\t<style id=\"loop-4318\">.elementor-4318 .elementor-element.elementor-element-c4eb458{--display:flex;--flex-direction:row;--container-widget-width:initial;--container-widget-height:100%;--container-widget-flex-grow:1;--container-widget-align-self:stretch;--flex-wrap-mobile:wrap;--gap:0px 0px;--row-gap:0px;--column-gap:0px;--background-transition:0.3s;--padding-top:0px;--padding-bottom:0px;--padding-left:0px;--padding-right:0px;}.elementor-4318 .elementor-element.elementor-element-c4eb458:hover{background-color:var( --e-global-color-6534bdf );}.elementor-4318 .elementor-element.elementor-element-0729217{--display:flex;--padding-top:0px;--padding-bottom:0px;--padding-left:0px;--padding-right:0px;}.elementor-widget-theme-post-featured-image .widget-image-caption{color:var( --e-global-color-text );font-family:var( --e-global-typography-text-font-family ), Sans-serif;font-weight:var( --e-global-typography-text-font-weight );}.elementor-4318 .elementor-element.elementor-element-9876005 img{width:100%;height:300px;object-fit:cover;object-position:center center;}.elementor-4318 .elementor-element.elementor-element-9e7c5fc{--display:flex;--flex-direction:column;--container-widget-width:100%;--container-widget-height:initial;--container-widget-flex-grow:0;--container-widget-align-self:initial;--flex-wrap-mobile:wrap;--padding-top:20px;--padding-bottom:20px;--padding-left:20px;--padding-right:20px;}.elementor-widget-theme-post-title .elementor-heading-title{font-family:var( --e-global-typography-primary-font-family ), Sans-serif;font-weight:var( --e-global-typography-primary-font-weight );color:var( --e-global-color-primary );}.elementor-4318 .elementor-element.elementor-element-5a80dd4 .elementor-heading-title{font-family:var( --e-global-typography-secondary-font-family ), Sans-serif;font-weight:var( --e-global-typography-secondary-font-weight );color:var( --e-global-color-secondary );}.elementor-widget-post-info .elementor-icon-list-item:not(:last-child):after{border-color:var( --e-global-color-text );}.elementor-widget-post-info .elementor-icon-list-icon i{color:var( --e-global-color-primary );}.elementor-widget-post-info .elementor-icon-list-icon svg{fill:var( --e-global-color-primary );}.elementor-widget-post-info .elementor-icon-list-text, .elementor-widget-post-info .elementor-icon-list-text a{color:var( --e-global-color-secondary );}.elementor-widget-post-info .elementor-icon-list-item{font-family:var( --e-global-typography-text-font-family ), Sans-serif;font-weight:var( --e-global-typography-text-font-weight );}.elementor-4318 .elementor-element.elementor-element-b0620c6 .elementor-icon-list-icon i{color:var( --e-global-color-accent );font-size:12px;}.elementor-4318 .elementor-element.elementor-element-b0620c6 .elementor-icon-list-icon svg{fill:var( --e-global-color-accent );--e-icon-list-icon-size:12px;}.elementor-4318 .elementor-element.elementor-element-b0620c6 .elementor-icon-list-icon{width:12px;}.elementor-4318 .elementor-element.elementor-element-b0620c6 .elementor-icon-list-text, .elementor-4318 .elementor-element.elementor-element-b0620c6 .elementor-icon-list-text a{color:var( --e-global-color-accent );}.elementor-widget-theme-post-excerpt .elementor-widget-container{font-family:var( --e-global-typography-text-font-family ), Sans-serif;font-weight:var( --e-global-typography-text-font-weight );color:var( --e-global-color-text );}.elementor-widget-heading .elementor-heading-title{font-family:var( --e-global-typography-primary-font-family ), Sans-serif;font-weight:var( --e-global-typography-primary-font-weight );color:var( --e-global-color-primary );}.elementor-4318 .elementor-element.elementor-element-a451478.elementor-element{--align-self:flex-start;}.elementor-4318 .elementor-element.elementor-element-a451478 .elementor-heading-title{font-family:\"Roboto Slab\", Sans-serif;font-size:13px;font-weight:400;color:var( --e-global-color-secondary );}@media(min-width:768px){.elementor-4318 .elementor-element.elementor-element-0729217{--width:40%;}}<\/style>\t\t<div data-elementor-type=\"loop-item\" data-elementor-id=\"4318\" class=\"elementor elementor-4318 e-loop-item e-loop-item-4468 post-4468 post type-post status-publish format-standard has-post-thumbnail hentry category-noticias\" data-elementor-post-type=\"elementor_library\" data-custom-edit-handle=\"1\">\n\t\t\t<div class=\"elementor-element elementor-element-c4eb458 e-flex e-con-boxed e-con e-parent\" data-id=\"c4eb458\" data-element_type=\"container\">\n\t\t\t\t\t<div class=\"e-con-inner\">\n\t\t<div class=\"elementor-element elementor-element-0729217 e-con-full e-flex e-con e-child\" data-id=\"0729217\" data-element_type=\"container\">\n\t\t\t\t<div class=\"elementor-element elementor-element-9876005 elementor-widget elementor-widget-theme-post-featured-image elementor-widget-image\" data-id=\"9876005\" data-element_type=\"widget\" data-widget_type=\"theme-post-featured-image.default\">\n\t\t\t\t<div class=\"elementor-widget-container\">\n\t\t\t\t\t\t\t\t\t\t\t\t\t\t\t<img decoding=\"async\" width=\"249\" height=\"110\" src=\"https:\/\/departamento.us.es\/iaymdf\/wp-content\/uploads\/2024\/12\/LogoUS-110.webp\" class=\"attachment-large size-large wp-image-4466\" alt=\"\" \/>\t\t\t\t\t\t\t\t\t\t\t\t\t\t\t<\/div>\n\t\t\t\t<\/div>\n\t\t\t\t<\/div>\n\t\t<div class=\"elementor-element elementor-element-9e7c5fc e-flex e-con-boxed e-con e-child\" data-id=\"9e7c5fc\" data-element_type=\"container\">\n\t\t\t\t\t<div class=\"e-con-inner\">\n\t\t\t\t<div class=\"elementor-element elementor-element-5a80dd4 elementor-widget elementor-widget-theme-post-title elementor-page-title elementor-widget-heading\" data-id=\"5a80dd4\" data-element_type=\"widget\" data-widget_type=\"theme-post-title.default\">\n\t\t\t\t<div class=\"elementor-widget-container\">\n\t\t\t\t\t<h4 class=\"elementor-heading-title elementor-size-default\"><a href=\"https:\/\/departamento.us.es\/iaymdf\/convocatoria-alumnos-internos-curso-25-26\/\">CONVOCATORIA ALUMNOS INTERNOS CURSO 25\/26<\/a><\/h4>\t\t\t\t<\/div>\n\t\t\t\t<\/div>\n\t\t\t\t<div class=\"elementor-element elementor-element-b0620c6 elementor-widget elementor-widget-post-info\" data-id=\"b0620c6\" data-element_type=\"widget\" data-widget_type=\"post-info.default\">\n\t\t\t\t<div class=\"elementor-widget-container\">\n\t\t\t\t\t\t\t<ul class=\"elementor-inline-items elementor-icon-list-items elementor-post-info\">\n\t\t\t\t\t\t\t\t<li class=\"elementor-icon-list-item elementor-repeater-item-50abc98 elementor-inline-item\" itemprop=\"datePublished\">\n\t\t\t\t\t\t\t\t\t\t\t\t\t<span class=\"elementor-icon-list-text elementor-post-info__item elementor-post-info__item--type-date\">\n\t\t\t\t\t\t\t\t\t\t<time>octubre 21, 2025<\/time>\t\t\t\t\t<\/span>\n\t\t\t\t\t\t\t\t<\/li>\n\t\t\t\t<\/ul>\n\t\t\t\t\t\t<\/div>\n\t\t\t\t<\/div>\n\t\t\t\t<div class=\"elementor-element elementor-element-3a29891 elementor-widget elementor-widget-theme-post-excerpt\" data-id=\"3a29891\" data-element_type=\"widget\" data-widget_type=\"theme-post-excerpt.default\">\n\t\t\t\t<div class=\"elementor-widget-container\">\n\t\t\t\t\t<p>El Departamento de Ingenier\u00eda Aeroespacial y Mec\u00e1nica de Fluidos de la Escuela T\u00e9cnica Superior de Ingenier\u00eda de Sevilla abre la convocatoria para estudiantes internos para el curso 2025\/26. Los estudiantes matriculados en titulaciones oficiales con asignaturas impartidas por el departamento pueden participar. El plazo de presentaci\u00f3n de solicitudes es del\t\t\t\t<\/div>\n\t\t\t\t<\/div>\n\t\t\t\t<div class=\"elementor-element elementor-element-a451478 elementor-widget elementor-widget-heading\" data-id=\"a451478\" data-element_type=\"widget\" data-widget_type=\"heading.default\">\n\t\t\t\t<div class=\"elementor-widget-container\">\n\t\t\t\t\t<p class=\"elementor-heading-title elementor-size-default\"><a href=\"https:\/\/departamento.us.es\/iaymdf\/convocatoria-alumnos-internos-curso-25-26\/\">Leer m\u00e1s &gt;&gt;<\/a><\/p>\t\t\t\t<\/div>\n\t\t\t\t<\/div>\n\t\t\t\t\t<\/div>\n\t\t\t\t<\/div>\n\t\t\t\t\t<\/div>\n\t\t\t\t<\/div>\n\t\t\t\t<\/div>\n\t\t\t\t<div data-elementor-type=\"loop-item\" data-elementor-id=\"4318\" class=\"elementor elementor-4318 e-loop-item e-loop-item-4312 post-4312 post type-post status-publish format-standard has-post-thumbnail hentry category-noticias\" data-elementor-post-type=\"elementor_library\" data-custom-edit-handle=\"1\">\n\t\t\t<div class=\"elementor-element elementor-element-c4eb458 e-flex e-con-boxed e-con e-parent\" data-id=\"c4eb458\" data-element_type=\"container\">\n\t\t\t\t\t<div class=\"e-con-inner\">\n\t\t<div class=\"elementor-element elementor-element-0729217 e-con-full e-flex e-con e-child\" data-id=\"0729217\" data-element_type=\"container\">\n\t\t\t\t<div class=\"elementor-element elementor-element-9876005 elementor-widget elementor-widget-theme-post-featured-image elementor-widget-image\" data-id=\"9876005\" data-element_type=\"widget\" data-widget_type=\"theme-post-featured-image.default\">\n\t\t\t\t<div class=\"elementor-widget-container\">\n\t\t\t\t\t\t\t\t\t\t\t\t\t\t\t<img decoding=\"async\" width=\"249\" height=\"110\" src=\"https:\/\/departamento.us.es\/iaymdf\/wp-content\/uploads\/2024\/12\/LogoUS-110.webp\" class=\"attachment-large size-large wp-image-4466\" alt=\"\" \/>\t\t\t\t\t\t\t\t\t\t\t\t\t\t\t<\/div>\n\t\t\t\t<\/div>\n\t\t\t\t<\/div>\n\t\t<div class=\"elementor-element elementor-element-9e7c5fc e-flex e-con-boxed e-con e-child\" data-id=\"9e7c5fc\" data-element_type=\"container\">\n\t\t\t\t\t<div class=\"e-con-inner\">\n\t\t\t\t<div class=\"elementor-element elementor-element-5a80dd4 elementor-widget elementor-widget-theme-post-title elementor-page-title elementor-widget-heading\" data-id=\"5a80dd4\" data-element_type=\"widget\" data-widget_type=\"theme-post-title.default\">\n\t\t\t\t<div class=\"elementor-widget-container\">\n\t\t\t\t\t<h4 class=\"elementor-heading-title elementor-size-default\"><a href=\"https:\/\/departamento.us.es\/iaymdf\/convocatoria-alumnos-internos-curso-24-25\/\">CONVOCATORIA ALUMNOS INTERNOS CURSO 24\/25<\/a><\/h4>\t\t\t\t<\/div>\n\t\t\t\t<\/div>\n\t\t\t\t<div class=\"elementor-element elementor-element-b0620c6 elementor-widget elementor-widget-post-info\" data-id=\"b0620c6\" data-element_type=\"widget\" data-widget_type=\"post-info.default\">\n\t\t\t\t<div class=\"elementor-widget-container\">\n\t\t\t\t\t\t\t<ul class=\"elementor-inline-items elementor-icon-list-items elementor-post-info\">\n\t\t\t\t\t\t\t\t<li class=\"elementor-icon-list-item elementor-repeater-item-50abc98 elementor-inline-item\" itemprop=\"datePublished\">\n\t\t\t\t\t\t\t\t\t\t\t\t\t<span class=\"elementor-icon-list-text elementor-post-info__item elementor-post-info__item--type-date\">\n\t\t\t\t\t\t\t\t\t\t<time>diciembre 2, 2024<\/time>\t\t\t\t\t<\/span>\n\t\t\t\t\t\t\t\t<\/li>\n\t\t\t\t<\/ul>\n\t\t\t\t\t\t<\/div>\n\t\t\t\t<\/div>\n\t\t\t\t<div class=\"elementor-element elementor-element-3a29891 elementor-widget elementor-widget-theme-post-excerpt\" data-id=\"3a29891\" data-element_type=\"widget\" data-widget_type=\"theme-post-excerpt.default\">\n\t\t\t\t<div class=\"elementor-widget-container\">\n\t\t\t\t\t<p>El Departamento de Ingenier\u00eda Aeroespacial y Mec\u00e1nica de Fluidos de la Escuela T\u00e9cnica Superior de Ingenier\u00eda de Sevilla abre la convocatoria para estudiantes internos para el curso 2024\/25. Los estudiantes matriculados en titulaciones oficiales con asignaturas impartidas por el departamento pueden participar. El plazo de presentaci\u00f3n de solicitudes es del\t\t\t\t<\/div>\n\t\t\t\t<\/div>\n\t\t\t\t<div class=\"elementor-element elementor-element-a451478 elementor-widget elementor-widget-heading\" data-id=\"a451478\" data-element_type=\"widget\" data-widget_type=\"heading.default\">\n\t\t\t\t<div class=\"elementor-widget-container\">\n\t\t\t\t\t<p class=\"elementor-heading-title elementor-size-default\"><a href=\"https:\/\/departamento.us.es\/iaymdf\/convocatoria-alumnos-internos-curso-24-25\/\">Leer m\u00e1s &gt;&gt;<\/a><\/p>\t\t\t\t<\/div>\n\t\t\t\t<\/div>\n\t\t\t\t\t<\/div>\n\t\t\t\t<\/div>\n\t\t\t\t\t<\/div>\n\t\t\t\t<\/div>\n\t\t\t\t<\/div>\n\t\t\t\t<div data-elementor-type=\"loop-item\" data-elementor-id=\"4318\" class=\"elementor elementor-4318 e-loop-item e-loop-item-4311 post-4311 post type-post status-publish format-standard has-post-thumbnail hentry category-noticias\" data-elementor-post-type=\"elementor_library\" data-custom-edit-handle=\"1\">\n\t\t\t<div class=\"elementor-element elementor-element-c4eb458 e-flex e-con-boxed e-con e-parent\" data-id=\"c4eb458\" data-element_type=\"container\">\n\t\t\t\t\t<div class=\"e-con-inner\">\n\t\t<div class=\"elementor-element elementor-element-0729217 e-con-full e-flex e-con e-child\" data-id=\"0729217\" data-element_type=\"container\">\n\t\t\t\t<div class=\"elementor-element elementor-element-9876005 elementor-widget elementor-widget-theme-post-featured-image elementor-widget-image\" data-id=\"9876005\" data-element_type=\"widget\" data-widget_type=\"theme-post-featured-image.default\">\n\t\t\t\t<div class=\"elementor-widget-container\">\n\t\t\t\t\t\t\t\t\t\t\t\t\t\t\t<img fetchpriority=\"high\" decoding=\"async\" width=\"800\" height=\"744\" src=\"https:\/\/departamento.us.es\/iaymdf\/wp-content\/uploads\/2024\/06\/noticia1.png\" class=\"attachment-large size-large wp-image-4460\" alt=\"\" srcset=\"https:\/\/departamento.us.es\/iaymdf\/wp-content\/uploads\/2024\/06\/noticia1.png 930w, https:\/\/departamento.us.es\/iaymdf\/wp-content\/uploads\/2024\/06\/noticia1-300x279.png 300w, https:\/\/departamento.us.es\/iaymdf\/wp-content\/uploads\/2024\/06\/noticia1-768x714.png 768w\" sizes=\"(max-width: 800px) 100vw, 800px\" \/>\t\t\t\t\t\t\t\t\t\t\t\t\t\t\t<\/div>\n\t\t\t\t<\/div>\n\t\t\t\t<\/div>\n\t\t<div class=\"elementor-element elementor-element-9e7c5fc e-flex e-con-boxed e-con e-child\" data-id=\"9e7c5fc\" data-element_type=\"container\">\n\t\t\t\t\t<div class=\"e-con-inner\">\n\t\t\t\t<div class=\"elementor-element elementor-element-5a80dd4 elementor-widget elementor-widget-theme-post-title elementor-page-title elementor-widget-heading\" data-id=\"5a80dd4\" data-element_type=\"widget\" data-widget_type=\"theme-post-title.default\">\n\t\t\t\t<div class=\"elementor-widget-container\">\n\t\t\t\t\t<h4 class=\"elementor-heading-title elementor-size-default\"><a href=\"https:\/\/departamento.us.es\/iaymdf\/3rd-spanish-fluid-mechanics-conference-sfmc-2025-malaga-spain\/\">3rd Spanish Fluid Mechanics Conference (SFMC 2025) &#8211; M\u00e1laga, Spain<\/a><\/h4>\t\t\t\t<\/div>\n\t\t\t\t<\/div>\n\t\t\t\t<div class=\"elementor-element elementor-element-b0620c6 elementor-widget elementor-widget-post-info\" data-id=\"b0620c6\" data-element_type=\"widget\" data-widget_type=\"post-info.default\">\n\t\t\t\t<div class=\"elementor-widget-container\">\n\t\t\t\t\t\t\t<ul class=\"elementor-inline-items elementor-icon-list-items elementor-post-info\">\n\t\t\t\t\t\t\t\t<li class=\"elementor-icon-list-item elementor-repeater-item-50abc98 elementor-inline-item\" itemprop=\"datePublished\">\n\t\t\t\t\t\t\t\t\t\t\t\t\t<span class=\"elementor-icon-list-text elementor-post-info__item elementor-post-info__item--type-date\">\n\t\t\t\t\t\t\t\t\t\t<time>diciembre 2, 2024<\/time>\t\t\t\t\t<\/span>\n\t\t\t\t\t\t\t\t<\/li>\n\t\t\t\t<\/ul>\n\t\t\t\t\t\t<\/div>\n\t\t\t\t<\/div>\n\t\t\t\t<div class=\"elementor-element elementor-element-3a29891 elementor-widget elementor-widget-theme-post-excerpt\" data-id=\"3a29891\" data-element_type=\"widget\" data-widget_type=\"theme-post-excerpt.default\">\n\t\t\t\t<div class=\"elementor-widget-container\">\n\t\t\t\t\t<p>We are thrilled to announce the 3rd Spanish Fluid Mechanics Conference (SFMC 2025), taking place in the beautiful city of M\u00e1laga, Spain, from Tuesday, June 24th to Friday, June 27th, 2025. This exciting event is jointly organized by the Universidad de M\u00e1laga, Department of Mechanical Engineering, Thermal Engines and Fluid\t\t\t\t<\/div>\n\t\t\t\t<\/div>\n\t\t\t\t<div class=\"elementor-element elementor-element-a451478 elementor-widget elementor-widget-heading\" data-id=\"a451478\" data-element_type=\"widget\" data-widget_type=\"heading.default\">\n\t\t\t\t<div class=\"elementor-widget-container\">\n\t\t\t\t\t<p class=\"elementor-heading-title elementor-size-default\"><a href=\"https:\/\/departamento.us.es\/iaymdf\/3rd-spanish-fluid-mechanics-conference-sfmc-2025-malaga-spain\/\">Leer m\u00e1s &gt;&gt;<\/a><\/p>\t\t\t\t<\/div>\n\t\t\t\t<\/div>\n\t\t\t\t\t<\/div>\n\t\t\t\t<\/div>\n\t\t\t\t\t<\/div>\n\t\t\t\t<\/div>\n\t\t\t\t<\/div>\n\t\t\t\t<div data-elementor-type=\"loop-item\" data-elementor-id=\"4318\" class=\"elementor elementor-4318 e-loop-item e-loop-item-4310 post-4310 post type-post status-publish format-standard has-post-thumbnail hentry category-noticias\" data-elementor-post-type=\"elementor_library\" data-custom-edit-handle=\"1\">\n\t\t\t<div class=\"elementor-element elementor-element-c4eb458 e-flex e-con-boxed e-con e-parent\" data-id=\"c4eb458\" data-element_type=\"container\">\n\t\t\t\t\t<div class=\"e-con-inner\">\n\t\t<div class=\"elementor-element elementor-element-0729217 e-con-full e-flex e-con e-child\" data-id=\"0729217\" data-element_type=\"container\">\n\t\t\t\t<div class=\"elementor-element elementor-element-9876005 elementor-widget elementor-widget-theme-post-featured-image elementor-widget-image\" data-id=\"9876005\" data-element_type=\"widget\" data-widget_type=\"theme-post-featured-image.default\">\n\t\t\t\t<div class=\"elementor-widget-container\">\n\t\t\t\t\t\t\t\t\t\t\t\t\t\t\t<img decoding=\"async\" width=\"328\" height=\"152\" src=\"https:\/\/departamento.us.es\/iaymdf\/wp-content\/uploads\/2024\/12\/H-tecnologia2.png\" class=\"attachment-large size-large wp-image-4467\" alt=\"\" srcset=\"https:\/\/departamento.us.es\/iaymdf\/wp-content\/uploads\/2024\/12\/H-tecnologia2.png 328w, https:\/\/departamento.us.es\/iaymdf\/wp-content\/uploads\/2024\/12\/H-tecnologia2-300x139.png 300w\" sizes=\"(max-width: 328px) 100vw, 328px\" \/>\t\t\t\t\t\t\t\t\t\t\t\t\t\t\t<\/div>\n\t\t\t\t<\/div>\n\t\t\t\t<\/div>\n\t\t<div class=\"elementor-element elementor-element-9e7c5fc e-flex e-con-boxed e-con e-child\" data-id=\"9e7c5fc\" data-element_type=\"container\">\n\t\t\t\t\t<div class=\"e-con-inner\">\n\t\t\t\t<div class=\"elementor-element elementor-element-5a80dd4 elementor-widget elementor-widget-theme-post-title elementor-page-title elementor-widget-heading\" data-id=\"5a80dd4\" data-element_type=\"widget\" data-widget_type=\"theme-post-title.default\">\n\t\t\t\t<div class=\"elementor-widget-container\">\n\t\t\t\t\t<h4 class=\"elementor-heading-title elementor-size-default\"><a href=\"https:\/\/departamento.us.es\/iaymdf\/curso-online-de-mantenimiento-web-del-departamento\/\">Curso Online de Mantenimiento Web del Departamento<\/a><\/h4>\t\t\t\t<\/div>\n\t\t\t\t<\/div>\n\t\t\t\t<div class=\"elementor-element elementor-element-b0620c6 elementor-widget elementor-widget-post-info\" data-id=\"b0620c6\" data-element_type=\"widget\" data-widget_type=\"post-info.default\">\n\t\t\t\t<div class=\"elementor-widget-container\">\n\t\t\t\t\t\t\t<ul class=\"elementor-inline-items elementor-icon-list-items elementor-post-info\">\n\t\t\t\t\t\t\t\t<li class=\"elementor-icon-list-item elementor-repeater-item-50abc98 elementor-inline-item\" itemprop=\"datePublished\">\n\t\t\t\t\t\t\t\t\t\t\t\t\t<span class=\"elementor-icon-list-text elementor-post-info__item elementor-post-info__item--type-date\">\n\t\t\t\t\t\t\t\t\t\t<time>diciembre 2, 2024<\/time>\t\t\t\t\t<\/span>\n\t\t\t\t\t\t\t\t<\/li>\n\t\t\t\t<\/ul>\n\t\t\t\t\t\t<\/div>\n\t\t\t\t<\/div>\n\t\t\t\t<div class=\"elementor-element elementor-element-3a29891 elementor-widget elementor-widget-theme-post-excerpt\" data-id=\"3a29891\" data-element_type=\"widget\" data-widget_type=\"theme-post-excerpt.default\">\n\t\t\t\t<div class=\"elementor-widget-container\">\n\t\t\t\t\t<p>El Departamento ha implementado recientemente un curso online dirigido a sus miembros sobre el mantenimiento integral de su sitio web institucional. La iniciativa, dise\u00f1ada para fortalecer las capacidades internas de gesti\u00f3n digital, ha proporcionado a los participantes herramientas y conocimientos esenciales para la administraci\u00f3n y actualizaci\u00f3n eficiente del portal web\t\t\t\t<\/div>\n\t\t\t\t<\/div>\n\t\t\t\t<div class=\"elementor-element elementor-element-a451478 elementor-widget elementor-widget-heading\" data-id=\"a451478\" data-element_type=\"widget\" data-widget_type=\"heading.default\">\n\t\t\t\t<div class=\"elementor-widget-container\">\n\t\t\t\t\t<p class=\"elementor-heading-title elementor-size-default\"><a href=\"https:\/\/departamento.us.es\/iaymdf\/curso-online-de-mantenimiento-web-del-departamento\/\">Leer m\u00e1s &gt;&gt;<\/a><\/p>\t\t\t\t<\/div>\n\t\t\t\t<\/div>\n\t\t\t\t\t<\/div>\n\t\t\t\t<\/div>\n\t\t\t\t\t<\/div>\n\t\t\t\t<\/div>\n\t\t\t\t<\/div>\n\t\t\t\t<\/div>\n\t\t\n\t\t\t\t\t\t<\/div>\n\t\t\t\t<\/div>\n\t\t\t\t\t<\/div>\n\t\t\t\t<\/div>\n\t\t\t\t<\/div>\n\t\t","protected":false},"excerpt":{"rendered":"","protected":false},"author":9,"featured_media":0,"parent":0,"menu_order":0,"comment_status":"closed","ping_status":"closed","template":"","meta":{"_acf_changed":false,"footnotes":""},"class_list":["post-4266","page","type-page","status-publish","hentry"],"acf":[],"yoast_head":"<!-- This site is optimized with the Yoast SEO plugin v24.0 - https:\/\/yoast.com\/wordpress\/plugins\/seo\/ -->\n<title>Noticias - Iaymdf<\/title>\n<meta name=\"robots\" content=\"index, follow, max-snippet:-1, max-image-preview:large, max-video-preview:-1\" \/>\n<link rel=\"canonical\" href=\"https:\/\/departamento.us.es\/iaymdf\/noticias\/\" \/>\n<meta property=\"og:locale\" content=\"es_ES\" \/>\n<meta property=\"og:type\" content=\"article\" \/>\n<meta property=\"og:title\" content=\"Noticias - Iaymdf\" \/>\n<meta property=\"og:url\" content=\"https:\/\/departamento.us.es\/iaymdf\/noticias\/\" \/>\n<meta property=\"og:site_name\" content=\"Iaymdf\" \/>\n<meta property=\"article:modified_time\" content=\"2024-06-19T10:53:40+00:00\" \/>\n<meta name=\"twitter:card\" content=\"summary_large_image\" \/>\n<meta name=\"twitter:label1\" content=\"Tiempo de lectura\" \/>\n\t<meta name=\"twitter:data1\" content=\"3 minutos\" \/>\n<script type=\"application\/ld+json\" class=\"yoast-schema-graph\">{\"@context\":\"https:\/\/schema.org\",\"@graph\":[{\"@type\":\"WebPage\",\"@id\":\"https:\/\/departamento.us.es\/iaymdf\/noticias\/\",\"url\":\"https:\/\/departamento.us.es\/iaymdf\/noticias\/\",\"name\":\"Noticias - Iaymdf\",\"isPartOf\":{\"@id\":\"https:\/\/departamento.us.es\/iaymdf\/#website\"},\"datePublished\":\"2024-06-18T12:30:55+00:00\",\"dateModified\":\"2024-06-19T10:53:40+00:00\",\"inLanguage\":\"es\",\"potentialAction\":[{\"@type\":\"ReadAction\",\"target\":[\"https:\/\/departamento.us.es\/iaymdf\/noticias\/\"]}]},{\"@type\":\"WebSite\",\"@id\":\"https:\/\/departamento.us.es\/iaymdf\/#website\",\"url\":\"https:\/\/departamento.us.es\/iaymdf\/\",\"name\":\"Iaymdf\",\"description\":\"Departamento de Ingenier\u00eda aeroespacial y mec\u00e1nica de fluidos\",\"potentialAction\":[{\"@type\":\"SearchAction\",\"target\":{\"@type\":\"EntryPoint\",\"urlTemplate\":\"https:\/\/departamento.us.es\/iaymdf\/?s={search_term_string}\"},\"query-input\":{\"@type\":\"PropertyValueSpecification\",\"valueRequired\":true,\"valueName\":\"search_term_string\"}}],\"inLanguage\":\"es\"}]}<\/script>\n<!-- \/ Yoast SEO plugin. -->","yoast_head_json":{"title":"Noticias - Iaymdf","robots":{"index":"index","follow":"follow","max-snippet":"max-snippet:-1","max-image-preview":"max-image-preview:large","max-video-preview":"max-video-preview:-1"},"canonical":"https:\/\/departamento.us.es\/iaymdf\/noticias\/","og_locale":"es_ES","og_type":"article","og_title":"Noticias - Iaymdf","og_url":"https:\/\/departamento.us.es\/iaymdf\/noticias\/","og_site_name":"Iaymdf","article_modified_time":"2024-06-19T10:53:40+00:00","twitter_card":"summary_large_image","twitter_misc":{"Tiempo de lectura":"3 minutos"},"schema":{"@context":"https:\/\/schema.org","@graph":[{"@type":"WebPage","@id":"https:\/\/departamento.us.es\/iaymdf\/noticias\/","url":"https:\/\/departamento.us.es\/iaymdf\/noticias\/","name":"Noticias - Iaymdf","isPartOf":{"@id":"https:\/\/departamento.us.es\/iaymdf\/#website"},"datePublished":"2024-06-18T12:30:55+00:00","dateModified":"2024-06-19T10:53:40+00:00","inLanguage":"es","potentialAction":[{"@type":"ReadAction","target":["https:\/\/departamento.us.es\/iaymdf\/noticias\/"]}]},{"@type":"WebSite","@id":"https:\/\/departamento.us.es\/iaymdf\/#website","url":"https:\/\/departamento.us.es\/iaymdf\/","name":"Iaymdf","description":"Departamento de Ingenier\u00eda aeroespacial y mec\u00e1nica de fluidos","potentialAction":[{"@type":"SearchAction","target":{"@type":"EntryPoint","urlTemplate":"https:\/\/departamento.us.es\/iaymdf\/?s={search_term_string}"},"query-input":{"@type":"PropertyValueSpecification","valueRequired":true,"valueName":"search_term_string"}}],"inLanguage":"es"}]}},"_links":{"self":[{"href":"https:\/\/departamento.us.es\/iaymdf\/wp-json\/wp\/v2\/pages\/4266","targetHints":{"allow":["GET"]}}],"collection":[{"href":"https:\/\/departamento.us.es\/iaymdf\/wp-json\/wp\/v2\/pages"}],"about":[{"href":"https:\/\/departamento.us.es\/iaymdf\/wp-json\/wp\/v2\/types\/page"}],"author":[{"embeddable":true,"href":"https:\/\/departamento.us.es\/iaymdf\/wp-json\/wp\/v2\/users\/9"}],"replies":[{"embeddable":true,"href":"https:\/\/departamento.us.es\/iaymdf\/wp-json\/wp\/v2\/comments?post=4266"}],"version-history":[{"count":0,"href":"https:\/\/departamento.us.es\/iaymdf\/wp-json\/wp\/v2\/pages\/4266\/revisions"}],"wp:attachment":[{"href":"https:\/\/departamento.us.es\/iaymdf\/wp-json\/wp\/v2\/media?parent=4266"}],"curies":[{"name":"wp","href":"https:\/\/api.w.org\/{rel}","templated":true}]}}