{"id":4268,"date":"2024-06-18T12:31:56","date_gmt":"2024-06-18T12:31:56","guid":{"rendered":"https:\/\/departamento.us.es\/iaymdf\/?page_id=4268"},"modified":"2024-11-11T12:54:49","modified_gmt":"2024-11-11T12:54:49","slug":"contacto","status":"publish","type":"page","link":"https:\/\/departamento.us.es\/iaymdf\/contacto\/","title":{"rendered":"Contacto"},"content":{"rendered":"\t\t<div data-elementor-type=\"wp-page\" data-elementor-id=\"4268\" class=\"elementor elementor-4268\" data-elementor-post-type=\"page\">\n\t\t\t\t<div class=\"elementor-element elementor-element-69c9e11 e-flex e-con-boxed e-con e-parent\" data-id=\"69c9e11\" data-element_type=\"container\">\n\t\t\t\t\t<div class=\"e-con-inner\">\n\t\t<div class=\"elementor-element elementor-element-3fcdd05 e-con-full e-flex e-con e-child\" data-id=\"3fcdd05\" data-element_type=\"container\">\n\t\t<div class=\"elementor-element elementor-element-3894f91 e-con-full e-flex e-con e-child\" data-id=\"3894f91\" data-element_type=\"container\">\n\t\t<div class=\"elementor-element elementor-element-2ee883a e-con-full e-flex e-con e-child\" data-id=\"2ee883a\" data-element_type=\"container\">\n\t\t\t\t<div class=\"elementor-element elementor-element-cbf04b7 elementor-widget elementor-widget-image\" data-id=\"cbf04b7\" data-element_type=\"widget\" data-widget_type=\"image.default\">\n\t\t\t\t<div class=\"elementor-widget-container\">\n\t\t\t\t\t\t\t\t\t\t\t\t\t\t\t<img fetchpriority=\"high\" decoding=\"async\" width=\"700\" height=\"700\" src=\"https:\/\/departamento.us.es\/iaymdf\/wp-content\/uploads\/2024\/06\/usuario-sin-foto.jpg\" class=\"attachment-large size-large wp-image-4322\" alt=\"\" srcset=\"https:\/\/departamento.us.es\/iaymdf\/wp-content\/uploads\/2024\/06\/usuario-sin-foto.jpg 700w, https:\/\/departamento.us.es\/iaymdf\/wp-content\/uploads\/2024\/06\/usuario-sin-foto-300x300.jpg 300w, https:\/\/departamento.us.es\/iaymdf\/wp-content\/uploads\/2024\/06\/usuario-sin-foto-150x150.jpg 150w\" sizes=\"(max-width: 700px) 100vw, 700px\" \/>\t\t\t\t\t\t\t\t\t\t\t\t\t\t\t<\/div>\n\t\t\t\t<\/div>\n\t\t\t\t<\/div>\n\t\t<div class=\"elementor-element elementor-element-e08eac9 e-con-full e-flex e-con e-child\" data-id=\"e08eac9\" data-element_type=\"container\">\n\t\t\t\t<div class=\"elementor-element elementor-element-f5cd0d3 elementor-widget elementor-widget-heading\" data-id=\"f5cd0d3\" data-element_type=\"widget\" data-widget_type=\"heading.default\">\n\t\t\t\t<div class=\"elementor-widget-container\">\n\t\t\t\t\t<h4 class=\"elementor-heading-title elementor-size-default\">Director<\/h4>\t\t\t\t<\/div>\n\t\t\t\t<\/div>\n\t\t\t\t<div class=\"elementor-element elementor-element-1c4ea0c elementor-widget elementor-widget-heading\" data-id=\"1c4ea0c\" data-element_type=\"widget\" data-widget_type=\"heading.default\">\n\t\t\t\t<div class=\"elementor-widget-container\">\n\t\t\t\t\t<h6 class=\"elementor-heading-title elementor-size-default\">L\u00f3pez-Herrera S\u00e1nchez, Jos\u00e9 Mar\u00eda<\/h6>\t\t\t\t<\/div>\n\t\t\t\t<\/div>\n\t\t\t\t<div class=\"elementor-element elementor-element-33ca218 elementor-list-item-link-inline elementor-icon-list--layout-traditional elementor-widget elementor-widget-icon-list\" data-id=\"33ca218\" data-element_type=\"widget\" data-widget_type=\"icon-list.default\">\n\t\t\t\t<div class=\"elementor-widget-container\">\n\t\t\t\t\t\t\t<ul class=\"elementor-icon-list-items\">\n\t\t\t\t\t\t\t<li class=\"elementor-icon-list-item\">\n\t\t\t\t\t\t\t\t\t\t\t<a href=\"mailto:%20jmlopez@us.es\">\n\n\t\t\t\t\t\t\t\t\t\t\t\t<span class=\"elementor-icon-list-icon\">\n\t\t\t\t\t\t\t<i aria-hidden=\"true\" class=\"fas fa-envelope\"><\/i>\t\t\t\t\t\t<\/span>\n\t\t\t\t\t\t\t\t\t\t<span class=\"elementor-icon-list-text\">jmlopez@us.es<\/span>\n\t\t\t\t\t\t\t\t\t\t\t<\/a>\n\t\t\t\t\t\t\t\t\t<\/li>\n\t\t\t\t\t\t\t\t<li class=\"elementor-icon-list-item\">\n\t\t\t\t\t\t\t\t\t\t\t<span class=\"elementor-icon-list-icon\">\n\t\t\t\t\t\t\t<i aria-hidden=\"true\" class=\"fas fa-phone-alt\"><\/i>\t\t\t\t\t\t<\/span>\n\t\t\t\t\t\t\t\t\t\t<span class=\"elementor-icon-list-text\">954481398<\/span>\n\t\t\t\t\t\t\t\t\t<\/li>\n\t\t\t\t\t\t<\/ul>\n\t\t\t\t\t\t<\/div>\n\t\t\t\t<\/div>\n\t\t\t\t<\/div>\n\t\t\t\t<\/div>\n\t\t\t\t<\/div>\n\t\t<div class=\"elementor-element elementor-element-7ca5b23 e-con-full e-flex e-con e-child\" data-id=\"7ca5b23\" data-element_type=\"container\">\n\t\t<div class=\"elementor-element elementor-element-97e6a05 e-con-full e-flex e-con e-child\" data-id=\"97e6a05\" data-element_type=\"container\">\n\t\t<div class=\"elementor-element elementor-element-e6f5b81 e-con-full e-flex e-con e-child\" data-id=\"e6f5b81\" data-element_type=\"container\">\n\t\t\t\t<div class=\"elementor-element elementor-element-f9c1851 elementor-widget elementor-widget-image\" data-id=\"f9c1851\" data-element_type=\"widget\" data-widget_type=\"image.default\">\n\t\t\t\t<div class=\"elementor-widget-container\">\n\t\t\t\t\t\t\t\t\t\t\t\t\t\t\t<img fetchpriority=\"high\" decoding=\"async\" width=\"700\" height=\"700\" src=\"https:\/\/departamento.us.es\/iaymdf\/wp-content\/uploads\/2024\/06\/usuario-sin-foto.jpg\" class=\"attachment-large size-large wp-image-4322\" alt=\"\" srcset=\"https:\/\/departamento.us.es\/iaymdf\/wp-content\/uploads\/2024\/06\/usuario-sin-foto.jpg 700w, https:\/\/departamento.us.es\/iaymdf\/wp-content\/uploads\/2024\/06\/usuario-sin-foto-300x300.jpg 300w, https:\/\/departamento.us.es\/iaymdf\/wp-content\/uploads\/2024\/06\/usuario-sin-foto-150x150.jpg 150w\" sizes=\"(max-width: 700px) 100vw, 700px\" \/>\t\t\t\t\t\t\t\t\t\t\t\t\t\t\t<\/div>\n\t\t\t\t<\/div>\n\t\t\t\t<\/div>\n\t\t<div class=\"elementor-element elementor-element-c7b513b e-con-full e-flex e-con e-child\" data-id=\"c7b513b\" data-element_type=\"container\">\n\t\t\t\t<div class=\"elementor-element elementor-element-cb1145e elementor-widget elementor-widget-heading\" data-id=\"cb1145e\" data-element_type=\"widget\" data-widget_type=\"heading.default\">\n\t\t\t\t<div class=\"elementor-widget-container\">\n\t\t\t\t\t<h4 class=\"elementor-heading-title elementor-size-default\">Secretario<\/h4>\t\t\t\t<\/div>\n\t\t\t\t<\/div>\n\t\t\t\t<div class=\"elementor-element elementor-element-841b9b1 elementor-widget elementor-widget-heading\" data-id=\"841b9b1\" data-element_type=\"widget\" data-widget_type=\"heading.default\">\n\t\t\t\t<div class=\"elementor-widget-container\">\n\t\t\t\t\t<h6 class=\"elementor-heading-title elementor-size-default\">Gavilan Jimenez, Francisco Rafael<\/h6>\t\t\t\t<\/div>\n\t\t\t\t<\/div>\n\t\t\t\t<div class=\"elementor-element elementor-element-1dfd5aa elementor-list-item-link-inline elementor-icon-list--layout-traditional elementor-widget elementor-widget-icon-list\" data-id=\"1dfd5aa\" data-element_type=\"widget\" data-widget_type=\"icon-list.default\">\n\t\t\t\t<div class=\"elementor-widget-container\">\n\t\t\t\t\t\t\t<ul class=\"elementor-icon-list-items\">\n\t\t\t\t\t\t\t<li class=\"elementor-icon-list-item\">\n\t\t\t\t\t\t\t\t\t\t\t<a href=\"mailto:%20fgavilan@us.es\">\n\n\t\t\t\t\t\t\t\t\t\t\t\t<span class=\"elementor-icon-list-icon\">\n\t\t\t\t\t\t\t<i aria-hidden=\"true\" class=\"fas fa-envelope\"><\/i>\t\t\t\t\t\t<\/span>\n\t\t\t\t\t\t\t\t\t\t<span class=\"elementor-icon-list-text\">fgavilan@us.es<\/span>\n\t\t\t\t\t\t\t\t\t\t\t<\/a>\n\t\t\t\t\t\t\t\t\t<\/li>\n\t\t\t\t\t\t\t\t<li class=\"elementor-icon-list-item\">\n\t\t\t\t\t\t\t\t\t\t\t<span class=\"elementor-icon-list-icon\">\n\t\t\t\t\t\t\t<i aria-hidden=\"true\" class=\"fas fa-phone-alt\"><\/i>\t\t\t\t\t\t<\/span>\n\t\t\t\t\t\t\t\t\t\t<span class=\"elementor-icon-list-text\">954488147<\/span>\n\t\t\t\t\t\t\t\t\t<\/li>\n\t\t\t\t\t\t<\/ul>\n\t\t\t\t\t\t<\/div>\n\t\t\t\t<\/div>\n\t\t\t\t<\/div>\n\t\t\t\t<\/div>\n\t\t\t\t<\/div>\n\t\t<div class=\"elementor-element elementor-element-240ac57 e-con-full e-flex e-con e-child\" data-id=\"240ac57\" data-element_type=\"container\">\n\t\t<div class=\"elementor-element elementor-element-221b72d e-con-full e-flex e-con e-child\" data-id=\"221b72d\" data-element_type=\"container\">\n\t\t<div class=\"elementor-element elementor-element-46664c8 e-con-full e-flex e-con e-child\" data-id=\"46664c8\" data-element_type=\"container\">\n\t\t\t\t<div class=\"elementor-element elementor-element-8cf475d elementor-widget elementor-widget-image\" data-id=\"8cf475d\" data-element_type=\"widget\" data-widget_type=\"image.default\">\n\t\t\t\t<div class=\"elementor-widget-container\">\n\t\t\t\t\t\t\t\t\t\t\t\t\t\t\t<img fetchpriority=\"high\" decoding=\"async\" width=\"700\" height=\"700\" src=\"https:\/\/departamento.us.es\/iaymdf\/wp-content\/uploads\/2024\/06\/usuario-sin-foto.jpg\" class=\"attachment-large size-large wp-image-4322\" alt=\"\" srcset=\"https:\/\/departamento.us.es\/iaymdf\/wp-content\/uploads\/2024\/06\/usuario-sin-foto.jpg 700w, https:\/\/departamento.us.es\/iaymdf\/wp-content\/uploads\/2024\/06\/usuario-sin-foto-300x300.jpg 300w, https:\/\/departamento.us.es\/iaymdf\/wp-content\/uploads\/2024\/06\/usuario-sin-foto-150x150.jpg 150w\" sizes=\"(max-width: 700px) 100vw, 700px\" \/>\t\t\t\t\t\t\t\t\t\t\t\t\t\t\t<\/div>\n\t\t\t\t<\/div>\n\t\t\t\t<\/div>\n\t\t<div class=\"elementor-element elementor-element-30d0ddf e-con-full e-flex e-con e-child\" data-id=\"30d0ddf\" data-element_type=\"container\">\n\t\t\t\t<div class=\"elementor-element elementor-element-33c01b1 elementor-widget elementor-widget-heading\" data-id=\"33c01b1\" data-element_type=\"widget\" data-widget_type=\"heading.default\">\n\t\t\t\t<div class=\"elementor-widget-container\">\n\t\t\t\t\t<h4 class=\"elementor-heading-title elementor-size-default\">Gestora<\/h4>\t\t\t\t<\/div>\n\t\t\t\t<\/div>\n\t\t\t\t<div class=\"elementor-element elementor-element-8b53f31 elementor-widget elementor-widget-heading\" data-id=\"8b53f31\" data-element_type=\"widget\" data-widget_type=\"heading.default\">\n\t\t\t\t<div class=\"elementor-widget-container\">\n\t\t\t\t\t<h6 class=\"elementor-heading-title elementor-size-default\">Carrillo Sierra, Mar\u00eda Gracia<\/h6>\t\t\t\t<\/div>\n\t\t\t\t<\/div>\n\t\t\t\t<div class=\"elementor-element elementor-element-9e30ca4 elementor-list-item-link-inline elementor-icon-list--layout-traditional elementor-widget elementor-widget-icon-list\" data-id=\"9e30ca4\" data-element_type=\"widget\" data-widget_type=\"icon-list.default\">\n\t\t\t\t<div class=\"elementor-widget-container\">\n\t\t\t\t\t\t\t<ul class=\"elementor-icon-list-items\">\n\t\t\t\t\t\t\t<li class=\"elementor-icon-list-item\">\n\t\t\t\t\t\t\t\t\t\t\t<a href=\"mailto:%20iaeroespacialymf@us.es\">\n\n\t\t\t\t\t\t\t\t\t\t\t\t<span class=\"elementor-icon-list-icon\">\n\t\t\t\t\t\t\t<i aria-hidden=\"true\" class=\"fas fa-envelope\"><\/i>\t\t\t\t\t\t<\/span>\n\t\t\t\t\t\t\t\t\t\t<span class=\"elementor-icon-list-text\">iaeroespacialymf@us.es<\/span>\n\t\t\t\t\t\t\t\t\t\t\t<\/a>\n\t\t\t\t\t\t\t\t\t<\/li>\n\t\t\t\t\t\t<\/ul>\n\t\t\t\t\t\t<\/div>\n\t\t\t\t<\/div>\n\t\t\t\t<\/div>\n\t\t\t\t<\/div>\n\t\t\t\t<\/div>\n\t\t\t\t\t<\/div>\n\t\t\t\t<\/div>\n\t\t<div class=\"elementor-element elementor-element-a719d81 e-flex e-con-boxed e-con e-parent\" data-id=\"a719d81\" data-element_type=\"container\">\n\t\t\t\t\t<div class=\"e-con-inner\">\n\t\t<div class=\"elementor-element elementor-element-a4ad6a2 e-flex e-con-boxed e-con e-child\" data-id=\"a4ad6a2\" data-element_type=\"container\">\n\t\t\t\t\t<div class=\"e-con-inner\">\n\t\t\t\t<div class=\"elementor-element elementor-element-a04cbf8 elementor-widget elementor-widget-heading\" data-id=\"a04cbf8\" data-element_type=\"widget\" data-widget_type=\"heading.default\">\n\t\t\t\t<div class=\"elementor-widget-container\">\n\t\t\t\t\t<h4 class=\"elementor-heading-title elementor-size-default\">Formulario de contacto<\/h4>\t\t\t\t<\/div>\n\t\t\t\t<\/div>\n\t\t\t\t<div class=\"elementor-element elementor-element-c1571f5 elementor-button-align-center elementor-widget elementor-widget-form\" data-id=\"c1571f5\" data-element_type=\"widget\" data-settings=\"{&quot;step_next_label&quot;:&quot;Siguiente&quot;,&quot;step_previous_label&quot;:&quot;Anterior&quot;,&quot;button_width&quot;:&quot;100&quot;,&quot;step_type&quot;:&quot;number_text&quot;,&quot;step_icon_shape&quot;:&quot;circle&quot;}\" data-widget_type=\"form.default\">\n\t\t\t\t<div class=\"elementor-widget-container\">\n\t\t\t\t\t\t\t<form class=\"elementor-form\" method=\"post\" name=\"Nuevo formulario\" aria-label=\"Nuevo formulario\">\n\t\t\t<input type=\"hidden\" name=\"post_id\" value=\"4268\"\/>\n\t\t\t<input type=\"hidden\" name=\"form_id\" value=\"c1571f5\"\/>\n\t\t\t<input type=\"hidden\" name=\"referer_title\" value=\"Contacto - Iaymdf\" \/>\n\n\t\t\t\t\t\t\t<input type=\"hidden\" name=\"queried_id\" value=\"4268\"\/>\n\t\t\t\n\t\t\t<div class=\"elementor-form-fields-wrapper elementor-labels-above\">\n\t\t\t\t\t\t\t\t<div class=\"elementor-field-type-text elementor-field-group elementor-column elementor-field-group-name elementor-col-40 elementor-field-required elementor-mark-required\">\n\t\t\t\t\t\t\t\t\t\t\t\t<label for=\"form-field-name\" class=\"elementor-field-label\">\n\t\t\t\t\t\t\t\tNombre\t\t\t\t\t\t\t<\/label>\n\t\t\t\t\t\t\t\t\t\t\t\t\t\t<input size=\"1\" type=\"text\" name=\"form_fields[name]\" id=\"form-field-name\" class=\"elementor-field elementor-size-sm  elementor-field-textual\" placeholder=\"Nombre\" required=\"required\">\n\t\t\t\t\t\t\t\t\t\t\t<\/div>\n\t\t\t\t\t\t\t\t<div class=\"elementor-field-type-text elementor-field-group elementor-column elementor-field-group-field_1db1639 elementor-col-60 elementor-field-required elementor-mark-required\">\n\t\t\t\t\t\t\t\t\t\t\t\t<label for=\"form-field-field_1db1639\" class=\"elementor-field-label\">\n\t\t\t\t\t\t\t\tApellidos\t\t\t\t\t\t\t<\/label>\n\t\t\t\t\t\t\t\t\t\t\t\t\t\t<input size=\"1\" type=\"text\" name=\"form_fields[field_1db1639]\" id=\"form-field-field_1db1639\" class=\"elementor-field elementor-size-sm  elementor-field-textual\" placeholder=\"Apellidos\" required=\"required\">\n\t\t\t\t\t\t\t\t\t\t\t<\/div>\n\t\t\t\t\t\t\t\t<div class=\"elementor-field-type-email elementor-field-group elementor-column elementor-field-group-email elementor-col-100 elementor-field-required elementor-mark-required\">\n\t\t\t\t\t\t\t\t\t\t\t\t<label for=\"form-field-email\" class=\"elementor-field-label\">\n\t\t\t\t\t\t\t\tCorreo electr\u00f3nico\t\t\t\t\t\t\t<\/label>\n\t\t\t\t\t\t\t\t\t\t\t\t\t\t<input size=\"1\" type=\"email\" name=\"form_fields[email]\" id=\"form-field-email\" class=\"elementor-field elementor-size-sm  elementor-field-textual\" placeholder=\"Correo electr\u00f3nico\" required=\"required\">\n\t\t\t\t\t\t\t\t\t\t\t<\/div>\n\t\t\t\t\t\t\t\t<div class=\"elementor-field-type-textarea elementor-field-group elementor-column elementor-field-group-message elementor-col-100 elementor-field-required elementor-mark-required\">\n\t\t\t\t\t\t\t\t\t\t\t\t<label for=\"form-field-message\" class=\"elementor-field-label\">\n\t\t\t\t\t\t\t\tMensaje\t\t\t\t\t\t\t<\/label>\n\t\t\t\t\t\t<textarea class=\"elementor-field-textual elementor-field  elementor-size-sm\" name=\"form_fields[message]\" id=\"form-field-message\" rows=\"4\" placeholder=\"Mensaje\" required=\"required\"><\/textarea>\t\t\t\t<\/div>\n\t\t\t\t\t\t\t\t<div class=\"elementor-field-type-acceptance elementor-field-group elementor-column elementor-field-group-field_3a21ff0 elementor-col-100\">\n\t\t\t\t\t\t\t<div class=\"elementor-field-subgroup\">\n\t\t\t<span class=\"elementor-field-option\">\n\t\t\t\t<input type=\"checkbox\" name=\"form_fields[field_3a21ff0]\" id=\"form-field-field_3a21ff0\" class=\"elementor-field elementor-size-sm  elementor-acceptance-field\">\n\t\t\t\t<label for=\"form-field-field_3a21ff0\">Acepto la Acepto la <a href=\"https:\/\/departamento.us.es\/iaymdf\/politica-de-privacidad\/\" target=\"_blank\">Pol\u00edtica de Privacidad * <\/a><\/label>\t\t\t<\/span>\n\t\t<\/div>\n\t\t\t\t\t\t<\/div>\n\t\t\t\t\t\t\t\t<div class=\"elementor-field-type-text\">\n\t\t\t\t\t<input size=\"1\" type=\"text\" name=\"form_fields[field_0d087ce]\" id=\"form-field-field_0d087ce\" class=\"elementor-field elementor-size-sm \" style=\"display:none !important;\">\t\t\t\t<\/div>\n\t\t\t\t\t\t\t\t<div class=\"elementor-field-type-recaptcha_v3 elementor-field-group elementor-column elementor-field-group-field_a284587 elementor-col-100 recaptcha_v3-bottomright\">\n\t\t\t\t\t<div class=\"elementor-field\" id=\"form-field-field_a284587\"><div class=\"elementor-g-recaptcha\" data-sitekey=\"6LdyShgnAAAAAJZvYjs0a0DO0YBtX3EskPPqu8AD\" data-type=\"v3\" data-action=\"Form\" data-badge=\"bottomright\" data-size=\"invisible\"><\/div><\/div>\t\t\t\t<\/div>\n\t\t\t\t\t\t\t\t<div class=\"elementor-field-group elementor-column elementor-field-type-submit elementor-col-100 e-form__buttons\">\n\t\t\t\t\t<button class=\"elementor-button elementor-size-sm\" type=\"submit\">\n\t\t\t\t\t\t<span class=\"elementor-button-content-wrapper\">\n\t\t\t\t\t\t\t\t\t\t\t\t\t\t\t\t\t\t\t\t\t\t<span class=\"elementor-button-text\">Enviar<\/span>\n\t\t\t\t\t\t\t\t\t\t\t\t\t<\/span>\n\t\t\t\t\t<\/button>\n\t\t\t\t<\/div>\n\t\t\t<\/div>\n\t\t<\/form>\n\t\t\t\t\t\t<\/div>\n\t\t\t\t<\/div>\n\t\t\t\t\t<\/div>\n\t\t\t\t<\/div>\n\t\t\t\t\t<\/div>\n\t\t\t\t<\/div>\n\t\t\t\t<\/div>\n\t\t","protected":false},"excerpt":{"rendered":"<p>Director L\u00f3pez-Herrera S\u00e1nchez, Jos\u00e9 Mar\u00eda jmlopez@us.es 954481398 Secretario Gavilan Jimenez, Francisco Rafael fgavilan@us.es 954488147 Gestora Carrillo Sierra, Mar\u00eda Gracia iaeroespacialymf@us.es Formulario de contacto<\/p>\n","protected":false},"author":9,"featured_media":0,"parent":0,"menu_order":0,"comment_status":"closed","ping_status":"closed","template":"","meta":{"_acf_changed":false,"footnotes":""},"class_list":["post-4268","page","type-page","status-publish","hentry"],"acf":[],"yoast_head":"<!-- This site is optimized with the Yoast SEO plugin v24.0 - https:\/\/yoast.com\/wordpress\/plugins\/seo\/ -->\n<title>Contacto - Iaymdf<\/title>\n<meta name=\"robots\" content=\"index, follow, max-snippet:-1, max-image-preview:large, max-video-preview:-1\" \/>\n<link rel=\"canonical\" href=\"https:\/\/departamento.us.es\/iaymdf\/contacto\/\" \/>\n<meta property=\"og:locale\" content=\"es_ES\" \/>\n<meta property=\"og:type\" content=\"article\" \/>\n<meta property=\"og:title\" content=\"Contacto - Iaymdf\" \/>\n<meta property=\"og:description\" content=\"Director L\u00f3pez-Herrera S\u00e1nchez, Jos\u00e9 Mar\u00eda jmlopez@us.es 954481398 Secretario Gavilan Jimenez, Francisco Rafael fgavilan@us.es 954488147 Gestora Carrillo Sierra, Mar\u00eda Gracia iaeroespacialymf@us.es Formulario de contacto\" \/>\n<meta property=\"og:url\" content=\"https:\/\/departamento.us.es\/iaymdf\/contacto\/\" \/>\n<meta property=\"og:site_name\" content=\"Iaymdf\" \/>\n<meta property=\"article:modified_time\" content=\"2024-11-11T12:54:49+00:00\" \/>\n<meta property=\"og:image\" content=\"http:\/\/departamento.us.es\/iaymdf\/wp-content\/uploads\/2024\/06\/usuario-sin-foto.jpg\" \/>\n<meta name=\"twitter:card\" content=\"summary_large_image\" \/>\n<meta name=\"twitter:label1\" content=\"Tiempo de lectura\" \/>\n\t<meta name=\"twitter:data1\" content=\"1 minuto\" \/>\n<script type=\"application\/ld+json\" class=\"yoast-schema-graph\">{\"@context\":\"https:\/\/schema.org\",\"@graph\":[{\"@type\":\"WebPage\",\"@id\":\"https:\/\/departamento.us.es\/iaymdf\/contacto\/\",\"url\":\"https:\/\/departamento.us.es\/iaymdf\/contacto\/\",\"name\":\"Contacto - Iaymdf\",\"isPartOf\":{\"@id\":\"https:\/\/departamento.us.es\/iaymdf\/#website\"},\"primaryImageOfPage\":{\"@id\":\"https:\/\/departamento.us.es\/iaymdf\/contacto\/#primaryimage\"},\"image\":{\"@id\":\"https:\/\/departamento.us.es\/iaymdf\/contacto\/#primaryimage\"},\"thumbnailUrl\":\"http:\/\/departamento.us.es\/iaymdf\/wp-content\/uploads\/2024\/06\/usuario-sin-foto.jpg\",\"datePublished\":\"2024-06-18T12:31:56+00:00\",\"dateModified\":\"2024-11-11T12:54:49+00:00\",\"inLanguage\":\"es\",\"potentialAction\":[{\"@type\":\"ReadAction\",\"target\":[\"https:\/\/departamento.us.es\/iaymdf\/contacto\/\"]}]},{\"@type\":\"ImageObject\",\"inLanguage\":\"es\",\"@id\":\"https:\/\/departamento.us.es\/iaymdf\/contacto\/#primaryimage\",\"url\":\"https:\/\/departamento.us.es\/iaymdf\/wp-content\/uploads\/2024\/06\/usuario-sin-foto.jpg\",\"contentUrl\":\"https:\/\/departamento.us.es\/iaymdf\/wp-content\/uploads\/2024\/06\/usuario-sin-foto.jpg\",\"width\":700,\"height\":700},{\"@type\":\"WebSite\",\"@id\":\"https:\/\/departamento.us.es\/iaymdf\/#website\",\"url\":\"https:\/\/departamento.us.es\/iaymdf\/\",\"name\":\"Iaymdf\",\"description\":\"Departamento de Ingenier\u00eda aeroespacial y mec\u00e1nica de fluidos\",\"potentialAction\":[{\"@type\":\"SearchAction\",\"target\":{\"@type\":\"EntryPoint\",\"urlTemplate\":\"https:\/\/departamento.us.es\/iaymdf\/?s={search_term_string}\"},\"query-input\":{\"@type\":\"PropertyValueSpecification\",\"valueRequired\":true,\"valueName\":\"search_term_string\"}}],\"inLanguage\":\"es\"}]}<\/script>\n<!-- \/ Yoast SEO plugin. -->","yoast_head_json":{"title":"Contacto - Iaymdf","robots":{"index":"index","follow":"follow","max-snippet":"max-snippet:-1","max-image-preview":"max-image-preview:large","max-video-preview":"max-video-preview:-1"},"canonical":"https:\/\/departamento.us.es\/iaymdf\/contacto\/","og_locale":"es_ES","og_type":"article","og_title":"Contacto - Iaymdf","og_description":"Director L\u00f3pez-Herrera S\u00e1nchez, Jos\u00e9 Mar\u00eda jmlopez@us.es 954481398 Secretario Gavilan Jimenez, Francisco Rafael fgavilan@us.es 954488147 Gestora Carrillo Sierra, Mar\u00eda Gracia iaeroespacialymf@us.es Formulario de contacto","og_url":"https:\/\/departamento.us.es\/iaymdf\/contacto\/","og_site_name":"Iaymdf","article_modified_time":"2024-11-11T12:54:49+00:00","og_image":[{"url":"http:\/\/departamento.us.es\/iaymdf\/wp-content\/uploads\/2024\/06\/usuario-sin-foto.jpg","type":"","width":"","height":""}],"twitter_card":"summary_large_image","twitter_misc":{"Tiempo de lectura":"1 minuto"},"schema":{"@context":"https:\/\/schema.org","@graph":[{"@type":"WebPage","@id":"https:\/\/departamento.us.es\/iaymdf\/contacto\/","url":"https:\/\/departamento.us.es\/iaymdf\/contacto\/","name":"Contacto - Iaymdf","isPartOf":{"@id":"https:\/\/departamento.us.es\/iaymdf\/#website"},"primaryImageOfPage":{"@id":"https:\/\/departamento.us.es\/iaymdf\/contacto\/#primaryimage"},"image":{"@id":"https:\/\/departamento.us.es\/iaymdf\/contacto\/#primaryimage"},"thumbnailUrl":"http:\/\/departamento.us.es\/iaymdf\/wp-content\/uploads\/2024\/06\/usuario-sin-foto.jpg","datePublished":"2024-06-18T12:31:56+00:00","dateModified":"2024-11-11T12:54:49+00:00","inLanguage":"es","potentialAction":[{"@type":"ReadAction","target":["https:\/\/departamento.us.es\/iaymdf\/contacto\/"]}]},{"@type":"ImageObject","inLanguage":"es","@id":"https:\/\/departamento.us.es\/iaymdf\/contacto\/#primaryimage","url":"https:\/\/departamento.us.es\/iaymdf\/wp-content\/uploads\/2024\/06\/usuario-sin-foto.jpg","contentUrl":"https:\/\/departamento.us.es\/iaymdf\/wp-content\/uploads\/2024\/06\/usuario-sin-foto.jpg","width":700,"height":700},{"@type":"WebSite","@id":"https:\/\/departamento.us.es\/iaymdf\/#website","url":"https:\/\/departamento.us.es\/iaymdf\/","name":"Iaymdf","description":"Departamento de Ingenier\u00eda aeroespacial y mec\u00e1nica de fluidos","potentialAction":[{"@type":"SearchAction","target":{"@type":"EntryPoint","urlTemplate":"https:\/\/departamento.us.es\/iaymdf\/?s={search_term_string}"},"query-input":{"@type":"PropertyValueSpecification","valueRequired":true,"valueName":"search_term_string"}}],"inLanguage":"es"}]}},"_links":{"self":[{"href":"https:\/\/departamento.us.es\/iaymdf\/wp-json\/wp\/v2\/pages\/4268","targetHints":{"allow":["GET"]}}],"collection":[{"href":"https:\/\/departamento.us.es\/iaymdf\/wp-json\/wp\/v2\/pages"}],"about":[{"href":"https:\/\/departamento.us.es\/iaymdf\/wp-json\/wp\/v2\/types\/page"}],"author":[{"embeddable":true,"href":"https:\/\/departamento.us.es\/iaymdf\/wp-json\/wp\/v2\/users\/9"}],"replies":[{"embeddable":true,"href":"https:\/\/departamento.us.es\/iaymdf\/wp-json\/wp\/v2\/comments?post=4268"}],"version-history":[{"count":0,"href":"https:\/\/departamento.us.es\/iaymdf\/wp-json\/wp\/v2\/pages\/4268\/revisions"}],"wp:attachment":[{"href":"https:\/\/departamento.us.es\/iaymdf\/wp-json\/wp\/v2\/media?parent=4268"}],"curies":[{"name":"wp","href":"https:\/\/api.w.org\/{rel}","templated":true}]}}