{"id":4337,"date":"2024-09-06T07:26:40","date_gmt":"2024-09-06T07:26:40","guid":{"rendered":"https:\/\/departamento.us.es\/iaymdf\/contacto-copy\/"},"modified":"2024-11-11T09:44:26","modified_gmt":"2024-11-11T09:44:26","slug":"donde-estamos","status":"publish","type":"page","link":"https:\/\/departamento.us.es\/iaymdf\/donde-estamos\/","title":{"rendered":"D\u00f3nde estamos"},"content":{"rendered":"\t\t<div data-elementor-type=\"wp-page\" data-elementor-id=\"4337\" class=\"elementor elementor-4337\" data-elementor-post-type=\"page\">\n\t\t\t\t<div class=\"elementor-element elementor-element-a719d81 e-flex e-con-boxed e-con e-parent\" data-id=\"a719d81\" data-element_type=\"container\">\n\t\t\t\t\t<div class=\"e-con-inner\">\n\t\t<div class=\"elementor-element elementor-element-05fc856 e-con-full e-flex e-con e-child\" data-id=\"05fc856\" data-element_type=\"container\">\n\t\t<div class=\"elementor-element elementor-element-71f586d e-flex e-con-boxed e-con e-child\" data-id=\"71f586d\" data-element_type=\"container\" data-settings=\"{&quot;background_background&quot;:&quot;classic&quot;}\">\n\t\t\t\t\t<div class=\"e-con-inner\">\n\t\t\t\t<div class=\"elementor-element elementor-element-22c3f86 elementor-widget__width-initial elementor-widget elementor-widget-image\" data-id=\"22c3f86\" data-element_type=\"widget\" data-widget_type=\"image.default\">\n\t\t\t\t<div class=\"elementor-widget-container\">\n\t\t\t\t\t\t\t\t\t\t\t\t\t\t\t<img fetchpriority=\"high\" decoding=\"async\" width=\"300\" height=\"307\" src=\"https:\/\/departamento.us.es\/iaymdf\/wp-content\/uploads\/2024\/06\/US-marca-digital-cuadrada-blanca-300.webp\" class=\"attachment-large size-large wp-image-4315\" alt=\"\" srcset=\"https:\/\/departamento.us.es\/iaymdf\/wp-content\/uploads\/2024\/06\/US-marca-digital-cuadrada-blanca-300.webp 300w, https:\/\/departamento.us.es\/iaymdf\/wp-content\/uploads\/2024\/06\/US-marca-digital-cuadrada-blanca-300-293x300.webp 293w\" sizes=\"(max-width: 300px) 100vw, 300px\" \/>\t\t\t\t\t\t\t\t\t\t\t\t\t\t\t<\/div>\n\t\t\t\t<\/div>\n\t\t<div class=\"elementor-element elementor-element-b00a3bd e-flex e-con-boxed e-con e-child\" data-id=\"b00a3bd\" data-element_type=\"container\">\n\t\t\t\t\t<div class=\"e-con-inner\">\n\t\t\t\t<div class=\"elementor-element elementor-element-ef21363 elementor-widget elementor-widget-heading\" data-id=\"ef21363\" data-element_type=\"widget\" data-widget_type=\"heading.default\">\n\t\t\t\t<div class=\"elementor-widget-container\">\n\t\t\t\t\t<h5 class=\"elementor-heading-title elementor-size-default\">Departamento de Ingenier\u00eda aeroespacial y mec\u00e1nica de fluidos<\/h5>\t\t\t\t<\/div>\n\t\t\t\t<\/div>\n\t\t\t\t<div class=\"elementor-element elementor-element-3b59daa elementor-widget elementor-widget-heading\" data-id=\"3b59daa\" data-element_type=\"widget\" data-widget_type=\"heading.default\">\n\t\t\t\t<div class=\"elementor-widget-container\">\n\t\t\t\t\t<p class=\"elementor-heading-title elementor-size-default\">Universidad de Sevilla<\/p>\t\t\t\t<\/div>\n\t\t\t\t<\/div>\n\t\t\t\t\t<\/div>\n\t\t\t\t<\/div>\n\t\t\t\t\t<\/div>\n\t\t\t\t<\/div>\n\t\t<div class=\"elementor-element elementor-element-1f20512 e-flex e-con-boxed e-con e-child\" data-id=\"1f20512\" data-element_type=\"container\">\n\t\t\t\t\t<div class=\"e-con-inner\">\n\t\t\t\t<div class=\"elementor-element elementor-element-a2ee4f3 elementor-icon-list--layout-traditional elementor-list-item-link-full_width elementor-widget elementor-widget-icon-list\" data-id=\"a2ee4f3\" data-element_type=\"widget\" data-widget_type=\"icon-list.default\">\n\t\t\t\t<div class=\"elementor-widget-container\">\n\t\t\t\t\t\t\t<ul class=\"elementor-icon-list-items\">\n\t\t\t\t\t\t\t<li class=\"elementor-icon-list-item\">\n\t\t\t\t\t\t\t\t\t\t\t<a href=\"mailto:%20iaeroespacialymf@us.es\">\n\n\t\t\t\t\t\t\t\t\t\t\t\t<span class=\"elementor-icon-list-icon\">\n\t\t\t\t\t\t\t<i aria-hidden=\"true\" class=\"fas fa-envelope\"><\/i>\t\t\t\t\t\t<\/span>\n\t\t\t\t\t\t\t\t\t\t<span class=\"elementor-icon-list-text\"> iaeroespacialymf@us.es<\/span>\n\t\t\t\t\t\t\t\t\t\t\t<\/a>\n\t\t\t\t\t\t\t\t\t<\/li>\n\t\t\t\t\t\t\t\t<li class=\"elementor-icon-list-item\">\n\t\t\t\t\t\t\t\t\t\t\t<span class=\"elementor-icon-list-icon\">\n\t\t\t\t\t\t\t<i aria-hidden=\"true\" class=\"fas fa-map-marker-alt\"><\/i>\t\t\t\t\t\t<\/span>\n\t\t\t\t\t\t\t\t\t\t<span class=\"elementor-icon-list-text\">Escuela T\u00e9cnica Superior de Ingenier\u00eda. Camino de los decubrimientos, S\/N.- Isla Cartuja 41092<\/span>\n\t\t\t\t\t\t\t\t\t<\/li>\n\t\t\t\t\t\t\t\t<li class=\"elementor-icon-list-item\">\n\t\t\t\t\t\t\t\t\t\t\t<span class=\"elementor-icon-list-icon\">\n\t\t\t\t\t\t\t<i aria-hidden=\"true\" class=\"fas fa-phone-alt\"><\/i>\t\t\t\t\t\t<\/span>\n\t\t\t\t\t\t\t\t\t\t<span class=\"elementor-icon-list-text\">954 48 60 40<\/span>\n\t\t\t\t\t\t\t\t\t<\/li>\n\t\t\t\t\t\t<\/ul>\n\t\t\t\t\t\t<\/div>\n\t\t\t\t<\/div>\n\t\t\t\t\t<\/div>\n\t\t\t\t<\/div>\n\t\t\t\t<div class=\"elementor-element elementor-element-a69d77c elementor-widget elementor-widget-google_maps\" data-id=\"a69d77c\" data-element_type=\"widget\" data-widget_type=\"google_maps.default\">\n\t\t\t\t<div class=\"elementor-widget-container\">\n\t\t\t\t\t\t\t<div class=\"elementor-custom-embed\">\n\t\t\t<iframe loading=\"lazy\"\n\t\t\t\t\tsrc=\"https:\/\/maps.google.com\/maps?q=Escuela%20T%C3%A9cnica%20Superior%20de%20Ingenier%C3%ADa.%20Camino%20de%20los%20decubrimientos%2C%20S%2FN.-%20Isla%20Cartuja&#038;t=m&#038;z=15&#038;output=embed&#038;iwloc=near\"\n\t\t\t\t\ttitle=\"Escuela T\u00e9cnica Superior de Ingenier\u00eda. Camino de los decubrimientos, S\/N.- Isla Cartuja\"\n\t\t\t\t\taria-label=\"Escuela T\u00e9cnica Superior de Ingenier\u00eda. Camino de los decubrimientos, S\/N.- Isla Cartuja\"\n\t\t\t><\/iframe>\n\t\t<\/div>\n\t\t\t\t\t\t<\/div>\n\t\t\t\t<\/div>\n\t\t\t\t<\/div>\n\t\t<div class=\"elementor-element elementor-element-2ff9b09 e-con-full e-flex e-con e-child\" data-id=\"2ff9b09\" data-element_type=\"container\">\n\t\t\t\t<div class=\"elementor-element elementor-element-5fb7a6e elementor-widget elementor-widget-image\" data-id=\"5fb7a6e\" data-element_type=\"widget\" data-widget_type=\"image.default\">\n\t\t\t\t<div class=\"elementor-widget-container\">\n\t\t\t\t\t\t\t\t\t\t\t\t\t\t\t\t<a href=\"https:\/\/departamento.us.es\/iaymdf\/wp-content\/uploads\/2024\/09\/planta_baja-etsi-00.jpg\" data-elementor-open-lightbox=\"yes\" data-elementor-lightbox-title=\"planta_baja-etsi-00\" data-e-action-hash=\"#elementor-action%3Aaction%3Dlightbox%26settings%3DeyJpZCI6NDM1MywidXJsIjoiaHR0cHM6XC9cL2RlcGFydGFtZW50by51cy5lc1wvaWF5bWRmXC93cC1jb250ZW50XC91cGxvYWRzXC8yMDI0XC8wOVwvcGxhbnRhX2JhamEtZXRzaS0wMC5qcGcifQ%3D%3D\">\n\t\t\t\t\t\t\t<img decoding=\"async\" width=\"770\" height=\"770\" src=\"https:\/\/departamento.us.es\/iaymdf\/wp-content\/uploads\/2024\/09\/planta_baja-etsi-00.jpg\" class=\"attachment-large size-large wp-image-4353\" alt=\"\" srcset=\"https:\/\/departamento.us.es\/iaymdf\/wp-content\/uploads\/2024\/09\/planta_baja-etsi-00.jpg 770w, https:\/\/departamento.us.es\/iaymdf\/wp-content\/uploads\/2024\/09\/planta_baja-etsi-00-300x300.jpg 300w, https:\/\/departamento.us.es\/iaymdf\/wp-content\/uploads\/2024\/09\/planta_baja-etsi-00-150x150.jpg 150w, https:\/\/departamento.us.es\/iaymdf\/wp-content\/uploads\/2024\/09\/planta_baja-etsi-00-768x768.jpg 768w\" sizes=\"(max-width: 770px) 100vw, 770px\" \/>\t\t\t\t\t\t\t\t<\/a>\n\t\t\t\t\t\t\t\t\t\t\t\t\t\t\t<\/div>\n\t\t\t\t<\/div>\n\t\t\t\t<\/div>\n\t\t\t\t\t<\/div>\n\t\t\t\t<\/div>\n\t\t\t\t<\/div>\n\t\t","protected":false},"excerpt":{"rendered":"<p>Departamento de Ingenier\u00eda aeroespacial y mec\u00e1nica de fluidos Universidad de Sevilla iaeroespacialymf@us.es Escuela T\u00e9cnica Superior de Ingenier\u00eda. Camino de los decubrimientos, S\/N.- Isla Cartuja 41092 954 48 60 40<\/p>\n","protected":false},"author":9,"featured_media":0,"parent":0,"menu_order":0,"comment_status":"closed","ping_status":"closed","template":"","meta":{"_acf_changed":false,"footnotes":""},"class_list":["post-4337","page","type-page","status-publish","hentry"],"acf":[],"yoast_head":"<!-- This site is optimized with the Yoast SEO plugin v24.0 - https:\/\/yoast.com\/wordpress\/plugins\/seo\/ -->\n<title>D\u00f3nde estamos - Iaymdf<\/title>\n<meta name=\"robots\" content=\"index, follow, max-snippet:-1, max-image-preview:large, max-video-preview:-1\" \/>\n<link rel=\"canonical\" href=\"https:\/\/departamento.us.es\/iaymdf\/donde-estamos\/\" \/>\n<meta property=\"og:locale\" content=\"es_ES\" \/>\n<meta property=\"og:type\" content=\"article\" \/>\n<meta property=\"og:title\" content=\"D\u00f3nde estamos - Iaymdf\" \/>\n<meta property=\"og:description\" content=\"Departamento de Ingenier\u00eda aeroespacial y mec\u00e1nica de fluidos Universidad de Sevilla iaeroespacialymf@us.es Escuela T\u00e9cnica Superior de Ingenier\u00eda. Camino de los decubrimientos, S\/N.- Isla Cartuja 41092 954 48 60 40\" \/>\n<meta property=\"og:url\" content=\"https:\/\/departamento.us.es\/iaymdf\/donde-estamos\/\" \/>\n<meta property=\"og:site_name\" content=\"Iaymdf\" \/>\n<meta property=\"article:modified_time\" content=\"2024-11-11T09:44:26+00:00\" \/>\n<meta property=\"og:image\" content=\"http:\/\/departamento.us.es\/iaymdf\/wp-content\/uploads\/2024\/06\/US-marca-digital-cuadrada-blanca-300.webp\" \/>\n<meta name=\"twitter:card\" content=\"summary_large_image\" \/>\n<meta name=\"twitter:label1\" content=\"Tiempo de lectura\" \/>\n\t<meta name=\"twitter:data1\" content=\"1 minuto\" \/>\n<script type=\"application\/ld+json\" class=\"yoast-schema-graph\">{\"@context\":\"https:\/\/schema.org\",\"@graph\":[{\"@type\":\"WebPage\",\"@id\":\"https:\/\/departamento.us.es\/iaymdf\/donde-estamos\/\",\"url\":\"https:\/\/departamento.us.es\/iaymdf\/donde-estamos\/\",\"name\":\"D\u00f3nde estamos - Iaymdf\",\"isPartOf\":{\"@id\":\"https:\/\/departamento.us.es\/iaymdf\/#website\"},\"primaryImageOfPage\":{\"@id\":\"https:\/\/departamento.us.es\/iaymdf\/donde-estamos\/#primaryimage\"},\"image\":{\"@id\":\"https:\/\/departamento.us.es\/iaymdf\/donde-estamos\/#primaryimage\"},\"thumbnailUrl\":\"http:\/\/departamento.us.es\/iaymdf\/wp-content\/uploads\/2024\/06\/US-marca-digital-cuadrada-blanca-300.webp\",\"datePublished\":\"2024-09-06T07:26:40+00:00\",\"dateModified\":\"2024-11-11T09:44:26+00:00\",\"inLanguage\":\"es\",\"potentialAction\":[{\"@type\":\"ReadAction\",\"target\":[\"https:\/\/departamento.us.es\/iaymdf\/donde-estamos\/\"]}]},{\"@type\":\"ImageObject\",\"inLanguage\":\"es\",\"@id\":\"https:\/\/departamento.us.es\/iaymdf\/donde-estamos\/#primaryimage\",\"url\":\"https:\/\/departamento.us.es\/iaymdf\/wp-content\/uploads\/2024\/06\/US-marca-digital-cuadrada-blanca-300.webp\",\"contentUrl\":\"https:\/\/departamento.us.es\/iaymdf\/wp-content\/uploads\/2024\/06\/US-marca-digital-cuadrada-blanca-300.webp\",\"width\":300,\"height\":307},{\"@type\":\"WebSite\",\"@id\":\"https:\/\/departamento.us.es\/iaymdf\/#website\",\"url\":\"https:\/\/departamento.us.es\/iaymdf\/\",\"name\":\"Iaymdf\",\"description\":\"Departamento de Ingenier\u00eda aeroespacial y mec\u00e1nica de fluidos\",\"potentialAction\":[{\"@type\":\"SearchAction\",\"target\":{\"@type\":\"EntryPoint\",\"urlTemplate\":\"https:\/\/departamento.us.es\/iaymdf\/?s={search_term_string}\"},\"query-input\":{\"@type\":\"PropertyValueSpecification\",\"valueRequired\":true,\"valueName\":\"search_term_string\"}}],\"inLanguage\":\"es\"}]}<\/script>\n<!-- \/ Yoast SEO plugin. -->","yoast_head_json":{"title":"D\u00f3nde estamos - Iaymdf","robots":{"index":"index","follow":"follow","max-snippet":"max-snippet:-1","max-image-preview":"max-image-preview:large","max-video-preview":"max-video-preview:-1"},"canonical":"https:\/\/departamento.us.es\/iaymdf\/donde-estamos\/","og_locale":"es_ES","og_type":"article","og_title":"D\u00f3nde estamos - Iaymdf","og_description":"Departamento de Ingenier\u00eda aeroespacial y mec\u00e1nica de fluidos Universidad de Sevilla iaeroespacialymf@us.es Escuela T\u00e9cnica Superior de Ingenier\u00eda. Camino de los decubrimientos, S\/N.- Isla Cartuja 41092 954 48 60 40","og_url":"https:\/\/departamento.us.es\/iaymdf\/donde-estamos\/","og_site_name":"Iaymdf","article_modified_time":"2024-11-11T09:44:26+00:00","og_image":[{"url":"http:\/\/departamento.us.es\/iaymdf\/wp-content\/uploads\/2024\/06\/US-marca-digital-cuadrada-blanca-300.webp","type":"","width":"","height":""}],"twitter_card":"summary_large_image","twitter_misc":{"Tiempo de lectura":"1 minuto"},"schema":{"@context":"https:\/\/schema.org","@graph":[{"@type":"WebPage","@id":"https:\/\/departamento.us.es\/iaymdf\/donde-estamos\/","url":"https:\/\/departamento.us.es\/iaymdf\/donde-estamos\/","name":"D\u00f3nde estamos - Iaymdf","isPartOf":{"@id":"https:\/\/departamento.us.es\/iaymdf\/#website"},"primaryImageOfPage":{"@id":"https:\/\/departamento.us.es\/iaymdf\/donde-estamos\/#primaryimage"},"image":{"@id":"https:\/\/departamento.us.es\/iaymdf\/donde-estamos\/#primaryimage"},"thumbnailUrl":"http:\/\/departamento.us.es\/iaymdf\/wp-content\/uploads\/2024\/06\/US-marca-digital-cuadrada-blanca-300.webp","datePublished":"2024-09-06T07:26:40+00:00","dateModified":"2024-11-11T09:44:26+00:00","inLanguage":"es","potentialAction":[{"@type":"ReadAction","target":["https:\/\/departamento.us.es\/iaymdf\/donde-estamos\/"]}]},{"@type":"ImageObject","inLanguage":"es","@id":"https:\/\/departamento.us.es\/iaymdf\/donde-estamos\/#primaryimage","url":"https:\/\/departamento.us.es\/iaymdf\/wp-content\/uploads\/2024\/06\/US-marca-digital-cuadrada-blanca-300.webp","contentUrl":"https:\/\/departamento.us.es\/iaymdf\/wp-content\/uploads\/2024\/06\/US-marca-digital-cuadrada-blanca-300.webp","width":300,"height":307},{"@type":"WebSite","@id":"https:\/\/departamento.us.es\/iaymdf\/#website","url":"https:\/\/departamento.us.es\/iaymdf\/","name":"Iaymdf","description":"Departamento de Ingenier\u00eda aeroespacial y mec\u00e1nica de fluidos","potentialAction":[{"@type":"SearchAction","target":{"@type":"EntryPoint","urlTemplate":"https:\/\/departamento.us.es\/iaymdf\/?s={search_term_string}"},"query-input":{"@type":"PropertyValueSpecification","valueRequired":true,"valueName":"search_term_string"}}],"inLanguage":"es"}]}},"_links":{"self":[{"href":"https:\/\/departamento.us.es\/iaymdf\/wp-json\/wp\/v2\/pages\/4337","targetHints":{"allow":["GET"]}}],"collection":[{"href":"https:\/\/departamento.us.es\/iaymdf\/wp-json\/wp\/v2\/pages"}],"about":[{"href":"https:\/\/departamento.us.es\/iaymdf\/wp-json\/wp\/v2\/types\/page"}],"author":[{"embeddable":true,"href":"https:\/\/departamento.us.es\/iaymdf\/wp-json\/wp\/v2\/users\/9"}],"replies":[{"embeddable":true,"href":"https:\/\/departamento.us.es\/iaymdf\/wp-json\/wp\/v2\/comments?post=4337"}],"version-history":[{"count":0,"href":"https:\/\/departamento.us.es\/iaymdf\/wp-json\/wp\/v2\/pages\/4337\/revisions"}],"wp:attachment":[{"href":"https:\/\/departamento.us.es\/iaymdf\/wp-json\/wp\/v2\/media?parent=4337"}],"curies":[{"name":"wp","href":"https:\/\/api.w.org\/{rel}","templated":true}]}}