{"id":4371,"date":"2024-10-07T10:05:29","date_gmt":"2024-10-07T10:05:29","guid":{"rendered":"https:\/\/departamento.us.es\/iaymdf\/?page_id=4371"},"modified":"2024-10-11T10:02:50","modified_gmt":"2024-10-11T10:02:50","slug":"material-docente","status":"publish","type":"page","link":"https:\/\/departamento.us.es\/iaymdf\/material-docente\/","title":{"rendered":"Material Docente"},"content":{"rendered":"\t\t<div data-elementor-type=\"wp-page\" data-elementor-id=\"4371\" class=\"elementor elementor-4371\" data-elementor-post-type=\"page\">\n\t\t\t\t<div class=\"elementor-element elementor-element-1764f03 e-flex e-con-boxed e-con e-parent\" data-id=\"1764f03\" data-element_type=\"container\">\n\t\t\t\t\t<div class=\"e-con-inner\">\n\t\t<div class=\"elementor-element elementor-element-b708071 e-con-full e-flex e-con e-child\" data-id=\"b708071\" data-element_type=\"container\">\n\t\t\t\t<div class=\"elementor-element elementor-element-c82f26d elementor-widget elementor-widget-heading\" data-id=\"c82f26d\" data-element_type=\"widget\" data-widget_type=\"heading.default\">\n\t\t\t\t<div class=\"elementor-widget-container\">\n\t\t\t\t\t<h4 class=\"elementor-heading-title elementor-size-default\">Mec\u00e1nica de Fluidos<\/h4>\t\t\t\t<\/div>\n\t\t\t\t<\/div>\n\t\t\t\t<div class=\"elementor-element elementor-element-6167f0d elementor-list-item-link-inline elementor-align-left elementor-icon-list--layout-traditional elementor-widget elementor-widget-icon-list\" data-id=\"6167f0d\" data-element_type=\"widget\" data-widget_type=\"icon-list.default\">\n\t\t\t\t<div class=\"elementor-widget-container\">\n\t\t\t\t\t\t\t<ul class=\"elementor-icon-list-items\">\n\t\t\t\t\t\t\t<li class=\"elementor-icon-list-item\">\n\t\t\t\t\t\t\t\t\t\t\t<a href=\"https:\/\/www.youtube.com\/playlist?list=PLIxnrxt8TdTwSE-e86kNOP0IC-KYuF1AU\" target=\"_blank\" rel=\"nofollow\">\n\n\t\t\t\t\t\t\t\t\t\t\t\t<span class=\"elementor-icon-list-icon\">\n\t\t\t\t\t\t\t<i aria-hidden=\"true\" class=\"fab fa-youtube\"><\/i>\t\t\t\t\t\t<\/span>\n\t\t\t\t\t\t\t\t\t\t<span class=\"elementor-icon-list-text\">V\u00eddeos temario Mec\u00e1nica de Fluidos<\/span>\n\t\t\t\t\t\t\t\t\t\t\t<\/a>\n\t\t\t\t\t\t\t\t\t<\/li>\n\t\t\t\t\t\t\t\t<li class=\"elementor-icon-list-item\">\n\t\t\t\t\t\t\t\t\t\t\t<a href=\"https:\/\/departamento.us.es\/iaymdf\/wp-content\/uploads\/2024\/10\/Mecanica-Fluidos-GIE-2021-2022-2x.pdf\" target=\"_blank\" rel=\"nofollow\">\n\n\t\t\t\t\t\t\t\t\t\t\t\t<span class=\"elementor-icon-list-icon\">\n\t\t\t\t\t\t\t<i aria-hidden=\"true\" class=\"far fa-file-pdf\"><\/i>\t\t\t\t\t\t<\/span>\n\t\t\t\t\t\t\t\t\t\t<span class=\"elementor-icon-list-text\">Descargar Temario Mec\u00e1nica de Fluidos<\/span>\n\t\t\t\t\t\t\t\t\t\t\t<\/a>\n\t\t\t\t\t\t\t\t\t<\/li>\n\t\t\t\t\t\t<\/ul>\n\t\t\t\t\t\t<\/div>\n\t\t\t\t<\/div>\n\t\t\t\t<\/div>\n\t\t<div class=\"elementor-element elementor-element-3d55461 e-con-full e-flex e-con e-child\" data-id=\"3d55461\" data-element_type=\"container\">\n\t\t\t\t<div class=\"elementor-element elementor-element-bcbcec5 elementor-widget elementor-widget-heading\" data-id=\"bcbcec5\" data-element_type=\"widget\" data-widget_type=\"heading.default\">\n\t\t\t\t<div class=\"elementor-widget-container\">\n\t\t\t\t\t<h4 class=\"elementor-heading-title elementor-size-default\"><a href=\"https:\/\/www.youtube.com\/playlist?list=PLIxnrxt8TdTxhCE_-mp4aHF0ZSvLGjDFd\">Tecnolog\u00eda de M\u00e1quinas Hidr\u00e1ulicas<\/a><\/h4>\t\t\t\t<\/div>\n\t\t\t\t<\/div>\n\t\t\t\t<div class=\"elementor-element elementor-element-a15f0d8 elementor-list-item-link-inline elementor-align-left elementor-icon-list--layout-traditional elementor-widget elementor-widget-icon-list\" data-id=\"a15f0d8\" data-element_type=\"widget\" data-widget_type=\"icon-list.default\">\n\t\t\t\t<div class=\"elementor-widget-container\">\n\t\t\t\t\t\t\t<ul class=\"elementor-icon-list-items\">\n\t\t\t\t\t\t\t<li class=\"elementor-icon-list-item\">\n\t\t\t\t\t\t\t\t\t\t\t<a href=\"https:\/\/www.youtube.com\/playlist?list=PLIxnrxt8TdTxhCE_-mp4aHF0ZSvLGjDFd\" target=\"_blank\" rel=\"nofollow\">\n\n\t\t\t\t\t\t\t\t\t\t\t\t<span class=\"elementor-icon-list-icon\">\n\t\t\t\t\t\t\t<i aria-hidden=\"true\" class=\"fab fa-youtube\"><\/i>\t\t\t\t\t\t<\/span>\n\t\t\t\t\t\t\t\t\t\t<span class=\"elementor-icon-list-text\">V\u00eddeos temario Tecnolog\u00eda de M\u00e1quinas Hidr\u00e1ulicas<\/span>\n\t\t\t\t\t\t\t\t\t\t\t<\/a>\n\t\t\t\t\t\t\t\t\t<\/li>\n\t\t\t\t\t\t\t\t<li class=\"elementor-icon-list-item\">\n\t\t\t\t\t\t\t\t\t\t\t<a href=\"https:\/\/departamento.us.es\/iaymdf\/wp-content\/uploads\/2024\/10\/Tecnologia-Maquinas-Hidraulicas-GIOI-2024-2025-2x.pdf\" target=\"_blank\" rel=\"nofollow\">\n\n\t\t\t\t\t\t\t\t\t\t\t\t<span class=\"elementor-icon-list-icon\">\n\t\t\t\t\t\t\t<i aria-hidden=\"true\" class=\"far fa-file-pdf\"><\/i>\t\t\t\t\t\t<\/span>\n\t\t\t\t\t\t\t\t\t\t<span class=\"elementor-icon-list-text\">Descargar Temario Tecnolog\u00eda de M\u00e1quinas Hidr\u00e1ulicas<\/span>\n\t\t\t\t\t\t\t\t\t\t\t<\/a>\n\t\t\t\t\t\t\t\t\t<\/li>\n\t\t\t\t\t\t<\/ul>\n\t\t\t\t\t\t<\/div>\n\t\t\t\t<\/div>\n\t\t\t\t<\/div>\n\t\t\t\t\t<\/div>\n\t\t\t\t<\/div>\n\t\t<div class=\"elementor-element elementor-element-6f361cb e-flex e-con-boxed e-con e-parent\" data-id=\"6f361cb\" data-element_type=\"container\">\n\t\t\t\t\t<div class=\"e-con-inner\">\n\t\t\t\t\t<\/div>\n\t\t\t\t<\/div>\n\t\t\t\t<\/div>\n\t\t","protected":false},"excerpt":{"rendered":"<p>Mec\u00e1nica de Fluidos V\u00eddeos temario Mec\u00e1nica de Fluidos Descargar Temario Mec\u00e1nica de Fluidos Tecnolog\u00eda de M\u00e1quinas Hidr\u00e1ulicas V\u00eddeos temario Tecnolog\u00eda de M\u00e1quinas Hidr\u00e1ulicas Descargar Temario Tecnolog\u00eda de M\u00e1quinas Hidr\u00e1ulicas<\/p>\n","protected":false},"author":9,"featured_media":0,"parent":0,"menu_order":0,"comment_status":"closed","ping_status":"closed","template":"","meta":{"_acf_changed":false,"footnotes":""},"class_list":["post-4371","page","type-page","status-publish","hentry"],"acf":[],"yoast_head":"<!-- This site is optimized with the Yoast SEO plugin v24.0 - https:\/\/yoast.com\/wordpress\/plugins\/seo\/ -->\n<title>Material Docente - Iaymdf<\/title>\n<meta name=\"robots\" content=\"index, follow, max-snippet:-1, max-image-preview:large, max-video-preview:-1\" \/>\n<link rel=\"canonical\" href=\"https:\/\/departamento.us.es\/iaymdf\/material-docente\/\" \/>\n<meta property=\"og:locale\" content=\"es_ES\" \/>\n<meta property=\"og:type\" content=\"article\" \/>\n<meta property=\"og:title\" content=\"Material Docente - Iaymdf\" \/>\n<meta property=\"og:description\" content=\"Mec\u00e1nica de Fluidos V\u00eddeos temario Mec\u00e1nica de Fluidos Descargar Temario Mec\u00e1nica de Fluidos Tecnolog\u00eda de M\u00e1quinas Hidr\u00e1ulicas V\u00eddeos temario Tecnolog\u00eda de M\u00e1quinas Hidr\u00e1ulicas Descargar Temario Tecnolog\u00eda de M\u00e1quinas Hidr\u00e1ulicas\" \/>\n<meta property=\"og:url\" content=\"https:\/\/departamento.us.es\/iaymdf\/material-docente\/\" \/>\n<meta property=\"og:site_name\" content=\"Iaymdf\" \/>\n<meta property=\"article:modified_time\" content=\"2024-10-11T10:02:50+00:00\" \/>\n<meta name=\"twitter:card\" content=\"summary_large_image\" \/>\n<meta name=\"twitter:label1\" content=\"Tiempo de lectura\" \/>\n\t<meta name=\"twitter:data1\" content=\"1 minuto\" \/>\n<script type=\"application\/ld+json\" class=\"yoast-schema-graph\">{\"@context\":\"https:\/\/schema.org\",\"@graph\":[{\"@type\":\"WebPage\",\"@id\":\"https:\/\/departamento.us.es\/iaymdf\/material-docente\/\",\"url\":\"https:\/\/departamento.us.es\/iaymdf\/material-docente\/\",\"name\":\"Material Docente - Iaymdf\",\"isPartOf\":{\"@id\":\"https:\/\/departamento.us.es\/iaymdf\/#website\"},\"datePublished\":\"2024-10-07T10:05:29+00:00\",\"dateModified\":\"2024-10-11T10:02:50+00:00\",\"inLanguage\":\"es\",\"potentialAction\":[{\"@type\":\"ReadAction\",\"target\":[\"https:\/\/departamento.us.es\/iaymdf\/material-docente\/\"]}]},{\"@type\":\"WebSite\",\"@id\":\"https:\/\/departamento.us.es\/iaymdf\/#website\",\"url\":\"https:\/\/departamento.us.es\/iaymdf\/\",\"name\":\"Iaymdf\",\"description\":\"Departamento de Ingenier\u00eda aeroespacial y mec\u00e1nica de fluidos\",\"potentialAction\":[{\"@type\":\"SearchAction\",\"target\":{\"@type\":\"EntryPoint\",\"urlTemplate\":\"https:\/\/departamento.us.es\/iaymdf\/?s={search_term_string}\"},\"query-input\":{\"@type\":\"PropertyValueSpecification\",\"valueRequired\":true,\"valueName\":\"search_term_string\"}}],\"inLanguage\":\"es\"}]}<\/script>\n<!-- \/ Yoast SEO plugin. -->","yoast_head_json":{"title":"Material Docente - Iaymdf","robots":{"index":"index","follow":"follow","max-snippet":"max-snippet:-1","max-image-preview":"max-image-preview:large","max-video-preview":"max-video-preview:-1"},"canonical":"https:\/\/departamento.us.es\/iaymdf\/material-docente\/","og_locale":"es_ES","og_type":"article","og_title":"Material Docente - Iaymdf","og_description":"Mec\u00e1nica de Fluidos V\u00eddeos temario Mec\u00e1nica de Fluidos Descargar Temario Mec\u00e1nica de Fluidos Tecnolog\u00eda de M\u00e1quinas Hidr\u00e1ulicas V\u00eddeos temario Tecnolog\u00eda de M\u00e1quinas Hidr\u00e1ulicas Descargar Temario Tecnolog\u00eda de M\u00e1quinas Hidr\u00e1ulicas","og_url":"https:\/\/departamento.us.es\/iaymdf\/material-docente\/","og_site_name":"Iaymdf","article_modified_time":"2024-10-11T10:02:50+00:00","twitter_card":"summary_large_image","twitter_misc":{"Tiempo de lectura":"1 minuto"},"schema":{"@context":"https:\/\/schema.org","@graph":[{"@type":"WebPage","@id":"https:\/\/departamento.us.es\/iaymdf\/material-docente\/","url":"https:\/\/departamento.us.es\/iaymdf\/material-docente\/","name":"Material Docente - Iaymdf","isPartOf":{"@id":"https:\/\/departamento.us.es\/iaymdf\/#website"},"datePublished":"2024-10-07T10:05:29+00:00","dateModified":"2024-10-11T10:02:50+00:00","inLanguage":"es","potentialAction":[{"@type":"ReadAction","target":["https:\/\/departamento.us.es\/iaymdf\/material-docente\/"]}]},{"@type":"WebSite","@id":"https:\/\/departamento.us.es\/iaymdf\/#website","url":"https:\/\/departamento.us.es\/iaymdf\/","name":"Iaymdf","description":"Departamento de Ingenier\u00eda aeroespacial y mec\u00e1nica de fluidos","potentialAction":[{"@type":"SearchAction","target":{"@type":"EntryPoint","urlTemplate":"https:\/\/departamento.us.es\/iaymdf\/?s={search_term_string}"},"query-input":{"@type":"PropertyValueSpecification","valueRequired":true,"valueName":"search_term_string"}}],"inLanguage":"es"}]}},"_links":{"self":[{"href":"https:\/\/departamento.us.es\/iaymdf\/wp-json\/wp\/v2\/pages\/4371","targetHints":{"allow":["GET"]}}],"collection":[{"href":"https:\/\/departamento.us.es\/iaymdf\/wp-json\/wp\/v2\/pages"}],"about":[{"href":"https:\/\/departamento.us.es\/iaymdf\/wp-json\/wp\/v2\/types\/page"}],"author":[{"embeddable":true,"href":"https:\/\/departamento.us.es\/iaymdf\/wp-json\/wp\/v2\/users\/9"}],"replies":[{"embeddable":true,"href":"https:\/\/departamento.us.es\/iaymdf\/wp-json\/wp\/v2\/comments?post=4371"}],"version-history":[{"count":0,"href":"https:\/\/departamento.us.es\/iaymdf\/wp-json\/wp\/v2\/pages\/4371\/revisions"}],"wp:attachment":[{"href":"https:\/\/departamento.us.es\/iaymdf\/wp-json\/wp\/v2\/media?parent=4371"}],"curies":[{"name":"wp","href":"https:\/\/api.w.org\/{rel}","templated":true}]}}