{"id":1102,"date":"2019-03-14T12:10:37","date_gmt":"2019-03-14T12:10:37","guid":{"rendered":"http:\/\/departamento.us.es\/ielectrica\/?page_id=1102"},"modified":"2026-04-16T19:13:09","modified_gmt":"2026-04-16T17:13:09","slug":"memorias-catedra-endesa","status":"publish","type":"page","link":"https:\/\/departamento.us.es\/ielectrica\/memorias-catedra-endesa\/","title":{"rendered":"Memorias Catedra Endesa Red de la Universidad de Sevilla"},"content":{"rendered":"\n<p><\/p>\n\n\n\n<div>\n\n<p>&nbsp;<\/p>\n\n<table style=\"width: 100%; border-collapse: collapse;\">\n<tbody>\n<tr>\n<td style=\"width: 57.28%; text-align: left;\">\n<span style=\"color: #333333;\">Memoria C\u00e1tedra Endesa Red Universidad de Sevilla&nbsp; 2025<\/span>\n<\/td>\n<td style=\"width: 42.68%;\"><a href=\"https:\/\/departamento.us.es\/ielectrica\/wp-content\/uploads\/2026\/04\/MEMORIA-CATEDRA-ENDESA-2025-US.pdf\" target=\"_blank\" rel=\"noopener noreferrer\"><img loading=\"lazy\" decoding=\"async\" class=\"alignleft wp-image-1547\" src=\"https:\/\/departamento.us.es\/ielectrica\/wp-content\/uploads\/2020\/03\/images.png\" alt=\"\" width=\"60\" height=\"60\" srcset=\"https:\/\/departamento.us.es\/ielectrica\/wp-content\/uploads\/2020\/03\/images.png 225w, https:\/\/departamento.us.es\/ielectrica\/wp-content\/uploads\/2020\/03\/images-150x150.png 150w\" sizes=\"auto, (max-width: 60px) 100vw, 60px\" \/>\n<\/a><\/td>\n<\/tr>\n\n<tr>\n<td style=\"width: 57.28%; text-align: left;\">\n<span style=\"color: #333333;\">Memoria C\u00e1tedra Endesa Red Universidad de Sevilla&nbsp; 2024<\/span>\n<\/td>\n<td style=\"width: 42.68%;\"><a href=\"https:\/\/departamento.us.es\/ielectrica\/wp-content\/uploads\/2025\/06\/MEMORIA-CATEDRA-ENDESA-2024-US.pdf\" target=\"_blank\" rel=\"noopener noreferrer\"><img loading=\"lazy\" decoding=\"async\" class=\"alignleft wp-image-1547\" src=\"https:\/\/departamento.us.es\/ielectrica\/wp-content\/uploads\/2020\/03\/images.png\" alt=\"\" width=\"60\" height=\"60\" srcset=\"https:\/\/departamento.us.es\/ielectrica\/wp-content\/uploads\/2020\/03\/images.png 225w, https:\/\/departamento.us.es\/ielectrica\/wp-content\/uploads\/2020\/03\/images-150x150.png 150w\" sizes=\"auto, (max-width: 60px) 100vw, 60px\" \/><\/a><\/td>\n<\/tr>\n\n<tr>\n<td style=\"width: 57.28%; text-align: left;\">\n<span style=\"color: #333333;\">Memoria C\u00e1tedra Endesa Red Universidad de Sevilla&nbsp; 2023<\/span>\n<\/td>\n<td style=\"width: 42.68%;\"><a href=\"https:\/\/departamento.us.es\/ielectrica\/wp-content\/uploads\/2024\/06\/MEMORIA-ACTIVIDADES-CATEDRA-ENDESA-US-2023.pdf\" target=\"_blank\" rel=\"noopener noreferrer\"><img loading=\"lazy\" decoding=\"async\" class=\"alignleft wp-image-1547\" src=\"https:\/\/departamento.us.es\/ielectrica\/wp-content\/uploads\/2020\/03\/images.png\" alt=\"\" width=\"60\" height=\"60\" srcset=\"https:\/\/departamento.us.es\/ielectrica\/wp-content\/uploads\/2020\/03\/images.png 225w, https:\/\/departamento.us.es\/ielectrica\/wp-content\/uploads\/2020\/03\/images-150x150.png 150w\" sizes=\"auto, (max-width: 60px) 100vw, 60px\" \/><\/a><\/td>\n<\/tr>\n<tr>\n<td style=\"width: 57.28%; text-align: left;\">\n<span style=\"color: #333333;\">Memoria C\u00e1tedra Endesa Red Universidad de Sevilla&nbsp; 2022<\/span>\n<\/td>\n<td style=\"width: 42.68%;\"><a href=\"https:\/\/departamento.us.es\/ielectrica\/wp-content\/uploads\/2023\/05\/MEMORIA-CATEDRA-ENDESA-US-2022.pdf\" target=\"_blank\" rel=\"noopener noreferrer\"><img loading=\"lazy\" decoding=\"async\" class=\"alignleft wp-image-1547\" src=\"https:\/\/departamento.us.es\/ielectrica\/wp-content\/uploads\/2020\/03\/images.png\" alt=\"\" width=\"60\" height=\"60\" srcset=\"https:\/\/departamento.us.es\/ielectrica\/wp-content\/uploads\/2020\/03\/images.png 225w, https:\/\/departamento.us.es\/ielectrica\/wp-content\/uploads\/2020\/03\/images-150x150.png 150w\" sizes=\"auto, (max-width: 60px) 100vw, 60px\" \/><\/a><\/td>\n<\/tr>\n<tr>\n<td style=\"width: 57.28%; text-align: left;\">\n<span style=\"color: #333333;\">Memoria C\u00e1tedra Endesa Red Universidad de Sevilla&nbsp; 2021<\/span>\n<\/td>\n<td style=\"width: 42.68%;\"><a href=\"https:\/\/departamento.us.es\/ielectrica\/wp-content\/uploads\/2022\/03\/MEMORIA-CATEDRA-ENDESA-2021-US.pdf\" target=\"_blank\" rel=\"noopener noreferrer\"><img loading=\"lazy\" decoding=\"async\" class=\"alignleft wp-image-1547\" src=\"https:\/\/departamento.us.es\/ielectrica\/wp-content\/uploads\/2020\/03\/images.png\" alt=\"\" width=\"60\" height=\"60\" srcset=\"https:\/\/departamento.us.es\/ielectrica\/wp-content\/uploads\/2020\/03\/images.png 225w, https:\/\/departamento.us.es\/ielectrica\/wp-content\/uploads\/2020\/03\/images-150x150.png 150w\" sizes=\"auto, (max-width: 60px) 100vw, 60px\" \/><\/a><\/td>\n<\/tr>\n<tr>\n<td style=\"width: 57.28%; text-align: left;\">\n<span style=\"color: #333333;\">Memoria C\u00e1tedra Endesa Red Universidad de Sevilla&nbsp; 2020<\/span>\n<\/td>\n<td style=\"width: 42.68%;\"><a href=\"https:\/\/departamento.us.es\/ielectrica\/wp-content\/uploads\/2021\/04\/MEMORIA-CATEDRA-ENDESA-2020.pdf\" target=\"_blank\" rel=\"noopener noreferrer\"><img loading=\"lazy\" decoding=\"async\" class=\"alignleft wp-image-1547\" src=\"https:\/\/departamento.us.es\/ielectrica\/wp-content\/uploads\/2020\/03\/images.png\" alt=\"\" width=\"60\" height=\"60\" srcset=\"https:\/\/departamento.us.es\/ielectrica\/wp-content\/uploads\/2020\/03\/images.png 225w, https:\/\/departamento.us.es\/ielectrica\/wp-content\/uploads\/2020\/03\/images-150x150.png 150w\" sizes=\"auto, (max-width: 60px) 100vw, 60px\" \/><\/a><\/td>\n<\/tr>\n<tr>\n<td style=\"width: 57.28%; text-align: left;\">\n<span style=\"color: #333333;\">Memoria C\u00e1tedra Endesa Red Universidad de Sevilla&nbsp; 2019<\/span>\n<\/td>\n<td style=\"width: 42.68%;\"><a href=\"https:\/\/departamento.us.es\/ielectrica\/wp-content\/uploads\/2020\/05\/20200204-MEMORIA-CATEDRA-ENDESA-2019.pdf\" target=\"_blank\" rel=\"noopener noreferrer\"><img loading=\"lazy\" decoding=\"async\" class=\"alignleft wp-image-1547\" src=\"https:\/\/departamento.us.es\/ielectrica\/wp-content\/uploads\/2020\/03\/images.png\" alt=\"\" width=\"60\" height=\"60\" srcset=\"https:\/\/departamento.us.es\/ielectrica\/wp-content\/uploads\/2020\/03\/images.png 225w, https:\/\/departamento.us.es\/ielectrica\/wp-content\/uploads\/2020\/03\/images-150x150.png 150w\" sizes=\"auto, (max-width: 60px) 100vw, 60px\" \/><\/a><\/td>\n<\/tr>\n<tr>\n<td style=\"width: 57.28%; text-align: left;\">\n<span style=\"color: #333333;\">Memoria C\u00e1tedra Endesa Red Universidad de Sevilla&nbsp; 2018<\/span>\n<\/td>\n<td style=\"width: 42.68%;\"><a href=\"https:\/\/departamento.us.es\/ielectrica\/wp-content\/uploads\/2019\/03\/MEMORIA-CATEDRA-ENDESA-2018.pdf\" target=\"_blank\" rel=\"noopener noreferrer\"><img loading=\"lazy\" decoding=\"async\" class=\"alignleft wp-image-1547\" src=\"https:\/\/departamento.us.es\/ielectrica\/wp-content\/uploads\/2020\/03\/images.png\" alt=\"\" width=\"55\" height=\"55\" srcset=\"https:\/\/departamento.us.es\/ielectrica\/wp-content\/uploads\/2020\/03\/images.png 225w, https:\/\/departamento.us.es\/ielectrica\/wp-content\/uploads\/2020\/03\/images-150x150.png 150w\" sizes=\"auto, (max-width: 55px) 100vw, 55px\" \/><\/a><\/td>\n<\/tr>\n<\/tbody>\n<\/table>\n<\/div>\n\n\n\n<p><\/p>\n\n\n\n<p><\/p>\n","protected":false},"excerpt":{"rendered":"<p>&nbsp; Memoria C\u00e1tedra Endesa Red Universidad de Sevilla&nbsp; 2025 Memoria C\u00e1tedra Endesa Red Universidad de Sevilla&nbsp; 2024 Memoria C\u00e1tedra Endesa Red Universidad de Sevilla&nbsp; 2023 Memoria C\u00e1tedra Endesa Red Universidad de Sevilla&nbsp; 2022 Memoria C\u00e1tedra Endesa Red Universidad de Sevilla&nbsp; <a href=\"https:\/\/departamento.us.es\/ielectrica\/memorias-catedra-endesa\/\" class=\"read-more\">Leer m\u00e1s&#8230;<\/a><\/p>\n","protected":false},"author":1,"featured_media":0,"parent":0,"menu_order":0,"comment_status":"closed","ping_status":"closed","template":"","meta":{"footnotes":""},"class_list":["post-1102","page","type-page","status-publish","hentry"],"_links":{"self":[{"href":"https:\/\/departamento.us.es\/ielectrica\/wp-json\/wp\/v2\/pages\/1102","targetHints":{"allow":["GET"]}}],"collection":[{"href":"https:\/\/departamento.us.es\/ielectrica\/wp-json\/wp\/v2\/pages"}],"about":[{"href":"https:\/\/departamento.us.es\/ielectrica\/wp-json\/wp\/v2\/types\/page"}],"author":[{"embeddable":true,"href":"https:\/\/departamento.us.es\/ielectrica\/wp-json\/wp\/v2\/users\/1"}],"replies":[{"embeddable":true,"href":"https:\/\/departamento.us.es\/ielectrica\/wp-json\/wp\/v2\/comments?post=1102"}],"version-history":[{"count":7,"href":"https:\/\/departamento.us.es\/ielectrica\/wp-json\/wp\/v2\/pages\/1102\/revisions"}],"predecessor-version":[{"id":4266,"href":"https:\/\/departamento.us.es\/ielectrica\/wp-json\/wp\/v2\/pages\/1102\/revisions\/4266"}],"wp:attachment":[{"href":"https:\/\/departamento.us.es\/ielectrica\/wp-json\/wp\/v2\/media?parent=1102"}],"curies":[{"name":"wp","href":"https:\/\/api.w.org\/{rel}","templated":true}]}}