{"id":1118,"date":"2019-03-19T07:40:55","date_gmt":"2019-03-19T07:40:55","guid":{"rendered":"http:\/\/departamento.us.es\/ielectrica\/?page_id=1118"},"modified":"2026-04-08T13:22:20","modified_gmt":"2026-04-08T11:22:20","slug":"premios-catedra-endesa","status":"publish","type":"page","link":"https:\/\/departamento.us.es\/ielectrica\/premios-catedra-endesa\/","title":{"rendered":"Premios C\u00e1tedra Endesa"},"content":{"rendered":"\n<p class=\"has-very-dark-gray-color has-text-color\"><span style=\"font-size: 24px; color: #800000;\">2026<\/span><\/p>\n\n\n\n<p>25\/03\/2026 Premios C\u00e1tedra Endesa del curso acad\u00e9mico 2024\/2025.<\/p>\n\n\n\n<figure class=\"wp-block-image size-large\"><img loading=\"lazy\" decoding=\"async\" width=\"1024\" height=\"683\" src=\"https:\/\/departamento.us.es\/ielectrica\/wp-content\/uploads\/2026\/04\/IMG_2743-1024x683.jpg\" alt=\"\" class=\"wp-image-4235\" srcset=\"https:\/\/departamento.us.es\/ielectrica\/wp-content\/uploads\/2026\/04\/IMG_2743-1024x683.jpg 1024w, https:\/\/departamento.us.es\/ielectrica\/wp-content\/uploads\/2026\/04\/IMG_2743-300x200.jpg 300w, https:\/\/departamento.us.es\/ielectrica\/wp-content\/uploads\/2026\/04\/IMG_2743-768x512.jpg 768w, https:\/\/departamento.us.es\/ielectrica\/wp-content\/uploads\/2026\/04\/IMG_2743-1536x1024.jpg 1536w, https:\/\/departamento.us.es\/ielectrica\/wp-content\/uploads\/2026\/04\/IMG_2743-2048x1365.jpg 2048w, https:\/\/departamento.us.es\/ielectrica\/wp-content\/uploads\/2026\/04\/IMG_2743-360x240.jpg 360w\" sizes=\"auto, (max-width: 1024px) 100vw, 1024px\" \/><\/figure>\n\n\n\n<p><em>De izquierda a derecha:<\/em> D. Manuel Barrag\u00e1n Villarejo, Profesor del Departamento de Ingenier\u00eda El\u00e9ctrica de la Universidad de Sevilla; D. Francisco Jes\u00fas Matas D\u00edaz, Profesor del Departamento de Ingenier\u00eda El\u00e9ctrica de la Universidad de Sevilla; D\u00aa. Eva Tena L\u00f3pez, ganadora al mejor Trabajo Fin de M\u00e1ster; D. Ra\u00fal Pastrana Castro, ganador al mejor Trabajo Fin de Grado; D. Antonio G\u00f3mez Exp\u00f3sito, director de la C\u00e1tedra Endesa y Profesor del Departamento de Ingenier\u00eda El\u00e9ctrica de la Universidad de Sevilla; D. Mario Fern\u00e1ndez Jim\u00e9nez, Head of Strategy &amp; Business Improvement\/e-Distribuci\u00f3n.<\/p>\n\n\n\n<p class=\"has-very-dark-gray-color has-text-color\"><span style=\"font-size: 24px; color: #800000;\">2025<\/span><\/p>\n\n\n\n<p> 16\/2\/2024 Premios C\u00e1tedra Endesa del curso acad\u00e9mico 2023\/2024.<\/p>\n\n\n<div class=\"wp-block-image wp-block-image aligncenter\">\n<figure class=\"\"><img decoding=\"async\" src=\"https:\/\/departamento.us.es\/ielectrica\/wp-content\/uploads\/2025\/03\/PremiosETSi2025-scaled.jpg\" alt=\"\" class=\"wp-image-3366\"\/><\/figure><\/div>\n\n\n<p><em>De izquierda a derecha<\/em>: D. Rafael S\u00e1nchez Dur\u00e1n, Director General de Endesa en Andaluc\u00eda y Extremadura; D. Manuel Rodr\u00edguez P\u00e9rez, ganador del premio al mejor Trabajo de Fin de Grado; D\u00aa. Paula Mart\u00ednez Navarro, ganadora al mejor Trabajo de Fin de M\u00e1ster; D. Mario Fern\u00e1ndez Jim\u00e9nez, Head of Strategy &amp; Business Improvement \/ e-Distribuci\u00f3n y D. Antonio G\u00f3mez Exp\u00f3sito, director de la C\u00e1tedra ENDESA.<\/p>\n\n\n\n<div style=\"height:73px\" aria-hidden=\"true\" class=\"wp-block-spacer\"><\/div>\n\n\n\n<p class=\"has-very-dark-gray-color has-text-color\"><span style=\"font-size: 24px; font-family: arial, helvetica, sans-serif; color: #800000;\">2024<\/span><\/p>\n\n\n\n<p><span style=\"font-family: arial, helvetica, sans-serif;\">&nbsp; 16\/2\/2024 Premios C\u00e1tedra Endesa del curso acad\u00e9mico 2022\/2023.<\/span><\/p>\n\n\n<div class=\"wp-block-image wp-block-image aligncenter\">\n<figure class=\"\"><img decoding=\"async\" src=\"https:\/\/departamento.us.es\/ielectrica\/wp-content\/uploads\/2025\/03\/premio_ENDESA.2023-1.png\" alt=\"\" class=\"wp-image-3366\"\/><\/figure><\/div>\n\n\n<p class=\"has-text-align-left\">De izquierda a derecha: D. Antonio G\u00f3mez Exp\u00f3sito, Director de la C\u00e1tedra Endesa de la Universidad de Sevilla; D. Juan Francisco Moscoso Romo, Premio C\u00e1tedra Endesa al mejor Trabajo Fin de M\u00e1ster; D. Rafael S\u00e1nchez Dur\u00e1n, Director General de Endesa en Andaluc\u00eda y Extremadura; D. Miguel Castro Molina, Premio C\u00e1tedra Endesa al mejor Trabajo Fin de Grado y D\u00aa. Alicia S\u00e1nchez Sanz, Responsable HSE-Medio Ambiente Endesa Red.<\/p>\n\n\n\n<div style=\"height:73px\" aria-hidden=\"true\" class=\"wp-block-spacer\"><\/div>\n\n\n\n<p class=\"has-very-dark-gray-color has-text-color\"><span style=\"font-size: 24px; font-family: arial, helvetica, sans-serif; color: #800000;\">2023<\/span><\/p>\n\n\n\n<p class=\"has-text-align-left has-text-color has-very-dark-gray-color\"><span style=\"font-family: arial, helvetica, sans-serif;\">&nbsp; 9\/3\/2023 Premios C\u00e1tedra Endesa del curso acad\u00e9mico 2021\/2022.<\/span><br><\/p>\n\n\n<div class=\"wp-block-image\">\n<figure class=\"aligncenter\"><img loading=\"lazy\" decoding=\"async\" width=\"2508\" height=\"1672\" src=\"http:\/\/departamento.us.es\/ielectrica\/wp-content\/uploads\/2023\/03\/premios-catedra3.jpg\" alt=\"\" class=\"wp-image-3350\" srcset=\"https:\/\/departamento.us.es\/ielectrica\/wp-content\/uploads\/2023\/03\/premios-catedra3.jpg 2508w, https:\/\/departamento.us.es\/ielectrica\/wp-content\/uploads\/2023\/03\/premios-catedra3-300x200.jpg 300w, https:\/\/departamento.us.es\/ielectrica\/wp-content\/uploads\/2023\/03\/premios-catedra3-1024x683.jpg 1024w, https:\/\/departamento.us.es\/ielectrica\/wp-content\/uploads\/2023\/03\/premios-catedra3-768x512.jpg 768w, https:\/\/departamento.us.es\/ielectrica\/wp-content\/uploads\/2023\/03\/premios-catedra3-1536x1024.jpg 1536w, https:\/\/departamento.us.es\/ielectrica\/wp-content\/uploads\/2023\/03\/premios-catedra3-2048x1365.jpg 2048w, https:\/\/departamento.us.es\/ielectrica\/wp-content\/uploads\/2023\/03\/premios-catedra3-360x240.jpg 360w\" sizes=\"auto, (max-width: 2508px) 100vw, 2508px\" \/><\/figure><\/div>\n\n\n<p class=\"has-text-align-left has-text-color has-very-dark-gray-color\"><span style=\"font-family: arial, helvetica, sans-serif;\"><\/span><\/p>\n\n\n\n<p class=\"has-text-align-center has-text-color has-very-dark-gray-color\"><span style=\"font-family: arial, helvetica, sans-serif; font-size: 14px;\">De izquierda a derecha: D. Antonio G\u00f3mez Exp\u00f3sito, Director de la C\u00e1tedra Endesa de la Universidad de Sevilla; D. Salvador Fuentes Fuentes, Premio C\u00e1tedra Endesa al mejor Trabajo Fin de M\u00e1ster; D. Francisco Ramos P\u00e9rez, Premio C\u00e1tedra Endesa al mejor Trabajo Fin de Grado; D. Francisco Jos\u00e9 Guti\u00e9rrez Garc\u00eda, Tutor del premiado de M\u00e1ster <br><\/span><span style=\"font-family: arial, helvetica, sans-serif; font-size: 14px;\">y D. Rafael S\u00e1nchez Dur\u00e1n, Director General de Endesa en Andaluc\u00eda y Extremadura.<\/span><\/p>\n","protected":false},"excerpt":{"rendered":"<p>2026 25\/03\/2026 Premios C\u00e1tedra Endesa del curso acad\u00e9mico 2024\/2025. De izquierda a derecha: D. Manuel Barrag\u00e1n Villarejo, Profesor del Departamento de Ingenier\u00eda El\u00e9ctrica de la Universidad de Sevilla; D. Francisco Jes\u00fas Matas D\u00edaz, Profesor del Departamento de Ingenier\u00eda El\u00e9ctrica de <a href=\"https:\/\/departamento.us.es\/ielectrica\/premios-catedra-endesa\/\" class=\"read-more\">Leer m\u00e1s&#8230;<\/a><\/p>\n","protected":false},"author":1,"featured_media":0,"parent":0,"menu_order":0,"comment_status":"closed","ping_status":"closed","template":"","meta":{"footnotes":""},"class_list":["post-1118","page","type-page","status-publish","hentry"],"_links":{"self":[{"href":"https:\/\/departamento.us.es\/ielectrica\/wp-json\/wp\/v2\/pages\/1118","targetHints":{"allow":["GET"]}}],"collection":[{"href":"https:\/\/departamento.us.es\/ielectrica\/wp-json\/wp\/v2\/pages"}],"about":[{"href":"https:\/\/departamento.us.es\/ielectrica\/wp-json\/wp\/v2\/types\/page"}],"author":[{"embeddable":true,"href":"https:\/\/departamento.us.es\/ielectrica\/wp-json\/wp\/v2\/users\/1"}],"replies":[{"embeddable":true,"href":"https:\/\/departamento.us.es\/ielectrica\/wp-json\/wp\/v2\/comments?post=1118"}],"version-history":[{"count":6,"href":"https:\/\/departamento.us.es\/ielectrica\/wp-json\/wp\/v2\/pages\/1118\/revisions"}],"predecessor-version":[{"id":4238,"href":"https:\/\/departamento.us.es\/ielectrica\/wp-json\/wp\/v2\/pages\/1118\/revisions\/4238"}],"wp:attachment":[{"href":"https:\/\/departamento.us.es\/ielectrica\/wp-json\/wp\/v2\/media?parent=1118"}],"curies":[{"name":"wp","href":"https:\/\/api.w.org\/{rel}","templated":true}]}}