{"id":113,"date":"2017-10-24T15:02:41","date_gmt":"2017-10-24T15:02:41","guid":{"rendered":"http:\/\/departamento.us.es\/ielectrica\/?page_id=113"},"modified":"2020-06-12T16:32:11","modified_gmt":"2020-06-12T16:32:11","slug":"localizacion","status":"publish","type":"page","link":"https:\/\/departamento.us.es\/ielectrica\/localizacion\/","title":{"rendered":"Localizaci\u00f3n"},"content":{"rendered":"<p><span style=\"font-family: arial, helvetica, sans-serif; font-size: 24px; color: #800000;\">Localizaci\u00f3n<\/span><\/p>\n<p><span style=\"font-family: arial, helvetica, sans-serif;\">El Departamento de Ingenier\u00eda El\u00e9ctrica imparte docencia en dos centros:&nbsp;&nbsp; &nbsp;&nbsp;<\/span><\/p>\n<p><span style=\"color: #993300;\">&nbsp;&nbsp;&nbsp;&nbsp;&nbsp;&nbsp;&nbsp;&nbsp;&nbsp;&nbsp;&nbsp;&nbsp;&nbsp;&nbsp;&nbsp;&nbsp;&nbsp;&nbsp;&nbsp;&nbsp;&nbsp;&nbsp;&nbsp;&nbsp;&nbsp;&nbsp;&nbsp;&nbsp; <\/span><\/p>\n<table width=\"891\">\n<tbody>\n<tr>\n<td><a href=\"https:\/\/www.google.es\/maps\/place\/Universidad+de+Sevilla,+Escuela+T%C3%A9cnica+Superior+de+Ingenier%C3%ADa\/@37.4114294,-6.0014269,15z\/data=!4m5!3m4!1s0x0:0x1eff678001d33a1!8m2!3d37.4114294!4d-6.0014269\"><img loading=\"lazy\" decoding=\"async\" class=\"aligncenter wp-image-518 \" src=\"http:\/\/departamento.us.es\/ielectrica\/wp-content\/uploads\/2018\/01\/etsi-300x221.png\" alt=\"\" width=\"283\" height=\"209\" srcset=\"https:\/\/departamento.us.es\/ielectrica\/wp-content\/uploads\/2018\/01\/etsi-300x221.png 300w, https:\/\/departamento.us.es\/ielectrica\/wp-content\/uploads\/2018\/01\/etsi-360x266.png 360w, https:\/\/departamento.us.es\/ielectrica\/wp-content\/uploads\/2018\/01\/etsi.png 469w\" sizes=\"auto, (max-width: 283px) 100vw, 283px\" \/><\/a><\/td>\n<td style=\"text-align: left;\"><a href=\"https:\/\/www.google.es\/maps\/place\/Escuela+Polit%C3%A9cnica+Superior\/@37.3762705,-6.0026912,15z\/data=!4m5!3m4!1s0x0:0xa6da392ca25e6a40!8m2!3d37.3762705!4d-6.0026912\"><img loading=\"lazy\" decoding=\"async\" class=\"aligncenter wp-image-515 size-medium\" src=\"http:\/\/departamento.us.es\/ielectrica\/wp-content\/uploads\/2018\/01\/eps-300x211.png\" alt=\"\" width=\"300\" height=\"211\" srcset=\"https:\/\/departamento.us.es\/ielectrica\/wp-content\/uploads\/2018\/01\/eps-300x211.png 300w, https:\/\/departamento.us.es\/ielectrica\/wp-content\/uploads\/2018\/01\/eps-360x253.png 360w, https:\/\/departamento.us.es\/ielectrica\/wp-content\/uploads\/2018\/01\/eps.png 558w\" sizes=\"auto, (max-width: 300px) 100vw, 300px\" \/><\/a><\/td>\n<\/tr>\n<tr>\n<td style=\"text-align: center;\"><span style=\"font-size: 20px; color: #993300; font-family: arial, helvetica, sans-serif;\">Escuela T\u00e9cnica Superior de Ingenier\u00eda<\/span><br \/>\n<span style=\"font-family: arial, helvetica, sans-serif;\">Camino de los Descubrimientos, s\/n<\/span><br \/>\n<span style=\"font-family: arial, helvetica, sans-serif;\">41092 Sevilla<\/span><\/td>\n<td style=\"text-align: center;\"><span style=\"font-family: arial, helvetica, sans-serif; font-size: 20px;\"><span style=\"color: #993300;\">Escuela <\/span><span style=\"color: #993300;\">Polit\u00e9cnica <\/span><span style=\"color: #993300;\">Superior<\/span><\/span><br \/>\n<span style=\"font-family: arial, helvetica, sans-serif;\">C\/ Virgen de \u00c1frica, 7<\/span><br \/>\n<span style=\"font-family: arial, helvetica, sans-serif;\">41011 Sevilla<\/span><\/td>\n<\/tr>\n<\/tbody>\n<\/table>\n<p align=\"justify\"><span style=\"color: #993300; font-size: 18pt;\"><span style=\"font-size: 14pt;\">&nbsp;&nbsp;&nbsp;&nbsp;&nbsp;<\/span><\/span><\/p>\n","protected":false},"excerpt":{"rendered":"<p>Localizaci\u00f3n El Departamento de Ingenier\u00eda El\u00e9ctrica imparte docencia en dos centros:&nbsp;&nbsp; &nbsp;&nbsp; &nbsp;&nbsp;&nbsp;&nbsp;&nbsp;&nbsp;&nbsp;&nbsp;&nbsp;&nbsp;&nbsp;&nbsp;&nbsp;&nbsp;&nbsp;&nbsp;&nbsp;&nbsp;&nbsp;&nbsp;&nbsp;&nbsp;&nbsp;&nbsp;&nbsp;&nbsp;&nbsp;&nbsp; Escuela T\u00e9cnica Superior de Ingenier\u00eda Camino de los Descubrimientos, s\/n 41092 Sevilla Escuela Polit\u00e9cnica Superior C\/ Virgen de \u00c1frica, 7 41011 Sevilla &nbsp;&nbsp;&nbsp;&nbsp;&nbsp;<\/p>\n","protected":false},"author":1,"featured_media":0,"parent":0,"menu_order":0,"comment_status":"closed","ping_status":"closed","template":"","meta":{"footnotes":""},"class_list":["post-113","page","type-page","status-publish","hentry"],"_links":{"self":[{"href":"https:\/\/departamento.us.es\/ielectrica\/wp-json\/wp\/v2\/pages\/113","targetHints":{"allow":["GET"]}}],"collection":[{"href":"https:\/\/departamento.us.es\/ielectrica\/wp-json\/wp\/v2\/pages"}],"about":[{"href":"https:\/\/departamento.us.es\/ielectrica\/wp-json\/wp\/v2\/types\/page"}],"author":[{"embeddable":true,"href":"https:\/\/departamento.us.es\/ielectrica\/wp-json\/wp\/v2\/users\/1"}],"replies":[{"embeddable":true,"href":"https:\/\/departamento.us.es\/ielectrica\/wp-json\/wp\/v2\/comments?post=113"}],"version-history":[{"count":0,"href":"https:\/\/departamento.us.es\/ielectrica\/wp-json\/wp\/v2\/pages\/113\/revisions"}],"wp:attachment":[{"href":"https:\/\/departamento.us.es\/ielectrica\/wp-json\/wp\/v2\/media?parent=113"}],"curies":[{"name":"wp","href":"https:\/\/api.w.org\/{rel}","templated":true}]}}