{"id":1633,"date":"2020-04-30T08:28:56","date_gmt":"2020-04-30T08:28:56","guid":{"rendered":"http:\/\/departamento.us.es\/ielectrica\/?page_id=1633"},"modified":"2026-03-19T20:06:41","modified_gmt":"2026-03-19T19:06:41","slug":"trabajo","status":"publish","type":"page","link":"https:\/\/departamento.us.es\/ielectrica\/trabajo\/","title":{"rendered":"Trabajo"},"content":{"rendered":"\n<p><span style=\"color: #800000; font-size: 28px; font-family: arial, helvetica, sans-serif;\">Ofertas de Empleo<\/span><\/p>\n\n\n\n<p class=\"has-text-align-center\"><span style=\"font-size: 36px;\"><strong><span style=\"color: #3366ff;\">2026<\/span><\/strong><\/span><\/p>\n\n\n<div class=\"wp-block-image\">\n<figure class=\"aligncenter size-full is-resized\"><img loading=\"lazy\" decoding=\"async\" width=\"199\" height=\"61\" src=\"https:\/\/departamento.us.es\/ielectrica\/wp-content\/uploads\/2026\/03\/image.png\" alt=\"\" class=\"wp-image-4206\" style=\"width:294px;height:auto\"\/><\/figure><\/div>\n\n\n<p><mark style=\"background-color:rgba(0, 0, 0, 0)\" class=\"has-inline-color has-black-color\"><strong>19\/03\/2026  <\/strong> <strong>Ingeniero\/a de la Energ\u00eda \u2013 Sevilla.<\/strong><\/mark>       <\/p>\n\n\n\n<div class=\"wp-block-group is-vertical is-layout-flex wp-container-core-group-is-layout-8cf370e7 wp-block-group-is-layout-flex\">\n<p>Consultor\u00eda energ\u00e9tica especializada en la gesti\u00f3n integral de la energ\u00eda, con sede en Sevilla, muy cerca de la Escuela de Ingenier\u00eda, est\u00e1 interesada en incorporar a un\/a Ingeniero\/a de la Energ\u00eda a su equipo.<\/p>\n\n\n\n<p><br><sup><mark style=\"background-color:rgba(0, 0, 0, 0)\" class=\"has-inline-color has-black-color\">Descripci\u00f3n del puesto<\/mark>:<\/sup><br>Buscamos un\/a Ingeniero\/a de la Energ\u00eda o estudiante que est\u00e9 finalizando el grado para incorporarse a nuestro equipo t\u00e9cnico en Sevilla. La persona seleccionada realizar\u00e1 principalmente las siguientes funciones:<br>\u2022 C\u00e1lculo, an\u00e1lisis y supervisi\u00f3n de la huella de carbono de clientes, incluyendo la elaboraci\u00f3n de informes y el seguimiento de planes de reducci\u00f3n.<br>\u2022 C\u00e1lculo, tramitaci\u00f3n y gesti\u00f3n integral de expedientes de Certificados de Ahorro Energ\u00e9tico (CAE).<br>\u2022 Elaboraci\u00f3n de informes t\u00e9cnicos sobre ahorro y optimizaci\u00f3n de costes energ\u00e9ticos, identificando oportunidades de mejora y realizando estudios de optimizaci\u00f3n de potencia contratada, tarifa de acceso y caudal.<br>\u2022 Gesti\u00f3n de la compra de energ\u00eda, as\u00ed como revisi\u00f3n y validaci\u00f3n de facturaci\u00f3n energ\u00e9tica.<br>\u2022 Seguimiento y aplicaci\u00f3n de la normativa vigente en materia energ\u00e9tica, asegurando el cumplimiento regulatorio.<\/p>\n\n\n\n<p><br><sup><mark style=\"background-color:rgba(0, 0, 0, 0)\" class=\"has-inline-color has-black-color\">Requisitos<\/mark>:<\/sup><br>\u2022 Manejo de software de dise\u00f1o y c\u00e1lculo (Excel avanzado, AutoCAD, EnergyPlus o similares).<br>\u2022 Conocimientos sobre suministro el\u00e9ctrico en baja y media tensi\u00f3n (BT\/MT), incluyendo dise\u00f1o, c\u00e1lculo y supervisi\u00f3n de instalaciones conforme a la normativa vigente.<br>\u2022 Conocimiento de la normativa energ\u00e9tica espa\u00f1ola (estructura tarifaria, peajes de acceso, cargos, regulaci\u00f3n el\u00e9ctrica y de gas, legislaci\u00f3n de sostenibilidad, etc.).<br>Conocimientos en t\u00e9cnicas y metodolog\u00edas orientadas a la reducci\u00f3n del consumo energ\u00e9tico y la optimizaci\u00f3n de sistemas, tanto en entornos industriales como en el sector terciario.<\/p>\n\n\n\n<p><br><sup><mark style=\"background-color:rgba(0, 0, 0, 0)\" class=\"has-inline-color has-black-color\">Se ofrece<\/mark>:<\/sup><br>\u2022 Contrato a jornada completa (posibilidad de jornada parcial para compatibilizar con estudios).<br>\u2022 Salario competitivo acorde a la experiencia.<br>\u2022 Formaci\u00f3n continua.<br>\u2022 Posibilidades reales de desarrollo profesional.<br>\u2022 Buen ambiente de trabajo y horario intensivo.<br>\u2022 La oficina est\u00e1 ubicada cerca de la Escuela de Ingenier\u00eda de la Energ\u00eda en Sevilla.<br>\u2022 Posibilidad de gestionar<\/p>\n\n\n\n<p><br><mark style=\"background-color:rgba(0, 0, 0, 0)\" class=\"has-inline-color has-black-color\"><sup>Como postular:<\/sup><\/mark><br><mark style=\"background-color:rgba(0, 0, 0, 0)\" class=\"has-inline-color has-navy-blue-color\">\u2022<\/mark><strong><mark style=\"background-color:rgba(0, 0, 0, 0)\" class=\"has-inline-color has-light-blue-color\"> Enviar CV actualizado y carta de motivaci\u00f3n a:<em> info@aimpsoluciones.com<\/em><br>  <sub>Asunto: Candidatura Ingeniero\/a Energ\u00eda \u2013 Sevilla<\/sub><\/mark><\/strong><\/p>\n<\/div>\n\n\n\n<div style=\"height:21px\" aria-hidden=\"true\" class=\"wp-block-spacer\"><\/div>\n\n\n<div class=\"wp-block-image\">\n<figure class=\"aligncenter size-full is-resized\"><img loading=\"lazy\" decoding=\"async\" width=\"512\" height=\"512\" src=\"https:\/\/departamento.us.es\/ielectrica\/wp-content\/uploads\/2023\/11\/Logo.png\" alt=\"\" class=\"wp-image-3590\" style=\"width:93px;height:auto\" srcset=\"https:\/\/departamento.us.es\/ielectrica\/wp-content\/uploads\/2023\/11\/Logo.png 512w, https:\/\/departamento.us.es\/ielectrica\/wp-content\/uploads\/2023\/11\/Logo-300x300.png 300w, https:\/\/departamento.us.es\/ielectrica\/wp-content\/uploads\/2023\/11\/Logo-150x150.png 150w, https:\/\/departamento.us.es\/ielectrica\/wp-content\/uploads\/2023\/11\/Logo-270x270.png 270w\" sizes=\"auto, (max-width: 512px) 100vw, 512px\" \/><\/figure><\/div>\n\n\n<p class=\"has-text-align-left has-normal-font-size\">&nbsp;<strong><span style=\"color: #000000;\">28\/01\/2026<\/span>&nbsp;&nbsp;&nbsp;&nbsp;<\/strong>The Department of Electrical Engineering at the University of Seville (Spain) is offering a PhD scholarship <span style=\"font-size: 20px;\"><strong><strong>fully funded<\/strong><\/strong><\/span> by the Ministry of Science, Innovation and Universities, associated with the research project \u201cGFM-BEING. Grid-ForMing Inverter Based Resources for enhancing stability in sustainable power systems: BEyond the INertial response\u201d.<\/p>\n\n\n\n<p>GFM-BEING is moving a step forward to analyse the contribution of the GFM Inverter Based Resources (IBRs) beyond the classical ancillary services, exploring the damping of electromechanical and converter-driven oscillations, the enhancement of transient stability during large-disturbances and the seamless transitions from grid-connected to&nbsp;islanded operation modes. Moreover, new design IBR procedures devoted to increase the overloading capability of IBRs during short-circuit faults will be explored. <\/p>\n\n\n\n<p>Full details on the PhD position can be found here: <a href=\"https:\/\/departamento.us.es\/ielectrica\/wp-content\/uploads\/2026\/01\/open-position-USE.pdf\"><span style=\"font-size: 24px;\"><strong>link<\/strong><\/span><\/a>.<\/p>\n\n\n\n<p>If you are interested on this opportunity, please complete the following <a href=\"https:\/\/docs.google.com\/forms\/d\/e\/1FAIpQLSeNZhuxFBErCWSREjG31HmVEMIODpDRs5fzaR9xoZz4Elye8A\/viewform?usp=dialog\"><span style=\"font-size: 24px;\"><strong>form<\/strong><\/span><\/a>.<\/p>\n\n\n\n<div style=\"height:59px\" aria-hidden=\"true\" class=\"wp-block-spacer\"><\/div>\n\n\n\n<p class=\"has-text-align-center\"><span style=\"font-size: 36px;\"><strong><span style=\"color: #3366ff;\">2025<\/span><\/strong><\/span><\/p>\n\n\n\n<div style=\"height:15px\" aria-hidden=\"true\" class=\"wp-block-spacer\"><\/div>\n\n\n\n<p>&nbsp;<strong><span style=\"color: #000000;\">10\/07\/2025<\/span>&nbsp;Oferta de Beca<\/strong> en &nbsp;&nbsp;<a href=\"https:\/\/www.enel.com\/\"><img loading=\"lazy\" decoding=\"async\" width=\"212\" height=\"30\" src=\"https:\/\/departamento.us.es\/ielectrica\/wp-content\/uploads\/2024\/06\/logo-enel.png\" alt=\"\"><\/a><\/p>\n\n\n\n<p>El grupo <span style=\"font-size: 20px;\"><strong>ENEL <\/strong><\/span><span style=\"font-size: 14px;\"><strong>(ENDESA)<\/strong><\/span> oferta una beca dirigida a graduados en ingenier\u00eda industrial (especialidad El\u00e9ctrica o Autom\u00e1tica) o Ingenier\u00eda de Telecomunicaciones. Para m\u00e1s informaci\u00f3n puede acceder al <a href=\"https:\/\/departamento.us.es\/ielectrica\/wp-content\/uploads\/2025\/09\/beca_endesa-20250917-1.pdf\"><strong>documento con la oferta<\/strong><\/a>.<\/p>\n\n\n\n<div style=\"height:47px\" aria-hidden=\"true\" class=\"wp-block-spacer\"><\/div>\n\n\n\n<p><strong><span style=\"color: #000000;\">10\/07\/2025<\/span>&nbsp;<\/strong><strong>Oferta de trabajo<\/strong> en &nbsp;&nbsp;<a href=\"https:\/\/www.enel.com\/\"><img loading=\"lazy\" decoding=\"async\" src=\"https:\/\/departamento.us.es\/ielectrica\/wp-content\/uploads\/2024\/06\/logo-enel.png\" alt=\"\" width=\"212\" height=\"30\"><\/a><\/p>\n\n\n\n<p>El grupo <span style=\"font-size: 20px;\"><strong>ENEL <\/strong><\/span>busca a un t\u00e9cnico\/a gestor\/a de distribuci\u00f3n. Para m\u00e1s informaci\u00f3n pueden dirigirse a la p\u00e1gina de la oferta: <a href=\"https:\/\/jobs.enel.com\/es_ES\/careers\/JobDetail\/17280\">https:\/\/jobs.enel.com\/es_ES\/careers\/JobDetail\/17280<\/a>.<\/p>\n\n\n\n<p>&nbsp;<\/p>\n\n\n\n<p><strong><span style=\"color: #000000;\">10\/03\/2025<\/span> <\/strong><a href=\"https:\/\/atarenewables.com\/\"><img loading=\"lazy\" decoding=\"async\" src=\"https:\/\/departamento.us.es\/ielectrica\/wp-content\/uploads\/2025\/03\/ata_renewables_logo.png\" alt=\"\" width=\"212\" height=\"30\"><\/a><\/p>\n\n\n\n<p><span style=\"font-size: 20px;\"><strong>ATA Renewables <\/strong><\/span>busca <span data-olk-copy-source=\"MessageBody\"> a una persona <strong>estudiante de ingenier\u00eda<\/strong> que se encuentre finalizando sus estudios, din\u00e1mica, entusiasta y proactiva para unirse a nuestro equipo en el departamento de ATA Storage. Imprescindible con especialidad en ingenier\u00eda el\u00e9ctrica y conocimientos de software de c\u00e1lculo el\u00e9ctrico como ETAP, PSCAD, entre otros. Esta persona aprender\u00eda sobre dise\u00f1o e ingenier\u00eda de sistemas de almacenamiento con bater\u00edas y sistemas de generaci\u00f3n de H<sub>2<\/sub>.<\/span><\/p>\n\n\n\n<p><span data-olk-copy-source=\"MessageBody\">En caso de inter\u00e9s por favor <strong>enviar CV<\/strong> a rrhh@ata.email y sergio.saenz@ata.email<\/span><\/p>\n\n\n\n<p>&nbsp;<\/p>\n\n\n\n<p><strong>10\/03\/2025 <\/strong><a href=\"https:\/\/atarenewables.com\/\"><img loading=\"lazy\" decoding=\"async\" src=\"https:\/\/departamento.us.es\/ielectrica\/wp-content\/uploads\/2025\/03\/ata_renewables_logo.png\" alt=\"\" width=\"212\" height=\"30\"><\/a><\/p>\n\n\n\n<p><strong>ATA Renewables <\/strong>busca a <strong>i<\/strong><span data-olk-copy-source=\"MessageBody\"><strong>ngenieros\/as el\u00e9ctricos\/as Junior<\/strong> para expandir nuestro departamento de Almacenamiento e Hidr\u00f3geno. Las personas candidatas ideales tendr\u00e1n experiencia en sistemas de bater\u00edas (BESS) y\/o Fotovoltaica, y manejo de software de c\u00e1lculo el\u00e9ctrico.<\/span><\/p>\n\n\n\n<p><span data-olk-copy-source=\"MessageBody\"><b>Requisitos Esenciales:<\/b><\/span><\/p>\n\n\n\n<ul class=\"wp-block-list\">\n<li>T\u00edtulo en Ingenier\u00eda El\u00e9ctrica o af\u00edn.<\/li>\n\n\n\n<li>Experiencia en dise\u00f1o y an\u00e1lisis de sistemas BESS y\/o Fotovoltaica.<\/li>\n\n\n\n<li>Conocimientos de software de c\u00e1lculo el\u00e9ctrico como ETAP, PSCAD, etc.<\/li>\n\n\n\n<li>Habilidad para trabajar en un entorno din\u00e1mico.<\/li>\n<\/ul>\n\n\n\n<p><b>Responsabilidades:<\/b><\/p>\n\n\n\n<ul class=\"wp-block-list\">\n<li>Dise\u00f1ar y desarrollar sistemas de almacenamiento de energ\u00eda.<\/li>\n\n\n\n<li>Realizar c\u00e1lculos el\u00e9ctricos y simulaciones para la optimizaci\u00f3n de sistemas.<\/li>\n\n\n\n<li>Colaborar en la preparaci\u00f3n de propuestas t\u00e9cnicas y presentaciones a clientes.<\/li>\n\n\n\n<li>Asegurar el cumplimiento de normativas y est\u00e1ndares t\u00e9cnicos en los proyectos.<\/li>\n<\/ul>\n\n\n\n<p>En caso de inter\u00e9s por favor <strong>enviar CV<\/strong> a rrhh@ata.email y sergio.saenz@ata.email<\/p>\n\n\n\n<p>&nbsp;<\/p>\n\n\n\n<p class=\"has-text-align-center\"><a href=\"https:\/\/www.enel.com\/\"><\/a><\/p>\n\n\n\n<p>\u00a0<a href=\"https:\/\/www.enel.com\/\"><\/a><\/p>\n\n\n\n<p>\u00a0<\/p>\n\n\n\n<p>&nbsp;<\/p>\n\n\n\n<p><span style=\"color: #000000;\"><br><br><\/span><\/p>\n","protected":false},"excerpt":{"rendered":"<p>Ofertas de Empleo 2026 19\/03\/2026 Ingeniero\/a de la Energ\u00eda \u2013 Sevilla. Consultor\u00eda energ\u00e9tica especializada en la gesti\u00f3n integral de la energ\u00eda, con sede en Sevilla, muy cerca de la Escuela de Ingenier\u00eda, est\u00e1 interesada en incorporar a un\/a Ingeniero\/a de <a href=\"https:\/\/departamento.us.es\/ielectrica\/trabajo\/\" class=\"read-more\">Leer m\u00e1s&#8230;<\/a><\/p>\n","protected":false},"author":1,"featured_media":0,"parent":0,"menu_order":0,"comment_status":"closed","ping_status":"closed","template":"","meta":{"footnotes":""},"class_list":["post-1633","page","type-page","status-publish","hentry"],"_links":{"self":[{"href":"https:\/\/departamento.us.es\/ielectrica\/wp-json\/wp\/v2\/pages\/1633","targetHints":{"allow":["GET"]}}],"collection":[{"href":"https:\/\/departamento.us.es\/ielectrica\/wp-json\/wp\/v2\/pages"}],"about":[{"href":"https:\/\/departamento.us.es\/ielectrica\/wp-json\/wp\/v2\/types\/page"}],"author":[{"embeddable":true,"href":"https:\/\/departamento.us.es\/ielectrica\/wp-json\/wp\/v2\/users\/1"}],"replies":[{"embeddable":true,"href":"https:\/\/departamento.us.es\/ielectrica\/wp-json\/wp\/v2\/comments?post=1633"}],"version-history":[{"count":13,"href":"https:\/\/departamento.us.es\/ielectrica\/wp-json\/wp\/v2\/pages\/1633\/revisions"}],"predecessor-version":[{"id":4210,"href":"https:\/\/departamento.us.es\/ielectrica\/wp-json\/wp\/v2\/pages\/1633\/revisions\/4210"}],"wp:attachment":[{"href":"https:\/\/departamento.us.es\/ielectrica\/wp-json\/wp\/v2\/media?parent=1633"}],"curies":[{"name":"wp","href":"https:\/\/api.w.org\/{rel}","templated":true}]}}