{"id":176,"date":"2017-11-03T12:44:14","date_gmt":"2017-11-03T12:44:14","guid":{"rendered":"http:\/\/departamento.us.es\/ielectrica\/?page_id=176"},"modified":"2026-01-29T14:54:51","modified_gmt":"2026-01-29T13:54:51","slug":"grado","status":"publish","type":"page","link":"https:\/\/departamento.us.es\/ielectrica\/grado\/","title":{"rendered":"Grado"},"content":{"rendered":"<h3><strong><span style=\"color: #800000;\">GRADOS IMPARTIDOS EN LA ESCUELA T\u00c9CNICA SUPERIOR DE INGENIER\u00cdA<\/span><\/strong><\/h3>\n<p><a href=\"https:\/\/www.us.es\/estudiar\/que-estudiar\/oferta-de-grados\/grado-en-ingenieria-aeroespacial\" target=\"_blank\" rel=\"noopener noreferrer\">Grado en Ingenier\u00eda Aeroespacial\u00a0<\/a><\/p>\n<p><a href=\"https:\/\/www.us.es\/estudiar\/que-estudiar\/oferta-de-grados\/grado-en-ingenieria-civil\" target=\"_blank\" rel=\"noopener noreferrer\">Grado en Ingenier\u00eda Civil\u00a0<\/a><\/p>\n<p><a href=\"https:\/\/www.us.es\/estudiar\/que-estudiar\/oferta-de-grados\/grado-en-ingenieria-de-la-energia-por-la-un-de-sevilla-y-la\" target=\"_blank\" rel=\"noopener noreferrer\">Grado en Ingenier\u00eda de la Energ\u00eda por la Un. de Sevilla y la Un. de M\u00e1laga<\/a><\/p>\n<p><a href=\"https:\/\/www.us.es\/estudiar\/que-estudiar\/oferta-de-grados\/grado-en-ingenieria-de-las-tecnologias-de-telecomunicacion\" target=\"_blank\" rel=\"noopener noreferrer\">Grado en Ingenier\u00eda de las Tecnolog\u00edas de Telecomunicaci\u00f3n\u00a0<\/a><\/p>\n<p><a href=\"https:\/\/www.us.es\/estudiar\/que-estudiar\/oferta-de-grados\/grado-en-ingenieria-de-organizacion-industrial-por-la-u\" target=\"_blank\" rel=\"noopener noreferrer\">Grado en Ingenier\u00eda de Organizaci\u00f3n Industrial por la U. M\u00e1laga y U.Sevilla\u00a0<\/a><\/p>\n<p><a href=\"https:\/\/www.us.es\/estudiar\/que-estudiar\/oferta-de-grados\/grado-en-ingenieria-de-tecnologias-industriales\" target=\"_blank\" rel=\"noopener noreferrer\">Grado en Ingenier\u00eda de Tecnolog\u00edas Industriales\u00a0<\/a><\/p>\n<p><a href=\"http:\/\/Grado en Ingenier\u00eda de Tecnolog\u00edas Industriales (2024)\">Grado en Ingenier\u00eda de Tecnolog\u00edas Industriales (2024)<\/a><\/p>\n<p><a href=\"https:\/\/www.us.es\/estudiar\/que-estudiar\/oferta-de-grados\/grado-en-ingenieria-electronica-robotica-y-mecatronica-uma\" target=\"_blank\" rel=\"noopener noreferrer\">Grado en Ingenier\u00eda Electr\u00f3nica, Rob\u00f3tica y Mecatr\u00f3nica (UMA-US)\u00a0<\/a><\/p>\n<p><a href=\"https:\/\/www.us.es\/estudiar\/que-estudiar\/oferta-de-grados\/grado-en-ingenieria-quimica\" target=\"_blank\" rel=\"noopener noreferrer\">Grado en Ingenier\u00eda Qu\u00edmica\u00a0<\/a><\/p>\n<h3><strong><span style=\"color: #800000;\">GRADOS IMPARTIDOS EN LA ESCUELA POLIT\u00c9CNICA SUPERIOR<\/span><\/strong><\/h3>\n<p><a href=\"https:\/\/www.us.es\/estudiar\/que-estudiar\/oferta-de-grados\/doble-grado-en-ingen-diseno-indy-desarrollo-del-producto-e\" target=\"_blank\" rel=\"noopener noreferrer\">Doble Grado en Ing.en Dise\u00f1o Ind.y Desarrollo del Producto e Ing. Mec\u00e1nica\u00a0<\/a><\/p>\n<p><a href=\"https:\/\/www.us.es\/estudiar\/que-estudiar\/oferta-de-grados\/doble-grado-en-ingenieria-electrica-e-ingenieria-electronica\" target=\"_blank\" rel=\"noopener noreferrer\">Doble Grado en Ingenier\u00eda El\u00e9ctrica e Ingenier\u00eda Electr\u00f3nica Industrial<\/a><\/p>\n<p><a href=\"https:\/\/www.us.es\/estudiar\/que-estudiar\/oferta-de-grados\/doble-grado-en-ingenieria-electrica-e-ingenieria-mecanica\" target=\"_blank\" rel=\"noopener noreferrer\">Doble Grado en Ingenier\u00eda El\u00e9ctrica e Ingenier\u00eda Mec\u00e1nica<\/a><\/p>\n<p><a href=\"https:\/\/www.us.es\/estudiar\/que-estudiar\/oferta-de-grados\/grado-en-ingenieria-electrica\" target=\"_blank\" rel=\"noopener noreferrer\">Grado en Ingenier\u00eda El\u00e9ctrica\u00a0<\/a><\/p>\n<p><a href=\"https:\/\/www.us.es\/estudiar\/que-estudiar\/oferta-de-grados\/grado-en-ingenieria-electronica-industrial\" target=\"_blank\" rel=\"noopener noreferrer\">Grado en Ingenier\u00eda Electr\u00f3nica Industrial\u00a0<\/a><\/p>\n<p><a href=\"https:\/\/www.us.es\/estudiar\/que-estudiar\/oferta-de-grados\/grado-en-ingenieria-en-diseno-industrial-y-desarrollo-del\" target=\"_blank\" rel=\"noopener noreferrer\">Grado en Ingenier\u00eda en Dise\u00f1o Industrial y Desarrollo del Producto\u00a0<\/a><\/p>\n<p><a href=\"https:\/\/www.us.es\/estudiar\/que-estudiar\/oferta-de-grados\/grado-en-ingenieria-mecanica\" target=\"_blank\" rel=\"noopener noreferrer\">Grado en Ingenier\u00eda Mec\u00e1nica\u00a0<\/a><\/p>\n<p><a href=\"https:\/\/www.us.es\/estudiar\/que-estudiar\/oferta-de-grados\/grado-en-ingenieria-quimica-industrial\" target=\"_blank\" rel=\"noopener noreferrer\">Grado en Ingenier\u00eda Qu\u00edmica Industrial\u00a0<\/a><\/p>\n<p><strong>\u00a0<\/strong><\/p>\n<p><strong>\u00a0<\/strong><\/p>\n","protected":false},"excerpt":{"rendered":"<p>GRADOS IMPARTIDOS EN LA ESCUELA T\u00c9CNICA SUPERIOR DE INGENIER\u00cdA Grado en Ingenier\u00eda Aeroespacial\u00a0 Grado en Ingenier\u00eda Civil\u00a0 Grado en Ingenier\u00eda de la Energ\u00eda por la Un. de Sevilla y la Un. de M\u00e1laga Grado en Ingenier\u00eda de las Tecnolog\u00edas de <a href=\"https:\/\/departamento.us.es\/ielectrica\/grado\/\" class=\"read-more\">Leer m\u00e1s&#8230;<\/a><\/p>\n","protected":false},"author":1,"featured_media":0,"parent":0,"menu_order":0,"comment_status":"closed","ping_status":"closed","template":"","meta":{"footnotes":""},"class_list":["post-176","page","type-page","status-publish","hentry"],"_links":{"self":[{"href":"https:\/\/departamento.us.es\/ielectrica\/wp-json\/wp\/v2\/pages\/176","targetHints":{"allow":["GET"]}}],"collection":[{"href":"https:\/\/departamento.us.es\/ielectrica\/wp-json\/wp\/v2\/pages"}],"about":[{"href":"https:\/\/departamento.us.es\/ielectrica\/wp-json\/wp\/v2\/types\/page"}],"author":[{"embeddable":true,"href":"https:\/\/departamento.us.es\/ielectrica\/wp-json\/wp\/v2\/users\/1"}],"replies":[{"embeddable":true,"href":"https:\/\/departamento.us.es\/ielectrica\/wp-json\/wp\/v2\/comments?post=176"}],"version-history":[{"count":2,"href":"https:\/\/departamento.us.es\/ielectrica\/wp-json\/wp\/v2\/pages\/176\/revisions"}],"predecessor-version":[{"id":4175,"href":"https:\/\/departamento.us.es\/ielectrica\/wp-json\/wp\/v2\/pages\/176\/revisions\/4175"}],"wp:attachment":[{"href":"https:\/\/departamento.us.es\/ielectrica\/wp-json\/wp\/v2\/media?parent=176"}],"curies":[{"name":"wp","href":"https:\/\/api.w.org\/{rel}","templated":true}]}}