{"id":182,"date":"2017-11-03T12:49:13","date_gmt":"2017-11-03T12:49:13","guid":{"rendered":"http:\/\/departamento.us.es\/ielectrica\/?page_id=182"},"modified":"2026-01-12T11:07:30","modified_gmt":"2026-01-12T10:07:30","slug":"proyectos","status":"publish","type":"page","link":"https:\/\/departamento.us.es\/ielectrica\/proyectos\/","title":{"rendered":"Proyectos"},"content":{"rendered":"<p><span style=\"text-decoration: underline;\"><strong><span style=\"color: #000000; text-decoration: underline;\">2025<\/span><\/strong><\/span><\/p>\n<ul>\n<li>\n<h5>Integraci\u00f3n de la capacidad t\u00e9rmica din\u00e1mica para optimizar la flexibilidad de los sistemas de transmisi\u00f3n de potencia. (<a href=\"https:\/\/investigacion.us.es\/sisius\/sis_proyecto.php?idproy=41206\">PID2024-160032OA-I00<\/a>)<\/h5>\n<\/li>\n<li>Convertidores formadores de red para la mejora de la estabilidad de sistemas el\u00e9ctricos sostenibles: m\u00e1s all\u00e1 de la respuesta inercial (<a href=\"https:\/\/investigacion.us.es\/sisius\/sis_proyecto.php?idproy=41130\">PID2024-157833OB-I00<\/a>)<\/li>\n<\/ul>\n<p><span style=\"text-decoration: underline;\"><strong><span style=\"color: #000000; text-decoration: underline;\">2023<\/span><\/strong><\/span><\/p>\n<ul>\n<li>\n<h5>COoperative Cyber prOtectiON for modern power grids &#8211; COCOON (<a href=\"https:\/\/investigacion.us.es\/sisius\/sis_proyecto.php?idproy=38432\">SI-2377\/12\/2023<\/a>)<\/h5>\n<\/li>\n<\/ul>\n<p><span style=\"text-decoration: underline;\"><span style=\"color: #000000;\"><strong>2022<\/strong><\/span><\/span><\/p>\n<ul>\n<li>\n<h5><span style=\"color: #000000;\">Participaci\u00f3n \u00f3ptima e integrada de generaci\u00f3n renovable y recursos distribuidos en los mercados el\u00e9ctricos (<a href=\"https:\/\/investigacion.us.es\/sisius\/sis_proyecto.php?idproy=36000\">PROYEXCEL_00588<\/a>)<\/span><\/h5>\n<\/li>\n<li>\n<h5><span style=\"color: #000000;\">Participaci\u00f3n \u00f3ptima e integrada de generaci\u00f3n renovable y recursos distribuidos en los mercados el\u00e9ctricos (<a href=\"https:\/\/investigacion.us.es\/sisius\/sis_proyecto.php?idproy=35505\">PID2021-127550OA-I00<\/a>)<\/span><\/h5>\n<\/li>\n<li>\n<h5><strong>SUNRISE: Setting Up Green Energy Research in Serbia<\/strong> (<a href=\"https:\/\/investigacion.us.es\/sisius\/sis_proyecto.php?idproy=36955\">SI-2248\/12\/2022<\/a>)<\/h5>\n<\/li>\n<li>\n<h5><span style=\"color: #000000;\">Operaci\u00f3n de Redes de Distribuci\u00f3n basada en el An\u00e1lisis de Datos para la Activaci\u00f3n de Servicios de Flexibilidad\u00a0 (<a href=\"https:\/\/investigacion.us.es\/sisius\/sis_proyecto.php?ct=1&amp;cs=&amp;idproy=35412\">PID2021-124571OB-I00<\/a>)<\/span><\/h5>\n<\/li>\n<li>\n<h5><span style=\"color: #000000;\">Comunidades locales energ\u00e9ticas para un sistema descarbonizado<\/span> (<a href=\"https:\/\/investigacion.us.es\/sisius\/sis_proyecto.php?idproy=35659\">TED2021-131724B-I00<\/a>)<\/h5>\n<\/li>\n<li>\n<p id=\"titulo\"><strong>Dise\u00f1o integral de accionamientos el\u00e9ctricos basados en la m\u00e1quina de reluctancia s\u00edncrona asistida como alternativa a la m\u00e1quina s\u00edncrona de imanes permanentes<\/strong> (<a href=\"https:\/\/investigacion.us.es\/sisius\/sis_proyecto.php?idproy=35513\">PID2021-127835OB-I00<\/a>)<\/p>\n<\/li>\n<\/ul>\n<p><span style=\"color: #000000;\"><strong><u>2021<\/u><\/strong><\/span><\/p>\n<ul>\n<li><span style=\"color: #000000;\">Modelos, Herramientas y Escenarios hacia un Sistema El\u00e9ctrico Libre de Carbono (<span style=\"color: #0000ff;\"><a style=\"color: #0000ff;\" href=\"https:\/\/investigacion.us.es\/sisius\/sis_proyecto.php?idproy=33925\" target=\"_blank\" rel=\"noopener noreferrer\">PID2020-116433RB-I00<\/a><\/span>)<\/span><\/li>\n<\/ul>\n<p><span style=\"color: #000000;\"><strong><u>2020<\/u><\/strong><\/span><\/p>\n<ul>\n<li><span style=\"color: #000000;\">Cambiador de tomas est\u00e1tico para transformadores de potencia MT\/BT: Desarrollo de prototipo industrial (<span style=\"color: #0000ff;\"><a style=\"color: #0000ff;\" href=\"https:\/\/investigacion.us.es\/sisius\/sis_proyecto.php?idproy=31798\" target=\"_blank\" rel=\"noopener noreferrer\">AT17_5429_USE<\/a><\/span>) <span style=\"color: #ff0000; background-color: #ffff00;\"><strong><a style=\"color: #ff0000; background-color: #ffff00;\" href=\"https:\/\/departamento.us.es\/ielectrica\/wp-content\/uploads\/2022\/05\/resumen-pagina-webCambiador-de-tomas-estatico-para-transformadores-de-potencia-MT.pdf\" target=\"_blank\" rel=\"noopener\">Resumen-AT17_5429_USE<\/a><\/strong><\/span><br \/>\n<\/span><\/li>\n<li><span style=\"color: #000000;\">Centros de transformaci\u00f3n flexibles para la gesti\u00f3n \u00f3ptima de plantas renovables (FLEX-REN)\u00a0<span style=\"color: #666699;\">(<span style=\"color: #0000ff;\"><a style=\"color: #0000ff;\" href=\"https:\/\/investigacion.us.es\/sisius\/sis_proyecto.php?idproy=31150\" target=\"_blank\" rel=\"noopener noreferrer\">P18-TP-3655<\/a><\/span>)<\/span><\/span><\/li>\n<li><span style=\"color: #000000;\">Development of a prototype for the power supply of the seville spherical tokamak<\/span> <span style=\"color: #0000ff;\">(<a style=\"color: #0000ff;\" href=\"https:\/\/investigacion.us.es\/sisius\/sis_proyecto.php?idproy=30288\">US-15570<\/a>)<\/span><\/li>\n<li><span style=\"color: #000000;\">HySGrid+ (CER-20191019)<\/span><\/li>\n<li><span style=\"color: #000000;\">Solar to Vehicle (S2V): Maximizaci\u00f3n de sinergias entre generaci\u00f3n fotovoltaica distribuida y veh\u00edculo el\u00e9ctrico<\/span> (<span style=\"color: #0000ff;\"><a style=\"color: #0000ff;\" href=\"https:\/\/investigacion.us.es\/sisius\/sis_proyecto.php?idproy=30748\" target=\"_blank\" rel=\"noopener noreferrer\">US-1265887<\/a><\/span>)<\/li>\n<\/ul>\n<p><span style=\"color: #000000;\"><strong><u>2019<\/u><\/strong><\/span><\/p>\n<ul style=\"list-style-type: disc;\">\n<li><span style=\"color: #000000;\">Cambiador de tomas est\u00e1tico para transformadores de potencia MT\/BT: Desarrollo de prototipo industrial<\/span> (<a href=\"https:\/\/investigacion.us.es\/sisius\/sis_proyecto.php?idproy=31798\" target=\"_blank\" rel=\"noopener noreferrer\"><span style=\"color: #0000ff;\">AT17_5429_USE<\/span><\/a>)<\/li>\n<\/ul>\n<p><span style=\"color: #000000;\"><strong><u>2018<\/u><\/strong><\/span><\/p>\n<ul>\n<li><span style=\"color: #000000;\">EASY-RES: Enabling Ancillary Services by Renewable Energy Sources<\/span> <span style=\"color: #3366ff;\">(<span style=\"color: #0000ff;\"><a style=\"color: #0000ff;\" href=\"https:\/\/investigacion.us.es\/sisius\/sis_proyecto.php?idproy=28880\" target=\"_blank\" rel=\"noopener noreferrer\">SI-1778\/12\/2018<\/a><\/span>)<\/span><\/li>\n<\/ul>\n<p><span style=\"color: #000000;\"><strong><u>2017<\/u><\/strong><\/span><\/p>\n<ul>\n<li><span style=\"color: #000000;\">Distribuci\u00f3n Eficiente de Energ\u00eda El\u00e9ctrica en Baja Tensi\u00f3n Mediante Redes Mixtas AC\/DC<\/span> (<a href=\"https:\/\/investigacion.us.es\/sisius\/sis_proyecto.php?idproy=28474\" target=\"_blank\" rel=\"noopener noreferrer\"><span style=\"color: #0000ff;\">ENE2017-84813-R<\/span><\/a> )<\/li>\n<li><span style=\"color: #000000;\">Nuevas Herramientas para el An\u00e1lisis y Evaluaci\u00f3n de Cables El\u00e9ctricos Submarinos<\/span> <span style=\"color: #0000ff;\">(<a style=\"color: #0000ff;\" href=\"https:\/\/investigacion.us.es\/sisius\/sis_proyecto.php?idproy=28558\" target=\"_blank\" rel=\"noopener noreferrer\">ENE2017-89669-R<\/a><\/span>)<\/li>\n<\/ul>\n<p><span style=\"color: #000000;\"><strong><u>2016<\/u><\/strong><\/span><\/p>\n<ul>\n<li><span style=\"color: #000000;\">Optimizaci\u00f3n de la Planificaci\u00f3n de las Interconexiones para la Integraci\u00f3n del Mercado Europeo con gran Penetraci\u00f3n Renovable<\/span> (<a href=\"https:\/\/investigacion.us.es\/sisius\/sis_proyecto.php?idproy=27691\" target=\"_blank\" rel=\"noopener noreferrer\"><span style=\"color: #0000ff;\">ENE2016-77650-R<\/span><\/a>)<\/li>\n<\/ul>\n<p><span style=\"color: #000000;\"><strong><u>2015<\/u><\/strong><\/span><\/p>\n<ul>\n<li><span style=\"color: #000000;\">Dise\u00f1o, desarrollo y demostraci\u00f3n de una micro-red inteligente y activa<\/span> (<a href=\"https:\/\/investigacion.us.es\/sisius\/sis_proyecto.php?idproy=27003\" target=\"_blank\" rel=\"noopener noreferrer\">PCIN-2015-043<\/a> )<\/li>\n<li><span style=\"color: #000000;\">Gesti\u00f3n de la Generaci\u00f3n y el Almacenamiento para la Regulaci\u00f3n de Frecuencia en Sistemas Basados en Energ\u00edas Renovables<\/span> (<a href=\"https:\/\/investigacion.us.es\/sisius\/sis_proyecto.php?idproy=26911\" target=\"_blank\" rel=\"noopener noreferrer\">ENE2015-69597-R<\/a> )<\/li>\n<\/ul>\n<p><span style=\"color: #000000;\"><strong><u>2014<\/u><\/strong><\/span><\/p>\n<ul>\n<li><span style=\"color: #000000;\">Integraci\u00f3n Efectiva de Recursos en la Gesti\u00f3n Distribuida de Redes MT\/Bt<\/span> (<a href=\"https:\/\/investigacion.us.es\/sisius\/sis_proyecto.php?idproy=25691\" target=\"_blank\" rel=\"noopener noreferrer\">ENE2014-54115-R<\/a>)<\/li>\n<\/ul>\n<p><span style=\"color: #000000;\"><strong><u>2013<\/u><\/strong><\/span><\/p>\n<ul>\n<li><span style=\"color: #000000;\">ADVancedcommunicAtions and iNformaTion processing in smArt Grid systEms (ADVANTAGE)<\/span> (<a href=\"https:\/\/investigacion.us.es\/sisius\/sis_proyecto.php?idproy=23683\" target=\"_blank\" rel=\"noopener noreferrer\">FP7-PEOPLE-2013-ITN-607774<\/a>)<\/li>\n<li><span style=\"color: #000000;\">Nuevas Tecnolog\u00edas para la Integraci\u00f3n y Transporte de Energ\u00eda Renovable en Superredes de Corriente Alterna<\/span> (<a href=\"https:\/\/investigacion.us.es\/sisius\/sis_proyecto.php?idproy=24309\" target=\"_blank\" rel=\"noopener noreferrer\">ENE2013-48428-C2-1-R<\/a> )<\/li>\n<\/ul>\n<p><span style=\"color: #000000;\"><strong><u>2011<\/u><\/strong><\/span><\/p>\n<ul>\n<li><span style=\"color: #000000;\">Cambiadores de Tomas Est\u00e1ticos para Transformadores de Potencia (Catest)<\/span> (<a href=\"https:\/\/investigacion.us.es\/sisius\/sis_proyecto.php?idproy=20626\" target=\"_blank\" rel=\"noopener noreferrer\">P11-TEP-7411<\/a>)<\/li>\n<li><span style=\"color: #000000;\">Innovaci\u00f3n en la Red de distribuci\u00f3n de Nuevo Aislado. RedNA<\/span> (<a href=\"https:\/\/investigacion.us.es\/sisius\/sis_proyecto.php?idproy=21187\" target=\"_blank\" rel=\"noopener noreferrer\">IPT-2011-1751-920000<\/a>)<\/li>\n<li><span style=\"color: #000000;\">Operaci\u00f3n Flexible de Redes de Distribuci\u00f3n Mediante Convertidores Electr\u00f3nicos Flexilink<\/span> (<a href=\"https:\/\/investigacion.us.es\/sisius\/sis_proyecto.php?idproy=20164\" target=\"_blank\" rel=\"noopener noreferrer\">ENE2011-24137<\/a>)<\/li>\n<li><span style=\"color: #000000;\">Optimizaci\u00f3n de la Planificaci\u00f3n Integral y Operaci\u00f3n de Parques E\u00f3licos: Incorporaci\u00f3n de la Incertidumbre en la Informaci\u00f3n<\/span> (<a href=\"https:\/\/investigacion.us.es\/sisius\/sis_proyecto.php?idproy=20159\" target=\"_blank\" rel=\"noopener noreferrer\">ENE2011-27984<\/a>)<\/li>\n<\/ul>\n<p><span style=\"color: #000000;\"><strong><u>2010<\/u><\/strong><\/span><\/p>\n<ul>\n<li><span style=\"color: #000000;\">Estimaci\u00f3n de Estado Din\u00e1mica en Redes El\u00e9ctricas. Implementaci\u00f3n Distribuida en Arquitecturas Multinivel.<\/span> (<a href=\"https:\/\/investigacion.us.es\/sisius\/sis_proyecto.php?idproy=18465\" target=\"_blank\" rel=\"noopener noreferrer\">ENE2010-18867<\/a> )<\/li>\n<li><span style=\"color: #000000;\">Optimizaci\u00f3n y Control de Sistemas de Energ\u00edas Renovables para Mejorar su Integraci\u00f3n en la Red El\u00e9ctrica Andaluza<\/span> (<a href=\"https:\/\/investigacion.us.es\/sisius\/sis_proyecto.php?idproy=16135\" target=\"_blank\" rel=\"noopener noreferrer\">P09-TEP-5170<\/a>)<\/li>\n<\/ul>\n<p>&nbsp;<\/p>\n<p>&nbsp;<\/p>\n","protected":false},"excerpt":{"rendered":"<p>2025 Integraci\u00f3n de la capacidad t\u00e9rmica din\u00e1mica para optimizar la flexibilidad de los sistemas de transmisi\u00f3n de potencia. (PID2024-160032OA-I00) Convertidores formadores de red para la mejora de la estabilidad de sistemas el\u00e9ctricos sostenibles: m\u00e1s all\u00e1 de la respuesta inercial (PID2024-157833OB-I00) <a href=\"https:\/\/departamento.us.es\/ielectrica\/proyectos\/\" class=\"read-more\">Leer m\u00e1s&#8230;<\/a><\/p>\n","protected":false},"author":1,"featured_media":0,"parent":0,"menu_order":0,"comment_status":"closed","ping_status":"closed","template":"","meta":{"footnotes":""},"class_list":["post-182","page","type-page","status-publish","hentry"],"_links":{"self":[{"href":"https:\/\/departamento.us.es\/ielectrica\/wp-json\/wp\/v2\/pages\/182","targetHints":{"allow":["GET"]}}],"collection":[{"href":"https:\/\/departamento.us.es\/ielectrica\/wp-json\/wp\/v2\/pages"}],"about":[{"href":"https:\/\/departamento.us.es\/ielectrica\/wp-json\/wp\/v2\/types\/page"}],"author":[{"embeddable":true,"href":"https:\/\/departamento.us.es\/ielectrica\/wp-json\/wp\/v2\/users\/1"}],"replies":[{"embeddable":true,"href":"https:\/\/departamento.us.es\/ielectrica\/wp-json\/wp\/v2\/comments?post=182"}],"version-history":[{"count":2,"href":"https:\/\/departamento.us.es\/ielectrica\/wp-json\/wp\/v2\/pages\/182\/revisions"}],"predecessor-version":[{"id":4134,"href":"https:\/\/departamento.us.es\/ielectrica\/wp-json\/wp\/v2\/pages\/182\/revisions\/4134"}],"wp:attachment":[{"href":"https:\/\/departamento.us.es\/ielectrica\/wp-json\/wp\/v2\/media?parent=182"}],"curies":[{"name":"wp","href":"https:\/\/api.w.org\/{rel}","templated":true}]}}