{"id":2022,"date":"2020-07-17T07:44:21","date_gmt":"2020-07-17T07:44:21","guid":{"rendered":"http:\/\/departamento.us.es\/ielectrica\/?page_id=2022"},"modified":"2021-08-30T15:54:26","modified_gmt":"2021-08-30T15:54:26","slug":"libros-en-linea","status":"publish","type":"page","link":"https:\/\/departamento.us.es\/ielectrica\/libros-en-linea\/","title":{"rendered":"Libros en L\u00ednea"},"content":{"rendered":"<p><span style=\"font-size: 24px; color: #800000; font-family: arial, helvetica, sans-serif;\">Libros en l\u00ednea<\/span><\/p>\n<ul style=\"list-style-type: square;\">\n<li><span style=\"font-family: arial, helvetica, sans-serif;\"><span style=\"font-family: arial, helvetica, sans-serif;\"><span style=\"font-family: arial, helvetica, sans-serif;\"><span style=\"font-family: arial, helvetica, sans-serif;\"><span style=\"color: #000000;\"><a href=\"http:\/\/departamento.us.es\/ielectrica\/wp-content\/uploads\/2021\/08\/Analisis-y-operacion-de-SEE_2010.pdf\" target=\"_blank\" rel=\"noopener noreferrer\">Analisis y Operacion de Sistemas de Energ\u00eda El\u00e9ctrica,<\/a><strong><em> coordinador Antonio G\u00f3mez Exp\u00f3sito<\/em><\/strong><\/span><\/span><\/span><\/span><\/span><\/li>\n<li><span style=\"font-family: arial, helvetica, sans-serif;\"><span style=\"font-family: arial, helvetica, sans-serif;\"><span style=\"font-family: arial, helvetica, sans-serif;\"><span style=\"font-family: arial, helvetica, sans-serif;\"><span style=\"color: #000000;\"><a href=\"http:\/\/sepsolar.centroenergia.cl\/\" target=\"_blank\" rel=\"noopener noreferrer\">Atrapando el Sol en los Sistemas El\u00e9ctricos de Potencia<\/a> por <strong><em>Walter Brokering<\/em><\/strong>.<\/span><\/span><\/span><\/span><\/span><\/li>\n<li><a style=\"font-family: arial, helvetica, sans-serif;\" href=\"http:\/\/ebianchis.centroenergia.cl\/\" target=\"_blank\" rel=\"noopener noreferrer\">Temas Seleccionados de Ingenier\u00eda El\u00e9ctrica de Potencia<\/a><span style=\"color: #000000; font-family: arial, helvetica, sans-serif;\"> por <\/span><em style=\"color: #000000; font-family: arial, helvetica, sans-serif;\"><strong>Ernesto Bianchi <\/strong><strong>Soute<\/strong><strong>r<\/strong>&nbsp;<\/em><\/li>\n<\/ul>\n","protected":false},"excerpt":{"rendered":"<p>Libros en l\u00ednea Analisis y Operacion de Sistemas de Energ\u00eda El\u00e9ctrica, coordinador Antonio G\u00f3mez Exp\u00f3sito Atrapando el Sol en los Sistemas El\u00e9ctricos de Potencia por Walter Brokering. Temas Seleccionados de Ingenier\u00eda El\u00e9ctrica de Potencia por Ernesto Bianchi Souter&nbsp;<\/p>\n","protected":false},"author":1,"featured_media":0,"parent":0,"menu_order":0,"comment_status":"closed","ping_status":"closed","template":"","meta":{"footnotes":""},"class_list":["post-2022","page","type-page","status-publish","hentry"],"_links":{"self":[{"href":"https:\/\/departamento.us.es\/ielectrica\/wp-json\/wp\/v2\/pages\/2022","targetHints":{"allow":["GET"]}}],"collection":[{"href":"https:\/\/departamento.us.es\/ielectrica\/wp-json\/wp\/v2\/pages"}],"about":[{"href":"https:\/\/departamento.us.es\/ielectrica\/wp-json\/wp\/v2\/types\/page"}],"author":[{"embeddable":true,"href":"https:\/\/departamento.us.es\/ielectrica\/wp-json\/wp\/v2\/users\/1"}],"replies":[{"embeddable":true,"href":"https:\/\/departamento.us.es\/ielectrica\/wp-json\/wp\/v2\/comments?post=2022"}],"version-history":[{"count":0,"href":"https:\/\/departamento.us.es\/ielectrica\/wp-json\/wp\/v2\/pages\/2022\/revisions"}],"wp:attachment":[{"href":"https:\/\/departamento.us.es\/ielectrica\/wp-json\/wp\/v2\/media?parent=2022"}],"curies":[{"name":"wp","href":"https:\/\/api.w.org\/{rel}","templated":true}]}}