{"id":210,"date":"2017-11-06T10:27:49","date_gmt":"2017-11-06T10:27:49","guid":{"rendered":"http:\/\/departamento.us.es\/ielectrica\/?page_id=210"},"modified":"2026-04-16T11:54:09","modified_gmt":"2026-04-16T09:54:09","slug":"organizacion","status":"publish","type":"page","link":"https:\/\/departamento.us.es\/ielectrica\/organizacion\/","title":{"rendered":"Organizaci\u00f3n"},"content":{"rendered":"<div class=\"abajo\">\n<p><span style=\"font-family: arial, helvetica, sans-serif; font-size: 24px; color: #800000;\">Organizaci\u00f3n<\/span><\/p>\n<table style=\"height: 252px; width: 61.388%;\" width=\"692\">\n<tbody>\n<tr style=\"height: 176px;\">\n<td style=\"width: 54.4206%; height: 185px;\"><img loading=\"lazy\" decoding=\"async\" class=\"aligncenter wp-image-3417 size-medium\" src=\"http:\/\/departamento.us.es\/ielectrica\/wp-content\/uploads\/2023\/05\/JL-MARTINEZ-200x300.jpg\" alt=\"\" width=\"200\" height=\"300\" srcset=\"https:\/\/departamento.us.es\/ielectrica\/wp-content\/uploads\/2023\/05\/JL-MARTINEZ-200x300.jpg 200w, https:\/\/departamento.us.es\/ielectrica\/wp-content\/uploads\/2023\/05\/JL-MARTINEZ-682x1024.jpg 682w, https:\/\/departamento.us.es\/ielectrica\/wp-content\/uploads\/2023\/05\/JL-MARTINEZ-768x1152.jpg 768w, https:\/\/departamento.us.es\/ielectrica\/wp-content\/uploads\/2023\/05\/JL-MARTINEZ-180x270.jpg 180w, https:\/\/departamento.us.es\/ielectrica\/wp-content\/uploads\/2023\/05\/JL-MARTINEZ.jpg 853w\" sizes=\"auto, (max-width: 200px) 100vw, 200px\" \/><\/td>\n<td style=\"width: 84.5617%; height: 185px;\"><\/td>\n<\/tr>\n<tr style=\"height: 96px;\">\n<td style=\"width: 54.4206%; height: 67px;\">\n<p style=\"text-align: center;\"><span style=\"font-family: arial, helvetica, sans-serif;\"><span style=\"color: #800000; font-size: 16px;\">Dr. Jos\u00e9 Luis Mart\u00ednez Ramos<br \/>\n<\/span><\/span><span style=\"font-family: arial, helvetica, sans-serif; font-size: 14px;\">Director del Departamento<\/span><\/p>\n<\/td>\n<td style=\"width: 84.5617%; height: 67px;\">\n<p style=\"text-align: center;\"><span style=\"font-family: arial, helvetica, sans-serif;\"><span style=\"color: #800000; font-size: 16px;\">Dr. Alfonso Bachiller Soler<br \/>\n<\/span><\/span><span style=\"font-family: arial, helvetica, sans-serif; font-size: 14px;\">Secretario del Departamento<\/span><\/p>\n<\/td>\n<\/tr>\n<\/tbody>\n<\/table>\n<\/div>\n","protected":false},"excerpt":{"rendered":"<p>Organizaci\u00f3n Dr. Jos\u00e9 Luis Mart\u00ednez Ramos Director del Departamento Dr. Alfonso Bachiller Soler Secretario del Departamento<\/p>\n","protected":false},"author":1,"featured_media":0,"parent":0,"menu_order":0,"comment_status":"closed","ping_status":"closed","template":"","meta":{"footnotes":""},"class_list":["post-210","page","type-page","status-publish","hentry"],"_links":{"self":[{"href":"https:\/\/departamento.us.es\/ielectrica\/wp-json\/wp\/v2\/pages\/210","targetHints":{"allow":["GET"]}}],"collection":[{"href":"https:\/\/departamento.us.es\/ielectrica\/wp-json\/wp\/v2\/pages"}],"about":[{"href":"https:\/\/departamento.us.es\/ielectrica\/wp-json\/wp\/v2\/types\/page"}],"author":[{"embeddable":true,"href":"https:\/\/departamento.us.es\/ielectrica\/wp-json\/wp\/v2\/users\/1"}],"replies":[{"embeddable":true,"href":"https:\/\/departamento.us.es\/ielectrica\/wp-json\/wp\/v2\/comments?post=210"}],"version-history":[{"count":1,"href":"https:\/\/departamento.us.es\/ielectrica\/wp-json\/wp\/v2\/pages\/210\/revisions"}],"predecessor-version":[{"id":4253,"href":"https:\/\/departamento.us.es\/ielectrica\/wp-json\/wp\/v2\/pages\/210\/revisions\/4253"}],"wp:attachment":[{"href":"https:\/\/departamento.us.es\/ielectrica\/wp-json\/wp\/v2\/media?parent=210"}],"curies":[{"name":"wp","href":"https:\/\/api.w.org\/{rel}","templated":true}]}}