{"id":2257,"date":"2020-11-19T07:52:29","date_gmt":"2020-11-19T07:52:29","guid":{"rendered":"http:\/\/departamento.us.es\/ielectrica\/?page_id=2257"},"modified":"2021-10-22T11:21:16","modified_gmt":"2021-10-22T11:21:16","slug":"curso-uimp-2020","status":"publish","type":"page","link":"https:\/\/departamento.us.es\/ielectrica\/curso-uimp-2020\/","title":{"rendered":"Curso UIMP 2020"},"content":{"rendered":"<p style=\"text-align: justify;\"><span style=\"color: #800000; font-size: 20px; font-family: arial, helvetica, sans-serif;\">CURSO Universidad Internacional Men\u00e9ndez Pelayo 2020.<\/span><\/p>\n<p style=\"text-align: justify;\"><span style=\"color: #808080; font-size: 14px; font-family: arial, helvetica, sans-serif;\">Los d\u00edas 7 y 8 de octubre de 2020 tuvo lugar en Sevilla el Curso <span style=\"color: #333333;\"><span style=\"color: #666699;\"><a style=\"color: #666699;\" href=\"http:\/\/departamento.us.es\/ielectrica\/wp-content\/uploads\/2020\/07\/Programa-Curso-Energ%C3%ADa.pdf\" target=\"_blank\" rel=\"noopener noreferrer\"><strong>ESCUELA DE ENERG\u00cdA SOSTENIBLE: HERRAMIENTAS Y APLICACIONES DE INTELIGENCIA ARTIFICIAL EN SISTEMAS EL\u00c9CTRICOS<\/strong><\/a><\/span>,<\/span> el cual fue celebrado en la Universidad Internacional Men\u00e9ndez Pelayo bajo la direcci\u00f3n acad\u00e9mica del <strong>Dr. Antonio G\u00f3mez Exp\u00f3sito<\/strong>, Director de la C\u00e1tedra Endesa Red de la Universidad de Sevilla y <strong>D.<\/strong> <strong>Juan \u00c1vila Franc\u00e9s <\/strong>de REE. <\/span><\/p>\n<table style=\"border-collapse: collapse; width: 100%; height: 749px;\">\n<tbody>\n<tr style=\"height: 319px;\">\n<td style=\"width: 50%; text-align: center; height: 150px;\"><img loading=\"lazy\" decoding=\"async\" class=\"aligncenter wp-image-2781\" src=\"http:\/\/departamento.us.es\/ielectrica\/wp-content\/uploads\/2021\/10\/2021-10-22_081603.png\" alt=\"\" width=\"499\" height=\"261\"><\/td>\n<td style=\"width: 50%; text-align: center; height: 150px;\"><img loading=\"lazy\" decoding=\"async\" class=\"aligncenter wp-image-2784\" src=\"http:\/\/departamento.us.es\/ielectrica\/wp-content\/uploads\/2021\/10\/2021-10-22_082222-300x168.png\" alt=\"\" width=\"422\" height=\"236\" srcset=\"https:\/\/departamento.us.es\/ielectrica\/wp-content\/uploads\/2021\/10\/2021-10-22_082222-300x168.png 300w, https:\/\/departamento.us.es\/ielectrica\/wp-content\/uploads\/2021\/10\/2021-10-22_082222.png 310w\" sizes=\"auto, (max-width: 422px) 100vw, 422px\" \/><\/td>\n<\/tr>\n<tr style=\"height: 185px;\">\n<td style=\"width: 50%; text-align: justify; height: 185px; vertical-align: top;\"><span style=\"color: #800000; font-family: arial, helvetica, sans-serif;\"><strong><span style=\"font-size: 12px;\">Sesi\u00f3n Inaugural:<\/span><\/strong><\/span><br \/>\n<span style=\"font-size: 12px; color: #808080; font-family: arial, helvetica, sans-serif;\"><strong>D\u00aa Nieves L\u00f3pez Santana, <\/strong>Directora Sede Sevilla UIMP.<strong><br \/>\n<\/strong><\/span><span style=\"font-size: 12px; color: #808080; font-family: arial, helvetica, sans-serif;\"><strong>D. Jos\u00e9 Luis P\u00e9rez Ma\u00f1as<\/strong>, Director Andaluc\u00eda y Extremadura E-Distribuci\u00f3n&nbsp;<\/span><br \/>\n<span style=\"font-size: 12px; color: #808080; font-family: arial, helvetica, sans-serif;\"><strong>D. <span style=\"font-size: 12px;\">Jorge Juan Jim\u00e9nez Luna<\/span><\/strong>, Delegado Regional de REE<\/span><br \/>\n<span style=\"font-family: arial, helvetica, sans-serif;\"><span style=\"font-size: 12px; color: #808080;\"><strong>D. Antonio G\u00f3mez Exp\u00f3sito<\/strong>, Director C\u00e1tedra Endesa Red de la Universidad de Sevilla.<br \/>\n<\/span><strong style=\"color: #800000; font-size: 12px;\">Mod<span style=\"font-family: arial, helvetica, sans-serif; font-size: 12px;\">erador:<br \/>\n<\/span><\/strong><span style=\"font-size: 12px;\"><strong>D. Jacob Rodr\u00edguez Rivero<\/strong>, E-Distribuci\u00f3n.<\/span><\/span><br \/>\n<strong style=\"color: #800000; font-family: arial, helvetica, sans-serif; font-size: 12px;\">Ponencia:<br \/>\n<\/strong><span style=\"font-family: arial, helvetica, sans-serif; font-size: 12px;\"><strong style=\"color: #800000;\"><span style=\"color: #808080;\">D. Francisco Jes\u00fas Mart\u00ednez Murcia, <\/span><\/strong><span style=\"color: #808080;\">SIPBA. <\/span><span style=\"color: #808080;\">T\u00edtulo: Anal\u00edtica de Datos e Inteligencia Artificial: Conceptos y Herramientas.<\/span><\/span><\/td>\n<td style=\"width: 50%; text-align: justify; height: 185px; vertical-align: top;\"><span style=\"font-family: arial, helvetica, sans-serif;\"><strong><span style=\"font-size: 12px; color: #800000;\"><strong style=\"color: #800000; font-size: 12px;\">Mod<span style=\"font-family: arial, helvetica, sans-serif; font-size: 12px;\">erador:<br \/>\n<\/span><\/strong><span style=\"font-size: 12px; color: #808080;\">D. Jacob Rodr\u00edguez Rivero, <\/span><\/span><\/strong><span style=\"font-size: 12px; color: #800000;\"><span style=\"font-size: 12px; color: #808080;\">E-Distribuci\u00f3n.<\/span><\/span><strong><span style=\"font-size: 12px; color: #800000;\"><br \/>\nPonencias:<br \/>\n<\/span><\/strong><span style=\"font-size: 12px;\"><strong>D. Javier Tejedor Aguilera, <\/strong>E-Distribuci\u00f3n. T\u00edtulo: Detecci\u00f3n de P\u00e9rdidas no T\u00e9cnicas Mediante Aprendizaje Autom\u00e1tico.<br \/>\n<strong>D. Adolfo Gastalver Rubio, <\/strong>Ingelectus. T\u00edtulo: Asociaci\u00f3n de Clientes a Fases Mediante Redes Neuronales Profundas.<br \/>\n<strong>D. Carlos Gait\u00e1n Poyatos,<\/strong> E-Distribuci\u00f3n. T\u00edtulo: Monitorizaci\u00f3n y Mantenimiento de Transformadores MT\/BT Mediante Tratamiento de Im\u00e1genes T\u00e9rmicas.<\/span><\/span><span style=\"font-family: arial, helvetica, sans-serif;\">&nbsp;<\/span>&nbsp;&nbsp;&nbsp;<\/td>\n<\/tr>\n<tr style=\"height: 319px;\">\n<td style=\"width: 50%; text-align: center; height: 178px;\"><img loading=\"lazy\" decoding=\"async\" class=\"aligncenter wp-image-2785\" src=\"http:\/\/departamento.us.es\/ielectrica\/wp-content\/uploads\/2021\/10\/2021-10-22_082546.png\" alt=\"\" width=\"304\" height=\"211\"><\/td>\n<td style=\"width: 50%; text-align: center; height: 178px;\"><img loading=\"lazy\" decoding=\"async\" class=\"aligncenter wp-image-2786\" src=\"http:\/\/departamento.us.es\/ielectrica\/wp-content\/uploads\/2021\/10\/2021-10-22_082602.png\" alt=\"\" width=\"386\" height=\"217\"><\/td>\n<\/tr>\n<tr style=\"height: 236px;\">\n<td style=\"width: 50%; text-align: justify; height: 236px; vertical-align: top;\"><span style=\"font-size: 12px; color: #808080; font-family: arial, helvetica, sans-serif;\"><strong><span style=\"color: #800000;\">Moderador:<\/span><br \/>\nD. <span style=\"font-size: 12px;\">Jorge Juan Jim\u00e9nez Luna<\/span><\/strong>, Delegado Regional de REE<br \/>\n<\/span><span style=\"font-family: arial, helvetica, sans-serif;\"><span style=\"font-size: 12px;\"><span style=\"color: #800000;\"><strong>Ponencias:<\/strong><\/span><br \/>\n<strong>D. Jes\u00fas Manuel Riquelme Santos<\/strong>, Catedr\u00e1tico de Ingenier\u00eda El\u00e9ctrica de la Universidad de Sevilla. T\u00edtulo: Predicci\u00f3n de Recursos Energ\u00e9ticos Distribuidos: El Caso del Veh\u00edculo El\u00e9ctrico.<br \/>\n<strong>D. Sergio Quint\u00edn Clemente<\/strong>, REE. T\u00edtulo: MANINT. Mantenimiento Inteligente de Activos de Transporte.<\/span><\/span><span style=\"font-family: arial, helvetica, sans-serif;\">&nbsp;<\/span><\/td>\n<td style=\"width: 50%; text-align: justify; height: 236px; vertical-align: top;\"><span style=\"font-family: arial, helvetica, sans-serif;\"><span style=\"font-size: 12px;\"><span style=\"font-size: 12px;\"><span style=\"color: #800000;\"><strong>Moderador:<br \/>\n<span style=\"font-size: 12px; color: #808080;\">D. Antonio G\u00f3mez Exp\u00f3sito,<\/span><\/strong><span style=\"font-size: 12px; color: #808080;\"> Director C\u00e1tedra Endesa Red de la Universidad de Sevilla.<br \/>\n<\/span><\/span><\/span><\/span><\/span><span style=\"font-family: arial, helvetica, sans-serif;\"><span style=\"font-size: 12px;\"><span style=\"font-size: 12px;\"><span style=\"color: #800000;\"><strong>Ponencias:<\/strong><\/span><br \/>\n<strong>D. Antoine Marot<\/strong>, INRIA-RTE. T\u00edtulo: Application of Al tools in the operation of transmission systems: the experience of RTE.<br \/>\n<strong>D. Theo Borst<\/strong>, DNV-GL. T\u00edtulo: Data Science and Machine Learning in Power and Renewables: the vision of DNV-GL.<br \/>\n<strong>D\u00aa. Jelena Ponocko,<\/strong> University of Manchester. T\u00edtulo: Smart meter data-based demand profiling and its application to advanced demand side management.<br \/>\n<strong>D. Mevludin Glavic,<\/strong> Independent researcher\/consultant, formerly with University of Liege. T\u00edtulo: (Deep) Reinforcement learning for power system stability enhancement.<\/span><\/span><\/span><\/p>\n<p style=\"text-align: justify;\"><span style=\"font-family: arial, helvetica, sans-serif;\"><strong><span style=\"font-size: 12px; color: #800000;\"><span style=\"font-size: 12px;\">Conclusiones y Clausura<\/span><\/span><\/strong>&nbsp;<\/span><\/p>\n<\/td>\n<\/tr>\n<\/tbody>\n<\/table>\n<p>&nbsp;<\/p>\n<p>&nbsp;<\/p>\n","protected":false},"excerpt":{"rendered":"<p>CURSO Universidad Internacional Men\u00e9ndez Pelayo 2020. Los d\u00edas 7 y 8 de octubre de 2020 tuvo lugar en Sevilla el Curso ESCUELA DE ENERG\u00cdA SOSTENIBLE: HERRAMIENTAS Y APLICACIONES DE INTELIGENCIA ARTIFICIAL EN SISTEMAS EL\u00c9CTRICOS, el cual fue celebrado en la <a href=\"https:\/\/departamento.us.es\/ielectrica\/curso-uimp-2020\/\" class=\"read-more\">Leer m\u00e1s&#8230;<\/a><\/p>\n","protected":false},"author":1,"featured_media":0,"parent":0,"menu_order":0,"comment_status":"closed","ping_status":"closed","template":"","meta":{"footnotes":""},"class_list":["post-2257","page","type-page","status-publish","hentry"],"_links":{"self":[{"href":"https:\/\/departamento.us.es\/ielectrica\/wp-json\/wp\/v2\/pages\/2257","targetHints":{"allow":["GET"]}}],"collection":[{"href":"https:\/\/departamento.us.es\/ielectrica\/wp-json\/wp\/v2\/pages"}],"about":[{"href":"https:\/\/departamento.us.es\/ielectrica\/wp-json\/wp\/v2\/types\/page"}],"author":[{"embeddable":true,"href":"https:\/\/departamento.us.es\/ielectrica\/wp-json\/wp\/v2\/users\/1"}],"replies":[{"embeddable":true,"href":"https:\/\/departamento.us.es\/ielectrica\/wp-json\/wp\/v2\/comments?post=2257"}],"version-history":[{"count":0,"href":"https:\/\/departamento.us.es\/ielectrica\/wp-json\/wp\/v2\/pages\/2257\/revisions"}],"wp:attachment":[{"href":"https:\/\/departamento.us.es\/ielectrica\/wp-json\/wp\/v2\/media?parent=2257"}],"curies":[{"name":"wp","href":"https:\/\/api.w.org\/{rel}","templated":true}]}}