{"id":2440,"date":"2021-04-30T11:37:27","date_gmt":"2021-04-30T11:37:27","guid":{"rendered":"http:\/\/departamento.us.es\/ielectrica\/?page_id=2440"},"modified":"2022-02-25T07:34:01","modified_gmt":"2022-02-25T07:34:01","slug":"fondo-historico-de-endesa","status":"publish","type":"page","link":"https:\/\/departamento.us.es\/ielectrica\/fondo-historico-de-endesa\/","title":{"rendered":"Fondo Hist\u00f3rico de ENDESA y su Archivo Digital"},"content":{"rendered":"<p><span style=\"color: #0000ff;\"><a style=\"color: #0000ff;\" href=\"https:\/\/fondohistorico.fundacionendesa.org\" target=\"_blank\" rel=\"noopener noreferrer\">https:\/\/fondohistorico.fundacionendesa.org&nbsp;&nbsp;&nbsp;<\/a><\/span><\/p>\n<p><strong><span style=\"color: #000000;\">0- <span style=\"text-decoration: underline;\">Resumen<\/span><\/span><\/strong><\/p>\n<p style=\"text-align: justify;\"><span style=\"color: #000000;\">La Fundaci\u00f3n Endesa, como gestora del patrimonio hist\u00f3rico de Endesa, consciente de la importancia de recuperar, conservar y difundir el patrimonio hist\u00f3rico acumulado durante m\u00e1s de cien a\u00f1os de historia constituy\u00f3, el a\u00f1o 1998, el Fondo Hist\u00f3rico de Endesa, un proyecto con el claro objetivo de vincular el presente, pasado y futuro de la compa\u00f1\u00eda con el de la sociedad en la que opera.<\/span><\/p>\n<p style=\"text-align: justify;\"><span style=\"color: #000000;\">Este patrimonio recuperado, disperso por la amplia geograf\u00eda espa\u00f1ola, tiene la clara finalidad de ser puesto a disposici\u00f3n de los empleados de la Compa\u00f1\u00eda y de la sociedad en la que opera, resultando una herramienta de trabajo y una fuente de consulta b\u00e1sica.<\/span><\/p>\n<p style=\"text-align: justify;\"><span style=\"color: #000000;\">Con el prop\u00f3sito de cumplir con el objetivo anteriormente descrito la Fundaci\u00f3n Endesa, a trav\u00e9s de su Fondo Hist\u00f3rico, presenta un Archivo Digital en el que poder consultar online los documentos, fotograf\u00edas, elementos tecnol\u00f3gicos y audiovisuales m\u00e1s relevantes para la historia de la Compa\u00f1\u00eda.<\/span><\/p>\n<p style=\"text-align: justify;\"><span style=\"color: #000000;\">Dicha Plataforma Digital est\u00e1 estructurada en 6 grandes subfondos: el Archivo Documental, subfondo que contiene el patrimonio documental hist\u00f3rico en formato digital; el Archivo Fotogr\u00e1fico, una colecci\u00f3n de reproducciones fotogr\u00e1ficas digitalizadas y catalogadas, el Archivo de Patrimonio Tecnol\u00f3gico, con informaci\u00f3n y fotograf\u00edas de los elementos tecnol\u00f3gicos utilizados por la Compa\u00f1\u00eda en su actividad; el Archivo Videogr\u00e1fico, capaz de mostrar audiovisuales desarrollados a lo largo de la historia de la Compa\u00f1\u00eda; el Archivo Bibliogr\u00e1fico, una biblioteca virtual de las publicaciones patrocinadas o editadas por la Empresa y el Archivo Societario, una breve descripci\u00f3n de algunas de las Empresas que, a lo largo de la historia, han pasado a formar parte del Grupo Endesa.<\/span><\/p>\n<p><strong><span style=\"color: #000000;\">0.1 <span style=\"text-decoration: underline;\">Palabras clave<\/span><\/span><\/strong><\/p>\n<p><span style=\"color: #000000;\">Fundaci\u00f3n, Endesa, Archivo, Digital, Hist\u00f3rico<\/span><\/p>\n<p><strong><span style=\"color: #000000;\">1- <span style=\"text-decoration: underline;\">Fundaci\u00f3n Endesa<\/span><\/span><\/strong><\/p>\n<p style=\"text-align: justify;\"><span style=\"color: #000000;\">La Fundaci\u00f3n Endesa, creada por acuerdo adoptado por la Junta General de Accionistas de Endesa y constituida en marzo de 1998, tiene la firme misi\u00f3n de contribuir al progreso de la sociedad, en su conjunto e individualmente, siendo una expresi\u00f3n del compromiso de su entidad fundadora con la responsabilidad social corporativa en la mejora sostenible de la sociedad, a trav\u00e9s de la confianza, responsabilidad, innovaci\u00f3n y proactividad.<\/span><\/p>\n<p style=\"text-align: justify;\"><span style=\"color: #000000;\">Para ello, y con el claro objetivo de iluminar el talento de las personas para crear una sociedad con m\u00e1s oportunidades, la Fundaci\u00f3n Endesa focaliza sus actividades en cuatro l\u00edneas de actuaci\u00f3n con una clara vocaci\u00f3n social: Educaci\u00f3n, Formaci\u00f3n para el empleo, Medioambiente y Cultura.<\/span><\/p>\n<p><strong><span style=\"color: #000000;\">2- <span style=\"text-decoration: underline;\">El Fondo Hist\u00f3rico de Endesa<\/span><\/span><\/strong><\/p>\n<p><strong><span style=\"color: #000000;\">2.1 Descripci\u00f3n y justificaci\u00f3n<\/span><\/strong><\/p>\n<p style=\"text-align: justify;\"><span style=\"color: #000000;\">El nacimiento del sector industrial dedicado a la generaci\u00f3n, transporte, distribuci\u00f3n y comercializaci\u00f3n de energ\u00eda el\u00e9ctrica supuso una aut\u00e9ntica revoluci\u00f3n econ\u00f3mica, social, tecnol\u00f3gica y cultural del Pa\u00eds. Desde que el 30 de abril de 1881 naciera la \u2018Sociedad Espa\u00f1ola de Electricidad, S.A.\u2019, la primera Empresa del Estado con el objetivo de producir y comercializar fluido el\u00e9ctrico con destino a iluminaci\u00f3n y como fuerza motriz, se ha acumulado una ingente cantidad de elementos de patrimonio tecnol\u00f3gico, documentaci\u00f3n, fotograf\u00edas y audiovisuales capaces de mostrar el desarrollo y progreso que supuso la utilizaci\u00f3n de esta incipiente fuente de energ\u00eda.<\/span><\/p>\n<p style=\"text-align: justify;\"><span style=\"color: #000000;\">La Fundaci\u00f3n Endesa, como gestora del patrimonio hist\u00f3rico de Endesa, y con el objetivo de cumplir con su Pol\u00edtica de Responsabilidad Social Corporativa y con la conciencia de la importancia de recuperar, conservar y difundir el patrimonio hist\u00f3rico acumulado durante m\u00e1s de cien a\u00f1os de historia constituy\u00f3, el a\u00f1o 1999, el Fondo Hist\u00f3rico de Endesa (FHE), un proyecto con el claro cometido de vincular el pasado, presente y futuro de la compa\u00f1\u00eda con el de la sociedad en la que opera.<\/span><\/p>\n<p style=\"text-align: justify;\"><span style=\"color: #000000;\">Este patrimonio recuperado tiene la clara finalidad de ser puesto a disposici\u00f3n de los empleados de la Compa\u00f1\u00eda y de la sociedad en general, resultando una herramienta de trabajo y una fuente de consulta b\u00e1sica.<\/span><\/p>\n<p><strong><span style=\"color: #000000;\">2.2 Proceso de actuaci\u00f3n del Fondo Hist\u00f3rico de Endesa<\/span><\/strong><\/p>\n<p><span style=\"color: #800080;\">Recepci\u00f3n<\/span><\/p>\n<p><span style=\"color: #000000;\">Recepci\u00f3n, de documentaci\u00f3n, fotograf\u00edas, elementos de patrimonio tecnol\u00f3gico, audiovisuales y bibliograf\u00eda, facilitados por la L\u00edneas y Unidades de Negocio de la Compa\u00f1\u00eda.<\/span><\/p>\n<p><span style=\"color: #0000ff;\">Inventario<\/span><\/p>\n<p><span style=\"color: #000000;\">Realizaci\u00f3n de un inventario descriptivo en el momento en el que se recepciona el material.<\/span><\/p>\n<p><span style=\"color: #008000;\">Expurgo<\/span><\/p>\n<p><span style=\"color: #000000;\">Proceso de evaluaci\u00f3n y eliminaci\u00f3n de registros, documentos y dem\u00e1s objetos gestionados, en base a unos criterios y principios definidos con anterioridad.<\/span><\/p>\n<p><span style=\"color: #008080;\">Catalogaci\u00f3n<\/span><\/p>\n<p style=\"text-align: justify;\"><span style=\"color: #000000;\">Realizaci\u00f3n de un cat\u00e1logo descriptivo interno de cada uno de los bienes que han superado la fase de expurgo. Dicha catalogaci\u00f3n cuenta con calendarios de actuaci\u00f3n y valoraci\u00f3n, <\/span><span style=\"color: #000000;\">permitiendo desarrollar una trazabilidad rigurosa de los materiales recepcionados.<\/span><\/p>\n<p><span style=\"color: #ff0000;\">Digitalizaci\u00f3n<\/span><\/p>\n<p><span style=\"color: #000000;\">Tratamiento digital del material catalogado e incorporaci\u00f3n el Archivo Digital del Fondo<\/span><br \/>\n<span style=\"color: #000000;\">Hist\u00f3rico.<\/span><\/p>\n<p><span style=\"color: #ff00ff;\">Difusi\u00f3n<\/span><\/p>\n<p style=\"text-align: justify;\"><span style=\"color: #000000;\">Difundir de manera interna y externa el patrimonio hist\u00f3rico recuperado, inventariado, catalogado y digitalizado. Para ello, se desarrollan espacios expositivos propios, se colabora con organismos y\/o instituciones p\u00fablicas y privadas para la cesi\u00f3n de material, se atienden solicitudes de manera personalizada y de ha desarrollado un Archivo Digital en el que poder consultar el patrimonio hist\u00f3rico catalogado y digitalizado.<\/span><\/p>\n<p><strong><span style=\"color: #000000;\">3- E<span style=\"text-decoration: underline;\">l Archivo Digital del Fondo Hist\u00f3rico de Endesa (ADFH)<\/span><\/span><\/strong><\/p>\n<p><strong><span style=\"color: #000000;\">3.1 El porqu\u00e9 de un Archivo Digital del FHE<\/span><\/strong><\/p>\n<p style=\"text-align: justify;\"><span style=\"color: #000000;\">Con el prop\u00f3sito principal de vincular el pasado, presente y futuro de la compa\u00f1\u00eda con el de la sociedad en la que opera, el FHE tiene el objetivo de poner a disposici\u00f3n de cualquier organismo (p\u00fablico o privado), estudioso, historiador, investigador o curioso el patrimonio hist\u00f3rico acumulado a lo largo de m\u00e1s de 100 a\u00f1os de historia.<\/span><\/p>\n<p style=\"text-align: justify;\"><span style=\"color: #000000;\">Dicho patrimonio, protagonista y testigo de los principales e incipientes procesos de electrificaci\u00f3n del pa\u00eds, se encuentra distribuido a lo largo y ancho de toda la geograf\u00eda espa\u00f1ola, por lo que resulta necesario inventariarlo, catalogarlo y digitalizarlo bajo unos par\u00e1metros homog\u00e9neos, con el objetivo que sea accesible en cualquier momento y desde cualquier lugar.<\/span><\/p>\n<p style=\"text-align: justify;\"><span style=\"color: #000000;\">Por el motivo anteriormente descrito y, en l\u00ednea con el proceso de digitalizaci\u00f3n que est\u00e1 sufriendo la compa\u00f1\u00eda y con la necesidad de difundir y hacer accesible el patrimonio hist\u00f3rico de la empresa, se ha creado un Archivo Digital del Fondo Hist\u00f3rico de Endesa. Un entorno innovador el que poder tener acceso en l\u00ednea a los bienes hist\u00f3ricos conservados, inventariados y catalogados por el FHE.<\/span><\/p>\n<p style=\"text-align: justify;\"><span style=\"color: #000000;\">As\u00ed pues, el desarrollo de una plataforma digital nace de la necesidad de proteger y salvaguardar el patrimonio que por obsolescencia tecnol\u00f3gica, por desuso o por el fin de su vida \u00fatil deja de formar parte de los activos relacionados con la actividad regular de la Compa\u00f1\u00eda, pero que sigue teniendo un papel relevante como testigo y protagonista del nacimiento y desarrollo del sector industrial dedicado a la generaci\u00f3n, transporte, distribuci\u00f3n y comercializaci\u00f3n de energ\u00eda el\u00e9ctrica.<\/span><\/p>\n<p><strong><span style=\"color: #000000;\">3.2 Acceso al Archivo Digital del Fondo Hist\u00f3rico de Endesa<\/span><\/strong><\/p>\n<p><span style=\"color: #000000;\">El acceso al ADFH se realiza mediante el siguiente enlace web:<\/span><\/p>\n<p><span style=\"color: #000000;\">&#8211; <a href=\"https:\/\/fondohistorico.fundacionendesa.org\" target=\"_blank\" rel=\"noopener noreferrer\"><span style=\"color: #0000ff;\">https:\/\/fondohistorico.fundacionendesa.org<\/span><\/a><\/span><\/p>\n<p><span style=\"color: #000000;\">Tras un registro en el aplicativo, el empleado, historiador, investigador, estudiante o curioso podr\u00e1 tener acceso a los registros (fichas de catalogaci\u00f3n) contenidos en el ADFH.<\/span><\/p>\n<p><span style=\"color: #000000;\">Los registros se encuentran agrupados en 6 grandes subfondos diferenciados por la propia esencia del material:<\/span><\/p>\n<p><span style=\"color: #000000;\">&#8211; Archivo Documental Digital (ADD)<\/span><br \/>\n<span style=\"color: #000000;\">&#8211; Archivo Fotogr\u00e1fico Digital (AFD)<\/span><br \/>\n<span style=\"color: #000000;\">&#8211; Archivo de Patrimonio Tecnol\u00f3gico (APT)<\/span><br \/>\n<span style=\"color: #000000;\">&#8211; Archivo Videogr\u00e1fico (AVD)<\/span><br \/>\n<span style=\"color: #000000;\">&#8211; Archivo Bibliogr\u00e1fico (ABD)<\/span><br \/>\n<span style=\"color: #000000;\">&#8211; Archivo Societario (ASD)<\/span><\/p>\n<p><strong><span style=\"color: #000000;\">3.2.1 Archivo Documental Digital (ADD)<\/span><\/strong><\/p>\n<p><span style=\"color: #000000;\">El ADD recoge la documentaci\u00f3n hist\u00f3rica relevante, generada por las diferentes L\u00edneas y <\/span><span style=\"color: #000000;\">Unidades de negocio de la compa\u00f1\u00eda y de sus filiales.<\/span><\/p>\n<p style=\"text-align: justify;\"><span style=\"color: #000000;\">Los documentos susceptibles de incorporarse en este subfondo son cataloga dos mediante unos registros descriptivos en los que se especifica su t\u00edtulo, descripci\u00f3n, fecha, fondo de procedencia (Empresa que lo gener\u00f3), funci\u00f3n y documentos b\u00e1sicos que comporta.<\/span><\/p>\n<p><span style=\"color: #000000;\">De este modo, los documentos integrados en el ADD son clasificados en 8 conjuntos dependiendo de su naturaleza:<\/span><\/p>\n<p><span style=\"color: #000000;\">&#8211; 010. Documentaci\u00f3n societaria<\/span><br \/>\n<span style=\"color: #000000;\">&#8211; 020. Documentaci\u00f3n econ\u00f3mico financiera<\/span><br \/>\n<span style=\"color: #000000;\">&#8211; 030. Documentaci\u00f3n oficial<\/span><br \/>\n<span style=\"color: #000000;\">&#8211; 040. Adquisiciones, suministros, obras y servicios<\/span><br \/>\n<span style=\"color: #000000;\">&#8211; 050. Informes jur\u00eddicos y litigios<\/span><br \/>\n<span style=\"color: #000000;\">&#8211; 060. Documentaci\u00f3n laboral<\/span><br \/>\n<span style=\"color: #000000;\">&#8211; 070. Documentaci\u00f3n t\u00e9cnica<\/span><br \/>\n<span style=\"color: #000000;\">&#8211; 080. Otros documentos<\/span><\/p>\n<p style=\"text-align: justify;\"><span style=\"color: #000000;\">Los conjuntos documentales que forman parte del ADD, son tratados digitalmente (escaneados) y cuentan con tecnolog\u00eda OCR, capaz de realizar b\u00fasquedas en el propio documento (esta tecnolog\u00eda \u00fanicamente es aplicable a los documentos mecanografiados, no a los manuscritos).<\/span><\/p>\n<p><strong><span style=\"color: #000000;\">3.2.2 Archivo Fotogr\u00e1fico Digital (AFD)<\/span><\/strong><\/p>\n<p style=\"text-align: justify;\"><span style=\"color: #000000;\">Siendo el subfondo m\u00e1s demandado y consultado, el AFD incluye una magn\u00edfica colecci\u00f3n de im\u00e1genes catalogadas y digitalizadas capaces de mostrar las actividades de las principales compa\u00f1\u00edas energ\u00e9ticas el Estado.<\/span><\/p>\n<p><span style=\"color: #000000;\">Estas im\u00e1genes son clasificadas en relaci\u00f3n al siguiente \u00edndice:<\/span><\/p>\n<p><span style=\"color: #000000;\">&#8211; 010. Instalaciones<\/span><br \/>\n<span style=\"color: #000000;\">&#8211; 020. Obra civil<\/span><br \/>\n<span style=\"color: #000000;\">&#8211; 030. Edificaciones<\/span><br \/>\n<span style=\"color: #000000;\">&#8211; 040. Actividades empresariales<\/span><br \/>\n<span style=\"color: #000000;\">&#8211; 050. Actividades sociales<\/span><br \/>\n<span style=\"color: #000000;\">&#8211; 060. Equipos, veh\u00edculos, maquinaria y herramientas<\/span><br \/>\n<span style=\"color: #000000;\">&#8211; 070. Retratos<\/span><br \/>\n<span style=\"color: #000000;\">&#8211; 080. Incidencias<\/span><br \/>\n<span style=\"color: #000000;\">&#8211; 090. Otros<\/span><\/p>\n<p style=\"text-align: justify;\"><span style=\"color: #000000;\">Las im\u00e1genes son catalogadas y conveniente descritas especificando el t\u00edtulo, la descripci\u00f3n literal, el a\u00f1o de captura, el organismo productor, el fot\u00f3grafo, el lugar de creaci\u00f3n, el soporte y las dimensiones. Del mismo modo, son digitalizadas en alta resoluci\u00f3n con el objetivo ponerlas a disposici\u00f3n con las mayores garant\u00edas posibles.<\/span><\/p>\n<p><strong><span style=\"color: #000000;\">3.2.3 Archivo de Patrimonio Tecnol\u00f3gico (APT)<\/span><\/strong><\/p>\n<p><span style=\"color: #000000;\">El APT tiene como objeto reunir y catalogar aquellos equipos, m\u00e1quinas y herramientas que merecen conservarse por su significaci\u00f3n y relaci\u00f3n en el desarrollo de las actividades de la empresa.<\/span><\/p>\n<p><span style=\"color: #000000;\">La selecci\u00f3n de los materiales a recuperar, catalogar e incorporar al ADFH se hace bajo los siguientes principios:<\/span><\/p>\n<p style=\"text-align: justify;\"><span style=\"color: #000000;\">&#8211; De procedencia. Dando prioridad a la tecnolog\u00eda procedente de la actividad de la <\/span><span style=\"color: #000000;\">Compa\u00f1\u00eda.<\/span><br \/>\n<span style=\"color: #000000;\">&#8211; De integridad. Prevalecer\u00e1 la conservaci\u00f3n y digitalizaci\u00f3n de los elementos en buen estado de conservaci\u00f3n.<\/span><br \/>\n<span style=\"color: #000000;\">&#8211; De funcionalidad. Conservando aquellos elementos que han desarrollado una funci\u00f3n <\/span><span style=\"color: #000000;\">relevante en el marco de la actividad de la empresa.<\/span><br \/>\n<span style=\"color: #000000;\">&#8211; De singularidad. Se otorga especial sensibilidad a aquella tecnolog\u00eda con caracter\u00edsticas <\/span><span style=\"color: #000000;\">hist\u00f3ricas y\/o empresariales singulares.<br \/>\n<\/span><span style=\"color: #000000;\">&#8211; Cronol\u00f3gico. Prevalecer\u00e1n los objetos hist\u00f3ricamente serializables. <\/span><\/p>\n<p><span style=\"color: #000000;\">Dicho patrimonio tecnol\u00f3gico es agrupado en 11 grandes conjuntos:<\/span><br \/>\n<span style=\"color: #000000;\">&#8211; 010. Equipos el\u00e9ctricos<\/span><br \/>\n<span style=\"color: #000000;\">&#8211; 020. Equipos mec\u00e1nicos<\/span><br \/>\n<span style=\"color: #000000;\">&#8211; 030. Equipos de telecomunicaciones<\/span><br \/>\n<span style=\"color: #000000;\">&#8211; 040. Equipos de construcci\u00f3n, miner\u00eda, transporte y montaje<\/span><br \/>\n<span style=\"color: #000000;\">&#8211; 050. Equipos de laboratorio<\/span><br \/>\n<span style=\"color: #000000;\">&#8211; 060. Equipos de gas y otros hidrocarburos<\/span><br \/>\n<span style=\"color: #000000;\">&#8211; 070. Equipos de oficina<\/span><br \/>\n<span style=\"color: #000000;\">&#8211; 080. Equipos de seguridad<\/span><br \/>\n<span style=\"color: #000000;\">&#8211; 090. Maquinaria y herramientas de taller<\/span><br \/>\n<span style=\"color: #000000;\">&#8211; 100. Equipos m\u00e9dicos<\/span><br \/>\n<span style=\"color: #000000;\">&#8211; 110. Otros<\/span><\/p>\n<p style=\"text-align: justify;\"><span style=\"color: #000000;\">Cada uno de los elementos incorporados en el APT se encuentra convenientemente descrito en una serie de campos incluidos en la ficha de registro, especificando el t\u00edtulo, descripci\u00f3n, organismo productor \/ fondo de procedencia, la fecha de puesta en marcha y la de finalizaci\u00f3n de actividad, los identificadores de fabricaci\u00f3n, el uso y el estado de conservaci\u00f3n. Del mismo modo, dicha descripci\u00f3n se acompa\u00f1ar\u00e1 de una colecci\u00f3n fotogr\u00e1fica del elemento.<\/span><\/p>\n<p><strong><span style=\"color: #000000;\">3.2.4 Archivo Videogr\u00e1gico (AVD)<\/span><\/strong><\/p>\n<p style=\"text-align: justify;\"><span style=\"color: #000000;\">La necesidad presentada por las pioneras empresas energ\u00e9ticas nacidas a inicio de S. XIX, de ofrecer informaci\u00f3n a sus accionistas y grupos de inversores, en un momento en el que las v\u00edas de comunicaci\u00f3n estaban en proceso de desarrollo, deriv\u00f3 en la filmaci\u00f3n de espectaculares archivos audiovisuales que, algunos de ellos, datan de m\u00e1s de cien a\u00f1os.<\/span><\/p>\n<p style=\"text-align: justify;\"><span style=\"color: #000000;\">Del mismo modo, con el desarrollo del sector audiovisual y la extensi\u00f3n de la tecnolog\u00eda capaz de grabar y reproducir im\u00e1genes en movimiento, las empresas energ\u00e9ticas han acumulado gran cantidad de archivos de imagen y sonido puestos a disposici\u00f3n en el AVD.<\/span><\/p>\n<p><span style=\"color: #000000;\">Dichos archivos son clasificados en base a las siguientes agrupaciones:<\/span><\/p>\n<p><span style=\"color: #000000;\">&#8211; Actividades empresariales<\/span><br \/>\n<span style=\"color: #000000;\">&#8211; Actos y eventos externos<\/span><br \/>\n<span style=\"color: #000000;\">&#8211; Actos y eventos de empresa<\/span><br \/>\n<span style=\"color: #000000;\">&#8211; Equipos industriales<\/span><br \/>\n<span style=\"color: #000000;\">&#8211; Incidencias<\/span><br \/>\n<span style=\"color: #000000;\">&#8211; Inmuebles e instalaciones<\/span><br \/>\n<span style=\"color: #000000;\">&#8211; Relaciones institucionales<\/span><br \/>\n<span style=\"color: #000000;\">&#8211; Retratos<\/span><br \/>\n<span style=\"color: #000000;\">&#8211; Veh\u00edculos \/ transportes<\/span><\/p>\n<p><span style=\"color: #000000;\">Dichos archivos son tratados digitalmente y catalogados especificando su t\u00edtulo, descripci\u00f3n, fondo de procedencia, calidad y soporte.<\/span><\/p>\n<p><strong><span style=\"color: #000000;\">3.2.5 Archivo Bibliogr\u00e1fico Digital (ABD)<\/span><\/strong><\/p>\n<p style=\"text-align: justify;\"><span style=\"color: #000000;\">El ABD contiene las publicaciones generadas, editadas o patrocinadas por la compa\u00f1\u00eda entre las que se incluyen libros, revistas o publicaciones peri\u00f3dicas capaces de evidenciar la actividad industrial, cotidiana, hist\u00f3rica y social de la empresa y del territorio en el que ha operado y opera. Las publicaciones de este subfondo est\u00e1n convenientemente catalogadas en sus respectivos registros descriptivos y son digitalizadas mediante tecnolog\u00eda OCR.<\/span><\/p>\n<p><strong><span style=\"color: #000000;\">3.2.6 Archivo Societario Digital (ASD)<\/span><\/strong><\/p>\n<p style=\"text-align: justify;\"><span style=\"color: #000000;\">Endesa es la suma de multitud de empresas energ\u00e9ticas, algunas de ellas m\u00e1s que centenarias que, a lo largo de los a\u00f1os, unieron sus esfuerzos con el objetivo de construir y desarrollar una red de activos de generaci\u00f3n y de redes de transporte y distribuci\u00f3n a nivel nacional.<\/span><\/p>\n<p style=\"text-align: justify;\"><span style=\"color: #000000;\">Por ello, conocer, identificar y trazar el recorrido hist\u00f3rico de \u00e9stas Compa\u00f1\u00edas es b\u00e1sico para visualizar el desarrollo que el sector energ\u00e9tico ha sufrido desde finales de S. XIX. As\u00ed, el ASD ofrece una visi\u00f3n hist\u00f3rica, descriptiva y anal\u00edtica de algunas de las sociedades que han pertenecido a Endesa.<\/span><\/p>\n<p><strong><span style=\"color: #000000;\">3.3 El Archivo Digital del Fondo Hist\u00f3rico en cifras<\/span><\/strong><\/p>\n<p><img loading=\"lazy\" decoding=\"async\" class=\"aligncenter wp-image-2444\" src=\"http:\/\/departamento.us.es\/ielectrica\/wp-content\/uploads\/2021\/04\/2021-04-30_134856-300x154.jpg\" alt=\"\" width=\"534\" height=\"274\" srcset=\"https:\/\/departamento.us.es\/ielectrica\/wp-content\/uploads\/2021\/04\/2021-04-30_134856-300x154.jpg 300w, https:\/\/departamento.us.es\/ielectrica\/wp-content\/uploads\/2021\/04\/2021-04-30_134856-360x185.jpg 360w, https:\/\/departamento.us.es\/ielectrica\/wp-content\/uploads\/2021\/04\/2021-04-30_134856.jpg 556w\" sizes=\"auto, (max-width: 534px) 100vw, 534px\" \/><\/p>\n","protected":false},"excerpt":{"rendered":"<p>https:\/\/fondohistorico.fundacionendesa.org&nbsp;&nbsp;&nbsp; 0- Resumen La Fundaci\u00f3n Endesa, como gestora del patrimonio hist\u00f3rico de Endesa, consciente de la importancia de recuperar, conservar y difundir el patrimonio hist\u00f3rico acumulado durante m\u00e1s de cien a\u00f1os de historia constituy\u00f3, el a\u00f1o 1998, el Fondo Hist\u00f3rico <a href=\"https:\/\/departamento.us.es\/ielectrica\/fondo-historico-de-endesa\/\" class=\"read-more\">Leer m\u00e1s&#8230;<\/a><\/p>\n","protected":false},"author":1,"featured_media":0,"parent":0,"menu_order":0,"comment_status":"closed","ping_status":"closed","template":"","meta":{"footnotes":""},"class_list":["post-2440","page","type-page","status-publish","hentry"],"_links":{"self":[{"href":"https:\/\/departamento.us.es\/ielectrica\/wp-json\/wp\/v2\/pages\/2440","targetHints":{"allow":["GET"]}}],"collection":[{"href":"https:\/\/departamento.us.es\/ielectrica\/wp-json\/wp\/v2\/pages"}],"about":[{"href":"https:\/\/departamento.us.es\/ielectrica\/wp-json\/wp\/v2\/types\/page"}],"author":[{"embeddable":true,"href":"https:\/\/departamento.us.es\/ielectrica\/wp-json\/wp\/v2\/users\/1"}],"replies":[{"embeddable":true,"href":"https:\/\/departamento.us.es\/ielectrica\/wp-json\/wp\/v2\/comments?post=2440"}],"version-history":[{"count":0,"href":"https:\/\/departamento.us.es\/ielectrica\/wp-json\/wp\/v2\/pages\/2440\/revisions"}],"wp:attachment":[{"href":"https:\/\/departamento.us.es\/ielectrica\/wp-json\/wp\/v2\/media?parent=2440"}],"curies":[{"name":"wp","href":"https:\/\/api.w.org\/{rel}","templated":true}]}}