{"id":2565,"date":"2021-06-02T05:54:10","date_gmt":"2021-06-02T05:54:10","guid":{"rendered":"http:\/\/departamento.us.es\/ielectrica\/?page_id=2565"},"modified":"2026-01-13T13:05:54","modified_gmt":"2026-01-13T12:05:54","slug":"contratos","status":"publish","type":"page","link":"https:\/\/departamento.us.es\/ielectrica\/contratos\/","title":{"rendered":"Contratos"},"content":{"rendered":"<p><span style=\"color: #000000;\"><strong><u>2025<\/u><\/strong><\/span><\/p>\n<ul>\n<li>CTFlex:. Acuerdos bilaterales entre DSO y usuarios para la operaci\u00f3n activa de la red coordinando recursos distribuidos desde el Centro de Transformaci\u00f3n (<a href=\"https:\/\/investigacion.us.es\/sisius\/sis_proyecto.php?idproy=41630\">PI-2661\/12\/2025<\/a>)<\/li>\n<\/ul>\n<p><span style=\"color: #000000;\"><strong><u>2024<\/u><\/strong><\/span><\/p>\n<ul>\n<li>Impacto econ\u00f3mico parada aerogeneradores a bajas velocidades de viento (<a href=\"https:\/\/investigacion.us.es\/sisius\/sis_proyecto.php?idproy=39052\">PI-2472\/12\/2024<\/a>)<\/li>\n<li>INGRIDMS &#8211; Sistema de gesti\u00f3n avanzada de redes de distribuci\u00f3n (<a href=\"https:\/\/investigacion.us.es\/sisius\/sis_proyecto.php?idproy=40311\">PI-2552\/12\/2024<\/a>)<\/li>\n<li>\n<p id=\"titulo\">Controladores avanzados de plantas renovables h\u00edbridas con almacenamiento IN-AGS (<a href=\"https:\/\/investigacion.us.es\/sisius\/sis_proyecto.php?idproy=40323\">PI-2559\/12\/2024<\/a>)<\/p>\n<\/li>\n<\/ul>\n<p><span style=\"color: #000000;\"><strong><u>2022<\/u><\/strong><\/span><\/p>\n<ul>\n<li>Tecnolog\u00eda Avanzada para aumentar la flexibilidad y la resiliencia de las redes de Distribuci\u00f3n mediante microrredes h\u00edbridas ACDC de energ\u00eda Renovable, electr\u00f3lisis de \u00f3xido-s\u00f3lido, pila de combustible y almacenamiento de Hidr\u00f3geno reciclable y estanco (<a href=\"https:\/\/investigacion.us.es\/sisius\/sis_proyecto.php?idproy=37180\">SN-2275\/12\/2023<\/a>)<\/li>\n<\/ul>\n<p><span style=\"color: #000000;\"><strong><u>2021<\/u><\/strong><\/span><\/p>\n<ul>\n<li><span style=\"color: #000000;\">Estimaci\u00f3n de Estado para Monitorizaci\u00f3n de Redes <span style=\"color: #3366ff;\">(<a style=\"color: #3366ff;\" href=\"https:\/\/investigacion.us.es\/sisius\/sis_proyecto.php?idproy=34310\" target=\"_blank\" rel=\"noopener noreferrer\"><span style=\"color: #0000ff;\">PI-2070\/12\/2021<\/span><\/a>)<\/span><\/span><\/li>\n<li><span style=\"color: #000000;\">Proyectos de C\u00e1lculo de Capacidad de Nudos (<span style=\"color: #0000ff;\"><a style=\"color: #0000ff;\" href=\"https:\/\/investigacion.us.es\/sisius\/sis_proyecto.php?idproy=34313\" target=\"_blank\" rel=\"noopener noreferrer\">PI-2066\/12\/2021<\/a><\/span>)<\/span><\/li>\n<li>IDENTICAL: DESARROLLO INTEGRAL DEL GEMELOS DIGITALES PARA LA RED EL\u00c9CTRICA DE BT.<span style=\"color: #0000ff;\"> (SN-2242\/12\/2022)<\/span><\/li>\n<\/ul>\n<p><span style=\"color: #000000;\"><strong><u>2020<\/u><\/strong><\/span><\/p>\n<ul>\n<li><span style=\"color: #000000;\">An\u00e1lisis de los Mercados de Servicios Complementarios en el Sistema Espa\u00f1ol <span style=\"color: #3366ff;\">(<span style=\"color: #0000ff;\"><a style=\"color: #0000ff;\" href=\"https:\/\/investigacion.us.es\/sisius\/sis_proyecto.php?idproy=31994\" target=\"_blank\" rel=\"noopener noreferrer\">PI-1988\/12\/2020<\/a><\/span>)<\/span><\/span><\/li>\n<li><span style=\"color: #000000;\">Auditor\u00eda energ\u00e9tica en una industria minera <span style=\"color: #0000ff;\">(<a style=\"color: #0000ff;\" href=\"https:\/\/investigacion.us.es\/sisius\/sis_proyecto.php?idproy=32346\" target=\"_blank\" rel=\"noopener\">ES-2020\/12\/2020<\/a>)<\/span><\/span><\/li>\n<li><span style=\"color: #000000;\">Capacidad de Transporte de L\u00edneas A\u00e9reas en Tiempo Real. Desarrollo de Herramientas para DLR <span style=\"color: #0000ff;\">(<a style=\"color: #0000ff;\" href=\"https:\/\/investigacion.us.es\/sisius\/sis_proyecto.php?idproy=31992\" target=\"_blank\" rel=\"noopener\">PI-1998\/12\/2020<\/a>)<\/span><\/span><\/li>\n<li><span style=\"color: #000000;\">DLR de L\u00edneas A\u00e9reas Mediante Estaciones Meteorol\u00f3gicas e Inclinaciones <span style=\"color: #0000ff;\">(<a style=\"color: #0000ff;\" href=\"https:\/\/investigacion.us.es\/sisius\/sis_proyecto.php?idproy=33794\" target=\"_blank\" rel=\"noopener\">PI-2044\/12\/2020<\/a>)<\/span><\/span><\/li>\n<li><span style=\"color: #000000;\">An\u00e1lisis de Capacidad de Transporte Din\u00e1mica (DLR) para L\u00edneas A\u00e9reas <span style=\"color: #0000ff;\">(<a style=\"color: #0000ff;\" href=\"https:\/\/investigacion.us.es\/sisius\/sis_proyecto.php?idproy=33791\" target=\"_blank\" rel=\"noopener\">PI-2045\/12\/2020<\/a>)<\/span><\/span><\/li>\n<\/ul>\n<p><span style=\"color: #000000;\"><strong><u>2019<\/u><\/strong><\/span><\/p>\n<ul>\n<li><span style=\"color: #000000;\">Harmonic Impedance Studies in the Framework of the Gulf of Biscay Interconnection Project <span style=\"color: #0000ff;\">(<a style=\"color: #0000ff;\" href=\"https:\/\/investigacion.us.es\/sisius\/sis_proyecto.php?idproy=31638\">PI-1916\/12\/2019<\/a>)<\/span><\/span><\/li>\n<li><span style=\"color: #000000;\">Aplicaci\u00f3n de la sensorizaci\u00f3n embebida a los accionamientos el\u00e9ctricos<\/span> <span style=\"color: #3366ff;\">(<a style=\"color: #3366ff;\" href=\"https:\/\/investigacion.us.es\/sisius\/sis_proyecto.php?idproy=31612\" target=\"_blank\" rel=\"noopener noreferrer\"><span style=\"color: #0000ff;\">3586\/0125<\/span><\/a>)<\/span><\/li>\n<li><span style=\"color: #000000;\">CECOVEL II: Nuevos Desarrollos para el Previsor de Demanda de Veh\u00edculo El\u00e9ctrico<\/span> <span style=\"color: #3366ff;\"><a style=\"color: #3366ff;\" href=\"https:\/\/investigacion.us.es\/sisius\/sis_proyecto.php?idproy=31637\" target=\"_blank\" rel=\"noopener noreferrer\">(<span style=\"color: #0000ff;\">PI-1919\/12\/2019<\/span>)<\/a><\/span><\/li>\n<li><span style=\"color: #000000;\">Pastora (INGELECTUS): An\u00e1lisis preventivo de redes inteligentes en tiempo real e integraci\u00f3n de recursos renovables<\/span> <span style=\"color: #3366ff;\"><span style=\"color: #0000ff;\">(<a style=\"color: #0000ff;\" href=\"https:\/\/investigacion.us.es\/sisius\/sis_proyecto.php?idproy=29773\" target=\"_blank\" rel=\"noopener noreferrer\">PI-1897\/12\/2019<\/a><\/span>)<\/span><\/li>\n<li><span style=\"color: #000000;\">Pastora (ENDESA DISTRIBUCI\u00d3N): An\u00e1lisis preventivo de redes inteligentes en tiempo real e integraci\u00f3n de recursos renovables<\/span> <span style=\"color: #3366ff;\">(<span style=\"color: #0000ff;\"><a style=\"color: #0000ff;\" href=\"https:\/\/investigacion.us.es\/sisius\/sis_proyecto.php?idproy=29776\" target=\"_blank\" rel=\"noopener noreferrer\">PI-1898\/12\/2019<\/a><\/span>)<\/span><\/li>\n<\/ul>\n<p><span style=\"color: #000000;\"><strong><u>2018<\/u><\/strong><\/span><\/p>\n<ul>\n<li><span style=\"color: #000000;\">Algoritmos para la determinaci\u00f3n de la posici\u00f3n rot\u00f3rica de motores de imanes permanentes en modo est\u00e1tico<\/span> <span style=\"color: #3366ff;\">(<a style=\"color: #3366ff;\" href=\"https:\/\/investigacion.us.es\/sisius\/sis_proyecto.php?idproy=29017\" target=\"_blank\" rel=\"noopener noreferrer\">3321\/0125<\/a>)<\/span><\/li>\n<li><span style=\"color: #000000;\">An\u00e1lisis de eficiencia y evaluaci\u00f3n de propuestas de mejora en el alumbrado p\u00fablico del Ayuntamiento de Gelves <span style=\"color: #3366ff;\">(<a style=\"color: #3366ff;\" href=\"https:\/\/investigacion.us.es\/sisius\/sis_proyecto.php?idproy=28890\" target=\"_blank\" rel=\"noopener\">3247\/0882<\/a>)<\/span><\/span><\/li>\n<li><span style=\"color: #000000;\">An\u00e1lisis funcional de un sistema de recarga para autobuses el\u00e9ctricos en Chile<\/span> <span style=\"color: #3366ff;\">(<a style=\"color: #3366ff;\" href=\"https:\/\/investigacion.us.es\/sisius\/sis_proyecto.php?idproy=28975\" target=\"_blank\" rel=\"noopener noreferrer\">ES-1802\/12\/2018<\/a>)<\/span><\/li>\n<li><span style=\"color: #000000;\">Auditor\u00eda energ\u00e9tica y asesoramiento para sistema de gesti\u00f3n energ\u00e9tica en una industria minera<\/span> <span style=\"color: #3366ff;\">(<a style=\"color: #3366ff;\" href=\"https:\/\/investigacion.us.es\/sisius\/sis_proyecto.php?idproy=29046\" target=\"_blank\" rel=\"noopener noreferrer\">ES-1825\/12\/2018<\/a>)<\/span><\/li>\n<li><span style=\"color: #000000;\">C\u00e1lculo de capacidad de transporte de l\u00edneas el\u00e9ctricas por m\u00e9todos probab\u00edsticos<\/span> <span style=\"color: #3366ff;\">(<a style=\"color: #3366ff;\" href=\"https:\/\/investigacion.us.es\/sisius\/sis_proyecto.php?idproy=29637\" target=\"_blank\" rel=\"noopener noreferrer\">PI-1865\/12\/2018<\/a>)<\/span><\/li>\n<li><span style=\"color: #000000;\">Consultor\u00eda \u00abEfectos del instalaci\u00f3n de ICP\u00bb<\/span> <span style=\"color: #3366ff;\">(<a style=\"color: #3366ff;\" href=\"https:\/\/investigacion.us.es\/sisius\/sis_proyecto.php?idproy=29400\" target=\"_blank\" rel=\"noopener noreferrer\">ES-1858\/12\/2018<\/a>)<\/span><\/li>\n<li><span style=\"color: #000000;\">Cost-benefit analysis of distribution digitalization technologies for reduction of technical losse<\/span> <span style=\"color: #3366ff;\">(<a style=\"color: #3366ff;\" href=\"https:\/\/investigacion.us.es\/sisius\/sis_proyecto.php?idproy=29653\" target=\"_blank\" rel=\"noopener noreferrer\">PI- 1871\/12\/2018<\/a>)<\/span><\/li>\n<li><span style=\"color: #000000;\">STM: Desarrollo de sistema integrado para instalaciones renovables multitecnolog\u00eda con sistemas avanzados de control para la integraci\u00f3n en red y regulaci\u00f3n secundaria<\/span> <span style=\"color: #3366ff;\">(<a style=\"color: #3366ff;\" href=\"https:\/\/investigacion.us.es\/sisius\/sis_proyecto.php?idproy=28831\" target=\"_blank\" rel=\"noopener noreferrer\">PI-1769\/12\/2018<\/a>)<\/span><\/li>\n<\/ul>\n<p><span style=\"color: #000000;\"><strong><u>2017<\/u><\/strong><\/span><\/p>\n<ul>\n<li><span style=\"color: #000000;\">Asesoramiento en Dise\u00f1o y Control de Motores S\u00edncronos.<\/span> (<a href=\"https:\/\/investigacion.us.es\/sisius\/sis_proyecto.php?idproy=28320\" target=\"_blank\" rel=\"noopener noreferrer\">3040\/0125<\/a>)<\/li>\n<li><span style=\"color: #000000;\">Control de potencia de un electrolizador en sistemas de el\u00e9ctricos aislados<\/span> (<a href=\"https:\/\/investigacion.us.es\/sisius\/sis_proyecto.php?idproy=28810\" target=\"_blank\" rel=\"noopener noreferrer\">PI-1759\/12\/2017<\/a> )<\/li>\n<li><span style=\"color: #000000;\">Detecci\u00f3n de p\u00e9rdidas no t\u00e9cnicas mediante machine learning<\/span> (<a href=\"https:\/\/investigacion.us.es\/sisius\/sis_proyecto.php?idproy=28799\" target=\"_blank\" rel=\"noopener noreferrer\">PI-1752\/12\/2017<\/a>)<\/li>\n<li><span style=\"color: #000000;\">Ensayos de Componentes El\u00e9ctricos para Automoci\u00f3n.<\/span> (<a href=\"https:\/\/investigacion.us.es\/sisius\/sis_proyecto.php?idproy=28321\" target=\"_blank\" rel=\"noopener noreferrer\">3043\/0125<\/a>)<\/li>\n<\/ul>\n<p><span style=\"color: #000000;\"><strong><u>2016<\/u><\/strong><\/span><\/p>\n<ul>\n<li><span style=\"color: #000000;\">Estudio sobre estado del arte en reactancias de potencia<\/span> (<a href=\"https:\/\/investigacion.us.es\/sisius\/sis_proyecto.php?idproy=28005\" target=\"_blank\" rel=\"noopener noreferrer\">ES-1652\/12\/2016<\/a>)<\/li>\n<li><span style=\"color: #000000;\">Tecnolog\u00edas para la optimizaci\u00f3n de las estrategias de participaci\u00f3n de las energ\u00edas renovables en mercados mayoristas (SIBILIA)<\/span> (<a href=\"https:\/\/investigacion.us.es\/sisius\/sis_proyecto.php?idproy=28004\" target=\"_blank\" rel=\"noopener noreferrer\">PI-1654\/12\/2016<\/a> )<\/li>\n<\/ul>\n<p><span style=\"color: #000000;\"><strong><u>2015<\/u><\/strong><\/span><\/p>\n<ul>\n<li><span style=\"color: #000000;\">An\u00e1lisis de la operaci\u00f3n y mantenimiento del equipo ALMACENA<\/span> (<a href=\"https:\/\/investigacion.us.es\/sisius\/sis_proyecto.php?idproy=26722\" target=\"_blank\" rel=\"noopener noreferrer\">PI-1448\/2015<\/a>)<\/li>\n<li><span style=\"color: #000000;\">An\u00e1lisis y propuestas de mejora de la protecci\u00f3n frente a sobretensiones de origen atmosf\u00e9rico de la Catedral de Sevilla<\/span> (<a href=\"https:\/\/investigacion.us.es\/sisius\/sis_proyecto.php?idproy=26310\" target=\"_blank\" rel=\"noopener noreferrer\">241\/0763<\/a>)<\/li>\n<li><span style=\"color: #000000;\">Curso EES-UETP \u00abBuilding to Smart Grid Integration\u00bb<\/span> (<a href=\"https:\/\/investigacion.us.es\/sisius\/sis_proyecto.php?idproy=26538\" target=\"_blank\" rel=\"noopener noreferrer\">CF-1390\/2015<\/a>)<\/li>\n<li><span style=\"color: #000000;\">Desarrollo de herramientas para el aprovechamiento \u00f3ptimo de la capacidad de transporte y operaci\u00f3n de cables<\/span> (<a href=\"https:\/\/investigacion.us.es\/sisius\/sis_proyecto.php?idproy=26608\" target=\"_blank\" rel=\"noopener noreferrer\">PI-1404\/2015<\/a> )<\/li>\n<li><span style=\"color: #000000;\">Estudio de las interconexiones submarinas entre Espa\u00f1a y el resto de Europa<\/span> (<a href=\"https:\/\/investigacion.us.es\/sisius\/sis_proyecto.php?idproy=26537\">ES-1385\/2015<\/a>)<\/li>\n<li><span style=\"color: #000000;\">Estudios preliminares para la creaci\u00f3n de un modelo matem\u00e1tico de la planta el\u00e9ctrica de un buque<\/span> (<a href=\"https:\/\/investigacion.us.es\/sisius\/sis_proyecto.php?idproy=26721\">ES-1447\/2015<\/a> )<\/li>\n<li><span style=\"color: #000000;\">Identificaci\u00f3n de errores en par\u00e1metros el\u00e9ctricos de redes de distribuci\u00f3n mediante estimaci\u00f3n de estado<\/span> (<a href=\"https:\/\/investigacion.us.es\/sisius\/sis_proyecto.php?idproy=26305\">PI-1372\/2015<\/a> )<\/li>\n<li><span style=\"color: #000000;\">LossLab: Laboratorio de p\u00e9rdidas para Smartcity<\/span> (<a href=\"https:\/\/investigacion.us.es\/sisius\/sis_proyecto.php?idproy=27196\">PI-1501\/12\/2015<\/a>)<\/li>\n<li><span style=\"color: #000000;\">MONICA: MONITORIZACI\u00d3N Y CONTROL AVANZADO DE REDES DE DISTRIBUCI\u00d3N MT Y BT<\/span> (<a href=\"https:\/\/investigacion.us.es\/sisius\/sis_proyecto.php?idproy=27195\">PI-1500\/12\/2015<\/a>)<\/li>\n<li><span style=\"color: #000000;\">RENEWYIELD: Sistema avanzado de gesti\u00f3n econ\u00f3mica para la integraci\u00f3n a gran escala de renovables en los sistemas energ\u00e9ticos<\/span>. (<a href=\"https:\/\/investigacion.us.es\/sisius\/sis_proyecto.php?idproy=27156\">PI-1487\/12\/2015<\/a> )<\/li>\n<li><span style=\"color: #000000;\">Sistema de previsi\u00f3n de demanda de veh\u00edculos el\u00e9ctricos (CECOVEL)<\/span> (<a href=\"https:\/\/investigacion.us.es\/sisius\/sis_proyecto.php?idproy=26625\">PI-1412\/2015<\/a>)<\/li>\n<\/ul>\n<p><span style=\"color: #000000;\"><strong><u>2014<\/u><\/strong><\/span><\/p>\n<ul>\n<li><span style=\"color: #000000;\">AGC para la creaci\u00f3n de una zona de regulaci\u00f3n secundaria<\/span> (<a href=\"https:\/\/investigacion.us.es\/sisius\/sis_proyecto.php?idproy=26256\">ES-1356\/2014<\/a>)<\/li>\n<li><span style=\"color: #000000;\">Dise\u00f1o del control electr\u00f3nico mediante DSP de un motor de imanes permanentes para la m\u00e1quina del sistema de tracci\u00f3n previsto en el proyecto CARMAX.<\/span> (<a href=\"https:\/\/investigacion.us.es\/sisius\/sis_proyecto.php?idproy=24721\">2144\/0125<\/a>)<\/li>\n<li><span style=\"color: #000000;\">Dise\u00f1o el\u00e9ctrico de un motor de imanes permanentes para la m\u00e1quina del sistema de tracci\u00f3n previsto en el proyecto CARMAX.<\/span> (<a href=\"https:\/\/investigacion.us.es\/sisius\/sis_proyecto.php?idproy=24720\">2145\/0125<\/a>)<\/li>\n<li><span style=\"color: #000000;\">Offshore2Grid-Integraci\u00f3n de potencia offshore en la red el\u00e9ctrica<\/span> (<a href=\"https:\/\/investigacion.us.es\/sisius\/sis_proyecto.php?idproy=26267\">PI-1360\/2014<\/a> )<\/li>\n<li><span style=\"color: #000000;\">Plantas fotovoltaicas con generaci\u00f3n de potencia s\u00edncrona para alta integraci\u00f3n de red (PV S\u00edncrona)<\/span> (<a href=\"https:\/\/investigacion.us.es\/sisius\/sis_proyecto.php?idproy=25538\">PI-1313\/2014<\/a>)<\/li>\n<li><span style=\"color: #000000;\">PLATER &#8211; Plataforma Integral de Energ\u00edas Renovables<\/span> (<a href=\"https:\/\/investigacion.us.es\/sisius\/sis_proyecto.php?idproy=26236\">PI-1351\/2014<\/a> )<\/li>\n<li><span style=\"color: #000000;\">SBP &#8211; Smart Business Park<\/span> (<a href=\"https:\/\/investigacion.us.es\/sisius\/sis_proyecto.php?idproy=26257\">PI-1357\/2014<\/a> )<\/li>\n<li><span style=\"color: #000000;\">Smart Solar Plant<\/span> (<a href=\"https:\/\/investigacion.us.es\/sisius\/sis_proyecto.php?idproy=25937\">PI-1336\/2014<\/a> )<\/li>\n<li><span style=\"color: #000000;\">VICTORIA &#8211; Vehicle Iniciative Consortium for Transport Operation and Road Inductive Applications<\/span> (<a href=\"https:\/\/investigacion.us.es\/sisius\/sis_proyecto.php?idproy=26237\">PI-1352\/2014<\/a>)<\/li>\n<\/ul>\n<p><span style=\"color: #000000;\"><strong><u>2013<\/u><\/strong><\/span><\/p>\n<ul>\n<li><span style=\"color: #000000;\">Acuerdo Marco de Colaboraci\u00f3n entre AICIA y ABENGOA RESEARCH<\/span> (<a href=\"https:\/\/investigacion.us.es\/sisius\/sis_proyecto.php?idproy=23315\">PI-1097\/2013<\/a>)<\/li>\n<li><span style=\"color: #000000;\">An\u00e1lisis de viabilidad t\u00e9cnico-econ\u00f3mica del control \u00f3ptimo de potencia reactiva para minimizaci\u00f3n de p\u00e9rdidas en parques \u00e9olicos<\/span> (<a href=\"https:\/\/investigacion.us.es\/sisius\/sis_proyecto.php?idproy=23166\">PI-1060\/2013<\/a>)<\/li>\n<li><span style=\"color: #000000;\">ARESS<\/span> (<a href=\"https:\/\/investigacion.us.es\/sisius\/sis_proyecto.php?idproy=24489\">PI-1201\/2013<\/a>)<\/li>\n<li><span style=\"color: #000000;\">Asesoramiento t\u00e9cnico y consultor\u00eda (INGELECTUS)<\/span> (<a href=\"https:\/\/investigacion.us.es\/sisius\/sis_proyecto.php?idproy=24490\">PI-1202\/2013<\/a>)<\/li>\n<li><span style=\"color: #000000;\">Colaboraci\u00f3n Programada I+D+i ISOTROL<\/span> (<a href=\"https:\/\/investigacion.us.es\/sisius\/sis_proyecto.php?idproy=23279\">ES-1087\/2013<\/a> )<\/li>\n<li><span style=\"color: #000000;\">Consultor\u00eda para la fabricaci\u00f3n de motores s\u00edncronos de la serie MaGo.<\/span> (<a href=\"https:\/\/investigacion.us.es\/sisius\/sis_proyecto.php?idproy=23259\">1796\/0125<\/a>)<\/li>\n<li><span style=\"color: #000000;\">GEMS-ISITROL. GRID-CONSTRAINED ELECTRIC MARKED SIMULATOR<\/span> (<a href=\"https:\/\/investigacion.us.es\/sisius\/sis_proyecto.php?idproy=23737\">PI-1154\/2013<\/a>)<\/li>\n<li><span style=\"color: #000000;\">GRID-CONSTRAINED ELECTRIC MARKET SIMULATOR (GEMS)<\/span> (<a href=\"https:\/\/investigacion.us.es\/sisius\/sis_proyecto.php?idproy=23619\">PI-1120\/2013<\/a>)<\/li>\n<li><span style=\"color: #000000;\">PLATER, Plataforma Integral de Energias Renovables<\/span> (<a href=\"https:\/\/investigacion.us.es\/sisius\/sis_proyecto.php?idproy=26009\">PI-0850\/2013<\/a>)<\/li>\n<li><span style=\"color: #000000;\">Sistemas de climatizaci\u00f3n eficiente de capacidad variable para autobuses el\u00e9ctricos &#8211; Acr\u00f3nimo: AIRE <\/span>(<a href=\"https:\/\/investigacion.us.es\/sisius\/sis_proyecto.php?idproy=24537\">2090\/0125<\/a>)<\/li>\n<li><span style=\"color: #000000;\">Soporte t\u00e9cnico en la realizaci\u00f3n de ensayos en laboratorio de REE para la validaci\u00f3n de un rel\u00e9 de maniobra controlada<\/span>. (<a href=\"https:\/\/investigacion.us.es\/sisius\/sis_proyecto.php?idproy=27200\">PI-12\/2013<\/a> )<\/li>\n<\/ul>\n<p><span style=\"color: #000000;\"><strong><u>2012<\/u><\/strong><\/span><\/p>\n<ul>\n<li><span style=\"color: #000000;\">AKO COMPOSOL<\/span> (<a href=\"https:\/\/investigacion.us.es\/sisius\/sis_proyecto.php?idproy=22343\">PI-1012\/2012<\/a>)<\/li>\n<li><span style=\"color: #000000;\">An\u00e1lisis de Viabilidad T\u00e9cnica y Econ\u00f3mica de Diferentes Soluciones de Integraciones de Red<\/span> (<a href=\"https:\/\/investigacion.us.es\/sisius\/sis_proyecto.php?idproy=22347\">PI-1014\/2012<\/a>)<\/li>\n<li><span style=\"color: #000000;\">Asesoramiento en Control Electr\u00f3nico de Motores de Imanes Permanentes.<\/span> (<a href=\"https:\/\/investigacion.us.es\/sisius\/sis_proyecto.php?idproy=23300\">1739\/0125<\/a>)<\/li>\n<li><span style=\"color: #000000;\">DISE\u00d1O \u00d3PTIMO DE L\u00cdNEAS EL\u00c9CTRICAS A\u00c9REAS DE ALTA TENSI\u00d3N<\/span> (<a href=\"https:\/\/investigacion.us.es\/sisius\/sis_proyecto.php?idproy=22747\">PI-1041\/2012<\/a>)<\/li>\n<li><span style=\"color: #000000;\">E3MEL \u00abSoluciones Avanzadas de Eficiencia Energ\u00e9tica y Econ\u00f3mica en el Mercado El\u00e9ctrico<\/span>\u00bb (<a href=\"https:\/\/investigacion.us.es\/sisius\/sis_proyecto.php?idproy=22346\">PI-1013\/2012<\/a>)<\/li>\n<li><span style=\"color: #000000;\">EQUIVALENTES MULTIFRECUENCIA: Desarrollo de una herramienta inform\u00e1tica para la obtenci\u00f3n de equivalentes multifrecuencia externos de la red para estudios de transitorios electromagn\u00e9ticos<\/span> (<a href=\"https:\/\/investigacion.us.es\/sisius\/sis_proyecto.php?idproy=22691\">PI-1030\/2012<\/a>)<\/li>\n<li><span style=\"color: #000000;\">FERROSMARTGRID: Desarrollo de la Primera Red Inteligente para la Gesti\u00f3n Energ\u00e9tica del Sector<\/span> (<a href=\"https:\/\/investigacion.us.es\/sisius\/sis_proyecto.php?idproy=22339\">PI-1016\/2012<\/a>)<\/li>\n<li><span style=\"color: #000000;\">Informe sobre estrategias de despacho de grupos t\u00e9rmicos por restricciones t\u00e9cnicas<\/span> (<a href=\"https:\/\/investigacion.us.es\/sisius\/sis_proyecto.php?idproy=22741\">ES-1039\/2012<\/a>)<\/li>\n<li><span style=\"color: #000000;\">ODISEO: Desarrollo e Investigaci\u00f3n en Sistemas El\u00e9ctricos<\/span> (<a href=\"https:\/\/investigacion.us.es\/sisius\/sis_proyecto.php?idproy=22342\">PI-1011\/2012<\/a>)<\/li>\n<li><span style=\"color: #000000;\">RED GIBRALTAR. Asistencia T\u00e9cnica para redacci\u00f3n de oferta sobre mejora de la Red de Gibraltar<\/span> (<a href=\"https:\/\/investigacion.us.es\/sisius\/sis_proyecto.php?idproy=22319\">ES-1002\/2012<\/a>)<\/li>\n<li><span style=\"color: #000000;\">REE-ESTUDIOS REL\u00c9S: Maniobras en transformadores con rel\u00e9s de maniobra controlada<\/span> (<a href=\"https:\/\/investigacion.us.es\/sisius\/sis_proyecto.php?idproy=22116\">PI-0939\/2012<\/a>)<\/li>\n<li><span style=\"color: #000000;\">Scientific Support for Unbalanced Distribution Network Applications<\/span> (<a href=\"https:\/\/investigacion.us.es\/sisius\/sis_proyecto.php?idproy=22023\">PI-0968\/2012<\/a>)<\/li>\n<\/ul>\n<p><span style=\"color: #000000;\"><strong><u>2011<\/u><\/strong><\/span><\/p>\n<ul>\n<li><span style=\"color: #000000;\">Algoritmo de casaci\u00f3n de ofertas del mercado diario en Sistemas Interconectados<\/span> (<a href=\"https:\/\/investigacion.us.es\/sisius\/sis_proyecto.php?idproy=21229\">PI-0850\/2011<\/a>)<\/li>\n<li><span style=\"color: #000000;\">Asistencia T\u00e9cnica para Auditor\u00eda de Red de Distribuci\u00f3n El\u00e9ctrica en la ciudad de Ceuta<\/span> (<a href=\"https:\/\/investigacion.us.es\/sisius\/sis_proyecto.php?idproy=21013\">ES-0822\/2011<\/a>)<\/li>\n<li><span style=\"color: #000000;\">Ensayos Diel\u00e9ctricos de Cabinas Ferroviarias<\/span> (<a href=\"https:\/\/investigacion.us.es\/sisius\/sis_proyecto.php?idproy=20527\">AE-0817\/2011<\/a>)<\/li>\n<li><span style=\"color: #000000;\">Estudio de eficiencia energ\u00e9tica en instalaciones de calefacci\u00f3n y acs en edificios.<\/span> (<a href=\"https:\/\/investigacion.us.es\/sisius\/sis_proyecto.php?idproy=21019\">1184\/0055<\/a>)<\/li>\n<li><span style=\"color: #000000;\">Estudio de eficiencia energ\u00e9tica en instalaciones de suministro de aguas de edificios<\/span>. (<a href=\"https:\/\/investigacion.us.es\/sisius\/sis_proyecto.php?idproy=21230\">1218\/0055<\/a>)<\/li>\n<\/ul>\n<p><span style=\"color: #000000;\"><strong><u>2010<\/u><\/strong><\/span><\/p>\n<ul>\n<li><span style=\"color: #000000;\">Automatizaci\u00f3n de Banco de Ensayos de Cajas Reductoras.<\/span> (<a href=\"https:\/\/investigacion.us.es\/sisius\/sis_proyecto.php?idproy=18861\">0778\/0364<\/a>)<\/li>\n<li><span style=\"color: #000000;\">CASCADA Convocatoria INNPACTO 2010<\/span> (<a href=\"https:\/\/investigacion.us.es\/sisius\/sis_proyecto.php?idproy=20052\">SN-0626\/2010<\/a>)<\/li>\n<li><span style=\"color: #000000;\">Consultor\u00eda para industrializaci\u00f3n de motor s\u00edncrono de imanes permanentes basado en la tecnolog\u00eda de concentraci\u00f3n de flujo<\/span>. (<a href=\"https:\/\/investigacion.us.es\/sisius\/sis_proyecto.php?idproy=19859\">0910\/0125<\/a>)<\/li>\n<li><span style=\"color: #000000;\">EDP (NEO): Desarrollo de una herramienta de Optimizaci\u00f3n Autom\u00e1tica de Parques E\u00f3licos Marinos<\/span> (<a href=\"https:\/\/investigacion.us.es\/sisius\/sis_proyecto.php?idproy=19148\">PI-0341\/2010<\/a>)<\/li>\n<li><span style=\"color: #000000;\">Estimaci\u00f3n de estado en Redes de Distribuci\u00f3n<\/span> (<a href=\"https:\/\/investigacion.us.es\/sisius\/sis_proyecto.php?idproy=26010\">PI-0122\/2010<\/a> )<\/li>\n<li><span style=\"color: #000000;\">REDES 2025<\/span> (<a href=\"https:\/\/investigacion.us.es\/sisius\/sis_proyecto.php?idproy=19261\">SN-0448\/2010<\/a>)<\/li>\n<li><span style=\"color: #000000;\">Trabajos relacionados con el control electr\u00f3nico de motores s\u00edncronos para ascensores: Sensorless y reducci\u00f3n de consumo.<\/span> (<a href=\"https:\/\/investigacion.us.es\/sisius\/sis_proyecto.php?idproy=19847\">0909\/0125<\/a>)<\/li>\n<\/ul>\n<p>&nbsp;<\/p>\n<p>&nbsp;<\/p>\n<p>&nbsp;<\/p>\n","protected":false},"excerpt":{"rendered":"<p>2025 CTFlex:. Acuerdos bilaterales entre DSO y usuarios para la operaci\u00f3n activa de la red coordinando recursos distribuidos desde el Centro de Transformaci\u00f3n (PI-2661\/12\/2025) 2024 Impacto econ\u00f3mico parada aerogeneradores a bajas velocidades de viento (PI-2472\/12\/2024) INGRIDMS &#8211; Sistema de gesti\u00f3n <a href=\"https:\/\/departamento.us.es\/ielectrica\/contratos\/\" class=\"read-more\">Leer m\u00e1s&#8230;<\/a><\/p>\n","protected":false},"author":1,"featured_media":0,"parent":0,"menu_order":0,"comment_status":"closed","ping_status":"closed","template":"","meta":{"footnotes":""},"class_list":["post-2565","page","type-page","status-publish","hentry"],"_links":{"self":[{"href":"https:\/\/departamento.us.es\/ielectrica\/wp-json\/wp\/v2\/pages\/2565","targetHints":{"allow":["GET"]}}],"collection":[{"href":"https:\/\/departamento.us.es\/ielectrica\/wp-json\/wp\/v2\/pages"}],"about":[{"href":"https:\/\/departamento.us.es\/ielectrica\/wp-json\/wp\/v2\/types\/page"}],"author":[{"embeddable":true,"href":"https:\/\/departamento.us.es\/ielectrica\/wp-json\/wp\/v2\/users\/1"}],"replies":[{"embeddable":true,"href":"https:\/\/departamento.us.es\/ielectrica\/wp-json\/wp\/v2\/comments?post=2565"}],"version-history":[{"count":3,"href":"https:\/\/departamento.us.es\/ielectrica\/wp-json\/wp\/v2\/pages\/2565\/revisions"}],"predecessor-version":[{"id":4136,"href":"https:\/\/departamento.us.es\/ielectrica\/wp-json\/wp\/v2\/pages\/2565\/revisions\/4136"}],"wp:attachment":[{"href":"https:\/\/departamento.us.es\/ielectrica\/wp-json\/wp\/v2\/media?parent=2565"}],"curies":[{"name":"wp","href":"https:\/\/api.w.org\/{rel}","templated":true}]}}