{"id":266,"date":"2017-11-16T12:29:25","date_gmt":"2017-11-16T12:29:25","guid":{"rendered":"http:\/\/departamento.us.es\/ielectrica\/?page_id=266"},"modified":"2026-05-05T11:28:21","modified_gmt":"2026-05-05T09:28:21","slug":"asignaturas-grado-etsi","status":"publish","type":"page","link":"https:\/\/departamento.us.es\/ielectrica\/asignaturas-grado-etsi\/","title":{"rendered":"Asignaturas Grado ETSI"},"content":{"rendered":"<p><span style=\"font-size: 18pt; color: #993300;\">Titulaciones de Grado impartidas en la E.T.S. de Ingenier\u00eda<\/span><\/p>\n<p><a href=\"https:\/\/www.us.es\/estudiar\/que-estudiar\/oferta-de-grados\/grado-en-ingenieria-aeroespacial\"><strong>Grado en Ingenier\u00eda Aeroespacial <\/strong><\/a><\/p>\n<ul>\n<li class=\"noticia text-center\"><a href=\"https:\/\/www.us.es\/estudiar\/que-estudiar\/oferta-de-grados\/grado-en-ingenieria-aeroespacial\/1970017\">Electrotecnia<\/a><\/li>\n<li class=\"noticia text-center\"><a href=\"https:\/\/www.us.es\/estudiar\/que-estudiar\/oferta-de-grados\/grado-en-ingenieria-aeroespacial\/1970027\">Instalaciones El\u00e9ctricas Aeroportuarias<\/a><\/li>\n<li class=\"noticia text-center\"><a href=\"https:\/\/www.us.es\/estudiar\/que-estudiar\/oferta-de-grados\/grado-en-ingenieria-aeroespacial\/1970062\">Sistemas El\u00e9ctricos en Aeronaves y Aeropuertos<\/a><\/li>\n<\/ul>\n<p><a href=\"https:\/\/www.us.es\/estudiar\/que-estudiar\/oferta-de-grados\/grado-en-ingenieria-civil\"><strong>Grado en Ingenier\u00eda Civil\u00a0<\/strong><\/a><\/p>\n<ul>\n<li><a href=\"https:\/\/www.us.es\/estudiar\/que-estudiar\/oferta-de-grados\/grado-en-ingenieria-civil\/2250013\">Electrotecnia<\/a><\/li>\n<li><a href=\"https:\/\/www.us.es\/estudiar\/que-estudiar\/oferta-de-grados\/grado-en-ingenieria-civil\/2250054\">Centrales hidroel\u00e9ctricas<\/a><\/li>\n<\/ul>\n<p><strong><a href=\"https:\/\/www.us.es\/estudiar\/que-estudiar\/oferta-de-grados\/grado-en-ingenieria-de-la-energia-por-la-universidad-de\">Grado en Ingenier\u00eda de la Energ\u00eda por la Un. de Sevilla y la Un. de M\u00e1laga<\/a><\/strong><\/p>\n<ul>\n<li><a href=\"https:\/\/www.us.es\/estudiar\/que-estudiar\/oferta-de-grados\/grado-en-ingenieria-de-la-energia-por-la-universidad-de\/2210014\">Teor\u00eda de circuitos<\/a><\/li>\n<li><a href=\"https:\/\/www.us.es\/estudiar\/que-estudiar\/oferta-de-grados\/grado-en-ingenieria-de-la-energia-por-la-universidad-de\/2210022\">Instalaciones y m\u00e1quinas el\u00e9ctricas<\/a><\/li>\n<li><a href=\"https:\/\/www.us.es\/estudiar\/que-estudiar\/oferta-de-grados\/grado-en-ingenieria-de-la-energia-por-la-universidad-de\/2210034\">Sistemas de energ\u00eda el\u00e9ctrica<\/a><\/li>\n<li><a href=\"https:\/\/www.us.es\/estudiar\/que-estudiar\/oferta-de-grados\/grado-en-ingenieria-de-la-energia-por-la-universidad-de\/2210038\">Ahorro y eficiencia en instalaciones y m\u00e1quinas el\u00e9ctricas<\/a><\/li>\n<li><a href=\"https:\/\/www.us.es\/estudiar\/que-estudiar\/oferta-de-grados\/grado-en-ingenieria-de-la-energia-por-la-universidad-de\/2210024\">Integraci\u00f3n de energ\u00edas renovables (er)<\/a><\/li>\n<li><a href=\"https:\/\/www.us.es\/estudiar\/que-estudiar\/oferta-de-grados\/grado-en-ingenieria-de-la-energia-por-la-universidad-de\/2210046\">Energ\u00eda e\u00f3lica (er)<\/a><\/li>\n<li><a href=\"https:\/\/www.us.es\/estudiar\/que-estudiar\/oferta-de-grados\/grado-en-ingenieria-de-la-energia-por-la-universidad-de\/2210049\">Instalaciones fotovoltaicas (er)<\/a><\/li>\n<li><a href=\"https:\/\/www.us.es\/estudiar\/que-estudiar\/oferta-de-grados\/grado-en-ingenieria-de-la-energia-por-la-universidad-de\/2210040\">Centrales hidra\u00falicas (spp)<\/a><\/li>\n<li><a href=\"https:\/\/www.us.es\/estudiar\/que-estudiar\/oferta-de-grados\/grado-en-ingenieria-de-la-energia-por-la-universidad-de\/2210054\">Sistemas el\u00e9ctricos en plantas de potencia (spp)<\/a><\/li>\n<\/ul>\n<p><strong><a href=\"https:\/\/www.us.es\/estudiar\/que-estudiar\/oferta-de-grados\/grado-en-ingenieria-de-las-tecnologias-de-telecomunicacion\">Grado en Ingenier\u00eda de las Tecnolog\u00edas de Telecomunicaci\u00f3n\u00a0<\/a><\/strong><\/p>\n<ul>\n<li><a href=\"https:\/\/www.us.es\/estudiar\/que-estudiar\/oferta-de-grados\/grado-en-ingenieria-de-las-tecnologias-de-telecomunicacion\/1990010\">Teor\u00eda de circuitos<\/a><\/li>\n<li><a href=\"https:\/\/www.us.es\/estudiar\/que-estudiar\/oferta-de-grados\/grado-en-ingenieria-de-las-tecnologias-de-telecomunicacion\/1990080\">Instalaciones el\u00e9ctricas de baja tensi\u00f3n<\/a><\/li>\n<\/ul>\n<p><strong><a href=\"https:\/\/www.us.es\/estudiar\/que-estudiar\/oferta-de-grados\/grado-en-ingenieria-de-organizacion-industrial-por-la\">Grado en Ingenier\u00eda de Organizaci\u00f3n Industrial por la U. M\u00e1laga y U.Sevilla\u00a0<\/a><\/strong><\/p>\n<ul>\n<li><a href=\"https:\/\/www.us.es\/estudiar\/que-estudiar\/oferta-de-grados\/grado-en-ingenieria-de-organizacion-industrial-por-la\/2270015\">Tecnolog\u00eda el\u00e9ctrica<\/a><\/li>\n<\/ul>\n<p><span style=\"color: #800000;\"><strong><a style=\"color: #800000;\" href=\"https:\/\/www.us.es\/estudiar\/que-estudiar\/oferta-de-grados\/grado-en-ingenieria-de-tecnologias-industriales\">Grado en Ingenier\u00eda de Tecnolog\u00edas Industriales (2010) No se oferta<\/a><\/strong><\/span><\/p>\n<table style=\"width: 393.567px;\">\n<tbody>\n<tr>\n<td style=\"width: 41px; text-align: left;\"><span style=\"color: #800000;\"><strong>Curso<\/strong><\/span><\/td>\n<td style=\"width: 336.567px; text-align: left;\"><span style=\"color: #800000;\"><strong>Asignaturas<\/strong><\/span><\/td>\n<\/tr>\n<tr>\n<td style=\"width: 41px; text-align: center;\"><span style=\"color: #800000;\">2<\/span><\/td>\n<td style=\"width: 336.567px; text-align: left;\"><span style=\"color: #800000;\">Teor\u00eda de Circuitos<\/span><\/td>\n<\/tr>\n<tr>\n<td style=\"width: 41px; text-align: center;\"><span style=\"color: #800000;\">3<\/span><\/td>\n<td style=\"width: 336.567px; text-align: left;\"><span style=\"color: #800000;\">Ampliaci\u00f3n de Teor\u00eda de Circuitos<\/span><\/td>\n<\/tr>\n<tr>\n<td style=\"width: 41px; text-align: center;\"><span style=\"color: #800000;\">3<\/span><\/td>\n<td style=\"width: 336.567px; text-align: left;\"><span style=\"color: #800000;\">Instalaciones y M\u00e1quinas El\u00e9ctricas<\/span><\/td>\n<\/tr>\n<tr>\n<td style=\"width: 41px; text-align: center;\"><span style=\"color: #800000;\">3<\/span><\/td>\n<td style=\"width: 336.567px; text-align: left;\"><span style=\"color: #800000;\">L\u00edneas El\u00e9ctricas<\/span><\/td>\n<\/tr>\n<tr>\n<td style=\"width: 41px; text-align: center;\"><span style=\"color: #800000;\">3<\/span><\/td>\n<td style=\"width: 336.567px; text-align: left;\"><span style=\"color: #800000;\">M\u00e1quinas El\u00e9ctricas<\/span><\/td>\n<\/tr>\n<tr>\n<td style=\"width: 41px; text-align: center;\"><span style=\"color: #800000;\">3<\/span><\/td>\n<td style=\"width: 336.567px; text-align: left;\"><span style=\"color: #800000;\">Tecnolog\u00eda El\u00e9ctrica<\/span><\/td>\n<\/tr>\n<tr>\n<td style=\"width: 41px; text-align: center;\"><span style=\"color: #800000;\">4<\/span><\/td>\n<td style=\"width: 336.567px; text-align: left;\"><span style=\"color: #800000;\">Subestaciones El\u00e9ctricas<\/span><\/td>\n<\/tr>\n<tr>\n<td style=\"width: 41px; text-align: center;\"><span style=\"color: #800000;\">4<\/span><\/td>\n<td style=\"width: 336.567px; text-align: left;\"><span style=\"color: #800000;\">Gesti\u00f3n de la Energ\u00eda El\u00e9ctrica<\/span><\/td>\n<\/tr>\n<tr>\n<td style=\"width: 41px; text-align: center;\"><span style=\"color: #800000;\">4<\/span><\/td>\n<td style=\"width: 336.567px; text-align: left;\"><span style=\"color: #800000;\">\u00a0Accionamientos y Movilidad El\u00e9ctrica<\/span><\/td>\n<\/tr>\n<tr>\n<td style=\"width: 41px; text-align: center;\"><span style=\"color: #800000;\">4<\/span><\/td>\n<td style=\"width: 336.567px; text-align: left;\"><span style=\"color: #800000;\">Modelado y Simulaci\u00f3n de Sistemas El\u00e9ctricos<\/span><\/td>\n<\/tr>\n<tr>\n<td style=\"width: 41px; text-align: center;\"><span style=\"color: #800000;\">4<\/span><\/td>\n<td style=\"width: 336.567px; text-align: left;\"><span style=\"color: #800000;\">Gesti\u00f3n Eficiente de la Energ\u00eda El\u00e9ctrica<\/span><\/td>\n<\/tr>\n<tr>\n<td style=\"width: 41px; text-align: center;\"><span style=\"color: #800000;\">4<\/span><\/td>\n<td style=\"width: 336.567px; text-align: left;\"><span style=\"color: #800000;\">Integraci\u00f3n de Energ\u00edas Renovables<\/span><\/td>\n<\/tr>\n<tr>\n<td style=\"width: 41px; text-align: center;\"><span style=\"color: #800000;\">4<\/span><\/td>\n<td style=\"width: 336.567px; text-align: left;\"><span style=\"color: #800000;\">Sistemas El\u00e9ctricos de Potencia<\/span><\/td>\n<\/tr>\n<tr>\n<td style=\"width: 41px; text-align: center;\"><span style=\"color: #800000;\">4<\/span><\/td>\n<td style=\"width: 336.567px; text-align: left;\"><span style=\"color: #800000;\">Centrales El\u00e9ctricas<\/span><\/td>\n<\/tr>\n<tr>\n<td style=\"width: 41px; text-align: center;\"><span style=\"color: #800000;\">4<\/span><\/td>\n<td style=\"width: 336.567px; text-align: left;\"><span style=\"color: #800000;\">Centrales El\u00e9ctricas y Energ\u00edas Renovables (EL)<\/span><\/td>\n<\/tr>\n<tr>\n<td style=\"width: 41px; text-align: center;\"><span style=\"color: #800000;\">4<\/span><\/td>\n<td style=\"width: 336.567px; text-align: left;\"><span style=\"color: #800000;\">\u00a0Integraci\u00f3n de Energ\u00edas Renovables<\/span><\/td>\n<\/tr>\n<tr>\n<td style=\"width: 41px; text-align: center;\"><span style=\"color: #800000;\">4<\/span><\/td>\n<td style=\"width: 336.567px; text-align: left;\"><span style=\"color: #800000;\">Accionamientos y Movilidad El\u00e9ctrica (EL)<\/span><\/td>\n<\/tr>\n<tr>\n<td style=\"width: 41px; text-align: center;\"><\/td>\n<td style=\"width: 336.567px; text-align: left;\"><\/td>\n<\/tr>\n<\/tbody>\n<\/table>\n<h4 class=\"text-center noticia grado\"><a href=\"https:\/\/www.us.es\/estudiar\/que-estudiar\/oferta-de-grados\/grado-en-ingenieria-de-tecnologias-industriales-2024#edit-group-plani\">Grado en Ingenier\u00eda de Tecnolog\u00edas Industriales (2024)<\/a><\/h4>\n<ul>\n<li class=\"noticia text-center\"><a href=\"https:\/\/www.us.es\/estudiar\/que-estudiar\/oferta-de-grados\/grado-en-ingenieria-de-tecnologias-industriales-2024\/2560018\">Teor\u00eda de Circuitos<\/a><\/li>\n<li class=\"noticia text-center\"><a href=\"https:\/\/www.us.es\/estudiar\/que-estudiar\/oferta-de-grados\/grado-en-ingenieria-de-tecnologias-industriales-2024\/2560026\">Tecnolog\u00eda El\u00e9ctrica<\/a><\/li>\n<li class=\"noticia text-center\"><a href=\"https:\/\/www.us.es\/estudiar\/que-estudiar\/oferta-de-grados\/grado-en-ingenieria-de-tecnologias-industriales-2024\/2560038\">Gesti\u00f3n Eficiente de Energ\u00eda El\u00e9ctrica<\/a><\/li>\n<li class=\"noticia text-center\"><a href=\"https:\/\/www.us.es\/estudiar\/que-estudiar\/oferta-de-grados\/grado-en-ingenieria-de-tecnologias-industriales-2024\/2560059\">Sistemas El\u00e9ctricos Sostenibles<\/a><\/li>\n<\/ul>\n<p><strong><a href=\"https:\/\/www.us.es\/estudiar\/que-estudiar\/oferta-de-grados\/grado-en-ingenieria-electronica-robotica-y-mecatronica-por\">Grado en Ingenier\u00eda Electr\u00f3nica, Rob\u00f3tica y Mecatr\u00f3nica (UMA-US)\u00a0<\/a><\/strong><\/p>\n<ul>\n<li><a href=\"https:\/\/www.us.es\/estudiar\/que-estudiar\/oferta-de-grados\/grado-en-ingenieria-electronica-robotica-y-mecatronica-por\/2280015\">Teor\u00eda de circuitos<\/a><\/li>\n<li><a href=\"https:\/\/www.us.es\/estudiar\/que-estudiar\/oferta-de-grados\/grado-en-ingenieria-electronica-robotica-y-mecatronica-por\/2280024\">Instalaciones y m\u00e1quinas el\u00e9ctricas<\/a><\/li>\n<li><a href=\"https:\/\/www.us.es\/estudiar\/que-estudiar\/oferta-de-grados\/grado-en-ingenieria-electronica-robotica-y-mecatronica-por\/2280060\">Electr\u00f3nica y control de sistemas de energ\u00eda (ecse)<\/a><\/li>\n<\/ul>\n<p><strong><a href=\"https:\/\/www.us.es\/estudiar\/que-estudiar\/oferta-de-grados\/grado-en-ingenieria-quimica\">Grado en Ingenier\u00eda Qu\u00edmica\u00a0<\/a><\/strong><\/p>\n<ul>\n<li><a href=\"https:\/\/www.us.es\/estudiar\/que-estudiar\/oferta-de-grados\/grado-en-ingenieria-quimica\/2080014\">Teor\u00ed\u00ada de circuitos<\/a><\/li>\n<li><a href=\"https:\/\/www.us.es\/estudiar\/que-estudiar\/oferta-de-grados\/grado-en-ingenieria-quimica\/2080033\">Instalaciones y m\u00e1quinas el\u00e9ctricas<\/a><\/li>\n<\/ul>\n<p><strong>\u00a0<\/strong><\/p>\n<p><strong>\u00a0<\/strong><\/p>\n<p><strong>\u00a0<\/strong><\/p>\n","protected":false},"excerpt":{"rendered":"<p>Titulaciones de Grado impartidas en la E.T.S. de Ingenier\u00eda Grado en Ingenier\u00eda Aeroespacial Electrotecnia Instalaciones El\u00e9ctricas Aeroportuarias Sistemas El\u00e9ctricos en Aeronaves y Aeropuertos Grado en Ingenier\u00eda Civil\u00a0 Electrotecnia Centrales hidroel\u00e9ctricas Grado en Ingenier\u00eda de la Energ\u00eda por la Un. de <a href=\"https:\/\/departamento.us.es\/ielectrica\/asignaturas-grado-etsi\/\" class=\"read-more\">Leer m\u00e1s&#8230;<\/a><\/p>\n","protected":false},"author":1,"featured_media":0,"parent":0,"menu_order":0,"comment_status":"closed","ping_status":"closed","template":"","meta":{"footnotes":""},"class_list":["post-266","page","type-page","status-publish","hentry"],"_links":{"self":[{"href":"https:\/\/departamento.us.es\/ielectrica\/wp-json\/wp\/v2\/pages\/266","targetHints":{"allow":["GET"]}}],"collection":[{"href":"https:\/\/departamento.us.es\/ielectrica\/wp-json\/wp\/v2\/pages"}],"about":[{"href":"https:\/\/departamento.us.es\/ielectrica\/wp-json\/wp\/v2\/types\/page"}],"author":[{"embeddable":true,"href":"https:\/\/departamento.us.es\/ielectrica\/wp-json\/wp\/v2\/users\/1"}],"replies":[{"embeddable":true,"href":"https:\/\/departamento.us.es\/ielectrica\/wp-json\/wp\/v2\/comments?post=266"}],"version-history":[{"count":2,"href":"https:\/\/departamento.us.es\/ielectrica\/wp-json\/wp\/v2\/pages\/266\/revisions"}],"predecessor-version":[{"id":4278,"href":"https:\/\/departamento.us.es\/ielectrica\/wp-json\/wp\/v2\/pages\/266\/revisions\/4278"}],"wp:attachment":[{"href":"https:\/\/departamento.us.es\/ielectrica\/wp-json\/wp\/v2\/media?parent=266"}],"curies":[{"name":"wp","href":"https:\/\/api.w.org\/{rel}","templated":true}]}}