{"id":268,"date":"2017-11-16T12:29:47","date_gmt":"2017-11-16T12:29:47","guid":{"rendered":"http:\/\/departamento.us.es\/ielectrica\/?page_id=268"},"modified":"2023-11-06T11:00:35","modified_gmt":"2023-11-06T11:00:35","slug":"asignaturas-grado-eps","status":"publish","type":"page","link":"https:\/\/departamento.us.es\/ielectrica\/asignaturas-grado-eps\/","title":{"rendered":"Asignaturas Grado EPS"},"content":{"rendered":"<p><span style=\"font-size: 18pt; color: #993300;\">Titulaciones de Grado impartidas en la Escuela Polit\u00e9cnica Superior<\/span><\/p>\n<p><strong><a href=\"https:\/\/www.us.es\/estudiar\/que-estudiar\/oferta-de-grados\/doble-grado-en-ingenieria-en-diseno-industrial-y-desarrollo\">Doble Grado en Ing.en Dise\u00f1o Ind.y Desarrollo del Producto e Ing. Mec\u00e1nica&nbsp;<\/a><\/strong><\/p>\n<table style=\"width: 218.967px;\">\n<tbody>\n<tr>\n<td style=\"text-align: left; width: 48px;\"><strong>Curso<\/strong><\/td>\n<td style=\"text-align: left; width: 153.967px;\"><strong>Asignaturas<\/strong><\/td>\n<\/tr>\n<tr>\n<td style=\"width: 48px;\">\n<p style=\"text-align: center;\">2<\/p>\n<\/td>\n<td style=\"width: 153.967px;\">\n<p style=\"text-align: left;\">Tecnolog\u00eda El\u00e9ctrica<\/p>\n<\/td>\n<\/tr>\n<\/tbody>\n<\/table>\n<p>&nbsp;<\/p>\n<p><a href=\"https:\/\/www.us.es\/estudiar\/que-estudiar\/oferta-de-grados\/doble-grado-en-ingenieria-electrica-e-ingenieria-electronica\"><strong>Doble Grado en Ingenier\u00eda El\u00e9ctrica e Ingenier\u00eda Electr\u00f3nica Industrial<\/strong><\/a><\/p>\n<table style=\"width: 45.1242%; height: 312px;\">\n<tbody>\n<tr style=\"height: 24px;\">\n<td style=\"text-align: left; width: 48px; height: 24px;\"><strong>Curso<\/strong><\/td>\n<td style=\"text-align: left; width: 382.967px; height: 24px;\"><strong>Asignaturas<\/strong><\/td>\n<\/tr>\n<tr style=\"height: 24px;\">\n<td style=\"text-align: center; width: 48px; height: 24px;\">1<\/td>\n<td style=\"text-align: left; width: 382.967px; height: 24px;\">Tecnolog\u00eda El\u00e9ctrica<\/td>\n<\/tr>\n<tr style=\"height: 24px;\">\n<td style=\"text-align: center; width: 48px; height: 24px;\">2<\/td>\n<td style=\"text-align: left; width: 382.967px; height: 24px;\">Circuitos El\u00e9ctricos<\/td>\n<\/tr>\n<tr style=\"height: 24px;\">\n<td style=\"text-align: center; width: 48px; height: 24px;\">2<\/td>\n<td style=\"text-align: left; width: 382.967px; height: 24px;\">M\u00e1quinas El\u00e9ctricas I<\/td>\n<\/tr>\n<tr style=\"height: 24px;\">\n<td style=\"text-align: center; width: 48px; height: 24px;\">2<\/td>\n<td style=\"text-align: left; width: 382.967px; height: 24px;\">Electrometr\u00eda<\/td>\n<\/tr>\n<tr style=\"height: 24px;\">\n<td style=\"text-align: center; width: 48px; height: 24px;\">3<\/td>\n<td style=\"text-align: left; width: 382.967px; height: 24px;\">M\u00e1quinas El\u00e9ctricas II<\/td>\n<\/tr>\n<tr style=\"height: 24px;\">\n<td style=\"text-align: center; width: 48px; height: 24px;\">4<\/td>\n<td style=\"text-align: left; width: 382.967px; height: 24px;\">Instalaciones El\u00e9ctricas I<\/td>\n<\/tr>\n<tr style=\"height: 24px;\">\n<td style=\"text-align: center; width: 48px; height: 24px;\">4<\/td>\n<td style=\"text-align: left; width: 382.967px; height: 24px;\">Control de M\u00e1quinas y Accionamientos El\u00e9ctricos I<\/td>\n<\/tr>\n<tr style=\"height: 24px;\">\n<td style=\"text-align: center; width: 48px; height: 24px;\">4<\/td>\n<td style=\"text-align: left; width: 382.967px; height: 24px;\">Instalaciones El\u00e9ctricas II<\/td>\n<\/tr>\n<tr style=\"height: 24px;\">\n<td style=\"text-align: center; width: 48px; height: 24px;\">5<\/td>\n<td style=\"text-align: left; width: 382.967px; height: 24px;\">Centrales El\u00e9ctricas<\/td>\n<\/tr>\n<tr style=\"height: 24px;\">\n<td style=\"text-align: center; width: 48px; height: 24px;\">5<\/td>\n<td style=\"text-align: left; width: 382.967px; height: 24px;\">Control de M\u00e1quinas y Accionamientos El\u00e9ctricos II<\/td>\n<\/tr>\n<tr style=\"height: 24px;\">\n<td style=\"text-align: center; width: 48px; height: 24px;\">5<\/td>\n<td style=\"text-align: left; width: 382.967px; height: 24px;\">Transporte y Distribuci\u00f3n de la Energ\u00eda El\u00e9ctrica<\/td>\n<\/tr>\n<tr style=\"height: 24px;\">\n<td style=\"text-align: center; width: 48px; height: 24px;\">5<\/td>\n<td style=\"text-align: left; width: 382.967px; height: 24px;\">Sistemas El\u00e9ctricos de Potencia<\/td>\n<\/tr>\n<\/tbody>\n<\/table>\n<p>&nbsp;<\/p>\n<p>&nbsp;<\/p>\n<p><strong><a href=\"https:\/\/www.us.es\/estudiar\/que-estudiar\/oferta-de-grados\/doble-grado-en-ingenieria-electrica-e-ingenieria-mecanica\">Doble Grado en Ingenier\u00eda El\u00e9ctrica e Ingenier\u00eda Mec\u00e1nica<\/a><\/strong><\/p>\n<table style=\"width: 455.967px;\">\n<tbody>\n<tr>\n<td style=\"text-align: left; width: 48px;\"><strong>Curso<\/strong><\/td>\n<td style=\"text-align: left; width: 391.967px;\"><strong>Asignaturas<\/strong><\/td>\n<\/tr>\n<tr>\n<td style=\"width: 48px; text-align: center;\">1<\/td>\n<td style=\"width: 391.967px; text-align: left;\">Tecnolog\u00eda El\u00e9ctrica<\/td>\n<\/tr>\n<tr>\n<td style=\"width: 48px; text-align: center;\">2<\/td>\n<td style=\"width: 391.967px; text-align: left;\">Circuitos El\u00e9ctricos<\/td>\n<\/tr>\n<tr>\n<td style=\"width: 48px; text-align: center;\">2<\/td>\n<td style=\"width: 391.967px; text-align: left;\">M\u00e1quinas El\u00e9ctricas I<\/td>\n<\/tr>\n<tr>\n<td style=\"width: 48px; text-align: center;\">2<\/td>\n<td style=\"width: 391.967px; text-align: left;\">Electrometr\u00eda<\/td>\n<\/tr>\n<tr>\n<td style=\"width: 48px; text-align: center;\">3<\/td>\n<td style=\"width: 391.967px; text-align: left;\">M\u00e1quinas El\u00e9ctricas II<\/td>\n<\/tr>\n<tr>\n<td style=\"width: 48px; text-align: center;\">3<\/td>\n<td style=\"width: 391.967px; text-align: left;\">Regulaci\u00f3n Autom\u00e1tica<\/td>\n<\/tr>\n<tr>\n<td style=\"width: 48px; text-align: center;\">4<\/td>\n<td style=\"width: 391.967px; text-align: left;\">Instalaciones El\u00e9ctricas I<\/td>\n<\/tr>\n<tr>\n<td style=\"width: 48px; text-align: center;\">4<\/td>\n<td style=\"width: 391.967px; text-align: left;\">Control de M\u00e1quinas y Accionamientos El\u00e9ctricos I<\/td>\n<\/tr>\n<tr>\n<td style=\"width: 48px; text-align: center;\">4<\/td>\n<td style=\"width: 391.967px; text-align: left;\">Instalaciones El\u00e9ctricas II<\/td>\n<\/tr>\n<tr>\n<td style=\"width: 48px; text-align: center;\">5<\/td>\n<td style=\"width: 391.967px; text-align: left;\">Centrales El\u00e9ctricas<\/td>\n<\/tr>\n<tr>\n<td style=\"width: 48px; text-align: center;\">5<\/td>\n<td style=\"width: 391.967px; text-align: left;\">Control de M\u00e1quinas y Accionamientos El\u00e9ctricos II<\/td>\n<\/tr>\n<tr>\n<td style=\"width: 48px; text-align: center;\">5<\/td>\n<td style=\"width: 391.967px; text-align: left;\">Transporte y Distribuci\u00f3n de la Energ\u00eda El\u00e9ctrica<\/td>\n<\/tr>\n<tr>\n<td style=\"width: 48px; text-align: center;\">5<\/td>\n<td style=\"width: 391.967px; text-align: left;\">Sistemas El\u00e9ctricos de Potencia<\/td>\n<\/tr>\n<\/tbody>\n<\/table>\n<p>&nbsp;<\/p>\n<p><a href=\"https:\/\/www.us.es\/estudiar\/que-estudiar\/oferta-de-grados\/grado-en-ingenieria-electrica\"><strong>Grado en Ingenier\u00eda El\u00e9ctrica&nbsp;<\/strong><\/a><\/p>\n<table style=\"width: 436.967px;\">\n<tbody>\n<tr>\n<td style=\"text-align: left; width: 48px;\"><strong>Curso<\/strong><\/td>\n<td style=\"text-align: left; width: 372.967px;\"><strong>Asignaturas<\/strong><\/td>\n<\/tr>\n<tr>\n<td style=\"text-align: center; width: 48px;\">1<\/td>\n<td style=\"width: 372.967px; text-align: left;\">Tecnolog\u00eda El\u00e9ctrica<\/td>\n<\/tr>\n<tr>\n<td style=\"text-align: center; width: 48px;\">2<\/td>\n<td style=\"width: 372.967px; text-align: left;\">Circuitos El\u00e9ctricos<\/td>\n<\/tr>\n<tr>\n<td style=\"text-align: center; width: 48px;\">2<\/td>\n<td style=\"width: 372.967px; text-align: left;\">Electrometr\u00eda<\/td>\n<\/tr>\n<tr>\n<td style=\"text-align: center; width: 48px;\">2<\/td>\n<td style=\"width: 372.967px; text-align: left;\">M\u00e1quinas El\u00e9ctricas I<\/td>\n<\/tr>\n<tr>\n<td style=\"text-align: center; width: 48px;\">3<\/td>\n<td style=\"width: 372.967px; text-align: left;\">Instalaciones El\u00e9ctricas I<\/td>\n<\/tr>\n<tr>\n<td style=\"text-align: center; width: 48px;\">3<\/td>\n<td style=\"width: 372.967px; text-align: left;\">M\u00e1quinas El\u00e9ctricas II<\/td>\n<\/tr>\n<tr>\n<td style=\"text-align: center; width: 48px;\">3<\/td>\n<td style=\"width: 372.967px; text-align: left;\">Regulaci\u00f3n Autom\u00e1tica<\/td>\n<\/tr>\n<tr>\n<td style=\"text-align: center; width: 48px;\">3<\/td>\n<td style=\"width: 372.967px; text-align: left;\">Control de M\u00e1quinas y Accionamientos El\u00e9ctricos I<\/td>\n<\/tr>\n<tr>\n<td style=\"width: 48px; text-align: center;\">3<\/td>\n<td style=\"width: 372.967px; text-align: left;\">Dise\u00f1o y Construcci\u00f3n de M\u00e1quinas El\u00e9ctricas<\/td>\n<\/tr>\n<tr>\n<td style=\"width: 48px; text-align: center;\">3<\/td>\n<td style=\"width: 372.967px; text-align: left;\">Instalaciones El\u00e9ctricas II<\/td>\n<\/tr>\n<tr>\n<td style=\"width: 48px; text-align: center;\">3<\/td>\n<td style=\"width: 372.967px; text-align: left;\">Instalaciones y Equipos El\u00e9ctricos Auxiliares<\/td>\n<\/tr>\n<tr>\n<td style=\"width: 48px; text-align: center;\">4<\/td>\n<td style=\"width: 372.967px; text-align: left;\">Centrales El\u00e9ctricas<\/td>\n<\/tr>\n<tr>\n<td style=\"width: 48px; text-align: center;\">4<\/td>\n<td style=\"width: 372.967px; text-align: left;\">Control de M\u00e1quinas y Accionamientos El\u00e9ctricos II<\/td>\n<\/tr>\n<tr>\n<td style=\"width: 48px; text-align: center;\">4<\/td>\n<td style=\"width: 372.967px; text-align: left;\">Transporte y Distribuci\u00f3n de Energ\u00eda El\u00e9ctrica<\/td>\n<\/tr>\n<tr>\n<td style=\"width: 48px; text-align: center;\">4<\/td>\n<td style=\"width: 372.967px; text-align: left;\">Calidad de la Se\u00f1al de Red<\/td>\n<\/tr>\n<tr>\n<td style=\"width: 48px; text-align: center;\">4<\/td>\n<td style=\"width: 372.967px; text-align: left;\">Modelado y Simulaci\u00f3n de Sistemas El\u00e9ctricos<\/td>\n<\/tr>\n<tr>\n<td style=\"width: 48px; text-align: center;\">4<\/td>\n<td style=\"width: 372.967px; text-align: left;\">Sistemas El\u00e9ctricos de Potencia<\/td>\n<\/tr>\n<tr>\n<td style=\"width: 48px; text-align: center;\">4<\/td>\n<td style=\"width: 372.967px; text-align: left;\">Energ\u00edas Renovables<\/td>\n<\/tr>\n<\/tbody>\n<\/table>\n<p><a href=\"https:\/\/www.us.es\/estudiar\/que-estudiar\/oferta-de-grados\/grado-en-ingenieria-electronica-industrial\"><strong>Grado en Ingenier\u00eda Electr\u00f3nica Industrial&nbsp;<\/strong><\/a><\/p>\n<table style=\"width: 387.967px;\">\n<tbody>\n<tr>\n<td style=\"text-align: left; width: 48px;\"><strong>Curso<\/strong><\/td>\n<td style=\"text-align: left; width: 322.967px;\"><strong>Asignaturas<\/strong><\/td>\n<\/tr>\n<tr>\n<td style=\"text-align: center; width: 48px;\">1<\/td>\n<td style=\"text-align: left; width: 322.967px;\">Tecnolog\u00eda El\u00e9ctrica<\/td>\n<\/tr>\n<tr>\n<td style=\"text-align: center; width: 48px;\">2<\/td>\n<td style=\"text-align: left; width: 322.967px;\">Circuitos El\u00e9ctricos<\/td>\n<\/tr>\n<tr>\n<td style=\"text-align: center; width: 48px;\">4<\/td>\n<td style=\"text-align: left; width: 322.967px;\">M\u00e1quinas El\u00e9ctricas. Control y Protecciones<\/td>\n<\/tr>\n<tr>\n<td style=\"text-align: center; width: 48px;\">4<\/td>\n<td style=\"text-align: left; width: 322.967px;\">Energ\u00edas Renovables<\/td>\n<\/tr>\n<\/tbody>\n<\/table>\n<p><a href=\"https:\/\/www.us.es\/estudiar\/que-estudiar\/oferta-de-grados\/grado-en-ingenieria-en-diseno-industrial-y-desarrollo-del\"><strong>Grado en Ingenier\u00eda en Dise\u00f1o Industrial y Desarrollo del Producto&nbsp;<\/strong><\/a><\/p>\n<table style=\"width: 376.967px;\">\n<tbody>\n<tr>\n<td style=\"text-align: left; width: 48px;\"><strong>Curso<\/strong><\/td>\n<td style=\"text-align: left; width: 311.967px;\"><strong>Asignatura<\/strong><\/td>\n<\/tr>\n<tr>\n<td style=\"width: 48px;\">\n<p style=\"text-align: center;\">3<\/p>\n<\/td>\n<td style=\"width: 311.967px;\">\n<p style=\"text-align: left;\">Tecnolog\u00eda El\u00e9ctrica Aplicada al Producto<\/p>\n<\/td>\n<\/tr>\n<tr>\n<td style=\"width: 48px;\">\n<p style=\"text-align: center;\">4<\/p>\n<\/td>\n<td style=\"width: 311.967px;\">\n<p style=\"text-align: left;\">Energ\u00edas Renovables<\/p>\n<\/td>\n<\/tr>\n<\/tbody>\n<\/table>\n<p><a href=\"https:\/\/www.us.es\/estudiar\/que-estudiar\/oferta-de-grados\/grado-en-ingenieria-mecanica\"><strong>Grado en Ingenier\u00eda Mec\u00e1nica&nbsp;<\/strong><\/a><\/p>\n<table style=\"width: 244.967px;\">\n<tbody>\n<tr>\n<td style=\"text-align: left; width: 48px;\"><strong>Curso<\/strong><\/td>\n<td style=\"text-align: left; width: 179.967px;\"><strong>Asignatura<\/strong><\/td>\n<\/tr>\n<tr>\n<td style=\"width: 48px;\">\n<p style=\"text-align: center;\">1<\/p>\n<\/td>\n<td style=\"width: 179.967px; text-align: left;\">Tecnolog\u00eda El\u00e9ctrica<\/td>\n<\/tr>\n<tr>\n<td style=\"width: 48px;\">\n<p style=\"text-align: center;\">4<\/p>\n<\/td>\n<td style=\"width: 179.967px; text-align: left;\">Energ\u00edas Renovables<\/td>\n<\/tr>\n<\/tbody>\n<\/table>\n<p><a href=\"https:\/\/www.us.es\/estudiar\/que-estudiar\/oferta-de-grados\/grado-en-ingenieria-quimica-industrial\"><strong>Grado en Ingenier\u00eda Qu\u00edmica Industrial&nbsp;<\/strong><\/a><\/p>\n<table style=\"width: 229.967px;\">\n<tbody>\n<tr>\n<td style=\"text-align: left; width: 48px;\"><strong>Curso<\/strong><\/td>\n<td style=\"text-align: left; width: 164.967px;\"><strong>Asignatura<\/strong><\/td>\n<\/tr>\n<tr>\n<td style=\"width: 48px;\">\n<p style=\"text-align: center;\">2<\/p>\n<\/td>\n<td style=\"width: 164.967px;\">\n<p style=\"text-align: left;\">Tecnolog\u00eda El\u00e9ctrica<\/p>\n<\/td>\n<\/tr>\n<tr>\n<td style=\"width: 48px;\">\n<p style=\"text-align: center;\">4<\/p>\n<\/td>\n<td style=\"width: 164.967px;\">\n<p style=\"text-align: left;\">Energ\u00edas Renovables<\/p>\n<\/td>\n<\/tr>\n<\/tbody>\n<\/table>\n<p><strong>&nbsp;<\/strong><\/p>\n","protected":false},"excerpt":{"rendered":"<p>Titulaciones de Grado impartidas en la Escuela Polit\u00e9cnica Superior Doble Grado en Ing.en Dise\u00f1o Ind.y Desarrollo del Producto e Ing. Mec\u00e1nica&nbsp; Curso Asignaturas 2 Tecnolog\u00eda El\u00e9ctrica &nbsp; Doble Grado en Ingenier\u00eda El\u00e9ctrica e Ingenier\u00eda Electr\u00f3nica Industrial Curso Asignaturas 1 Tecnolog\u00eda <a href=\"https:\/\/departamento.us.es\/ielectrica\/asignaturas-grado-eps\/\" class=\"read-more\">Leer m\u00e1s&#8230;<\/a><\/p>\n","protected":false},"author":1,"featured_media":0,"parent":0,"menu_order":0,"comment_status":"closed","ping_status":"closed","template":"","meta":{"footnotes":""},"class_list":["post-268","page","type-page","status-publish","hentry"],"_links":{"self":[{"href":"https:\/\/departamento.us.es\/ielectrica\/wp-json\/wp\/v2\/pages\/268","targetHints":{"allow":["GET"]}}],"collection":[{"href":"https:\/\/departamento.us.es\/ielectrica\/wp-json\/wp\/v2\/pages"}],"about":[{"href":"https:\/\/departamento.us.es\/ielectrica\/wp-json\/wp\/v2\/types\/page"}],"author":[{"embeddable":true,"href":"https:\/\/departamento.us.es\/ielectrica\/wp-json\/wp\/v2\/users\/1"}],"replies":[{"embeddable":true,"href":"https:\/\/departamento.us.es\/ielectrica\/wp-json\/wp\/v2\/comments?post=268"}],"version-history":[{"count":0,"href":"https:\/\/departamento.us.es\/ielectrica\/wp-json\/wp\/v2\/pages\/268\/revisions"}],"wp:attachment":[{"href":"https:\/\/departamento.us.es\/ielectrica\/wp-json\/wp\/v2\/media?parent=268"}],"curies":[{"name":"wp","href":"https:\/\/api.w.org\/{rel}","templated":true}]}}