{"id":3014,"date":"2022-04-01T07:32:17","date_gmt":"2022-04-01T07:32:17","guid":{"rendered":"http:\/\/departamento.us.es\/ielectrica\/?page_id=3014"},"modified":"2022-04-01T10:32:08","modified_gmt":"2022-04-01T10:32:08","slug":"laboratorios","status":"publish","type":"page","link":"https:\/\/departamento.us.es\/ielectrica\/laboratorios\/","title":{"rendered":"Laboratorios"},"content":{"rendered":"<p style=\"text-align: center;\"><span style=\"font-size: 16px; font-family: arial, helvetica, sans-serif; color: #000000;\"><strong>Protocolo de uso<br \/>\n<\/strong><\/span><span style=\"font-size: 16px; font-family: arial, helvetica, sans-serif; color: #000000;\"><strong>Laboratorio de redes de distribuci\u00f3n inteligentes<br \/>\n<\/strong><\/span><strong style=\"color: #000000; font-family: arial, helvetica, sans-serif;\">Proyecto IE17-5843-9-USE<\/strong><\/p>\n<h1 style=\"text-align: justify;\"><span style=\"font-size: 14px; font-family: arial, helvetica, sans-serif; color: #3366ff;\">1. Objetivo<\/span><\/h1>\n<p style=\"text-align: justify;\"><span style=\"font-size: 14px; font-family: arial, helvetica, sans-serif; color: #000000;\">El presente documento recoge las normas de utilizaci\u00f3n y gesti\u00f3n de la instalaci\u00f3n de inter\u00e9s com\u00fan denominada <em>\u201c<\/em><strong>Laboratorio de redes de distribuci\u00f3n inteligentes<\/strong><em>\u201d<\/em>.<\/span><\/p>\n<h1 style=\"text-align: justify;\"><span style=\"font-size: 14px; font-family: arial, helvetica, sans-serif; color: #3366ff;\">2. Principios generales<\/span><\/h1>\n<p style=\"text-align: justify;\"><span style=\"font-size: 14px; font-family: arial, helvetica, sans-serif;\">L<span style=\"color: #000000;\">as normas recogidas en el presente documento son de obligado cumplimiento por parte de los usuarios de la instalaci\u00f3n.<\/span><\/span><\/p>\n<p style=\"text-align: justify;\"><span style=\"font-size: 14px; font-family: arial, helvetica, sans-serif; color: #000000;\">Los usuarios de la instalaci\u00f3n son responsables de garantizar el correcto cumplimiento de las normas recogidas en el presente documento. El no cumplimiento supone la anulaci\u00f3n de la reserva efectuada y, en caso de generar desperfectos en la instalaci\u00f3n, el usuario asumir\u00e1 los costes derivados de la reparaci\u00f3n y\/o sustituci\u00f3n del material da\u00f1ado.<\/span><\/p>\n<p style=\"text-align: justify;\"><span style=\"font-size: 14px; font-family: arial, helvetica, sans-serif; color: #000000;\">La comisi\u00f3n encargada de gestionar la infraestructura de inter\u00e9s com\u00fan podr\u00e1 modificar las presentes condiciones generales sin previo aviso, con el objetivo de mejorar la gesti\u00f3n y utilizaci\u00f3n de esta. Por tanto, ser\u00e1 responsabilidad del usuario consultar la \u00faltima versi\u00f3n del presente documento.<\/span><\/p>\n<h1 style=\"text-align: justify;\"><span style=\"font-size: 14px; font-family: arial, helvetica, sans-serif; color: #3366ff;\">3. Gesti\u00f3n del laboratorio<\/span><\/h1>\n<p style=\"text-align: justify;\"><span style=\"font-size: 14px; font-family: arial, helvetica, sans-serif; color: #000000;\">La infraestructura estar\u00e1 gestionada por una Comisi\u00f3n del Departamento de Ingenier\u00eda El\u00e9ctrica que tendr\u00e1 las siguientes funciones:<\/span><\/p>\n<ul style=\"text-align: justify;\">\n<li><span style=\"font-size: 14px; font-family: arial, helvetica, sans-serif; color: #000000;\">Actualizar las normas de uso y gesti\u00f3n de la instalaci\u00f3n.<\/span><\/li>\n<li><span style=\"font-size: 14px; font-family: arial, helvetica, sans-serif; color: #000000;\">Asegurar el correcto funcionamiento de los instrumentos y \u00fatiles disponibles en la instalaci\u00f3n.<\/span><\/li>\n<li><span style=\"font-size: 14px; font-family: arial, helvetica, sans-serif; color: #000000;\">Gestionar la reparaci\u00f3n y calibraci\u00f3n de la instrumentaci\u00f3n existente.<\/span><\/li>\n<li><span style=\"font-size: 14px; font-family: arial, helvetica, sans-serif; color: #000000;\">Controlar el inventario de la instalaci\u00f3n.<\/span><\/li>\n<li><span style=\"font-size: 14px; font-family: arial, helvetica, sans-serif; color: #000000;\">Estudiar y aprobar la inclusi\u00f3n de nuevos instrumentos de medida y\/o procesos de fabricaci\u00f3n que los usuarios de la instalaci\u00f3n demanden.<\/span><\/li>\n<li><span style=\"font-size: 14px; font-family: arial, helvetica, sans-serif; color: #000000;\">Designar al responsable de la instalaci\u00f3n.<\/span><\/li>\n<li><span style=\"font-size: 14px; font-family: arial, helvetica, sans-serif; color: #000000;\">Planificar tareas de diagnosis peri\u00f3dicas.<\/span><\/li>\n<\/ul>\n<p style=\"text-align: justify;\"><span style=\"font-size: 14px; font-family: arial, helvetica, sans-serif; color: #000000;\">Por su parte, la gesti\u00f3n diaria y la supervisi\u00f3n de los trabajos realizados en la infraestructura recaer\u00e1 en personal de laboratorio adscrito al Departamento de Ingenier\u00eda El\u00e9ctrica, que tendr\u00e1 las siguientes funciones:<\/span><\/p>\n<ul style=\"text-align: justify;\">\n<li><span style=\"font-size: 14px; font-family: arial, helvetica, sans-serif; color: #000000;\">Garantizar el cumplimiento de la normativa de seguridad dentro de la instalaci\u00f3n.<\/span><\/li>\n<li><span style=\"font-size: 14px; font-family: arial, helvetica, sans-serif; color: #000000;\">Garantizar el correcto funcionamiento de los diferentes instrumentos de medida.<\/span><\/li>\n<li><span style=\"font-size: 14px; font-family: arial, helvetica, sans-serif; color: #000000;\">Detectar y registrar las incidencias de los instrumentos y\/o \u00fatiles de la instalaci\u00f3n.<\/span><\/li>\n<li><span style=\"font-size: 14px; font-family: arial, helvetica, sans-serif; color: #000000;\">Informar a la comisi\u00f3n de gesti\u00f3n de las posibles incidencias acaecidas durante la reserva.<\/span><\/li>\n<li><span style=\"font-size: 14px; font-family: arial, helvetica, sans-serif; color: #000000;\">Proceder a la apertura y cierre de la instalaci\u00f3n.<\/span><\/li>\n<li><span style=\"font-size: 14px; font-family: arial, helvetica, sans-serif; color: #000000;\">Asistir a los usuarios de la instalaci\u00f3n durante los ensayos.<\/span><\/li>\n<li><span style=\"font-size: 14px; font-family: arial, helvetica, sans-serif; color: #000000;\">Realizar tareas de mantenimiento de los instrumentos y\/o \u00fatiles.<\/span><\/li>\n<li><span style=\"font-size: 14px; font-family: arial, helvetica, sans-serif; color: #000000;\">Ejecutar las tareas de diagnosis planificadas.<\/span><\/li>\n<li><span style=\"font-size: 14px; font-family: arial, helvetica, sans-serif; color: #000000;\">Llevar a cabo las tareas de formaci\u00f3n necesarias para la correcta utilizaci\u00f3n de los equipos.<\/span><\/li>\n<\/ul>\n<h1 style=\"text-align: justify;\"><span style=\"font-size: 14px; font-family: arial, helvetica, sans-serif; color: #3366ff;\">4. Utilizaci\u00f3n del laboratorio<\/span><\/h1>\n<h2 style=\"text-align: justify;\"><span style=\"font-size: 14px; font-family: arial, helvetica, sans-serif; color: #3366ff;\">4.1. Reserva<\/span><\/h2>\n<p style=\"text-align: justify;\"><span style=\"font-size: 14px; font-family: arial, helvetica, sans-serif; color: #000000;\">Para realizar la utilizaci\u00f3n del laboratorio por personal externo al Departamento de Ingenier\u00eda El\u00e9ctrica ser\u00e1 necesario realizar una reserva mediante el env\u00edo del Formulario de reserva a la direcci\u00f3n de correo electr\u00f3nico <span style=\"color: #3366ff;\">ielectrica@us.es&nbsp; &nbsp;<span style=\"background-color: #800000;\"> <strong><a style=\"background-color: #800000;\" href=\"http:\/\/departamento.us.es\/ielectrica\/wp-content\/uploads\/2022\/04\/Formulario-de-reserva.pdf\" target=\"_blank\" rel=\"noopener\"><span style=\"color: #ffffff;\">Formulario de reserva<\/span><\/a><\/strong><\/span><\/span><\/span><\/p>\n<p style=\"text-align: justify;\"><span style=\"font-size: 14px; font-family: arial, helvetica, sans-serif; color: #000000;\">La comisi\u00f3n que gestiona la instalaci\u00f3n revisar\u00e1 las solicitudes enviadas, verificar\u00e1 la disponibilidad de las fechas, equipos a utilizar y responder\u00e1 a la solicitud. En el caso de que la solicitud provenga de una instituci\u00f3n privada, se enviar\u00e1 junto con la respuesta a la solicitud una propuesta de contrato detallando la utilizaci\u00f3n, duraci\u00f3n y coste del uso del laboratorio.<\/span><\/p>\n<p style=\"text-align: justify;\"><span style=\"font-size: 14px; font-family: arial, helvetica, sans-serif; color: #000000;\">La comisi\u00f3n se reserva el derecho a denegar aquellas solicitudes que requieran del uso de la instalaci\u00f3n por un periodo superior a 5 d\u00edas laborables.<\/span><\/p>\n<h2 style=\"text-align: justify;\"><span style=\"font-size: 14px; font-family: arial, helvetica, sans-serif; color: #3366ff;\">4.2. Uso<\/span><\/h2>\n<p style=\"text-align: justify;\"><span style=\"font-size: 14px; font-family: arial, helvetica, sans-serif; color: #000000;\">El usuario del laboratorio deber\u00e1 cumplir con las normativas vigentes referentes al acceso y uso de las instalaciones establecidas por los siguientes organismos:<\/span><\/p>\n<ul style=\"text-align: justify;\">\n<li><span style=\"font-size: 14px; font-family: arial, helvetica, sans-serif; color: #000000;\">Universidad de Sevilla.<\/span><\/li>\n<li><span style=\"font-size: 14px; font-family: arial, helvetica, sans-serif; color: #000000;\">Escuela T\u00e9cnica Superior de Ingenier\u00eda<\/span><\/li>\n<li><span style=\"font-size: 14px; font-family: arial, helvetica, sans-serif; color: #000000;\">Departamento de Ingenier\u00eda El\u00e9ctrica.<\/span><\/li>\n<\/ul>\n<p style=\"text-align: justify;\"><span style=\"font-size: 14px; font-family: arial, helvetica, sans-serif; color: #000000;\">El usuario deber\u00e1 hacer uso de los instrumentos y\/o \u00fatiles requeridos de acuerdo a las normas de uso establecidas por el fabricante. El material utilizado deber\u00e1 permanecer en los laboratorios en todo momento.<\/span><\/p>\n<p style=\"text-align: justify;\"><span style=\"font-size: 14px; font-family: arial, helvetica, sans-serif; color: #000000;\">La instalaci\u00f3n deber\u00e1 cerrarse cada vez que el usuario abandone la instalaci\u00f3n.<\/span><\/p>\n<p style=\"text-align: justify;\"><span style=\"font-size: 14px; font-family: arial, helvetica, sans-serif; color: #000000;\">El incumplimiento de cualquiera de las normas anteriores conllevar\u00e1 la cancelaci\u00f3n de la reserva. Asimismo, el usuario deber\u00e1 hacerse responsable de los da\u00f1os que se ocasionen por un mal uso de la instalaci\u00f3n.<\/span><\/p>\n<h1 style=\"text-align: justify;\"><span style=\"font-size: 14px; font-family: arial, helvetica, sans-serif; color: #3366ff;\">5. Equipamiento<\/span><\/h1>\n<p style=\"text-align: justify;\"><span style=\"font-size: 14px; font-family: arial, helvetica, sans-serif; color: #000000;\">El equipamiento disponible en el laboratorio comprende los siguientes equipos:<\/span><\/p>\n<ul style=\"text-align: justify;\">\n<li><span style=\"font-size: 14px; font-family: arial, helvetica, sans-serif; color: #000000;\">Centro de transformaci\u00f3n MT\/BT compuesto por dos transformadores secos de 400 kVA 20\/0.42 kV monitorizado en MT y BT.<\/span><\/li>\n<li><span style=\"font-size: 14px; font-family: arial, helvetica, sans-serif; color: #000000;\">Redes de distribuci\u00f3n a escala supervisadas y controladas a trav\u00e9s de un sistema SCADA.<\/span><\/li>\n<li><span style=\"font-size: 14px; font-family: arial, helvetica, sans-serif; color: #000000;\">Sistema de almacenamiento energ\u00e9tico basado en bater\u00edas de i\u00f3n-litio de 100 kW y 50 kWh.<\/span><\/li>\n<\/ul>\n<p style=\"text-align: justify;\">&nbsp;<\/p>\n","protected":false},"excerpt":{"rendered":"<p>Protocolo de uso Laboratorio de redes de distribuci\u00f3n inteligentes Proyecto IE17-5843-9-USE 1. Objetivo El presente documento recoge las normas de utilizaci\u00f3n y gesti\u00f3n de la instalaci\u00f3n de inter\u00e9s com\u00fan denominada \u201cLaboratorio de redes de distribuci\u00f3n inteligentes\u201d. 2. Principios generales Las <a href=\"https:\/\/departamento.us.es\/ielectrica\/laboratorios\/\" class=\"read-more\">Leer m\u00e1s&#8230;<\/a><\/p>\n","protected":false},"author":1,"featured_media":0,"parent":0,"menu_order":0,"comment_status":"closed","ping_status":"closed","template":"","meta":{"footnotes":""},"class_list":["post-3014","page","type-page","status-publish","hentry"],"_links":{"self":[{"href":"https:\/\/departamento.us.es\/ielectrica\/wp-json\/wp\/v2\/pages\/3014","targetHints":{"allow":["GET"]}}],"collection":[{"href":"https:\/\/departamento.us.es\/ielectrica\/wp-json\/wp\/v2\/pages"}],"about":[{"href":"https:\/\/departamento.us.es\/ielectrica\/wp-json\/wp\/v2\/types\/page"}],"author":[{"embeddable":true,"href":"https:\/\/departamento.us.es\/ielectrica\/wp-json\/wp\/v2\/users\/1"}],"replies":[{"embeddable":true,"href":"https:\/\/departamento.us.es\/ielectrica\/wp-json\/wp\/v2\/comments?post=3014"}],"version-history":[{"count":0,"href":"https:\/\/departamento.us.es\/ielectrica\/wp-json\/wp\/v2\/pages\/3014\/revisions"}],"wp:attachment":[{"href":"https:\/\/departamento.us.es\/ielectrica\/wp-json\/wp\/v2\/media?parent=3014"}],"curies":[{"name":"wp","href":"https:\/\/api.w.org\/{rel}","templated":true}]}}