{"id":310,"date":"2018-01-15T10:36:20","date_gmt":"2018-01-15T10:36:20","guid":{"rendered":"http:\/\/departamento.us.es\/ielectrica\/?page_id=310"},"modified":"2023-12-12T07:28:53","modified_gmt":"2023-12-12T07:28:53","slug":"redes-de-investigacion","status":"publish","type":"page","link":"https:\/\/departamento.us.es\/ielectrica\/redes-de-investigacion\/","title":{"rendered":"Redes de Investigaci\u00f3n"},"content":{"rendered":"<p><span style=\"color: #993300; font-size: 20px; font-family: arial, helvetica, sans-serif;\">Redes de Investigaci\u00f3n<\/span><\/p>\n<ul>\n<li><a href=\"http:\/\/der-lab.net\/\" target=\"_blank\" rel=\"noopener noreferrer\">European Distributed Energy Resources Laboratories e.V. DERlab<\/a><\/li>\n<\/ul>\n<p><a href=\"http:\/\/infrastructure.der-lab.net\/research-infrastructure\/university-of-seville-electric-energy-systems-group-ees\/\" target=\"_blank\" rel=\"noopener noreferrer\"><img loading=\"lazy\" decoding=\"async\" class=\"wp-image-937 aligncenter\" src=\"http:\/\/departamento.us.es\/ielectrica\/wp-content\/uploads\/2018\/03\/DERlab-203x300.png\" alt=\"\" width=\"167\" height=\"247\" srcset=\"https:\/\/departamento.us.es\/ielectrica\/wp-content\/uploads\/2018\/03\/DERlab-203x300.png 203w, https:\/\/departamento.us.es\/ielectrica\/wp-content\/uploads\/2018\/03\/DERlab-182x270.png 182w, https:\/\/departamento.us.es\/ielectrica\/wp-content\/uploads\/2018\/03\/DERlab.png 545w\" sizes=\"auto, (max-width: 167px) 100vw, 167px\" \/><\/a><\/p>\n<ul>\n<li><a href=\"https:\/\/www.cyted.org\/MICRO-EOLO\" target=\"_blank\" rel=\"noopener noreferrer\">RED IBEROAMERICANA PARA EL DESARROLLO Y LA INTEGRACI\u00d3N DE PEQUE\u00d1OS GENERADORES E\u00d3LICOS (MICRO-EOLO)<\/a><\/li>\n<\/ul>\n<p style=\"text-align: center;\"><img decoding=\"async\" class=\"aligncenter\" src=\"https:\/\/www.cyted.org\/assets\/img\/logo.jpg\"><\/p>\n","protected":false},"excerpt":{"rendered":"<p>Redes de Investigaci\u00f3n European Distributed Energy Resources Laboratories e.V. DERlab RED IBEROAMERICANA PARA EL DESARROLLO Y LA INTEGRACI\u00d3N DE PEQUE\u00d1OS GENERADORES E\u00d3LICOS (MICRO-EOLO)<\/p>\n","protected":false},"author":1,"featured_media":0,"parent":0,"menu_order":0,"comment_status":"closed","ping_status":"closed","template":"","meta":{"footnotes":""},"class_list":["post-310","page","type-page","status-publish","hentry"],"_links":{"self":[{"href":"https:\/\/departamento.us.es\/ielectrica\/wp-json\/wp\/v2\/pages\/310","targetHints":{"allow":["GET"]}}],"collection":[{"href":"https:\/\/departamento.us.es\/ielectrica\/wp-json\/wp\/v2\/pages"}],"about":[{"href":"https:\/\/departamento.us.es\/ielectrica\/wp-json\/wp\/v2\/types\/page"}],"author":[{"embeddable":true,"href":"https:\/\/departamento.us.es\/ielectrica\/wp-json\/wp\/v2\/users\/1"}],"replies":[{"embeddable":true,"href":"https:\/\/departamento.us.es\/ielectrica\/wp-json\/wp\/v2\/comments?post=310"}],"version-history":[{"count":0,"href":"https:\/\/departamento.us.es\/ielectrica\/wp-json\/wp\/v2\/pages\/310\/revisions"}],"wp:attachment":[{"href":"https:\/\/departamento.us.es\/ielectrica\/wp-json\/wp\/v2\/media?parent=310"}],"curies":[{"name":"wp","href":"https:\/\/api.w.org\/{rel}","templated":true}]}}