{"id":3129,"date":"2022-05-19T12:01:40","date_gmt":"2022-05-19T12:01:40","guid":{"rendered":"https:\/\/departamento.us.es\/ielectrica\/?page_id=3129"},"modified":"2025-11-26T13:23:29","modified_gmt":"2025-11-26T12:23:29","slug":"canal-youtube-catedra-endesa-us","status":"publish","type":"page","link":"https:\/\/departamento.us.es\/ielectrica\/canal-youtube-catedra-endesa-us\/","title":{"rendered":"Canal YouTube C\u00e1tedra Endesa US"},"content":{"rendered":"\n<p><span style=\"color: #000000; font-family: georgia, palatino, serif;\">Bienvenidos al <a style=\"color: #000000;\" href=\"https:\/\/www.youtube.com\/channel\/UCD3N50F_AJWk-UrFL6KY4WQ\/videos?view=0&amp;sort=dd\" target=\"_blank\" rel=\"noopener\"><span style=\"color: #0000ff;\">Canal de YouTube de la C\u00e1tedra Endesa Red de la Universidad de Sevilla.<\/span><\/a> <\/span><\/p>\n\n\n\n<div style=\"height:24px\" aria-hidden=\"true\" class=\"wp-block-spacer\"><\/div>\n\n\n\n<h3 class=\"wp-block-heading\">2025.11.25 &#8211; V\u00cdDEOS DE LOS CURSOS DE OTO\u00d1O EN LA UIMP DE LOS A\u00d1OS 2024 Y 2025<\/h3>\n\n\n\n<div style=\"height:18px\" aria-hidden=\"true\" class=\"wp-block-spacer\"><\/div>\n\n\n\n<div class=\"wp-block-columns is-layout-flex wp-container-core-columns-is-layout-9d6595d7 wp-block-columns-is-layout-flex\">\n<div class=\"wp-block-column is-layout-flow wp-block-column-is-layout-flow\">\n<figure class=\"wp-block-image size-large\"><a href=\"https:\/\/departamento.us.es\/ielectrica\/curso-uimp-2024\/\"><img loading=\"lazy\" decoding=\"async\" width=\"1024\" height=\"726\" src=\"https:\/\/departamento.us.es\/ielectrica\/wp-content\/uploads\/2025\/03\/UIMP2024-1024x726.png\" alt=\"\" class=\"wp-image-3909\" srcset=\"https:\/\/departamento.us.es\/ielectrica\/wp-content\/uploads\/2025\/03\/UIMP2024-1024x726.png 1024w, https:\/\/departamento.us.es\/ielectrica\/wp-content\/uploads\/2025\/03\/UIMP2024-300x213.png 300w, https:\/\/departamento.us.es\/ielectrica\/wp-content\/uploads\/2025\/03\/UIMP2024-768x545.png 768w, https:\/\/departamento.us.es\/ielectrica\/wp-content\/uploads\/2025\/03\/UIMP2024-1536x1090.png 1536w, https:\/\/departamento.us.es\/ielectrica\/wp-content\/uploads\/2025\/03\/UIMP2024-2048x1453.png 2048w, https:\/\/departamento.us.es\/ielectrica\/wp-content\/uploads\/2025\/03\/UIMP2024-360x255.png 360w\" sizes=\"auto, (max-width: 1024px) 100vw, 1024px\" \/><\/a><\/figure>\n<\/div>\n\n\n\n<div class=\"wp-block-column is-layout-flow wp-block-column-is-layout-flow\">\n<figure class=\"wp-block-image size-large\"><a href=\"https:\/\/departamento.us.es\/ielectrica\/curso-uimp-2025\/\"><img loading=\"lazy\" decoding=\"async\" width=\"1024\" height=\"727\" src=\"https:\/\/departamento.us.es\/ielectrica\/wp-content\/uploads\/2025\/11\/Poster-UIMP-2025-1024x727.png\" alt=\"\" class=\"wp-image-4099\" srcset=\"https:\/\/departamento.us.es\/ielectrica\/wp-content\/uploads\/2025\/11\/Poster-UIMP-2025-1024x727.png 1024w, https:\/\/departamento.us.es\/ielectrica\/wp-content\/uploads\/2025\/11\/Poster-UIMP-2025-300x213.png 300w, https:\/\/departamento.us.es\/ielectrica\/wp-content\/uploads\/2025\/11\/Poster-UIMP-2025-768x545.png 768w, https:\/\/departamento.us.es\/ielectrica\/wp-content\/uploads\/2025\/11\/Poster-UIMP-2025-1536x1090.png 1536w, https:\/\/departamento.us.es\/ielectrica\/wp-content\/uploads\/2025\/11\/Poster-UIMP-2025-2048x1453.png 2048w, https:\/\/departamento.us.es\/ielectrica\/wp-content\/uploads\/2025\/11\/Poster-UIMP-2025-360x255.png 360w\" sizes=\"auto, (max-width: 1024px) 100vw, 1024px\" \/><\/a><\/figure>\n<\/div>\n<\/div>\n\n\n\n<div style=\"height:38px\" aria-hidden=\"true\" class=\"wp-block-spacer\"><\/div>\n\n\n\n<p><span style=\"color: #000000;\"><span style=\"font-family: georgia, palatino, serif;\">12\/6\/2023.&nbsp; <strong><span style=\"color: #800000;\">D. Antonio de Lara Cruz. <\/span><\/strong><span style=\"color: #000000;\"><a style=\"color: #000000;\" href=\"https:\/\/departamento.us.es\/ielectrica\/wp-content\/uploads\/2023\/05\/20230612-CONFERENCIA-ANTONIO-DE-LARA.pdf\" target=\"_blank\" rel=\"noopener\">Conferencia \u00abLa Desalaci\u00f3n con Bombeo y Gesti\u00f3n de la Demanda: Una Oportunidad para el Futuro de Andaluc\u00eda\u00bb<\/a><\/span><\/span><br><br><\/span><\/p>\n\n\n\n<figure class=\"wp-block-embed is-type-video is-provider-youtube wp-block-embed-youtube wp-embed-aspect-16-9 wp-has-aspect-ratio\"><div class=\"wp-block-embed__wrapper\">\n<iframe loading=\"lazy\" title=\"Conferencia de D. Antonio de Lara Cruz\" width=\"847\" height=\"476\" src=\"https:\/\/www.youtube.com\/embed\/Easzo4dM7-I?feature=oembed\" frameborder=\"0\" allow=\"accelerometer; autoplay; clipboard-write; encrypted-media; gyroscope; picture-in-picture; web-share\" referrerpolicy=\"strict-origin-when-cross-origin\" allowfullscreen><\/iframe>\n<\/div><\/figure>\n\n\n\n<p class=\"has-text-align-center\">&nbsp; <span style=\"color: #000000;\"><span style=\"font-family: georgia, palatino, serif;\">Organizado por la Real Academia Sevillana de Ciencias y la C\u00e1tedra Endesa Red de la Universidad de Sevilla.<\/span><\/span><\/p>\n","protected":false},"excerpt":{"rendered":"<p>Bienvenidos al Canal de YouTube de la C\u00e1tedra Endesa Red de la Universidad de Sevilla. 2025.11.25 &#8211; V\u00cdDEOS DE LOS CURSOS DE OTO\u00d1O EN LA UIMP DE LOS A\u00d1OS 2024 Y 2025 12\/6\/2023.&nbsp; D. Antonio de Lara Cruz. Conferencia \u00abLa <a href=\"https:\/\/departamento.us.es\/ielectrica\/canal-youtube-catedra-endesa-us\/\" class=\"read-more\">Leer m\u00e1s&#8230;<\/a><\/p>\n","protected":false},"author":1,"featured_media":0,"parent":0,"menu_order":0,"comment_status":"closed","ping_status":"closed","template":"","meta":{"footnotes":""},"class_list":["post-3129","page","type-page","status-publish","hentry"],"_links":{"self":[{"href":"https:\/\/departamento.us.es\/ielectrica\/wp-json\/wp\/v2\/pages\/3129","targetHints":{"allow":["GET"]}}],"collection":[{"href":"https:\/\/departamento.us.es\/ielectrica\/wp-json\/wp\/v2\/pages"}],"about":[{"href":"https:\/\/departamento.us.es\/ielectrica\/wp-json\/wp\/v2\/types\/page"}],"author":[{"embeddable":true,"href":"https:\/\/departamento.us.es\/ielectrica\/wp-json\/wp\/v2\/users\/1"}],"replies":[{"embeddable":true,"href":"https:\/\/departamento.us.es\/ielectrica\/wp-json\/wp\/v2\/comments?post=3129"}],"version-history":[{"count":2,"href":"https:\/\/departamento.us.es\/ielectrica\/wp-json\/wp\/v2\/pages\/3129\/revisions"}],"predecessor-version":[{"id":4120,"href":"https:\/\/departamento.us.es\/ielectrica\/wp-json\/wp\/v2\/pages\/3129\/revisions\/4120"}],"wp:attachment":[{"href":"https:\/\/departamento.us.es\/ielectrica\/wp-json\/wp\/v2\/media?parent=3129"}],"curies":[{"name":"wp","href":"https:\/\/api.w.org\/{rel}","templated":true}]}}