{"id":316,"date":"2018-01-15T10:39:40","date_gmt":"2018-01-15T10:39:40","guid":{"rendered":"http:\/\/departamento.us.es\/ielectrica\/?page_id=316"},"modified":"2020-09-08T17:16:43","modified_gmt":"2020-09-08T17:16:43","slug":"calidad","status":"publish","type":"page","link":"https:\/\/departamento.us.es\/ielectrica\/calidad\/","title":{"rendered":"\u00cdndice de Calidad MSEE"},"content":{"rendered":"\r\n<p><span style=\"font-family: arial, helvetica, sans-serif;\">\r\n\r\n<\/span><\/p>\r\n<p class=\"has-text-color has-very-dark-gray-color\"><span style=\"font-family: arial, helvetica, sans-serif; font-size: 24px; color: #800000;\">\u00cdndice de Calidad del M\u00e1ster en Sistemas de Energ\u00eda El\u00e9ctrica<\/span><\/p>\r\n<p class=\"has-text-color has-very-dark-gray-color\" style=\"text-align: justify;\"><span style=\"font-family: arial, helvetica, sans-serif; font-size: 16px; color: #000000;\">Conocer si la formaci\u00f3n acad\u00e9mica impartida en el M\u00e1ster Universitario en Sistemas de Energ\u00eda El\u00e9ctrica favorece la empleabilidad de sus egresados, desde su implantaci\u00f3n en el curso acad\u00e9mico 2006\/2007 hasta el curso 2018\/2019, es uno de los objetivos principales del Trabajo Fin de M\u00e1ster realizado por D. Rafael G\u00f3mez Mart\u00edn, bajo la direcci\u00f3n de la profesora de la Universidad de Sevilla, Dra. Magdalena Su\u00e1rez Ortega, titulado \u201c<em><strong>Empleabilidad y Gesti\u00f3n Personal de la Carrera de los Estudiantes del M\u00e1ster Universitario en Sistemas de Energ\u00eda El\u00e9ctrica de la Universidad de Sevilla<\/strong><\/em>\u201d.<\/span><\/p>\r\n<p><span style=\"font-family: arial, helvetica, sans-serif; color: #000000;\">\r\n\r\n<\/span><\/p>\r\n<p class=\"has-text-color has-very-dark-gray-color\" style=\"text-align: justify;\"><span style=\"font-family: arial, helvetica, sans-serif; font-size: 16px; color: #000000;\">Para la realizaci\u00f3n del citado trabajo se ha contado con la participaci\u00f3n de 76 estudiantes, 64 egresados y 12 matriculados, quienes dejaron constancia, a trav\u00e9s de un cuestionario, de sus percepciones sobre la orientaci\u00f3n laboral recibida, las competencias de empleabilidad adquiridas y de sus expectativas y satisfacci\u00f3n acad\u00e9mico-profesional y laboral. Asimismo, se realizaron 10 entrevistas a estudiantes de las distintas etapas del m\u00e1ster.<\/span><\/p>\r\n<p><span style=\"font-family: arial, helvetica, sans-serif; color: #000000;\">\r\n\r\n<\/span><\/p>\r\n<p class=\"has-text-color has-very-dark-gray-color\"><span style=\"font-family: arial, helvetica, sans-serif; font-size: 16px; color: #000000;\">Los resultados muestran que los puntos fuertes del m\u00e1ster son:<\/span><\/p>\r\n<p><span style=\"font-family: arial, helvetica, sans-serif; color: #000000;\">\r\n\r\n<\/span><\/p>\r\n<ul class=\"wp-block-list\">\r\n<li><span style=\"font-family: arial, helvetica, sans-serif; font-size: 16px; color: #000000;\">Elevado grado de empleabilidad (pr\u00e1cticamente el 100% de los egresados trabaja en la actualidad).<\/span><\/li>\r\n<li><span style=\"font-family: arial, helvetica, sans-serif; font-size: 16px; color: #000000;\">Alto nivel de satisfacci\u00f3n acad\u00e9mico-profesional y laboral.<\/span><\/li>\r\n<li><span style=\"font-family: arial, helvetica, sans-serif; font-size: 16px; color: #000000;\">Gran satisfacci\u00f3n con el Trabajo Fin de M\u00e1ster realizado bajo la direcci\u00f3n de su profesorado.<\/span><\/li>\r\n<li><span style=\"font-family: arial, helvetica, sans-serif; font-size: 16px; color: #000000;\">Alto grado de ajuste entre la formaci\u00f3n recibida y el empleo desempe\u00f1ado.<\/span><\/li>\r\n<\/ul>\r\n<p class=\"has-text-color has-vivid-cyan-blue-color\"><span style=\"font-family: arial, helvetica, sans-serif; color: #003366;\"><br><span style=\"font-size: 20px;\">&nbsp;&nbsp; &gt; <\/span><a style=\"color: #003366;\" href=\"http:\/\/departamento.us.es\/ielectrica\/wp-content\/uploads\/2020\/01\/Empleabilidad-MSEE.pdf\" target=\"_blank\" rel=\"noreferrer noopener\">Estudio resumido empleabilidad MSEE<\/a><\/span><\/p>\r\n<p><span style=\"font-family: arial, helvetica, sans-serif; color: #003366;\">\r\n\r\n<\/span><\/p>\r\n<p class=\"has-text-color has-vivid-cyan-blue-color\"><span style=\"font-family: arial, helvetica, sans-serif; color: #003366;\"><span style=\"font-size: 20px;\">&nbsp;<\/span><\/span><\/p>\r\n<p><span style=\"font-family: arial, helvetica, sans-serif; color: #003366;\">\r\n\r\n<\/span><\/p>\r\n","protected":false},"excerpt":{"rendered":"<p>\u00cdndice de Calidad del M\u00e1ster en Sistemas de Energ\u00eda El\u00e9ctrica Conocer si la formaci\u00f3n acad\u00e9mica impartida en el M\u00e1ster Universitario en Sistemas de Energ\u00eda El\u00e9ctrica favorece la empleabilidad de sus egresados, desde su implantaci\u00f3n en el curso acad\u00e9mico 2006\/2007 hasta <a href=\"https:\/\/departamento.us.es\/ielectrica\/calidad\/\" class=\"read-more\">Leer m\u00e1s&#8230;<\/a><\/p>\n","protected":false},"author":1,"featured_media":0,"parent":0,"menu_order":0,"comment_status":"closed","ping_status":"closed","template":"","meta":{"footnotes":""},"class_list":["post-316","page","type-page","status-publish","hentry"],"_links":{"self":[{"href":"https:\/\/departamento.us.es\/ielectrica\/wp-json\/wp\/v2\/pages\/316","targetHints":{"allow":["GET"]}}],"collection":[{"href":"https:\/\/departamento.us.es\/ielectrica\/wp-json\/wp\/v2\/pages"}],"about":[{"href":"https:\/\/departamento.us.es\/ielectrica\/wp-json\/wp\/v2\/types\/page"}],"author":[{"embeddable":true,"href":"https:\/\/departamento.us.es\/ielectrica\/wp-json\/wp\/v2\/users\/1"}],"replies":[{"embeddable":true,"href":"https:\/\/departamento.us.es\/ielectrica\/wp-json\/wp\/v2\/comments?post=316"}],"version-history":[{"count":0,"href":"https:\/\/departamento.us.es\/ielectrica\/wp-json\/wp\/v2\/pages\/316\/revisions"}],"wp:attachment":[{"href":"https:\/\/departamento.us.es\/ielectrica\/wp-json\/wp\/v2\/media?parent=316"}],"curies":[{"name":"wp","href":"https:\/\/api.w.org\/{rel}","templated":true}]}}