{"id":326,"date":"2018-01-15T12:36:17","date_gmt":"2018-01-15T12:36:17","guid":{"rendered":"http:\/\/departamento.us.es\/ielectrica\/?page_id=326"},"modified":"2022-04-07T07:27:38","modified_gmt":"2022-04-07T07:27:38","slug":"libros","status":"publish","type":"page","link":"https:\/\/departamento.us.es\/ielectrica\/libros\/","title":{"rendered":"Libros"},"content":{"rendered":"<p><strong><span style=\"color: #993300; font-size: 18pt;\">Libros Publicados<\/span><\/strong><\/p>\n<ul>\n<li><strong>HVDC\/FACTS for Grid Services in Electric Power Systems<\/strong>. MDPI. 2020. 278. ISBN 978-3-03928-376-7. Jos\u00e9 Mar\u00eda Maza Ortega, Antonio G\u00f3mez Exp\u00f3sito<\/li>\n<li><strong>Modelo de dise\u00f1o e integraci\u00f3n en red para generaci\u00f3n fotovoltaica en infraestructuras lineales de transporte.<\/strong> Espa\u00f1a. Fundaci\u00f3n Ayesa. 2020. ISBN 978-84-09-26458-2. Ricardo Galan de Vega, Jos\u00e9 Manuel Garc\u00eda Campos, Cristina Mart\u00edn Torres y Juan Aguilar Guisado<\/li>\n<li><strong>El almacenamiento de energ\u00eda en la distribuci\u00f3n el\u00e9ctrica del futuro.<\/strong> Madrid. Real Academia de Ingenier\u00eda. 2017. ISBN 978-84-9566-256-9. Antonio Gomez Exposito, A. Sudri\u00e1, Angel Arcos Vargas<\/li>\n<li><strong>Sistemas de energ\u00eda el\u00e9trica: An\u00e1lise e Opercao.<\/strong> Brasil. Genio. 2011. 554. ISBN 978-85-216-1802-7. Antonio Gomez Exposito, Antonio Conejo, Claudio Ca\u00f1izares<\/li>\n<li><strong>Estimaci\u00f3n de estado multinivel: nuevo paradigma para las redes del siglo XXI.<\/strong> Sevilla, Espa\u00f1a. Secretariado de Publicaciones de la Universidad de Sevilla. 2011. 80. ISBN 978-84-472-1369-3. Gomez Exposito, Antonio<\/li>\n<li><strong>EnergiaElektridoarensistemenanalisia eta operazioa<\/strong>. Bilbao. Upv. 2010. 785. ISBN 978-84-9869-365-1. GomezExposito, Antonio<\/li>\n<li><strong>Electric Energy Systems: Analysis and Operation<\/strong>. Crc Press. 2008. ISBN 0-8493-7365-4. Gomez Exposito, Antonio, Conejo, A., Ca\u00f1izares, Claudio<\/li>\n<li><strong>Fundamentos de Teor\u00eda de Circuitos<\/strong>. Thomson. 2007. ISBN 978-84-9732-417-Gomez Exposito, Antonio, Martinez Ramos, Jose Luis, Rosendo Macias, Jose Antonio, Romero Ramos, Esther, Riquelme Santos, Jesus M.<\/li>\n<li><strong>Teor\u00eda de Circuitos : Ejercicios de Autoevaluaci\u00f3n<\/strong>. Thomson-Paraninfo. 2005. ISBN 84-9732-418-8. Gomez Exposito, Antonio, Martinez Ramos, Jose Luis, Rosendo Macias, Jose Antonio, Romero Ramos, Esther, Riquelme Santos, Jesus<\/li>\n<li><strong>Power System State Estimation: Theory and Implementation<\/strong>. New York. Marcel Dekker 2004. ISBN 0-8247-5570-7. Gomez Exposito, Antonio, Abur, Ali<\/li>\n<li><strong>Sistemas El\u00e9ctricos de Potencia : Problemas y Ejercicios Resueltos.<\/strong> Pearson Prentice Hall. 2002. ISBN 84-205-3558-3. Gomez Exposito, Antonio, Martinez Ramos, Jose Luis, Rosendo Macias, Jose Antonio, Romero Ramos, Esther, Riquelme Santos, Jesus<\/li>\n<li><strong>Proceedings of the 14th Power Systems Computation Conference.<\/strong> Curran Associates, Inc. 2002. ISBN 84-89673-25-x. Gomez Exposito, Antonio, Riquelme Santos, Jesus, Romero Ramos, Esther, Rosendo Macias, Jose Antonio<\/li>\n<li><strong>Estimaci\u00f3n de Estado y de Par\u00e1metros en Redes El\u00e9ctricas<\/strong>. Secretariado de Publicaciones de la Universidad de Sevilla. 1999. ISBN 84-472-0543-6. Zarco Peri\u00f1an, Pedro, Gomez Exposito, Antonio<\/li>\n<li><strong>Problemas Resueltos de Teor\u00eda de Circuitos<\/strong>. Ed. 2. Sevilla,Espa\u00f1a. Paraninfo. 1990. ISBN 84-283-1786-0. Gomez Exposito, Antonio, Olivera, J.A.<\/li>\n<li><strong>Sistemas El\u00e9ctricos de Potencia.<\/strong> Madrid,. Universidad de Sevilla. 1984. Gomez Exposito, Antonio, Garc\u00eda Franquelo,Leopoldo<\/li>\n<\/ul>\n","protected":false},"excerpt":{"rendered":"<p>Libros Publicados HVDC\/FACTS for Grid Services in Electric Power Systems. MDPI. 2020. 278. ISBN 978-3-03928-376-7. Jos\u00e9 Mar\u00eda Maza Ortega, Antonio G\u00f3mez Exp\u00f3sito Modelo de dise\u00f1o e integraci\u00f3n en red para generaci\u00f3n fotovoltaica en infraestructuras lineales de transporte. Espa\u00f1a. Fundaci\u00f3n Ayesa. <a href=\"https:\/\/departamento.us.es\/ielectrica\/libros\/\" class=\"read-more\">Leer m\u00e1s&#8230;<\/a><\/p>\n","protected":false},"author":1,"featured_media":0,"parent":0,"menu_order":0,"comment_status":"closed","ping_status":"closed","template":"","meta":{"footnotes":""},"class_list":["post-326","page","type-page","status-publish","hentry"],"_links":{"self":[{"href":"https:\/\/departamento.us.es\/ielectrica\/wp-json\/wp\/v2\/pages\/326","targetHints":{"allow":["GET"]}}],"collection":[{"href":"https:\/\/departamento.us.es\/ielectrica\/wp-json\/wp\/v2\/pages"}],"about":[{"href":"https:\/\/departamento.us.es\/ielectrica\/wp-json\/wp\/v2\/types\/page"}],"author":[{"embeddable":true,"href":"https:\/\/departamento.us.es\/ielectrica\/wp-json\/wp\/v2\/users\/1"}],"replies":[{"embeddable":true,"href":"https:\/\/departamento.us.es\/ielectrica\/wp-json\/wp\/v2\/comments?post=326"}],"version-history":[{"count":0,"href":"https:\/\/departamento.us.es\/ielectrica\/wp-json\/wp\/v2\/pages\/326\/revisions"}],"wp:attachment":[{"href":"https:\/\/departamento.us.es\/ielectrica\/wp-json\/wp\/v2\/media?parent=326"}],"curies":[{"name":"wp","href":"https:\/\/api.w.org\/{rel}","templated":true}]}}