{"id":35,"date":"2017-10-20T09:05:16","date_gmt":"2017-10-20T09:05:16","guid":{"rendered":"http:\/\/departamento.us.es\/ielectrica\/?page_id=35"},"modified":"2026-04-08T14:34:25","modified_gmt":"2026-04-08T12:34:25","slug":"doctorado","status":"publish","type":"page","link":"https:\/\/departamento.us.es\/ielectrica\/doctorado\/","title":{"rendered":"Doctorado"},"content":{"rendered":"<h2 class=\"sdmo-postheader\" style=\"text-align: center;\"><a href=\"https:\/\/institucional.us.es\/doctoradosee\/\" target=\"_blank\" rel=\"noopener noreferrer\"><span class=\"sdmo-postheadericon\"><span style=\"color: #993300; font-size: 18pt;\">Doctorado Interuniversitario en Sistemas de Energ\u00eda El\u00e9ctrica<\/span><\/span><\/a><\/h2>\n<p style=\"text-align: center;\"><a href=\"https:\/\/institucional.us.es\/doctoradosee\/\" target=\"_blank\" rel=\"noopener noreferrer\">https:\/\/institucional.us.es\/doctoradosee\/<\/a><\/p>\n<p>&nbsp;<\/p>\n<h2>\u00a0<span style=\"font-size: 18pt; color: #000080;\"><span style=\"font-size: 14pt;\">1. Descripci\u00f3n del Programa\u00a0\u00a0\u00a0\u00a0\u00a0\u00a0\u00a0\u00a0\u00a0\u00a0\u00a0\u00a0<\/span><\/span><\/h2>\n<h2><span style=\"font-size: 18pt; color: #000080;\"><span style=\"font-size: 14pt;\">\u00a0 \u00a0 \u00a0<em><strong><span style=\"color: #800000;\">\u00a0<\/span><\/strong><\/em><\/span><\/span><span style=\"font-size: 16px;\"><span style=\"color: #800000; font-family: 'arial black', sans-serif;\"><em><strong>CALENDARIO 2025-2026:<\/strong><\/em><\/span> \u00a0 <span style=\"text-decoration: underline; color: #800000; font-family: 'arial black', sans-serif;\"><em><a style=\"color: #800000; text-decoration: underline;\" href=\"https:\/\/doctorado.us.es\/secretaria\/calendario-academico\">https:\/\/doctorado.us.es\/secretaria\/calendario-academico<\/a><\/em><\/span><\/span><\/h2>\n<div class=\"sdmo-postcontent\">\n<div class=\"sdmo-article\">\n<ul>\n<li><strong>Denominaci\u00f3n:<\/strong> Sistemas de Energ\u00eda El\u00e9ctrica<\/li>\n<li><strong>Nivel:<\/strong> Doctor<\/li>\n<li><strong>C\u00f3digo ISCED 1<\/strong>:\u00a0ELECTRICIDAD Y ENERG\u00cdA \u2013\u00a0<strong>ISCED2<\/strong>: INGENIER\u00cdA Y PROFESIONES AFINES<\/li>\n<li><strong>C\u00f3digo UXXI: <\/strong>3027<\/li>\n<li><strong>Web oficial: <a href=\"https:\/\/www.etsi.us.es\/estudios-y-titulaciones\/doctorados\/doctorado-en-sistemas-de-energia-electrica\">https:\/\/www.etsi.us.es\/estudios-y-titulaciones\/doctorados\/doctorado-en-sistemas-de-energia-electrica<\/a><\/strong><\/li>\n<li><strong>\u00d3rgano responsable del Programa: <\/strong>Comisi\u00f3n Acad\u00e9mica del Programa\n<ol>\n<li><strong>Presidente:<\/strong> Jos\u00e9 Mar\u00eda Maza Ortega (Universidad de Sevilla)<\/li>\n<li><strong>Vocal:<\/strong> Inmaculada Zamora Belver (Universidad del Pa\u00eds Vasco)<\/li>\n<li><strong>Vocal:<\/strong> Jos\u00e9 Antonio Aguado S\u00e1nchez (Universidad de M\u00e1laga)<\/li>\n<li><strong>Vocal:<\/strong> Ignacio Candela Garc\u00eda (Universidad Polit\u00e9cnica de Catalunya)<\/li>\n<\/ol>\n<\/li>\n<li><strong>\u00d3rganos participantes<\/strong>:\n<ul>\n<li>Escuela T\u00e9cnica Superior de Ingenier\u00eda. Universidad de Sevilla<\/li>\n<li>Escuela T\u00e9cnica Superior de Ingenier\u00eda de Bilbao. Universidad del Pa\u00eds Vasco<\/li>\n<li>Escuela T\u00e9cnica Superior de Ingenier\u00eda Industrial. Universidad de M\u00e1laga<\/li>\n<li>Escuela de Doctorado. Universidad Polit\u00e9cnica de Catalunya<\/li>\n<\/ul>\n<\/li>\n<li><strong>Centro administrativo responsable: <\/strong>Escuela T\u00e9cnica Superior de Ingenier\u00eda\n<ul style=\"list-style: none;\">\n<li>Contacto: SECRETAR\u00cdA DE LA ESCUELA T\u00c9CNICA SUPERIOR DE INGENIER\u00cdA<\/li>\n<li>Tel\u00e9fono: 954 48 61 18 \/ Email: <a href=\"mailto:ielectrica@us.es\">ielectrica@us.es<\/a><\/li>\n<\/ul>\n<\/li>\n<li><b><\/b><b>N.\u00ba de Plazas:\u00a0<\/b>\n<ul>\n<li>Curso 2013-14: 10<\/li>\n<li>Curso 2014-15: 10<\/li>\n<li>Curso 2015-16: 10<\/li>\n<li>Curso 2016-17: 10<\/li>\n<li>Curso 2017-18: 10<\/li>\n<li>Curso 2018-19: 10<\/li>\n<li>Curso 2019-20: 10<\/li>\n<li>Curso 2020-21: 10<\/li>\n<li>Curso 2021-22: 10<\/li>\n<li>Curso 2022-23: 10<\/li>\n<li>Curso 2023-24: 10<\/li>\n<li>Curso 2024-25: 10<\/li>\n<\/ul>\n<\/li>\n<li><b>R\u00e9gimen de permanencia:<\/b> Tiempo completo y tiempo parcial<\/li>\n<\/ul>\n<h2><a name=\"acceso\"><\/a>2. Acceso al programa<\/h2>\n<p style=\"text-align: justify;\">Toda la informaci\u00f3n sobre plazas, centros administrativos, perfiles de ingreso, requisitos, criterios de admisi\u00f3n, documentaci\u00f3n a presentar y complementos de formaci\u00f3n en la ficha de <a href=\"https:\/\/www.doctorado.us.es\/impresos\/admision\/ficha_SEE.pdf\" target=\"_blank\" rel=\"noopener noreferrer\">datos de admisi\u00f3n al programa<\/a><\/p>\n<h2><a name=\"lineas\"><\/a>3. L\u00edneas de investigaci\u00f3n<\/h2>\n<p>30270001 Planificaci\u00f3n de Sistemas El\u00e9ctricos de Potencia<\/p>\n<p>30270002 Supervisi\u00f3n y Control de Sistemas El\u00e9ctricos de Potencia<\/p>\n<p>30270003 Gesti\u00f3n y Calidad de la Energ\u00eda El\u00e9ctrica<\/p>\n<p>30270004 R\u00e9gimen Transitorio y Estabilidad en Sistemas de Energ\u00eda El\u00e9ctrica<\/p>\n<p>30270005 Sistemas avanzados de medida y protecci\u00f3n de sistemas el\u00e9ctricos<\/p>\n<p>30270006 Integraci\u00f3n de Energ\u00edas Renovables en la red el\u00e9ctrica<\/p>\n<p>30270007 Aplicaci\u00f3n de FACTS en redes de transporte y distribuci\u00f3n<\/p>\n<p>30270008 Mercados de Energ\u00eda El\u00e9ctrica<\/p>\n<p>30270009 Accionamientos y M\u00e1quinas El\u00e9ctricas<\/p>\n<p>30270010 Planificaci\u00f3n, modelado y an\u00e1lisis de sistemas el\u00e9ctricos descarbonizados<\/p>\n<p>30270011 Digitalizaci\u00f3n en redes el\u00e9ctricas inteligentes: t\u00e9cnicas avanzadas de supervisi\u00f3n, control y protecci\u00f3n<\/p>\n<p>30270012 Regulaci\u00f3n, gesti\u00f3n econ\u00f3mica y modelos de negocio en los futuros sistemas de energ\u00eda el\u00e9ctrica<\/p>\n<p>30270013 Dispositivos y equipos para la integraci\u00f3n de energ\u00edas renovables, almacenamiento energ\u00e9tico y movilidad el\u00e9ctrica<\/p>\n<p>&nbsp;<\/p>\n<div class=\"sdmo-layout-cell sdmo-sidebar1\">\n<h2>4. Reglamento Relativo a la Tesis Doctoral<\/h2>\n<p>Visitar la <a title=\"Normativa de R\u00e9gimen de Tesis Doctoral de la Universidad de Sevilla\" href=\"https:\/\/www.doctorado.us.es\/normativa\/normativa-propia\/nueva-normativa-reguladora-del-regimen-de-tesis-doctoral\" target=\"_blank\" rel=\"noopener noreferrer\">Normativa de R\u00e9gimen de Tesis Doctoral de la Universidad de Sevilla<\/a><\/p>\n<p><a class=\"pdf\" href=\"https:\/\/bous.us.es\/2011\/numero-4\/pdf\/archivo-12.pdf\" target=\"_blank\" rel=\"noopener noreferrer\">Acuerdo 7.2\/CG 17-6-11<\/a> por el que se aprueba la Normativa de Estudios de Doctorado conforme a lo establecido en el R.D. 99\/2011.<\/p>\n<h2><a name=\"contacto\"><\/a>5. Datos de Contacto del Coordinador<\/h2>\n<ul>\n<li><b>Coordinador:<\/b> Dr. Jos\u00e9 Mar\u00eda Maza Ortega<\/li>\n<li><b>Tel\u00e9fono:<\/b> 95.448.72.83<\/li>\n<li><b>Email:<\/b> ielectrica@us.es<\/li>\n<\/ul>\n<\/div>\n<\/div>\n<\/div>\n","protected":false},"excerpt":{"rendered":"<p>Doctorado Interuniversitario en Sistemas de Energ\u00eda El\u00e9ctrica https:\/\/institucional.us.es\/doctoradosee\/ &nbsp; \u00a01. Descripci\u00f3n del Programa\u00a0\u00a0\u00a0\u00a0\u00a0\u00a0\u00a0\u00a0\u00a0\u00a0\u00a0\u00a0 \u00a0 \u00a0 \u00a0\u00a0CALENDARIO 2025-2026: \u00a0 https:\/\/doctorado.us.es\/secretaria\/calendario-academico Denominaci\u00f3n: Sistemas de Energ\u00eda El\u00e9ctrica Nivel: Doctor C\u00f3digo ISCED 1:\u00a0ELECTRICIDAD Y ENERG\u00cdA \u2013\u00a0ISCED2: INGENIER\u00cdA Y PROFESIONES AFINES C\u00f3digo UXXI: 3027 Web <a href=\"https:\/\/departamento.us.es\/ielectrica\/doctorado\/\" class=\"read-more\">Leer m\u00e1s&#8230;<\/a><\/p>\n","protected":false},"author":1,"featured_media":0,"parent":0,"menu_order":0,"comment_status":"closed","ping_status":"closed","template":"","meta":{"footnotes":""},"class_list":["post-35","page","type-page","status-publish","hentry"],"_links":{"self":[{"href":"https:\/\/departamento.us.es\/ielectrica\/wp-json\/wp\/v2\/pages\/35","targetHints":{"allow":["GET"]}}],"collection":[{"href":"https:\/\/departamento.us.es\/ielectrica\/wp-json\/wp\/v2\/pages"}],"about":[{"href":"https:\/\/departamento.us.es\/ielectrica\/wp-json\/wp\/v2\/types\/page"}],"author":[{"embeddable":true,"href":"https:\/\/departamento.us.es\/ielectrica\/wp-json\/wp\/v2\/users\/1"}],"replies":[{"embeddable":true,"href":"https:\/\/departamento.us.es\/ielectrica\/wp-json\/wp\/v2\/comments?post=35"}],"version-history":[{"count":1,"href":"https:\/\/departamento.us.es\/ielectrica\/wp-json\/wp\/v2\/pages\/35\/revisions"}],"predecessor-version":[{"id":4245,"href":"https:\/\/departamento.us.es\/ielectrica\/wp-json\/wp\/v2\/pages\/35\/revisions\/4245"}],"wp:attachment":[{"href":"https:\/\/departamento.us.es\/ielectrica\/wp-json\/wp\/v2\/media?parent=35"}],"curies":[{"name":"wp","href":"https:\/\/api.w.org\/{rel}","templated":true}]}}