{"id":37,"date":"2017-10-20T09:05:33","date_gmt":"2017-10-20T09:05:33","guid":{"rendered":"http:\/\/departamento.us.es\/ielectrica\/?page_id=37"},"modified":"2019-03-19T07:56:50","modified_gmt":"2019-03-19T07:56:50","slug":"catedra-endesa-red","status":"publish","type":"page","link":"https:\/\/departamento.us.es\/ielectrica\/catedra-endesa-red\/","title":{"rendered":"C\u00e1tedra Endesa"},"content":{"rendered":"<div>\n<div class=\"art-postcontent clearfix\">\n<div class=\"art-article\"><span style=\"color: #993300; font-size: 18pt;\"><a style=\"color: #993300;\" href=\"http:\/\/catedraendesa.us.es\/index.php\/es\/\" target=\"_blank\" rel=\"noopener noreferrer\">C\u00e1tedra Endesa Red de la Universidad de Sevilla<\/a><\/span>&nbsp;&nbsp;&nbsp;&nbsp;&nbsp;&nbsp;<a href=\"http:\/\/catedraendesa.us.es\" target=\"_blank\" rel=\"noopener noreferrer\"> http:\/\/catedraendesa.us.es<\/a><\/div>\n<div>&nbsp;<\/div>\n<\/div>\n<\/div>\n<p>&nbsp;<\/p>\n<p style=\"text-align: justify;\"><strong>Presentaci\u00f3n de la C\u00e1tedra Endesa Red de la Universidad de Sevilla<\/strong><\/p>\n<p style=\"text-align: justify;\">La C\u00e1tedra Endesa de la Universidad de Sevilla, creada a finales de 2007, se basa en una dilatada y fruct\u00edfera relaci\u00f3n entre ambas entidades, anterior incluso a la integraci\u00f3n de la Compa\u00f1\u00eda Sevillana de Electricidad en el grupo Endesa. De hecho, el convenio firmado recoge e incluye otros anteriores sobre apoyo a las ense\u00f1anzas de m\u00e1ster y doctorado, becas y premios a estudiantes destacados.<br \/>\nLos ejes de actuaci\u00f3n tem\u00e1ticos se centrar\u00e1n preferentemente en la calidad de servicio, fundamental para mantener la competitividad del sector productivo andaluz, la eficiencia energ\u00e9tica y el respeto al medio ambiente, la utilizaci\u00f3n de nuevas tecnolog\u00edas para el desarrollo de redes de distribuci\u00f3n inteligentes y el fomento de sistemas energ\u00e9ticos sostenibles.<br \/>\nUno de los pilares fundamentales de la C\u00e1tedra Endesa, cuyas actividades est\u00e1n ahora arrancando, ser\u00e1 la creaci\u00f3n del \u201cAula de la Luz\u201d, que permitir\u00e1 a los alumnos de grado y postgrado el acceso a investigadores nacionales y extranjeros del m\u00e1ximo nivel en el sector energ\u00e9tico, tanto presencialmente como a trav\u00e9s de Internet, utilizando los m\u00e9todos pedag\u00f3gicos que el nuevo Espacio Europeo de Educaci\u00f3n Superior pretende potenciar.<\/p>\n<p style=\"text-align: justify;\"><strong>Antecedentes<\/strong><\/p>\n<p style=\"text-align: justify;\">El proyecto para la creaci\u00f3n de la C\u00e1tedra Endesa en la Escuela Superior de Ingenieros de la Universidad de Sevilla se basa en una dilatada y fruct\u00edfera relaci\u00f3n entre ambas entidades.<br \/>\nEn efecto, mucho antes de que el grupo Endesa constituyera el holding de empresas actual, la Compa\u00f1\u00eda Sevillana de Electricidad ya manten\u00eda una estrecha cooperaci\u00f3n con la Escuela Superior de Ingenieros, por aquel entonces centrada exclusivamente en la titulaci\u00f3n de Ingenieros Industriales. En este sentido, destaca especialmente la activa participaci\u00f3n de casi todos los grupos de investigaci\u00f3n de la Escuela, por entonces muy incipientes, en el programa PIE (Plan de Investigaci\u00f3n Electrot\u00e9cnica). Dicho programa, gestionado en la Escuela a trav\u00e9s de la reci\u00e9n creada AICIA (Asociaci\u00f3n de Investigaci\u00f3n y Cooperaci\u00f3n Industrial de Andaluc\u00eda), tuvo su punto \u00e1lgido en la d\u00e9cada de los 90 y result\u00f3 de capital importancia para el crecimiento y consolidaci\u00f3n de los mencionados grupos, cuya productividad no ha dejado de crecer desde entonces. Un resultado adicional de esta relaci\u00f3n, realmente significativo, fue la creaci\u00f3n de diversas empresas de ingenier\u00eda netamente andaluzas, promovidas por profesores universitarios, que hoy d\u00eda desarrollan y venden tecnolog\u00eda propia en diversos sectores, sobre todo el energ\u00e9tico.<br \/>\nEntre los numerosos convenios y actividades de todo tipo acometidos conjuntamente entre ambas entidades destaca recientemente la colaboraci\u00f3n de Endesa con los actos del 500 aniversario de la Universidad de Sevilla, as\u00ed como los compromisos adquiridos con el Programa de Doctorado del Departamento de Ingenier\u00eda El\u00e9ctrica, impartido desde el curso 1987-88 y acreedor de la Menci\u00f3n de Calidad de la Agencia Nacional de Evaluaci\u00f3n de la Calidad y Acreditaci\u00f3n (ANECA). Dichos compromisos acaban de ser renovados tras la conversi\u00f3n, a partir del Curso 2006-2007, del Programa de Doctorado en el M\u00e1ster en Sistemas de Energ\u00eda El\u00e9ctrica, integrado en el Programa de Postgrado en Ingenier\u00edas de la Escuela Superior de Ingenieros de la Universidad de Sevilla.<\/p>\n<p style=\"text-align: justify;\"><strong>Contexto actual<\/strong><\/p>\n<p style=\"text-align: justify;\">Andaluc\u00eda est\u00e1 realizando en los \u00faltimos a\u00f1os un esfuerzo modernizador sin precedentes, incentivado desde la administraci\u00f3n mediante el Plan de Innovaci\u00f3n y Modernizaci\u00f3n de Andaluc\u00eda (PIMA). En esta tarea, las universidades est\u00e1n llamadas a desempe\u00f1ar un papel vanguardista tanto en actividades de I+D+I como en la concepci\u00f3n de nuevas formas de transmisi\u00f3n del conocimiento que saquen el mayor partido a las oportunidades que ofrecen las nuevas tecnolog\u00edas. La digitalizaci\u00f3n de la sociedad y el trabajo en red constituyen realidades imparables, que adem\u00e1s de facilitar la igualdad de oportunidades y el equilibrio territorial obligar\u00e1n a replantearse el paradigma socioecon\u00f3mico actual, empezando por la propia Universidad.<\/p>\n<p style=\"text-align: justify;\">Por otro lado, desde el punto de vista energ\u00e9tico y medioambiental el mundo est\u00e1 atravesando una encrucijada donde el agotamiento de las fuentes y la saturaci\u00f3n de los sumideros est\u00e1n planteando retos de dif\u00edcil soluci\u00f3n. Nuestro pa\u00eds en general, y Andaluc\u00eda en particular, por su elevada dependencia energ\u00e9tica y emisiones de gases de efecto invernadero, puede ver seriamente comprometido su crecimiento futuro si no se act\u00faa a tiempo. En este sentido, el Plan Energ\u00e9tico de Andaluc\u00eda (PLEAN), actualmente en vigor, ofrece un marco de actuaci\u00f3n en el que los grupos de investigaci\u00f3n andaluces y las compa\u00f1\u00edas del sector energ\u00e9tico tienen mucho que aportar para paliar este problema. Con el objetivo de aprovechar sinergias y aglutinar esfuerzos se ha creado la Corporaci\u00f3n Tecnol\u00f3gica de Andaluc\u00eda, que abre nuevas oportunidades en el \u00e1mbito de la colaboraci\u00f3n universidad-empresa, en el que la Escuela Superior de Ingenieros de Sevilla fue pionera.<\/p>\n<p style=\"text-align: justify;\"><strong>Ejes de Actuaci\u00f3n<\/strong><\/p>\n<p style=\"text-align: justify;\">En el contexto actual la C\u00e1tedra Endesa pretende convertirse en un foro de referencia de \u00e1mbito internacional en el sector de la energ\u00eda el\u00e9ctrica, con especial proyecci\u00f3n a la regi\u00f3n latinoamericana, en la que Endesa desarrolla su actividad.<\/p>\n<p style=\"text-align: justify;\">Los ejes de actuaci\u00f3n tem\u00e1ticos se centrar\u00e1n preferentemente, aunque no de modo exclusivo, en la calidad de servicio, fundamental para mantener la competitividad del sector productivo andaluz, la eficiencia energ\u00e9tica y el respeto al medio ambiente, la utilizaci\u00f3n de nuevas tecnolog\u00edas para el desarrollo de redes inteligentes y el fomento de sistemas energ\u00e9ticos sostenibles.<\/p>\n<p style=\"text-align: justify;\">Uno de los pilares fundamentales de la C\u00e1tedra Endesa ser\u00e1 la creaci\u00f3n de la denominada \u201cAula de la Luz\u201d, caracterizada por el dinamismo y la agilidad en la transmisi\u00f3n del conocimiento. A trav\u00e9s de dicha aula, los alumnos de grado y postgrado m\u00e1s motivados de cualquier punto de Andaluc\u00eda, y de otras partes del mundo, tendr\u00e1n acceso a investigadores nacionales y extranjeros del m\u00e1ximo nivel en el sector energ\u00e9tico, tanto en persona como a trav\u00e9s de Internet, utilizando los m\u00e9todos pedag\u00f3gicos que el nuevo Espacio Europeo de Educaci\u00f3n Superior pretende potenciar. Ello ser\u00e1 posible en gran medida por la dilatada experiencia previa en proyectos de innovaci\u00f3n docente del colectivo de profesores involucrado en la docencia de estas tecnolog\u00edas, que en la actualidad contemplan incluso la realizaci\u00f3n de tutor\u00edas on-line mediante Internet.<\/p>\n<p style=\"text-align: justify;\">La c\u00e1tedra Endesa se dotar\u00e1 de una p\u00e1gina web que, am\u00e9n de anuncios relevantes, foros, enlaces, etc., ofrecer\u00e1 un repositorio donde se podr\u00e1n consultar las grabaciones de los seminarios, cursos y dem\u00e1s eventos que hayan tenido lugar previamente. De ese modo, mediante el aprendizaje en red, quedar\u00e1 garantizado el acceso libre y universal a la informaci\u00f3n, considerado por la UNESCO como un derecho humano fundamental, contribuyendo a disminuir la brecha entre los \u2018info-ricos\u2019 e \u2018info-pobres\u2019.<\/p>\n<p style=\"text-align: justify;\">As\u00ed mismo, se potenciar\u00e1 la colaboraci\u00f3n actual que Endesa viene desarrollando con los programas de M\u00e1ster y doctorado de la Universidad de Sevilla relacionados con los sistemas de energ\u00eda el\u00e9ctrica, aumentando la dotaci\u00f3n para becas, ayudas a la realizaci\u00f3n de tesis doctorales, premios a proyectos fin de carrera, etc.<\/p>\n","protected":false},"excerpt":{"rendered":"<p>C\u00e1tedra Endesa Red de la Universidad de Sevilla&nbsp;&nbsp;&nbsp;&nbsp;&nbsp;&nbsp; http:\/\/catedraendesa.us.es &nbsp; &nbsp; Presentaci\u00f3n de la C\u00e1tedra Endesa Red de la Universidad de Sevilla La C\u00e1tedra Endesa de la Universidad de Sevilla, creada a finales de 2007, se basa en una dilatada <a href=\"https:\/\/departamento.us.es\/ielectrica\/catedra-endesa-red\/\" class=\"read-more\">Leer m\u00e1s&#8230;<\/a><\/p>\n","protected":false},"author":1,"featured_media":0,"parent":0,"menu_order":0,"comment_status":"closed","ping_status":"closed","template":"","meta":{"footnotes":""},"class_list":["post-37","page","type-page","status-publish","hentry"],"_links":{"self":[{"href":"https:\/\/departamento.us.es\/ielectrica\/wp-json\/wp\/v2\/pages\/37","targetHints":{"allow":["GET"]}}],"collection":[{"href":"https:\/\/departamento.us.es\/ielectrica\/wp-json\/wp\/v2\/pages"}],"about":[{"href":"https:\/\/departamento.us.es\/ielectrica\/wp-json\/wp\/v2\/types\/page"}],"author":[{"embeddable":true,"href":"https:\/\/departamento.us.es\/ielectrica\/wp-json\/wp\/v2\/users\/1"}],"replies":[{"embeddable":true,"href":"https:\/\/departamento.us.es\/ielectrica\/wp-json\/wp\/v2\/comments?post=37"}],"version-history":[{"count":0,"href":"https:\/\/departamento.us.es\/ielectrica\/wp-json\/wp\/v2\/pages\/37\/revisions"}],"wp:attachment":[{"href":"https:\/\/departamento.us.es\/ielectrica\/wp-json\/wp\/v2\/media?parent=37"}],"curies":[{"name":"wp","href":"https:\/\/api.w.org\/{rel}","templated":true}]}}