{"id":3896,"date":"2025-11-20T11:59:34","date_gmt":"2025-11-20T10:59:34","guid":{"rendered":"https:\/\/departamento.us.es\/ielectrica\/?page_id=3896"},"modified":"2026-01-28T10:13:42","modified_gmt":"2026-01-28T09:13:42","slug":"curso-uimp-2024","status":"publish","type":"page","link":"https:\/\/departamento.us.es\/ielectrica\/curso-uimp-2024\/","title":{"rendered":"Curso UIMP 2024"},"content":{"rendered":"\n<div style=\"height:29px\" aria-hidden=\"true\" class=\"wp-block-spacer\"><\/div>\n\n\n\n<figure class=\"wp-block-image size-large\"><img loading=\"lazy\" decoding=\"async\" width=\"1024\" height=\"726\" src=\"https:\/\/departamento.us.es\/ielectrica\/wp-content\/uploads\/2025\/03\/UIMP2024-1024x726.png\" alt=\"\" class=\"wp-image-3909\" srcset=\"https:\/\/departamento.us.es\/ielectrica\/wp-content\/uploads\/2025\/03\/UIMP2024-1024x726.png 1024w, https:\/\/departamento.us.es\/ielectrica\/wp-content\/uploads\/2025\/03\/UIMP2024-300x213.png 300w, https:\/\/departamento.us.es\/ielectrica\/wp-content\/uploads\/2025\/03\/UIMP2024-768x545.png 768w, https:\/\/departamento.us.es\/ielectrica\/wp-content\/uploads\/2025\/03\/UIMP2024-1536x1090.png 1536w, https:\/\/departamento.us.es\/ielectrica\/wp-content\/uploads\/2025\/03\/UIMP2024-2048x1453.png 2048w, https:\/\/departamento.us.es\/ielectrica\/wp-content\/uploads\/2025\/03\/UIMP2024-360x255.png 360w\" sizes=\"auto, (max-width: 1024px) 100vw, 1024px\" \/><\/figure>\n\n\n\n<div style=\"height:27px\" aria-hidden=\"true\" class=\"wp-block-spacer\"><\/div>\n\n\n\n<h1 class=\"wp-block-heading has-text-align-center\"><strong>PROGRAMA<\/strong><\/h1>\n\n\n\n<div style=\"height:11px\" aria-hidden=\"true\" class=\"wp-block-spacer\"><\/div>\n\n\n\n<h2 class=\"wp-block-heading has-text-align-center\">Mi\u00e9rcoles 23 de octubre<\/h2>\n\n\n\n<div style=\"height:12px\" aria-hidden=\"true\" class=\"wp-block-spacer\"><\/div>\n\n\n\n<table style = \"border: 2px solid #CCCCCC; width: 100%; text-align: left; border-collapse: collapse;\">\n  <tbody>\n        <tr style=\"border: 1px solid #CCCCCC;\">\n            <td style=\"border: 1px solid #CCCCCC; text-align: center; padding: 6px 6px;\">\n                8:30-9:00\n            <\/td>\n            <td style=\"border: 1px solid #CCCCCC; text-align: left; padding: 6px 6px; text-align: left;\">\n                Recepci\u00f3n y bienvenida de participantes\n            <\/td>\n            <td style=\"border: 1px solid #CCCCCC; text-align: center; padding: 6px 6px;\"><\/td>\n        <\/tr>\n        <tr style=\"border: 1px solid #CCCCCC;\">\n            <td style=\"border: 1px solid #CCCCCC; text-align: center; padding: 6px 6px;\">\n                9:00-9:30\n            <\/td>\n            <td style=\"border: 1px solid #CCCCCC; text-align: left; padding: 6px 6px;\">\n                <strong>Apertura del curso<\/strong><br\/>Presentaci\u00f3n\n            <\/td>\n            <td style=\"border: 1px solid #CCCCCC; text-align: center; padding: 6px 6px;\">\n<a href=\"https:\/\/www.youtube.com\/watch?v=G2sCa2nSAyw\" target=\"_blank\">\n                    <img loading=\"lazy\" decoding=\"async\" src=\"https:\/\/departamento.us.es\/ielectrica\/wp-content\/uploads\/2025\/03\/yt_icon_rgb.png\"  alt=\"\" class=\"wp-image-3920\" width=\"70\" height=\"50\"\/>\n                <\/a>\n            <\/td>\n        <\/tr>\n        <tr style=\"border: 1px solid #CCCCCC;\">\n            <td style=\"border: 1px solid #CCCCCC; text-align: center; padding: 6px 6px;\">\n                9:30-10:30\n            <\/td>\n            <td style=\"border: 1px solid #CCCCCC; text-align: left; padding: 6px 6px;\">\n                <strong>El almacenamiento energ\u00e9tico<\/strong><br>Antonio G\u00f3mez Exp\u00f3sito<br>Universidad de Sevilla\n            <\/td>\n            <td style=\"border: 1px solid #CCCCCC; text-align: center; padding: 6px 6px;\">\n                <a href=\"https:\/\/www.youtube.com\/watch?v=f52fFiq3C0s\" rel=\"noopener noreferrer\" target=\"_blank\">\n                    <img loading=\"lazy\" decoding=\"async\" src=\"https:\/\/departamento.us.es\/ielectrica\/wp-content\/uploads\/2025\/03\/yt_icon_rgb.png\"  alt=\"\" class=\"wp-image-3920\" width=\"70\" height=\"50\"\/>\n                <\/a>\n            <\/td>\n        <\/tr>\n        <tr style=\"border: 1px solid #CCCCCC;\">\n            <td style=\"border: 1px solid #CCCCCC; text-align: center; padding: 6px 6px;\">\n                10:30-11:30\n            <\/td>\n            <td style=\"border: 1px solid #CCCCCC; text-align: left; padding: 6px 6px;\">\n                <strong>Flexibilidad aportada por la demanda<\/strong><br>Jos\u00e9 Antonio Aguado S\u00e1nchez<br>Universidad de M\u00e1laga\n            <\/td>\n            <td style=\"border: 1px solid #CCCCCC; text-align: center; padding: 6px 6px;\">\n                <a href=\"https:\/\/www.youtube.com\/watch?v=xNibMxBSxhY\" rel=\"noopener noreferrer\" target=\"_blank\">\n                    <img loading=\"lazy\" decoding=\"async\" src=\"https:\/\/departamento.us.es\/ielectrica\/wp-content\/uploads\/2025\/03\/yt_icon_rgb.png\"  alt=\"\" class=\"wp-image-3920\" width=\"70\" height=\"50\"\/>\n                <\/a>\n            <\/td>\n        <\/tr>        \n        <tr style=\"border: 1px solid #CCCCCC;\">\n            <td style=\"border: 1px solid #CCCCCC; text-align: center; padding: 6px 6px;\">\n                11:30-12:00\n            <\/td>\n            <td style=\"border: 1px solid #CCCCCC; text-align: left; padding: 6px 6px; text-align: left;\">\n                Descanso\n            <\/td>\n            <td style=\"border: 1px solid #CCCCCC; text-align: center; padding: 6px 6px;\"><\/td>\n        <\/tr>\n<tr style=\"border: 1px solid #CCCCCC;\">\n            <td style=\"border: 1px solid #CCCCCC; text-align: center; padding: 6px 6px;\">\n                12:00-13:00\n            <\/td>\n            <td style=\"border: 1px solid #CCCCCC; text-align: left; padding: 6px 6px;\">\n                <strong>La importancia de la flexibilidad en la operaci\u00f3n del sistema<\/strong><br>Rosal\u00eda Rivas Saiz<br>REE\n            <\/td>\n            <td style=\"border: 1px solid #CCCCCC; text-align: center; padding: 6px 6px;\">\n                <a href=\"https:\/\/www.youtube.com\/watch?v=oUixHPYGplo\" rel=\"noopener noreferrer\" target=\"_blank\">\n                    <img loading=\"lazy\" decoding=\"async\" src=\"https:\/\/departamento.us.es\/ielectrica\/wp-content\/uploads\/2025\/03\/yt_icon_rgb.png\" alt=\"\" class=\"wp-image-3920\" width=\"70\" height=\"50\"\/>\n                <\/a>\n            <\/td>\n        <\/tr>\n        <tr style=\"border: 1px solid #CCCCCC;\">\n            <td style=\"border: 1px solid #CCCCCC; text-align: center; padding: 6px 6px;\">\n                13:00-14:00\n            <\/td>\n            <td style=\"border: 1px solid #CCCCCC; text-align: left; padding: 6px 6px;\">\n                <strong>Flexibilidad aportada por la generaci\u00f3n convencional y renovable<\/strong><br>\u00c1ngel Arcos Vargas<br>Universidad de Sevilla\n            <\/td>\n            <td style=\"border: 1px solid #CCCCCC; text-align: center; padding: 6px 6px;\">\n                <a href=\"https:\/\/www.youtube.com\/watch?v=AGyiwzxIctM\" rel=\"noopener noreferrer\" target=\"_blank\">\n                    <img loading=\"lazy\" decoding=\"async\" src=\"https:\/\/departamento.us.es\/ielectrica\/wp-content\/uploads\/2025\/03\/yt_icon_rgb.png\"  alt=\"\" class=\"wp-image-3920\" width=\"70\" height=\"50\"\/>\n                <\/a>\n            <\/td>\n        <\/tr>\n       <tr style=\"border: 1px solid #CCCCCC;\">\n            <td style=\"border: 1px solid #CCCCCC; text-align: center; padding: 6px 6px;\">\n                14:00-15:30\n            <\/td>\n            <td style=\"border: 1px solid #CCCCCC; text-align: left; padding: 6px 6px; text-align: left;\">\n                Descanso\n            <\/td>\n            <td style=\"border: 1px solid #CCCCCC; text-align: center; padding: 6px 6px;\"><\/td>\n        <\/tr>\n        <tr style=\"border: 1px solid #CCCCCC;\">\n            <td style=\"border: 1px solid #CCCCCC; text-align: center; padding: 6px 6px;\">\n                15:30-16:30\n            <\/td>\n            <td style=\"border: 1px solid #CCCCCC; text-align: left; padding: 6px 6px;\">\n                <strong>Aplicaciones de electr\u00f3nica de potencia para la gesti\u00f3n flexible del sistema el\u00e9ctrico<\/strong><br>Jos\u00e9 Mar\u00eda Maza Ortega<br>Universidad de Sevilla\n            <\/td>\n            <td style=\"border: 1px solid #CCCCCC; text-align: center; padding: 6px 6px;\">\n                <a href=\"https:\/\/www.youtube.com\/watch?v=ge--LzGNpX0\" rel=\"noopener noreferrer\" target=\"_blank\">\n                    <img loading=\"lazy\" decoding=\"async\" src=\"https:\/\/departamento.us.es\/ielectrica\/wp-content\/uploads\/2025\/03\/yt_icon_rgb.png\"  alt=\"\" class=\"wp-image-3920\" width=\"70\" height=\"50\"\/>\n                <\/a>\n            <\/td>\n        <\/tr>\n \n        <tr style=\"border: 1px solid #CCCCCC;\">\n            <td style=\"border: 1px solid #CCCCCC; text-align: center; padding: 6px 6px;\">\n                16:30-17:00\n            <\/td>\n            <td style=\"border: 1px solid #CCCCCC; text-align: left; padding: 6px 6px; text-align: left;\">\n                Descanso\n            <\/td>\n            <td style=\"border: 1px solid #CCCCCC; text-align: center; padding: 6px 6px;\"><\/td>\n        <\/tr>\n        <tr style=\"border: 1px solid #CCCCCC;\">\n            <td style=\"border: 1px solid #CCCCCC; text-align: center; padding: 6px 6px;\">\n                17:00-18:00\n            <\/td>\n            <td style=\"border: 1px solid #CCCCCC; text-align: left; padding: 6px 6px;\">\n                <strong>Grid enhancing technologies for transmission assets utilization in decarbonized energy systems: current status, experiences and prospects<\/strong> (videoconferencia)\n                <br>Junbo Zhao\n                <br>University of Connecticut\n            <\/td>\n            <td style=\"border: 1px solid #CCCCCC; text-align: center; padding: 6px 6px;\">\n                <a href=\"https:\/\/www.youtube.com\/watch?v=cyjMerjey8s\" rel=\"noopener noreferrer\" target=\"_blank\">\n                    <img loading=\"lazy\" decoding=\"async\" src=\"https:\/\/departamento.us.es\/ielectrica\/wp-content\/uploads\/2025\/03\/yt_icon_rgb.png\"  alt=\"\" class=\"wp-image-3920\" width=\"70\" height=\"50\"\/>\n                <\/a>\n            <\/td>\n        <\/tr>\n\n    <\/tbody>\n<\/table>\n\n\n\n<div style=\"height:47px\" aria-hidden=\"true\" class=\"wp-block-spacer\"><\/div>\n\n\n\n<h2 class=\"wp-block-heading has-text-align-center\">Jueves 24 de octubre<\/h2>\n\n\n\n<div style=\"height:16px\" aria-hidden=\"true\" class=\"wp-block-spacer\"><\/div>\n\n\n\n<table style = \"border: 2px solid #CCCCCC; width: 100%; text-align: left; border-collapse: collapse;\">\n  <tbody>\n        <tr style=\"border: 1px solid #CCCCCC;\">\n            <td style=\"border: 1px solid #CCCCCC; text-align: center; padding: 6px 6px;\">\n                9:00-10:00\n            <\/td>\n            <td style=\"border: 1px solid #CCCCCC; text-align: left; padding: 6px 6px;\">\n                <strong>How to accommodate the integration of ultra-high penetration distributed PV: Technical Solutions and Field Experience<\/strong> (videoconferencia)<br>Wenchua Wu<br>Tsinghua University\n            <\/td>\n            <td style=\"border: 1px solid #CCCCCC; text-align: center; padding: 6px 6px;\">\n                <a href=\"https:\/\/www.youtube.com\/watch?v=mJOPlCL4Dww\" rel=\"noopener noreferrer\" target=\"_blank\">\n                    <img loading=\"lazy\" decoding=\"async\" src=\"https:\/\/departamento.us.es\/ielectrica\/wp-content\/uploads\/2025\/03\/yt_icon_rgb.png\"  alt=\"\" class=\"wp-image-3920\" width=\"70\" height=\"50\"\/>\n                <\/a>\n            <\/td>\n        <\/tr>\n\n        <tr style=\"border: 1px solid #CCCCCC;\">\n            <td style=\"border: 1px solid #CCCCCC; text-align: center; padding: 6px 6px;\">\n                10:00-11:00\n            <\/td>\n            <td style=\"border: 1px solid #CCCCCC; text-align: left; padding: 6px 6px;\">\n                <strong>Proyectos Europeos de Flexibilidad: Flow y BeFlexible<\/strong> (No disponible)<br>Carlos Gait\u00e1n<br>e-distribuci\u00f3n\n            <\/td>\n            <td style=\"border: 1px solid #CCCCCC; text-align: center; padding: 6px 6px;\">\n                <img loading=\"lazy\" decoding=\"async\" src=\"https:\/\/departamento.us.es\/ielectrica\/wp-content\/uploads\/2026\/01\/yt-icon-gray.png\"  alt=\"\" class=\"wp-image-3920\" width=\"70\" height=\"50\"\/>\n            <\/td>\n        <\/tr>\n        <tr style=\"border: 1px solid #CCCCCC;\">\n            <td style=\"border: 1px solid #CCCCCC; text-align: center; padding: 6px 6px;\">\n                11:00-11:30\n            <\/td>\n            <td style=\"border: 1px solid #CCCCCC; text-align: left; padding: 6px 6px; text-align: left;\">\n                Descanso\n            <\/td>\n            <td style=\"border: 1px solid #CCCCCC; text-align: center; padding: 6px 6px;\"><\/td>\n        <\/tr>\n\n        <tr style=\"border: 1px solid #CCCCCC;\">\n            <td style=\"border: 1px solid #CCCCCC; text-align: center; padding: 6px 6px;\">\n                11:30-12:30\n            <\/td>\n            <td style=\"border: 1px solid #CCCCCC; text-align: left; padding: 6px 6px;\">\n                <strong>Aspectos normativos y regulatorios para el despliegue de la flexibilidad en sistemas el\u00e9ctricos<\/strong><br>Tom\u00e1s G\u00f3mez San Rom\u00e1n<br>Universidad Pontificia Comillas\n            <\/td>\n            <td style=\"border: 1px solid #CCCCCC; text-align: center; padding: 6px 6px;\">\n                <a href=\"https:\/\/www.youtube.com\/watch?v=aJlB7AFLdaY\" rel=\"noopener noreferrer\" target=\"_blank\">\n                    <img loading=\"lazy\" decoding=\"async\" src=\"https:\/\/departamento.us.es\/ielectrica\/wp-content\/uploads\/2025\/03\/yt_icon_rgb.png\"  alt=\"\" class=\"wp-image-3920\" width=\"70\" height=\"50\"\/>\n                <\/a>\n            <\/td>\n        <\/tr>\n        <tr style=\"border: 1px solid #CCCCCC;\">\n            <td style=\"border: 1px solid #CCCCCC; text-align: center; padding: 6px 6px;\">\n                12:30-13:30\n            <\/td>\n            <td style=\"border: 1px solid #CCCCCC; text-align: left; padding: 6px 6px;\">\n                <strong>Mesa redonda: El futuro del sistema el\u00e9ctrico descarbonizado espa\u00f1ol<\/strong>\n                <ul>\n                <li>\n                    <strong><em>Moderador: Antonio G\u00f3mez Exp\u00f3sito<\/em><\/strong>\n                    <br>Universidad de Sevilla\n                <\/li>\n                <li>\n                    <strong><em>Rafael S\u00e1nchez Dur\u00e1n<\/em><\/strong>\n                    <br>Endesa\n                <\/li>\n                <li>\n                    <strong><em>Jos\u00e9 Manuel Torres Ramos<\/em><\/strong>\n                    <br>Agencia Andaluza de la Energ\u00eda\n                <\/li>\n                <li>\n                    <strong><em>Tom\u00e1s G\u00f3mez San Rom\u00e1n<\/em><\/strong>\n                    <br>Universidad Pontificia Comillas\n                <\/li>\n                <li>\n                    <strong><em>Esther Romero Ramos<\/em><\/strong>\n                    <br>Ingelectus\n                <\/li>\n                <\/ul>\n            <\/td>\n            <td style=\"border: 1px solid #CCCCCC; text-align: center; padding: 6px 6px;\">\n                <a href=\"https:\/\/www.youtube.com\/watch?v=lMGm5Jpo8BQ\" rel=\"noopener noreferrer\" target=\"_blank\">\n                    <img loading=\"lazy\" decoding=\"async\" src=\"https:\/\/departamento.us.es\/ielectrica\/wp-content\/uploads\/2025\/03\/yt_icon_rgb.png\"  alt=\"\" class=\"wp-image-3920\" width=\"70\" height=\"50\"\/>\n                <\/a>\n            <\/td>\n        <\/tr>\n        <tr style=\"border: 1px solid #CCCCCC;\">\n            <td style=\"border: 1px solid #CCCCCC; text-align: center; padding: 6px 6px;\">\n                13:30-14:00\n            <\/td>\n            <td style=\"border: 1px solid #CCCCCC; text-align: left; padding: 6px 6px; text-align: left;\">\n               Clausura del curso\n            <\/td>\n            <td style=\"border: 1px solid #CCCCCC; text-align: center; padding: 6px 6px;\"><\/td>\n        <\/tr>\n    <\/tbody>\n<\/table>\n\n\n\n<p><\/p>\n","protected":false},"excerpt":{"rendered":"<p>PROGRAMA Mi\u00e9rcoles 23 de octubre 8:30-9:00 Recepci\u00f3n y bienvenida de participantes 9:00-9:30 Apertura del cursoPresentaci\u00f3n 9:30-10:30 El almacenamiento energ\u00e9ticoAntonio G\u00f3mez Exp\u00f3sitoUniversidad de Sevilla 10:30-11:30 Flexibilidad aportada por la demandaJos\u00e9 Antonio Aguado S\u00e1nchezUniversidad de M\u00e1laga 11:30-12:00 Descanso 12:00-13:00 La importancia de <a href=\"https:\/\/departamento.us.es\/ielectrica\/curso-uimp-2024\/\" class=\"read-more\">Leer m\u00e1s&#8230;<\/a><\/p>\n","protected":false},"author":1,"featured_media":0,"parent":0,"menu_order":0,"comment_status":"closed","ping_status":"closed","template":"","meta":{"footnotes":""},"class_list":["post-3896","page","type-page","status-publish","hentry"],"_links":{"self":[{"href":"https:\/\/departamento.us.es\/ielectrica\/wp-json\/wp\/v2\/pages\/3896","targetHints":{"allow":["GET"]}}],"collection":[{"href":"https:\/\/departamento.us.es\/ielectrica\/wp-json\/wp\/v2\/pages"}],"about":[{"href":"https:\/\/departamento.us.es\/ielectrica\/wp-json\/wp\/v2\/types\/page"}],"author":[{"embeddable":true,"href":"https:\/\/departamento.us.es\/ielectrica\/wp-json\/wp\/v2\/users\/1"}],"replies":[{"embeddable":true,"href":"https:\/\/departamento.us.es\/ielectrica\/wp-json\/wp\/v2\/comments?post=3896"}],"version-history":[{"count":39,"href":"https:\/\/departamento.us.es\/ielectrica\/wp-json\/wp\/v2\/pages\/3896\/revisions"}],"predecessor-version":[{"id":4149,"href":"https:\/\/departamento.us.es\/ielectrica\/wp-json\/wp\/v2\/pages\/3896\/revisions\/4149"}],"wp:attachment":[{"href":"https:\/\/departamento.us.es\/ielectrica\/wp-json\/wp\/v2\/media?parent=3896"}],"curies":[{"name":"wp","href":"https:\/\/api.w.org\/{rel}","templated":true}]}}