{"id":4095,"date":"2025-11-20T13:38:07","date_gmt":"2025-11-20T12:38:07","guid":{"rendered":"https:\/\/departamento.us.es\/ielectrica\/?page_id=4095"},"modified":"2026-01-28T10:13:49","modified_gmt":"2026-01-28T09:13:49","slug":"curso-uimp-2025","status":"publish","type":"page","link":"https:\/\/departamento.us.es\/ielectrica\/curso-uimp-2025\/","title":{"rendered":"Curso UIMP 2025"},"content":{"rendered":"\n<figure class=\"wp-block-image size-large\"><img loading=\"lazy\" decoding=\"async\" width=\"1024\" height=\"727\" src=\"https:\/\/departamento.us.es\/ielectrica\/wp-content\/uploads\/2025\/11\/Poster-UIMP-2025-1024x727.png\" alt=\"\" class=\"wp-image-4099\" srcset=\"https:\/\/departamento.us.es\/ielectrica\/wp-content\/uploads\/2025\/11\/Poster-UIMP-2025-1024x727.png 1024w, https:\/\/departamento.us.es\/ielectrica\/wp-content\/uploads\/2025\/11\/Poster-UIMP-2025-300x213.png 300w, https:\/\/departamento.us.es\/ielectrica\/wp-content\/uploads\/2025\/11\/Poster-UIMP-2025-768x545.png 768w, https:\/\/departamento.us.es\/ielectrica\/wp-content\/uploads\/2025\/11\/Poster-UIMP-2025-1536x1090.png 1536w, https:\/\/departamento.us.es\/ielectrica\/wp-content\/uploads\/2025\/11\/Poster-UIMP-2025-2048x1453.png 2048w, https:\/\/departamento.us.es\/ielectrica\/wp-content\/uploads\/2025\/11\/Poster-UIMP-2025-360x255.png 360w\" sizes=\"auto, (max-width: 1024px) 100vw, 1024px\" \/><\/figure>\n\n\n\n<div style=\"height:27px\" aria-hidden=\"true\" class=\"wp-block-spacer\"><\/div>\n\n\n\n<h1 class=\"wp-block-heading has-text-align-center\"><strong>PROGRAMA<\/strong><\/h1>\n\n\n\n<div style=\"height:11px\" aria-hidden=\"true\" class=\"wp-block-spacer\"><\/div>\n\n\n\n<h2 class=\"wp-block-heading has-text-align-center\">Mi\u00e9rcoles, 15 de octubre<\/h2>\n\n\n\n<div style=\"height:12px\" aria-hidden=\"true\" class=\"wp-block-spacer\"><\/div>\n\n\n\n<table style = \"border: 2px solid #CCCCCC; width: 100%; text-align: left; border-collapse: collapse;\">\n  <tbody>\n        <tr style=\"border: 1px solid #CCCCCC;\">\n            <td style=\"border: 1px solid #CCCCCC; text-align: center; padding: 6px 6px;\">\n                8:30-9:00\n            <\/td>\n            <td style=\"border: 1px solid #CCCCCC; text-align: left; padding: 6px 6px; text-align: left;\">\n                Recepci\u00f3n y documentaci\u00f3n\n            <\/td>\n            <td style=\"border: 1px solid #CCCCCC; text-align: center; padding: 6px 6px;\"><\/td>\n        <\/tr>\n        <tr style=\"border: 1px solid #CCCCCC;\">\n            <td style=\"border: 1px solid #CCCCCC; text-align: center; padding: 6px 6px;\">\n                9:00-9:30\n            <\/td>\n            <td style=\"border: 1px solid #CCCCCC; text-align: left; padding: 6px 6px;\">\n                <strong>Apertura del curso y presentaci\u00f3n<\/strong>\n            <\/td>\n            <td style=\"border: 1px solid #CCCCCC; text-align: center; padding: 6px 6px;\">\n<a href=\"https:\/\/www.youtube.com\/watch?v=hvsEXXmGmrc\" target=\"_blank\">\n                    <img loading=\"lazy\" decoding=\"async\" src=\"https:\/\/departamento.us.es\/ielectrica\/wp-content\/uploads\/2025\/03\/yt_icon_rgb.png\"  alt=\"\" class=\"wp-image-3920\" width=\"70\" height=\"50\"\/>\n                <\/a>\n            <\/td>\n        <\/tr>\n        <tr style=\"border: 1px solid #CCCCCC;\">\n            <td style=\"border: 1px solid #CCCCCC; text-align: center; padding: 6px 6px;\">\n                9:30-10:30\n            <\/td>\n            <td style=\"border: 1px solid #CCCCCC; text-align: left; padding: 6px 6px;\">\n                        <strong>\n                            Transmission expansion planning: how computational tools and models are \n                            evolving for an electrified world\n                        <\/strong>\n                        <br>\n                        <em>Antonio Conejo<\/em>\n                        <br>\n                        The Ohio State University\n            <\/td>\n            <td style=\"border: 1px solid #CCCCCC; text-align: center; padding: 6px 6px;\">\n                <a href=\"https:\/\/www.youtube.com\/watch?v=UaKBljnQUZw\" rel=\"noopener noreferrer\" target=\"_blank\">\n                    <img loading=\"lazy\" decoding=\"async\" src=\"https:\/\/departamento.us.es\/ielectrica\/wp-content\/uploads\/2025\/03\/yt_icon_rgb.png\"  alt=\"\" class=\"wp-image-3920\" width=\"70\" height=\"50\"\/>\n                <\/a>\n            <\/td>\n        <\/tr>\n        <tr style=\"border: 1px solid #CCCCCC;\">\n            <td style=\"border: 1px solid #CCCCCC; text-align: center; padding: 6px 6px;\">\n                10:30-11:30\n            <\/td>\n            <td style=\"border: 1px solid #CCCCCC; text-align: left; padding: 6px 6px;\">\n                       <strong>\n                        Integraci\u00f3n de centros de datos como activos flexibles en redes de \n                        distribuci\u00f3n modernas.\n                        <\/strong>\n                        <br>\n                        <em>\u00c1ngel Paredes Parrilla<\/em>\n                        <br>\n                        Universidad de Sevilla\n            <\/td>\n            <td style=\"border: 1px solid #CCCCCC; text-align: center; padding: 6px 6px;\">\n                <a href=\"https:\/\/www.youtube.com\/watch?v=1VR_8ilGmWA\" rel=\"noopener noreferrer\" target=\"_blank\">\n                    <img loading=\"lazy\" decoding=\"async\" src=\"https:\/\/departamento.us.es\/ielectrica\/wp-content\/uploads\/2025\/03\/yt_icon_rgb.png\"  alt=\"\" class=\"wp-image-3920\" width=\"70\" height=\"50\"\/>\n                <\/a>\n            <\/td>\n        <\/tr>        \n        <tr style=\"border: 1px solid #CCCCCC;\">\n            <td style=\"border: 1px solid #CCCCCC; text-align: center; padding: 6px 6px;\">\n                11:30-12:00\n            <\/td>\n            <td style=\"border: 1px solid #CCCCCC; text-align: left; padding: 6px 6px; text-align: left;\">\n                Descanso\n            <\/td>\n            <td style=\"border: 1px solid #CCCCCC; text-align: center; padding: 6px 6px;\"><\/td>\n        <\/tr>\n<tr style=\"border: 1px solid #CCCCCC;\">\n            <td style=\"border: 1px solid #CCCCCC; text-align: center; padding: 6px 6px;\">\n                12:00-13:00\n            <\/td>\n            <td style=\"border: 1px solid #CCCCCC; text-align: left; padding: 6px 6px;\">\n                <strong>Electrificaci\u00f3n de puertos y minas<\/strong>\n                <br>\n                <em>Jos\u00e9 Mar\u00eda Maza Ortega<\/em>\n                <br>\n                Universidad de Sevilla\n            <\/td>\n            <td style=\"border: 1px solid #CCCCCC; text-align: center; padding: 6px 6px;\">\n                <a href=\"https:\/\/www.youtube.com\/watch?v=vHIJOksKiNE\" rel=\"noopener noreferrer\" target=\"_blank\">\n                    <img loading=\"lazy\" decoding=\"async\" src=\"https:\/\/departamento.us.es\/ielectrica\/wp-content\/uploads\/2025\/03\/yt_icon_rgb.png\" alt=\"\" class=\"wp-image-3920\" width=\"70\" height=\"50\"\/>\n                <\/a>\n            <\/td>\n        <\/tr>\n        <tr style=\"border: 1px solid #CCCCCC;\">\n            <td style=\"border: 1px solid #CCCCCC; text-align: center; padding: 6px 6px;\">\n                13:00-14:00\n            <\/td>\n            <td style=\"border: 1px solid #CCCCCC; text-align: left; padding: 6px 6px;\">\n                <strong>El reto de la demanda de electricidad para hidr\u00f3geno renovable<\/strong>\n                <br>\n                <em>Vicente Cort\u00e9s Galeano<\/em>\n                <br>\n                Inerco\n            <\/td>\n            <td style=\"border: 1px solid #CCCCCC; text-align: center; padding: 6px 6px;\">\n                <a href=\"https:\/\/www.youtube.com\/watch?v=8roimljpR-M\" rel=\"noopener noreferrer\" target=\"_blank\">\n                    <img loading=\"lazy\" decoding=\"async\" src=\"https:\/\/departamento.us.es\/ielectrica\/wp-content\/uploads\/2025\/03\/yt_icon_rgb.png\"  alt=\"\" class=\"wp-image-3920\" width=\"70\" height=\"50\"\/>\n                <\/a>\n            <\/td>\n        <\/tr>\n       <tr style=\"border: 1px solid #CCCCCC;\">\n            <td style=\"border: 1px solid #CCCCCC; text-align: center; padding: 6px 6px;\">\n                14:00-15:30\n            <\/td>\n            <td style=\"border: 1px solid #CCCCCC; text-align: left; padding: 6px 6px; text-align: left;\">\n                Descanso\n            <\/td>\n            <td style=\"border: 1px solid #CCCCCC; text-align: center; padding: 6px 6px;\"><\/td>\n        <\/tr>\n        <tr style=\"border: 1px solid #CCCCCC;\">\n            <td style=\"border: 1px solid #CCCCCC; text-align: center; padding: 6px 6px;\">\n                15:30-16:30\n            <\/td>\n            <td style=\"border: 1px solid #CCCCCC; text-align: left; padding: 6px 6px;\">\n                <strong>Electrificaci\u00f3n del consumo t\u00e9rmico: industrial, servicios, residencial<\/strong>\n                <br>\n                <em>Cristina Prieto<\/em>\n                <br>\n                Universidad de Sevilla\n            <\/td>\n            <td style=\"border: 1px solid #CCCCCC; text-align: center; padding: 6px 6px;\">\n                <a href=\"https:\/\/www.youtube.com\/watch?v=gyzvQi6zhvk\" rel=\"noopener noreferrer\" target=\"_blank\">\n                    <img loading=\"lazy\" decoding=\"async\" src=\"https:\/\/departamento.us.es\/ielectrica\/wp-content\/uploads\/2025\/03\/yt_icon_rgb.png\"  alt=\"\" class=\"wp-image-3920\" width=\"70\" height=\"50\"\/>\n                <\/a>\n            <\/td>\n        <\/tr>\n        <tr style=\"border: 1px solid #CCCCCC;\">\n            <td style=\"border: 1px solid #CCCCCC; text-align: center; padding: 6px 6px;\">\n                16:30-17:30\n            <\/td>\n            <td style=\"border: 1px solid #CCCCCC; text-align: left; padding: 6px 6px;\">\n                <strong>Infrastructure planning for sustainable road transportation<\/strong> (No disponible)\n                <br>\n                <em>Klara Nosan<\/em>\n                <br>\n                Joint Research Center\n            <\/td>\n            <td style=\"border: 1px solid #CCCCCC; text-align: center; padding: 6px 6px;\">\n                    <img loading=\"lazy\" decoding=\"async\" src=\"https:\/\/departamento.us.es\/ielectrica\/wp-content\/uploads\/2026\/01\/yt-icon-gray.png\"  alt=\"\" class=\"wp-image-3920\" width=\"70\" height=\"50\"\/>\n            <\/td>\n        <\/tr>\n\n    <\/tbody>\n<\/table>\n\n\n\n<div style=\"height:50px\" aria-hidden=\"true\" class=\"wp-block-spacer\"><\/div>\n\n\n\n<h2 class=\"wp-block-heading has-text-align-center\">Jueves, 16 de octubre<\/h2>\n\n\n\n<div style=\"height:12px\" aria-hidden=\"true\" class=\"wp-block-spacer\"><\/div>\n\n\n\n<table style = \"border: 2px solid #CCCCCC; width: 100%; text-align: left; border-collapse: collapse;\">\n  <tbody>\n        <tr style=\"border: 1px solid #CCCCCC;\">\n            <td style=\"border: 1px solid #CCCCCC; text-align: center; padding: 6px 6px;\">\n                9:30-10:30\n            <\/td>\n            <td style=\"border: 1px solid #CCCCCC; text-align: left; padding: 6px 6px;\">\n                <strong>Grid challenges at massive penetration of power converters:\nreactive power reserves scarcity and the volt-var problem<\/strong>\n                <br>\n                <em>Florin Capitanescu<\/em>\n                <br>\n                Luxembourg Institute of Science and Technology\n            <\/td>\n            <td style=\"border: 1px solid #CCCCCC; text-align: center; padding: 6px 6px;\">\n                <a href=\"https:\/\/www.youtube.com\/watch?v=58aC5ceFcS0\" rel=\"noopener noreferrer\" target=\"_blank\">\n                    <img loading=\"lazy\" decoding=\"async\" src=\"https:\/\/departamento.us.es\/ielectrica\/wp-content\/uploads\/2025\/03\/yt_icon_rgb.png\"  alt=\"\" class=\"wp-image-3920\" width=\"70\" height=\"50\"\/>\n                <\/a>\n            <\/td>\n        <\/tr>\n        <tr style=\"border: 1px solid #CCCCCC;\">\n            <td style=\"border: 1px solid #CCCCCC; text-align: center; padding: 6px 6px;\">\n                10:30-11:30\n            <\/td>\n            <td style=\"border: 1px solid #CCCCCC; text-align: left; padding: 6px 6px;\">\n                <strong>El papel clave de la red de distribuci\u00f3n en la electrificaci\u00f3n del\nconsumo<\/strong>\n                <br>\n                <em>Gabriele Licasale<\/em>\n                <br>\n                Endesa\n            <\/td>\n            <td style=\"border: 1px solid #CCCCCC; text-align: center; padding: 6px 6px;\">\n                <a href=\"https:\/\/www.youtube.com\/watch?v=MtU55pVS34I\" rel=\"noopener noreferrer\" target=\"_blank\">\n                    <img loading=\"lazy\" decoding=\"async\" src=\"https:\/\/departamento.us.es\/ielectrica\/wp-content\/uploads\/2025\/03\/yt_icon_rgb.png\"  alt=\"\" class=\"wp-image-3920\" width=\"70\" height=\"50\"\/>\n                <\/a>\n            <\/td>\n        <\/tr>                \n        <tr style=\"border: 1px solid #CCCCCC;\">\n            <td style=\"border: 1px solid #CCCCCC; text-align: center; padding: 6px 6px;\">\n                11:30-12:00\n            <\/td>\n            <td style=\"border: 1px solid #CCCCCC; text-align: left; padding: 6px 6px; text-align: left;\">\n                Descanso\n            <\/td>\n            <td style=\"border: 1px solid #CCCCCC; text-align: center; padding: 6px 6px;\"><\/td>\n        <\/tr>\n        <tr style=\"border: 1px solid #CCCCCC;\">\n            <td style=\"border: 1px solid #CCCCCC; text-align: center; padding: 6px 6px;\">\n                12:00-13:00\n            <\/td>\n            <td style=\"border: 1px solid #CCCCCC; text-align: left; padding: 6px 6px;\">\n                <strong>Powering Data Centers: Transmission Grid Challenges in the US<\/strong>\n                <br>\n                <em>Hassan Hayat<\/em>\n                <br>\n                American Electric Power\n            <\/td>\n            <td style=\"border: 1px solid #CCCCCC; text-align: center; padding: 6px 6px;\">\n                <a href=\"https:\/\/www.youtube.com\/watch?v=rzkS3PUResY\" rel=\"noopener noreferrer\" target=\"_blank\">\n                    <img loading=\"lazy\" decoding=\"async\" src=\"https:\/\/departamento.us.es\/ielectrica\/wp-content\/uploads\/2025\/03\/yt_icon_rgb.png\"  alt=\"\" class=\"wp-image-3920\" width=\"70\" height=\"50\"\/>\n                <\/a>\n            <\/td>\n        <\/tr>\n        <tr style=\"border: 1px solid #CCCCCC;\">\n            <td style=\"border: 1px solid #CCCCCC; text-align: center; padding: 6px 6px;\">\n                15:30-16:30\n            <\/td>\n            <td style=\"border: 1px solid #CCCCCC; text-align: left; padding: 6px 6px;\">\n                <strong>Mesa redonda \u201cEl sistema el\u00e9ctrico en la encrucijada actual\u201d<\/strong>\n                <br>\n                <em><strong>Moderador:<\/strong><\/em><br>\n                Rafael S\u00e1nchez Dur\u00e1n (ENDESA)<br>\n                <em><strong>Participantes:<\/strong><\/em><br>\n                Antonio Gil Vacas (ENDESA)<br>\n                Rafael Mor\u00e1n Corbacho (Ingelectus)<br>\n                Jos\u00e9 Mar\u00eda Maza Ortega (Universidad de Sevilla)<br>\n            <\/td>\n            <td style=\"border: 1px solid #CCCCCC; text-align: center; padding: 6px 6px;\">\n                <a href=\"https:\/\/www.youtube.com\/watch?v=_y3blcuAX7s\" rel=\"noopener noreferrer\" target=\"_blank\">\n                    <img loading=\"lazy\" decoding=\"async\" src=\"https:\/\/departamento.us.es\/ielectrica\/wp-content\/uploads\/2025\/03\/yt_icon_rgb.png\"  alt=\"\" class=\"wp-image-3920\" width=\"70\" height=\"50\"\/>\n                <\/a>\n            <\/td>\n        <\/tr>                \n        <tr style=\"border: 1px solid #CCCCCC;\">\n            <td style=\"border: 1px solid #CCCCCC; text-align: center; padding: 6px 6px;\">\n                14:00-14:15\n            <\/td>\n            <td style=\"border: 1px solid #CCCCCC; text-align: left; padding: 6px 6px; text-align: left;\">\n                Conclusiones y clausura\n            <\/td>\n            <td style=\"border: 1px solid #CCCCCC; text-align: center; padding: 6px 6px;\"><\/td>\n        <\/tr>\n    <\/tbody>\n<\/table>\n","protected":false},"excerpt":{"rendered":"<p>PROGRAMA Mi\u00e9rcoles, 15 de octubre 8:30-9:00 Recepci\u00f3n y documentaci\u00f3n 9:00-9:30 Apertura del curso y presentaci\u00f3n 9:30-10:30 Transmission expansion planning: how computational tools and models are evolving for an electrified world Antonio Conejo The Ohio State University 10:30-11:30 Integraci\u00f3n de centros <a href=\"https:\/\/departamento.us.es\/ielectrica\/curso-uimp-2025\/\" class=\"read-more\">Leer m\u00e1s&#8230;<\/a><\/p>\n","protected":false},"author":1,"featured_media":0,"parent":0,"menu_order":0,"comment_status":"closed","ping_status":"closed","template":"","meta":{"footnotes":""},"class_list":["post-4095","page","type-page","status-publish","hentry"],"_links":{"self":[{"href":"https:\/\/departamento.us.es\/ielectrica\/wp-json\/wp\/v2\/pages\/4095","targetHints":{"allow":["GET"]}}],"collection":[{"href":"https:\/\/departamento.us.es\/ielectrica\/wp-json\/wp\/v2\/pages"}],"about":[{"href":"https:\/\/departamento.us.es\/ielectrica\/wp-json\/wp\/v2\/types\/page"}],"author":[{"embeddable":true,"href":"https:\/\/departamento.us.es\/ielectrica\/wp-json\/wp\/v2\/users\/1"}],"replies":[{"embeddable":true,"href":"https:\/\/departamento.us.es\/ielectrica\/wp-json\/wp\/v2\/comments?post=4095"}],"version-history":[{"count":11,"href":"https:\/\/departamento.us.es\/ielectrica\/wp-json\/wp\/v2\/pages\/4095\/revisions"}],"predecessor-version":[{"id":4151,"href":"https:\/\/departamento.us.es\/ielectrica\/wp-json\/wp\/v2\/pages\/4095\/revisions\/4151"}],"wp:attachment":[{"href":"https:\/\/departamento.us.es\/ielectrica\/wp-json\/wp\/v2\/media?parent=4095"}],"curies":[{"name":"wp","href":"https:\/\/api.w.org\/{rel}","templated":true}]}}