{"id":415,"date":"2018-01-24T12:56:43","date_gmt":"2018-01-24T12:56:43","guid":{"rendered":"http:\/\/departamento.us.es\/ielectrica\/?page_id=415"},"modified":"2026-04-10T10:51:37","modified_gmt":"2026-04-10T08:51:37","slug":"master-see","status":"publish","type":"page","link":"https:\/\/departamento.us.es\/ielectrica\/master-see\/","title":{"rendered":"M\u00e1ster Universitario en Sistemas de Energ\u00eda El\u00e9ctrica"},"content":{"rendered":"<p style=\"text-align: center;\"><strong>\u00a0<span style=\"background-color: #008000;\">\u00a0<span style=\"color: #ffffff;\"> <a style=\"color: #ffffff; background-color: #008000;\" href=\"https:\/\/departamento.us.es\/ielectrica\/wp-content\/uploads\/2025\/09\/Horario-MSEE-2025_26-1.pdf\" target=\"_blank\" rel=\"noopener noreferrer\">HORARIO MSEE 2025\/2026<\/a><\/span>\u00a0\u00a0<\/span> \u00a0 \u00a0 \u00a0 \u00a0 \u00a0 <a href=\"https:\/\/departamento.us.es\/ielectrica\/wp-content\/uploads\/2026\/04\/HORARIO-PRACTICAS.jpg\"><span style=\"color: #ffffff; background-color: #800000;\">Horario de Pr\u00e1cticas MSEE 2025-2026\u00a0 2<sup>o<\/sup> Cuatrimestre\u00a0<\/span><\/a><\/strong><\/p>\n<p style=\"text-align: justify;\"><span style=\"color: #000000;\">El M\u00e1ster propuesto es un paso m\u00e1s en el proceso formativo de ingenieros con el m\u00e1s alto nivel de cualificaci\u00f3n cient\u00edfica y t\u00e9cnica, cuya aportaci\u00f3n y cometido en el sistema productivo y el mundo acad\u00e9mico son fundamentales. En este sentido el M\u00e1ster sigue las directivas del Espacio Europeo de Educaci\u00f3n Superior (EEES) que ha inducido el replanteamiento de la ordenaci\u00f3n de las ense\u00f1anzas universitarias y creado una nueva v\u00eda de acceso al Doctorado, a trav\u00e9s del M\u00e1ster Universitario. <\/span><\/p>\n<p style=\"text-align: justify;\"><span style=\"color: #000000;\">El presente m\u00e1ster viene a cubrir la tradicional carencia de formaci\u00f3n de especializaci\u00f3n a nivel de m\u00e1ster y doctorado en el \u00e1mbito de los Sistemas El\u00e9ctricos de Potencia en Espa\u00f1a. En este sentido, la propuesta de m\u00e1ster cubre los contenidos habituales en programas de m\u00e1ster similares de EEUU y Canad\u00e1, principalmente.<\/span><\/p>\n<p style=\"text-align: justify;\"><span style=\"color: #000000;\">El plan de estudios propuesto consta de 60 cr\u00e9ditos, que se estructuran en 7 materias obligatorias con un total de 33 cr\u00e9ditos, a las que se suma el Trabajo Fin de M\u00e1ster de 12 cr\u00e9ditos, y 15 cr\u00e9ditos de materias optativas, a elegir por el alumno de una oferta de 21 cr\u00e9ditos. <\/span><\/p>\n<p><span style=\"color: #000000;\">Encontrar\u00e1 m\u00e1s informaci\u00f3n del m\u00e1ster explorando la p\u00e1gina institucional de la<a style=\"color: #000000;\" href=\"https:\/\/www.us.es\/estudios\/master\/master_M164\" target=\"_blank\" rel=\"noopener noreferrer\"> US<\/a> o accediendo a la <a style=\"color: #000000;\" href=\"https:\/\/www.etsi.us.es\/estudios-y-titulaciones\/masteres\/master-universitario-en-sistemas-de-energia-electrica\" target=\"_blank\" rel=\"noopener noreferrer\"><span style=\"color: #0000ff;\">p\u00e1gina web de la ETSI<\/span><\/a><span style=\"color: #0000ff;\">.<\/span><\/span><\/p>\n<p><span style=\"color: #000000;\"><span style=\"background-color: #ff9900;\"><strong>Pr\u00e1cticamente el 100% de los egresados trabaja en la actualidad.<\/strong><\/span><\/span><\/p>\n<p style=\"text-align: justify;\"><span style=\"color: #000000;\">Las asignaturas que imparte el Departamento\u00a0 de Ingenier\u00eda El\u00e9ctrica en el M\u00e1ster en Sistemas de Energ\u00eda El\u00e9ctrica son las siguientes: <\/span><\/p>\n<table style=\"width: 570.96px;\">\n<tbody>\n<tr>\n<td style=\"width: 48px; text-align: center;\"><strong>Curso<\/strong><\/td>\n<td style=\"width: 505.96px; text-align: left;\"><strong>Asignatura<\/strong><\/td>\n<\/tr>\n<tr>\n<td style=\"width: 48px; text-align: center;\">2<\/td>\n<td style=\"width: 505.96px; text-align: left;\"><span style=\"color: #3366ff;\"><a style=\"color: #3366ff;\" href=\"https:\/\/www.us.es\/estudiar\/que-estudiar\/oferta-de-masteres\/master-universitario-en-sistemas-de-energia-electrica\/51640001\" target=\"_blank\" rel=\"noopener noreferrer\">An\u00e1lisis Transitorio y Din\u00e1mico de Sistemas El\u00e9ctricos<\/a><\/span><\/td>\n<\/tr>\n<tr>\n<td style=\"width: 48px; text-align: center;\">1<\/td>\n<td style=\"width: 505.96px; text-align: left;\"><span style=\"color: #3366ff;\"><a style=\"color: #3366ff;\" href=\"https:\/\/www.us.es\/estudiar\/que-estudiar\/oferta-de-masteres\/master-universitario-en-sistemas-de-energia-electrica\/51640002\" target=\"_blank\" rel=\"noopener noreferrer\">Calidad y Eficiencia del Suministro El\u00e9ctrico<\/a><\/span><\/td>\n<\/tr>\n<tr>\n<td style=\"width: 48px; text-align: center;\">1<\/td>\n<td style=\"width: 505.96px; text-align: left;\"><span style=\"color: #3366ff;\"><a style=\"color: #3366ff;\" href=\"https:\/\/www.us.es\/estudiar\/que-estudiar\/oferta-de-masteres\/master-universitario-en-sistemas-de-energia-electrica\/51640003\" target=\"_blank\" rel=\"noopener noreferrer\">Comunicaciones, Telecontrol y Automatizaci\u00f3n de Sistemas El\u00e9ctricos<\/a><\/span><\/td>\n<\/tr>\n<tr>\n<td style=\"width: 48px; text-align: center;\">1<\/td>\n<td style=\"width: 505.96px; text-align: left;\"><span style=\"color: #3366ff;\"><a style=\"color: #3366ff;\" href=\"https:\/\/www.us.es\/estudiar\/que-estudiar\/oferta-de-masteres\/master-universitario-en-sistemas-de-energia-electrica\/51640004\" target=\"_blank\" rel=\"noopener noreferrer\">Dispositivos y Sistemas AC\/DC<\/a><\/span><\/td>\n<\/tr>\n<tr>\n<td style=\"width: 48px; text-align: center;\">1<\/td>\n<td style=\"width: 505.96px; text-align: left;\"><span style=\"color: #3366ff;\"><a style=\"color: #3366ff;\" href=\"https:\/\/www.us.es\/estudiar\/que-estudiar\/oferta-de-masteres\/master-universitario-en-sistemas-de-energia-electrica\/51640005\" target=\"_blank\" rel=\"noopener noreferrer\">Emprendimiento<\/a><\/span><\/td>\n<\/tr>\n<tr>\n<td style=\"width: 48px; text-align: center;\">1<\/td>\n<td style=\"width: 505.96px; text-align: left;\"><span style=\"color: #3366ff;\"><a style=\"color: #3366ff;\" href=\"https:\/\/www.us.es\/estudiar\/que-estudiar\/oferta-de-masteres\/master-universitario-en-sistemas-de-energia-electrica\/51640006\" target=\"_blank\" rel=\"noopener noreferrer\">Generaci\u00f3n El\u00e9ctrica Renovable<\/a><\/span><\/td>\n<\/tr>\n<tr>\n<td style=\"width: 48px; text-align: center;\">1<\/td>\n<td style=\"width: 505.96px; text-align: left;\"><span style=\"color: #3366ff;\"><a style=\"color: #3366ff;\" href=\"https:\/\/www.us.es\/estudiar\/que-estudiar\/oferta-de-masteres\/master-universitario-en-sistemas-de-energia-electrica\/51640007\" target=\"_blank\" rel=\"noopener noreferrer\">Laboratorio de An\u00e1lisis de Redes El\u00e9ctricas<\/a><\/span><\/td>\n<\/tr>\n<tr>\n<td style=\"width: 48px; text-align: center;\">1<\/td>\n<td style=\"width: 505.96px; text-align: left;\"><span style=\"color: #3366ff;\"><a style=\"color: #3366ff;\" href=\"https:\/\/www.us.es\/estudiar\/que-estudiar\/oferta-de-masteres\/master-universitario-en-sistemas-de-energia-electrica\/51640008\" target=\"_blank\" rel=\"noopener noreferrer\">M\u00e9todos Num\u00e9ricos para Sistemas El\u00e9ctricos<\/a><\/span><\/td>\n<\/tr>\n<tr>\n<td style=\"width: 48px; text-align: center;\">1<\/td>\n<td style=\"width: 505.96px; text-align: left;\"><span style=\"color: #3366ff;\"><a style=\"color: #3366ff;\" href=\"https:\/\/www.us.es\/estudiar\/que-estudiar\/oferta-de-masteres\/master-universitario-en-sistemas-de-energia-electrica\/51640009\" target=\"_blank\" rel=\"noopener noreferrer\">Operaci\u00f3n y Control de Sistemas El\u00e9ctricos<\/a><\/span><\/td>\n<\/tr>\n<tr>\n<td style=\"width: 48px; text-align: center;\">1<\/td>\n<td style=\"width: 505.96px; text-align: left;\"><span style=\"color: #3366ff;\"><a style=\"color: #3366ff;\" href=\"https:\/\/www.us.es\/estudiar\/que-estudiar\/oferta-de-masteres\/master-universitario-en-sistemas-de-energia-electrica\/51640010\" target=\"_blank\" rel=\"noopener noreferrer\">Optimizaci\u00f3n Metaheur\u00edstica y Predicci\u00f3n en Sistemas El\u00e9ctricos<\/a><\/span><\/td>\n<\/tr>\n<tr>\n<td style=\"width: 48px; text-align: center;\">1<\/td>\n<td style=\"width: 505.96px; text-align: left;\"><span style=\"color: #3366ff;\"><a style=\"color: #3366ff;\" href=\"https:\/\/www.us.es\/estudiar\/que-estudiar\/oferta-de-masteres\/master-universitario-en-sistemas-de-energia-electrica\/51640011\" target=\"_blank\" rel=\"noopener noreferrer\">Programaci\u00f3n de la Generaci\u00f3n y Mercados de Energ\u00eda El\u00e9ctrica<\/a><\/span><\/td>\n<\/tr>\n<tr>\n<td style=\"width: 48px; text-align: center;\">1<\/td>\n<td style=\"width: 505.96px; text-align: left;\"><span style=\"color: #3366ff;\"><a style=\"color: #3366ff;\" href=\"https:\/\/www.us.es\/estudiar\/que-estudiar\/oferta-de-masteres\/master-universitario-en-sistemas-de-energia-electrica\/51640012\" target=\"_blank\" rel=\"noopener noreferrer\">Redes Activas de Distribuci\u00f3n y Gesti\u00f3n de la Demanda<\/a><\/span><\/td>\n<\/tr>\n<tr>\n<td style=\"width: 48px; text-align: center;\">1<\/td>\n<td style=\"width: 505.96px; text-align: left;\"><span style=\"color: #3366ff;\"><a style=\"color: #3366ff;\" href=\"https:\/\/www.us.es\/estudiar\/que-estudiar\/oferta-de-masteres\/master-universitario-en-sistemas-de-energia-electrica\/51640013\" target=\"_blank\" rel=\"noopener noreferrer\">Sistemas Digitales de Medida y Protecci\u00f3n de Sistemas El\u00e9ctricos<\/a><\/span><\/td>\n<\/tr>\n<tr>\n<td style=\"width: 48px; text-align: center;\">1<\/td>\n<td style=\"width: 505.96px; text-align: left;\"><span style=\"color: #3366ff;\"><a style=\"color: #3366ff;\" href=\"https:\/\/www.us.es\/estudiar\/que-estudiar\/oferta-de-masteres\/master-universitario-en-sistemas-de-energia-electrica\/51640014\" target=\"_blank\" rel=\"noopener noreferrer\">Trabajo Fin de M\u00e1ster<\/a><br \/><\/span><\/td>\n<\/tr>\n<tr>\n<td style=\"width: 48px; text-align: center;\">1<\/td>\n<td style=\"width: 505.96px; text-align: left;\"><span style=\"color: #3366ff;\"><a style=\"color: #3366ff;\" href=\"https:\/\/www.us.es\/estudiar\/que-estudiar\/oferta-de-masteres\/master-universitario-en-sistemas-de-energia-electrica\/51640016\" target=\"_blank\" rel=\"noopener noreferrer\">Transitorios en M\u00e1quinas y\u00a0 Accionamientos El\u00e9ctricos<\/a><\/span><\/td>\n<\/tr>\n<\/tbody>\n<\/table>\n\n\n<p class=\"has-text-align-center has-vivid-red-color has-text-color\" style=\"font-size:21px\">&nbsp;<\/p>\n","protected":false},"excerpt":{"rendered":"<p>\u00a0\u00a0 HORARIO MSEE 2025\/2026\u00a0\u00a0 \u00a0 \u00a0 \u00a0 \u00a0 \u00a0 Horario de Pr\u00e1cticas MSEE 2025-2026\u00a0 2o Cuatrimestre\u00a0 El M\u00e1ster propuesto es un paso m\u00e1s en el proceso formativo de ingenieros con el m\u00e1s alto nivel de cualificaci\u00f3n cient\u00edfica y t\u00e9cnica, cuya <a href=\"https:\/\/departamento.us.es\/ielectrica\/master-see\/\" class=\"read-more\">Leer m\u00e1s&#8230;<\/a><\/p>\n","protected":false},"author":1,"featured_media":0,"parent":0,"menu_order":0,"comment_status":"closed","ping_status":"closed","template":"","meta":{"footnotes":""},"class_list":["post-415","page","type-page","status-publish","hentry"],"_links":{"self":[{"href":"https:\/\/departamento.us.es\/ielectrica\/wp-json\/wp\/v2\/pages\/415","targetHints":{"allow":["GET"]}}],"collection":[{"href":"https:\/\/departamento.us.es\/ielectrica\/wp-json\/wp\/v2\/pages"}],"about":[{"href":"https:\/\/departamento.us.es\/ielectrica\/wp-json\/wp\/v2\/types\/page"}],"author":[{"embeddable":true,"href":"https:\/\/departamento.us.es\/ielectrica\/wp-json\/wp\/v2\/users\/1"}],"replies":[{"embeddable":true,"href":"https:\/\/departamento.us.es\/ielectrica\/wp-json\/wp\/v2\/comments?post=415"}],"version-history":[{"count":5,"href":"https:\/\/departamento.us.es\/ielectrica\/wp-json\/wp\/v2\/pages\/415\/revisions"}],"predecessor-version":[{"id":4252,"href":"https:\/\/departamento.us.es\/ielectrica\/wp-json\/wp\/v2\/pages\/415\/revisions\/4252"}],"wp:attachment":[{"href":"https:\/\/departamento.us.es\/ielectrica\/wp-json\/wp\/v2\/media?parent=415"}],"curies":[{"name":"wp","href":"https:\/\/api.w.org\/{rel}","templated":true}]}}