{"id":417,"date":"2018-01-24T12:57:03","date_gmt":"2018-01-24T12:57:03","guid":{"rendered":"http:\/\/departamento.us.es\/ielectrica\/?page_id=417"},"modified":"2021-09-14T08:57:10","modified_gmt":"2021-09-14T08:57:10","slug":"master-ii","status":"publish","type":"page","link":"https:\/\/departamento.us.es\/ielectrica\/master-ii\/","title":{"rendered":"M\u00e1ster Universitario Ingenier\u00eda Industrial"},"content":{"rendered":"<p style=\"text-align: justify;\">La legislaci\u00f3n vigente considera la profesi\u00f3n de Ingeniero Industrial una profesi\u00f3n regulada cuyo ejercicio requiere estar en posesi\u00f3n del correspondiente t\u00edtulo oficial de M\u00e1ster. El t\u00edtulo de M\u00e1ster en Ingenier\u00eda Industrial incluye todas las competencias necesarias para adquirir las atribuciones profesionales de la profesi\u00f3n regulada de Ingeniero Industrial, cumpliendo todos los preceptos de la Orden Ministerial CIN\/311\/2009 (BOE del 18 de febrero de 2009) por la que se establecen los requisitos para la verificaci\u00f3n de los t\u00edtulos universitarios oficiales que habiliten para el ejercicio de la profesi\u00f3n de Ingeniero Industrial, atribuciones que se recogen en el Decreto de 18 de septiembre de 1935, publicado en la Gaceta de Madrid de 20 de septiembre de 1935.<\/p>\n<p style=\"text-align: justify;\">El m\u00e1ster proporciona al alumnado una s\u00f3lida formaci\u00f3n cient\u00edfica, as\u00ed como una amplia variedad de conocimientos en diversas tecnolog\u00edas industriales (mec\u00e1nica, electricidad, electr\u00f3nica, autom\u00e1tica, materiales, construcciones industriales, proyectos, producci\u00f3n, qu\u00edmica y medio ambiente, energ\u00eda, y organizaci\u00f3n industrial), que lo forja como profesional multidisciplinar capaz de desarrollar su labor profesional en industrias, empresas u organismos p\u00fablicos, as\u00ed como para el ejercicio libre de la profesi\u00f3n.<\/p>\n<p style=\"text-align: justify;\">El plan de estudios consta de 120 cr\u00e9ditos, independientemente del perfil de ingreso del alumno y sin perjuicio de que se puedan requerir complementos de formaci\u00f3n adicionales a determinados alumnos procedentes de titulaciones sin acceso al m\u00e1ster. De los 120 cr\u00e9ditos, 90 cr\u00e9ditos son comunes y 30 optativos. Los alumnos procedentes del Grado en Ingenier\u00eda en Tecnolog\u00edas Industriales podr\u00e1n cursar un bloque de especializaci\u00f3n en la optatividad, mientras que los procedentes del resto de Grados de \u00e1mbito Industrial deber\u00e1n cursar materias de Ciencias B\u00e1sicas e Ingenier\u00eda a costa de una menor optatividad. En cualquier caso, el alumno podr\u00e1 completar los cr\u00e9ditos optativos con materias de formaci\u00f3n en competencias transversales, competencias espec\u00edficas del ejercicio de la profesi\u00f3n, o pr\u00e1cticas en empresas.<\/p>\n<p>Encontrar\u00e1 m\u00e1s informaci\u00f3n del m\u00e1ster explorando la p\u00e1gina institucional de la US o accediendo a la <a href=\"http:\/\/www.etsi.us.es\/master\/mii\">p\u00e1gina web de la ETSI<\/a>.<\/p>\n<p>Las asignaturas que imparte el Departamento de Ingenier\u00eda El\u00e9ctrica en el M\u00e1ster de Ingenier\u00eda Industrial son las siguientes:<\/p>\n<table style=\"width: 526.967px;\">\n<tbody>\n<tr>\n<td style=\"width: 48px;\"><strong>Curso<\/strong><\/td>\n<td style=\"text-align: left; width: 461.967px;\"><strong>Asignatura<\/strong><\/td>\n<\/tr>\n<tr>\n<td style=\"width: 48px;\">2<\/td>\n<td style=\"text-align: left; width: 461.967px;\"><span style=\"color: #3366ff;\"><a style=\"color: #3366ff;\" href=\"https:\/\/www.us.es\/estudiar\/que-estudiar\/oferta-de-masteres\/master-universitario-en-ingenieria-industrial\/51460048\" target=\"_blank\" rel=\"noopener noreferrer\">An\u00e1lisis Transitorio y Din\u00e1mico de Sistemas El\u00e9ctricos<\/a><\/span><\/td>\n<\/tr>\n<tr>\n<td style=\"width: 48px;\">1<\/td>\n<td style=\"text-align: left; width: 461.967px;\"><span style=\"color: #3366ff;\"><a style=\"color: #3366ff;\" href=\"https:\/\/www.us.es\/estudiar\/que-estudiar\/oferta-de-masteres\/master-universitario-en-ingenieria-industrial\/51460004\" target=\"_blank\" rel=\"noopener noreferrer\">Complementos de Tecnolog\u00eda El\u00e9ctrica<\/a><\/span><\/td>\n<\/tr>\n<tr>\n<td style=\"width: 48px;\">2<\/td>\n<td style=\"text-align: left; width: 461.967px;\"><span style=\"color: #3366ff;\"><a style=\"color: #3366ff;\" href=\"https:\/\/www.us.es\/estudiar\/que-estudiar\/oferta-de-masteres\/master-universitario-en-ingenieria-industrial\/51460061\" target=\"_blank\" rel=\"noopener noreferrer\">Generaci\u00f3n El\u00e9ctrica Renovable<\/a><\/span><\/td>\n<\/tr>\n<tr>\n<td style=\"width: 48px;\">2<\/td>\n<td style=\"text-align: left; width: 461.967px;\"><span style=\"color: #3366ff;\"><a style=\"color: #3366ff;\" href=\"https:\/\/www.us.es\/estudiar\/que-estudiar\/oferta-de-masteres\/master-universitario-en-ingenieria-industrial\/51460073\" target=\"_blank\" rel=\"noopener noreferrer\">Operaci\u00f3n y Control de Sistemas El\u00e9ctricos<\/a><\/span><\/td>\n<\/tr>\n<tr>\n<td style=\"width: 48px;\">2<\/td>\n<td style=\"text-align: left; width: 461.967px;\"><span style=\"color: #3366ff;\"><a style=\"color: #3366ff;\" href=\"https:\/\/www.us.es\/estudiar\/que-estudiar\/oferta-de-masteres\/master-universitario-en-ingenieria-industrial\/51460074\" target=\"_blank\" rel=\"noopener noreferrer\">Programaci\u00f3n de la Generaci\u00f3n y Mercados de Energ\u00eda El\u00e9ctrica<\/a><\/span><\/td>\n<\/tr>\n<tr>\n<td style=\"width: 48px;\">2<\/td>\n<td style=\"text-align: left; width: 461.967px;\"><span style=\"color: #3366ff;\"><a style=\"color: #3366ff;\" href=\"https:\/\/www.us.es\/estudiar\/que-estudiar\/oferta-de-masteres\/master-universitario-en-ingenieria-industrial\/51460076\" target=\"_blank\" rel=\"noopener noreferrer\">Redes Activas de Distribuci\u00f3n y Gesti\u00f3n de la Demanda<\/a><\/span><\/td>\n<\/tr>\n<tr>\n<td style=\"width: 48px;\">1<\/td>\n<td style=\"text-align: left; width: 461.967px;\"><span style=\"color: #3366ff;\"><a style=\"color: #3366ff;\" href=\"https:\/\/www.us.es\/estudiar\/que-estudiar\/oferta-de-masteres\/master-universitario-en-ingenieria-industrial\/51460016\" target=\"_blank\" rel=\"noopener noreferrer\">Sistemas de Energ\u00eda El\u00e9ctrica<\/a><\/span><\/td>\n<\/tr>\n<tr>\n<td style=\"width: 48px;\">1<\/td>\n<td style=\"text-align: left; width: 461.967px;\"><span style=\"color: #3366ff;\"><a style=\"color: #3366ff;\" href=\"https:\/\/www.us.es\/estudiar\/que-estudiar\/oferta-de-masteres\/master-universitario-en-ingenieria-industrial\/51460042\" target=\"_blank\" rel=\"noopener noreferrer\">Sistemas de Energ\u00eda El\u00e9ctrica II<\/a><\/span><\/td>\n<\/tr>\n<tr>\n<td style=\"width: 48px;\">2<\/td>\n<td style=\"text-align: left; width: 461.967px;\"><span style=\"color: #3366ff;\"><a style=\"color: #3366ff;\" href=\"https:\/\/www.us.es\/estudiar\/que-estudiar\/oferta-de-masteres\/master-universitario-en-ingenieria-industrial\/51460105\" target=\"_blank\" rel=\"noopener noreferrer\">Transitorios en M\u00e1quinas y Accionamientos El\u00e9ctricos<\/a><\/span><\/td>\n<\/tr>\n<\/tbody>\n<\/table>\n<p>&nbsp;<\/p>\n","protected":false},"excerpt":{"rendered":"<p>La legislaci\u00f3n vigente considera la profesi\u00f3n de Ingeniero Industrial una profesi\u00f3n regulada cuyo ejercicio requiere estar en posesi\u00f3n del correspondiente t\u00edtulo oficial de M\u00e1ster. El t\u00edtulo de M\u00e1ster en Ingenier\u00eda Industrial incluye todas las competencias necesarias para adquirir las atribuciones <a href=\"https:\/\/departamento.us.es\/ielectrica\/master-ii\/\" class=\"read-more\">Leer m\u00e1s&#8230;<\/a><\/p>\n","protected":false},"author":1,"featured_media":0,"parent":0,"menu_order":0,"comment_status":"closed","ping_status":"closed","template":"","meta":{"footnotes":""},"class_list":["post-417","page","type-page","status-publish","hentry"],"_links":{"self":[{"href":"https:\/\/departamento.us.es\/ielectrica\/wp-json\/wp\/v2\/pages\/417","targetHints":{"allow":["GET"]}}],"collection":[{"href":"https:\/\/departamento.us.es\/ielectrica\/wp-json\/wp\/v2\/pages"}],"about":[{"href":"https:\/\/departamento.us.es\/ielectrica\/wp-json\/wp\/v2\/types\/page"}],"author":[{"embeddable":true,"href":"https:\/\/departamento.us.es\/ielectrica\/wp-json\/wp\/v2\/users\/1"}],"replies":[{"embeddable":true,"href":"https:\/\/departamento.us.es\/ielectrica\/wp-json\/wp\/v2\/comments?post=417"}],"version-history":[{"count":0,"href":"https:\/\/departamento.us.es\/ielectrica\/wp-json\/wp\/v2\/pages\/417\/revisions"}],"wp:attachment":[{"href":"https:\/\/departamento.us.es\/ielectrica\/wp-json\/wp\/v2\/media?parent=417"}],"curies":[{"name":"wp","href":"https:\/\/api.w.org\/{rel}","templated":true}]}}