{"id":46,"date":"2017-10-20T09:12:00","date_gmt":"2017-10-20T09:12:00","guid":{"rendered":"http:\/\/departamento.us.es\/ielectrica\/?page_id=46"},"modified":"2018-03-20T07:17:50","modified_gmt":"2018-03-20T07:17:50","slug":"personal","status":"publish","type":"page","link":"https:\/\/departamento.us.es\/ielectrica\/personal\/","title":{"rendered":"Personal"},"content":{"rendered":"<p><span style=\"color: #000000; font-size: 14pt;\">El Departamento de Ingenier\u00eda El\u00e9ctrica de la universidad de Sevilla est\u00e1 formado por:<\/span><\/p>\n<ul>\n<li><span style=\"color: #000000; font-size: 14pt;\">Personal docente e investigador.<\/span><\/li>\n<li><span style=\"color: #000000; font-size: 14pt;\">Personal de administraci\u00f3n y de laboratorio.<\/span><\/li>\n<li><span style=\"color: #000000; font-size: 14pt;\">Personal Contratado.<\/span><\/li>\n<li><span style=\"color: #000000; font-size: 14pt;\">Becarios.<\/span><\/li>\n<\/ul>\n","protected":false},"excerpt":{"rendered":"<p>El Departamento de Ingenier\u00eda El\u00e9ctrica de la universidad de Sevilla est\u00e1 formado por: Personal docente e investigador. Personal de administraci\u00f3n y de laboratorio. Personal Contratado. Becarios.<\/p>\n","protected":false},"author":1,"featured_media":0,"parent":0,"menu_order":0,"comment_status":"closed","ping_status":"closed","template":"","meta":{"footnotes":""},"class_list":["post-46","page","type-page","status-publish","hentry"],"_links":{"self":[{"href":"https:\/\/departamento.us.es\/ielectrica\/wp-json\/wp\/v2\/pages\/46","targetHints":{"allow":["GET"]}}],"collection":[{"href":"https:\/\/departamento.us.es\/ielectrica\/wp-json\/wp\/v2\/pages"}],"about":[{"href":"https:\/\/departamento.us.es\/ielectrica\/wp-json\/wp\/v2\/types\/page"}],"author":[{"embeddable":true,"href":"https:\/\/departamento.us.es\/ielectrica\/wp-json\/wp\/v2\/users\/1"}],"replies":[{"embeddable":true,"href":"https:\/\/departamento.us.es\/ielectrica\/wp-json\/wp\/v2\/comments?post=46"}],"version-history":[{"count":0,"href":"https:\/\/departamento.us.es\/ielectrica\/wp-json\/wp\/v2\/pages\/46\/revisions"}],"wp:attachment":[{"href":"https:\/\/departamento.us.es\/ielectrica\/wp-json\/wp\/v2\/media?parent=46"}],"curies":[{"name":"wp","href":"https:\/\/api.w.org\/{rel}","templated":true}]}}