{"id":48,"date":"2017-10-20T09:12:18","date_gmt":"2017-10-20T09:12:18","guid":{"rendered":"http:\/\/departamento.us.es\/ielectrica\/?page_id=48"},"modified":"2018-03-20T07:29:52","modified_gmt":"2018-03-20T07:29:52","slug":"personal-docente","status":"publish","type":"page","link":"https:\/\/departamento.us.es\/ielectrica\/personal-docente\/","title":{"rendered":"Personal Docente"},"content":{"rendered":"<p>&nbsp;<\/p>\n<ul style=\"list-style-type: disc;\">\n<li><span style=\"color: #3366ff;\"><a style=\"color: #3366ff;\" href=\"http:\/\/departamento.us.es\/ielectrica\/centro-etsi\/\" target=\"_blank\" rel=\"noopener\"><span style=\"font-size: 14pt;\">Personal Docente adscrito a la Escuela T\u00e9cnica Superior de Ingenier\u00eda.<\/span><\/a><\/span><\/li>\n<li><span style=\"color: #0000ff;\"><a style=\"color: #0000ff;\" href=\"http:\/\/departamento.us.es\/ielectrica\/centro-eps\/\" target=\"_blank\" rel=\"noopener\"><span style=\"font-size: 14pt;\"><span style=\"color: #3366ff;\">Personal Docente adscrito a la Escuela Polit\u00e9cnica Superior.<\/span><\/span><\/a><\/span><\/li>\n<\/ul>\n","protected":false},"excerpt":{"rendered":"<p>&nbsp; Personal Docente adscrito a la Escuela T\u00e9cnica Superior de Ingenier\u00eda. Personal Docente adscrito a la Escuela Polit\u00e9cnica Superior.<\/p>\n","protected":false},"author":1,"featured_media":0,"parent":0,"menu_order":0,"comment_status":"closed","ping_status":"closed","template":"","meta":{"footnotes":""},"class_list":["post-48","page","type-page","status-publish","hentry"],"_links":{"self":[{"href":"https:\/\/departamento.us.es\/ielectrica\/wp-json\/wp\/v2\/pages\/48","targetHints":{"allow":["GET"]}}],"collection":[{"href":"https:\/\/departamento.us.es\/ielectrica\/wp-json\/wp\/v2\/pages"}],"about":[{"href":"https:\/\/departamento.us.es\/ielectrica\/wp-json\/wp\/v2\/types\/page"}],"author":[{"embeddable":true,"href":"https:\/\/departamento.us.es\/ielectrica\/wp-json\/wp\/v2\/users\/1"}],"replies":[{"embeddable":true,"href":"https:\/\/departamento.us.es\/ielectrica\/wp-json\/wp\/v2\/comments?post=48"}],"version-history":[{"count":0,"href":"https:\/\/departamento.us.es\/ielectrica\/wp-json\/wp\/v2\/pages\/48\/revisions"}],"wp:attachment":[{"href":"https:\/\/departamento.us.es\/ielectrica\/wp-json\/wp\/v2\/media?parent=48"}],"curies":[{"name":"wp","href":"https:\/\/api.w.org\/{rel}","templated":true}]}}